{"id":33445,"date":"2025-05-25T17:08:58","date_gmt":"2025-05-25T13:08:58","guid":{"rendered":"https:\/\/airsystems.ge\/shop\/product\/dual-discharge-industrial-unit-cooler-od-bd-dual-discharge-co2-and-brine-unit-coolers\/"},"modified":"2025-05-25T17:11:01","modified_gmt":"2025-05-25T13:11:01","slug":"dual-discharge-industrial-unit-cooler-od-bd-dual-discharge-co2-and-brine-unit-coolers","status":"publish","type":"product","link":"https:\/\/geoclimate.ge\/fr\/produit\/dual-discharge-industrial-unit-cooler-od-bd-dual-discharge-co2-and-brine-unit-coolers\/","title":{"rendered":"\u00c9vaporateur industriel \u00e0 double flux OD\/BD\u00a0: \u00c9vaporateurs \u00e0 double flux CO2 et saumure"},"content":{"rendered":"","protected":false},"excerpt":{"rendered":"<p>Puissance frigorifique de 2 kW \u00e0 160 kW<\/p>\n<p>Les \u00e9vaporateurs double flux OD\/BD d&rsquo;ENEX sont id\u00e9aux pour les chambres froides de moyenne et grande taille n\u00e9cessitant des applications de refroidissement ou de cong\u00e9lation. Ils sont sp\u00e9cialement con\u00e7us pour les zones de travail (salles de pr\u00e9paration des aliments, couloirs) et les produits thermosensibles (viande, poisson, fruits, etc.) o\u00f9 un flux d&rsquo;air indirect est privil\u00e9gi\u00e9. Ils peuvent \u00eatre utilis\u00e9s avec un syst\u00e8me \u00e0 d\u00e9tente directe R744 hautement durable ou une boucle de saumure.<\/p>\n<p>Caract\u00e9ristiques<\/p>\n<p>Batterie \u00e0 ailettes\u00a0: Construite avec des tubes en cuivre rainur\u00e9s (\u00d8 3\/8&Prime;) et des ailettes en aluminium ondul\u00e9, fabriqu\u00e9es selon les sp\u00e9cifications CUPROCLIMA\u00ae<br \/>\nVentilateurs\u00a0: \u00c9quip\u00e9s de s\u00e9rie de moteurs AC.<br \/>\nMoteurs axiaux monophas\u00e9s (230\u00a0V I 50\/60\u00a0Hz)<br \/>\nConforme \u00e0 la directive ErP \u00d8 500, 630\u00a0mm<br \/>\nCarrosserie\u00a0: Aluminium pr\u00e9laqu\u00e9, pour une protection \u00e9lev\u00e9e contre la corrosion, m\u00eame dans des conditions environnementales extr\u00eames. Carrosserie conforme aux normes d\u2019hygi\u00e8ne alimentaire les plus strictes<br \/>\nPression de conception\u00a0: PS = 60-80\u00a0bars PT = 86-115\u00a0bars<\/p>\n","protected":false},"featured_media":33439,"template":"","meta":[],"product_brand":[],"product_cat":[682,1642],"product_tag":[],"class_list":{"0":"post-33445","1":"product","2":"type-product","3":"status-publish","4":"has-post-thumbnail","6":"product_cat-climatiseurs-fr-industriels","7":"product_cat-evaporateur","9":"first","10":"instock","11":"shipping-taxable","12":"product-type-simple"},"yoast_head":"<!-- This site is optimized with the Yoast SEO plugin v27.1.1 - https:\/\/yoast.com\/product\/yoast-seo-wordpress\/ -->\n<title>\u00c9vaporateur industriel \u00e0 double flux OD\/BD\u00a0: \u00c9vaporateurs \u00e0 double flux CO2 et saumure - GeoClimate.ge<\/title>\n<meta name=\"robots\" content=\"index, follow, max-snippet:-1, max-image-preview:large, max-video-preview:-1\" \/>\n<link rel=\"canonical\" href=\"https:\/\/geoclimate.ge\/fr\/produit\/dual-discharge-industrial-unit-cooler-od-bd-dual-discharge-co2-and-brine-unit-coolers\/\" \/>\n<meta property=\"og:locale\" content=\"fr_FR\" \/>\n<meta property=\"og:type\" content=\"article\" \/>\n<meta property=\"og:title\" content=\"\u00c9vaporateur industriel \u00e0 double flux OD\/BD\u00a0: \u00c9vaporateurs \u00e0 double flux CO2 et saumure - GeoClimate.ge\" \/>\n<meta property=\"og:description\" content=\"Puissance frigorifique de 2 kW \u00e0 160 kW  Les \u00e9vaporateurs double flux OD\/BD d&#039;ENEX sont id\u00e9aux pour les chambres froides de moyenne et grande taille n\u00e9cessitant des applications de refroidissement ou de cong\u00e9lation. Ils sont sp\u00e9cialement con\u00e7us pour les zones de travail (salles de pr\u00e9paration des aliments, couloirs) et les produits thermosensibles (viande, poisson, fruits, etc.) o\u00f9 un flux d&#039;air indirect est privil\u00e9gi\u00e9. Ils peuvent \u00eatre utilis\u00e9s avec un syst\u00e8me \u00e0 d\u00e9tente directe R744 hautement durable ou une boucle de saumure.  Caract\u00e9ristiques  Batterie \u00e0 ailettes\u00a0: Construite avec des tubes en cuivre rainur\u00e9s (\u00d8 3\/8&quot;) et des ailettes en aluminium ondul\u00e9, fabriqu\u00e9es selon les sp\u00e9cifications CUPROCLIMA\u00ae Ventilateurs\u00a0: \u00c9quip\u00e9s de s\u00e9rie de moteurs AC. Moteurs axiaux monophas\u00e9s (230\u00a0V I 50\/60\u00a0Hz) Conforme \u00e0 la directive ErP \u00d8 500, 630\u00a0mm Carrosserie\u00a0: Aluminium pr\u00e9laqu\u00e9, pour une protection \u00e9lev\u00e9e contre la corrosion, m\u00eame dans des conditions environnementales extr\u00eames. Carrosserie conforme aux normes d\u2019hygi\u00e8ne alimentaire les plus strictes Pression de conception\u00a0: PS = 60-80\u00a0bars PT = 86-115\u00a0bars\" \/>\n<meta property=\"og:url\" content=\"https:\/\/geoclimate.ge\/fr\/produit\/dual-discharge-industrial-unit-cooler-od-bd-dual-discharge-co2-and-brine-unit-coolers\/\" \/>\n<meta property=\"og:site_name\" content=\"GeoClimate.ge\" \/>\n<meta property=\"article:modified_time\" content=\"2025-05-25T13:11:01+00:00\" \/>\n<meta property=\"og:image\" content=\"https:\/\/geoclimate.ge\/wp-content\/uploads\/2025\/05\/DUAL-DISCHARGE-INDUSTRIAL-UNIT-COOLER-scaled.png\" \/>\n\t<meta property=\"og:image:width\" content=\"2560\" \/>\n\t<meta property=\"og:image:height\" content=\"1706\" \/>\n\t<meta property=\"og:image:type\" content=\"image\/png\" \/>\n<meta name=\"twitter:card\" content=\"summary_large_image\" \/>\n<script type=\"application\/ld+json\" class=\"yoast-schema-graph\">{\"@context\":\"https:\/\/schema.org\",\"@graph\":[{\"@type\":\"WebPage\",\"@id\":\"https:\/\/geoclimate.ge\/fr\/produit\/dual-discharge-industrial-unit-cooler-od-bd-dual-discharge-co2-and-brine-unit-coolers\/\",\"url\":\"https:\/\/geoclimate.ge\/fr\/produit\/dual-discharge-industrial-unit-cooler-od-bd-dual-discharge-co2-and-brine-unit-coolers\/\",\"name\":\"\u00c9vaporateur industriel \u00e0 double flux OD\/BD\u00a0: \u00c9vaporateurs \u00e0 double flux CO2 et saumure - GeoClimate.ge\",\"isPartOf\":{\"@id\":\"https:\/\/geoclimate.ge\/#website\"},\"primaryImageOfPage\":{\"@id\":\"https:\/\/geoclimate.ge\/fr\/produit\/dual-discharge-industrial-unit-cooler-od-bd-dual-discharge-co2-and-brine-unit-coolers\/#primaryimage\"},\"image\":{\"@id\":\"https:\/\/geoclimate.ge\/fr\/produit\/dual-discharge-industrial-unit-cooler-od-bd-dual-discharge-co2-and-brine-unit-coolers\/#primaryimage\"},\"thumbnailUrl\":\"https:\/\/geoclimate.ge\/wp-content\/uploads\/2025\/05\/DUAL-DISCHARGE-INDUSTRIAL-UNIT-COOLER-scaled.png\",\"datePublished\":\"2025-05-25T13:08:58+00:00\",\"dateModified\":\"2025-05-25T13:11:01+00:00\",\"breadcrumb\":{\"@id\":\"https:\/\/geoclimate.ge\/fr\/produit\/dual-discharge-industrial-unit-cooler-od-bd-dual-discharge-co2-and-brine-unit-coolers\/#breadcrumb\"},\"inLanguage\":\"fr-FR\",\"potentialAction\":[{\"@type\":\"ReadAction\",\"target\":[\"https:\/\/geoclimate.ge\/fr\/produit\/dual-discharge-industrial-unit-cooler-od-bd-dual-discharge-co2-and-brine-unit-coolers\/\"]}]},{\"@type\":\"ImageObject\",\"inLanguage\":\"fr-FR\",\"@id\":\"https:\/\/geoclimate.ge\/fr\/produit\/dual-discharge-industrial-unit-cooler-od-bd-dual-discharge-co2-and-brine-unit-coolers\/#primaryimage\",\"url\":\"https:\/\/geoclimate.ge\/wp-content\/uploads\/2025\/05\/DUAL-DISCHARGE-INDUSTRIAL-UNIT-COOLER-scaled.png\",\"contentUrl\":\"https:\/\/geoclimate.ge\/wp-content\/uploads\/2025\/05\/DUAL-DISCHARGE-INDUSTRIAL-UNIT-COOLER-scaled.png\",\"width\":2560,\"height\":1706},{\"@type\":\"BreadcrumbList\",\"@id\":\"https:\/\/geoclimate.ge\/fr\/produit\/dual-discharge-industrial-unit-cooler-od-bd-dual-discharge-co2-and-brine-unit-coolers\/#breadcrumb\",\"itemListElement\":[{\"@type\":\"ListItem\",\"position\":1,\"name\":\"Home\",\"item\":\"https:\/\/geoclimate.ge\/fr\/\"},{\"@type\":\"ListItem\",\"position\":2,\"name\":\"Products\",\"item\":\"https:\/\/geoclimate.ge\/fr\/products\/\"},{\"@type\":\"ListItem\",\"position\":3,\"name\":\"\u00c9vaporateur industriel \u00e0 double flux OD\/BD\u00a0: \u00c9vaporateurs \u00e0 double flux CO2 et saumure\"}]},{\"@type\":\"WebSite\",\"@id\":\"https:\/\/geoclimate.ge\/#website\",\"url\":\"https:\/\/geoclimate.ge\/\",\"name\":\"GeoClimate\",\"description\":\"\",\"publisher\":{\"@id\":\"https:\/\/geoclimate.ge\/#organization\"},\"potentialAction\":[{\"@type\":\"SearchAction\",\"target\":{\"@type\":\"EntryPoint\",\"urlTemplate\":\"https:\/\/geoclimate.ge\/?s={search_term_string}\"},\"query-input\":{\"@type\":\"PropertyValueSpecification\",\"valueRequired\":true,\"valueName\":\"search_term_string\"}}],\"inLanguage\":\"fr-FR\"},{\"@type\":\"Organization\",\"@id\":\"https:\/\/geoclimate.ge\/#organization\",\"name\":\"GeoClimate\",\"url\":\"https:\/\/geoclimate.ge\/\",\"logo\":{\"@type\":\"ImageObject\",\"inLanguage\":\"fr-FR\",\"@id\":\"https:\/\/geoclimate.ge\/#\/schema\/logo\/image\/\",\"url\":\"https:\/\/geoclimate.ge\/wp-content\/uploads\/2026\/03\/geoclimate-SEO.png\",\"contentUrl\":\"https:\/\/geoclimate.ge\/wp-content\/uploads\/2026\/03\/geoclimate-SEO.png\",\"width\":1536,\"height\":1024,\"caption\":\"GeoClimate\"},\"image\":{\"@id\":\"https:\/\/geoclimate.ge\/#\/schema\/logo\/image\/\"}}]}<\/script>\n<!-- \/ Yoast SEO plugin. -->","yoast_head_json":{"title":"\u00c9vaporateur industriel \u00e0 double flux OD\/BD\u00a0: \u00c9vaporateurs \u00e0 double flux CO2 et saumure - GeoClimate.ge","robots":{"index":"index","follow":"follow","max-snippet":"max-snippet:-1","max-image-preview":"max-image-preview:large","max-video-preview":"max-video-preview:-1"},"canonical":"https:\/\/geoclimate.ge\/fr\/produit\/dual-discharge-industrial-unit-cooler-od-bd-dual-discharge-co2-and-brine-unit-coolers\/","og_locale":"fr_FR","og_type":"article","og_title":"\u00c9vaporateur industriel \u00e0 double flux OD\/BD\u00a0: \u00c9vaporateurs \u00e0 double flux CO2 et saumure - GeoClimate.ge","og_description":"Puissance frigorifique de 2 kW \u00e0 160 kW  Les \u00e9vaporateurs double flux OD\/BD d'ENEX sont id\u00e9aux pour les chambres froides de moyenne et grande taille n\u00e9cessitant des applications de refroidissement ou de cong\u00e9lation. Ils sont sp\u00e9cialement con\u00e7us pour les zones de travail (salles de pr\u00e9paration des aliments, couloirs) et les produits thermosensibles (viande, poisson, fruits, etc.) o\u00f9 un flux d'air indirect est privil\u00e9gi\u00e9. Ils peuvent \u00eatre utilis\u00e9s avec un syst\u00e8me \u00e0 d\u00e9tente directe R744 hautement durable ou une boucle de saumure.  Caract\u00e9ristiques  Batterie \u00e0 ailettes\u00a0: Construite avec des tubes en cuivre rainur\u00e9s (\u00d8 3\/8\") et des ailettes en aluminium ondul\u00e9, fabriqu\u00e9es selon les sp\u00e9cifications CUPROCLIMA\u00ae Ventilateurs\u00a0: \u00c9quip\u00e9s de s\u00e9rie de moteurs AC. Moteurs axiaux monophas\u00e9s (230\u00a0V I 50\/60\u00a0Hz) Conforme \u00e0 la directive ErP \u00d8 500, 630\u00a0mm Carrosserie\u00a0: Aluminium pr\u00e9laqu\u00e9, pour une protection \u00e9lev\u00e9e contre la corrosion, m\u00eame dans des conditions environnementales extr\u00eames. Carrosserie conforme aux normes d\u2019hygi\u00e8ne alimentaire les plus strictes Pression de conception\u00a0: PS = 60-80\u00a0bars PT = 86-115\u00a0bars","og_url":"https:\/\/geoclimate.ge\/fr\/produit\/dual-discharge-industrial-unit-cooler-od-bd-dual-discharge-co2-and-brine-unit-coolers\/","og_site_name":"GeoClimate.ge","article_modified_time":"2025-05-25T13:11:01+00:00","og_image":[{"width":2560,"height":1706,"url":"https:\/\/geoclimate.ge\/wp-content\/uploads\/2025\/05\/DUAL-DISCHARGE-INDUSTRIAL-UNIT-COOLER-scaled.png","type":"image\/png"}],"twitter_card":"summary_large_image","schema":{"@context":"https:\/\/schema.org","@graph":[{"@type":"WebPage","@id":"https:\/\/geoclimate.ge\/fr\/produit\/dual-discharge-industrial-unit-cooler-od-bd-dual-discharge-co2-and-brine-unit-coolers\/","url":"https:\/\/geoclimate.ge\/fr\/produit\/dual-discharge-industrial-unit-cooler-od-bd-dual-discharge-co2-and-brine-unit-coolers\/","name":"\u00c9vaporateur industriel \u00e0 double flux OD\/BD\u00a0: \u00c9vaporateurs \u00e0 double flux CO2 et saumure - GeoClimate.ge","isPartOf":{"@id":"https:\/\/geoclimate.ge\/#website"},"primaryImageOfPage":{"@id":"https:\/\/geoclimate.ge\/fr\/produit\/dual-discharge-industrial-unit-cooler-od-bd-dual-discharge-co2-and-brine-unit-coolers\/#primaryimage"},"image":{"@id":"https:\/\/geoclimate.ge\/fr\/produit\/dual-discharge-industrial-unit-cooler-od-bd-dual-discharge-co2-and-brine-unit-coolers\/#primaryimage"},"thumbnailUrl":"https:\/\/geoclimate.ge\/wp-content\/uploads\/2025\/05\/DUAL-DISCHARGE-INDUSTRIAL-UNIT-COOLER-scaled.png","datePublished":"2025-05-25T13:08:58+00:00","dateModified":"2025-05-25T13:11:01+00:00","breadcrumb":{"@id":"https:\/\/geoclimate.ge\/fr\/produit\/dual-discharge-industrial-unit-cooler-od-bd-dual-discharge-co2-and-brine-unit-coolers\/#breadcrumb"},"inLanguage":"fr-FR","potentialAction":[{"@type":"ReadAction","target":["https:\/\/geoclimate.ge\/fr\/produit\/dual-discharge-industrial-unit-cooler-od-bd-dual-discharge-co2-and-brine-unit-coolers\/"]}]},{"@type":"ImageObject","inLanguage":"fr-FR","@id":"https:\/\/geoclimate.ge\/fr\/produit\/dual-discharge-industrial-unit-cooler-od-bd-dual-discharge-co2-and-brine-unit-coolers\/#primaryimage","url":"https:\/\/geoclimate.ge\/wp-content\/uploads\/2025\/05\/DUAL-DISCHARGE-INDUSTRIAL-UNIT-COOLER-scaled.png","contentUrl":"https:\/\/geoclimate.ge\/wp-content\/uploads\/2025\/05\/DUAL-DISCHARGE-INDUSTRIAL-UNIT-COOLER-scaled.png","width":2560,"height":1706},{"@type":"BreadcrumbList","@id":"https:\/\/geoclimate.ge\/fr\/produit\/dual-discharge-industrial-unit-cooler-od-bd-dual-discharge-co2-and-brine-unit-coolers\/#breadcrumb","itemListElement":[{"@type":"ListItem","position":1,"name":"Home","item":"https:\/\/geoclimate.ge\/fr\/"},{"@type":"ListItem","position":2,"name":"Products","item":"https:\/\/geoclimate.ge\/fr\/products\/"},{"@type":"ListItem","position":3,"name":"\u00c9vaporateur industriel \u00e0 double flux OD\/BD\u00a0: \u00c9vaporateurs \u00e0 double flux CO2 et saumure"}]},{"@type":"WebSite","@id":"https:\/\/geoclimate.ge\/#website","url":"https:\/\/geoclimate.ge\/","name":"GeoClimate","description":"","publisher":{"@id":"https:\/\/geoclimate.ge\/#organization"},"potentialAction":[{"@type":"SearchAction","target":{"@type":"EntryPoint","urlTemplate":"https:\/\/geoclimate.ge\/?s={search_term_string}"},"query-input":{"@type":"PropertyValueSpecification","valueRequired":true,"valueName":"search_term_string"}}],"inLanguage":"fr-FR"},{"@type":"Organization","@id":"https:\/\/geoclimate.ge\/#organization","name":"GeoClimate","url":"https:\/\/geoclimate.ge\/","logo":{"@type":"ImageObject","inLanguage":"fr-FR","@id":"https:\/\/geoclimate.ge\/#\/schema\/logo\/image\/","url":"https:\/\/geoclimate.ge\/wp-content\/uploads\/2026\/03\/geoclimate-SEO.png","contentUrl":"https:\/\/geoclimate.ge\/wp-content\/uploads\/2026\/03\/geoclimate-SEO.png","width":1536,"height":1024,"caption":"GeoClimate"},"image":{"@id":"https:\/\/geoclimate.ge\/#\/schema\/logo\/image\/"}}]}},"_links":{"self":[{"href":"https:\/\/geoclimate.ge\/fr\/wp-json\/wp\/v2\/product\/33445","targetHints":{"allow":["GET"]}}],"collection":[{"href":"https:\/\/geoclimate.ge\/fr\/wp-json\/wp\/v2\/product"}],"about":[{"href":"https:\/\/geoclimate.ge\/fr\/wp-json\/wp\/v2\/types\/product"}],"wp:featuredmedia":[{"embeddable":true,"href":"https:\/\/geoclimate.ge\/fr\/wp-json\/wp\/v2\/media\/33439"}],"wp:attachment":[{"href":"https:\/\/geoclimate.ge\/fr\/wp-json\/wp\/v2\/media?parent=33445"}],"wp:term":[{"taxonomy":"product_brand","embeddable":true,"href":"https:\/\/geoclimate.ge\/fr\/wp-json\/wp\/v2\/product_brand?post=33445"},{"taxonomy":"product_cat","embeddable":true,"href":"https:\/\/geoclimate.ge\/fr\/wp-json\/wp\/v2\/product_cat?post=33445"},{"taxonomy":"product_tag","embeddable":true,"href":"https:\/\/geoclimate.ge\/fr\/wp-json\/wp\/v2\/product_tag?post=33445"}],"curies":[{"name":"wp","href":"https:\/\/api.w.org\/{rel}","templated":true}]}}