{"id":33460,"date":"2025-05-25T20:38:39","date_gmt":"2025-05-25T16:38:39","guid":{"rendered":"https:\/\/airsystems.ge\/shop\/product\/cascade-nh%e2%82%83-co%e2%82%82-units-compressor-brand-howden-bitzer-srm-tec-etc\/"},"modified":"2025-05-25T20:44:07","modified_gmt":"2025-05-25T16:44:07","slug":"cascade-nh%e2%82%83-co%e2%82%82-units-compressor-brand-howden-bitzer-srm-tec-etc","status":"publish","type":"product","link":"https:\/\/geoclimate.ge\/fr\/produit\/cascade-nh%e2%82%83-co%e2%82%82-units-compressor-brand-howden-bitzer-srm-tec-etc\/","title":{"rendered":"Groupes NH\u2083 \u2013 CO\u2082 en cascade Marques de compresseurs\u00a0: HOWDEN, BITZER, SRM Tec, etc."},"content":{"rendered":"","protected":false},"excerpt":{"rendered":"<p>Technologie\u00a0: Vis<\/p>\n<p>Fluides naturels\u00a0: ammoniac (GWP nul) et CO\u2082 (GWP \u00e9gal \u00e0 1).<\/p>\n<p>Puissance et vitesse adapt\u00e9es aux besoins du client<\/p>\n<p>Condensation par air ou par eau<\/p>\n<p>Deux \u00e9changeurs en cascade au choix<\/p>\n<p>Refroidisseur par pulv\u00e9risation<br \/>\nCascade cath\u00e9drale (bouteille de s\u00e9paration BP + ballon condenseur)<br \/>\nOptions\u00a0: r\u00e9cup\u00e9ration de chaleur \u00e0 la condensation, d\u00e9surchauffe et refroidissement de l&rsquo;huile.<\/p>\n","protected":false},"featured_media":33455,"template":"","meta":[],"product_brand":[],"product_cat":[682,1648],"product_tag":[],"class_list":{"0":"post-33460","1":"product","2":"type-product","3":"status-publish","4":"has-post-thumbnail","6":"product_cat-climatiseurs-fr-industriels","7":"product_cat-unite-de-refroidissement","9":"first","10":"instock","11":"shipping-taxable","12":"product-type-simple"},"yoast_head":"<!-- This site is optimized with the Yoast SEO plugin v27.1.1 - https:\/\/yoast.com\/product\/yoast-seo-wordpress\/ -->\n<title>Groupes NH\u2083 \u2013 CO\u2082 en cascade Marques de compresseurs\u00a0: HOWDEN, BITZER, SRM Tec, etc. - GeoClimate.ge<\/title>\n<meta name=\"robots\" content=\"index, follow, max-snippet:-1, max-image-preview:large, max-video-preview:-1\" \/>\n<link rel=\"canonical\" href=\"https:\/\/geoclimate.ge\/fr\/produit\/cascade-nh\u2083-co\u2082-units-compressor-brand-howden-bitzer-srm-tec-etc\/\" \/>\n<meta property=\"og:locale\" content=\"fr_FR\" \/>\n<meta property=\"og:type\" content=\"article\" \/>\n<meta property=\"og:title\" content=\"Groupes NH\u2083 \u2013 CO\u2082 en cascade Marques de compresseurs\u00a0: HOWDEN, BITZER, SRM Tec, etc. - GeoClimate.ge\" \/>\n<meta property=\"og:description\" content=\"Technologie\u00a0: Vis  Fluides naturels\u00a0: ammoniac (GWP nul) et CO\u2082 (GWP \u00e9gal \u00e0 1).  Puissance et vitesse adapt\u00e9es aux besoins du client  Condensation par air ou par eau  Deux \u00e9changeurs en cascade au choix  Refroidisseur par pulv\u00e9risation Cascade cath\u00e9drale (bouteille de s\u00e9paration BP + ballon condenseur) Options\u00a0: r\u00e9cup\u00e9ration de chaleur \u00e0 la condensation, d\u00e9surchauffe et refroidissement de l&#039;huile.\" \/>\n<meta property=\"og:url\" content=\"https:\/\/geoclimate.ge\/fr\/produit\/cascade-nh\u2083-co\u2082-units-compressor-brand-howden-bitzer-srm-tec-etc\/\" \/>\n<meta property=\"og:site_name\" content=\"GeoClimate.ge\" \/>\n<meta property=\"article:modified_time\" content=\"2025-05-25T16:44:07+00:00\" \/>\n<meta property=\"og:image\" content=\"https:\/\/geoclimate.ge\/wp-content\/uploads\/2025\/05\/Cascade-NH3-CO2-HD-qdd9ege0innni5smzy2bu67av331o63xibrds631tk.png\" \/>\n\t<meta property=\"og:image:width\" content=\"500\" \/>\n\t<meta property=\"og:image:height\" content=\"332\" \/>\n\t<meta property=\"og:image:type\" content=\"image\/png\" \/>\n<meta name=\"twitter:card\" content=\"summary_large_image\" \/>\n<script type=\"application\/ld+json\" class=\"yoast-schema-graph\">{\"@context\":\"https:\/\/schema.org\",\"@graph\":[{\"@type\":\"WebPage\",\"@id\":\"https:\/\/geoclimate.ge\/fr\/produit\/cascade-nh%e2%82%83-co%e2%82%82-units-compressor-brand-howden-bitzer-srm-tec-etc\/\",\"url\":\"https:\/\/geoclimate.ge\/fr\/produit\/cascade-nh%e2%82%83-co%e2%82%82-units-compressor-brand-howden-bitzer-srm-tec-etc\/\",\"name\":\"Groupes NH\u2083 \u2013 CO\u2082 en cascade Marques de compresseurs\u00a0: HOWDEN, BITZER, SRM Tec, etc. - GeoClimate.ge\",\"isPartOf\":{\"@id\":\"https:\/\/geoclimate.ge\/#website\"},\"primaryImageOfPage\":{\"@id\":\"https:\/\/geoclimate.ge\/fr\/produit\/cascade-nh%e2%82%83-co%e2%82%82-units-compressor-brand-howden-bitzer-srm-tec-etc\/#primaryimage\"},\"image\":{\"@id\":\"https:\/\/geoclimate.ge\/fr\/produit\/cascade-nh%e2%82%83-co%e2%82%82-units-compressor-brand-howden-bitzer-srm-tec-etc\/#primaryimage\"},\"thumbnailUrl\":\"https:\/\/geoclimate.ge\/wp-content\/uploads\/2025\/05\/Cascade-NH3-CO2-HD-qdd9ege0innni5smzy2bu67av331o63xibrds631tk.png\",\"datePublished\":\"2025-05-25T16:38:39+00:00\",\"dateModified\":\"2025-05-25T16:44:07+00:00\",\"breadcrumb\":{\"@id\":\"https:\/\/geoclimate.ge\/fr\/produit\/cascade-nh%e2%82%83-co%e2%82%82-units-compressor-brand-howden-bitzer-srm-tec-etc\/#breadcrumb\"},\"inLanguage\":\"fr-FR\",\"potentialAction\":[{\"@type\":\"ReadAction\",\"target\":[\"https:\/\/geoclimate.ge\/fr\/produit\/cascade-nh%e2%82%83-co%e2%82%82-units-compressor-brand-howden-bitzer-srm-tec-etc\/\"]}]},{\"@type\":\"ImageObject\",\"inLanguage\":\"fr-FR\",\"@id\":\"https:\/\/geoclimate.ge\/fr\/produit\/cascade-nh%e2%82%83-co%e2%82%82-units-compressor-brand-howden-bitzer-srm-tec-etc\/#primaryimage\",\"url\":\"https:\/\/geoclimate.ge\/wp-content\/uploads\/2025\/05\/Cascade-NH3-CO2-HD-qdd9ege0innni5smzy2bu67av331o63xibrds631tk.png\",\"contentUrl\":\"https:\/\/geoclimate.ge\/wp-content\/uploads\/2025\/05\/Cascade-NH3-CO2-HD-qdd9ege0innni5smzy2bu67av331o63xibrds631tk.png\",\"width\":500,\"height\":332},{\"@type\":\"BreadcrumbList\",\"@id\":\"https:\/\/geoclimate.ge\/fr\/produit\/cascade-nh%e2%82%83-co%e2%82%82-units-compressor-brand-howden-bitzer-srm-tec-etc\/#breadcrumb\",\"itemListElement\":[{\"@type\":\"ListItem\",\"position\":1,\"name\":\"Home\",\"item\":\"https:\/\/geoclimate.ge\/fr\/\"},{\"@type\":\"ListItem\",\"position\":2,\"name\":\"Products\",\"item\":\"https:\/\/geoclimate.ge\/fr\/products\/\"},{\"@type\":\"ListItem\",\"position\":3,\"name\":\"Groupes NH\u2083 \u2013 CO\u2082 en cascade Marques de compresseurs\u00a0: HOWDEN, BITZER, SRM Tec, etc.\"}]},{\"@type\":\"WebSite\",\"@id\":\"https:\/\/geoclimate.ge\/#website\",\"url\":\"https:\/\/geoclimate.ge\/\",\"name\":\"GeoClimate\",\"description\":\"\",\"publisher\":{\"@id\":\"https:\/\/geoclimate.ge\/#organization\"},\"potentialAction\":[{\"@type\":\"SearchAction\",\"target\":{\"@type\":\"EntryPoint\",\"urlTemplate\":\"https:\/\/geoclimate.ge\/?s={search_term_string}\"},\"query-input\":{\"@type\":\"PropertyValueSpecification\",\"valueRequired\":true,\"valueName\":\"search_term_string\"}}],\"inLanguage\":\"fr-FR\"},{\"@type\":\"Organization\",\"@id\":\"https:\/\/geoclimate.ge\/#organization\",\"name\":\"GeoClimate\",\"url\":\"https:\/\/geoclimate.ge\/\",\"logo\":{\"@type\":\"ImageObject\",\"inLanguage\":\"fr-FR\",\"@id\":\"https:\/\/geoclimate.ge\/#\/schema\/logo\/image\/\",\"url\":\"https:\/\/geoclimate.ge\/wp-content\/uploads\/2026\/03\/geoclimate-SEO.png\",\"contentUrl\":\"https:\/\/geoclimate.ge\/wp-content\/uploads\/2026\/03\/geoclimate-SEO.png\",\"width\":1536,\"height\":1024,\"caption\":\"GeoClimate\"},\"image\":{\"@id\":\"https:\/\/geoclimate.ge\/#\/schema\/logo\/image\/\"}}]}<\/script>\n<!-- \/ Yoast SEO plugin. -->","yoast_head_json":{"title":"Groupes NH\u2083 \u2013 CO\u2082 en cascade Marques de compresseurs\u00a0: HOWDEN, BITZER, SRM Tec, etc. - GeoClimate.ge","robots":{"index":"index","follow":"follow","max-snippet":"max-snippet:-1","max-image-preview":"max-image-preview:large","max-video-preview":"max-video-preview:-1"},"canonical":"https:\/\/geoclimate.ge\/fr\/produit\/cascade-nh\u2083-co\u2082-units-compressor-brand-howden-bitzer-srm-tec-etc\/","og_locale":"fr_FR","og_type":"article","og_title":"Groupes NH\u2083 \u2013 CO\u2082 en cascade Marques de compresseurs\u00a0: HOWDEN, BITZER, SRM Tec, etc. - GeoClimate.ge","og_description":"Technologie\u00a0: Vis  Fluides naturels\u00a0: ammoniac (GWP nul) et CO\u2082 (GWP \u00e9gal \u00e0 1).  Puissance et vitesse adapt\u00e9es aux besoins du client  Condensation par air ou par eau  Deux \u00e9changeurs en cascade au choix  Refroidisseur par pulv\u00e9risation Cascade cath\u00e9drale (bouteille de s\u00e9paration BP + ballon condenseur) Options\u00a0: r\u00e9cup\u00e9ration de chaleur \u00e0 la condensation, d\u00e9surchauffe et refroidissement de l'huile.","og_url":"https:\/\/geoclimate.ge\/fr\/produit\/cascade-nh\u2083-co\u2082-units-compressor-brand-howden-bitzer-srm-tec-etc\/","og_site_name":"GeoClimate.ge","article_modified_time":"2025-05-25T16:44:07+00:00","og_image":[{"width":500,"height":332,"url":"https:\/\/geoclimate.ge\/wp-content\/uploads\/2025\/05\/Cascade-NH3-CO2-HD-qdd9ege0innni5smzy2bu67av331o63xibrds631tk.png","type":"image\/png"}],"twitter_card":"summary_large_image","schema":{"@context":"https:\/\/schema.org","@graph":[{"@type":"WebPage","@id":"https:\/\/geoclimate.ge\/fr\/produit\/cascade-nh%e2%82%83-co%e2%82%82-units-compressor-brand-howden-bitzer-srm-tec-etc\/","url":"https:\/\/geoclimate.ge\/fr\/produit\/cascade-nh%e2%82%83-co%e2%82%82-units-compressor-brand-howden-bitzer-srm-tec-etc\/","name":"Groupes NH\u2083 \u2013 CO\u2082 en cascade Marques de compresseurs\u00a0: HOWDEN, BITZER, SRM Tec, etc. - GeoClimate.ge","isPartOf":{"@id":"https:\/\/geoclimate.ge\/#website"},"primaryImageOfPage":{"@id":"https:\/\/geoclimate.ge\/fr\/produit\/cascade-nh%e2%82%83-co%e2%82%82-units-compressor-brand-howden-bitzer-srm-tec-etc\/#primaryimage"},"image":{"@id":"https:\/\/geoclimate.ge\/fr\/produit\/cascade-nh%e2%82%83-co%e2%82%82-units-compressor-brand-howden-bitzer-srm-tec-etc\/#primaryimage"},"thumbnailUrl":"https:\/\/geoclimate.ge\/wp-content\/uploads\/2025\/05\/Cascade-NH3-CO2-HD-qdd9ege0innni5smzy2bu67av331o63xibrds631tk.png","datePublished":"2025-05-25T16:38:39+00:00","dateModified":"2025-05-25T16:44:07+00:00","breadcrumb":{"@id":"https:\/\/geoclimate.ge\/fr\/produit\/cascade-nh%e2%82%83-co%e2%82%82-units-compressor-brand-howden-bitzer-srm-tec-etc\/#breadcrumb"},"inLanguage":"fr-FR","potentialAction":[{"@type":"ReadAction","target":["https:\/\/geoclimate.ge\/fr\/produit\/cascade-nh%e2%82%83-co%e2%82%82-units-compressor-brand-howden-bitzer-srm-tec-etc\/"]}]},{"@type":"ImageObject","inLanguage":"fr-FR","@id":"https:\/\/geoclimate.ge\/fr\/produit\/cascade-nh%e2%82%83-co%e2%82%82-units-compressor-brand-howden-bitzer-srm-tec-etc\/#primaryimage","url":"https:\/\/geoclimate.ge\/wp-content\/uploads\/2025\/05\/Cascade-NH3-CO2-HD-qdd9ege0innni5smzy2bu67av331o63xibrds631tk.png","contentUrl":"https:\/\/geoclimate.ge\/wp-content\/uploads\/2025\/05\/Cascade-NH3-CO2-HD-qdd9ege0innni5smzy2bu67av331o63xibrds631tk.png","width":500,"height":332},{"@type":"BreadcrumbList","@id":"https:\/\/geoclimate.ge\/fr\/produit\/cascade-nh%e2%82%83-co%e2%82%82-units-compressor-brand-howden-bitzer-srm-tec-etc\/#breadcrumb","itemListElement":[{"@type":"ListItem","position":1,"name":"Home","item":"https:\/\/geoclimate.ge\/fr\/"},{"@type":"ListItem","position":2,"name":"Products","item":"https:\/\/geoclimate.ge\/fr\/products\/"},{"@type":"ListItem","position":3,"name":"Groupes NH\u2083 \u2013 CO\u2082 en cascade Marques de compresseurs\u00a0: HOWDEN, BITZER, SRM Tec, etc."}]},{"@type":"WebSite","@id":"https:\/\/geoclimate.ge\/#website","url":"https:\/\/geoclimate.ge\/","name":"GeoClimate","description":"","publisher":{"@id":"https:\/\/geoclimate.ge\/#organization"},"potentialAction":[{"@type":"SearchAction","target":{"@type":"EntryPoint","urlTemplate":"https:\/\/geoclimate.ge\/?s={search_term_string}"},"query-input":{"@type":"PropertyValueSpecification","valueRequired":true,"valueName":"search_term_string"}}],"inLanguage":"fr-FR"},{"@type":"Organization","@id":"https:\/\/geoclimate.ge\/#organization","name":"GeoClimate","url":"https:\/\/geoclimate.ge\/","logo":{"@type":"ImageObject","inLanguage":"fr-FR","@id":"https:\/\/geoclimate.ge\/#\/schema\/logo\/image\/","url":"https:\/\/geoclimate.ge\/wp-content\/uploads\/2026\/03\/geoclimate-SEO.png","contentUrl":"https:\/\/geoclimate.ge\/wp-content\/uploads\/2026\/03\/geoclimate-SEO.png","width":1536,"height":1024,"caption":"GeoClimate"},"image":{"@id":"https:\/\/geoclimate.ge\/#\/schema\/logo\/image\/"}}]}},"_links":{"self":[{"href":"https:\/\/geoclimate.ge\/fr\/wp-json\/wp\/v2\/product\/33460","targetHints":{"allow":["GET"]}}],"collection":[{"href":"https:\/\/geoclimate.ge\/fr\/wp-json\/wp\/v2\/product"}],"about":[{"href":"https:\/\/geoclimate.ge\/fr\/wp-json\/wp\/v2\/types\/product"}],"wp:featuredmedia":[{"embeddable":true,"href":"https:\/\/geoclimate.ge\/fr\/wp-json\/wp\/v2\/media\/33455"}],"wp:attachment":[{"href":"https:\/\/geoclimate.ge\/fr\/wp-json\/wp\/v2\/media?parent=33460"}],"wp:term":[{"taxonomy":"product_brand","embeddable":true,"href":"https:\/\/geoclimate.ge\/fr\/wp-json\/wp\/v2\/product_brand?post=33460"},{"taxonomy":"product_cat","embeddable":true,"href":"https:\/\/geoclimate.ge\/fr\/wp-json\/wp\/v2\/product_cat?post=33460"},{"taxonomy":"product_tag","embeddable":true,"href":"https:\/\/geoclimate.ge\/fr\/wp-json\/wp\/v2\/product_tag?post=33460"}],"curies":[{"name":"wp","href":"https:\/\/api.w.org\/{rel}","templated":true}]}}