{"id":33476,"date":"2025-05-25T20:46:48","date_gmt":"2025-05-25T16:46:48","guid":{"rendered":"https:\/\/airsystems.ge\/shop\/product\/nh3-cooling-unit-w-custom-refrigeration-system-for-indoor-use\/"},"modified":"2025-05-25T20:49:31","modified_gmt":"2025-05-25T16:49:31","slug":"nh3-cooling-unit-w-custom-refrigeration-system-for-indoor-use","status":"publish","type":"product","link":"https:\/\/geoclimate.ge\/fr\/produit\/nh3-cooling-unit-w-custom-refrigeration-system-for-indoor-use\/","title":{"rendered":"Groupe frigorifique NH3 W\u00a0: Syst\u00e8me de r\u00e9frig\u00e9ration sur mesure pour une utilisation en int\u00e9rieur"},"content":{"rendered":"","protected":false},"excerpt":{"rendered":"<p>Volume balay\u00e9 de 1 000 m\u00b3\/h \u00e0 12 000 m\u00b3\/h<\/p>\n<p>Le syst\u00e8me de r\u00e9frig\u00e9ration sur mesure W d&rsquo;ENEX INDUSTRIAL est id\u00e9al pour une utilisation en int\u00e9rieur. Refroidissement par air avec condenseur sec ou \u00e9vaporatif d\u00e9port\u00e9, refroidissement par eau ou par saumure. Disponible avec une option de syst\u00e8me de pompage et adapt\u00e9 aux grands syst\u00e8mes de r\u00e9frig\u00e9ration industriels, tels que la transformation et le stockage des aliments.<\/p>\n<p>Caract\u00e9ristiques<\/p>\n<p>2 \u00e0 4 compresseurs en parall\u00e8le<br \/>\nLarge plage de temp\u00e9ratures d&rsquo;\u00e9vaporation (un ou deux niveaux)<br \/>\nBac de r\u00e9cup\u00e9ration des condensats en acier peint<br \/>\nTuyauterie en acier inoxydable 304L pour le circuit eau\/saumure<\/p>\n","protected":false},"featured_media":33471,"template":"","meta":[],"product_brand":[],"product_cat":[682,1648],"product_tag":[],"class_list":{"0":"post-33476","1":"product","2":"type-product","3":"status-publish","4":"has-post-thumbnail","6":"product_cat-climatiseurs-fr-industriels","7":"product_cat-unite-de-refroidissement","9":"first","10":"instock","11":"shipping-taxable","12":"product-type-simple"},"yoast_head":"<!-- This site is optimized with the Yoast SEO plugin v27.1.1 - https:\/\/yoast.com\/product\/yoast-seo-wordpress\/ -->\n<title>Groupe frigorifique NH3 W\u00a0: Syst\u00e8me de r\u00e9frig\u00e9ration sur mesure pour une utilisation en int\u00e9rieur - GeoClimate.ge<\/title>\n<meta name=\"robots\" content=\"index, follow, max-snippet:-1, max-image-preview:large, max-video-preview:-1\" \/>\n<link rel=\"canonical\" href=\"https:\/\/geoclimate.ge\/fr\/produit\/nh3-cooling-unit-w-custom-refrigeration-system-for-indoor-use\/\" \/>\n<meta property=\"og:locale\" content=\"fr_FR\" \/>\n<meta property=\"og:type\" content=\"article\" \/>\n<meta property=\"og:title\" content=\"Groupe frigorifique NH3 W\u00a0: Syst\u00e8me de r\u00e9frig\u00e9ration sur mesure pour une utilisation en int\u00e9rieur - GeoClimate.ge\" \/>\n<meta property=\"og:description\" content=\"Volume balay\u00e9 de 1 000 m\u00b3\/h \u00e0 12 000 m\u00b3\/h  Le syst\u00e8me de r\u00e9frig\u00e9ration sur mesure W d&#039;ENEX INDUSTRIAL est id\u00e9al pour une utilisation en int\u00e9rieur. Refroidissement par air avec condenseur sec ou \u00e9vaporatif d\u00e9port\u00e9, refroidissement par eau ou par saumure. Disponible avec une option de syst\u00e8me de pompage et adapt\u00e9 aux grands syst\u00e8mes de r\u00e9frig\u00e9ration industriels, tels que la transformation et le stockage des aliments.  Caract\u00e9ristiques  2 \u00e0 4 compresseurs en parall\u00e8le Large plage de temp\u00e9ratures d&#039;\u00e9vaporation (un ou deux niveaux) Bac de r\u00e9cup\u00e9ration des condensats en acier peint Tuyauterie en acier inoxydable 304L pour le circuit eau\/saumure\" \/>\n<meta property=\"og:url\" content=\"https:\/\/geoclimate.ge\/fr\/produit\/nh3-cooling-unit-w-custom-refrigeration-system-for-indoor-use\/\" \/>\n<meta property=\"og:site_name\" content=\"GeoClimate.ge\" \/>\n<meta property=\"article:modified_time\" content=\"2025-05-25T16:49:31+00:00\" \/>\n<meta property=\"og:image\" content=\"https:\/\/geoclimate.ge\/wp-content\/uploads\/2025\/05\/NH3-COOLING-UNIT.jpg\" \/>\n\t<meta property=\"og:image:width\" content=\"717\" \/>\n\t<meta property=\"og:image:height\" content=\"391\" \/>\n\t<meta property=\"og:image:type\" content=\"image\/jpeg\" \/>\n<meta name=\"twitter:card\" content=\"summary_large_image\" \/>\n<script type=\"application\/ld+json\" class=\"yoast-schema-graph\">{\"@context\":\"https:\/\/schema.org\",\"@graph\":[{\"@type\":\"WebPage\",\"@id\":\"https:\/\/geoclimate.ge\/fr\/produit\/nh3-cooling-unit-w-custom-refrigeration-system-for-indoor-use\/\",\"url\":\"https:\/\/geoclimate.ge\/fr\/produit\/nh3-cooling-unit-w-custom-refrigeration-system-for-indoor-use\/\",\"name\":\"Groupe frigorifique NH3 W\u00a0: Syst\u00e8me de r\u00e9frig\u00e9ration sur mesure pour une utilisation en int\u00e9rieur - GeoClimate.ge\",\"isPartOf\":{\"@id\":\"https:\/\/geoclimate.ge\/#website\"},\"primaryImageOfPage\":{\"@id\":\"https:\/\/geoclimate.ge\/fr\/produit\/nh3-cooling-unit-w-custom-refrigeration-system-for-indoor-use\/#primaryimage\"},\"image\":{\"@id\":\"https:\/\/geoclimate.ge\/fr\/produit\/nh3-cooling-unit-w-custom-refrigeration-system-for-indoor-use\/#primaryimage\"},\"thumbnailUrl\":\"https:\/\/geoclimate.ge\/wp-content\/uploads\/2025\/05\/NH3-COOLING-UNIT.jpg\",\"datePublished\":\"2025-05-25T16:46:48+00:00\",\"dateModified\":\"2025-05-25T16:49:31+00:00\",\"breadcrumb\":{\"@id\":\"https:\/\/geoclimate.ge\/fr\/produit\/nh3-cooling-unit-w-custom-refrigeration-system-for-indoor-use\/#breadcrumb\"},\"inLanguage\":\"fr-FR\",\"potentialAction\":[{\"@type\":\"ReadAction\",\"target\":[\"https:\/\/geoclimate.ge\/fr\/produit\/nh3-cooling-unit-w-custom-refrigeration-system-for-indoor-use\/\"]}]},{\"@type\":\"ImageObject\",\"inLanguage\":\"fr-FR\",\"@id\":\"https:\/\/geoclimate.ge\/fr\/produit\/nh3-cooling-unit-w-custom-refrigeration-system-for-indoor-use\/#primaryimage\",\"url\":\"https:\/\/geoclimate.ge\/wp-content\/uploads\/2025\/05\/NH3-COOLING-UNIT.jpg\",\"contentUrl\":\"https:\/\/geoclimate.ge\/wp-content\/uploads\/2025\/05\/NH3-COOLING-UNIT.jpg\",\"width\":717,\"height\":391},{\"@type\":\"BreadcrumbList\",\"@id\":\"https:\/\/geoclimate.ge\/fr\/produit\/nh3-cooling-unit-w-custom-refrigeration-system-for-indoor-use\/#breadcrumb\",\"itemListElement\":[{\"@type\":\"ListItem\",\"position\":1,\"name\":\"Home\",\"item\":\"https:\/\/geoclimate.ge\/fr\/\"},{\"@type\":\"ListItem\",\"position\":2,\"name\":\"Products\",\"item\":\"https:\/\/geoclimate.ge\/fr\/products\/\"},{\"@type\":\"ListItem\",\"position\":3,\"name\":\"Groupe frigorifique NH3 W\u00a0: Syst\u00e8me de r\u00e9frig\u00e9ration sur mesure pour une utilisation en int\u00e9rieur\"}]},{\"@type\":\"WebSite\",\"@id\":\"https:\/\/geoclimate.ge\/#website\",\"url\":\"https:\/\/geoclimate.ge\/\",\"name\":\"GeoClimate\",\"description\":\"\",\"publisher\":{\"@id\":\"https:\/\/geoclimate.ge\/#organization\"},\"potentialAction\":[{\"@type\":\"SearchAction\",\"target\":{\"@type\":\"EntryPoint\",\"urlTemplate\":\"https:\/\/geoclimate.ge\/?s={search_term_string}\"},\"query-input\":{\"@type\":\"PropertyValueSpecification\",\"valueRequired\":true,\"valueName\":\"search_term_string\"}}],\"inLanguage\":\"fr-FR\"},{\"@type\":\"Organization\",\"@id\":\"https:\/\/geoclimate.ge\/#organization\",\"name\":\"GeoClimate\",\"url\":\"https:\/\/geoclimate.ge\/\",\"logo\":{\"@type\":\"ImageObject\",\"inLanguage\":\"fr-FR\",\"@id\":\"https:\/\/geoclimate.ge\/#\/schema\/logo\/image\/\",\"url\":\"https:\/\/geoclimate.ge\/wp-content\/uploads\/2026\/03\/geoclimate-SEO.png\",\"contentUrl\":\"https:\/\/geoclimate.ge\/wp-content\/uploads\/2026\/03\/geoclimate-SEO.png\",\"width\":1536,\"height\":1024,\"caption\":\"GeoClimate\"},\"image\":{\"@id\":\"https:\/\/geoclimate.ge\/#\/schema\/logo\/image\/\"}}]}<\/script>\n<!-- \/ Yoast SEO plugin. -->","yoast_head_json":{"title":"Groupe frigorifique NH3 W\u00a0: Syst\u00e8me de r\u00e9frig\u00e9ration sur mesure pour une utilisation en int\u00e9rieur - GeoClimate.ge","robots":{"index":"index","follow":"follow","max-snippet":"max-snippet:-1","max-image-preview":"max-image-preview:large","max-video-preview":"max-video-preview:-1"},"canonical":"https:\/\/geoclimate.ge\/fr\/produit\/nh3-cooling-unit-w-custom-refrigeration-system-for-indoor-use\/","og_locale":"fr_FR","og_type":"article","og_title":"Groupe frigorifique NH3 W\u00a0: Syst\u00e8me de r\u00e9frig\u00e9ration sur mesure pour une utilisation en int\u00e9rieur - GeoClimate.ge","og_description":"Volume balay\u00e9 de 1 000 m\u00b3\/h \u00e0 12 000 m\u00b3\/h  Le syst\u00e8me de r\u00e9frig\u00e9ration sur mesure W d'ENEX INDUSTRIAL est id\u00e9al pour une utilisation en int\u00e9rieur. Refroidissement par air avec condenseur sec ou \u00e9vaporatif d\u00e9port\u00e9, refroidissement par eau ou par saumure. Disponible avec une option de syst\u00e8me de pompage et adapt\u00e9 aux grands syst\u00e8mes de r\u00e9frig\u00e9ration industriels, tels que la transformation et le stockage des aliments.  Caract\u00e9ristiques  2 \u00e0 4 compresseurs en parall\u00e8le Large plage de temp\u00e9ratures d'\u00e9vaporation (un ou deux niveaux) Bac de r\u00e9cup\u00e9ration des condensats en acier peint Tuyauterie en acier inoxydable 304L pour le circuit eau\/saumure","og_url":"https:\/\/geoclimate.ge\/fr\/produit\/nh3-cooling-unit-w-custom-refrigeration-system-for-indoor-use\/","og_site_name":"GeoClimate.ge","article_modified_time":"2025-05-25T16:49:31+00:00","og_image":[{"width":717,"height":391,"url":"https:\/\/geoclimate.ge\/wp-content\/uploads\/2025\/05\/NH3-COOLING-UNIT.jpg","type":"image\/jpeg"}],"twitter_card":"summary_large_image","schema":{"@context":"https:\/\/schema.org","@graph":[{"@type":"WebPage","@id":"https:\/\/geoclimate.ge\/fr\/produit\/nh3-cooling-unit-w-custom-refrigeration-system-for-indoor-use\/","url":"https:\/\/geoclimate.ge\/fr\/produit\/nh3-cooling-unit-w-custom-refrigeration-system-for-indoor-use\/","name":"Groupe frigorifique NH3 W\u00a0: Syst\u00e8me de r\u00e9frig\u00e9ration sur mesure pour une utilisation en int\u00e9rieur - GeoClimate.ge","isPartOf":{"@id":"https:\/\/geoclimate.ge\/#website"},"primaryImageOfPage":{"@id":"https:\/\/geoclimate.ge\/fr\/produit\/nh3-cooling-unit-w-custom-refrigeration-system-for-indoor-use\/#primaryimage"},"image":{"@id":"https:\/\/geoclimate.ge\/fr\/produit\/nh3-cooling-unit-w-custom-refrigeration-system-for-indoor-use\/#primaryimage"},"thumbnailUrl":"https:\/\/geoclimate.ge\/wp-content\/uploads\/2025\/05\/NH3-COOLING-UNIT.jpg","datePublished":"2025-05-25T16:46:48+00:00","dateModified":"2025-05-25T16:49:31+00:00","breadcrumb":{"@id":"https:\/\/geoclimate.ge\/fr\/produit\/nh3-cooling-unit-w-custom-refrigeration-system-for-indoor-use\/#breadcrumb"},"inLanguage":"fr-FR","potentialAction":[{"@type":"ReadAction","target":["https:\/\/geoclimate.ge\/fr\/produit\/nh3-cooling-unit-w-custom-refrigeration-system-for-indoor-use\/"]}]},{"@type":"ImageObject","inLanguage":"fr-FR","@id":"https:\/\/geoclimate.ge\/fr\/produit\/nh3-cooling-unit-w-custom-refrigeration-system-for-indoor-use\/#primaryimage","url":"https:\/\/geoclimate.ge\/wp-content\/uploads\/2025\/05\/NH3-COOLING-UNIT.jpg","contentUrl":"https:\/\/geoclimate.ge\/wp-content\/uploads\/2025\/05\/NH3-COOLING-UNIT.jpg","width":717,"height":391},{"@type":"BreadcrumbList","@id":"https:\/\/geoclimate.ge\/fr\/produit\/nh3-cooling-unit-w-custom-refrigeration-system-for-indoor-use\/#breadcrumb","itemListElement":[{"@type":"ListItem","position":1,"name":"Home","item":"https:\/\/geoclimate.ge\/fr\/"},{"@type":"ListItem","position":2,"name":"Products","item":"https:\/\/geoclimate.ge\/fr\/products\/"},{"@type":"ListItem","position":3,"name":"Groupe frigorifique NH3 W\u00a0: Syst\u00e8me de r\u00e9frig\u00e9ration sur mesure pour une utilisation en int\u00e9rieur"}]},{"@type":"WebSite","@id":"https:\/\/geoclimate.ge\/#website","url":"https:\/\/geoclimate.ge\/","name":"GeoClimate","description":"","publisher":{"@id":"https:\/\/geoclimate.ge\/#organization"},"potentialAction":[{"@type":"SearchAction","target":{"@type":"EntryPoint","urlTemplate":"https:\/\/geoclimate.ge\/?s={search_term_string}"},"query-input":{"@type":"PropertyValueSpecification","valueRequired":true,"valueName":"search_term_string"}}],"inLanguage":"fr-FR"},{"@type":"Organization","@id":"https:\/\/geoclimate.ge\/#organization","name":"GeoClimate","url":"https:\/\/geoclimate.ge\/","logo":{"@type":"ImageObject","inLanguage":"fr-FR","@id":"https:\/\/geoclimate.ge\/#\/schema\/logo\/image\/","url":"https:\/\/geoclimate.ge\/wp-content\/uploads\/2026\/03\/geoclimate-SEO.png","contentUrl":"https:\/\/geoclimate.ge\/wp-content\/uploads\/2026\/03\/geoclimate-SEO.png","width":1536,"height":1024,"caption":"GeoClimate"},"image":{"@id":"https:\/\/geoclimate.ge\/#\/schema\/logo\/image\/"}}]}},"_links":{"self":[{"href":"https:\/\/geoclimate.ge\/fr\/wp-json\/wp\/v2\/product\/33476","targetHints":{"allow":["GET"]}}],"collection":[{"href":"https:\/\/geoclimate.ge\/fr\/wp-json\/wp\/v2\/product"}],"about":[{"href":"https:\/\/geoclimate.ge\/fr\/wp-json\/wp\/v2\/types\/product"}],"wp:featuredmedia":[{"embeddable":true,"href":"https:\/\/geoclimate.ge\/fr\/wp-json\/wp\/v2\/media\/33471"}],"wp:attachment":[{"href":"https:\/\/geoclimate.ge\/fr\/wp-json\/wp\/v2\/media?parent=33476"}],"wp:term":[{"taxonomy":"product_brand","embeddable":true,"href":"https:\/\/geoclimate.ge\/fr\/wp-json\/wp\/v2\/product_brand?post=33476"},{"taxonomy":"product_cat","embeddable":true,"href":"https:\/\/geoclimate.ge\/fr\/wp-json\/wp\/v2\/product_cat?post=33476"},{"taxonomy":"product_tag","embeddable":true,"href":"https:\/\/geoclimate.ge\/fr\/wp-json\/wp\/v2\/product_tag?post=33476"}],"curies":[{"name":"wp","href":"https:\/\/api.w.org\/{rel}","templated":true}]}}