{"id":33490,"date":"2025-05-25T21:00:59","date_gmt":"2025-05-25T17:00:59","guid":{"rendered":"https:\/\/airsystems.ge\/shop\/product\/yukon-b-split-air-cooled-reciprocating-chiller-with-remote-gas-cooler\/"},"modified":"2025-05-25T21:03:45","modified_gmt":"2025-05-25T17:03:45","slug":"yukon-b-split-air-cooled-reciprocating-chiller-with-remote-gas-cooler","status":"publish","type":"product","link":"https:\/\/geoclimate.ge\/fr\/produit\/yukon-b-split-air-cooled-reciprocating-chiller-with-remote-gas-cooler\/","title":{"rendered":"Yukon B Refroidisseur \u00e0 piston split \u00e0 condensation par air avec refroidisseur de gaz d\u00e9port\u00e9"},"content":{"rendered":"<p><a class=\"elementor-button elementor-button-link elementor-size-sm\" href=\"https:\/\/www.enextechnologies.com\/wp-content\/uploads\/2024\/08\/One-Pager-YUKON-B-ENG.pdf\" target=\"_blank\" rel=\"noopener\"><span class=\"elementor-button-content-wrapper\"><span class=\"elementor-button-text\">ONE PAGER<\/span><\/span><\/a><\/p>\n","protected":false},"excerpt":{"rendered":"<p>Yukon B<br \/>\nYukon est la gamme innovante de refroidisseurs transcritiques CO\u2082 refroidis par air et par eau d&rsquo;Enex pour le refroidissement des m\u00e9langes d&rsquo;eau et de saumure. Ils conviennent \u00e0 des applications telles que le refroidissement industriel, l&rsquo;entreposage frigorifique, le CVC, les patinoires, les caves \u00e0 vin, etc. Sa configuration split avec refroidisseur de gaz d\u00e9port\u00e9 est id\u00e9ale pour les installations o\u00f9 la section compresseur doit \u00eatre situ\u00e9e dans un local technique afin de r\u00e9duire le bruit et de faciliter la maintenance. L&rsquo;unit\u00e9 Yukon dispose d&rsquo;une option de r\u00e9cup\u00e9ration de chaleur, lui permettant de produire de l&rsquo;eau chaude jusqu&rsquo;\u00e0 80 \u00b0C. Pour la production d&rsquo;eau glac\u00e9e et de saumure, la version multicompresseur de l&rsquo;unit\u00e9 Yukon est \u00e9quip\u00e9e d&rsquo;un syst\u00e8me d&rsquo;\u00e9vaporateur par gravit\u00e9, garantissant simplicit\u00e9 de conception, rendement \u00e9lev\u00e9, stabilit\u00e9 de r\u00e9gulation et fiabilit\u00e9 extr\u00eame. Sa conception unique est particuli\u00e8rement adapt\u00e9e au r\u00e9frig\u00e9rant CO\u2082. Pour certains mod\u00e8les confort et saumure, l&rsquo;option d&rsquo;\u00e9jecteur brevet\u00e9e Enex est \u00e9galement disponible, ce qui am\u00e9liore encore l&rsquo;efficacit\u00e9.<\/p>\n<p>La gamme Yukon est extr\u00eamement flexible et comprend deux versions d&rsquo;une puissance allant de 50 kW \u00e0 800 kW\u00a0:<\/p>\n<p>Confort\u00a0: Groupe d&rsquo;eau glac\u00e9e split avec refroidisseur de gaz d\u00e9port\u00e9 pour une temp\u00e9rature de sortie d&rsquo;eau de +15 \u00b0C \u00e0 +5 \u00b0C, avec r\u00e9cup\u00e9ration de chaleur en option<br \/>\nSaumure\u00a0: Groupe d&rsquo;eau glac\u00e9e split avec refroidisseur de gaz d\u00e9port\u00e9 pour une temp\u00e9rature de sortie d&rsquo;eau glycol\u00e9e de +4 \u00b0C \u00e0 -20 \u00b0C, avec r\u00e9cup\u00e9ration de chaleur en option<\/p>\n","protected":false},"featured_media":33485,"template":"","meta":[],"product_brand":[],"product_cat":[682,1655],"product_tag":[],"class_list":{"0":"post-33490","1":"product","2":"type-product","3":"status-publish","4":"has-post-thumbnail","6":"product_cat-climatiseurs-fr-industriels","7":"product_cat-refroidisseur-de-saumure-chiller","9":"first","10":"instock","11":"shipping-taxable","12":"product-type-simple"},"yoast_head":"<!-- This site is optimized with the Yoast SEO plugin v27.1.1 - https:\/\/yoast.com\/product\/yoast-seo-wordpress\/ -->\n<title>Yukon B Refroidisseur \u00e0 piston split \u00e0 condensation par air avec refroidisseur de gaz d\u00e9port\u00e9 - GeoClimate.ge<\/title>\n<meta name=\"robots\" content=\"index, follow, max-snippet:-1, max-image-preview:large, max-video-preview:-1\" \/>\n<link rel=\"canonical\" href=\"https:\/\/geoclimate.ge\/fr\/produit\/yukon-b-split-air-cooled-reciprocating-chiller-with-remote-gas-cooler\/\" \/>\n<meta property=\"og:locale\" content=\"fr_FR\" \/>\n<meta property=\"og:type\" content=\"article\" \/>\n<meta property=\"og:title\" content=\"Yukon B Refroidisseur \u00e0 piston split \u00e0 condensation par air avec refroidisseur de gaz d\u00e9port\u00e9 - GeoClimate.ge\" \/>\n<meta property=\"og:description\" content=\"Yukon B Yukon est la gamme innovante de refroidisseurs transcritiques CO\u2082 refroidis par air et par eau d&#039;Enex pour le refroidissement des m\u00e9langes d&#039;eau et de saumure. Ils conviennent \u00e0 des applications telles que le refroidissement industriel, l&#039;entreposage frigorifique, le CVC, les patinoires, les caves \u00e0 vin, etc. Sa configuration split avec refroidisseur de gaz d\u00e9port\u00e9 est id\u00e9ale pour les installations o\u00f9 la section compresseur doit \u00eatre situ\u00e9e dans un local technique afin de r\u00e9duire le bruit et de faciliter la maintenance. L&#039;unit\u00e9 Yukon dispose d&#039;une option de r\u00e9cup\u00e9ration de chaleur, lui permettant de produire de l&#039;eau chaude jusqu&#039;\u00e0 80 \u00b0C. Pour la production d&#039;eau glac\u00e9e et de saumure, la version multicompresseur de l&#039;unit\u00e9 Yukon est \u00e9quip\u00e9e d&#039;un syst\u00e8me d&#039;\u00e9vaporateur par gravit\u00e9, garantissant simplicit\u00e9 de conception, rendement \u00e9lev\u00e9, stabilit\u00e9 de r\u00e9gulation et fiabilit\u00e9 extr\u00eame. Sa conception unique est particuli\u00e8rement adapt\u00e9e au r\u00e9frig\u00e9rant CO\u2082. Pour certains mod\u00e8les confort et saumure, l&#039;option d&#039;\u00e9jecteur brevet\u00e9e Enex est \u00e9galement disponible, ce qui am\u00e9liore encore l&#039;efficacit\u00e9.  La gamme Yukon est extr\u00eamement flexible et comprend deux versions d&#039;une puissance allant de 50 kW \u00e0 800 kW\u00a0:  Confort\u00a0: Groupe d&#039;eau glac\u00e9e split avec refroidisseur de gaz d\u00e9port\u00e9 pour une temp\u00e9rature de sortie d&#039;eau de +15 \u00b0C \u00e0 +5 \u00b0C, avec r\u00e9cup\u00e9ration de chaleur en option Saumure\u00a0: Groupe d&#039;eau glac\u00e9e split avec refroidisseur de gaz d\u00e9port\u00e9 pour une temp\u00e9rature de sortie d&#039;eau glycol\u00e9e de +4 \u00b0C \u00e0 -20 \u00b0C, avec r\u00e9cup\u00e9ration de chaleur en option\" \/>\n<meta property=\"og:url\" content=\"https:\/\/geoclimate.ge\/fr\/produit\/yukon-b-split-air-cooled-reciprocating-chiller-with-remote-gas-cooler\/\" \/>\n<meta property=\"og:site_name\" content=\"GeoClimate.ge\" \/>\n<meta property=\"article:modified_time\" content=\"2025-05-25T17:03:45+00:00\" \/>\n<meta property=\"og:image\" content=\"https:\/\/geoclimate.ge\/wp-content\/uploads\/2025\/05\/yukon-1-qr5i4a0uv3wfgzuejcmctlnnnu1okoxdnel46b3490-1.png\" \/>\n\t<meta property=\"og:image:width\" content=\"500\" \/>\n\t<meta property=\"og:image:height\" content=\"570\" \/>\n\t<meta property=\"og:image:type\" content=\"image\/png\" \/>\n<meta name=\"twitter:card\" content=\"summary_large_image\" \/>\n<script type=\"application\/ld+json\" class=\"yoast-schema-graph\">{\"@context\":\"https:\/\/schema.org\",\"@graph\":[{\"@type\":\"WebPage\",\"@id\":\"https:\/\/geoclimate.ge\/fr\/produit\/yukon-b-split-air-cooled-reciprocating-chiller-with-remote-gas-cooler\/\",\"url\":\"https:\/\/geoclimate.ge\/fr\/produit\/yukon-b-split-air-cooled-reciprocating-chiller-with-remote-gas-cooler\/\",\"name\":\"Yukon B Refroidisseur \u00e0 piston split \u00e0 condensation par air avec refroidisseur de gaz d\u00e9port\u00e9 - GeoClimate.ge\",\"isPartOf\":{\"@id\":\"https:\/\/geoclimate.ge\/#website\"},\"primaryImageOfPage\":{\"@id\":\"https:\/\/geoclimate.ge\/fr\/produit\/yukon-b-split-air-cooled-reciprocating-chiller-with-remote-gas-cooler\/#primaryimage\"},\"image\":{\"@id\":\"https:\/\/geoclimate.ge\/fr\/produit\/yukon-b-split-air-cooled-reciprocating-chiller-with-remote-gas-cooler\/#primaryimage\"},\"thumbnailUrl\":\"https:\/\/geoclimate.ge\/wp-content\/uploads\/2025\/05\/yukon-1-qr5i4a0uv3wfgzuejcmctlnnnu1okoxdnel46b3490-1.png\",\"datePublished\":\"2025-05-25T17:00:59+00:00\",\"dateModified\":\"2025-05-25T17:03:45+00:00\",\"breadcrumb\":{\"@id\":\"https:\/\/geoclimate.ge\/fr\/produit\/yukon-b-split-air-cooled-reciprocating-chiller-with-remote-gas-cooler\/#breadcrumb\"},\"inLanguage\":\"fr-FR\",\"potentialAction\":[{\"@type\":\"ReadAction\",\"target\":[\"https:\/\/geoclimate.ge\/fr\/produit\/yukon-b-split-air-cooled-reciprocating-chiller-with-remote-gas-cooler\/\"]}]},{\"@type\":\"ImageObject\",\"inLanguage\":\"fr-FR\",\"@id\":\"https:\/\/geoclimate.ge\/fr\/produit\/yukon-b-split-air-cooled-reciprocating-chiller-with-remote-gas-cooler\/#primaryimage\",\"url\":\"https:\/\/geoclimate.ge\/wp-content\/uploads\/2025\/05\/yukon-1-qr5i4a0uv3wfgzuejcmctlnnnu1okoxdnel46b3490-1.png\",\"contentUrl\":\"https:\/\/geoclimate.ge\/wp-content\/uploads\/2025\/05\/yukon-1-qr5i4a0uv3wfgzuejcmctlnnnu1okoxdnel46b3490-1.png\",\"width\":500,\"height\":570},{\"@type\":\"BreadcrumbList\",\"@id\":\"https:\/\/geoclimate.ge\/fr\/produit\/yukon-b-split-air-cooled-reciprocating-chiller-with-remote-gas-cooler\/#breadcrumb\",\"itemListElement\":[{\"@type\":\"ListItem\",\"position\":1,\"name\":\"Home\",\"item\":\"https:\/\/geoclimate.ge\/fr\/\"},{\"@type\":\"ListItem\",\"position\":2,\"name\":\"Products\",\"item\":\"https:\/\/geoclimate.ge\/fr\/products\/\"},{\"@type\":\"ListItem\",\"position\":3,\"name\":\"Yukon B Refroidisseur \u00e0 piston split \u00e0 condensation par air avec refroidisseur de gaz d\u00e9port\u00e9\"}]},{\"@type\":\"WebSite\",\"@id\":\"https:\/\/geoclimate.ge\/#website\",\"url\":\"https:\/\/geoclimate.ge\/\",\"name\":\"GeoClimate\",\"description\":\"\",\"publisher\":{\"@id\":\"https:\/\/geoclimate.ge\/#organization\"},\"potentialAction\":[{\"@type\":\"SearchAction\",\"target\":{\"@type\":\"EntryPoint\",\"urlTemplate\":\"https:\/\/geoclimate.ge\/?s={search_term_string}\"},\"query-input\":{\"@type\":\"PropertyValueSpecification\",\"valueRequired\":true,\"valueName\":\"search_term_string\"}}],\"inLanguage\":\"fr-FR\"},{\"@type\":\"Organization\",\"@id\":\"https:\/\/geoclimate.ge\/#organization\",\"name\":\"GeoClimate\",\"url\":\"https:\/\/geoclimate.ge\/\",\"logo\":{\"@type\":\"ImageObject\",\"inLanguage\":\"fr-FR\",\"@id\":\"https:\/\/geoclimate.ge\/#\/schema\/logo\/image\/\",\"url\":\"https:\/\/geoclimate.ge\/wp-content\/uploads\/2026\/03\/geoclimate-SEO.png\",\"contentUrl\":\"https:\/\/geoclimate.ge\/wp-content\/uploads\/2026\/03\/geoclimate-SEO.png\",\"width\":1536,\"height\":1024,\"caption\":\"GeoClimate\"},\"image\":{\"@id\":\"https:\/\/geoclimate.ge\/#\/schema\/logo\/image\/\"}}]}<\/script>\n<!-- \/ Yoast SEO plugin. -->","yoast_head_json":{"title":"Yukon B Refroidisseur \u00e0 piston split \u00e0 condensation par air avec refroidisseur de gaz d\u00e9port\u00e9 - GeoClimate.ge","robots":{"index":"index","follow":"follow","max-snippet":"max-snippet:-1","max-image-preview":"max-image-preview:large","max-video-preview":"max-video-preview:-1"},"canonical":"https:\/\/geoclimate.ge\/fr\/produit\/yukon-b-split-air-cooled-reciprocating-chiller-with-remote-gas-cooler\/","og_locale":"fr_FR","og_type":"article","og_title":"Yukon B Refroidisseur \u00e0 piston split \u00e0 condensation par air avec refroidisseur de gaz d\u00e9port\u00e9 - GeoClimate.ge","og_description":"Yukon B Yukon est la gamme innovante de refroidisseurs transcritiques CO\u2082 refroidis par air et par eau d'Enex pour le refroidissement des m\u00e9langes d'eau et de saumure. Ils conviennent \u00e0 des applications telles que le refroidissement industriel, l'entreposage frigorifique, le CVC, les patinoires, les caves \u00e0 vin, etc. Sa configuration split avec refroidisseur de gaz d\u00e9port\u00e9 est id\u00e9ale pour les installations o\u00f9 la section compresseur doit \u00eatre situ\u00e9e dans un local technique afin de r\u00e9duire le bruit et de faciliter la maintenance. L'unit\u00e9 Yukon dispose d'une option de r\u00e9cup\u00e9ration de chaleur, lui permettant de produire de l'eau chaude jusqu'\u00e0 80 \u00b0C. Pour la production d'eau glac\u00e9e et de saumure, la version multicompresseur de l'unit\u00e9 Yukon est \u00e9quip\u00e9e d'un syst\u00e8me d'\u00e9vaporateur par gravit\u00e9, garantissant simplicit\u00e9 de conception, rendement \u00e9lev\u00e9, stabilit\u00e9 de r\u00e9gulation et fiabilit\u00e9 extr\u00eame. Sa conception unique est particuli\u00e8rement adapt\u00e9e au r\u00e9frig\u00e9rant CO\u2082. Pour certains mod\u00e8les confort et saumure, l'option d'\u00e9jecteur brevet\u00e9e Enex est \u00e9galement disponible, ce qui am\u00e9liore encore l'efficacit\u00e9.  La gamme Yukon est extr\u00eamement flexible et comprend deux versions d'une puissance allant de 50 kW \u00e0 800 kW\u00a0:  Confort\u00a0: Groupe d'eau glac\u00e9e split avec refroidisseur de gaz d\u00e9port\u00e9 pour une temp\u00e9rature de sortie d'eau de +15 \u00b0C \u00e0 +5 \u00b0C, avec r\u00e9cup\u00e9ration de chaleur en option Saumure\u00a0: Groupe d'eau glac\u00e9e split avec refroidisseur de gaz d\u00e9port\u00e9 pour une temp\u00e9rature de sortie d'eau glycol\u00e9e de +4 \u00b0C \u00e0 -20 \u00b0C, avec r\u00e9cup\u00e9ration de chaleur en option","og_url":"https:\/\/geoclimate.ge\/fr\/produit\/yukon-b-split-air-cooled-reciprocating-chiller-with-remote-gas-cooler\/","og_site_name":"GeoClimate.ge","article_modified_time":"2025-05-25T17:03:45+00:00","og_image":[{"width":500,"height":570,"url":"https:\/\/geoclimate.ge\/wp-content\/uploads\/2025\/05\/yukon-1-qr5i4a0uv3wfgzuejcmctlnnnu1okoxdnel46b3490-1.png","type":"image\/png"}],"twitter_card":"summary_large_image","schema":{"@context":"https:\/\/schema.org","@graph":[{"@type":"WebPage","@id":"https:\/\/geoclimate.ge\/fr\/produit\/yukon-b-split-air-cooled-reciprocating-chiller-with-remote-gas-cooler\/","url":"https:\/\/geoclimate.ge\/fr\/produit\/yukon-b-split-air-cooled-reciprocating-chiller-with-remote-gas-cooler\/","name":"Yukon B Refroidisseur \u00e0 piston split \u00e0 condensation par air avec refroidisseur de gaz d\u00e9port\u00e9 - GeoClimate.ge","isPartOf":{"@id":"https:\/\/geoclimate.ge\/#website"},"primaryImageOfPage":{"@id":"https:\/\/geoclimate.ge\/fr\/produit\/yukon-b-split-air-cooled-reciprocating-chiller-with-remote-gas-cooler\/#primaryimage"},"image":{"@id":"https:\/\/geoclimate.ge\/fr\/produit\/yukon-b-split-air-cooled-reciprocating-chiller-with-remote-gas-cooler\/#primaryimage"},"thumbnailUrl":"https:\/\/geoclimate.ge\/wp-content\/uploads\/2025\/05\/yukon-1-qr5i4a0uv3wfgzuejcmctlnnnu1okoxdnel46b3490-1.png","datePublished":"2025-05-25T17:00:59+00:00","dateModified":"2025-05-25T17:03:45+00:00","breadcrumb":{"@id":"https:\/\/geoclimate.ge\/fr\/produit\/yukon-b-split-air-cooled-reciprocating-chiller-with-remote-gas-cooler\/#breadcrumb"},"inLanguage":"fr-FR","potentialAction":[{"@type":"ReadAction","target":["https:\/\/geoclimate.ge\/fr\/produit\/yukon-b-split-air-cooled-reciprocating-chiller-with-remote-gas-cooler\/"]}]},{"@type":"ImageObject","inLanguage":"fr-FR","@id":"https:\/\/geoclimate.ge\/fr\/produit\/yukon-b-split-air-cooled-reciprocating-chiller-with-remote-gas-cooler\/#primaryimage","url":"https:\/\/geoclimate.ge\/wp-content\/uploads\/2025\/05\/yukon-1-qr5i4a0uv3wfgzuejcmctlnnnu1okoxdnel46b3490-1.png","contentUrl":"https:\/\/geoclimate.ge\/wp-content\/uploads\/2025\/05\/yukon-1-qr5i4a0uv3wfgzuejcmctlnnnu1okoxdnel46b3490-1.png","width":500,"height":570},{"@type":"BreadcrumbList","@id":"https:\/\/geoclimate.ge\/fr\/produit\/yukon-b-split-air-cooled-reciprocating-chiller-with-remote-gas-cooler\/#breadcrumb","itemListElement":[{"@type":"ListItem","position":1,"name":"Home","item":"https:\/\/geoclimate.ge\/fr\/"},{"@type":"ListItem","position":2,"name":"Products","item":"https:\/\/geoclimate.ge\/fr\/products\/"},{"@type":"ListItem","position":3,"name":"Yukon B Refroidisseur \u00e0 piston split \u00e0 condensation par air avec refroidisseur de gaz d\u00e9port\u00e9"}]},{"@type":"WebSite","@id":"https:\/\/geoclimate.ge\/#website","url":"https:\/\/geoclimate.ge\/","name":"GeoClimate","description":"","publisher":{"@id":"https:\/\/geoclimate.ge\/#organization"},"potentialAction":[{"@type":"SearchAction","target":{"@type":"EntryPoint","urlTemplate":"https:\/\/geoclimate.ge\/?s={search_term_string}"},"query-input":{"@type":"PropertyValueSpecification","valueRequired":true,"valueName":"search_term_string"}}],"inLanguage":"fr-FR"},{"@type":"Organization","@id":"https:\/\/geoclimate.ge\/#organization","name":"GeoClimate","url":"https:\/\/geoclimate.ge\/","logo":{"@type":"ImageObject","inLanguage":"fr-FR","@id":"https:\/\/geoclimate.ge\/#\/schema\/logo\/image\/","url":"https:\/\/geoclimate.ge\/wp-content\/uploads\/2026\/03\/geoclimate-SEO.png","contentUrl":"https:\/\/geoclimate.ge\/wp-content\/uploads\/2026\/03\/geoclimate-SEO.png","width":1536,"height":1024,"caption":"GeoClimate"},"image":{"@id":"https:\/\/geoclimate.ge\/#\/schema\/logo\/image\/"}}]}},"_links":{"self":[{"href":"https:\/\/geoclimate.ge\/fr\/wp-json\/wp\/v2\/product\/33490","targetHints":{"allow":["GET"]}}],"collection":[{"href":"https:\/\/geoclimate.ge\/fr\/wp-json\/wp\/v2\/product"}],"about":[{"href":"https:\/\/geoclimate.ge\/fr\/wp-json\/wp\/v2\/types\/product"}],"wp:featuredmedia":[{"embeddable":true,"href":"https:\/\/geoclimate.ge\/fr\/wp-json\/wp\/v2\/media\/33485"}],"wp:attachment":[{"href":"https:\/\/geoclimate.ge\/fr\/wp-json\/wp\/v2\/media?parent=33490"}],"wp:term":[{"taxonomy":"product_brand","embeddable":true,"href":"https:\/\/geoclimate.ge\/fr\/wp-json\/wp\/v2\/product_brand?post=33490"},{"taxonomy":"product_cat","embeddable":true,"href":"https:\/\/geoclimate.ge\/fr\/wp-json\/wp\/v2\/product_cat?post=33490"},{"taxonomy":"product_tag","embeddable":true,"href":"https:\/\/geoclimate.ge\/fr\/wp-json\/wp\/v2\/product_tag?post=33490"}],"curies":[{"name":"wp","href":"https:\/\/api.w.org\/{rel}","templated":true}]}}