{"id":33585,"date":"2025-05-25T22:00:11","date_gmt":"2025-05-25T18:00:11","guid":{"rendered":"https:\/\/airsystems.ge\/shop\/product\/yukon-w-water-to-water-reciprocating-heat-pump\/"},"modified":"2025-05-25T22:03:07","modified_gmt":"2025-05-25T18:03:07","slug":"yukon-w-water-to-water-reciprocating-heat-pump","status":"publish","type":"product","link":"https:\/\/geoclimate.ge\/fr\/produit\/yukon-w-water-to-water-reciprocating-heat-pump\/","title":{"rendered":"Yukon W Pompe \u00e0 chaleur alternative eau\/eau"},"content":{"rendered":"","protected":false},"excerpt":{"rendered":"<p>Puissance de chauffage de 36 kW \u00e0 3000 kW<\/p>\n<p>La pompe \u00e0 chaleur alternative eau\/eau Yukon W est bas\u00e9e sur un cycle CO2 transcritique. Elle constitue la solution id\u00e9ale pour les syst\u00e8mes de chauffage urbain industriels et de grande taille utilisant l&rsquo;eau comme source, lorsque l&rsquo;eau doit \u00eatre chauff\u00e9e \u00e0 haute temp\u00e9rature (jusqu&rsquo;\u00e0 80 \u00b0C) et que la temp\u00e9rature de retour c\u00f4t\u00e9 chaud est inf\u00e9rieure \u00e0 35 \u00b0C.<\/p>\n<p>CARACT\u00c9RISTIQUES<\/p>\n<p>\u2022 Ch\u00e2ssis en acier soud\u00e9<br \/>\n\u2022 Compresseurs alternatifs<br \/>\n\u2022 Tuyauterie en acier inoxydable<br \/>\n\u2022 Logiciel de contr\u00f4le propri\u00e9taire<br \/>\n\u2022 Vannes de secours m\u00e9caniques<br \/>\n\u2022 Convertisseur de fr\u00e9quence sur le premier compresseur<br \/>\n\u2022 Canalisation des soupapes de s\u00e9curit\u00e9<br \/>\n\u2022 Connectivit\u00e9 via Modbus TCP\/IP<br \/>\n\u2022 Compteur d&rsquo;\u00e9nergie<br \/>\n\u2022 Surveillance \u00e0 distance<br \/>\n\u2022 \u0394T jusqu&rsquo;\u00e0 70 K<br \/>\n\u2022 R\u00e9servoir de liquide avec PS 80 bar<br \/>\n\u2022 Pression nominale c\u00f4t\u00e9 HP PS = 130 bar<\/p>\n","protected":false},"featured_media":33580,"template":"","meta":[],"product_brand":[],"product_cat":[682,1667],"product_tag":[],"class_list":{"0":"post-33585","1":"product","2":"type-product","3":"status-publish","4":"has-post-thumbnail","6":"product_cat-climatiseurs-fr-industriels","7":"product_cat-pompe-a-chaleur","9":"first","10":"instock","11":"shipping-taxable","12":"product-type-simple"},"yoast_head":"<!-- This site is optimized with the Yoast SEO plugin v27.1.1 - https:\/\/yoast.com\/product\/yoast-seo-wordpress\/ -->\n<title>Yukon W Pompe \u00e0 chaleur alternative eau\/eau - GeoClimate.ge<\/title>\n<meta name=\"robots\" content=\"index, follow, max-snippet:-1, max-image-preview:large, max-video-preview:-1\" \/>\n<link rel=\"canonical\" href=\"https:\/\/geoclimate.ge\/fr\/produit\/yukon-w-water-to-water-reciprocating-heat-pump\/\" \/>\n<meta property=\"og:locale\" content=\"fr_FR\" \/>\n<meta property=\"og:type\" content=\"article\" \/>\n<meta property=\"og:title\" content=\"Yukon W Pompe \u00e0 chaleur alternative eau\/eau - GeoClimate.ge\" \/>\n<meta property=\"og:description\" content=\"Puissance de chauffage de 36 kW \u00e0 3000 kW  La pompe \u00e0 chaleur alternative eau\/eau Yukon W est bas\u00e9e sur un cycle CO2 transcritique. Elle constitue la solution id\u00e9ale pour les syst\u00e8mes de chauffage urbain industriels et de grande taille utilisant l&#039;eau comme source, lorsque l&#039;eau doit \u00eatre chauff\u00e9e \u00e0 haute temp\u00e9rature (jusqu&#039;\u00e0 80 \u00b0C) et que la temp\u00e9rature de retour c\u00f4t\u00e9 chaud est inf\u00e9rieure \u00e0 35 \u00b0C.  CARACT\u00c9RISTIQUES  \u2022 Ch\u00e2ssis en acier soud\u00e9 \u2022 Compresseurs alternatifs \u2022 Tuyauterie en acier inoxydable \u2022 Logiciel de contr\u00f4le propri\u00e9taire \u2022 Vannes de secours m\u00e9caniques \u2022 Convertisseur de fr\u00e9quence sur le premier compresseur \u2022 Canalisation des soupapes de s\u00e9curit\u00e9 \u2022 Connectivit\u00e9 via Modbus TCP\/IP \u2022 Compteur d&#039;\u00e9nergie \u2022 Surveillance \u00e0 distance \u2022 \u0394T jusqu&#039;\u00e0 70 K \u2022 R\u00e9servoir de liquide avec PS 80 bar \u2022 Pression nominale c\u00f4t\u00e9 HP PS = 130 bar\" \/>\n<meta property=\"og:url\" content=\"https:\/\/geoclimate.ge\/fr\/produit\/yukon-w-water-to-water-reciprocating-heat-pump\/\" \/>\n<meta property=\"og:site_name\" content=\"GeoClimate.ge\" \/>\n<meta property=\"article:modified_time\" content=\"2025-05-25T18:03:07+00:00\" \/>\n<meta property=\"og:image\" content=\"https:\/\/geoclimate.ge\/wp-content\/uploads\/2025\/05\/YUKON-alpiana.976-1259x800.png\" \/>\n\t<meta property=\"og:image:width\" content=\"1259\" \/>\n\t<meta property=\"og:image:height\" content=\"800\" \/>\n\t<meta property=\"og:image:type\" content=\"image\/png\" \/>\n<meta name=\"twitter:card\" content=\"summary_large_image\" \/>\n<script type=\"application\/ld+json\" class=\"yoast-schema-graph\">{\"@context\":\"https:\/\/schema.org\",\"@graph\":[{\"@type\":\"WebPage\",\"@id\":\"https:\/\/geoclimate.ge\/fr\/produit\/yukon-w-water-to-water-reciprocating-heat-pump\/\",\"url\":\"https:\/\/geoclimate.ge\/fr\/produit\/yukon-w-water-to-water-reciprocating-heat-pump\/\",\"name\":\"Yukon W Pompe \u00e0 chaleur alternative eau\/eau - GeoClimate.ge\",\"isPartOf\":{\"@id\":\"https:\/\/geoclimate.ge\/#website\"},\"primaryImageOfPage\":{\"@id\":\"https:\/\/geoclimate.ge\/fr\/produit\/yukon-w-water-to-water-reciprocating-heat-pump\/#primaryimage\"},\"image\":{\"@id\":\"https:\/\/geoclimate.ge\/fr\/produit\/yukon-w-water-to-water-reciprocating-heat-pump\/#primaryimage\"},\"thumbnailUrl\":\"https:\/\/geoclimate.ge\/wp-content\/uploads\/2025\/05\/YUKON-alpiana.976-scaled.png\",\"datePublished\":\"2025-05-25T18:00:11+00:00\",\"dateModified\":\"2025-05-25T18:03:07+00:00\",\"breadcrumb\":{\"@id\":\"https:\/\/geoclimate.ge\/fr\/produit\/yukon-w-water-to-water-reciprocating-heat-pump\/#breadcrumb\"},\"inLanguage\":\"fr-FR\",\"potentialAction\":[{\"@type\":\"ReadAction\",\"target\":[\"https:\/\/geoclimate.ge\/fr\/produit\/yukon-w-water-to-water-reciprocating-heat-pump\/\"]}]},{\"@type\":\"ImageObject\",\"inLanguage\":\"fr-FR\",\"@id\":\"https:\/\/geoclimate.ge\/fr\/produit\/yukon-w-water-to-water-reciprocating-heat-pump\/#primaryimage\",\"url\":\"https:\/\/geoclimate.ge\/wp-content\/uploads\/2025\/05\/YUKON-alpiana.976-scaled.png\",\"contentUrl\":\"https:\/\/geoclimate.ge\/wp-content\/uploads\/2025\/05\/YUKON-alpiana.976-scaled.png\",\"width\":2560,\"height\":1627},{\"@type\":\"BreadcrumbList\",\"@id\":\"https:\/\/geoclimate.ge\/fr\/produit\/yukon-w-water-to-water-reciprocating-heat-pump\/#breadcrumb\",\"itemListElement\":[{\"@type\":\"ListItem\",\"position\":1,\"name\":\"Home\",\"item\":\"https:\/\/geoclimate.ge\/fr\/\"},{\"@type\":\"ListItem\",\"position\":2,\"name\":\"Products\",\"item\":\"https:\/\/geoclimate.ge\/fr\/products\/\"},{\"@type\":\"ListItem\",\"position\":3,\"name\":\"Yukon W Pompe \u00e0 chaleur alternative eau\/eau\"}]},{\"@type\":\"WebSite\",\"@id\":\"https:\/\/geoclimate.ge\/#website\",\"url\":\"https:\/\/geoclimate.ge\/\",\"name\":\"GeoClimate\",\"description\":\"\",\"publisher\":{\"@id\":\"https:\/\/geoclimate.ge\/#organization\"},\"potentialAction\":[{\"@type\":\"SearchAction\",\"target\":{\"@type\":\"EntryPoint\",\"urlTemplate\":\"https:\/\/geoclimate.ge\/?s={search_term_string}\"},\"query-input\":{\"@type\":\"PropertyValueSpecification\",\"valueRequired\":true,\"valueName\":\"search_term_string\"}}],\"inLanguage\":\"fr-FR\"},{\"@type\":\"Organization\",\"@id\":\"https:\/\/geoclimate.ge\/#organization\",\"name\":\"GeoClimate\",\"url\":\"https:\/\/geoclimate.ge\/\",\"logo\":{\"@type\":\"ImageObject\",\"inLanguage\":\"fr-FR\",\"@id\":\"https:\/\/geoclimate.ge\/#\/schema\/logo\/image\/\",\"url\":\"https:\/\/geoclimate.ge\/wp-content\/uploads\/2026\/03\/geoclimate-SEO.png\",\"contentUrl\":\"https:\/\/geoclimate.ge\/wp-content\/uploads\/2026\/03\/geoclimate-SEO.png\",\"width\":1536,\"height\":1024,\"caption\":\"GeoClimate\"},\"image\":{\"@id\":\"https:\/\/geoclimate.ge\/#\/schema\/logo\/image\/\"}}]}<\/script>\n<!-- \/ Yoast SEO plugin. -->","yoast_head_json":{"title":"Yukon W Pompe \u00e0 chaleur alternative eau\/eau - GeoClimate.ge","robots":{"index":"index","follow":"follow","max-snippet":"max-snippet:-1","max-image-preview":"max-image-preview:large","max-video-preview":"max-video-preview:-1"},"canonical":"https:\/\/geoclimate.ge\/fr\/produit\/yukon-w-water-to-water-reciprocating-heat-pump\/","og_locale":"fr_FR","og_type":"article","og_title":"Yukon W Pompe \u00e0 chaleur alternative eau\/eau - GeoClimate.ge","og_description":"Puissance de chauffage de 36 kW \u00e0 3000 kW  La pompe \u00e0 chaleur alternative eau\/eau Yukon W est bas\u00e9e sur un cycle CO2 transcritique. Elle constitue la solution id\u00e9ale pour les syst\u00e8mes de chauffage urbain industriels et de grande taille utilisant l'eau comme source, lorsque l'eau doit \u00eatre chauff\u00e9e \u00e0 haute temp\u00e9rature (jusqu'\u00e0 80 \u00b0C) et que la temp\u00e9rature de retour c\u00f4t\u00e9 chaud est inf\u00e9rieure \u00e0 35 \u00b0C.  CARACT\u00c9RISTIQUES  \u2022 Ch\u00e2ssis en acier soud\u00e9 \u2022 Compresseurs alternatifs \u2022 Tuyauterie en acier inoxydable \u2022 Logiciel de contr\u00f4le propri\u00e9taire \u2022 Vannes de secours m\u00e9caniques \u2022 Convertisseur de fr\u00e9quence sur le premier compresseur \u2022 Canalisation des soupapes de s\u00e9curit\u00e9 \u2022 Connectivit\u00e9 via Modbus TCP\/IP \u2022 Compteur d'\u00e9nergie \u2022 Surveillance \u00e0 distance \u2022 \u0394T jusqu'\u00e0 70 K \u2022 R\u00e9servoir de liquide avec PS 80 bar \u2022 Pression nominale c\u00f4t\u00e9 HP PS = 130 bar","og_url":"https:\/\/geoclimate.ge\/fr\/produit\/yukon-w-water-to-water-reciprocating-heat-pump\/","og_site_name":"GeoClimate.ge","article_modified_time":"2025-05-25T18:03:07+00:00","og_image":[{"width":1259,"height":800,"url":"https:\/\/geoclimate.ge\/wp-content\/uploads\/2025\/05\/YUKON-alpiana.976-1259x800.png","type":"image\/png"}],"twitter_card":"summary_large_image","schema":{"@context":"https:\/\/schema.org","@graph":[{"@type":"WebPage","@id":"https:\/\/geoclimate.ge\/fr\/produit\/yukon-w-water-to-water-reciprocating-heat-pump\/","url":"https:\/\/geoclimate.ge\/fr\/produit\/yukon-w-water-to-water-reciprocating-heat-pump\/","name":"Yukon W Pompe \u00e0 chaleur alternative eau\/eau - GeoClimate.ge","isPartOf":{"@id":"https:\/\/geoclimate.ge\/#website"},"primaryImageOfPage":{"@id":"https:\/\/geoclimate.ge\/fr\/produit\/yukon-w-water-to-water-reciprocating-heat-pump\/#primaryimage"},"image":{"@id":"https:\/\/geoclimate.ge\/fr\/produit\/yukon-w-water-to-water-reciprocating-heat-pump\/#primaryimage"},"thumbnailUrl":"https:\/\/geoclimate.ge\/wp-content\/uploads\/2025\/05\/YUKON-alpiana.976-scaled.png","datePublished":"2025-05-25T18:00:11+00:00","dateModified":"2025-05-25T18:03:07+00:00","breadcrumb":{"@id":"https:\/\/geoclimate.ge\/fr\/produit\/yukon-w-water-to-water-reciprocating-heat-pump\/#breadcrumb"},"inLanguage":"fr-FR","potentialAction":[{"@type":"ReadAction","target":["https:\/\/geoclimate.ge\/fr\/produit\/yukon-w-water-to-water-reciprocating-heat-pump\/"]}]},{"@type":"ImageObject","inLanguage":"fr-FR","@id":"https:\/\/geoclimate.ge\/fr\/produit\/yukon-w-water-to-water-reciprocating-heat-pump\/#primaryimage","url":"https:\/\/geoclimate.ge\/wp-content\/uploads\/2025\/05\/YUKON-alpiana.976-scaled.png","contentUrl":"https:\/\/geoclimate.ge\/wp-content\/uploads\/2025\/05\/YUKON-alpiana.976-scaled.png","width":2560,"height":1627},{"@type":"BreadcrumbList","@id":"https:\/\/geoclimate.ge\/fr\/produit\/yukon-w-water-to-water-reciprocating-heat-pump\/#breadcrumb","itemListElement":[{"@type":"ListItem","position":1,"name":"Home","item":"https:\/\/geoclimate.ge\/fr\/"},{"@type":"ListItem","position":2,"name":"Products","item":"https:\/\/geoclimate.ge\/fr\/products\/"},{"@type":"ListItem","position":3,"name":"Yukon W Pompe \u00e0 chaleur alternative eau\/eau"}]},{"@type":"WebSite","@id":"https:\/\/geoclimate.ge\/#website","url":"https:\/\/geoclimate.ge\/","name":"GeoClimate","description":"","publisher":{"@id":"https:\/\/geoclimate.ge\/#organization"},"potentialAction":[{"@type":"SearchAction","target":{"@type":"EntryPoint","urlTemplate":"https:\/\/geoclimate.ge\/?s={search_term_string}"},"query-input":{"@type":"PropertyValueSpecification","valueRequired":true,"valueName":"search_term_string"}}],"inLanguage":"fr-FR"},{"@type":"Organization","@id":"https:\/\/geoclimate.ge\/#organization","name":"GeoClimate","url":"https:\/\/geoclimate.ge\/","logo":{"@type":"ImageObject","inLanguage":"fr-FR","@id":"https:\/\/geoclimate.ge\/#\/schema\/logo\/image\/","url":"https:\/\/geoclimate.ge\/wp-content\/uploads\/2026\/03\/geoclimate-SEO.png","contentUrl":"https:\/\/geoclimate.ge\/wp-content\/uploads\/2026\/03\/geoclimate-SEO.png","width":1536,"height":1024,"caption":"GeoClimate"},"image":{"@id":"https:\/\/geoclimate.ge\/#\/schema\/logo\/image\/"}}]}},"_links":{"self":[{"href":"https:\/\/geoclimate.ge\/fr\/wp-json\/wp\/v2\/product\/33585","targetHints":{"allow":["GET"]}}],"collection":[{"href":"https:\/\/geoclimate.ge\/fr\/wp-json\/wp\/v2\/product"}],"about":[{"href":"https:\/\/geoclimate.ge\/fr\/wp-json\/wp\/v2\/types\/product"}],"wp:featuredmedia":[{"embeddable":true,"href":"https:\/\/geoclimate.ge\/fr\/wp-json\/wp\/v2\/media\/33580"}],"wp:attachment":[{"href":"https:\/\/geoclimate.ge\/fr\/wp-json\/wp\/v2\/media?parent=33585"}],"wp:term":[{"taxonomy":"product_brand","embeddable":true,"href":"https:\/\/geoclimate.ge\/fr\/wp-json\/wp\/v2\/product_brand?post=33585"},{"taxonomy":"product_cat","embeddable":true,"href":"https:\/\/geoclimate.ge\/fr\/wp-json\/wp\/v2\/product_cat?post=33585"},{"taxonomy":"product_tag","embeddable":true,"href":"https:\/\/geoclimate.ge\/fr\/wp-json\/wp\/v2\/product_tag?post=33585"}],"curies":[{"name":"wp","href":"https:\/\/api.w.org\/{rel}","templated":true}]}}