{"id":33597,"date":"2025-05-25T22:05:31","date_gmt":"2025-05-25T18:05:31","guid":{"rendered":"https:\/\/airsystems.ge\/shop\/product\/nh3-industrial-heat-pump-wh-custom-heat-pump-for-indoor-use\/"},"modified":"2025-05-25T22:07:56","modified_gmt":"2025-05-25T18:07:56","slug":"nh3-industrial-heat-pump-wh-custom-heat-pump-for-indoor-use","status":"publish","type":"product","link":"https:\/\/geoclimate.ge\/fr\/produit\/nh3-industrial-heat-pump-wh-custom-heat-pump-for-indoor-use\/","title":{"rendered":"Pompe \u00e0 chaleur industrielle NH3 WH\u00a0: Pompe \u00e0 chaleur sur mesure pour usage int\u00e9rieur"},"content":{"rendered":"<div class=\"elementor-element elementor-element-70da8153 elementor-widget elementor-widget-theme-page-title elementor-page-title elementor-widget-heading\" data-id=\"70da8153\" data-element_type=\"widget\" data-widget_type=\"theme-page-title.default\">\n<div class=\"elementor-widget-container\">\n<p>Puissance frigorifique adapt\u00e9e aux besoins<\/p>\n<p>La pompe \u00e0 chaleur sur mesure WH d&rsquo;ENEX INDUSTRIAL, destin\u00e9e \u00e0 une utilisation int\u00e9rieure avec une source d&rsquo;air via un \u00e9vaporateur d\u00e9port\u00e9 ou une source d&rsquo;eau\/eau glycol\u00e9e, utilise le fluide frigorig\u00e8ne R717 hautement durable. Elle constitue le choix id\u00e9al pour les tr\u00e8s grandes applications de chauffage urbain et pour la surchauffe de la chaleur r\u00e9siduelle de faible puissance. Une version avec surpresseur de fluide frigorig\u00e8ne utilise la condensation de l&rsquo;\u00e9tage inf\u00e9rieur comme \u00e9vaporateur pour l&rsquo;\u00e9tage sup\u00e9rieur, produisant ainsi de l&rsquo;eau \u00e0 haute temp\u00e9rature avec une efficacit\u00e9 exceptionnelle. Elle est applicable aux grands syst\u00e8mes de r\u00e9frig\u00e9ration industrielle n\u00e9cessitant \u00e9galement de l&rsquo;eau tr\u00e8s chaude.<\/p>\n<p>CARACT\u00c9RISTIQUES<\/p>\n<p>\u2022 1 \u00e0 4 compresseurs en parall\u00e8le<br \/>\n\u2022 Large plage de temp\u00e9ratures d&rsquo;\u00e9vaporation et de condensation<br \/>\n\u2022 Bac de r\u00e9cup\u00e9ration en acier peint<br \/>\n\u2022 Tuyauterie en acier inoxydable 304L pour le circuit eau\/eau glycol\u00e9e<\/p>\n<\/div>\n<\/div>\n","protected":false},"excerpt":{"rendered":"<p>Puissance frigorifique adapt\u00e9e aux besoins La pompe \u00e0 chaleur sur mesure WH d&rsquo;ENEX INDUSTRIAL, destin\u00e9e \u00e0 une utilisation int\u00e9rieure avec<\/p>\n","protected":false},"featured_media":33592,"template":"","meta":[],"product_brand":[],"product_cat":[682,1667],"product_tag":[],"class_list":{"0":"post-33597","1":"product","2":"type-product","3":"status-publish","4":"has-post-thumbnail","6":"product_cat-climatiseurs-fr-industriels","7":"product_cat-pompe-a-chaleur","9":"first","10":"instock","11":"shipping-taxable","12":"product-type-simple"},"yoast_head":"<!-- This site is optimized with the Yoast SEO plugin v27.1.1 - https:\/\/yoast.com\/product\/yoast-seo-wordpress\/ -->\n<title>Pompe \u00e0 chaleur industrielle NH3 WH\u00a0: Pompe \u00e0 chaleur sur mesure pour usage int\u00e9rieur - GeoClimate.ge<\/title>\n<meta name=\"robots\" content=\"index, follow, max-snippet:-1, max-image-preview:large, max-video-preview:-1\" \/>\n<link rel=\"canonical\" href=\"https:\/\/geoclimate.ge\/fr\/produit\/nh3-industrial-heat-pump-wh-custom-heat-pump-for-indoor-use\/\" \/>\n<meta property=\"og:locale\" content=\"fr_FR\" \/>\n<meta property=\"og:type\" content=\"article\" \/>\n<meta property=\"og:title\" content=\"Pompe \u00e0 chaleur industrielle NH3 WH\u00a0: Pompe \u00e0 chaleur sur mesure pour usage int\u00e9rieur - GeoClimate.ge\" \/>\n<meta property=\"og:description\" content=\"Puissance frigorifique adapt\u00e9e aux besoins La pompe \u00e0 chaleur sur mesure WH d&rsquo;ENEX INDUSTRIAL, destin\u00e9e \u00e0 une utilisation int\u00e9rieure avec\" \/>\n<meta property=\"og:url\" content=\"https:\/\/geoclimate.ge\/fr\/produit\/nh3-industrial-heat-pump-wh-custom-heat-pump-for-indoor-use\/\" \/>\n<meta property=\"og:site_name\" content=\"GeoClimate.ge\" \/>\n<meta property=\"article:modified_time\" content=\"2025-05-25T18:07:56+00:00\" \/>\n<meta property=\"og:image\" content=\"https:\/\/geoclimate.ge\/wp-content\/uploads\/2025\/05\/WH.jpg\" \/>\n\t<meta property=\"og:image:width\" content=\"714\" \/>\n\t<meta property=\"og:image:height\" content=\"575\" \/>\n\t<meta property=\"og:image:type\" content=\"image\/jpeg\" \/>\n<meta name=\"twitter:card\" content=\"summary_large_image\" \/>\n<meta name=\"twitter:label1\" content=\"Dur\u00e9e de lecture estim\u00e9e\" \/>\n\t<meta name=\"twitter:data1\" content=\"1 minute\" \/>\n<script type=\"application\/ld+json\" class=\"yoast-schema-graph\">{\"@context\":\"https:\/\/schema.org\",\"@graph\":[{\"@type\":\"WebPage\",\"@id\":\"https:\/\/geoclimate.ge\/fr\/produit\/nh3-industrial-heat-pump-wh-custom-heat-pump-for-indoor-use\/\",\"url\":\"https:\/\/geoclimate.ge\/fr\/produit\/nh3-industrial-heat-pump-wh-custom-heat-pump-for-indoor-use\/\",\"name\":\"Pompe \u00e0 chaleur industrielle NH3 WH\u00a0: Pompe \u00e0 chaleur sur mesure pour usage int\u00e9rieur - GeoClimate.ge\",\"isPartOf\":{\"@id\":\"https:\/\/geoclimate.ge\/#website\"},\"primaryImageOfPage\":{\"@id\":\"https:\/\/geoclimate.ge\/fr\/produit\/nh3-industrial-heat-pump-wh-custom-heat-pump-for-indoor-use\/#primaryimage\"},\"image\":{\"@id\":\"https:\/\/geoclimate.ge\/fr\/produit\/nh3-industrial-heat-pump-wh-custom-heat-pump-for-indoor-use\/#primaryimage\"},\"thumbnailUrl\":\"https:\/\/geoclimate.ge\/wp-content\/uploads\/2025\/05\/WH.jpg\",\"datePublished\":\"2025-05-25T18:05:31+00:00\",\"dateModified\":\"2025-05-25T18:07:56+00:00\",\"breadcrumb\":{\"@id\":\"https:\/\/geoclimate.ge\/fr\/produit\/nh3-industrial-heat-pump-wh-custom-heat-pump-for-indoor-use\/#breadcrumb\"},\"inLanguage\":\"fr-FR\",\"potentialAction\":[{\"@type\":\"ReadAction\",\"target\":[\"https:\/\/geoclimate.ge\/fr\/produit\/nh3-industrial-heat-pump-wh-custom-heat-pump-for-indoor-use\/\"]}]},{\"@type\":\"ImageObject\",\"inLanguage\":\"fr-FR\",\"@id\":\"https:\/\/geoclimate.ge\/fr\/produit\/nh3-industrial-heat-pump-wh-custom-heat-pump-for-indoor-use\/#primaryimage\",\"url\":\"https:\/\/geoclimate.ge\/wp-content\/uploads\/2025\/05\/WH.jpg\",\"contentUrl\":\"https:\/\/geoclimate.ge\/wp-content\/uploads\/2025\/05\/WH.jpg\",\"width\":714,\"height\":575},{\"@type\":\"BreadcrumbList\",\"@id\":\"https:\/\/geoclimate.ge\/fr\/produit\/nh3-industrial-heat-pump-wh-custom-heat-pump-for-indoor-use\/#breadcrumb\",\"itemListElement\":[{\"@type\":\"ListItem\",\"position\":1,\"name\":\"Home\",\"item\":\"https:\/\/geoclimate.ge\/fr\/\"},{\"@type\":\"ListItem\",\"position\":2,\"name\":\"Products\",\"item\":\"https:\/\/geoclimate.ge\/fr\/products\/\"},{\"@type\":\"ListItem\",\"position\":3,\"name\":\"Pompe \u00e0 chaleur industrielle NH3 WH\u00a0: Pompe \u00e0 chaleur sur mesure pour usage int\u00e9rieur\"}]},{\"@type\":\"WebSite\",\"@id\":\"https:\/\/geoclimate.ge\/#website\",\"url\":\"https:\/\/geoclimate.ge\/\",\"name\":\"GeoClimate\",\"description\":\"\",\"publisher\":{\"@id\":\"https:\/\/geoclimate.ge\/#organization\"},\"potentialAction\":[{\"@type\":\"SearchAction\",\"target\":{\"@type\":\"EntryPoint\",\"urlTemplate\":\"https:\/\/geoclimate.ge\/?s={search_term_string}\"},\"query-input\":{\"@type\":\"PropertyValueSpecification\",\"valueRequired\":true,\"valueName\":\"search_term_string\"}}],\"inLanguage\":\"fr-FR\"},{\"@type\":\"Organization\",\"@id\":\"https:\/\/geoclimate.ge\/#organization\",\"name\":\"GeoClimate\",\"url\":\"https:\/\/geoclimate.ge\/\",\"logo\":{\"@type\":\"ImageObject\",\"inLanguage\":\"fr-FR\",\"@id\":\"https:\/\/geoclimate.ge\/#\/schema\/logo\/image\/\",\"url\":\"https:\/\/geoclimate.ge\/wp-content\/uploads\/2026\/03\/geoclimate-SEO.png\",\"contentUrl\":\"https:\/\/geoclimate.ge\/wp-content\/uploads\/2026\/03\/geoclimate-SEO.png\",\"width\":1536,\"height\":1024,\"caption\":\"GeoClimate\"},\"image\":{\"@id\":\"https:\/\/geoclimate.ge\/#\/schema\/logo\/image\/\"}}]}<\/script>\n<!-- \/ Yoast SEO plugin. -->","yoast_head_json":{"title":"Pompe \u00e0 chaleur industrielle NH3 WH\u00a0: Pompe \u00e0 chaleur sur mesure pour usage int\u00e9rieur - GeoClimate.ge","robots":{"index":"index","follow":"follow","max-snippet":"max-snippet:-1","max-image-preview":"max-image-preview:large","max-video-preview":"max-video-preview:-1"},"canonical":"https:\/\/geoclimate.ge\/fr\/produit\/nh3-industrial-heat-pump-wh-custom-heat-pump-for-indoor-use\/","og_locale":"fr_FR","og_type":"article","og_title":"Pompe \u00e0 chaleur industrielle NH3 WH\u00a0: Pompe \u00e0 chaleur sur mesure pour usage int\u00e9rieur - GeoClimate.ge","og_description":"Puissance frigorifique adapt\u00e9e aux besoins La pompe \u00e0 chaleur sur mesure WH d&rsquo;ENEX INDUSTRIAL, destin\u00e9e \u00e0 une utilisation int\u00e9rieure avec","og_url":"https:\/\/geoclimate.ge\/fr\/produit\/nh3-industrial-heat-pump-wh-custom-heat-pump-for-indoor-use\/","og_site_name":"GeoClimate.ge","article_modified_time":"2025-05-25T18:07:56+00:00","og_image":[{"width":714,"height":575,"url":"https:\/\/geoclimate.ge\/wp-content\/uploads\/2025\/05\/WH.jpg","type":"image\/jpeg"}],"twitter_card":"summary_large_image","twitter_misc":{"Dur\u00e9e de lecture estim\u00e9e":"1 minute"},"schema":{"@context":"https:\/\/schema.org","@graph":[{"@type":"WebPage","@id":"https:\/\/geoclimate.ge\/fr\/produit\/nh3-industrial-heat-pump-wh-custom-heat-pump-for-indoor-use\/","url":"https:\/\/geoclimate.ge\/fr\/produit\/nh3-industrial-heat-pump-wh-custom-heat-pump-for-indoor-use\/","name":"Pompe \u00e0 chaleur industrielle NH3 WH\u00a0: Pompe \u00e0 chaleur sur mesure pour usage int\u00e9rieur - GeoClimate.ge","isPartOf":{"@id":"https:\/\/geoclimate.ge\/#website"},"primaryImageOfPage":{"@id":"https:\/\/geoclimate.ge\/fr\/produit\/nh3-industrial-heat-pump-wh-custom-heat-pump-for-indoor-use\/#primaryimage"},"image":{"@id":"https:\/\/geoclimate.ge\/fr\/produit\/nh3-industrial-heat-pump-wh-custom-heat-pump-for-indoor-use\/#primaryimage"},"thumbnailUrl":"https:\/\/geoclimate.ge\/wp-content\/uploads\/2025\/05\/WH.jpg","datePublished":"2025-05-25T18:05:31+00:00","dateModified":"2025-05-25T18:07:56+00:00","breadcrumb":{"@id":"https:\/\/geoclimate.ge\/fr\/produit\/nh3-industrial-heat-pump-wh-custom-heat-pump-for-indoor-use\/#breadcrumb"},"inLanguage":"fr-FR","potentialAction":[{"@type":"ReadAction","target":["https:\/\/geoclimate.ge\/fr\/produit\/nh3-industrial-heat-pump-wh-custom-heat-pump-for-indoor-use\/"]}]},{"@type":"ImageObject","inLanguage":"fr-FR","@id":"https:\/\/geoclimate.ge\/fr\/produit\/nh3-industrial-heat-pump-wh-custom-heat-pump-for-indoor-use\/#primaryimage","url":"https:\/\/geoclimate.ge\/wp-content\/uploads\/2025\/05\/WH.jpg","contentUrl":"https:\/\/geoclimate.ge\/wp-content\/uploads\/2025\/05\/WH.jpg","width":714,"height":575},{"@type":"BreadcrumbList","@id":"https:\/\/geoclimate.ge\/fr\/produit\/nh3-industrial-heat-pump-wh-custom-heat-pump-for-indoor-use\/#breadcrumb","itemListElement":[{"@type":"ListItem","position":1,"name":"Home","item":"https:\/\/geoclimate.ge\/fr\/"},{"@type":"ListItem","position":2,"name":"Products","item":"https:\/\/geoclimate.ge\/fr\/products\/"},{"@type":"ListItem","position":3,"name":"Pompe \u00e0 chaleur industrielle NH3 WH\u00a0: Pompe \u00e0 chaleur sur mesure pour usage int\u00e9rieur"}]},{"@type":"WebSite","@id":"https:\/\/geoclimate.ge\/#website","url":"https:\/\/geoclimate.ge\/","name":"GeoClimate","description":"","publisher":{"@id":"https:\/\/geoclimate.ge\/#organization"},"potentialAction":[{"@type":"SearchAction","target":{"@type":"EntryPoint","urlTemplate":"https:\/\/geoclimate.ge\/?s={search_term_string}"},"query-input":{"@type":"PropertyValueSpecification","valueRequired":true,"valueName":"search_term_string"}}],"inLanguage":"fr-FR"},{"@type":"Organization","@id":"https:\/\/geoclimate.ge\/#organization","name":"GeoClimate","url":"https:\/\/geoclimate.ge\/","logo":{"@type":"ImageObject","inLanguage":"fr-FR","@id":"https:\/\/geoclimate.ge\/#\/schema\/logo\/image\/","url":"https:\/\/geoclimate.ge\/wp-content\/uploads\/2026\/03\/geoclimate-SEO.png","contentUrl":"https:\/\/geoclimate.ge\/wp-content\/uploads\/2026\/03\/geoclimate-SEO.png","width":1536,"height":1024,"caption":"GeoClimate"},"image":{"@id":"https:\/\/geoclimate.ge\/#\/schema\/logo\/image\/"}}]}},"_links":{"self":[{"href":"https:\/\/geoclimate.ge\/fr\/wp-json\/wp\/v2\/product\/33597","targetHints":{"allow":["GET"]}}],"collection":[{"href":"https:\/\/geoclimate.ge\/fr\/wp-json\/wp\/v2\/product"}],"about":[{"href":"https:\/\/geoclimate.ge\/fr\/wp-json\/wp\/v2\/types\/product"}],"wp:featuredmedia":[{"embeddable":true,"href":"https:\/\/geoclimate.ge\/fr\/wp-json\/wp\/v2\/media\/33592"}],"wp:attachment":[{"href":"https:\/\/geoclimate.ge\/fr\/wp-json\/wp\/v2\/media?parent=33597"}],"wp:term":[{"taxonomy":"product_brand","embeddable":true,"href":"https:\/\/geoclimate.ge\/fr\/wp-json\/wp\/v2\/product_brand?post=33597"},{"taxonomy":"product_cat","embeddable":true,"href":"https:\/\/geoclimate.ge\/fr\/wp-json\/wp\/v2\/product_cat?post=33597"},{"taxonomy":"product_tag","embeddable":true,"href":"https:\/\/geoclimate.ge\/fr\/wp-json\/wp\/v2\/product_tag?post=33597"}],"curies":[{"name":"wp","href":"https:\/\/api.w.org\/{rel}","templated":true}]}}