{"id":33624,"date":"2025-05-25T22:20:00","date_gmt":"2025-05-25T18:20:00","guid":{"rendered":"https:\/\/airsystems.ge\/shop\/product\/everest290-heat-pump-pae-kp-modular-packaged-air-to-water-reversible-scroll-heat-pump-for-outdoor-use\/"},"modified":"2025-05-25T22:24:50","modified_gmt":"2025-05-25T18:24:50","slug":"everest290-heat-pump-pae-kp-modular-packaged-air-to-water-reversible-scroll-heat-pump-for-outdoor-use","status":"publish","type":"product","link":"https:\/\/geoclimate.ge\/fr\/produit\/everest290-heat-pump-pae-kp-modular-packaged-air-to-water-reversible-scroll-heat-pump-for-outdoor-use\/","title":{"rendered":"Pompe \u00e0 chaleur Everest290 PAE Kp\u00a0: Pompe \u00e0 chaleur r\u00e9versible air-eau Scroll modulaire pour usage ext\u00e9rieur"},"content":{"rendered":"<div class=\"elementor-element elementor-element-70da8153 elementor-widget elementor-widget-theme-page-title elementor-page-title elementor-widget-heading\" data-id=\"70da8153\" data-element_type=\"widget\" data-widget_type=\"theme-page-title.default\">\n<div class=\"elementor-widget-container\">\n<p>Puissance frigorifique \u00e0 partir de 66 kW<br \/>\nPuissance calorifique \u00e0 partir de 88\u00a0kW<\/p>\n<p>La pompe \u00e0 chaleur r\u00e9versible air-eau Scroll au propane Everest290 d&rsquo;EMICON, con\u00e7ue pour l&rsquo;ext\u00e9rieur, int\u00e8gre un concept enti\u00e8rement modulaire garantissant une charge extr\u00eamement faible de fluide frigorig\u00e8ne R290 hautement durable par circuit, pour une s\u00e9curit\u00e9 maximale. Adapt\u00e9e \u00e0 toutes les applications CVC, elle est capable de produire de l&rsquo;eau chaude jusqu&rsquo;\u00e0 70\u00a0\u00b0C. Les compresseurs Scroll de derni\u00e8re g\u00e9n\u00e9ration garantissent des rendements exceptionnels et de larges plages de fonctionnement, jusqu&rsquo;\u00e0 -20\u00a0\u00b0C de temp\u00e9rature ext\u00e9rieure en mode chauffage. Versions optimis\u00e9es pour le chauffage et le refroidissement.<\/p>\n<p>CARACT\u00c9RISTIQUES<br \/>\nExtension de capacit\u00e9\u00a0: jusqu&rsquo;\u00e0 10\u00a0unit\u00e9s maximum<br \/>\nExtensibilit\u00e9\u00a0: possibilit\u00e9 d&rsquo;extension de l&rsquo;installation si n\u00e9cessaire, m\u00eame apr\u00e8s le d\u00e9marrage<br \/>\nRendement \u00e9lev\u00e9, m\u00eame \u00e0 charge partielle<br \/>\nCharge minimale de fluide frigorig\u00e8ne pour chaque unit\u00e9, en configuration modulaire. De plus, chaque circuit frigorifique est isol\u00e9, r\u00e9duisant ainsi au minimum les pertes en cas de fuite de fluide frigorig\u00e8ne.<br \/>\nContinuit\u00e9 de fonctionnement gr\u00e2ce \u00e0 la logique \u00ab\u00a0Ma\u00eetre en rotation\u00a0\u00bb qui permet d&rsquo;exclure un module pour une maintenance ordinaire ou extraordinaire, ou pour toute autre exigence client, sans interrompre le fonctionnement des autres unit\u00e9s.<br \/>\nMaintenance simplifi\u00e9e gr\u00e2ce au syst\u00e8me \u00ab\u00a0glisser-d\u00e9poser\u00a0\u00bb.<br \/>\nAccessibilit\u00e9\u00a0: Les principaux composants sont accessibles par l&rsquo;avant pour une maintenance simplifi\u00e9e.<\/p>\n<\/div>\n<\/div>\n<div class=\"elementor-element elementor-element-427e8a79 e-flex e-con-boxed e-con e-child\" data-id=\"427e8a79\" data-element_type=\"container\">\n<div class=\"e-con-inner\">\n<div class=\"elementor-element elementor-element-6e19ed90 hidebutton mc-bl elementor-align-left elementor-widget elementor-widget-button\" data-id=\"6e19ed90\" data-element_type=\"widget\" data-widget_type=\"button.default\">\n<div class=\"elementor-widget-container\">\n<div class=\"elementor-button-wrapper\"><a class=\"elementor-button elementor-button-link elementor-size-sm\" href=\"https:\/\/www.enextechnologies.com\/wp-content\/uploads\/2024\/09\/ONE-PAGER-PAE-KP-PAE-WA-KP_ENG.pdf\" target=\"_blank\" rel=\"noopener\"><span class=\"elementor-button-content-wrapper\"><span class=\"elementor-button-text\">ONE PAGER<\/span><\/span><\/a><\/div>\n<\/div>\n<\/div>\n<div class=\"elementor-element elementor-element-13f5f820 hidebutton mc-bl elementor-align-left elementor-widget elementor-widget-button\" data-id=\"13f5f820\" data-element_type=\"widget\" data-widget_type=\"button.default\">\n<div class=\"elementor-widget-container\">\n<div class=\"elementor-button-wrapper\"><a class=\"elementor-button elementor-button-link elementor-size-sm\" href=\"https:\/\/www.enextechnologies.com\/wp-content\/uploads\/2024\/09\/PAE-KP_ENG.pdf\" target=\"_blank\" rel=\"noopener\"><span class=\"elementor-button-content-wrapper\"><span class=\"elementor-button-text\">BROCHURE<\/span><\/span><\/a><\/div>\n<\/div>\n<\/div>\n<div class=\"elementor-element elementor-element-269c3349 hidebutton mc-bl elementor-align-left elementor-widget elementor-widget-button\" data-id=\"269c3349\" data-element_type=\"widget\" data-widget_type=\"button.default\">\n<div class=\"elementor-widget-container\">\n<div class=\"elementor-button-wrapper\"><\/div>\n<\/div>\n<\/div>\n<div class=\"elementor-element elementor-element-650600af hidebutton mc-bl elementor-align-left elementor-widget elementor-widget-button\" data-id=\"650600af\" data-element_type=\"widget\" data-widget_type=\"button.default\">\n<div class=\"elementor-widget-container\">\n<div class=\"elementor-button-wrapper\"><\/div>\n<\/div>\n<\/div>\n<div class=\"elementor-element elementor-element-31c5280e hidebutton mc-bl elementor-align-left elementor-widget elementor-widget-button\" data-id=\"31c5280e\" data-element_type=\"widget\" data-widget_type=\"button.default\">\n<div class=\"elementor-widget-container\">\n<div class=\"elementor-button-wrapper\"><\/div>\n<\/div>\n<\/div>\n<div class=\"elementor-element elementor-element-54f6d61 hidebutton elementor-align-left elementor-widget elementor-widget-button\" data-id=\"54f6d61\" data-element_type=\"widget\" data-widget_type=\"button.default\">\n<div class=\"elementor-widget-container\">\n<div class=\"elementor-button-wrapper\"><a class=\"elementor-button elementor-button-link elementor-size-sm\" href=\"https:\/\/areautenti.emiconac.it\/wp-content\/uploads\/2023\/08\/MTEC.7800.GB-B-122-Operation-and-maintenance-manual-PAE-Kp-PAE-WA-Kp-GPE-Kp-series-English-Rev.B-06-2024.pdf\" target=\"_blank\" rel=\"noopener\"><span class=\"elementor-button-content-wrapper\"><span class=\"elementor-button-text\">TECHNICAL MANUAL<\/span><\/span><\/a><\/div>\n<\/div>\n<\/div>\n<\/div>\n<\/div>\n","protected":false},"excerpt":{"rendered":"<p>Puissance frigorifique \u00e0 partir de 66 kW Puissance calorifique \u00e0 partir de 88\u00a0kW La pompe \u00e0 chaleur r\u00e9versible air-eau Scroll<\/p>\n","protected":false},"featured_media":33618,"template":"","meta":[],"product_brand":[],"product_cat":[682,1667],"product_tag":[],"class_list":{"0":"post-33624","1":"product","2":"type-product","3":"status-publish","4":"has-post-thumbnail","6":"product_cat-climatiseurs-fr-industriels","7":"product_cat-pompe-a-chaleur","9":"first","10":"instock","11":"shipping-taxable","12":"product-type-simple"},"yoast_head":"<!-- This site is optimized with the Yoast SEO plugin v27.1.1 - https:\/\/yoast.com\/product\/yoast-seo-wordpress\/ -->\n<title>Pompe \u00e0 chaleur Everest290 PAE Kp\u00a0: Pompe \u00e0 chaleur r\u00e9versible air-eau Scroll modulaire pour usage ext\u00e9rieur - GeoClimate.ge<\/title>\n<meta name=\"robots\" content=\"index, follow, max-snippet:-1, max-image-preview:large, max-video-preview:-1\" \/>\n<link rel=\"canonical\" href=\"https:\/\/geoclimate.ge\/fr\/produit\/everest290-heat-pump-pae-kp-modular-packaged-air-to-water-reversible-scroll-heat-pump-for-outdoor-use\/\" \/>\n<meta property=\"og:locale\" content=\"fr_FR\" \/>\n<meta property=\"og:type\" content=\"article\" \/>\n<meta property=\"og:title\" content=\"Pompe \u00e0 chaleur Everest290 PAE Kp\u00a0: Pompe \u00e0 chaleur r\u00e9versible air-eau Scroll modulaire pour usage ext\u00e9rieur - GeoClimate.ge\" \/>\n<meta property=\"og:description\" content=\"Puissance frigorifique \u00e0 partir de 66 kW Puissance calorifique \u00e0 partir de 88\u00a0kW La pompe \u00e0 chaleur r\u00e9versible air-eau Scroll\" \/>\n<meta property=\"og:url\" content=\"https:\/\/geoclimate.ge\/fr\/produit\/everest290-heat-pump-pae-kp-modular-packaged-air-to-water-reversible-scroll-heat-pump-for-outdoor-use\/\" \/>\n<meta property=\"og:site_name\" content=\"GeoClimate.ge\" \/>\n<meta property=\"article:modified_time\" content=\"2025-05-25T18:24:50+00:00\" \/>\n<meta property=\"og:image\" content=\"https:\/\/geoclimate.ge\/wp-content\/uploads\/2025\/05\/PAE-Kp-1-qjox6bsjpavdlxipk78k2gmg0hkjy8i6le0hm62ty0.png\" \/>\n\t<meta property=\"og:image:width\" content=\"637\" \/>\n\t<meta property=\"og:image:height\" content=\"636\" \/>\n\t<meta property=\"og:image:type\" content=\"image\/png\" \/>\n<meta name=\"twitter:card\" content=\"summary_large_image\" \/>\n<meta name=\"twitter:label1\" content=\"Dur\u00e9e de lecture estim\u00e9e\" \/>\n\t<meta name=\"twitter:data1\" content=\"1 minute\" \/>\n<script type=\"application\/ld+json\" class=\"yoast-schema-graph\">{\"@context\":\"https:\/\/schema.org\",\"@graph\":[{\"@type\":\"WebPage\",\"@id\":\"https:\/\/geoclimate.ge\/fr\/produit\/everest290-heat-pump-pae-kp-modular-packaged-air-to-water-reversible-scroll-heat-pump-for-outdoor-use\/\",\"url\":\"https:\/\/geoclimate.ge\/fr\/produit\/everest290-heat-pump-pae-kp-modular-packaged-air-to-water-reversible-scroll-heat-pump-for-outdoor-use\/\",\"name\":\"Pompe \u00e0 chaleur Everest290 PAE Kp\u00a0: Pompe \u00e0 chaleur r\u00e9versible air-eau Scroll modulaire pour usage ext\u00e9rieur - GeoClimate.ge\",\"isPartOf\":{\"@id\":\"https:\/\/geoclimate.ge\/#website\"},\"primaryImageOfPage\":{\"@id\":\"https:\/\/geoclimate.ge\/fr\/produit\/everest290-heat-pump-pae-kp-modular-packaged-air-to-water-reversible-scroll-heat-pump-for-outdoor-use\/#primaryimage\"},\"image\":{\"@id\":\"https:\/\/geoclimate.ge\/fr\/produit\/everest290-heat-pump-pae-kp-modular-packaged-air-to-water-reversible-scroll-heat-pump-for-outdoor-use\/#primaryimage\"},\"thumbnailUrl\":\"https:\/\/geoclimate.ge\/wp-content\/uploads\/2025\/05\/PAE-Kp-1-qjox6bsjpavdlxipk78k2gmg0hkjy8i6le0hm62ty0.png\",\"datePublished\":\"2025-05-25T18:20:00+00:00\",\"dateModified\":\"2025-05-25T18:24:50+00:00\",\"breadcrumb\":{\"@id\":\"https:\/\/geoclimate.ge\/fr\/produit\/everest290-heat-pump-pae-kp-modular-packaged-air-to-water-reversible-scroll-heat-pump-for-outdoor-use\/#breadcrumb\"},\"inLanguage\":\"fr-FR\",\"potentialAction\":[{\"@type\":\"ReadAction\",\"target\":[\"https:\/\/geoclimate.ge\/fr\/produit\/everest290-heat-pump-pae-kp-modular-packaged-air-to-water-reversible-scroll-heat-pump-for-outdoor-use\/\"]}]},{\"@type\":\"ImageObject\",\"inLanguage\":\"fr-FR\",\"@id\":\"https:\/\/geoclimate.ge\/fr\/produit\/everest290-heat-pump-pae-kp-modular-packaged-air-to-water-reversible-scroll-heat-pump-for-outdoor-use\/#primaryimage\",\"url\":\"https:\/\/geoclimate.ge\/wp-content\/uploads\/2025\/05\/PAE-Kp-1-qjox6bsjpavdlxipk78k2gmg0hkjy8i6le0hm62ty0.png\",\"contentUrl\":\"https:\/\/geoclimate.ge\/wp-content\/uploads\/2025\/05\/PAE-Kp-1-qjox6bsjpavdlxipk78k2gmg0hkjy8i6le0hm62ty0.png\",\"width\":637,\"height\":636},{\"@type\":\"BreadcrumbList\",\"@id\":\"https:\/\/geoclimate.ge\/fr\/produit\/everest290-heat-pump-pae-kp-modular-packaged-air-to-water-reversible-scroll-heat-pump-for-outdoor-use\/#breadcrumb\",\"itemListElement\":[{\"@type\":\"ListItem\",\"position\":1,\"name\":\"Home\",\"item\":\"https:\/\/geoclimate.ge\/fr\/\"},{\"@type\":\"ListItem\",\"position\":2,\"name\":\"Products\",\"item\":\"https:\/\/geoclimate.ge\/fr\/products\/\"},{\"@type\":\"ListItem\",\"position\":3,\"name\":\"Pompe \u00e0 chaleur Everest290 PAE Kp\u00a0: Pompe \u00e0 chaleur r\u00e9versible air-eau Scroll modulaire pour usage ext\u00e9rieur\"}]},{\"@type\":\"WebSite\",\"@id\":\"https:\/\/geoclimate.ge\/#website\",\"url\":\"https:\/\/geoclimate.ge\/\",\"name\":\"GeoClimate\",\"description\":\"\",\"publisher\":{\"@id\":\"https:\/\/geoclimate.ge\/#organization\"},\"potentialAction\":[{\"@type\":\"SearchAction\",\"target\":{\"@type\":\"EntryPoint\",\"urlTemplate\":\"https:\/\/geoclimate.ge\/?s={search_term_string}\"},\"query-input\":{\"@type\":\"PropertyValueSpecification\",\"valueRequired\":true,\"valueName\":\"search_term_string\"}}],\"inLanguage\":\"fr-FR\"},{\"@type\":\"Organization\",\"@id\":\"https:\/\/geoclimate.ge\/#organization\",\"name\":\"GeoClimate\",\"url\":\"https:\/\/geoclimate.ge\/\",\"logo\":{\"@type\":\"ImageObject\",\"inLanguage\":\"fr-FR\",\"@id\":\"https:\/\/geoclimate.ge\/#\/schema\/logo\/image\/\",\"url\":\"https:\/\/geoclimate.ge\/wp-content\/uploads\/2026\/03\/geoclimate-SEO.png\",\"contentUrl\":\"https:\/\/geoclimate.ge\/wp-content\/uploads\/2026\/03\/geoclimate-SEO.png\",\"width\":1536,\"height\":1024,\"caption\":\"GeoClimate\"},\"image\":{\"@id\":\"https:\/\/geoclimate.ge\/#\/schema\/logo\/image\/\"}}]}<\/script>\n<!-- \/ Yoast SEO plugin. -->","yoast_head_json":{"title":"Pompe \u00e0 chaleur Everest290 PAE Kp\u00a0: Pompe \u00e0 chaleur r\u00e9versible air-eau Scroll modulaire pour usage ext\u00e9rieur - GeoClimate.ge","robots":{"index":"index","follow":"follow","max-snippet":"max-snippet:-1","max-image-preview":"max-image-preview:large","max-video-preview":"max-video-preview:-1"},"canonical":"https:\/\/geoclimate.ge\/fr\/produit\/everest290-heat-pump-pae-kp-modular-packaged-air-to-water-reversible-scroll-heat-pump-for-outdoor-use\/","og_locale":"fr_FR","og_type":"article","og_title":"Pompe \u00e0 chaleur Everest290 PAE Kp\u00a0: Pompe \u00e0 chaleur r\u00e9versible air-eau Scroll modulaire pour usage ext\u00e9rieur - GeoClimate.ge","og_description":"Puissance frigorifique \u00e0 partir de 66 kW Puissance calorifique \u00e0 partir de 88\u00a0kW La pompe \u00e0 chaleur r\u00e9versible air-eau Scroll","og_url":"https:\/\/geoclimate.ge\/fr\/produit\/everest290-heat-pump-pae-kp-modular-packaged-air-to-water-reversible-scroll-heat-pump-for-outdoor-use\/","og_site_name":"GeoClimate.ge","article_modified_time":"2025-05-25T18:24:50+00:00","og_image":[{"width":637,"height":636,"url":"https:\/\/geoclimate.ge\/wp-content\/uploads\/2025\/05\/PAE-Kp-1-qjox6bsjpavdlxipk78k2gmg0hkjy8i6le0hm62ty0.png","type":"image\/png"}],"twitter_card":"summary_large_image","twitter_misc":{"Dur\u00e9e de lecture estim\u00e9e":"1 minute"},"schema":{"@context":"https:\/\/schema.org","@graph":[{"@type":"WebPage","@id":"https:\/\/geoclimate.ge\/fr\/produit\/everest290-heat-pump-pae-kp-modular-packaged-air-to-water-reversible-scroll-heat-pump-for-outdoor-use\/","url":"https:\/\/geoclimate.ge\/fr\/produit\/everest290-heat-pump-pae-kp-modular-packaged-air-to-water-reversible-scroll-heat-pump-for-outdoor-use\/","name":"Pompe \u00e0 chaleur Everest290 PAE Kp\u00a0: Pompe \u00e0 chaleur r\u00e9versible air-eau Scroll modulaire pour usage ext\u00e9rieur - GeoClimate.ge","isPartOf":{"@id":"https:\/\/geoclimate.ge\/#website"},"primaryImageOfPage":{"@id":"https:\/\/geoclimate.ge\/fr\/produit\/everest290-heat-pump-pae-kp-modular-packaged-air-to-water-reversible-scroll-heat-pump-for-outdoor-use\/#primaryimage"},"image":{"@id":"https:\/\/geoclimate.ge\/fr\/produit\/everest290-heat-pump-pae-kp-modular-packaged-air-to-water-reversible-scroll-heat-pump-for-outdoor-use\/#primaryimage"},"thumbnailUrl":"https:\/\/geoclimate.ge\/wp-content\/uploads\/2025\/05\/PAE-Kp-1-qjox6bsjpavdlxipk78k2gmg0hkjy8i6le0hm62ty0.png","datePublished":"2025-05-25T18:20:00+00:00","dateModified":"2025-05-25T18:24:50+00:00","breadcrumb":{"@id":"https:\/\/geoclimate.ge\/fr\/produit\/everest290-heat-pump-pae-kp-modular-packaged-air-to-water-reversible-scroll-heat-pump-for-outdoor-use\/#breadcrumb"},"inLanguage":"fr-FR","potentialAction":[{"@type":"ReadAction","target":["https:\/\/geoclimate.ge\/fr\/produit\/everest290-heat-pump-pae-kp-modular-packaged-air-to-water-reversible-scroll-heat-pump-for-outdoor-use\/"]}]},{"@type":"ImageObject","inLanguage":"fr-FR","@id":"https:\/\/geoclimate.ge\/fr\/produit\/everest290-heat-pump-pae-kp-modular-packaged-air-to-water-reversible-scroll-heat-pump-for-outdoor-use\/#primaryimage","url":"https:\/\/geoclimate.ge\/wp-content\/uploads\/2025\/05\/PAE-Kp-1-qjox6bsjpavdlxipk78k2gmg0hkjy8i6le0hm62ty0.png","contentUrl":"https:\/\/geoclimate.ge\/wp-content\/uploads\/2025\/05\/PAE-Kp-1-qjox6bsjpavdlxipk78k2gmg0hkjy8i6le0hm62ty0.png","width":637,"height":636},{"@type":"BreadcrumbList","@id":"https:\/\/geoclimate.ge\/fr\/produit\/everest290-heat-pump-pae-kp-modular-packaged-air-to-water-reversible-scroll-heat-pump-for-outdoor-use\/#breadcrumb","itemListElement":[{"@type":"ListItem","position":1,"name":"Home","item":"https:\/\/geoclimate.ge\/fr\/"},{"@type":"ListItem","position":2,"name":"Products","item":"https:\/\/geoclimate.ge\/fr\/products\/"},{"@type":"ListItem","position":3,"name":"Pompe \u00e0 chaleur Everest290 PAE Kp\u00a0: Pompe \u00e0 chaleur r\u00e9versible air-eau Scroll modulaire pour usage ext\u00e9rieur"}]},{"@type":"WebSite","@id":"https:\/\/geoclimate.ge\/#website","url":"https:\/\/geoclimate.ge\/","name":"GeoClimate","description":"","publisher":{"@id":"https:\/\/geoclimate.ge\/#organization"},"potentialAction":[{"@type":"SearchAction","target":{"@type":"EntryPoint","urlTemplate":"https:\/\/geoclimate.ge\/?s={search_term_string}"},"query-input":{"@type":"PropertyValueSpecification","valueRequired":true,"valueName":"search_term_string"}}],"inLanguage":"fr-FR"},{"@type":"Organization","@id":"https:\/\/geoclimate.ge\/#organization","name":"GeoClimate","url":"https:\/\/geoclimate.ge\/","logo":{"@type":"ImageObject","inLanguage":"fr-FR","@id":"https:\/\/geoclimate.ge\/#\/schema\/logo\/image\/","url":"https:\/\/geoclimate.ge\/wp-content\/uploads\/2026\/03\/geoclimate-SEO.png","contentUrl":"https:\/\/geoclimate.ge\/wp-content\/uploads\/2026\/03\/geoclimate-SEO.png","width":1536,"height":1024,"caption":"GeoClimate"},"image":{"@id":"https:\/\/geoclimate.ge\/#\/schema\/logo\/image\/"}}]}},"_links":{"self":[{"href":"https:\/\/geoclimate.ge\/fr\/wp-json\/wp\/v2\/product\/33624","targetHints":{"allow":["GET"]}}],"collection":[{"href":"https:\/\/geoclimate.ge\/fr\/wp-json\/wp\/v2\/product"}],"about":[{"href":"https:\/\/geoclimate.ge\/fr\/wp-json\/wp\/v2\/types\/product"}],"wp:featuredmedia":[{"embeddable":true,"href":"https:\/\/geoclimate.ge\/fr\/wp-json\/wp\/v2\/media\/33618"}],"wp:attachment":[{"href":"https:\/\/geoclimate.ge\/fr\/wp-json\/wp\/v2\/media?parent=33624"}],"wp:term":[{"taxonomy":"product_brand","embeddable":true,"href":"https:\/\/geoclimate.ge\/fr\/wp-json\/wp\/v2\/product_brand?post=33624"},{"taxonomy":"product_cat","embeddable":true,"href":"https:\/\/geoclimate.ge\/fr\/wp-json\/wp\/v2\/product_cat?post=33624"},{"taxonomy":"product_tag","embeddable":true,"href":"https:\/\/geoclimate.ge\/fr\/wp-json\/wp\/v2\/product_tag?post=33624"}],"curies":[{"name":"wp","href":"https:\/\/api.w.org\/{rel}","templated":true}]}}