{"id":33640,"date":"2025-05-26T11:31:43","date_gmt":"2025-05-26T07:31:43","guid":{"rendered":"https:\/\/airsystems.ge\/shop\/product\/everest290-heat-pump-pae-wa-kp-modular-packaged-air-to-water-reversible-scroll-heat-pump-for-outdoor-use\/"},"modified":"2025-05-26T11:34:07","modified_gmt":"2025-05-26T07:34:07","slug":"everest290-heat-pump-pae-wa-kp-modular-packaged-air-to-water-reversible-scroll-heat-pump-for-outdoor-use","status":"publish","type":"product","link":"https:\/\/geoclimate.ge\/fr\/produit\/everest290-heat-pump-pae-wa-kp-modular-packaged-air-to-water-reversible-scroll-heat-pump-for-outdoor-use\/","title":{"rendered":"Everest290 \u0130stilik Pompas\u0131 PAE WA Kp: Xarici istifad\u0259 \u00fc\u00e7\u00fcn modul qabla\u015fd\u0131r\u0131lan havadan suya \u00e7evril\u0259n d\u00f6nm\u0259 istilik nasosu"},"content":{"rendered":"<div class=\"elementor-element elementor-element-391e72ec elementor-widget elementor-widget-theme-post-content\" data-id=\"391e72ec\" data-element_type=\"widget\" data-widget_type=\"theme-post-content.default\">\n<div class=\"elementor-widget-container\">\n<p>105 kVt-dan soyutma g\u00fcc\u00fc<br \/>\n88 kVt-dan istilik g\u00fcc\u00fc<\/p>\n<p>EMICON-un Everest290 qabla\u015fd\u0131r\u0131lan, a\u00e7\u0131q havada istifad\u0259 \u00fc\u00e7\u00fcn havadan suya d\u00f6n\u0259n d\u00f6nd\u0259r\u0259n propan istilik nasosu, h\u0259r d\u00f6vr\u0259 \u00fc\u00e7\u00fcn y\u00fcks\u0259k dayan\u0131ql\u0131 R290 soyuducunun son d\u0259r\u0259c\u0259 a\u015fa\u011f\u0131 y\u00fckl\u0259nm\u0259sini t\u0259min ed\u0259n v\u0259 maksimum t\u0259hl\u00fck\u0259sizliyi t\u0259min ed\u0259n tam modul konsepti \u00f6z\u00fcnd\u0259 birl\u0259\u015fdirir. B\u00fct\u00fcn HVAC t\u0259tbiql\u0259ri \u00fc\u00e7\u00fcn uy\u011fundur v\u0259 70\u00b0C-\u0259 q\u0259d\u0259r isti su istehsal ed\u0259 bilir. \u018fn son n\u0259sil f\u0131rlanan kompressorlar istilik rejimind\u0259 -20\u00b0C-y\u0259 q\u0259d\u0259r xarici m\u00fchitd\u0259 y\u00fcks\u0259k effektivliy\u0259 v\u0259 geni\u015f \u0259m\u0259liyyat m\u0259hdudiyy\u0259tl\u0259rin\u0259 z\u0259man\u0259t verir. \u0130stilik \u00fc\u00e7\u00fcn optimalla\u015fd\u0131r\u0131lm\u0131\u015f v\u0259 soyutma \u00fc\u00e7\u00fcn optimalla\u015fd\u0131r\u0131lm\u0131\u015f versiyalar.<\/p>\n<p>X\u00dcSUS\u0130YY\u018fTL\u018fR\u0130<br \/>\nTutumun geni\u015fl\u0259ndirilm\u0259si: maksimum 10 vahid\u0259 q\u0259d\u0259r<br \/>\nGeni\u015fl\u0259nm\u0259 qabiliyy\u0259ti: h\u0259tta i\u015f\u0259 sal\u0131nd\u0131qdan sonra bel\u0259 laz\u0131m olduqda qura\u015fd\u0131rman\u0131 geni\u015fl\u0259ndirm\u0259k imkan\u0131<br \/>\nQism\u0259n y\u00fckl\u0259rd\u0259 bel\u0259 y\u00fcks\u0259k s\u0259m\u0259r\u0259lilik<br \/>\nModul konfiqurasiyada h\u0259r bir vahid \u00fc\u00e7\u00fcn minimum soyuducu y\u00fck\u00fc. Bundan \u0259lav\u0259, h\u0259r bir soyuducu d\u00f6vr\u0259 t\u0259crid olunur, bel\u0259likl\u0259, soyuducu s\u0131zmas\u0131 hal\u0131nda tullant\u0131lar\u0131 minimuma endirir.<br \/>\nModullardan birinin adi v\u0259 ya f\u00f6vq\u0259lad\u0259 texniki xidm\u0259t v\u0259 ya m\u00fc\u015ft\u0259rinin h\u0259r hans\u0131 dig\u0259r t\u0259l\u0259bi \u00fc\u00e7\u00fcn b\u00fct\u00fcn dig\u0259r b\u00f6lm\u0259l\u0259rin i\u015find\u0259 he\u00e7 bir fasil\u0259 olmadan xaric edilm\u0259sin\u0259 imkan ver\u0259n \u201cMaster in rotasiya\u201d m\u0259ntiqi il\u0259 \u0259m\u0259liyyat davaml\u0131l\u0131\u011f\u0131<br \/>\n\u201cS\u00fcr\u00fc\u015fd\u00fcr\u00fcl\u0259r\u0259k s\u00fcr\u00fc\u015fd\u00fcr\u00fclm\u0259si\u201d sistemi say\u0259sind\u0259 asan t\u0259mir<br \/>\n\u018fl\u00e7atanl\u0131q: asan t\u0259mir \u00fc\u00e7\u00fcn \u0259sas komponentl\u0259r\u0259 \u00f6n t\u0259r\u0259fd\u0259n daxil olmaq m\u00fcmk\u00fcnd\u00fcr<\/p>\n<\/div>\n<\/div>\n<div class=\"elementor-element elementor-element-427e8a79 e-flex e-con-boxed e-con e-child\" data-id=\"427e8a79\" data-element_type=\"container\">\n<div class=\"e-con-inner\">\n<div class=\"elementor-element elementor-element-6e19ed90 hidebutton mc-bl elementor-align-left elementor-widget elementor-widget-button\" data-id=\"6e19ed90\" data-element_type=\"widget\" data-widget_type=\"button.default\">\n<div class=\"elementor-widget-container\">\n<div class=\"elementor-button-wrapper\"><a class=\"elementor-button elementor-button-link elementor-size-sm\" href=\"https:\/\/www.enextechnologies.com\/wp-content\/uploads\/2024\/09\/ONE-PAGER-PAE-KP-PAE-WA-KP_ENG.pdf\" target=\"_blank\" rel=\"noopener\"><span class=\"elementor-button-content-wrapper\"><span class=\"elementor-button-text\">ONE PAGER<\/span><\/span><\/a><\/div>\n<\/div>\n<\/div>\n<div class=\"elementor-element elementor-element-13f5f820 hidebutton mc-bl elementor-align-left elementor-widget elementor-widget-button\" data-id=\"13f5f820\" data-element_type=\"widget\" data-widget_type=\"button.default\">\n<div class=\"elementor-widget-container\">\n<div class=\"elementor-button-wrapper\"><a class=\"elementor-button elementor-button-link elementor-size-sm\" href=\"https:\/\/www.enextechnologies.com\/wp-content\/uploads\/2024\/09\/PAE-WA-KP_ENG.pdf\" target=\"_blank\" rel=\"noopener\"><span class=\"elementor-button-content-wrapper\"><span class=\"elementor-button-text\">BROCHURE<\/span><\/span><\/a><\/div>\n<\/div>\n<\/div>\n<div class=\"elementor-element elementor-element-269c3349 hidebutton mc-bl elementor-align-left elementor-widget elementor-widget-button\" data-id=\"269c3349\" data-element_type=\"widget\" data-widget_type=\"button.default\">\n<div class=\"elementor-widget-container\">\n<div class=\"elementor-button-wrapper\"><\/div>\n<\/div>\n<\/div>\n<div class=\"elementor-element elementor-element-650600af hidebutton mc-bl elementor-align-left elementor-widget elementor-widget-button\" data-id=\"650600af\" data-element_type=\"widget\" data-widget_type=\"button.default\">\n<div class=\"elementor-widget-container\">\n<div class=\"elementor-button-wrapper\"><\/div>\n<\/div>\n<\/div>\n<div class=\"elementor-element elementor-element-31c5280e hidebutton mc-bl elementor-align-left elementor-widget elementor-widget-button\" data-id=\"31c5280e\" data-element_type=\"widget\" data-widget_type=\"button.default\">\n<div class=\"elementor-widget-container\">\n<div class=\"elementor-button-wrapper\"><\/div>\n<\/div>\n<\/div>\n<div class=\"elementor-element elementor-element-54f6d61 hidebutton elementor-align-left elementor-widget elementor-widget-button\" data-id=\"54f6d61\" data-element_type=\"widget\" data-widget_type=\"button.default\">\n<div class=\"elementor-widget-container\">\n<div class=\"elementor-button-wrapper\"><a class=\"elementor-button elementor-button-link elementor-size-sm\" href=\"https:\/\/areautenti.emiconac.it\/wp-content\/uploads\/2023\/08\/MTEC.7800.GB-B-122-Operation-and-maintenance-manual-PAE-Kp-PAE-WA-Kp-GPE-Kp-series-English-Rev.B-06-2024.pdf\" target=\"_blank\" rel=\"noopener\"><span class=\"elementor-button-content-wrapper\"><span class=\"elementor-button-text\">TECHNICAL MANUAL<\/span><\/span><\/a><\/div>\n<\/div>\n<\/div>\n<\/div>\n<\/div>\n","protected":false},"excerpt":{"rendered":"<p>105 kVt-dan soyutma g\u00fcc\u00fc 88 kVt-dan istilik g\u00fcc\u00fc EMICON-un Everest290 qabla\u015fd\u0131r\u0131lan, a\u00e7\u0131q havada istifad\u0259 \u00fc\u00e7\u00fcn havadan suya d\u00f6n\u0259n d\u00f6nd\u0259r\u0259n propan<\/p>\n","protected":false},"featured_media":33635,"template":"","meta":[],"product_brand":[],"product_cat":[682,1667],"product_tag":[],"class_list":{"0":"post-33640","1":"product","2":"type-product","3":"status-publish","4":"has-post-thumbnail","6":"product_cat-climatiseurs-fr-industriels","7":"product_cat-pompe-a-chaleur","9":"first","10":"instock","11":"shipping-taxable","12":"product-type-simple"},"yoast_head":"<!-- This site is optimized with the Yoast SEO plugin v27.1.1 - https:\/\/yoast.com\/product\/yoast-seo-wordpress\/ -->\n<title>Everest290 \u0130stilik Pompas\u0131 PAE WA Kp: Xarici istifad\u0259 \u00fc\u00e7\u00fcn modul qabla\u015fd\u0131r\u0131lan havadan suya \u00e7evril\u0259n d\u00f6nm\u0259 istilik nasosu - GeoClimate.ge<\/title>\n<meta name=\"robots\" content=\"index, follow, max-snippet:-1, max-image-preview:large, max-video-preview:-1\" \/>\n<link rel=\"canonical\" href=\"https:\/\/geoclimate.ge\/fr\/produit\/everest290-heat-pump-pae-wa-kp-modular-packaged-air-to-water-reversible-scroll-heat-pump-for-outdoor-use\/\" \/>\n<meta property=\"og:locale\" content=\"fr_FR\" \/>\n<meta property=\"og:type\" content=\"article\" \/>\n<meta property=\"og:title\" content=\"Everest290 \u0130stilik Pompas\u0131 PAE WA Kp: Xarici istifad\u0259 \u00fc\u00e7\u00fcn modul qabla\u015fd\u0131r\u0131lan havadan suya \u00e7evril\u0259n d\u00f6nm\u0259 istilik nasosu - GeoClimate.ge\" \/>\n<meta property=\"og:description\" content=\"105 kVt-dan soyutma g\u00fcc\u00fc 88 kVt-dan istilik g\u00fcc\u00fc EMICON-un Everest290 qabla\u015fd\u0131r\u0131lan, a\u00e7\u0131q havada istifad\u0259 \u00fc\u00e7\u00fcn havadan suya d\u00f6n\u0259n d\u00f6nd\u0259r\u0259n propan\" \/>\n<meta property=\"og:url\" content=\"https:\/\/geoclimate.ge\/fr\/produit\/everest290-heat-pump-pae-wa-kp-modular-packaged-air-to-water-reversible-scroll-heat-pump-for-outdoor-use\/\" \/>\n<meta property=\"og:site_name\" content=\"GeoClimate.ge\" \/>\n<meta property=\"article:modified_time\" content=\"2025-05-26T07:34:07+00:00\" \/>\n<meta property=\"og:image\" content=\"https:\/\/geoclimate.ge\/wp-content\/uploads\/2025\/05\/PAE-WA-Kp-qjoxbiug2tl0g82muxrhenany2s8iofsg9zpjdb77m.png\" \/>\n\t<meta property=\"og:image:width\" content=\"686\" \/>\n\t<meta property=\"og:image:height\" content=\"685\" \/>\n\t<meta property=\"og:image:type\" content=\"image\/png\" \/>\n<meta name=\"twitter:card\" content=\"summary_large_image\" \/>\n<meta name=\"twitter:label1\" content=\"Dur\u00e9e de lecture estim\u00e9e\" \/>\n\t<meta name=\"twitter:data1\" content=\"2 minutes\" \/>\n<script type=\"application\/ld+json\" class=\"yoast-schema-graph\">{\"@context\":\"https:\/\/schema.org\",\"@graph\":[{\"@type\":\"WebPage\",\"@id\":\"https:\/\/geoclimate.ge\/fr\/produit\/everest290-heat-pump-pae-wa-kp-modular-packaged-air-to-water-reversible-scroll-heat-pump-for-outdoor-use\/\",\"url\":\"https:\/\/geoclimate.ge\/fr\/produit\/everest290-heat-pump-pae-wa-kp-modular-packaged-air-to-water-reversible-scroll-heat-pump-for-outdoor-use\/\",\"name\":\"Everest290 \u0130stilik Pompas\u0131 PAE WA Kp: Xarici istifad\u0259 \u00fc\u00e7\u00fcn modul qabla\u015fd\u0131r\u0131lan havadan suya \u00e7evril\u0259n d\u00f6nm\u0259 istilik nasosu - GeoClimate.ge\",\"isPartOf\":{\"@id\":\"https:\/\/geoclimate.ge\/#website\"},\"primaryImageOfPage\":{\"@id\":\"https:\/\/geoclimate.ge\/fr\/produit\/everest290-heat-pump-pae-wa-kp-modular-packaged-air-to-water-reversible-scroll-heat-pump-for-outdoor-use\/#primaryimage\"},\"image\":{\"@id\":\"https:\/\/geoclimate.ge\/fr\/produit\/everest290-heat-pump-pae-wa-kp-modular-packaged-air-to-water-reversible-scroll-heat-pump-for-outdoor-use\/#primaryimage\"},\"thumbnailUrl\":\"https:\/\/geoclimate.ge\/wp-content\/uploads\/2025\/05\/PAE-WA-Kp-qjoxbiug2tl0g82muxrhenany2s8iofsg9zpjdb77m.png\",\"datePublished\":\"2025-05-26T07:31:43+00:00\",\"dateModified\":\"2025-05-26T07:34:07+00:00\",\"breadcrumb\":{\"@id\":\"https:\/\/geoclimate.ge\/fr\/produit\/everest290-heat-pump-pae-wa-kp-modular-packaged-air-to-water-reversible-scroll-heat-pump-for-outdoor-use\/#breadcrumb\"},\"inLanguage\":\"fr-FR\",\"potentialAction\":[{\"@type\":\"ReadAction\",\"target\":[\"https:\/\/geoclimate.ge\/fr\/produit\/everest290-heat-pump-pae-wa-kp-modular-packaged-air-to-water-reversible-scroll-heat-pump-for-outdoor-use\/\"]}]},{\"@type\":\"ImageObject\",\"inLanguage\":\"fr-FR\",\"@id\":\"https:\/\/geoclimate.ge\/fr\/produit\/everest290-heat-pump-pae-wa-kp-modular-packaged-air-to-water-reversible-scroll-heat-pump-for-outdoor-use\/#primaryimage\",\"url\":\"https:\/\/geoclimate.ge\/wp-content\/uploads\/2025\/05\/PAE-WA-Kp-qjoxbiug2tl0g82muxrhenany2s8iofsg9zpjdb77m.png\",\"contentUrl\":\"https:\/\/geoclimate.ge\/wp-content\/uploads\/2025\/05\/PAE-WA-Kp-qjoxbiug2tl0g82muxrhenany2s8iofsg9zpjdb77m.png\",\"width\":686,\"height\":685},{\"@type\":\"BreadcrumbList\",\"@id\":\"https:\/\/geoclimate.ge\/fr\/produit\/everest290-heat-pump-pae-wa-kp-modular-packaged-air-to-water-reversible-scroll-heat-pump-for-outdoor-use\/#breadcrumb\",\"itemListElement\":[{\"@type\":\"ListItem\",\"position\":1,\"name\":\"Home\",\"item\":\"https:\/\/geoclimate.ge\/fr\/\"},{\"@type\":\"ListItem\",\"position\":2,\"name\":\"Products\",\"item\":\"https:\/\/geoclimate.ge\/fr\/products\/\"},{\"@type\":\"ListItem\",\"position\":3,\"name\":\"Everest290 \u0130stilik Pompas\u0131 PAE WA Kp: Xarici istifad\u0259 \u00fc\u00e7\u00fcn modul qabla\u015fd\u0131r\u0131lan havadan suya \u00e7evril\u0259n d\u00f6nm\u0259 istilik nasosu\"}]},{\"@type\":\"WebSite\",\"@id\":\"https:\/\/geoclimate.ge\/#website\",\"url\":\"https:\/\/geoclimate.ge\/\",\"name\":\"GeoClimate\",\"description\":\"\",\"publisher\":{\"@id\":\"https:\/\/geoclimate.ge\/#organization\"},\"potentialAction\":[{\"@type\":\"SearchAction\",\"target\":{\"@type\":\"EntryPoint\",\"urlTemplate\":\"https:\/\/geoclimate.ge\/?s={search_term_string}\"},\"query-input\":{\"@type\":\"PropertyValueSpecification\",\"valueRequired\":true,\"valueName\":\"search_term_string\"}}],\"inLanguage\":\"fr-FR\"},{\"@type\":\"Organization\",\"@id\":\"https:\/\/geoclimate.ge\/#organization\",\"name\":\"GeoClimate\",\"url\":\"https:\/\/geoclimate.ge\/\",\"logo\":{\"@type\":\"ImageObject\",\"inLanguage\":\"fr-FR\",\"@id\":\"https:\/\/geoclimate.ge\/#\/schema\/logo\/image\/\",\"url\":\"https:\/\/geoclimate.ge\/wp-content\/uploads\/2026\/03\/geoclimate-SEO.png\",\"contentUrl\":\"https:\/\/geoclimate.ge\/wp-content\/uploads\/2026\/03\/geoclimate-SEO.png\",\"width\":1536,\"height\":1024,\"caption\":\"GeoClimate\"},\"image\":{\"@id\":\"https:\/\/geoclimate.ge\/#\/schema\/logo\/image\/\"}}]}<\/script>\n<!-- \/ Yoast SEO plugin. -->","yoast_head_json":{"title":"Everest290 \u0130stilik Pompas\u0131 PAE WA Kp: Xarici istifad\u0259 \u00fc\u00e7\u00fcn modul qabla\u015fd\u0131r\u0131lan havadan suya \u00e7evril\u0259n d\u00f6nm\u0259 istilik nasosu - GeoClimate.ge","robots":{"index":"index","follow":"follow","max-snippet":"max-snippet:-1","max-image-preview":"max-image-preview:large","max-video-preview":"max-video-preview:-1"},"canonical":"https:\/\/geoclimate.ge\/fr\/produit\/everest290-heat-pump-pae-wa-kp-modular-packaged-air-to-water-reversible-scroll-heat-pump-for-outdoor-use\/","og_locale":"fr_FR","og_type":"article","og_title":"Everest290 \u0130stilik Pompas\u0131 PAE WA Kp: Xarici istifad\u0259 \u00fc\u00e7\u00fcn modul qabla\u015fd\u0131r\u0131lan havadan suya \u00e7evril\u0259n d\u00f6nm\u0259 istilik nasosu - GeoClimate.ge","og_description":"105 kVt-dan soyutma g\u00fcc\u00fc 88 kVt-dan istilik g\u00fcc\u00fc EMICON-un Everest290 qabla\u015fd\u0131r\u0131lan, a\u00e7\u0131q havada istifad\u0259 \u00fc\u00e7\u00fcn havadan suya d\u00f6n\u0259n d\u00f6nd\u0259r\u0259n propan","og_url":"https:\/\/geoclimate.ge\/fr\/produit\/everest290-heat-pump-pae-wa-kp-modular-packaged-air-to-water-reversible-scroll-heat-pump-for-outdoor-use\/","og_site_name":"GeoClimate.ge","article_modified_time":"2025-05-26T07:34:07+00:00","og_image":[{"width":686,"height":685,"url":"https:\/\/geoclimate.ge\/wp-content\/uploads\/2025\/05\/PAE-WA-Kp-qjoxbiug2tl0g82muxrhenany2s8iofsg9zpjdb77m.png","type":"image\/png"}],"twitter_card":"summary_large_image","twitter_misc":{"Dur\u00e9e de lecture estim\u00e9e":"2 minutes"},"schema":{"@context":"https:\/\/schema.org","@graph":[{"@type":"WebPage","@id":"https:\/\/geoclimate.ge\/fr\/produit\/everest290-heat-pump-pae-wa-kp-modular-packaged-air-to-water-reversible-scroll-heat-pump-for-outdoor-use\/","url":"https:\/\/geoclimate.ge\/fr\/produit\/everest290-heat-pump-pae-wa-kp-modular-packaged-air-to-water-reversible-scroll-heat-pump-for-outdoor-use\/","name":"Everest290 \u0130stilik Pompas\u0131 PAE WA Kp: Xarici istifad\u0259 \u00fc\u00e7\u00fcn modul qabla\u015fd\u0131r\u0131lan havadan suya \u00e7evril\u0259n d\u00f6nm\u0259 istilik nasosu - GeoClimate.ge","isPartOf":{"@id":"https:\/\/geoclimate.ge\/#website"},"primaryImageOfPage":{"@id":"https:\/\/geoclimate.ge\/fr\/produit\/everest290-heat-pump-pae-wa-kp-modular-packaged-air-to-water-reversible-scroll-heat-pump-for-outdoor-use\/#primaryimage"},"image":{"@id":"https:\/\/geoclimate.ge\/fr\/produit\/everest290-heat-pump-pae-wa-kp-modular-packaged-air-to-water-reversible-scroll-heat-pump-for-outdoor-use\/#primaryimage"},"thumbnailUrl":"https:\/\/geoclimate.ge\/wp-content\/uploads\/2025\/05\/PAE-WA-Kp-qjoxbiug2tl0g82muxrhenany2s8iofsg9zpjdb77m.png","datePublished":"2025-05-26T07:31:43+00:00","dateModified":"2025-05-26T07:34:07+00:00","breadcrumb":{"@id":"https:\/\/geoclimate.ge\/fr\/produit\/everest290-heat-pump-pae-wa-kp-modular-packaged-air-to-water-reversible-scroll-heat-pump-for-outdoor-use\/#breadcrumb"},"inLanguage":"fr-FR","potentialAction":[{"@type":"ReadAction","target":["https:\/\/geoclimate.ge\/fr\/produit\/everest290-heat-pump-pae-wa-kp-modular-packaged-air-to-water-reversible-scroll-heat-pump-for-outdoor-use\/"]}]},{"@type":"ImageObject","inLanguage":"fr-FR","@id":"https:\/\/geoclimate.ge\/fr\/produit\/everest290-heat-pump-pae-wa-kp-modular-packaged-air-to-water-reversible-scroll-heat-pump-for-outdoor-use\/#primaryimage","url":"https:\/\/geoclimate.ge\/wp-content\/uploads\/2025\/05\/PAE-WA-Kp-qjoxbiug2tl0g82muxrhenany2s8iofsg9zpjdb77m.png","contentUrl":"https:\/\/geoclimate.ge\/wp-content\/uploads\/2025\/05\/PAE-WA-Kp-qjoxbiug2tl0g82muxrhenany2s8iofsg9zpjdb77m.png","width":686,"height":685},{"@type":"BreadcrumbList","@id":"https:\/\/geoclimate.ge\/fr\/produit\/everest290-heat-pump-pae-wa-kp-modular-packaged-air-to-water-reversible-scroll-heat-pump-for-outdoor-use\/#breadcrumb","itemListElement":[{"@type":"ListItem","position":1,"name":"Home","item":"https:\/\/geoclimate.ge\/fr\/"},{"@type":"ListItem","position":2,"name":"Products","item":"https:\/\/geoclimate.ge\/fr\/products\/"},{"@type":"ListItem","position":3,"name":"Everest290 \u0130stilik Pompas\u0131 PAE WA Kp: Xarici istifad\u0259 \u00fc\u00e7\u00fcn modul qabla\u015fd\u0131r\u0131lan havadan suya \u00e7evril\u0259n d\u00f6nm\u0259 istilik nasosu"}]},{"@type":"WebSite","@id":"https:\/\/geoclimate.ge\/#website","url":"https:\/\/geoclimate.ge\/","name":"GeoClimate","description":"","publisher":{"@id":"https:\/\/geoclimate.ge\/#organization"},"potentialAction":[{"@type":"SearchAction","target":{"@type":"EntryPoint","urlTemplate":"https:\/\/geoclimate.ge\/?s={search_term_string}"},"query-input":{"@type":"PropertyValueSpecification","valueRequired":true,"valueName":"search_term_string"}}],"inLanguage":"fr-FR"},{"@type":"Organization","@id":"https:\/\/geoclimate.ge\/#organization","name":"GeoClimate","url":"https:\/\/geoclimate.ge\/","logo":{"@type":"ImageObject","inLanguage":"fr-FR","@id":"https:\/\/geoclimate.ge\/#\/schema\/logo\/image\/","url":"https:\/\/geoclimate.ge\/wp-content\/uploads\/2026\/03\/geoclimate-SEO.png","contentUrl":"https:\/\/geoclimate.ge\/wp-content\/uploads\/2026\/03\/geoclimate-SEO.png","width":1536,"height":1024,"caption":"GeoClimate"},"image":{"@id":"https:\/\/geoclimate.ge\/#\/schema\/logo\/image\/"}}]}},"_links":{"self":[{"href":"https:\/\/geoclimate.ge\/fr\/wp-json\/wp\/v2\/product\/33640","targetHints":{"allow":["GET"]}}],"collection":[{"href":"https:\/\/geoclimate.ge\/fr\/wp-json\/wp\/v2\/product"}],"about":[{"href":"https:\/\/geoclimate.ge\/fr\/wp-json\/wp\/v2\/types\/product"}],"wp:featuredmedia":[{"embeddable":true,"href":"https:\/\/geoclimate.ge\/fr\/wp-json\/wp\/v2\/media\/33635"}],"wp:attachment":[{"href":"https:\/\/geoclimate.ge\/fr\/wp-json\/wp\/v2\/media?parent=33640"}],"wp:term":[{"taxonomy":"product_brand","embeddable":true,"href":"https:\/\/geoclimate.ge\/fr\/wp-json\/wp\/v2\/product_brand?post=33640"},{"taxonomy":"product_cat","embeddable":true,"href":"https:\/\/geoclimate.ge\/fr\/wp-json\/wp\/v2\/product_cat?post=33640"},{"taxonomy":"product_tag","embeddable":true,"href":"https:\/\/geoclimate.ge\/fr\/wp-json\/wp\/v2\/product_tag?post=33640"}],"curies":[{"name":"wp","href":"https:\/\/api.w.org\/{rel}","templated":true}]}}