{"id":33697,"date":"2025-05-26T11:49:26","date_gmt":"2025-05-26T07:49:26","guid":{"rendered":"https:\/\/airsystems.ge\/shop\/product\/lhe-high-efficiency-air-to-water-heat-pumps-equipped-with-scroll-compressor-and-axial-fans-with-low-gwp-refrigerant\/"},"modified":"2025-05-26T11:51:27","modified_gmt":"2025-05-26T07:51:27","slug":"lhe-high-efficiency-air-to-water-heat-pumps-equipped-with-scroll-compressor-and-axial-fans-with-low-gwp-refrigerant","status":"publish","type":"product","link":"https:\/\/geoclimate.ge\/fr\/produit\/lhe-high-efficiency-air-to-water-heat-pumps-equipped-with-scroll-compressor-and-axial-fans-with-low-gwp-refrigerant\/","title":{"rendered":"LHE Pompes \u00e0 chaleur air\/eau \u00e0 haut rendement \u00e9quip\u00e9es d&rsquo;un compresseur scroll et de ventilateurs axiaux \u00e0 faible PRG"},"content":{"rendered":"<div class=\"elementor-element elementor-element-70da8153 elementor-widget elementor-widget-theme-page-title elementor-page-title elementor-widget-heading\" data-id=\"70da8153\" data-element_type=\"widget\" data-widget_type=\"theme-page-title.default\">\n<div class=\"elementor-widget-container\">\n<p>Puissance de chauffage de 45 kW \u00e0 457 kW<\/p>\n<p>Les pompes \u00e0 chaleur air\/eau \u00e0 haut rendement LHE sont particuli\u00e8rement adapt\u00e9es aux applications exigeant une efficacit\u00e9 maximale en mode chauffage et un faible niveau sonore. Sp\u00e9cialement con\u00e7ues pour offrir un rendement optimal en mode chauffage, elles peuvent fonctionner jusqu&rsquo;\u00e0 -20 \u00b0C et produire de l&rsquo;eau jusqu&rsquo;\u00e0 60 \u00b0C. Toutes les tailles sont \u00e9quip\u00e9es d&rsquo;une vanne d&rsquo;inversion de cycle pour le d\u00e9givrage hivernal\u00a0; les versions RV permettent \u00e9galement de produire de l&rsquo;eau froide en \u00e9t\u00e9 (non disponible pour les versions HH).<\/p>\n<\/div>\n<\/div>\n<div class=\"elementor-element elementor-element-427e8a79 e-flex e-con-boxed e-con e-child\" data-id=\"427e8a79\" data-element_type=\"container\">\n<div class=\"e-con-inner\">\n<div class=\"elementor-element elementor-element-6e19ed90 hidebutton mc-bl elementor-align-left elementor-widget elementor-widget-button\" data-id=\"6e19ed90\" data-element_type=\"widget\" data-widget_type=\"button.default\">\n<div class=\"elementor-widget-container\">\n<div class=\"elementor-button-wrapper\"><a class=\"elementor-button elementor-button-link elementor-size-sm\" href=\"https:\/\/www.enextechnologies.com\/wp-content\/uploads\/2024\/09\/LHE-P2_ENG.pdf\" target=\"_blank\" rel=\"noopener\"><span class=\"elementor-button-content-wrapper\"><span class=\"elementor-button-text\">BROCHURE<\/span><\/span><\/a><\/div>\n<\/div>\n<\/div>\n<\/div>\n<\/div>\n","protected":false},"excerpt":{"rendered":"<p>Puissance de chauffage de 45 kW \u00e0 457 kW Les pompes \u00e0 chaleur air\/eau \u00e0 haut rendement LHE sont particuli\u00e8rement<\/p>\n","protected":false},"featured_media":33691,"template":"","meta":[],"product_brand":[],"product_cat":[682,1667],"product_tag":[],"class_list":{"0":"post-33697","1":"product","2":"type-product","3":"status-publish","4":"has-post-thumbnail","6":"product_cat-climatiseurs-fr-industriels","7":"product_cat-pompe-a-chaleur","9":"first","10":"instock","11":"shipping-taxable","12":"product-type-simple"},"yoast_head":"<!-- This site is optimized with the Yoast SEO plugin v27.1.1 - https:\/\/yoast.com\/product\/yoast-seo-wordpress\/ -->\n<title>LHE Pompes \u00e0 chaleur air\/eau \u00e0 haut rendement \u00e9quip\u00e9es d&#039;un compresseur scroll et de ventilateurs axiaux \u00e0 faible PRG - GeoClimate.ge<\/title>\n<meta name=\"robots\" content=\"index, follow, max-snippet:-1, max-image-preview:large, max-video-preview:-1\" \/>\n<link rel=\"canonical\" href=\"https:\/\/geoclimate.ge\/fr\/produit\/lhe-high-efficiency-air-to-water-heat-pumps-equipped-with-scroll-compressor-and-axial-fans-with-low-gwp-refrigerant\/\" \/>\n<meta property=\"og:locale\" content=\"fr_FR\" \/>\n<meta property=\"og:type\" content=\"article\" \/>\n<meta property=\"og:title\" content=\"LHE Pompes \u00e0 chaleur air\/eau \u00e0 haut rendement \u00e9quip\u00e9es d&#039;un compresseur scroll et de ventilateurs axiaux \u00e0 faible PRG - GeoClimate.ge\" \/>\n<meta property=\"og:description\" content=\"Puissance de chauffage de 45 kW \u00e0 457 kW Les pompes \u00e0 chaleur air\/eau \u00e0 haut rendement LHE sont particuli\u00e8rement\" \/>\n<meta property=\"og:url\" content=\"https:\/\/geoclimate.ge\/fr\/produit\/lhe-high-efficiency-air-to-water-heat-pumps-equipped-with-scroll-compressor-and-axial-fans-with-low-gwp-refrigerant\/\" \/>\n<meta property=\"og:site_name\" content=\"GeoClimate.ge\" \/>\n<meta property=\"article:modified_time\" content=\"2025-05-26T07:51:27+00:00\" \/>\n<meta property=\"og:image\" content=\"https:\/\/geoclimate.ge\/wp-content\/uploads\/2025\/05\/LHE.png\" \/>\n\t<meta property=\"og:image:width\" content=\"1000\" \/>\n\t<meta property=\"og:image:height\" content=\"852\" \/>\n\t<meta property=\"og:image:type\" content=\"image\/png\" \/>\n<meta name=\"twitter:card\" content=\"summary_large_image\" \/>\n<script type=\"application\/ld+json\" class=\"yoast-schema-graph\">{\"@context\":\"https:\/\/schema.org\",\"@graph\":[{\"@type\":\"WebPage\",\"@id\":\"https:\/\/geoclimate.ge\/fr\/produit\/lhe-high-efficiency-air-to-water-heat-pumps-equipped-with-scroll-compressor-and-axial-fans-with-low-gwp-refrigerant\/\",\"url\":\"https:\/\/geoclimate.ge\/fr\/produit\/lhe-high-efficiency-air-to-water-heat-pumps-equipped-with-scroll-compressor-and-axial-fans-with-low-gwp-refrigerant\/\",\"name\":\"LHE Pompes \u00e0 chaleur air\/eau \u00e0 haut rendement \u00e9quip\u00e9es d'un compresseur scroll et de ventilateurs axiaux \u00e0 faible PRG - GeoClimate.ge\",\"isPartOf\":{\"@id\":\"https:\/\/geoclimate.ge\/#website\"},\"primaryImageOfPage\":{\"@id\":\"https:\/\/geoclimate.ge\/fr\/produit\/lhe-high-efficiency-air-to-water-heat-pumps-equipped-with-scroll-compressor-and-axial-fans-with-low-gwp-refrigerant\/#primaryimage\"},\"image\":{\"@id\":\"https:\/\/geoclimate.ge\/fr\/produit\/lhe-high-efficiency-air-to-water-heat-pumps-equipped-with-scroll-compressor-and-axial-fans-with-low-gwp-refrigerant\/#primaryimage\"},\"thumbnailUrl\":\"https:\/\/geoclimate.ge\/wp-content\/uploads\/2025\/05\/LHE.png\",\"datePublished\":\"2025-05-26T07:49:26+00:00\",\"dateModified\":\"2025-05-26T07:51:27+00:00\",\"breadcrumb\":{\"@id\":\"https:\/\/geoclimate.ge\/fr\/produit\/lhe-high-efficiency-air-to-water-heat-pumps-equipped-with-scroll-compressor-and-axial-fans-with-low-gwp-refrigerant\/#breadcrumb\"},\"inLanguage\":\"fr-FR\",\"potentialAction\":[{\"@type\":\"ReadAction\",\"target\":[\"https:\/\/geoclimate.ge\/fr\/produit\/lhe-high-efficiency-air-to-water-heat-pumps-equipped-with-scroll-compressor-and-axial-fans-with-low-gwp-refrigerant\/\"]}]},{\"@type\":\"ImageObject\",\"inLanguage\":\"fr-FR\",\"@id\":\"https:\/\/geoclimate.ge\/fr\/produit\/lhe-high-efficiency-air-to-water-heat-pumps-equipped-with-scroll-compressor-and-axial-fans-with-low-gwp-refrigerant\/#primaryimage\",\"url\":\"https:\/\/geoclimate.ge\/wp-content\/uploads\/2025\/05\/LHE.png\",\"contentUrl\":\"https:\/\/geoclimate.ge\/wp-content\/uploads\/2025\/05\/LHE.png\",\"width\":1000,\"height\":852},{\"@type\":\"BreadcrumbList\",\"@id\":\"https:\/\/geoclimate.ge\/fr\/produit\/lhe-high-efficiency-air-to-water-heat-pumps-equipped-with-scroll-compressor-and-axial-fans-with-low-gwp-refrigerant\/#breadcrumb\",\"itemListElement\":[{\"@type\":\"ListItem\",\"position\":1,\"name\":\"Home\",\"item\":\"https:\/\/geoclimate.ge\/fr\/\"},{\"@type\":\"ListItem\",\"position\":2,\"name\":\"Products\",\"item\":\"https:\/\/geoclimate.ge\/fr\/products\/\"},{\"@type\":\"ListItem\",\"position\":3,\"name\":\"LHE Pompes \u00e0 chaleur air\/eau \u00e0 haut rendement \u00e9quip\u00e9es d&#8217;un compresseur scroll et de ventilateurs axiaux \u00e0 faible PRG\"}]},{\"@type\":\"WebSite\",\"@id\":\"https:\/\/geoclimate.ge\/#website\",\"url\":\"https:\/\/geoclimate.ge\/\",\"name\":\"GeoClimate\",\"description\":\"\",\"publisher\":{\"@id\":\"https:\/\/geoclimate.ge\/#organization\"},\"potentialAction\":[{\"@type\":\"SearchAction\",\"target\":{\"@type\":\"EntryPoint\",\"urlTemplate\":\"https:\/\/geoclimate.ge\/?s={search_term_string}\"},\"query-input\":{\"@type\":\"PropertyValueSpecification\",\"valueRequired\":true,\"valueName\":\"search_term_string\"}}],\"inLanguage\":\"fr-FR\"},{\"@type\":\"Organization\",\"@id\":\"https:\/\/geoclimate.ge\/#organization\",\"name\":\"GeoClimate\",\"url\":\"https:\/\/geoclimate.ge\/\",\"logo\":{\"@type\":\"ImageObject\",\"inLanguage\":\"fr-FR\",\"@id\":\"https:\/\/geoclimate.ge\/#\/schema\/logo\/image\/\",\"url\":\"https:\/\/geoclimate.ge\/wp-content\/uploads\/2026\/03\/geoclimate-SEO.png\",\"contentUrl\":\"https:\/\/geoclimate.ge\/wp-content\/uploads\/2026\/03\/geoclimate-SEO.png\",\"width\":1536,\"height\":1024,\"caption\":\"GeoClimate\"},\"image\":{\"@id\":\"https:\/\/geoclimate.ge\/#\/schema\/logo\/image\/\"}}]}<\/script>\n<!-- \/ Yoast SEO plugin. -->","yoast_head_json":{"title":"LHE Pompes \u00e0 chaleur air\/eau \u00e0 haut rendement \u00e9quip\u00e9es d'un compresseur scroll et de ventilateurs axiaux \u00e0 faible PRG - GeoClimate.ge","robots":{"index":"index","follow":"follow","max-snippet":"max-snippet:-1","max-image-preview":"max-image-preview:large","max-video-preview":"max-video-preview:-1"},"canonical":"https:\/\/geoclimate.ge\/fr\/produit\/lhe-high-efficiency-air-to-water-heat-pumps-equipped-with-scroll-compressor-and-axial-fans-with-low-gwp-refrigerant\/","og_locale":"fr_FR","og_type":"article","og_title":"LHE Pompes \u00e0 chaleur air\/eau \u00e0 haut rendement \u00e9quip\u00e9es d'un compresseur scroll et de ventilateurs axiaux \u00e0 faible PRG - GeoClimate.ge","og_description":"Puissance de chauffage de 45 kW \u00e0 457 kW Les pompes \u00e0 chaleur air\/eau \u00e0 haut rendement LHE sont particuli\u00e8rement","og_url":"https:\/\/geoclimate.ge\/fr\/produit\/lhe-high-efficiency-air-to-water-heat-pumps-equipped-with-scroll-compressor-and-axial-fans-with-low-gwp-refrigerant\/","og_site_name":"GeoClimate.ge","article_modified_time":"2025-05-26T07:51:27+00:00","og_image":[{"width":1000,"height":852,"url":"https:\/\/geoclimate.ge\/wp-content\/uploads\/2025\/05\/LHE.png","type":"image\/png"}],"twitter_card":"summary_large_image","schema":{"@context":"https:\/\/schema.org","@graph":[{"@type":"WebPage","@id":"https:\/\/geoclimate.ge\/fr\/produit\/lhe-high-efficiency-air-to-water-heat-pumps-equipped-with-scroll-compressor-and-axial-fans-with-low-gwp-refrigerant\/","url":"https:\/\/geoclimate.ge\/fr\/produit\/lhe-high-efficiency-air-to-water-heat-pumps-equipped-with-scroll-compressor-and-axial-fans-with-low-gwp-refrigerant\/","name":"LHE Pompes \u00e0 chaleur air\/eau \u00e0 haut rendement \u00e9quip\u00e9es d'un compresseur scroll et de ventilateurs axiaux \u00e0 faible PRG - GeoClimate.ge","isPartOf":{"@id":"https:\/\/geoclimate.ge\/#website"},"primaryImageOfPage":{"@id":"https:\/\/geoclimate.ge\/fr\/produit\/lhe-high-efficiency-air-to-water-heat-pumps-equipped-with-scroll-compressor-and-axial-fans-with-low-gwp-refrigerant\/#primaryimage"},"image":{"@id":"https:\/\/geoclimate.ge\/fr\/produit\/lhe-high-efficiency-air-to-water-heat-pumps-equipped-with-scroll-compressor-and-axial-fans-with-low-gwp-refrigerant\/#primaryimage"},"thumbnailUrl":"https:\/\/geoclimate.ge\/wp-content\/uploads\/2025\/05\/LHE.png","datePublished":"2025-05-26T07:49:26+00:00","dateModified":"2025-05-26T07:51:27+00:00","breadcrumb":{"@id":"https:\/\/geoclimate.ge\/fr\/produit\/lhe-high-efficiency-air-to-water-heat-pumps-equipped-with-scroll-compressor-and-axial-fans-with-low-gwp-refrigerant\/#breadcrumb"},"inLanguage":"fr-FR","potentialAction":[{"@type":"ReadAction","target":["https:\/\/geoclimate.ge\/fr\/produit\/lhe-high-efficiency-air-to-water-heat-pumps-equipped-with-scroll-compressor-and-axial-fans-with-low-gwp-refrigerant\/"]}]},{"@type":"ImageObject","inLanguage":"fr-FR","@id":"https:\/\/geoclimate.ge\/fr\/produit\/lhe-high-efficiency-air-to-water-heat-pumps-equipped-with-scroll-compressor-and-axial-fans-with-low-gwp-refrigerant\/#primaryimage","url":"https:\/\/geoclimate.ge\/wp-content\/uploads\/2025\/05\/LHE.png","contentUrl":"https:\/\/geoclimate.ge\/wp-content\/uploads\/2025\/05\/LHE.png","width":1000,"height":852},{"@type":"BreadcrumbList","@id":"https:\/\/geoclimate.ge\/fr\/produit\/lhe-high-efficiency-air-to-water-heat-pumps-equipped-with-scroll-compressor-and-axial-fans-with-low-gwp-refrigerant\/#breadcrumb","itemListElement":[{"@type":"ListItem","position":1,"name":"Home","item":"https:\/\/geoclimate.ge\/fr\/"},{"@type":"ListItem","position":2,"name":"Products","item":"https:\/\/geoclimate.ge\/fr\/products\/"},{"@type":"ListItem","position":3,"name":"LHE Pompes \u00e0 chaleur air\/eau \u00e0 haut rendement \u00e9quip\u00e9es d&#8217;un compresseur scroll et de ventilateurs axiaux \u00e0 faible PRG"}]},{"@type":"WebSite","@id":"https:\/\/geoclimate.ge\/#website","url":"https:\/\/geoclimate.ge\/","name":"GeoClimate","description":"","publisher":{"@id":"https:\/\/geoclimate.ge\/#organization"},"potentialAction":[{"@type":"SearchAction","target":{"@type":"EntryPoint","urlTemplate":"https:\/\/geoclimate.ge\/?s={search_term_string}"},"query-input":{"@type":"PropertyValueSpecification","valueRequired":true,"valueName":"search_term_string"}}],"inLanguage":"fr-FR"},{"@type":"Organization","@id":"https:\/\/geoclimate.ge\/#organization","name":"GeoClimate","url":"https:\/\/geoclimate.ge\/","logo":{"@type":"ImageObject","inLanguage":"fr-FR","@id":"https:\/\/geoclimate.ge\/#\/schema\/logo\/image\/","url":"https:\/\/geoclimate.ge\/wp-content\/uploads\/2026\/03\/geoclimate-SEO.png","contentUrl":"https:\/\/geoclimate.ge\/wp-content\/uploads\/2026\/03\/geoclimate-SEO.png","width":1536,"height":1024,"caption":"GeoClimate"},"image":{"@id":"https:\/\/geoclimate.ge\/#\/schema\/logo\/image\/"}}]}},"_links":{"self":[{"href":"https:\/\/geoclimate.ge\/fr\/wp-json\/wp\/v2\/product\/33697","targetHints":{"allow":["GET"]}}],"collection":[{"href":"https:\/\/geoclimate.ge\/fr\/wp-json\/wp\/v2\/product"}],"about":[{"href":"https:\/\/geoclimate.ge\/fr\/wp-json\/wp\/v2\/types\/product"}],"wp:featuredmedia":[{"embeddable":true,"href":"https:\/\/geoclimate.ge\/fr\/wp-json\/wp\/v2\/media\/33691"}],"wp:attachment":[{"href":"https:\/\/geoclimate.ge\/fr\/wp-json\/wp\/v2\/media?parent=33697"}],"wp:term":[{"taxonomy":"product_brand","embeddable":true,"href":"https:\/\/geoclimate.ge\/fr\/wp-json\/wp\/v2\/product_brand?post=33697"},{"taxonomy":"product_cat","embeddable":true,"href":"https:\/\/geoclimate.ge\/fr\/wp-json\/wp\/v2\/product_cat?post=33697"},{"taxonomy":"product_tag","embeddable":true,"href":"https:\/\/geoclimate.ge\/fr\/wp-json\/wp\/v2\/product_tag?post=33697"}],"curies":[{"name":"wp","href":"https:\/\/api.w.org\/{rel}","templated":true}]}}