{"id":33774,"date":"2025-05-28T14:55:24","date_gmt":"2025-05-28T10:55:24","guid":{"rendered":"https:\/\/airsystems.ge\/shop\/product\/solar-panel-ibex-156mhc-eiger-570-590-full-black\/"},"modified":"2025-05-28T15:51:48","modified_gmt":"2025-05-28T11:51:48","slug":"solar-panel-ibex-156mhc-eiger-570-590-full-black","status":"publish","type":"product","link":"https:\/\/geoclimate.ge\/fr\/produit\/solar-panel-ibex-156mhc-eiger-570-590-full-black\/","title":{"rendered":"Panneau solaire IBEX 156MHC-EiGER-570-590 Noir int\u00e9gral Solar Panel"},"content":{"rendered":"<div class=\"description\"><\/div>\n<div class=\"applications\">\n<div class=\"col-12 col-md-6\">\n<div class=\"technical-data\">\n<div class=\"technical-data-table\">\n<div class=\"row no-gutters technical-data-table-row\">\n<div class=\"col-6\">Type:IBEX 156MHC-EiGER-570-590 FULL BLACK half-cell module<\/div>\n<\/div>\n<\/div>\n<\/div>\n<div><\/div>\n<div class=\"technical-data\">\n<div class=\"technical-data-table\">\n<div class=\"row no-gutters technical-data-table-row\">\n<div><\/div>\n<div class=\"col-6\">Power classes: Up 570 to 590 Wp<\/div>\n<\/div>\n<div class=\"row no-gutters technical-data-table-row\">\n<div class=\"col-6\">Efficiency: Up to 21.11%<\/div>\n<\/div>\n<div class=\"row no-gutters technical-data-table-row\">\n<div class=\"col-6\">Size: <a class=\"btn btn--theme\" href=\"https:\/\/www.swissenergy-solar.ch\/wp-content\/uploads\/2022\/09\/IBEX-156MHC-EiGER-570-590-FULLBLACK_compressed.pdf\" target=\"_blank\" rel=\"noopener\">DATA SHEET<\/a><\/div>\n<\/div>\n<div class=\"row no-gutters technical-data-table-row\">\n<div class=\"col-6\">Weight: Up to 30.5 kg<\/div>\n<\/div>\n<\/div>\n<\/div>\n<\/div>\n<\/div>\n<div class=\"applications\">\n<div class=\"col-12 col-md-6\">\n<div class=\"technical-data\">\n<div class=\"technical-data-table\">\n<div class=\"row no-gutters technical-data-table-row small\">\n<div class=\"col-6\">Warranty At least 97% of nominal power during first year.<br \/>\nThereafter max. 0.5086% degradation per year.<br \/>\nAt least 86.83% of nominal power up to 20 years.<br \/>\nAt least 81.75% of nominal power up to 30 years.<\/div>\n<\/div>\n<\/div>\n<\/div>\n<\/div>\n<\/div>\n","protected":false},"excerpt":{"rendered":"<div class=\"description\">\n<h2>Voir la fiche technique<\/h2>\n<ul>\n<li>Technologie EIGER<br \/>\nPlaquette monocristalline dop\u00e9e au gallium M10<br \/>\nCellule PERC de type P<br \/>\nTechnologie 9BB Half-cut<br \/>\nFeuille arri\u00e8re color\u00e9e \u2013 noire<br \/>\nModule standard 6 rang\u00e9es 78 C<br \/>\nRendement du module\u00a0: 21,11\u00a0%<br \/>\nGrande taille de cellule (182\u00a0\u00d7\u00a091)<\/li>\n<\/ul>\n<p>&nbsp;<\/p>\n<\/div>\n<div class=\"applications\">\n<h3>ID\u00c9AL POUR<img decoding=\"async\" class=\"lazy loaded\" src=\"https:\/\/www.swissenergy-solar.ch\/wp-content\/themes\/solar\/img\/applications\/privat.svg\" alt=\"\" data-src=\"https:\/\/www.swissenergy-solar.ch\/wp-content\/themes\/solar\/img\/applications\/privat.svg\" data-was-processed=\"true\" \/><\/h3>\n<p>Installations commerciales et industrielles<\/p>\n<p>Centrales solaires au sol<\/p>\n<\/div>\n","protected":false},"featured_media":33762,"template":"","meta":[],"product_brand":[],"product_cat":[1674],"product_tag":[],"class_list":{"0":"post-33774","1":"product","2":"type-product","3":"status-publish","4":"has-post-thumbnail","6":"product_cat-panneau-solaire-energie-energy-fr","8":"first","9":"instock","10":"shipping-taxable","11":"product-type-simple"},"yoast_head":"<!-- This site is optimized with the Yoast SEO plugin v27.1.1 - https:\/\/yoast.com\/product\/yoast-seo-wordpress\/ -->\n<title>Panneau solaire IBEX 156MHC-EiGER-570-590 Noir int\u00e9gral Solar Panel - GeoClimate.ge<\/title>\n<meta name=\"robots\" content=\"index, follow, max-snippet:-1, max-image-preview:large, max-video-preview:-1\" \/>\n<link rel=\"canonical\" href=\"https:\/\/geoclimate.ge\/fr\/produit\/solar-panel-ibex-156mhc-eiger-570-590-full-black\/\" \/>\n<meta property=\"og:locale\" content=\"fr_FR\" \/>\n<meta property=\"og:type\" content=\"article\" \/>\n<meta property=\"og:title\" content=\"Panneau solaire IBEX 156MHC-EiGER-570-590 Noir int\u00e9gral Solar Panel - GeoClimate.ge\" \/>\n<meta property=\"og:description\" content=\"Voir la fiche technique   Technologie EIGER Plaquette monocristalline dop\u00e9e au gallium M10 Cellule PERC de type P Technologie 9BB Half-cut Feuille arri\u00e8re color\u00e9e \u2013 noire Module standard 6 rang\u00e9es 78 C Rendement du module\u00a0: 21,11\u00a0% Grande taille de cellule (182\u00a0\u00d7\u00a091)  &nbsp;    ID\u00c9AL POUR Installations commerciales et industrielles  Centrales solaires au sol\" \/>\n<meta property=\"og:url\" content=\"https:\/\/geoclimate.ge\/fr\/produit\/solar-panel-ibex-156mhc-eiger-570-590-full-black\/\" \/>\n<meta property=\"og:site_name\" content=\"GeoClimate.ge\" \/>\n<meta property=\"article:modified_time\" content=\"2025-05-28T11:51:48+00:00\" \/>\n<meta property=\"og:image\" content=\"https:\/\/geoclimate.ge\/wp-content\/uploads\/2025\/05\/IBEX-156MHC-EIGER-BLACK.png\" \/>\n\t<meta property=\"og:image:width\" content=\"874\" \/>\n\t<meta property=\"og:image:height\" content=\"1903\" \/>\n\t<meta property=\"og:image:type\" content=\"image\/png\" \/>\n<meta name=\"twitter:card\" content=\"summary_large_image\" \/>\n<script type=\"application\/ld+json\" class=\"yoast-schema-graph\">{\"@context\":\"https:\/\/schema.org\",\"@graph\":[{\"@type\":\"WebPage\",\"@id\":\"https:\/\/geoclimate.ge\/fr\/produit\/solar-panel-ibex-156mhc-eiger-570-590-full-black\/\",\"url\":\"https:\/\/geoclimate.ge\/fr\/produit\/solar-panel-ibex-156mhc-eiger-570-590-full-black\/\",\"name\":\"Panneau solaire IBEX 156MHC-EiGER-570-590 Noir int\u00e9gral Solar Panel - GeoClimate.ge\",\"isPartOf\":{\"@id\":\"https:\/\/geoclimate.ge\/#website\"},\"primaryImageOfPage\":{\"@id\":\"https:\/\/geoclimate.ge\/fr\/produit\/solar-panel-ibex-156mhc-eiger-570-590-full-black\/#primaryimage\"},\"image\":{\"@id\":\"https:\/\/geoclimate.ge\/fr\/produit\/solar-panel-ibex-156mhc-eiger-570-590-full-black\/#primaryimage\"},\"thumbnailUrl\":\"https:\/\/geoclimate.ge\/wp-content\/uploads\/2025\/05\/IBEX-156MHC-EIGER-BLACK.png\",\"datePublished\":\"2025-05-28T10:55:24+00:00\",\"dateModified\":\"2025-05-28T11:51:48+00:00\",\"breadcrumb\":{\"@id\":\"https:\/\/geoclimate.ge\/fr\/produit\/solar-panel-ibex-156mhc-eiger-570-590-full-black\/#breadcrumb\"},\"inLanguage\":\"fr-FR\",\"potentialAction\":[{\"@type\":\"ReadAction\",\"target\":[\"https:\/\/geoclimate.ge\/fr\/produit\/solar-panel-ibex-156mhc-eiger-570-590-full-black\/\"]}]},{\"@type\":\"ImageObject\",\"inLanguage\":\"fr-FR\",\"@id\":\"https:\/\/geoclimate.ge\/fr\/produit\/solar-panel-ibex-156mhc-eiger-570-590-full-black\/#primaryimage\",\"url\":\"https:\/\/geoclimate.ge\/wp-content\/uploads\/2025\/05\/IBEX-156MHC-EIGER-BLACK.png\",\"contentUrl\":\"https:\/\/geoclimate.ge\/wp-content\/uploads\/2025\/05\/IBEX-156MHC-EIGER-BLACK.png\",\"width\":874,\"height\":1903},{\"@type\":\"BreadcrumbList\",\"@id\":\"https:\/\/geoclimate.ge\/fr\/produit\/solar-panel-ibex-156mhc-eiger-570-590-full-black\/#breadcrumb\",\"itemListElement\":[{\"@type\":\"ListItem\",\"position\":1,\"name\":\"Home\",\"item\":\"https:\/\/geoclimate.ge\/fr\/\"},{\"@type\":\"ListItem\",\"position\":2,\"name\":\"Products\",\"item\":\"https:\/\/geoclimate.ge\/fr\/products\/\"},{\"@type\":\"ListItem\",\"position\":3,\"name\":\"Panneau solaire IBEX 156MHC-EiGER-570-590 Noir int\u00e9gral Solar Panel\"}]},{\"@type\":\"WebSite\",\"@id\":\"https:\/\/geoclimate.ge\/#website\",\"url\":\"https:\/\/geoclimate.ge\/\",\"name\":\"GeoClimate\",\"description\":\"\",\"publisher\":{\"@id\":\"https:\/\/geoclimate.ge\/#organization\"},\"potentialAction\":[{\"@type\":\"SearchAction\",\"target\":{\"@type\":\"EntryPoint\",\"urlTemplate\":\"https:\/\/geoclimate.ge\/?s={search_term_string}\"},\"query-input\":{\"@type\":\"PropertyValueSpecification\",\"valueRequired\":true,\"valueName\":\"search_term_string\"}}],\"inLanguage\":\"fr-FR\"},{\"@type\":\"Organization\",\"@id\":\"https:\/\/geoclimate.ge\/#organization\",\"name\":\"GeoClimate\",\"url\":\"https:\/\/geoclimate.ge\/\",\"logo\":{\"@type\":\"ImageObject\",\"inLanguage\":\"fr-FR\",\"@id\":\"https:\/\/geoclimate.ge\/#\/schema\/logo\/image\/\",\"url\":\"https:\/\/geoclimate.ge\/wp-content\/uploads\/2026\/03\/geoclimate-SEO.png\",\"contentUrl\":\"https:\/\/geoclimate.ge\/wp-content\/uploads\/2026\/03\/geoclimate-SEO.png\",\"width\":1536,\"height\":1024,\"caption\":\"GeoClimate\"},\"image\":{\"@id\":\"https:\/\/geoclimate.ge\/#\/schema\/logo\/image\/\"}}]}<\/script>\n<!-- \/ Yoast SEO plugin. -->","yoast_head_json":{"title":"Panneau solaire IBEX 156MHC-EiGER-570-590 Noir int\u00e9gral Solar Panel - GeoClimate.ge","robots":{"index":"index","follow":"follow","max-snippet":"max-snippet:-1","max-image-preview":"max-image-preview:large","max-video-preview":"max-video-preview:-1"},"canonical":"https:\/\/geoclimate.ge\/fr\/produit\/solar-panel-ibex-156mhc-eiger-570-590-full-black\/","og_locale":"fr_FR","og_type":"article","og_title":"Panneau solaire IBEX 156MHC-EiGER-570-590 Noir int\u00e9gral Solar Panel - GeoClimate.ge","og_description":"Voir la fiche technique   Technologie EIGER Plaquette monocristalline dop\u00e9e au gallium M10 Cellule PERC de type P Technologie 9BB Half-cut Feuille arri\u00e8re color\u00e9e \u2013 noire Module standard 6 rang\u00e9es 78 C Rendement du module\u00a0: 21,11\u00a0% Grande taille de cellule (182\u00a0\u00d7\u00a091)  &nbsp;    ID\u00c9AL POUR Installations commerciales et industrielles  Centrales solaires au sol","og_url":"https:\/\/geoclimate.ge\/fr\/produit\/solar-panel-ibex-156mhc-eiger-570-590-full-black\/","og_site_name":"GeoClimate.ge","article_modified_time":"2025-05-28T11:51:48+00:00","og_image":[{"width":874,"height":1903,"url":"https:\/\/geoclimate.ge\/wp-content\/uploads\/2025\/05\/IBEX-156MHC-EIGER-BLACK.png","type":"image\/png"}],"twitter_card":"summary_large_image","schema":{"@context":"https:\/\/schema.org","@graph":[{"@type":"WebPage","@id":"https:\/\/geoclimate.ge\/fr\/produit\/solar-panel-ibex-156mhc-eiger-570-590-full-black\/","url":"https:\/\/geoclimate.ge\/fr\/produit\/solar-panel-ibex-156mhc-eiger-570-590-full-black\/","name":"Panneau solaire IBEX 156MHC-EiGER-570-590 Noir int\u00e9gral Solar Panel - GeoClimate.ge","isPartOf":{"@id":"https:\/\/geoclimate.ge\/#website"},"primaryImageOfPage":{"@id":"https:\/\/geoclimate.ge\/fr\/produit\/solar-panel-ibex-156mhc-eiger-570-590-full-black\/#primaryimage"},"image":{"@id":"https:\/\/geoclimate.ge\/fr\/produit\/solar-panel-ibex-156mhc-eiger-570-590-full-black\/#primaryimage"},"thumbnailUrl":"https:\/\/geoclimate.ge\/wp-content\/uploads\/2025\/05\/IBEX-156MHC-EIGER-BLACK.png","datePublished":"2025-05-28T10:55:24+00:00","dateModified":"2025-05-28T11:51:48+00:00","breadcrumb":{"@id":"https:\/\/geoclimate.ge\/fr\/produit\/solar-panel-ibex-156mhc-eiger-570-590-full-black\/#breadcrumb"},"inLanguage":"fr-FR","potentialAction":[{"@type":"ReadAction","target":["https:\/\/geoclimate.ge\/fr\/produit\/solar-panel-ibex-156mhc-eiger-570-590-full-black\/"]}]},{"@type":"ImageObject","inLanguage":"fr-FR","@id":"https:\/\/geoclimate.ge\/fr\/produit\/solar-panel-ibex-156mhc-eiger-570-590-full-black\/#primaryimage","url":"https:\/\/geoclimate.ge\/wp-content\/uploads\/2025\/05\/IBEX-156MHC-EIGER-BLACK.png","contentUrl":"https:\/\/geoclimate.ge\/wp-content\/uploads\/2025\/05\/IBEX-156MHC-EIGER-BLACK.png","width":874,"height":1903},{"@type":"BreadcrumbList","@id":"https:\/\/geoclimate.ge\/fr\/produit\/solar-panel-ibex-156mhc-eiger-570-590-full-black\/#breadcrumb","itemListElement":[{"@type":"ListItem","position":1,"name":"Home","item":"https:\/\/geoclimate.ge\/fr\/"},{"@type":"ListItem","position":2,"name":"Products","item":"https:\/\/geoclimate.ge\/fr\/products\/"},{"@type":"ListItem","position":3,"name":"Panneau solaire IBEX 156MHC-EiGER-570-590 Noir int\u00e9gral Solar Panel"}]},{"@type":"WebSite","@id":"https:\/\/geoclimate.ge\/#website","url":"https:\/\/geoclimate.ge\/","name":"GeoClimate","description":"","publisher":{"@id":"https:\/\/geoclimate.ge\/#organization"},"potentialAction":[{"@type":"SearchAction","target":{"@type":"EntryPoint","urlTemplate":"https:\/\/geoclimate.ge\/?s={search_term_string}"},"query-input":{"@type":"PropertyValueSpecification","valueRequired":true,"valueName":"search_term_string"}}],"inLanguage":"fr-FR"},{"@type":"Organization","@id":"https:\/\/geoclimate.ge\/#organization","name":"GeoClimate","url":"https:\/\/geoclimate.ge\/","logo":{"@type":"ImageObject","inLanguage":"fr-FR","@id":"https:\/\/geoclimate.ge\/#\/schema\/logo\/image\/","url":"https:\/\/geoclimate.ge\/wp-content\/uploads\/2026\/03\/geoclimate-SEO.png","contentUrl":"https:\/\/geoclimate.ge\/wp-content\/uploads\/2026\/03\/geoclimate-SEO.png","width":1536,"height":1024,"caption":"GeoClimate"},"image":{"@id":"https:\/\/geoclimate.ge\/#\/schema\/logo\/image\/"}}]}},"_links":{"self":[{"href":"https:\/\/geoclimate.ge\/fr\/wp-json\/wp\/v2\/product\/33774","targetHints":{"allow":["GET"]}}],"collection":[{"href":"https:\/\/geoclimate.ge\/fr\/wp-json\/wp\/v2\/product"}],"about":[{"href":"https:\/\/geoclimate.ge\/fr\/wp-json\/wp\/v2\/types\/product"}],"wp:featuredmedia":[{"embeddable":true,"href":"https:\/\/geoclimate.ge\/fr\/wp-json\/wp\/v2\/media\/33762"}],"wp:attachment":[{"href":"https:\/\/geoclimate.ge\/fr\/wp-json\/wp\/v2\/media?parent=33774"}],"wp:term":[{"taxonomy":"product_brand","embeddable":true,"href":"https:\/\/geoclimate.ge\/fr\/wp-json\/wp\/v2\/product_brand?post=33774"},{"taxonomy":"product_cat","embeddable":true,"href":"https:\/\/geoclimate.ge\/fr\/wp-json\/wp\/v2\/product_cat?post=33774"},{"taxonomy":"product_tag","embeddable":true,"href":"https:\/\/geoclimate.ge\/fr\/wp-json\/wp\/v2\/product_tag?post=33774"}],"curies":[{"name":"wp","href":"https:\/\/api.w.org\/{rel}","templated":true}]}}