{"id":33915,"date":"2025-05-28T20:02:08","date_gmt":"2025-05-28T16:02:08","guid":{"rendered":"https:\/\/airsystems.ge\/shop\/product\/solar-panel-ibex-132bf-mhc-topcon-510-530-bifacial\/"},"modified":"2025-05-28T20:09:34","modified_gmt":"2025-05-28T16:09:34","slug":"solar-panel-ibex-132bf-mhc-topcon-510-530-bifacial","status":"publish","type":"product","link":"https:\/\/geoclimate.ge\/fr\/produit\/solar-panel-ibex-132bf-mhc-topcon-510-530-bifacial\/","title":{"rendered":"461 \/ 5,000 Panneau solaire IBEX 132BF-MHC-TOPCON 510-530 Biface Solar Panel"},"content":{"rendered":"<h2>TECHNICAL DATA<\/h2>\n<div class=\"technical-data-table\">\n<div class=\"row no-gutters technical-data-table-row\">\n<div class=\"col-6\">Power classes: Up 510 to 530 Wp<\/div>\n<\/div>\n<div class=\"row no-gutters technical-data-table-row\">\n<div class=\"col-6\">Efficiency: Up to 22.32% (up to +25% from back side)<\/div>\n<\/div>\n<div class=\"row no-gutters technical-data-table-row\">\n<div class=\"col-6\">Size: 2094 x 1134 x 30 mm<\/div>\n<\/div>\n<div class=\"row no-gutters technical-data-table-row\">\n<div class=\"col-6\">Weight: Up to 26. 1 kg<\/div>\n<\/div>\n<div class=\"row no-gutters technical-data-table-row small\">\n<div class=\"col-6\">Warranty<\/div>\n<div class=\"col-6\">At least 97% of nominal power during the first year.<br \/>\nThereafter max. 0.415% degradation per year.<br \/>\nAt least 86.63% of nominal power up to 25 years.<br \/>\nAt least 84.55% of nominal power up to 30 years.<\/div>\n<\/div>\n<div>\n<p>YOU CAN READ MORE INFORMATION IN OUR DATA SHEET:<\/p>\n<p><a class=\"btn btn--theme\" href=\"https:\/\/www.swissenergy-solar.ch\/wp-content\/uploads\/2024\/01\/IBEX-132BF-MHC-TOPCON-510-530_compressed.pdf\" target=\"_blank\" rel=\"noopener\">DATA SHEET<\/a><\/p>\n<\/div>\n<\/div>\n","protected":false},"excerpt":{"rendered":"<div class=\"country\"><b>Con\u00e7u en Suisse<\/b><\/div>\n<div class=\"description\">\n<h2>Technologie TOPCON<\/h2>\n<ul>\n<li>TECHNOLOGIE DE CELLULES N-TOPCON<br \/>\nCellule PERC de type P<br \/>\nTechnologie 16BB Half-cut<br \/>\nPression maximale test\u00e9e\u00a0: 6\u00a0200\u00a0Pa<br \/>\nTension maximale test\u00e9e\u00a0: 4\u00a0200\u00a0Pa<br \/>\nCO\u00dbT \u00c9LECTRIQUE PAR KILOWATT-HEURE (LCOE) R\u00c9DUIT<br \/>\nFeuille arri\u00e8re color\u00e9e\u00a0: Transparent<br \/>\nRendement jusqu\u2019\u00e0 22,32\u00a0% (jusqu\u2019\u00e0 +25\u00a0% par rapport \u00e0 la face arri\u00e8re)<br \/>\nGrande taille de cellule (182\u00a0\u00d7\u00a091)<\/p>\n<p>&nbsp;<\/li>\n<\/ul>\n<\/div>\n<h3>ID\u00c9AL POUR<\/h3>\n<ul>\n<li>Installations commerciales et industrielles<br \/>\nCentrales solaires au sol<\/li>\n<\/ul>\n","protected":false},"featured_media":33898,"template":"","meta":[],"product_brand":[],"product_cat":[1674],"product_tag":[],"class_list":{"0":"post-33915","1":"product","2":"type-product","3":"status-publish","4":"has-post-thumbnail","6":"product_cat-panneau-solaire-energie-energy-fr","8":"first","9":"instock","10":"shipping-taxable","11":"product-type-simple"},"yoast_head":"<!-- This site is optimized with the Yoast SEO plugin v27.1.1 - https:\/\/yoast.com\/product\/yoast-seo-wordpress\/ -->\n<title>461 \/ 5,000 Panneau solaire IBEX 132BF-MHC-TOPCON 510-530 Biface Solar Panel - GeoClimate.ge<\/title>\n<meta name=\"robots\" content=\"index, follow, max-snippet:-1, max-image-preview:large, max-video-preview:-1\" \/>\n<link rel=\"canonical\" href=\"https:\/\/geoclimate.ge\/fr\/produit\/solar-panel-ibex-132bf-mhc-topcon-510-530-bifacial\/\" \/>\n<meta property=\"og:locale\" content=\"fr_FR\" \/>\n<meta property=\"og:type\" content=\"article\" \/>\n<meta property=\"og:title\" content=\"461 \/ 5,000 Panneau solaire IBEX 132BF-MHC-TOPCON 510-530 Biface Solar Panel - GeoClimate.ge\" \/>\n<meta property=\"og:description\" content=\"Con\u00e7u en Suisse  Technologie TOPCON   TECHNOLOGIE DE CELLULES N-TOPCON Cellule PERC de type P Technologie 16BB Half-cut Pression maximale test\u00e9e\u00a0: 6\u00a0200\u00a0Pa Tension maximale test\u00e9e\u00a0: 4\u00a0200\u00a0Pa CO\u00dbT \u00c9LECTRIQUE PAR KILOWATT-HEURE (LCOE) R\u00c9DUIT Feuille arri\u00e8re color\u00e9e\u00a0: Transparent Rendement jusqu\u2019\u00e0 22,32\u00a0% (jusqu\u2019\u00e0 +25\u00a0% par rapport \u00e0 la face arri\u00e8re) Grande taille de cellule (182\u00a0\u00d7\u00a091)  &nbsp;   ID\u00c9AL POUR   Installations commerciales et industrielles Centrales solaires au sol\" \/>\n<meta property=\"og:url\" content=\"https:\/\/geoclimate.ge\/fr\/produit\/solar-panel-ibex-132bf-mhc-topcon-510-530-bifacial\/\" \/>\n<meta property=\"og:site_name\" content=\"GeoClimate.ge\" \/>\n<meta property=\"article:modified_time\" content=\"2025-05-28T16:09:34+00:00\" \/>\n<meta property=\"og:image\" content=\"https:\/\/geoclimate.ge\/wp-content\/uploads\/2025\/05\/IBEX-132MHC-EIGER-BIFACIAL-scaled.png\" \/>\n\t<meta property=\"og:image:width\" content=\"1363\" \/>\n\t<meta property=\"og:image:height\" content=\"2560\" \/>\n\t<meta property=\"og:image:type\" content=\"image\/png\" \/>\n<meta name=\"twitter:card\" content=\"summary_large_image\" \/>\n<script type=\"application\/ld+json\" class=\"yoast-schema-graph\">{\"@context\":\"https:\/\/schema.org\",\"@graph\":[{\"@type\":\"WebPage\",\"@id\":\"https:\/\/geoclimate.ge\/fr\/produit\/solar-panel-ibex-132bf-mhc-topcon-510-530-bifacial\/\",\"url\":\"https:\/\/geoclimate.ge\/fr\/produit\/solar-panel-ibex-132bf-mhc-topcon-510-530-bifacial\/\",\"name\":\"461 \/ 5,000 Panneau solaire IBEX 132BF-MHC-TOPCON 510-530 Biface Solar Panel - GeoClimate.ge\",\"isPartOf\":{\"@id\":\"https:\/\/geoclimate.ge\/#website\"},\"primaryImageOfPage\":{\"@id\":\"https:\/\/geoclimate.ge\/fr\/produit\/solar-panel-ibex-132bf-mhc-topcon-510-530-bifacial\/#primaryimage\"},\"image\":{\"@id\":\"https:\/\/geoclimate.ge\/fr\/produit\/solar-panel-ibex-132bf-mhc-topcon-510-530-bifacial\/#primaryimage\"},\"thumbnailUrl\":\"https:\/\/geoclimate.ge\/wp-content\/uploads\/2025\/05\/IBEX-132MHC-EIGER-BIFACIAL-scaled.png\",\"datePublished\":\"2025-05-28T16:02:08+00:00\",\"dateModified\":\"2025-05-28T16:09:34+00:00\",\"breadcrumb\":{\"@id\":\"https:\/\/geoclimate.ge\/fr\/produit\/solar-panel-ibex-132bf-mhc-topcon-510-530-bifacial\/#breadcrumb\"},\"inLanguage\":\"fr-FR\",\"potentialAction\":[{\"@type\":\"ReadAction\",\"target\":[\"https:\/\/geoclimate.ge\/fr\/produit\/solar-panel-ibex-132bf-mhc-topcon-510-530-bifacial\/\"]}]},{\"@type\":\"ImageObject\",\"inLanguage\":\"fr-FR\",\"@id\":\"https:\/\/geoclimate.ge\/fr\/produit\/solar-panel-ibex-132bf-mhc-topcon-510-530-bifacial\/#primaryimage\",\"url\":\"https:\/\/geoclimate.ge\/wp-content\/uploads\/2025\/05\/IBEX-132MHC-EIGER-BIFACIAL-scaled.png\",\"contentUrl\":\"https:\/\/geoclimate.ge\/wp-content\/uploads\/2025\/05\/IBEX-132MHC-EIGER-BIFACIAL-scaled.png\",\"width\":1363,\"height\":2560},{\"@type\":\"BreadcrumbList\",\"@id\":\"https:\/\/geoclimate.ge\/fr\/produit\/solar-panel-ibex-132bf-mhc-topcon-510-530-bifacial\/#breadcrumb\",\"itemListElement\":[{\"@type\":\"ListItem\",\"position\":1,\"name\":\"Home\",\"item\":\"https:\/\/geoclimate.ge\/fr\/\"},{\"@type\":\"ListItem\",\"position\":2,\"name\":\"Products\",\"item\":\"https:\/\/geoclimate.ge\/fr\/products\/\"},{\"@type\":\"ListItem\",\"position\":3,\"name\":\"461 \/ 5,000 Panneau solaire IBEX 132BF-MHC-TOPCON 510-530 Biface Solar Panel\"}]},{\"@type\":\"WebSite\",\"@id\":\"https:\/\/geoclimate.ge\/#website\",\"url\":\"https:\/\/geoclimate.ge\/\",\"name\":\"GeoClimate\",\"description\":\"\",\"publisher\":{\"@id\":\"https:\/\/geoclimate.ge\/#organization\"},\"potentialAction\":[{\"@type\":\"SearchAction\",\"target\":{\"@type\":\"EntryPoint\",\"urlTemplate\":\"https:\/\/geoclimate.ge\/?s={search_term_string}\"},\"query-input\":{\"@type\":\"PropertyValueSpecification\",\"valueRequired\":true,\"valueName\":\"search_term_string\"}}],\"inLanguage\":\"fr-FR\"},{\"@type\":\"Organization\",\"@id\":\"https:\/\/geoclimate.ge\/#organization\",\"name\":\"GeoClimate\",\"url\":\"https:\/\/geoclimate.ge\/\",\"logo\":{\"@type\":\"ImageObject\",\"inLanguage\":\"fr-FR\",\"@id\":\"https:\/\/geoclimate.ge\/#\/schema\/logo\/image\/\",\"url\":\"https:\/\/geoclimate.ge\/wp-content\/uploads\/2026\/03\/geoclimate-SEO.png\",\"contentUrl\":\"https:\/\/geoclimate.ge\/wp-content\/uploads\/2026\/03\/geoclimate-SEO.png\",\"width\":1536,\"height\":1024,\"caption\":\"GeoClimate\"},\"image\":{\"@id\":\"https:\/\/geoclimate.ge\/#\/schema\/logo\/image\/\"}}]}<\/script>\n<!-- \/ Yoast SEO plugin. -->","yoast_head_json":{"title":"461 \/ 5,000 Panneau solaire IBEX 132BF-MHC-TOPCON 510-530 Biface Solar Panel - GeoClimate.ge","robots":{"index":"index","follow":"follow","max-snippet":"max-snippet:-1","max-image-preview":"max-image-preview:large","max-video-preview":"max-video-preview:-1"},"canonical":"https:\/\/geoclimate.ge\/fr\/produit\/solar-panel-ibex-132bf-mhc-topcon-510-530-bifacial\/","og_locale":"fr_FR","og_type":"article","og_title":"461 \/ 5,000 Panneau solaire IBEX 132BF-MHC-TOPCON 510-530 Biface Solar Panel - GeoClimate.ge","og_description":"Con\u00e7u en Suisse  Technologie TOPCON   TECHNOLOGIE DE CELLULES N-TOPCON Cellule PERC de type P Technologie 16BB Half-cut Pression maximale test\u00e9e\u00a0: 6\u00a0200\u00a0Pa Tension maximale test\u00e9e\u00a0: 4\u00a0200\u00a0Pa CO\u00dbT \u00c9LECTRIQUE PAR KILOWATT-HEURE (LCOE) R\u00c9DUIT Feuille arri\u00e8re color\u00e9e\u00a0: Transparent Rendement jusqu\u2019\u00e0 22,32\u00a0% (jusqu\u2019\u00e0 +25\u00a0% par rapport \u00e0 la face arri\u00e8re) Grande taille de cellule (182\u00a0\u00d7\u00a091)  &nbsp;   ID\u00c9AL POUR   Installations commerciales et industrielles Centrales solaires au sol","og_url":"https:\/\/geoclimate.ge\/fr\/produit\/solar-panel-ibex-132bf-mhc-topcon-510-530-bifacial\/","og_site_name":"GeoClimate.ge","article_modified_time":"2025-05-28T16:09:34+00:00","og_image":[{"width":1363,"height":2560,"url":"https:\/\/geoclimate.ge\/wp-content\/uploads\/2025\/05\/IBEX-132MHC-EIGER-BIFACIAL-scaled.png","type":"image\/png"}],"twitter_card":"summary_large_image","schema":{"@context":"https:\/\/schema.org","@graph":[{"@type":"WebPage","@id":"https:\/\/geoclimate.ge\/fr\/produit\/solar-panel-ibex-132bf-mhc-topcon-510-530-bifacial\/","url":"https:\/\/geoclimate.ge\/fr\/produit\/solar-panel-ibex-132bf-mhc-topcon-510-530-bifacial\/","name":"461 \/ 5,000 Panneau solaire IBEX 132BF-MHC-TOPCON 510-530 Biface Solar Panel - GeoClimate.ge","isPartOf":{"@id":"https:\/\/geoclimate.ge\/#website"},"primaryImageOfPage":{"@id":"https:\/\/geoclimate.ge\/fr\/produit\/solar-panel-ibex-132bf-mhc-topcon-510-530-bifacial\/#primaryimage"},"image":{"@id":"https:\/\/geoclimate.ge\/fr\/produit\/solar-panel-ibex-132bf-mhc-topcon-510-530-bifacial\/#primaryimage"},"thumbnailUrl":"https:\/\/geoclimate.ge\/wp-content\/uploads\/2025\/05\/IBEX-132MHC-EIGER-BIFACIAL-scaled.png","datePublished":"2025-05-28T16:02:08+00:00","dateModified":"2025-05-28T16:09:34+00:00","breadcrumb":{"@id":"https:\/\/geoclimate.ge\/fr\/produit\/solar-panel-ibex-132bf-mhc-topcon-510-530-bifacial\/#breadcrumb"},"inLanguage":"fr-FR","potentialAction":[{"@type":"ReadAction","target":["https:\/\/geoclimate.ge\/fr\/produit\/solar-panel-ibex-132bf-mhc-topcon-510-530-bifacial\/"]}]},{"@type":"ImageObject","inLanguage":"fr-FR","@id":"https:\/\/geoclimate.ge\/fr\/produit\/solar-panel-ibex-132bf-mhc-topcon-510-530-bifacial\/#primaryimage","url":"https:\/\/geoclimate.ge\/wp-content\/uploads\/2025\/05\/IBEX-132MHC-EIGER-BIFACIAL-scaled.png","contentUrl":"https:\/\/geoclimate.ge\/wp-content\/uploads\/2025\/05\/IBEX-132MHC-EIGER-BIFACIAL-scaled.png","width":1363,"height":2560},{"@type":"BreadcrumbList","@id":"https:\/\/geoclimate.ge\/fr\/produit\/solar-panel-ibex-132bf-mhc-topcon-510-530-bifacial\/#breadcrumb","itemListElement":[{"@type":"ListItem","position":1,"name":"Home","item":"https:\/\/geoclimate.ge\/fr\/"},{"@type":"ListItem","position":2,"name":"Products","item":"https:\/\/geoclimate.ge\/fr\/products\/"},{"@type":"ListItem","position":3,"name":"461 \/ 5,000 Panneau solaire IBEX 132BF-MHC-TOPCON 510-530 Biface Solar Panel"}]},{"@type":"WebSite","@id":"https:\/\/geoclimate.ge\/#website","url":"https:\/\/geoclimate.ge\/","name":"GeoClimate","description":"","publisher":{"@id":"https:\/\/geoclimate.ge\/#organization"},"potentialAction":[{"@type":"SearchAction","target":{"@type":"EntryPoint","urlTemplate":"https:\/\/geoclimate.ge\/?s={search_term_string}"},"query-input":{"@type":"PropertyValueSpecification","valueRequired":true,"valueName":"search_term_string"}}],"inLanguage":"fr-FR"},{"@type":"Organization","@id":"https:\/\/geoclimate.ge\/#organization","name":"GeoClimate","url":"https:\/\/geoclimate.ge\/","logo":{"@type":"ImageObject","inLanguage":"fr-FR","@id":"https:\/\/geoclimate.ge\/#\/schema\/logo\/image\/","url":"https:\/\/geoclimate.ge\/wp-content\/uploads\/2026\/03\/geoclimate-SEO.png","contentUrl":"https:\/\/geoclimate.ge\/wp-content\/uploads\/2026\/03\/geoclimate-SEO.png","width":1536,"height":1024,"caption":"GeoClimate"},"image":{"@id":"https:\/\/geoclimate.ge\/#\/schema\/logo\/image\/"}}]}},"_links":{"self":[{"href":"https:\/\/geoclimate.ge\/fr\/wp-json\/wp\/v2\/product\/33915","targetHints":{"allow":["GET"]}}],"collection":[{"href":"https:\/\/geoclimate.ge\/fr\/wp-json\/wp\/v2\/product"}],"about":[{"href":"https:\/\/geoclimate.ge\/fr\/wp-json\/wp\/v2\/types\/product"}],"wp:featuredmedia":[{"embeddable":true,"href":"https:\/\/geoclimate.ge\/fr\/wp-json\/wp\/v2\/media\/33898"}],"wp:attachment":[{"href":"https:\/\/geoclimate.ge\/fr\/wp-json\/wp\/v2\/media?parent=33915"}],"wp:term":[{"taxonomy":"product_brand","embeddable":true,"href":"https:\/\/geoclimate.ge\/fr\/wp-json\/wp\/v2\/product_brand?post=33915"},{"taxonomy":"product_cat","embeddable":true,"href":"https:\/\/geoclimate.ge\/fr\/wp-json\/wp\/v2\/product_cat?post=33915"},{"taxonomy":"product_tag","embeddable":true,"href":"https:\/\/geoclimate.ge\/fr\/wp-json\/wp\/v2\/product_tag?post=33915"}],"curies":[{"name":"wp","href":"https:\/\/api.w.org\/{rel}","templated":true}]}}