{"id":34533,"date":"2025-06-03T19:14:55","date_gmt":"2025-06-03T15:14:55","guid":{"rendered":"https:\/\/airsystems.ge\/shop\/product\/steel-coating-thermocoat\/"},"modified":"2025-06-03T19:25:37","modified_gmt":"2025-06-03T15:25:37","slug":"steel-coating-thermocoat","status":"publish","type":"product","link":"https:\/\/geoclimate.ge\/fr\/produit\/steel-coating-thermocoat\/","title":{"rendered":"Rev\u00eatement de l&rsquo;acier\u00a0: Thermocoat WRAS"},"content":{"rendered":"","protected":false},"excerpt":{"rendered":"<p>Il est appliqu\u00e9 sur une ou deux faces du panneau \u00e0 l&rsquo;aide de syst\u00e8mes robotis\u00e9s dans nos installations, selon la demande. Ce rev\u00eatement homologu\u00e9 WRAS\u00ae est utilis\u00e9 pour le stockage d&rsquo;eau partiellement m\u00e9lang\u00e9e chimiquement ou d&rsquo;eau potable dans des environnements ext\u00e9rieurs et int\u00e9rieurs corrosifs.<\/p>\n","protected":false},"featured_media":34516,"template":"","meta":[],"product_brand":[],"product_cat":[1691,673,1703],"product_tag":[],"class_list":{"0":"post-34533","1":"product","2":"type-product","3":"status-publish","4":"has-post-thumbnail","6":"product_cat-reservoir-deau-en-acier-revetu","7":"product_cat-water-tanks-fr","8":"product_cat-revetement-de-lacier-thermocoat","10":"first","11":"instock","12":"shipping-taxable","13":"product-type-simple"},"yoast_head":"<!-- This site is optimized with the Yoast SEO plugin v27.1.1 - https:\/\/yoast.com\/product\/yoast-seo-wordpress\/ -->\n<title>Rev\u00eatement de l&#039;acier\u00a0: Thermocoat WRAS - GeoClimate.ge<\/title>\n<meta name=\"robots\" content=\"index, follow, max-snippet:-1, max-image-preview:large, max-video-preview:-1\" \/>\n<link rel=\"canonical\" href=\"https:\/\/geoclimate.ge\/fr\/produit\/steel-coating-thermocoat\/\" \/>\n<meta property=\"og:locale\" content=\"fr_FR\" \/>\n<meta property=\"og:type\" content=\"article\" \/>\n<meta property=\"og:title\" content=\"Rev\u00eatement de l&#039;acier\u00a0: Thermocoat WRAS - GeoClimate.ge\" \/>\n<meta property=\"og:description\" content=\"Il est appliqu\u00e9 sur une ou deux faces du panneau \u00e0 l&#039;aide de syst\u00e8mes robotis\u00e9s dans nos installations, selon la demande. Ce rev\u00eatement homologu\u00e9 WRAS\u00ae est utilis\u00e9 pour le stockage d&#039;eau partiellement m\u00e9lang\u00e9e chimiquement ou d&#039;eau potable dans des environnements ext\u00e9rieurs et int\u00e9rieurs corrosifs.\" \/>\n<meta property=\"og:url\" content=\"https:\/\/geoclimate.ge\/fr\/produit\/steel-coating-thermocoat\/\" \/>\n<meta property=\"og:site_name\" content=\"GeoClimate.ge\" \/>\n<meta property=\"article:modified_time\" content=\"2025-06-03T15:25:37+00:00\" \/>\n<meta property=\"og:image\" content=\"https:\/\/geoclimate.ge\/wp-content\/uploads\/2025\/06\/cplr2wyp6410.jpg\" \/>\n\t<meta property=\"og:image:width\" content=\"800\" \/>\n\t<meta property=\"og:image:height\" content=\"600\" \/>\n\t<meta property=\"og:image:type\" content=\"image\/jpeg\" \/>\n<meta name=\"twitter:card\" content=\"summary_large_image\" \/>\n<script type=\"application\/ld+json\" class=\"yoast-schema-graph\">{\"@context\":\"https:\/\/schema.org\",\"@graph\":[{\"@type\":\"WebPage\",\"@id\":\"https:\/\/geoclimate.ge\/fr\/produit\/steel-coating-thermocoat\/\",\"url\":\"https:\/\/geoclimate.ge\/fr\/produit\/steel-coating-thermocoat\/\",\"name\":\"Rev\u00eatement de l'acier\u00a0: Thermocoat WRAS - GeoClimate.ge\",\"isPartOf\":{\"@id\":\"https:\/\/geoclimate.ge\/#website\"},\"primaryImageOfPage\":{\"@id\":\"https:\/\/geoclimate.ge\/fr\/produit\/steel-coating-thermocoat\/#primaryimage\"},\"image\":{\"@id\":\"https:\/\/geoclimate.ge\/fr\/produit\/steel-coating-thermocoat\/#primaryimage\"},\"thumbnailUrl\":\"https:\/\/geoclimate.ge\/wp-content\/uploads\/2025\/06\/cplr2wyp6410.jpg\",\"datePublished\":\"2025-06-03T15:14:55+00:00\",\"dateModified\":\"2025-06-03T15:25:37+00:00\",\"breadcrumb\":{\"@id\":\"https:\/\/geoclimate.ge\/fr\/produit\/steel-coating-thermocoat\/#breadcrumb\"},\"inLanguage\":\"fr-FR\",\"potentialAction\":[{\"@type\":\"ReadAction\",\"target\":[\"https:\/\/geoclimate.ge\/fr\/produit\/steel-coating-thermocoat\/\"]}]},{\"@type\":\"ImageObject\",\"inLanguage\":\"fr-FR\",\"@id\":\"https:\/\/geoclimate.ge\/fr\/produit\/steel-coating-thermocoat\/#primaryimage\",\"url\":\"https:\/\/geoclimate.ge\/wp-content\/uploads\/2025\/06\/cplr2wyp6410.jpg\",\"contentUrl\":\"https:\/\/geoclimate.ge\/wp-content\/uploads\/2025\/06\/cplr2wyp6410.jpg\",\"width\":800,\"height\":600},{\"@type\":\"BreadcrumbList\",\"@id\":\"https:\/\/geoclimate.ge\/fr\/produit\/steel-coating-thermocoat\/#breadcrumb\",\"itemListElement\":[{\"@type\":\"ListItem\",\"position\":1,\"name\":\"Home\",\"item\":\"https:\/\/geoclimate.ge\/fr\/\"},{\"@type\":\"ListItem\",\"position\":2,\"name\":\"Products\",\"item\":\"https:\/\/geoclimate.ge\/fr\/products\/\"},{\"@type\":\"ListItem\",\"position\":3,\"name\":\"Rev\u00eatement de l&#8217;acier\u00a0: Thermocoat WRAS\"}]},{\"@type\":\"WebSite\",\"@id\":\"https:\/\/geoclimate.ge\/#website\",\"url\":\"https:\/\/geoclimate.ge\/\",\"name\":\"GeoClimate\",\"description\":\"\",\"publisher\":{\"@id\":\"https:\/\/geoclimate.ge\/#organization\"},\"potentialAction\":[{\"@type\":\"SearchAction\",\"target\":{\"@type\":\"EntryPoint\",\"urlTemplate\":\"https:\/\/geoclimate.ge\/?s={search_term_string}\"},\"query-input\":{\"@type\":\"PropertyValueSpecification\",\"valueRequired\":true,\"valueName\":\"search_term_string\"}}],\"inLanguage\":\"fr-FR\"},{\"@type\":\"Organization\",\"@id\":\"https:\/\/geoclimate.ge\/#organization\",\"name\":\"GeoClimate\",\"url\":\"https:\/\/geoclimate.ge\/\",\"logo\":{\"@type\":\"ImageObject\",\"inLanguage\":\"fr-FR\",\"@id\":\"https:\/\/geoclimate.ge\/#\/schema\/logo\/image\/\",\"url\":\"https:\/\/geoclimate.ge\/wp-content\/uploads\/2026\/03\/geoclimate-SEO.png\",\"contentUrl\":\"https:\/\/geoclimate.ge\/wp-content\/uploads\/2026\/03\/geoclimate-SEO.png\",\"width\":1536,\"height\":1024,\"caption\":\"GeoClimate\"},\"image\":{\"@id\":\"https:\/\/geoclimate.ge\/#\/schema\/logo\/image\/\"}}]}<\/script>\n<!-- \/ Yoast SEO plugin. -->","yoast_head_json":{"title":"Rev\u00eatement de l'acier\u00a0: Thermocoat WRAS - GeoClimate.ge","robots":{"index":"index","follow":"follow","max-snippet":"max-snippet:-1","max-image-preview":"max-image-preview:large","max-video-preview":"max-video-preview:-1"},"canonical":"https:\/\/geoclimate.ge\/fr\/produit\/steel-coating-thermocoat\/","og_locale":"fr_FR","og_type":"article","og_title":"Rev\u00eatement de l'acier\u00a0: Thermocoat WRAS - GeoClimate.ge","og_description":"Il est appliqu\u00e9 sur une ou deux faces du panneau \u00e0 l'aide de syst\u00e8mes robotis\u00e9s dans nos installations, selon la demande. Ce rev\u00eatement homologu\u00e9 WRAS\u00ae est utilis\u00e9 pour le stockage d'eau partiellement m\u00e9lang\u00e9e chimiquement ou d'eau potable dans des environnements ext\u00e9rieurs et int\u00e9rieurs corrosifs.","og_url":"https:\/\/geoclimate.ge\/fr\/produit\/steel-coating-thermocoat\/","og_site_name":"GeoClimate.ge","article_modified_time":"2025-06-03T15:25:37+00:00","og_image":[{"width":800,"height":600,"url":"https:\/\/geoclimate.ge\/wp-content\/uploads\/2025\/06\/cplr2wyp6410.jpg","type":"image\/jpeg"}],"twitter_card":"summary_large_image","schema":{"@context":"https:\/\/schema.org","@graph":[{"@type":"WebPage","@id":"https:\/\/geoclimate.ge\/fr\/produit\/steel-coating-thermocoat\/","url":"https:\/\/geoclimate.ge\/fr\/produit\/steel-coating-thermocoat\/","name":"Rev\u00eatement de l'acier\u00a0: Thermocoat WRAS - GeoClimate.ge","isPartOf":{"@id":"https:\/\/geoclimate.ge\/#website"},"primaryImageOfPage":{"@id":"https:\/\/geoclimate.ge\/fr\/produit\/steel-coating-thermocoat\/#primaryimage"},"image":{"@id":"https:\/\/geoclimate.ge\/fr\/produit\/steel-coating-thermocoat\/#primaryimage"},"thumbnailUrl":"https:\/\/geoclimate.ge\/wp-content\/uploads\/2025\/06\/cplr2wyp6410.jpg","datePublished":"2025-06-03T15:14:55+00:00","dateModified":"2025-06-03T15:25:37+00:00","breadcrumb":{"@id":"https:\/\/geoclimate.ge\/fr\/produit\/steel-coating-thermocoat\/#breadcrumb"},"inLanguage":"fr-FR","potentialAction":[{"@type":"ReadAction","target":["https:\/\/geoclimate.ge\/fr\/produit\/steel-coating-thermocoat\/"]}]},{"@type":"ImageObject","inLanguage":"fr-FR","@id":"https:\/\/geoclimate.ge\/fr\/produit\/steel-coating-thermocoat\/#primaryimage","url":"https:\/\/geoclimate.ge\/wp-content\/uploads\/2025\/06\/cplr2wyp6410.jpg","contentUrl":"https:\/\/geoclimate.ge\/wp-content\/uploads\/2025\/06\/cplr2wyp6410.jpg","width":800,"height":600},{"@type":"BreadcrumbList","@id":"https:\/\/geoclimate.ge\/fr\/produit\/steel-coating-thermocoat\/#breadcrumb","itemListElement":[{"@type":"ListItem","position":1,"name":"Home","item":"https:\/\/geoclimate.ge\/fr\/"},{"@type":"ListItem","position":2,"name":"Products","item":"https:\/\/geoclimate.ge\/fr\/products\/"},{"@type":"ListItem","position":3,"name":"Rev\u00eatement de l&#8217;acier\u00a0: Thermocoat WRAS"}]},{"@type":"WebSite","@id":"https:\/\/geoclimate.ge\/#website","url":"https:\/\/geoclimate.ge\/","name":"GeoClimate","description":"","publisher":{"@id":"https:\/\/geoclimate.ge\/#organization"},"potentialAction":[{"@type":"SearchAction","target":{"@type":"EntryPoint","urlTemplate":"https:\/\/geoclimate.ge\/?s={search_term_string}"},"query-input":{"@type":"PropertyValueSpecification","valueRequired":true,"valueName":"search_term_string"}}],"inLanguage":"fr-FR"},{"@type":"Organization","@id":"https:\/\/geoclimate.ge\/#organization","name":"GeoClimate","url":"https:\/\/geoclimate.ge\/","logo":{"@type":"ImageObject","inLanguage":"fr-FR","@id":"https:\/\/geoclimate.ge\/#\/schema\/logo\/image\/","url":"https:\/\/geoclimate.ge\/wp-content\/uploads\/2026\/03\/geoclimate-SEO.png","contentUrl":"https:\/\/geoclimate.ge\/wp-content\/uploads\/2026\/03\/geoclimate-SEO.png","width":1536,"height":1024,"caption":"GeoClimate"},"image":{"@id":"https:\/\/geoclimate.ge\/#\/schema\/logo\/image\/"}}]}},"_links":{"self":[{"href":"https:\/\/geoclimate.ge\/fr\/wp-json\/wp\/v2\/product\/34533","targetHints":{"allow":["GET"]}}],"collection":[{"href":"https:\/\/geoclimate.ge\/fr\/wp-json\/wp\/v2\/product"}],"about":[{"href":"https:\/\/geoclimate.ge\/fr\/wp-json\/wp\/v2\/types\/product"}],"wp:featuredmedia":[{"embeddable":true,"href":"https:\/\/geoclimate.ge\/fr\/wp-json\/wp\/v2\/media\/34516"}],"wp:attachment":[{"href":"https:\/\/geoclimate.ge\/fr\/wp-json\/wp\/v2\/media?parent=34533"}],"wp:term":[{"taxonomy":"product_brand","embeddable":true,"href":"https:\/\/geoclimate.ge\/fr\/wp-json\/wp\/v2\/product_brand?post=34533"},{"taxonomy":"product_cat","embeddable":true,"href":"https:\/\/geoclimate.ge\/fr\/wp-json\/wp\/v2\/product_cat?post=34533"},{"taxonomy":"product_tag","embeddable":true,"href":"https:\/\/geoclimate.ge\/fr\/wp-json\/wp\/v2\/product_tag?post=34533"}],"curies":[{"name":"wp","href":"https:\/\/api.w.org\/{rel}","templated":true}]}}