{"id":34594,"date":"2025-06-07T14:37:33","date_gmt":"2025-06-07T10:37:33","guid":{"rendered":"https:\/\/airsystems.ge\/shop\/product\/shell-tube-condenser\/"},"modified":"2025-06-07T14:46:44","modified_gmt":"2025-06-07T10:46:44","slug":"shell-tube-condenser","status":"publish","type":"product","link":"https:\/\/geoclimate.ge\/fr\/produit\/shell-tube-condenser\/","title":{"rendered":"\u00c9CHANGEUR DE CHALEUR \u00c0 R\u00c9CUP\u00c9RATION DE CHALEUR \u00c0 CONDENSATEUR TUBULAIRE"},"content":{"rendered":"<div class=\"elementor-element elementor-element-f80f489 elementor-widget elementor-widget-heading\" data-id=\"f80f489\" data-element_type=\"widget\" data-widget_type=\"heading.default\">\n<div class=\"elementor-widget-container\">Caract\u00e9ristiques principales :<\/div>\n<\/div>\n<div class=\"elementor-element elementor-element-391e72ec elementor-widget elementor-widget-theme-post-content\" data-id=\"391e72ec\" data-element_type=\"widget\" data-widget_type=\"theme-post-content.default\">\n<div class=\"elementor-widget-container\">\n<p>\u25cf Compatible avec tous les fluides frigorig\u00e8nes synth\u00e9tiques, y compris l&rsquo;A2L et le propane.<br \/>\n\u25cf Compatible avec l&rsquo;eau de mer.<br \/>\n\u25cf Possibilit\u00e9 de personnalisation de tous les composants du faisceau tubulaire.<br \/>\n\u25cf Diff\u00e9rents mat\u00e9riaux disponibles pour la calandre et les tuyaux, \u00e0 d\u00e9finir selon les demandes sp\u00e9cifiques du client ou pour garantir la compatibilit\u00e9 avec le fluide et les conditions d&rsquo;utilisation. Cuivre, acier inoxydable, titane, acier au carbone, cupronickel, \u2026<br \/>\n\u25cf 10 g\u00e9om\u00e9tries disponibles et une vari\u00e9t\u00e9 d&rsquo;\u00e9paisseurs et de formes de paroi de tube pour atteindre les performances souhait\u00e9es, tout en maintenant la compacit\u00e9 du faisceau tubulaire et des prix comp\u00e9titifs.<br \/>\n\u25cf Diff\u00e9rents types de connexions<\/p>\n<\/div>\n<\/div>\n<div class=\"elementor-element elementor-element-427e8a79 e-flex e-con-boxed e-con e-child\" data-id=\"427e8a79\" data-element_type=\"container\">\n<div class=\"e-con-inner\">\n<div class=\"elementor-element elementor-element-6e19ed90 hidebutton mc-bl elementor-align-left elementor-widget elementor-widget-button\" data-id=\"6e19ed90\" data-element_type=\"widget\" data-widget_type=\"button.default\">\n<div class=\"elementor-widget-container\">\n<div class=\"elementor-button-wrapper\"><a class=\"elementor-button elementor-button-link elementor-size-sm\" href=\"https:\/\/www.enextechnologies.com\/wp-content\/uploads\/2024\/08\/ROEN-EST-SHELL-_-TUBE.pdf\" target=\"_blank\" rel=\"noopener\"><span class=\"elementor-button-content-wrapper\"><span class=\"elementor-button-text\">DOWNLOAD<\/span><\/span><\/a><\/div>\n<\/div>\n<\/div>\n<\/div>\n<\/div>\n","protected":false},"excerpt":{"rendered":"<div class=\"elementor-element elementor-element-f80f489 elementor-widget elementor-widget-heading\" data-id=\"f80f489\" data-element_type=\"widget\" data-widget_type=\"heading.default\">\n<div class=\"elementor-widget-container\">\n<div class=\"elementor-heading-title elementor-size-default\">\n<p>Condenseur tubulaire<\/p>\n<p>Condenseurs<br \/>\nLes \u00e9changeurs de chaleur tubulaires Roen Est \u00ab\u00a0Condenseurs\u00a0\u00bb sont principalement utilis\u00e9s dans le secteur de la climatisation. La condensation du fluide frigorig\u00e8ne se produit c\u00f4t\u00e9 calandre, tandis que le fluide \u00e0 l&rsquo;int\u00e9rieur des tuyaux peut \u00eatre de l&rsquo;eau, un m\u00e9lange d&rsquo;eau et de glycol ou de l&rsquo;eau de mer. Les applications les plus courantes sont\u00a0: refroidisseurs d&rsquo;eau\/d&rsquo;air industriels, pompes \u00e0 chaleur, refroidisseurs d&rsquo;eau de mer\/d&rsquo;eau de mer industriels.<\/p>\n<\/div>\n<\/div>\n<\/div>\n","protected":false},"featured_media":34589,"template":"","meta":[],"product_brand":[],"product_cat":[682,1307],"product_tag":[],"class_list":{"0":"post-34594","1":"product","2":"type-product","3":"status-publish","4":"has-post-thumbnail","6":"product_cat-climatiseurs-fr-industriels","7":"product_cat-echangeur-de-chaleur-fr","9":"first","10":"instock","11":"shipping-taxable","12":"product-type-simple"},"yoast_head":"<!-- This site is optimized with the Yoast SEO plugin v27.1.1 - https:\/\/yoast.com\/product\/yoast-seo-wordpress\/ -->\n<title>\u00c9CHANGEUR DE CHALEUR \u00c0 R\u00c9CUP\u00c9RATION DE CHALEUR \u00c0 CONDENSATEUR TUBULAIRE - GeoClimate.ge<\/title>\n<meta name=\"robots\" content=\"index, follow, max-snippet:-1, max-image-preview:large, max-video-preview:-1\" \/>\n<link rel=\"canonical\" href=\"https:\/\/geoclimate.ge\/fr\/produit\/shell-tube-condenser\/\" \/>\n<meta property=\"og:locale\" content=\"fr_FR\" \/>\n<meta property=\"og:type\" content=\"article\" \/>\n<meta property=\"og:title\" content=\"\u00c9CHANGEUR DE CHALEUR \u00c0 R\u00c9CUP\u00c9RATION DE CHALEUR \u00c0 CONDENSATEUR TUBULAIRE - GeoClimate.ge\" \/>\n<meta property=\"og:description\" content=\"Condenseur tubulaire  Condenseurs Les \u00e9changeurs de chaleur tubulaires Roen Est \u00ab\u00a0Condenseurs\u00a0\u00bb sont principalement utilis\u00e9s dans le secteur de la climatisation. La condensation du fluide frigorig\u00e8ne se produit c\u00f4t\u00e9 calandre, tandis que le fluide \u00e0 l&#039;int\u00e9rieur des tuyaux peut \u00eatre de l&#039;eau, un m\u00e9lange d&#039;eau et de glycol ou de l&#039;eau de mer. Les applications les plus courantes sont\u00a0: refroidisseurs d&#039;eau\/d&#039;air industriels, pompes \u00e0 chaleur, refroidisseurs d&#039;eau de mer\/d&#039;eau de mer industriels.\" \/>\n<meta property=\"og:url\" content=\"https:\/\/geoclimate.ge\/fr\/produit\/shell-tube-condenser\/\" \/>\n<meta property=\"og:site_name\" content=\"GeoClimate.ge\" \/>\n<meta property=\"article:modified_time\" content=\"2025-06-07T10:46:44+00:00\" \/>\n<meta property=\"og:image\" content=\"https:\/\/geoclimate.ge\/wp-content\/uploads\/2025\/06\/ST-Condensers_low.jpg\" \/>\n\t<meta property=\"og:image:width\" content=\"960\" \/>\n\t<meta property=\"og:image:height\" content=\"540\" \/>\n\t<meta property=\"og:image:type\" content=\"image\/jpeg\" \/>\n<meta name=\"twitter:card\" content=\"summary_large_image\" \/>\n<meta name=\"twitter:label1\" content=\"Dur\u00e9e de lecture estim\u00e9e\" \/>\n\t<meta name=\"twitter:data1\" content=\"1 minute\" \/>\n<script type=\"application\/ld+json\" class=\"yoast-schema-graph\">{\"@context\":\"https:\/\/schema.org\",\"@graph\":[{\"@type\":\"WebPage\",\"@id\":\"https:\/\/geoclimate.ge\/fr\/produit\/shell-tube-condenser\/\",\"url\":\"https:\/\/geoclimate.ge\/fr\/produit\/shell-tube-condenser\/\",\"name\":\"\u00c9CHANGEUR DE CHALEUR \u00c0 R\u00c9CUP\u00c9RATION DE CHALEUR \u00c0 CONDENSATEUR TUBULAIRE - GeoClimate.ge\",\"isPartOf\":{\"@id\":\"https:\/\/geoclimate.ge\/#website\"},\"primaryImageOfPage\":{\"@id\":\"https:\/\/geoclimate.ge\/fr\/produit\/shell-tube-condenser\/#primaryimage\"},\"image\":{\"@id\":\"https:\/\/geoclimate.ge\/fr\/produit\/shell-tube-condenser\/#primaryimage\"},\"thumbnailUrl\":\"https:\/\/geoclimate.ge\/wp-content\/uploads\/2025\/06\/ST-Condensers_low.jpg\",\"datePublished\":\"2025-06-07T10:37:33+00:00\",\"dateModified\":\"2025-06-07T10:46:44+00:00\",\"breadcrumb\":{\"@id\":\"https:\/\/geoclimate.ge\/fr\/produit\/shell-tube-condenser\/#breadcrumb\"},\"inLanguage\":\"fr-FR\",\"potentialAction\":[{\"@type\":\"ReadAction\",\"target\":[\"https:\/\/geoclimate.ge\/fr\/produit\/shell-tube-condenser\/\"]}]},{\"@type\":\"ImageObject\",\"inLanguage\":\"fr-FR\",\"@id\":\"https:\/\/geoclimate.ge\/fr\/produit\/shell-tube-condenser\/#primaryimage\",\"url\":\"https:\/\/geoclimate.ge\/wp-content\/uploads\/2025\/06\/ST-Condensers_low.jpg\",\"contentUrl\":\"https:\/\/geoclimate.ge\/wp-content\/uploads\/2025\/06\/ST-Condensers_low.jpg\",\"width\":960,\"height\":540},{\"@type\":\"BreadcrumbList\",\"@id\":\"https:\/\/geoclimate.ge\/fr\/produit\/shell-tube-condenser\/#breadcrumb\",\"itemListElement\":[{\"@type\":\"ListItem\",\"position\":1,\"name\":\"Home\",\"item\":\"https:\/\/geoclimate.ge\/fr\/\"},{\"@type\":\"ListItem\",\"position\":2,\"name\":\"Products\",\"item\":\"https:\/\/geoclimate.ge\/fr\/products\/\"},{\"@type\":\"ListItem\",\"position\":3,\"name\":\"\u00c9CHANGEUR DE CHALEUR \u00c0 R\u00c9CUP\u00c9RATION DE CHALEUR \u00c0 CONDENSATEUR TUBULAIRE\"}]},{\"@type\":\"WebSite\",\"@id\":\"https:\/\/geoclimate.ge\/#website\",\"url\":\"https:\/\/geoclimate.ge\/\",\"name\":\"GeoClimate\",\"description\":\"\",\"publisher\":{\"@id\":\"https:\/\/geoclimate.ge\/#organization\"},\"potentialAction\":[{\"@type\":\"SearchAction\",\"target\":{\"@type\":\"EntryPoint\",\"urlTemplate\":\"https:\/\/geoclimate.ge\/?s={search_term_string}\"},\"query-input\":{\"@type\":\"PropertyValueSpecification\",\"valueRequired\":true,\"valueName\":\"search_term_string\"}}],\"inLanguage\":\"fr-FR\"},{\"@type\":\"Organization\",\"@id\":\"https:\/\/geoclimate.ge\/#organization\",\"name\":\"GeoClimate\",\"url\":\"https:\/\/geoclimate.ge\/\",\"logo\":{\"@type\":\"ImageObject\",\"inLanguage\":\"fr-FR\",\"@id\":\"https:\/\/geoclimate.ge\/#\/schema\/logo\/image\/\",\"url\":\"https:\/\/geoclimate.ge\/wp-content\/uploads\/2026\/03\/geoclimate-SEO.png\",\"contentUrl\":\"https:\/\/geoclimate.ge\/wp-content\/uploads\/2026\/03\/geoclimate-SEO.png\",\"width\":1536,\"height\":1024,\"caption\":\"GeoClimate\"},\"image\":{\"@id\":\"https:\/\/geoclimate.ge\/#\/schema\/logo\/image\/\"}}]}<\/script>\n<!-- \/ Yoast SEO plugin. -->","yoast_head_json":{"title":"\u00c9CHANGEUR DE CHALEUR \u00c0 R\u00c9CUP\u00c9RATION DE CHALEUR \u00c0 CONDENSATEUR TUBULAIRE - GeoClimate.ge","robots":{"index":"index","follow":"follow","max-snippet":"max-snippet:-1","max-image-preview":"max-image-preview:large","max-video-preview":"max-video-preview:-1"},"canonical":"https:\/\/geoclimate.ge\/fr\/produit\/shell-tube-condenser\/","og_locale":"fr_FR","og_type":"article","og_title":"\u00c9CHANGEUR DE CHALEUR \u00c0 R\u00c9CUP\u00c9RATION DE CHALEUR \u00c0 CONDENSATEUR TUBULAIRE - GeoClimate.ge","og_description":"Condenseur tubulaire  Condenseurs Les \u00e9changeurs de chaleur tubulaires Roen Est \u00ab\u00a0Condenseurs\u00a0\u00bb sont principalement utilis\u00e9s dans le secteur de la climatisation. La condensation du fluide frigorig\u00e8ne se produit c\u00f4t\u00e9 calandre, tandis que le fluide \u00e0 l'int\u00e9rieur des tuyaux peut \u00eatre de l'eau, un m\u00e9lange d'eau et de glycol ou de l'eau de mer. Les applications les plus courantes sont\u00a0: refroidisseurs d'eau\/d'air industriels, pompes \u00e0 chaleur, refroidisseurs d'eau de mer\/d'eau de mer industriels.","og_url":"https:\/\/geoclimate.ge\/fr\/produit\/shell-tube-condenser\/","og_site_name":"GeoClimate.ge","article_modified_time":"2025-06-07T10:46:44+00:00","og_image":[{"width":960,"height":540,"url":"https:\/\/geoclimate.ge\/wp-content\/uploads\/2025\/06\/ST-Condensers_low.jpg","type":"image\/jpeg"}],"twitter_card":"summary_large_image","twitter_misc":{"Dur\u00e9e de lecture estim\u00e9e":"1 minute"},"schema":{"@context":"https:\/\/schema.org","@graph":[{"@type":"WebPage","@id":"https:\/\/geoclimate.ge\/fr\/produit\/shell-tube-condenser\/","url":"https:\/\/geoclimate.ge\/fr\/produit\/shell-tube-condenser\/","name":"\u00c9CHANGEUR DE CHALEUR \u00c0 R\u00c9CUP\u00c9RATION DE CHALEUR \u00c0 CONDENSATEUR TUBULAIRE - GeoClimate.ge","isPartOf":{"@id":"https:\/\/geoclimate.ge\/#website"},"primaryImageOfPage":{"@id":"https:\/\/geoclimate.ge\/fr\/produit\/shell-tube-condenser\/#primaryimage"},"image":{"@id":"https:\/\/geoclimate.ge\/fr\/produit\/shell-tube-condenser\/#primaryimage"},"thumbnailUrl":"https:\/\/geoclimate.ge\/wp-content\/uploads\/2025\/06\/ST-Condensers_low.jpg","datePublished":"2025-06-07T10:37:33+00:00","dateModified":"2025-06-07T10:46:44+00:00","breadcrumb":{"@id":"https:\/\/geoclimate.ge\/fr\/produit\/shell-tube-condenser\/#breadcrumb"},"inLanguage":"fr-FR","potentialAction":[{"@type":"ReadAction","target":["https:\/\/geoclimate.ge\/fr\/produit\/shell-tube-condenser\/"]}]},{"@type":"ImageObject","inLanguage":"fr-FR","@id":"https:\/\/geoclimate.ge\/fr\/produit\/shell-tube-condenser\/#primaryimage","url":"https:\/\/geoclimate.ge\/wp-content\/uploads\/2025\/06\/ST-Condensers_low.jpg","contentUrl":"https:\/\/geoclimate.ge\/wp-content\/uploads\/2025\/06\/ST-Condensers_low.jpg","width":960,"height":540},{"@type":"BreadcrumbList","@id":"https:\/\/geoclimate.ge\/fr\/produit\/shell-tube-condenser\/#breadcrumb","itemListElement":[{"@type":"ListItem","position":1,"name":"Home","item":"https:\/\/geoclimate.ge\/fr\/"},{"@type":"ListItem","position":2,"name":"Products","item":"https:\/\/geoclimate.ge\/fr\/products\/"},{"@type":"ListItem","position":3,"name":"\u00c9CHANGEUR DE CHALEUR \u00c0 R\u00c9CUP\u00c9RATION DE CHALEUR \u00c0 CONDENSATEUR TUBULAIRE"}]},{"@type":"WebSite","@id":"https:\/\/geoclimate.ge\/#website","url":"https:\/\/geoclimate.ge\/","name":"GeoClimate","description":"","publisher":{"@id":"https:\/\/geoclimate.ge\/#organization"},"potentialAction":[{"@type":"SearchAction","target":{"@type":"EntryPoint","urlTemplate":"https:\/\/geoclimate.ge\/?s={search_term_string}"},"query-input":{"@type":"PropertyValueSpecification","valueRequired":true,"valueName":"search_term_string"}}],"inLanguage":"fr-FR"},{"@type":"Organization","@id":"https:\/\/geoclimate.ge\/#organization","name":"GeoClimate","url":"https:\/\/geoclimate.ge\/","logo":{"@type":"ImageObject","inLanguage":"fr-FR","@id":"https:\/\/geoclimate.ge\/#\/schema\/logo\/image\/","url":"https:\/\/geoclimate.ge\/wp-content\/uploads\/2026\/03\/geoclimate-SEO.png","contentUrl":"https:\/\/geoclimate.ge\/wp-content\/uploads\/2026\/03\/geoclimate-SEO.png","width":1536,"height":1024,"caption":"GeoClimate"},"image":{"@id":"https:\/\/geoclimate.ge\/#\/schema\/logo\/image\/"}}]}},"_links":{"self":[{"href":"https:\/\/geoclimate.ge\/fr\/wp-json\/wp\/v2\/product\/34594","targetHints":{"allow":["GET"]}}],"collection":[{"href":"https:\/\/geoclimate.ge\/fr\/wp-json\/wp\/v2\/product"}],"about":[{"href":"https:\/\/geoclimate.ge\/fr\/wp-json\/wp\/v2\/types\/product"}],"wp:featuredmedia":[{"embeddable":true,"href":"https:\/\/geoclimate.ge\/fr\/wp-json\/wp\/v2\/media\/34589"}],"wp:attachment":[{"href":"https:\/\/geoclimate.ge\/fr\/wp-json\/wp\/v2\/media?parent=34594"}],"wp:term":[{"taxonomy":"product_brand","embeddable":true,"href":"https:\/\/geoclimate.ge\/fr\/wp-json\/wp\/v2\/product_brand?post=34594"},{"taxonomy":"product_cat","embeddable":true,"href":"https:\/\/geoclimate.ge\/fr\/wp-json\/wp\/v2\/product_cat?post=34594"},{"taxonomy":"product_tag","embeddable":true,"href":"https:\/\/geoclimate.ge\/fr\/wp-json\/wp\/v2\/product_tag?post=34594"}],"curies":[{"name":"wp","href":"https:\/\/api.w.org\/{rel}","templated":true}]}}