{"id":34625,"date":"2025-01-01T22:06:28","date_gmt":"2025-01-01T18:06:28","guid":{"rendered":"https:\/\/airsystems.ge\/shop\/product\/condensing-coils\/"},"modified":"2025-06-07T15:14:54","modified_gmt":"2025-06-07T11:14:54","slug":"condensing-coils","status":"publish","type":"product","link":"https:\/\/geoclimate.ge\/fr\/produit\/condensing-coils\/","title":{"rendered":"Batteries de condensation"},"content":{"rendered":"<div class=\"elementor-element elementor-element-391e72ec elementor-widget elementor-widget-theme-post-content\" data-id=\"391e72ec\" data-element_type=\"widget\" data-widget_type=\"theme-post-content.default\">\n<div class=\"elementor-widget-container\">\n<p>Caract\u00e9ristiques principales\u00a0:<\/p>\n<ul>\n<li>Compatible avec tous les r\u00e9frig\u00e9rants synth\u00e9tiques, y compris l&rsquo;A2L.<br \/>\nPersonnalisation \u00e0 360\u00b0.<br \/>\nPression de conception maximale\u00a0: 45\u00a0bar.<br \/>\n5 g\u00e9om\u00e9tries disponibles pour r\u00e9pondre \u00e0 tous les besoins en termes de performances et de r\u00e9duction du volume interne.<br \/>\n21 tubes disponibles, lisses et nervur\u00e9s.<br \/>\n4 mat\u00e9riaux d&rsquo;ailettes disponibles pour r\u00e9pondre \u00e0 toutes les exigences thermodynamiques et de dur\u00e9e de vie.<br \/>\nDisponibilit\u00e9 de tubes et d&rsquo;ailettes \u00e0 haut rendement pour optimiser les \u00e9changes thermiques tout en conservant des dimensions compactes.<br \/>\nDiff\u00e9rents mat\u00e9riaux de ch\u00e2ssis disponibles\u00a0: acier galvanis\u00e9, aluminium, acier inoxydable et cuivre.<br \/>\nPossibilit\u00e9 de tests sur machine \u00e0 h\u00e9lium.<br \/>\n10 traitements de surface disponibles pour prolonger la dur\u00e9e de vie du produit en environnements agressifs.<\/li>\n<\/ul>\n<\/div>\n<\/div>\n<div class=\"elementor-element elementor-element-427e8a79 e-flex e-con-boxed e-con e-child\" data-id=\"427e8a79\" data-element_type=\"container\">\n<div class=\"e-con-inner\">\n<div class=\"elementor-element elementor-element-6e19ed90 hidebutton mc-bl elementor-align-left elementor-widget elementor-widget-button\" data-id=\"6e19ed90\" data-element_type=\"widget\" data-widget_type=\"button.default\">\n<div class=\"elementor-widget-container\">\n<div class=\"elementor-button-wrapper\"><a class=\"elementor-button elementor-button-link elementor-size-sm\" href=\"https:\/\/www.enextechnologies.com\/wp-content\/uploads\/2025\/03\/HX_COILS_Catalog_ENG.pdf\" target=\"_blank\" rel=\"noopener\"><span class=\"elementor-button-content-wrapper\"><span class=\"elementor-button-text\">PRODUCT CATALOG<\/span><\/span><\/a><\/div>\n<\/div>\n<\/div>\n<\/div>\n<\/div>\n","protected":false},"excerpt":{"rendered":"<p>Les \u00e9changeurs de chaleur \u00e0 batterie de condensation sont compatibles avec toutes les exigences de conception des r\u00e9frig\u00e9rants \u00e0 faible PRG actuellement disponibles. Ils sont fabriqu\u00e9s selon les sp\u00e9cifications du client en termes de performances thermodynamiques, structurelles et de conformation du ch\u00e2ssis, afin de s&rsquo;int\u00e9grer parfaitement \u00e0 la machine ou au syst\u00e8me du client.<\/p>\n","protected":false},"featured_media":34620,"template":"","meta":[],"product_brand":[],"product_cat":[682,1313],"product_tag":[],"class_list":{"0":"post-34625","1":"product","2":"type-product","3":"status-publish","4":"has-post-thumbnail","6":"product_cat-climatiseurs-fr-industriels","7":"product_cat-spirales-nichrome-fecral-fr","9":"first","10":"instock","11":"shipping-taxable","12":"product-type-simple"},"yoast_head":"<!-- This site is optimized with the Yoast SEO plugin v27.1.1 - https:\/\/yoast.com\/product\/yoast-seo-wordpress\/ -->\n<title>Batteries de condensation - GeoClimate.ge<\/title>\n<meta name=\"robots\" content=\"index, follow, max-snippet:-1, max-image-preview:large, max-video-preview:-1\" \/>\n<link rel=\"canonical\" href=\"https:\/\/geoclimate.ge\/fr\/produit\/condensing-coils\/\" \/>\n<meta property=\"og:locale\" content=\"fr_FR\" \/>\n<meta property=\"og:type\" content=\"article\" \/>\n<meta property=\"og:title\" content=\"Batteries de condensation - GeoClimate.ge\" \/>\n<meta property=\"og:description\" content=\"Les \u00e9changeurs de chaleur \u00e0 batterie de condensation sont compatibles avec toutes les exigences de conception des r\u00e9frig\u00e9rants \u00e0 faible PRG actuellement disponibles. Ils sont fabriqu\u00e9s selon les sp\u00e9cifications du client en termes de performances thermodynamiques, structurelles et de conformation du ch\u00e2ssis, afin de s&#039;int\u00e9grer parfaitement \u00e0 la machine ou au syst\u00e8me du client.\" \/>\n<meta property=\"og:url\" content=\"https:\/\/geoclimate.ge\/fr\/produit\/condensing-coils\/\" \/>\n<meta property=\"og:site_name\" content=\"GeoClimate.ge\" \/>\n<meta property=\"article:modified_time\" content=\"2025-06-07T11:14:54+00:00\" \/>\n<meta property=\"og:image\" content=\"https:\/\/geoclimate.ge\/wp-content\/uploads\/2025\/06\/CONDENSING-COIL-pymoytm449oz45v7cb0lhkydd50jdzplsxn63gmylc.png\" \/>\n\t<meta property=\"og:image:width\" content=\"500\" \/>\n\t<meta property=\"og:image:height\" content=\"400\" \/>\n\t<meta property=\"og:image:type\" content=\"image\/png\" \/>\n<meta name=\"twitter:card\" content=\"summary_large_image\" \/>\n<meta name=\"twitter:label1\" content=\"Dur\u00e9e de lecture estim\u00e9e\" \/>\n\t<meta name=\"twitter:data1\" content=\"1 minute\" \/>\n<script type=\"application\/ld+json\" class=\"yoast-schema-graph\">{\"@context\":\"https:\/\/schema.org\",\"@graph\":[{\"@type\":\"WebPage\",\"@id\":\"https:\/\/geoclimate.ge\/fr\/produit\/condensing-coils\/\",\"url\":\"https:\/\/geoclimate.ge\/fr\/produit\/condensing-coils\/\",\"name\":\"Batteries de condensation - GeoClimate.ge\",\"isPartOf\":{\"@id\":\"https:\/\/geoclimate.ge\/#website\"},\"primaryImageOfPage\":{\"@id\":\"https:\/\/geoclimate.ge\/fr\/produit\/condensing-coils\/#primaryimage\"},\"image\":{\"@id\":\"https:\/\/geoclimate.ge\/fr\/produit\/condensing-coils\/#primaryimage\"},\"thumbnailUrl\":\"https:\/\/geoclimate.ge\/wp-content\/uploads\/2025\/06\/CONDENSING-COIL-pymoytm449oz45v7cb0lhkydd50jdzplsxn63gmylc.png\",\"datePublished\":\"2025-01-01T18:06:28+00:00\",\"dateModified\":\"2025-06-07T11:14:54+00:00\",\"breadcrumb\":{\"@id\":\"https:\/\/geoclimate.ge\/fr\/produit\/condensing-coils\/#breadcrumb\"},\"inLanguage\":\"fr-FR\",\"potentialAction\":[{\"@type\":\"ReadAction\",\"target\":[\"https:\/\/geoclimate.ge\/fr\/produit\/condensing-coils\/\"]}]},{\"@type\":\"ImageObject\",\"inLanguage\":\"fr-FR\",\"@id\":\"https:\/\/geoclimate.ge\/fr\/produit\/condensing-coils\/#primaryimage\",\"url\":\"https:\/\/geoclimate.ge\/wp-content\/uploads\/2025\/06\/CONDENSING-COIL-pymoytm449oz45v7cb0lhkydd50jdzplsxn63gmylc.png\",\"contentUrl\":\"https:\/\/geoclimate.ge\/wp-content\/uploads\/2025\/06\/CONDENSING-COIL-pymoytm449oz45v7cb0lhkydd50jdzplsxn63gmylc.png\",\"width\":500,\"height\":400},{\"@type\":\"BreadcrumbList\",\"@id\":\"https:\/\/geoclimate.ge\/fr\/produit\/condensing-coils\/#breadcrumb\",\"itemListElement\":[{\"@type\":\"ListItem\",\"position\":1,\"name\":\"Home\",\"item\":\"https:\/\/geoclimate.ge\/fr\/\"},{\"@type\":\"ListItem\",\"position\":2,\"name\":\"Products\",\"item\":\"https:\/\/geoclimate.ge\/fr\/products\/\"},{\"@type\":\"ListItem\",\"position\":3,\"name\":\"Batteries de condensation\"}]},{\"@type\":\"WebSite\",\"@id\":\"https:\/\/geoclimate.ge\/#website\",\"url\":\"https:\/\/geoclimate.ge\/\",\"name\":\"GeoClimate\",\"description\":\"\",\"publisher\":{\"@id\":\"https:\/\/geoclimate.ge\/#organization\"},\"potentialAction\":[{\"@type\":\"SearchAction\",\"target\":{\"@type\":\"EntryPoint\",\"urlTemplate\":\"https:\/\/geoclimate.ge\/?s={search_term_string}\"},\"query-input\":{\"@type\":\"PropertyValueSpecification\",\"valueRequired\":true,\"valueName\":\"search_term_string\"}}],\"inLanguage\":\"fr-FR\"},{\"@type\":\"Organization\",\"@id\":\"https:\/\/geoclimate.ge\/#organization\",\"name\":\"GeoClimate\",\"url\":\"https:\/\/geoclimate.ge\/\",\"logo\":{\"@type\":\"ImageObject\",\"inLanguage\":\"fr-FR\",\"@id\":\"https:\/\/geoclimate.ge\/#\/schema\/logo\/image\/\",\"url\":\"https:\/\/geoclimate.ge\/wp-content\/uploads\/2026\/03\/geoclimate-SEO.png\",\"contentUrl\":\"https:\/\/geoclimate.ge\/wp-content\/uploads\/2026\/03\/geoclimate-SEO.png\",\"width\":1536,\"height\":1024,\"caption\":\"GeoClimate\"},\"image\":{\"@id\":\"https:\/\/geoclimate.ge\/#\/schema\/logo\/image\/\"}}]}<\/script>\n<!-- \/ Yoast SEO plugin. -->","yoast_head_json":{"title":"Batteries de condensation - GeoClimate.ge","robots":{"index":"index","follow":"follow","max-snippet":"max-snippet:-1","max-image-preview":"max-image-preview:large","max-video-preview":"max-video-preview:-1"},"canonical":"https:\/\/geoclimate.ge\/fr\/produit\/condensing-coils\/","og_locale":"fr_FR","og_type":"article","og_title":"Batteries de condensation - GeoClimate.ge","og_description":"Les \u00e9changeurs de chaleur \u00e0 batterie de condensation sont compatibles avec toutes les exigences de conception des r\u00e9frig\u00e9rants \u00e0 faible PRG actuellement disponibles. Ils sont fabriqu\u00e9s selon les sp\u00e9cifications du client en termes de performances thermodynamiques, structurelles et de conformation du ch\u00e2ssis, afin de s'int\u00e9grer parfaitement \u00e0 la machine ou au syst\u00e8me du client.","og_url":"https:\/\/geoclimate.ge\/fr\/produit\/condensing-coils\/","og_site_name":"GeoClimate.ge","article_modified_time":"2025-06-07T11:14:54+00:00","og_image":[{"width":500,"height":400,"url":"https:\/\/geoclimate.ge\/wp-content\/uploads\/2025\/06\/CONDENSING-COIL-pymoytm449oz45v7cb0lhkydd50jdzplsxn63gmylc.png","type":"image\/png"}],"twitter_card":"summary_large_image","twitter_misc":{"Dur\u00e9e de lecture estim\u00e9e":"1 minute"},"schema":{"@context":"https:\/\/schema.org","@graph":[{"@type":"WebPage","@id":"https:\/\/geoclimate.ge\/fr\/produit\/condensing-coils\/","url":"https:\/\/geoclimate.ge\/fr\/produit\/condensing-coils\/","name":"Batteries de condensation - GeoClimate.ge","isPartOf":{"@id":"https:\/\/geoclimate.ge\/#website"},"primaryImageOfPage":{"@id":"https:\/\/geoclimate.ge\/fr\/produit\/condensing-coils\/#primaryimage"},"image":{"@id":"https:\/\/geoclimate.ge\/fr\/produit\/condensing-coils\/#primaryimage"},"thumbnailUrl":"https:\/\/geoclimate.ge\/wp-content\/uploads\/2025\/06\/CONDENSING-COIL-pymoytm449oz45v7cb0lhkydd50jdzplsxn63gmylc.png","datePublished":"2025-01-01T18:06:28+00:00","dateModified":"2025-06-07T11:14:54+00:00","breadcrumb":{"@id":"https:\/\/geoclimate.ge\/fr\/produit\/condensing-coils\/#breadcrumb"},"inLanguage":"fr-FR","potentialAction":[{"@type":"ReadAction","target":["https:\/\/geoclimate.ge\/fr\/produit\/condensing-coils\/"]}]},{"@type":"ImageObject","inLanguage":"fr-FR","@id":"https:\/\/geoclimate.ge\/fr\/produit\/condensing-coils\/#primaryimage","url":"https:\/\/geoclimate.ge\/wp-content\/uploads\/2025\/06\/CONDENSING-COIL-pymoytm449oz45v7cb0lhkydd50jdzplsxn63gmylc.png","contentUrl":"https:\/\/geoclimate.ge\/wp-content\/uploads\/2025\/06\/CONDENSING-COIL-pymoytm449oz45v7cb0lhkydd50jdzplsxn63gmylc.png","width":500,"height":400},{"@type":"BreadcrumbList","@id":"https:\/\/geoclimate.ge\/fr\/produit\/condensing-coils\/#breadcrumb","itemListElement":[{"@type":"ListItem","position":1,"name":"Home","item":"https:\/\/geoclimate.ge\/fr\/"},{"@type":"ListItem","position":2,"name":"Products","item":"https:\/\/geoclimate.ge\/fr\/products\/"},{"@type":"ListItem","position":3,"name":"Batteries de condensation"}]},{"@type":"WebSite","@id":"https:\/\/geoclimate.ge\/#website","url":"https:\/\/geoclimate.ge\/","name":"GeoClimate","description":"","publisher":{"@id":"https:\/\/geoclimate.ge\/#organization"},"potentialAction":[{"@type":"SearchAction","target":{"@type":"EntryPoint","urlTemplate":"https:\/\/geoclimate.ge\/?s={search_term_string}"},"query-input":{"@type":"PropertyValueSpecification","valueRequired":true,"valueName":"search_term_string"}}],"inLanguage":"fr-FR"},{"@type":"Organization","@id":"https:\/\/geoclimate.ge\/#organization","name":"GeoClimate","url":"https:\/\/geoclimate.ge\/","logo":{"@type":"ImageObject","inLanguage":"fr-FR","@id":"https:\/\/geoclimate.ge\/#\/schema\/logo\/image\/","url":"https:\/\/geoclimate.ge\/wp-content\/uploads\/2026\/03\/geoclimate-SEO.png","contentUrl":"https:\/\/geoclimate.ge\/wp-content\/uploads\/2026\/03\/geoclimate-SEO.png","width":1536,"height":1024,"caption":"GeoClimate"},"image":{"@id":"https:\/\/geoclimate.ge\/#\/schema\/logo\/image\/"}}]}},"_links":{"self":[{"href":"https:\/\/geoclimate.ge\/fr\/wp-json\/wp\/v2\/product\/34625","targetHints":{"allow":["GET"]}}],"collection":[{"href":"https:\/\/geoclimate.ge\/fr\/wp-json\/wp\/v2\/product"}],"about":[{"href":"https:\/\/geoclimate.ge\/fr\/wp-json\/wp\/v2\/types\/product"}],"wp:featuredmedia":[{"embeddable":true,"href":"https:\/\/geoclimate.ge\/fr\/wp-json\/wp\/v2\/media\/34620"}],"wp:attachment":[{"href":"https:\/\/geoclimate.ge\/fr\/wp-json\/wp\/v2\/media?parent=34625"}],"wp:term":[{"taxonomy":"product_brand","embeddable":true,"href":"https:\/\/geoclimate.ge\/fr\/wp-json\/wp\/v2\/product_brand?post=34625"},{"taxonomy":"product_cat","embeddable":true,"href":"https:\/\/geoclimate.ge\/fr\/wp-json\/wp\/v2\/product_cat?post=34625"},{"taxonomy":"product_tag","embeddable":true,"href":"https:\/\/geoclimate.ge\/fr\/wp-json\/wp\/v2\/product_tag?post=34625"}],"curies":[{"name":"wp","href":"https:\/\/api.w.org\/{rel}","templated":true}]}}