{"id":34669,"date":"2025-06-07T16:42:51","date_gmt":"2025-06-07T12:42:51","guid":{"rendered":"https:\/\/airsystems.ge\/shop\/product\/free-cooling-systems-fccb-series\/"},"modified":"2025-06-07T16:44:41","modified_gmt":"2025-06-07T12:44:41","slug":"free-cooling-systems-fccb-series","status":"publish","type":"product","link":"https:\/\/geoclimate.ge\/fr\/produit\/free-cooling-systems-fccb-series\/","title":{"rendered":"Syst\u00e8mes de free cooling s\u00e9rie FCCBE Free cooling"},"content":{"rendered":"<div class=\"elementor-element elementor-element-f80f489 elementor-widget elementor-widget-heading\" data-id=\"f80f489\" data-element_type=\"widget\" data-widget_type=\"heading.default\">\n<div class=\"elementor-widget-container\">\n<div class=\"elementor-heading-title elementor-size-default\">\n<p>Syst\u00e8mes de free cooling avec grilles canalis\u00e9es<br \/>\nD\u00e9bit d&rsquo;air de 2\u00a0500 m\u00b3\/h \u00e0 7\u00a0000 m\u00b3\/h<\/p>\n<p>Le syst\u00e8me de free cooling assure un renouvellement d&rsquo;air continu, principalement pour le transfert de la chaleur g\u00e9n\u00e9r\u00e9e par l&rsquo;\u00e9quipement vers l&rsquo;ext\u00e9rieur (pour la dissipation). Solution con\u00e7ue pour des \u00e9conomies d&rsquo;\u00e9nergie importantes, m\u00eame sur les sites o\u00f9 des climatiseurs sans syst\u00e8me de free cooling \u00e9taient pr\u00e9c\u00e9demment install\u00e9s.<\/p>\n<p>Caract\u00e9ristiques principales<\/p>\n<p>Contr\u00f4le par API<br \/>\nVentilateur centrifuge EC, 48 Vcc (230 Vca sur demande)<br \/>\nFaible niveau sonore<br \/>\nPossibilit\u00e9 de gainage<\/p>\n<\/div>\n<\/div>\n<\/div>\n<div class=\"elementor-element elementor-element-427e8a79 e-flex e-con-boxed e-con e-child\" data-id=\"427e8a79\" data-element_type=\"container\">\n<div class=\"e-con-inner\">\n<div class=\"elementor-element elementor-element-6e19ed90 hidebutton mc-bl elementor-align-left elementor-widget elementor-widget-button\" data-id=\"6e19ed90\" data-element_type=\"widget\" data-widget_type=\"button.default\">\n<div class=\"elementor-widget-container\">\n<div class=\"elementor-button-wrapper\"><a class=\"elementor-button elementor-button-link elementor-size-sm\" href=\"https:\/\/www.enextechnologies.com\/wp-content\/uploads\/2025\/06\/FCCB-SERIE_ENG.pdf\" target=\"_blank\" rel=\"noopener\"><span class=\"elementor-button-content-wrapper\"><span class=\"elementor-button-text\">BROCHURE<\/span><\/span><\/a><\/div>\n<\/div>\n<\/div>\n<\/div>\n<\/div>\n","protected":false},"excerpt":{"rendered":"<p>Syst\u00e8mes de free cooling avec grilles canalis\u00e9es D\u00e9bit d&rsquo;air de 2\u00a0500 m\u00b3\/h \u00e0 7\u00a0000 m\u00b3\/h Le syst\u00e8me de free cooling<\/p>\n","protected":false},"featured_media":34663,"template":"","meta":[],"product_brand":[],"product_cat":[682,1301],"product_tag":[],"class_list":{"0":"post-34669","1":"product","2":"type-product","3":"status-publish","4":"has-post-thumbnail","6":"product_cat-climatiseurs-fr-industriels","7":"product_cat-free-cooling-refroidissement-fr","9":"first","10":"instock","11":"shipping-taxable","12":"product-type-simple"},"yoast_head":"<!-- This site is optimized with the Yoast SEO plugin v27.1.1 - https:\/\/yoast.com\/product\/yoast-seo-wordpress\/ -->\n<title>Syst\u00e8mes de free cooling s\u00e9rie FCCBE Free cooling - GeoClimate.ge<\/title>\n<meta name=\"robots\" content=\"index, follow, max-snippet:-1, max-image-preview:large, max-video-preview:-1\" \/>\n<link rel=\"canonical\" href=\"https:\/\/geoclimate.ge\/fr\/produit\/free-cooling-systems-fccb-series\/\" \/>\n<meta property=\"og:locale\" content=\"fr_FR\" \/>\n<meta property=\"og:type\" content=\"article\" \/>\n<meta property=\"og:title\" content=\"Syst\u00e8mes de free cooling s\u00e9rie FCCBE Free cooling - GeoClimate.ge\" \/>\n<meta property=\"og:description\" content=\"Syst\u00e8mes de free cooling avec grilles canalis\u00e9es D\u00e9bit d&rsquo;air de 2\u00a0500 m\u00b3\/h \u00e0 7\u00a0000 m\u00b3\/h Le syst\u00e8me de free cooling\" \/>\n<meta property=\"og:url\" content=\"https:\/\/geoclimate.ge\/fr\/produit\/free-cooling-systems-fccb-series\/\" \/>\n<meta property=\"og:site_name\" content=\"GeoClimate.ge\" \/>\n<meta property=\"article:modified_time\" content=\"2025-06-07T12:44:41+00:00\" \/>\n<meta property=\"og:image\" content=\"https:\/\/geoclimate.ge\/wp-content\/uploads\/2025\/06\/sistemi-free-cooling-serie-FCCB.png\" \/>\n\t<meta property=\"og:image:width\" content=\"2560\" \/>\n\t<meta property=\"og:image:height\" content=\"1920\" \/>\n\t<meta property=\"og:image:type\" content=\"image\/png\" \/>\n<meta name=\"twitter:card\" content=\"summary_large_image\" \/>\n<script type=\"application\/ld+json\" class=\"yoast-schema-graph\">{\"@context\":\"https:\/\/schema.org\",\"@graph\":[{\"@type\":\"WebPage\",\"@id\":\"https:\/\/geoclimate.ge\/fr\/produit\/free-cooling-systems-fccb-series\/\",\"url\":\"https:\/\/geoclimate.ge\/fr\/produit\/free-cooling-systems-fccb-series\/\",\"name\":\"Syst\u00e8mes de free cooling s\u00e9rie FCCBE Free cooling - GeoClimate.ge\",\"isPartOf\":{\"@id\":\"https:\/\/geoclimate.ge\/#website\"},\"primaryImageOfPage\":{\"@id\":\"https:\/\/geoclimate.ge\/fr\/produit\/free-cooling-systems-fccb-series\/#primaryimage\"},\"image\":{\"@id\":\"https:\/\/geoclimate.ge\/fr\/produit\/free-cooling-systems-fccb-series\/#primaryimage\"},\"thumbnailUrl\":\"https:\/\/geoclimate.ge\/wp-content\/uploads\/2025\/06\/sistemi-free-cooling-serie-FCCB.png\",\"datePublished\":\"2025-06-07T12:42:51+00:00\",\"dateModified\":\"2025-06-07T12:44:41+00:00\",\"breadcrumb\":{\"@id\":\"https:\/\/geoclimate.ge\/fr\/produit\/free-cooling-systems-fccb-series\/#breadcrumb\"},\"inLanguage\":\"fr-FR\",\"potentialAction\":[{\"@type\":\"ReadAction\",\"target\":[\"https:\/\/geoclimate.ge\/fr\/produit\/free-cooling-systems-fccb-series\/\"]}]},{\"@type\":\"ImageObject\",\"inLanguage\":\"fr-FR\",\"@id\":\"https:\/\/geoclimate.ge\/fr\/produit\/free-cooling-systems-fccb-series\/#primaryimage\",\"url\":\"https:\/\/geoclimate.ge\/wp-content\/uploads\/2025\/06\/sistemi-free-cooling-serie-FCCB.png\",\"contentUrl\":\"https:\/\/geoclimate.ge\/wp-content\/uploads\/2025\/06\/sistemi-free-cooling-serie-FCCB.png\",\"width\":2560,\"height\":1920},{\"@type\":\"BreadcrumbList\",\"@id\":\"https:\/\/geoclimate.ge\/fr\/produit\/free-cooling-systems-fccb-series\/#breadcrumb\",\"itemListElement\":[{\"@type\":\"ListItem\",\"position\":1,\"name\":\"Home\",\"item\":\"https:\/\/geoclimate.ge\/fr\/\"},{\"@type\":\"ListItem\",\"position\":2,\"name\":\"Products\",\"item\":\"https:\/\/geoclimate.ge\/fr\/products\/\"},{\"@type\":\"ListItem\",\"position\":3,\"name\":\"Syst\u00e8mes de free cooling s\u00e9rie FCCBE Free cooling\"}]},{\"@type\":\"WebSite\",\"@id\":\"https:\/\/geoclimate.ge\/#website\",\"url\":\"https:\/\/geoclimate.ge\/\",\"name\":\"GeoClimate\",\"description\":\"\",\"publisher\":{\"@id\":\"https:\/\/geoclimate.ge\/#organization\"},\"potentialAction\":[{\"@type\":\"SearchAction\",\"target\":{\"@type\":\"EntryPoint\",\"urlTemplate\":\"https:\/\/geoclimate.ge\/?s={search_term_string}\"},\"query-input\":{\"@type\":\"PropertyValueSpecification\",\"valueRequired\":true,\"valueName\":\"search_term_string\"}}],\"inLanguage\":\"fr-FR\"},{\"@type\":\"Organization\",\"@id\":\"https:\/\/geoclimate.ge\/#organization\",\"name\":\"GeoClimate\",\"url\":\"https:\/\/geoclimate.ge\/\",\"logo\":{\"@type\":\"ImageObject\",\"inLanguage\":\"fr-FR\",\"@id\":\"https:\/\/geoclimate.ge\/#\/schema\/logo\/image\/\",\"url\":\"https:\/\/geoclimate.ge\/wp-content\/uploads\/2026\/03\/geoclimate-SEO.png\",\"contentUrl\":\"https:\/\/geoclimate.ge\/wp-content\/uploads\/2026\/03\/geoclimate-SEO.png\",\"width\":1536,\"height\":1024,\"caption\":\"GeoClimate\"},\"image\":{\"@id\":\"https:\/\/geoclimate.ge\/#\/schema\/logo\/image\/\"}}]}<\/script>\n<!-- \/ Yoast SEO plugin. -->","yoast_head_json":{"title":"Syst\u00e8mes de free cooling s\u00e9rie FCCBE Free cooling - GeoClimate.ge","robots":{"index":"index","follow":"follow","max-snippet":"max-snippet:-1","max-image-preview":"max-image-preview:large","max-video-preview":"max-video-preview:-1"},"canonical":"https:\/\/geoclimate.ge\/fr\/produit\/free-cooling-systems-fccb-series\/","og_locale":"fr_FR","og_type":"article","og_title":"Syst\u00e8mes de free cooling s\u00e9rie FCCBE Free cooling - GeoClimate.ge","og_description":"Syst\u00e8mes de free cooling avec grilles canalis\u00e9es D\u00e9bit d&rsquo;air de 2\u00a0500 m\u00b3\/h \u00e0 7\u00a0000 m\u00b3\/h Le syst\u00e8me de free cooling","og_url":"https:\/\/geoclimate.ge\/fr\/produit\/free-cooling-systems-fccb-series\/","og_site_name":"GeoClimate.ge","article_modified_time":"2025-06-07T12:44:41+00:00","og_image":[{"width":2560,"height":1920,"url":"https:\/\/geoclimate.ge\/wp-content\/uploads\/2025\/06\/sistemi-free-cooling-serie-FCCB.png","type":"image\/png"}],"twitter_card":"summary_large_image","schema":{"@context":"https:\/\/schema.org","@graph":[{"@type":"WebPage","@id":"https:\/\/geoclimate.ge\/fr\/produit\/free-cooling-systems-fccb-series\/","url":"https:\/\/geoclimate.ge\/fr\/produit\/free-cooling-systems-fccb-series\/","name":"Syst\u00e8mes de free cooling s\u00e9rie FCCBE Free cooling - GeoClimate.ge","isPartOf":{"@id":"https:\/\/geoclimate.ge\/#website"},"primaryImageOfPage":{"@id":"https:\/\/geoclimate.ge\/fr\/produit\/free-cooling-systems-fccb-series\/#primaryimage"},"image":{"@id":"https:\/\/geoclimate.ge\/fr\/produit\/free-cooling-systems-fccb-series\/#primaryimage"},"thumbnailUrl":"https:\/\/geoclimate.ge\/wp-content\/uploads\/2025\/06\/sistemi-free-cooling-serie-FCCB.png","datePublished":"2025-06-07T12:42:51+00:00","dateModified":"2025-06-07T12:44:41+00:00","breadcrumb":{"@id":"https:\/\/geoclimate.ge\/fr\/produit\/free-cooling-systems-fccb-series\/#breadcrumb"},"inLanguage":"fr-FR","potentialAction":[{"@type":"ReadAction","target":["https:\/\/geoclimate.ge\/fr\/produit\/free-cooling-systems-fccb-series\/"]}]},{"@type":"ImageObject","inLanguage":"fr-FR","@id":"https:\/\/geoclimate.ge\/fr\/produit\/free-cooling-systems-fccb-series\/#primaryimage","url":"https:\/\/geoclimate.ge\/wp-content\/uploads\/2025\/06\/sistemi-free-cooling-serie-FCCB.png","contentUrl":"https:\/\/geoclimate.ge\/wp-content\/uploads\/2025\/06\/sistemi-free-cooling-serie-FCCB.png","width":2560,"height":1920},{"@type":"BreadcrumbList","@id":"https:\/\/geoclimate.ge\/fr\/produit\/free-cooling-systems-fccb-series\/#breadcrumb","itemListElement":[{"@type":"ListItem","position":1,"name":"Home","item":"https:\/\/geoclimate.ge\/fr\/"},{"@type":"ListItem","position":2,"name":"Products","item":"https:\/\/geoclimate.ge\/fr\/products\/"},{"@type":"ListItem","position":3,"name":"Syst\u00e8mes de free cooling s\u00e9rie FCCBE Free cooling"}]},{"@type":"WebSite","@id":"https:\/\/geoclimate.ge\/#website","url":"https:\/\/geoclimate.ge\/","name":"GeoClimate","description":"","publisher":{"@id":"https:\/\/geoclimate.ge\/#organization"},"potentialAction":[{"@type":"SearchAction","target":{"@type":"EntryPoint","urlTemplate":"https:\/\/geoclimate.ge\/?s={search_term_string}"},"query-input":{"@type":"PropertyValueSpecification","valueRequired":true,"valueName":"search_term_string"}}],"inLanguage":"fr-FR"},{"@type":"Organization","@id":"https:\/\/geoclimate.ge\/#organization","name":"GeoClimate","url":"https:\/\/geoclimate.ge\/","logo":{"@type":"ImageObject","inLanguage":"fr-FR","@id":"https:\/\/geoclimate.ge\/#\/schema\/logo\/image\/","url":"https:\/\/geoclimate.ge\/wp-content\/uploads\/2026\/03\/geoclimate-SEO.png","contentUrl":"https:\/\/geoclimate.ge\/wp-content\/uploads\/2026\/03\/geoclimate-SEO.png","width":1536,"height":1024,"caption":"GeoClimate"},"image":{"@id":"https:\/\/geoclimate.ge\/#\/schema\/logo\/image\/"}}]}},"_links":{"self":[{"href":"https:\/\/geoclimate.ge\/fr\/wp-json\/wp\/v2\/product\/34669","targetHints":{"allow":["GET"]}}],"collection":[{"href":"https:\/\/geoclimate.ge\/fr\/wp-json\/wp\/v2\/product"}],"about":[{"href":"https:\/\/geoclimate.ge\/fr\/wp-json\/wp\/v2\/types\/product"}],"wp:featuredmedia":[{"embeddable":true,"href":"https:\/\/geoclimate.ge\/fr\/wp-json\/wp\/v2\/media\/34663"}],"wp:attachment":[{"href":"https:\/\/geoclimate.ge\/fr\/wp-json\/wp\/v2\/media?parent=34669"}],"wp:term":[{"taxonomy":"product_brand","embeddable":true,"href":"https:\/\/geoclimate.ge\/fr\/wp-json\/wp\/v2\/product_brand?post=34669"},{"taxonomy":"product_cat","embeddable":true,"href":"https:\/\/geoclimate.ge\/fr\/wp-json\/wp\/v2\/product_cat?post=34669"},{"taxonomy":"product_tag","embeddable":true,"href":"https:\/\/geoclimate.ge\/fr\/wp-json\/wp\/v2\/product_tag?post=34669"}],"curies":[{"name":"wp","href":"https:\/\/api.w.org\/{rel}","templated":true}]}}