{"id":34928,"date":"2025-06-09T18:45:28","date_gmt":"2025-06-09T14:45:28","guid":{"rendered":"https:\/\/airsystems.ge\/shop\/product\/sound-insulation-cabins-alphafon-cb\/"},"modified":"2025-06-09T18:50:05","modified_gmt":"2025-06-09T14:50:05","slug":"sound-insulation-cabins-alphafon-cb","status":"publish","type":"product","link":"https:\/\/geoclimate.ge\/fr\/produit\/sound-insulation-cabins-alphafon-cb\/","title":{"rendered":"Cabines d&rsquo;insonorisation ALPHAfon-CB"},"content":{"rendered":"<p>Les cabines d&rsquo;insonorisation ALPHAfon-CB offrent un environnement silencieux dans les espaces industriels bruyants.<\/p>\n<p>L&rsquo;objectif principal de ce produit est de prot\u00e9ger le r\u00e9cepteur (travailleur) du bruit lorsque l&rsquo;isolation acoustique \u00e0 la source et sur le trajet ne peut \u00eatre appliqu\u00e9e.<\/p>\n<p>L&rsquo;int\u00e9rieur des cabines d&rsquo;insonorisation ALPHAfon-CB est partiellement recouvert de mat\u00e9riaux absorbants sp\u00e9ciaux.<\/p>\n<p>La cabine offre ainsi un environnement acoustique optimal.<\/p>\n<p>L&rsquo;indice d&rsquo;isolation acoustique standard est Rw = 25 dB. Pour une isolation acoustique sup\u00e9rieure, des mod\u00e8les sur mesure peuvent \u00eatre d\u00e9velopp\u00e9s pour r\u00e9pondre \u00e0 tous les besoins.<\/p>\n<p>L&rsquo;ALPHAfon-CB est adaptable et personnalisable \u00e0 chaque besoin et peut \u00eatre \u00e9quip\u00e9e de\u00a0:<\/p>\n<p>Fen\u00eatres (fixes ou ouvrantes) pour la surveillance et le contact visuel.<br \/>\nVentilation avec att\u00e9nuateurs de bruit \u00e0 l&rsquo;entr\u00e9e et \u00e0 la sortie d&rsquo;air.<br \/>\nInfrastructures pour applications \u00e9lectriques (c\u00e2bles, prises, etc.)<br \/>\nPorte d&rsquo;entr\u00e9e acoustique<br \/>\nAfin de faire le bon choix, des mesures du niveau sonore avec analyse fr\u00e9quentielle de la zone sont recommand\u00e9es. En fonction des r\u00e9sultats de ces mesures et de la r\u00e9duction du bruit requise, le choix du type d&rsquo;ALPHAfon-CB appropri\u00e9 est effectu\u00e9, toujours avec l&rsquo;aide de notre \u00e9quipe exp\u00e9riment\u00e9e.<\/p>\n","protected":false},"excerpt":{"rendered":"<div class=\"woocommerce-product-details__short-description\">\n<p>Prot\u00e8ge le r\u00e9cepteur du bruit et offre des conditions de travail optimales \u00e0 l&rsquo;int\u00e9rieur de la cabine.<\/p>\n<\/div>\n","protected":false},"featured_media":34923,"template":"","meta":[],"product_brand":[],"product_cat":[778,1716],"product_tag":[],"class_list":{"0":"post-34928","1":"product","2":"type-product","3":"status-publish","4":"has-post-thumbnail","6":"product_cat-acoustics-noise-fr","7":"product_cat-mechanical-noise-control-fr","9":"first","10":"instock","11":"shipping-taxable","12":"product-type-simple"},"yoast_head":"<!-- This site is optimized with the Yoast SEO plugin v27.1.1 - https:\/\/yoast.com\/product\/yoast-seo-wordpress\/ -->\n<title>Cabines d&#039;insonorisation ALPHAfon-CB - GeoClimate.ge<\/title>\n<meta name=\"robots\" content=\"index, follow, max-snippet:-1, max-image-preview:large, max-video-preview:-1\" \/>\n<link rel=\"canonical\" href=\"https:\/\/geoclimate.ge\/fr\/produit\/sound-insulation-cabins-alphafon-cb\/\" \/>\n<meta property=\"og:locale\" content=\"fr_FR\" \/>\n<meta property=\"og:type\" content=\"article\" \/>\n<meta property=\"og:title\" content=\"Cabines d&#039;insonorisation ALPHAfon-CB - GeoClimate.ge\" \/>\n<meta property=\"og:description\" content=\"Prot\u00e8ge le r\u00e9cepteur du bruit et offre des conditions de travail optimales \u00e0 l&#039;int\u00e9rieur de la cabine.\" \/>\n<meta property=\"og:url\" content=\"https:\/\/geoclimate.ge\/fr\/produit\/sound-insulation-cabins-alphafon-cb\/\" \/>\n<meta property=\"og:site_name\" content=\"GeoClimate.ge\" \/>\n<meta property=\"article:modified_time\" content=\"2025-06-09T14:50:05+00:00\" \/>\n<meta property=\"og:image\" content=\"https:\/\/geoclimate.ge\/wp-content\/uploads\/2025\/06\/alphafon-cb-acoustic-cabin.webp\" \/>\n\t<meta property=\"og:image:width\" content=\"800\" \/>\n\t<meta property=\"og:image:height\" content=\"600\" \/>\n\t<meta property=\"og:image:type\" content=\"image\/webp\" \/>\n<meta name=\"twitter:card\" content=\"summary_large_image\" \/>\n<meta name=\"twitter:label1\" content=\"Dur\u00e9e de lecture estim\u00e9e\" \/>\n\t<meta name=\"twitter:data1\" content=\"1 minute\" \/>\n<script type=\"application\/ld+json\" class=\"yoast-schema-graph\">{\"@context\":\"https:\/\/schema.org\",\"@graph\":[{\"@type\":\"WebPage\",\"@id\":\"https:\/\/geoclimate.ge\/fr\/produit\/sound-insulation-cabins-alphafon-cb\/\",\"url\":\"https:\/\/geoclimate.ge\/fr\/produit\/sound-insulation-cabins-alphafon-cb\/\",\"name\":\"Cabines d'insonorisation ALPHAfon-CB - GeoClimate.ge\",\"isPartOf\":{\"@id\":\"https:\/\/geoclimate.ge\/#website\"},\"primaryImageOfPage\":{\"@id\":\"https:\/\/geoclimate.ge\/fr\/produit\/sound-insulation-cabins-alphafon-cb\/#primaryimage\"},\"image\":{\"@id\":\"https:\/\/geoclimate.ge\/fr\/produit\/sound-insulation-cabins-alphafon-cb\/#primaryimage\"},\"thumbnailUrl\":\"https:\/\/geoclimate.ge\/wp-content\/uploads\/2025\/06\/alphafon-cb-acoustic-cabin.webp\",\"datePublished\":\"2025-06-09T14:45:28+00:00\",\"dateModified\":\"2025-06-09T14:50:05+00:00\",\"breadcrumb\":{\"@id\":\"https:\/\/geoclimate.ge\/fr\/produit\/sound-insulation-cabins-alphafon-cb\/#breadcrumb\"},\"inLanguage\":\"fr-FR\",\"potentialAction\":[{\"@type\":\"ReadAction\",\"target\":[\"https:\/\/geoclimate.ge\/fr\/produit\/sound-insulation-cabins-alphafon-cb\/\"]}]},{\"@type\":\"ImageObject\",\"inLanguage\":\"fr-FR\",\"@id\":\"https:\/\/geoclimate.ge\/fr\/produit\/sound-insulation-cabins-alphafon-cb\/#primaryimage\",\"url\":\"https:\/\/geoclimate.ge\/wp-content\/uploads\/2025\/06\/alphafon-cb-acoustic-cabin.webp\",\"contentUrl\":\"https:\/\/geoclimate.ge\/wp-content\/uploads\/2025\/06\/alphafon-cb-acoustic-cabin.webp\",\"width\":800,\"height\":600},{\"@type\":\"BreadcrumbList\",\"@id\":\"https:\/\/geoclimate.ge\/fr\/produit\/sound-insulation-cabins-alphafon-cb\/#breadcrumb\",\"itemListElement\":[{\"@type\":\"ListItem\",\"position\":1,\"name\":\"Home\",\"item\":\"https:\/\/geoclimate.ge\/fr\/\"},{\"@type\":\"ListItem\",\"position\":2,\"name\":\"Products\",\"item\":\"https:\/\/geoclimate.ge\/fr\/products\/\"},{\"@type\":\"ListItem\",\"position\":3,\"name\":\"Cabines d&#8217;insonorisation ALPHAfon-CB\"}]},{\"@type\":\"WebSite\",\"@id\":\"https:\/\/geoclimate.ge\/#website\",\"url\":\"https:\/\/geoclimate.ge\/\",\"name\":\"GeoClimate\",\"description\":\"\",\"publisher\":{\"@id\":\"https:\/\/geoclimate.ge\/#organization\"},\"potentialAction\":[{\"@type\":\"SearchAction\",\"target\":{\"@type\":\"EntryPoint\",\"urlTemplate\":\"https:\/\/geoclimate.ge\/?s={search_term_string}\"},\"query-input\":{\"@type\":\"PropertyValueSpecification\",\"valueRequired\":true,\"valueName\":\"search_term_string\"}}],\"inLanguage\":\"fr-FR\"},{\"@type\":\"Organization\",\"@id\":\"https:\/\/geoclimate.ge\/#organization\",\"name\":\"GeoClimate\",\"url\":\"https:\/\/geoclimate.ge\/\",\"logo\":{\"@type\":\"ImageObject\",\"inLanguage\":\"fr-FR\",\"@id\":\"https:\/\/geoclimate.ge\/#\/schema\/logo\/image\/\",\"url\":\"https:\/\/geoclimate.ge\/wp-content\/uploads\/2026\/03\/geoclimate-SEO.png\",\"contentUrl\":\"https:\/\/geoclimate.ge\/wp-content\/uploads\/2026\/03\/geoclimate-SEO.png\",\"width\":1536,\"height\":1024,\"caption\":\"GeoClimate\"},\"image\":{\"@id\":\"https:\/\/geoclimate.ge\/#\/schema\/logo\/image\/\"}}]}<\/script>\n<!-- \/ Yoast SEO plugin. -->","yoast_head_json":{"title":"Cabines d'insonorisation ALPHAfon-CB - GeoClimate.ge","robots":{"index":"index","follow":"follow","max-snippet":"max-snippet:-1","max-image-preview":"max-image-preview:large","max-video-preview":"max-video-preview:-1"},"canonical":"https:\/\/geoclimate.ge\/fr\/produit\/sound-insulation-cabins-alphafon-cb\/","og_locale":"fr_FR","og_type":"article","og_title":"Cabines d'insonorisation ALPHAfon-CB - GeoClimate.ge","og_description":"Prot\u00e8ge le r\u00e9cepteur du bruit et offre des conditions de travail optimales \u00e0 l'int\u00e9rieur de la cabine.","og_url":"https:\/\/geoclimate.ge\/fr\/produit\/sound-insulation-cabins-alphafon-cb\/","og_site_name":"GeoClimate.ge","article_modified_time":"2025-06-09T14:50:05+00:00","og_image":[{"width":800,"height":600,"url":"https:\/\/geoclimate.ge\/wp-content\/uploads\/2025\/06\/alphafon-cb-acoustic-cabin.webp","type":"image\/webp"}],"twitter_card":"summary_large_image","twitter_misc":{"Dur\u00e9e de lecture estim\u00e9e":"1 minute"},"schema":{"@context":"https:\/\/schema.org","@graph":[{"@type":"WebPage","@id":"https:\/\/geoclimate.ge\/fr\/produit\/sound-insulation-cabins-alphafon-cb\/","url":"https:\/\/geoclimate.ge\/fr\/produit\/sound-insulation-cabins-alphafon-cb\/","name":"Cabines d'insonorisation ALPHAfon-CB - GeoClimate.ge","isPartOf":{"@id":"https:\/\/geoclimate.ge\/#website"},"primaryImageOfPage":{"@id":"https:\/\/geoclimate.ge\/fr\/produit\/sound-insulation-cabins-alphafon-cb\/#primaryimage"},"image":{"@id":"https:\/\/geoclimate.ge\/fr\/produit\/sound-insulation-cabins-alphafon-cb\/#primaryimage"},"thumbnailUrl":"https:\/\/geoclimate.ge\/wp-content\/uploads\/2025\/06\/alphafon-cb-acoustic-cabin.webp","datePublished":"2025-06-09T14:45:28+00:00","dateModified":"2025-06-09T14:50:05+00:00","breadcrumb":{"@id":"https:\/\/geoclimate.ge\/fr\/produit\/sound-insulation-cabins-alphafon-cb\/#breadcrumb"},"inLanguage":"fr-FR","potentialAction":[{"@type":"ReadAction","target":["https:\/\/geoclimate.ge\/fr\/produit\/sound-insulation-cabins-alphafon-cb\/"]}]},{"@type":"ImageObject","inLanguage":"fr-FR","@id":"https:\/\/geoclimate.ge\/fr\/produit\/sound-insulation-cabins-alphafon-cb\/#primaryimage","url":"https:\/\/geoclimate.ge\/wp-content\/uploads\/2025\/06\/alphafon-cb-acoustic-cabin.webp","contentUrl":"https:\/\/geoclimate.ge\/wp-content\/uploads\/2025\/06\/alphafon-cb-acoustic-cabin.webp","width":800,"height":600},{"@type":"BreadcrumbList","@id":"https:\/\/geoclimate.ge\/fr\/produit\/sound-insulation-cabins-alphafon-cb\/#breadcrumb","itemListElement":[{"@type":"ListItem","position":1,"name":"Home","item":"https:\/\/geoclimate.ge\/fr\/"},{"@type":"ListItem","position":2,"name":"Products","item":"https:\/\/geoclimate.ge\/fr\/products\/"},{"@type":"ListItem","position":3,"name":"Cabines d&#8217;insonorisation ALPHAfon-CB"}]},{"@type":"WebSite","@id":"https:\/\/geoclimate.ge\/#website","url":"https:\/\/geoclimate.ge\/","name":"GeoClimate","description":"","publisher":{"@id":"https:\/\/geoclimate.ge\/#organization"},"potentialAction":[{"@type":"SearchAction","target":{"@type":"EntryPoint","urlTemplate":"https:\/\/geoclimate.ge\/?s={search_term_string}"},"query-input":{"@type":"PropertyValueSpecification","valueRequired":true,"valueName":"search_term_string"}}],"inLanguage":"fr-FR"},{"@type":"Organization","@id":"https:\/\/geoclimate.ge\/#organization","name":"GeoClimate","url":"https:\/\/geoclimate.ge\/","logo":{"@type":"ImageObject","inLanguage":"fr-FR","@id":"https:\/\/geoclimate.ge\/#\/schema\/logo\/image\/","url":"https:\/\/geoclimate.ge\/wp-content\/uploads\/2026\/03\/geoclimate-SEO.png","contentUrl":"https:\/\/geoclimate.ge\/wp-content\/uploads\/2026\/03\/geoclimate-SEO.png","width":1536,"height":1024,"caption":"GeoClimate"},"image":{"@id":"https:\/\/geoclimate.ge\/#\/schema\/logo\/image\/"}}]}},"_links":{"self":[{"href":"https:\/\/geoclimate.ge\/fr\/wp-json\/wp\/v2\/product\/34928","targetHints":{"allow":["GET"]}}],"collection":[{"href":"https:\/\/geoclimate.ge\/fr\/wp-json\/wp\/v2\/product"}],"about":[{"href":"https:\/\/geoclimate.ge\/fr\/wp-json\/wp\/v2\/types\/product"}],"wp:featuredmedia":[{"embeddable":true,"href":"https:\/\/geoclimate.ge\/fr\/wp-json\/wp\/v2\/media\/34923"}],"wp:attachment":[{"href":"https:\/\/geoclimate.ge\/fr\/wp-json\/wp\/v2\/media?parent=34928"}],"wp:term":[{"taxonomy":"product_brand","embeddable":true,"href":"https:\/\/geoclimate.ge\/fr\/wp-json\/wp\/v2\/product_brand?post=34928"},{"taxonomy":"product_cat","embeddable":true,"href":"https:\/\/geoclimate.ge\/fr\/wp-json\/wp\/v2\/product_cat?post=34928"},{"taxonomy":"product_tag","embeddable":true,"href":"https:\/\/geoclimate.ge\/fr\/wp-json\/wp\/v2\/product_tag?post=34928"}],"curies":[{"name":"wp","href":"https:\/\/api.w.org\/{rel}","templated":true}]}}