{"id":35066,"date":"2025-06-09T19:19:23","date_gmt":"2025-06-09T15:19:23","guid":{"rendered":"https:\/\/airsystems.ge\/shop\/product\/acoustic-louvers-alphafon-al\/"},"modified":"2025-06-09T19:21:42","modified_gmt":"2025-06-09T15:21:42","slug":"acoustic-louvers-alphafon-al","status":"publish","type":"product","link":"https:\/\/geoclimate.ge\/fr\/produit\/acoustic-louvers-alphafon-al\/","title":{"rendered":"Grilles acoustiques ALPHAfon \u2013 AL"},"content":{"rendered":"<p>La grille acoustique ALPHAfon-AL est disponible en plusieurs coloris et en trois mat\u00e9riaux de base\u00a0: t\u00f4le galvanis\u00e9e, aluminium et acier inoxydable.<\/p>\n<p>La grille ALPHAfon-AL est dot\u00e9e de lames inclin\u00e9es horizontales semi-a\u00e9rodynamiques absorbant le son.<\/p>\n<p>Elles sont con\u00e7ues pour allier faible perte de charge, protection contre la pluie et r\u00e9duction acoustique accrue.<\/p>\n<p>La grille acoustique ALPHAfon-AL est disponible en deux mod\u00e8les\u00a0:<\/p>\n<p>ALPHAfon-AL TYPE 1, profondeur 300\u00a0mm.<br \/>\nALPHAfon-AL TYPE 2, profondeur 600\u00a0mm, avec doubles lames pour une meilleure r\u00e9duction du bruit.<br \/>\nApplications typiques\u00a0:<\/p>\n<p>1. ENTR\u00c9E-SORTIE D\u2019AIR<\/p>\n<p>Applications de climatisation<br \/>\nApplications de ventilation<br \/>\nGroupes \u00e9lectrog\u00e8nes<br \/>\nEspaces de travail \u00e0 ventilation naturelle<br \/>\nPortes \u00e0 persiennes<br \/>\n2. \u00c9CRANS ANTIBRUIT<\/p>\n<p>Tours de refroidissement<br \/>\nRefroidisseurs d\u2019air<br \/>\nMachines frigorifiques<br \/>\nALPHAfon-AL peut \u00eatre fabriqu\u00e9 en plusieurs parties s\u2019il d\u00e9passe les dimensions maximales indiqu\u00e9es ci-dessus.<\/p>\n","protected":false},"excerpt":{"rendered":"<div class=\"woocommerce-product-details__short-description\">\n<p>Isolation phonique, design innovant et protection contre les intemp\u00e9ries pour une largeur r\u00e9duite<\/p>\n<\/div>\n","protected":false},"featured_media":35037,"template":"","meta":[],"product_brand":[],"product_cat":[778,1716],"product_tag":[],"class_list":{"0":"post-35066","1":"product","2":"type-product","3":"status-publish","4":"has-post-thumbnail","6":"product_cat-acoustics-noise-fr","7":"product_cat-mechanical-noise-control-fr","9":"first","10":"instock","11":"shipping-taxable","12":"product-type-simple"},"yoast_head":"<!-- This site is optimized with the Yoast SEO plugin v27.1.1 - https:\/\/yoast.com\/product\/yoast-seo-wordpress\/ -->\n<title>Grilles acoustiques ALPHAfon \u2013 AL - GeoClimate.ge<\/title>\n<meta name=\"robots\" content=\"index, follow, max-snippet:-1, max-image-preview:large, max-video-preview:-1\" \/>\n<link rel=\"canonical\" href=\"https:\/\/geoclimate.ge\/fr\/produit\/acoustic-louvers-alphafon-al\/\" \/>\n<meta property=\"og:locale\" content=\"fr_FR\" \/>\n<meta property=\"og:type\" content=\"article\" \/>\n<meta property=\"og:title\" content=\"Grilles acoustiques ALPHAfon \u2013 AL - GeoClimate.ge\" \/>\n<meta property=\"og:description\" content=\"Isolation phonique, design innovant et protection contre les intemp\u00e9ries pour une largeur r\u00e9duite\" \/>\n<meta property=\"og:url\" content=\"https:\/\/geoclimate.ge\/fr\/produit\/acoustic-louvers-alphafon-al\/\" \/>\n<meta property=\"og:site_name\" content=\"GeoClimate.ge\" \/>\n<meta property=\"article:modified_time\" content=\"2025-06-09T15:21:42+00:00\" \/>\n<meta property=\"og:image\" content=\"https:\/\/geoclimate.ge\/wp-content\/uploads\/2025\/06\/alphafon-al.webp\" \/>\n\t<meta property=\"og:image:width\" content=\"800\" \/>\n\t<meta property=\"og:image:height\" content=\"600\" \/>\n\t<meta property=\"og:image:type\" content=\"image\/webp\" \/>\n<meta name=\"twitter:card\" content=\"summary_large_image\" \/>\n<meta name=\"twitter:label1\" content=\"Dur\u00e9e de lecture estim\u00e9e\" \/>\n\t<meta name=\"twitter:data1\" content=\"1 minute\" \/>\n<script type=\"application\/ld+json\" class=\"yoast-schema-graph\">{\"@context\":\"https:\/\/schema.org\",\"@graph\":[{\"@type\":\"WebPage\",\"@id\":\"https:\/\/geoclimate.ge\/fr\/produit\/acoustic-louvers-alphafon-al\/\",\"url\":\"https:\/\/geoclimate.ge\/fr\/produit\/acoustic-louvers-alphafon-al\/\",\"name\":\"Grilles acoustiques ALPHAfon \u2013 AL - GeoClimate.ge\",\"isPartOf\":{\"@id\":\"https:\/\/geoclimate.ge\/#website\"},\"primaryImageOfPage\":{\"@id\":\"https:\/\/geoclimate.ge\/fr\/produit\/acoustic-louvers-alphafon-al\/#primaryimage\"},\"image\":{\"@id\":\"https:\/\/geoclimate.ge\/fr\/produit\/acoustic-louvers-alphafon-al\/#primaryimage\"},\"thumbnailUrl\":\"https:\/\/geoclimate.ge\/wp-content\/uploads\/2025\/06\/alphafon-al.webp\",\"datePublished\":\"2025-06-09T15:19:23+00:00\",\"dateModified\":\"2025-06-09T15:21:42+00:00\",\"breadcrumb\":{\"@id\":\"https:\/\/geoclimate.ge\/fr\/produit\/acoustic-louvers-alphafon-al\/#breadcrumb\"},\"inLanguage\":\"fr-FR\",\"potentialAction\":[{\"@type\":\"ReadAction\",\"target\":[\"https:\/\/geoclimate.ge\/fr\/produit\/acoustic-louvers-alphafon-al\/\"]}]},{\"@type\":\"ImageObject\",\"inLanguage\":\"fr-FR\",\"@id\":\"https:\/\/geoclimate.ge\/fr\/produit\/acoustic-louvers-alphafon-al\/#primaryimage\",\"url\":\"https:\/\/geoclimate.ge\/wp-content\/uploads\/2025\/06\/alphafon-al.webp\",\"contentUrl\":\"https:\/\/geoclimate.ge\/wp-content\/uploads\/2025\/06\/alphafon-al.webp\",\"width\":800,\"height\":600},{\"@type\":\"BreadcrumbList\",\"@id\":\"https:\/\/geoclimate.ge\/fr\/produit\/acoustic-louvers-alphafon-al\/#breadcrumb\",\"itemListElement\":[{\"@type\":\"ListItem\",\"position\":1,\"name\":\"Home\",\"item\":\"https:\/\/geoclimate.ge\/fr\/\"},{\"@type\":\"ListItem\",\"position\":2,\"name\":\"Products\",\"item\":\"https:\/\/geoclimate.ge\/fr\/products\/\"},{\"@type\":\"ListItem\",\"position\":3,\"name\":\"Grilles acoustiques ALPHAfon \u2013 AL\"}]},{\"@type\":\"WebSite\",\"@id\":\"https:\/\/geoclimate.ge\/#website\",\"url\":\"https:\/\/geoclimate.ge\/\",\"name\":\"GeoClimate\",\"description\":\"\",\"publisher\":{\"@id\":\"https:\/\/geoclimate.ge\/#organization\"},\"potentialAction\":[{\"@type\":\"SearchAction\",\"target\":{\"@type\":\"EntryPoint\",\"urlTemplate\":\"https:\/\/geoclimate.ge\/?s={search_term_string}\"},\"query-input\":{\"@type\":\"PropertyValueSpecification\",\"valueRequired\":true,\"valueName\":\"search_term_string\"}}],\"inLanguage\":\"fr-FR\"},{\"@type\":\"Organization\",\"@id\":\"https:\/\/geoclimate.ge\/#organization\",\"name\":\"GeoClimate\",\"url\":\"https:\/\/geoclimate.ge\/\",\"logo\":{\"@type\":\"ImageObject\",\"inLanguage\":\"fr-FR\",\"@id\":\"https:\/\/geoclimate.ge\/#\/schema\/logo\/image\/\",\"url\":\"https:\/\/geoclimate.ge\/wp-content\/uploads\/2026\/03\/geoclimate-SEO.png\",\"contentUrl\":\"https:\/\/geoclimate.ge\/wp-content\/uploads\/2026\/03\/geoclimate-SEO.png\",\"width\":1536,\"height\":1024,\"caption\":\"GeoClimate\"},\"image\":{\"@id\":\"https:\/\/geoclimate.ge\/#\/schema\/logo\/image\/\"}}]}<\/script>\n<!-- \/ Yoast SEO plugin. -->","yoast_head_json":{"title":"Grilles acoustiques ALPHAfon \u2013 AL - GeoClimate.ge","robots":{"index":"index","follow":"follow","max-snippet":"max-snippet:-1","max-image-preview":"max-image-preview:large","max-video-preview":"max-video-preview:-1"},"canonical":"https:\/\/geoclimate.ge\/fr\/produit\/acoustic-louvers-alphafon-al\/","og_locale":"fr_FR","og_type":"article","og_title":"Grilles acoustiques ALPHAfon \u2013 AL - GeoClimate.ge","og_description":"Isolation phonique, design innovant et protection contre les intemp\u00e9ries pour une largeur r\u00e9duite","og_url":"https:\/\/geoclimate.ge\/fr\/produit\/acoustic-louvers-alphafon-al\/","og_site_name":"GeoClimate.ge","article_modified_time":"2025-06-09T15:21:42+00:00","og_image":[{"width":800,"height":600,"url":"https:\/\/geoclimate.ge\/wp-content\/uploads\/2025\/06\/alphafon-al.webp","type":"image\/webp"}],"twitter_card":"summary_large_image","twitter_misc":{"Dur\u00e9e de lecture estim\u00e9e":"1 minute"},"schema":{"@context":"https:\/\/schema.org","@graph":[{"@type":"WebPage","@id":"https:\/\/geoclimate.ge\/fr\/produit\/acoustic-louvers-alphafon-al\/","url":"https:\/\/geoclimate.ge\/fr\/produit\/acoustic-louvers-alphafon-al\/","name":"Grilles acoustiques ALPHAfon \u2013 AL - GeoClimate.ge","isPartOf":{"@id":"https:\/\/geoclimate.ge\/#website"},"primaryImageOfPage":{"@id":"https:\/\/geoclimate.ge\/fr\/produit\/acoustic-louvers-alphafon-al\/#primaryimage"},"image":{"@id":"https:\/\/geoclimate.ge\/fr\/produit\/acoustic-louvers-alphafon-al\/#primaryimage"},"thumbnailUrl":"https:\/\/geoclimate.ge\/wp-content\/uploads\/2025\/06\/alphafon-al.webp","datePublished":"2025-06-09T15:19:23+00:00","dateModified":"2025-06-09T15:21:42+00:00","breadcrumb":{"@id":"https:\/\/geoclimate.ge\/fr\/produit\/acoustic-louvers-alphafon-al\/#breadcrumb"},"inLanguage":"fr-FR","potentialAction":[{"@type":"ReadAction","target":["https:\/\/geoclimate.ge\/fr\/produit\/acoustic-louvers-alphafon-al\/"]}]},{"@type":"ImageObject","inLanguage":"fr-FR","@id":"https:\/\/geoclimate.ge\/fr\/produit\/acoustic-louvers-alphafon-al\/#primaryimage","url":"https:\/\/geoclimate.ge\/wp-content\/uploads\/2025\/06\/alphafon-al.webp","contentUrl":"https:\/\/geoclimate.ge\/wp-content\/uploads\/2025\/06\/alphafon-al.webp","width":800,"height":600},{"@type":"BreadcrumbList","@id":"https:\/\/geoclimate.ge\/fr\/produit\/acoustic-louvers-alphafon-al\/#breadcrumb","itemListElement":[{"@type":"ListItem","position":1,"name":"Home","item":"https:\/\/geoclimate.ge\/fr\/"},{"@type":"ListItem","position":2,"name":"Products","item":"https:\/\/geoclimate.ge\/fr\/products\/"},{"@type":"ListItem","position":3,"name":"Grilles acoustiques ALPHAfon \u2013 AL"}]},{"@type":"WebSite","@id":"https:\/\/geoclimate.ge\/#website","url":"https:\/\/geoclimate.ge\/","name":"GeoClimate","description":"","publisher":{"@id":"https:\/\/geoclimate.ge\/#organization"},"potentialAction":[{"@type":"SearchAction","target":{"@type":"EntryPoint","urlTemplate":"https:\/\/geoclimate.ge\/?s={search_term_string}"},"query-input":{"@type":"PropertyValueSpecification","valueRequired":true,"valueName":"search_term_string"}}],"inLanguage":"fr-FR"},{"@type":"Organization","@id":"https:\/\/geoclimate.ge\/#organization","name":"GeoClimate","url":"https:\/\/geoclimate.ge\/","logo":{"@type":"ImageObject","inLanguage":"fr-FR","@id":"https:\/\/geoclimate.ge\/#\/schema\/logo\/image\/","url":"https:\/\/geoclimate.ge\/wp-content\/uploads\/2026\/03\/geoclimate-SEO.png","contentUrl":"https:\/\/geoclimate.ge\/wp-content\/uploads\/2026\/03\/geoclimate-SEO.png","width":1536,"height":1024,"caption":"GeoClimate"},"image":{"@id":"https:\/\/geoclimate.ge\/#\/schema\/logo\/image\/"}}]}},"_links":{"self":[{"href":"https:\/\/geoclimate.ge\/fr\/wp-json\/wp\/v2\/product\/35066","targetHints":{"allow":["GET"]}}],"collection":[{"href":"https:\/\/geoclimate.ge\/fr\/wp-json\/wp\/v2\/product"}],"about":[{"href":"https:\/\/geoclimate.ge\/fr\/wp-json\/wp\/v2\/types\/product"}],"wp:featuredmedia":[{"embeddable":true,"href":"https:\/\/geoclimate.ge\/fr\/wp-json\/wp\/v2\/media\/35037"}],"wp:attachment":[{"href":"https:\/\/geoclimate.ge\/fr\/wp-json\/wp\/v2\/media?parent=35066"}],"wp:term":[{"taxonomy":"product_brand","embeddable":true,"href":"https:\/\/geoclimate.ge\/fr\/wp-json\/wp\/v2\/product_brand?post=35066"},{"taxonomy":"product_cat","embeddable":true,"href":"https:\/\/geoclimate.ge\/fr\/wp-json\/wp\/v2\/product_cat?post=35066"},{"taxonomy":"product_tag","embeddable":true,"href":"https:\/\/geoclimate.ge\/fr\/wp-json\/wp\/v2\/product_tag?post=35066"}],"curies":[{"name":"wp","href":"https:\/\/api.w.org\/{rel}","templated":true}]}}