{"id":35205,"date":"2025-06-09T19:39:55","date_gmt":"2025-06-09T15:39:55","guid":{"rendered":"https:\/\/airsystems.ge\/shop\/product\/metal-noise-barrier-alphafon-mb\/"},"modified":"2025-06-09T19:44:48","modified_gmt":"2025-06-09T15:44:48","slug":"metal-noise-barrier-alphafon-mb","status":"publish","type":"product","link":"https:\/\/geoclimate.ge\/fr\/produit\/metal-noise-barrier-alphafon-mb\/","title":{"rendered":"\u00c9cran antibruit m\u00e9tallique ALPHAfon-MB"},"content":{"rendered":"<p>L&rsquo;\u00e9cran antibruit m\u00e9tallique ALPHAfon-MB est compos\u00e9 d&rsquo;une t\u00f4le galvanis\u00e9e \u00e0 l&rsquo;ext\u00e9rieur et d&rsquo;une t\u00f4le perfor\u00e9e \u00e0 l&rsquo;int\u00e9rieur..<img decoding=\"async\" class=\"size-full wp-image-8819\" src=\"https:\/\/alphacoustic.com\/wp-content\/uploads\/2013\/09\/alphafon-mb-design-1.jpg\" sizes=\"(max-width: 871px) 100vw, 871px\" srcset=\"https:\/\/alphacoustic.com\/wp-content\/uploads\/2013\/09\/alphafon-mb-design-1.jpg 871w, https:\/\/alphacoustic.com\/wp-content\/uploads\/2013\/09\/alphafon-mb-design-1-300x124.jpg 300w, https:\/\/alphacoustic.com\/wp-content\/uploads\/2013\/09\/alphafon-mb-design-1-768x318.jpg 768w\" alt=\"metal noise barrier design\" width=\"410\" \/><\/p>\n<p>La couleur standard des deux faces est RAL 9002, mais elles peuvent \u00eatre peintes dans n&rsquo;importe quelle couleur RAL (par des tiers) pour r\u00e9pondre aux exigences de chaque projet.<\/p>\n<p>Les deux extr\u00e9mit\u00e9s de l&rsquo;\u00e9cran m\u00e9tallique sont form\u00e9es (m\u00e2le-femelle) afin d&rsquo;assurer une parfaite \u00e9tanch\u00e9it\u00e9 acoustique et d&rsquo;am\u00e9liorer sa r\u00e9sistance \u00e0 la flexion.<\/p>\n<p>L&rsquo;int\u00e9rieur est rempli d&rsquo;un mat\u00e9riau insonorisant, de la laine min\u00e9rale hydrophobe de densit\u00e9 appropri\u00e9e, et recouvert d&rsquo;une fine laine de verre.<\/p>\n<p>Protection contre le bruit de la circulation (voitures, trains, machines bruyantes, refroidisseurs, tours de refroidissement, etc.)<br \/>\nFacile \u00e0 installer<br \/>\nR\u00e9sistance aux conditions environnementales ext\u00e9rieures<br \/>\nAbsorption acoustique \u00e9lev\u00e9e (d&rsquo;un seul c\u00f4t\u00e9)<br \/>\nPeinture possible dans toutes les couleurs<br \/>\nInstallation<br \/>\nLes barri\u00e8res m\u00e9talliques ALPHAfon-MB peuvent \u00eatre install\u00e9es coulissantes sur des profil\u00e9s en fer, en double T sp\u00e9cial (HEA), fix\u00e9s au sous-sol. Elles peuvent \u00e9galement \u00eatre install\u00e9es verticalement avec des supports appropri\u00e9s en haut et en bas.<\/p>\n<p>Pour les barri\u00e8res antibruit routi\u00e8res, il est recommand\u00e9 de construire un mur en b\u00e9ton appropri\u00e9 au pied de la barri\u00e8re. La hauteur et la longueur de la barri\u00e8re m\u00e9tallique peuvent \u00eatre d\u00e9termin\u00e9es par notre entreprise \u00e0 l&rsquo;aide d&rsquo;un logiciel informatique d\u00e9di\u00e9, afin d&rsquo;estimer la r\u00e9duction du bruit et de choisir la solution technico-\u00e9conomique la plus adapt\u00e9e.<\/p>\n<p>APPLICATIONS<\/p>\n<p>Les \u00e9crans antibruit m\u00e9talliques ALPHAfon-MB constituent une solution rapide et \u00e9conomique aux probl\u00e8mes d&rsquo;absorption acoustique li\u00e9s \u00e0 l&rsquo;isolation phonique et \u00e0 la r\u00e9sistance m\u00e9canique, pour des applications int\u00e9rieures et ext\u00e9rieures telles que\u00a0:<\/p>\n<p>piscines<br \/>\ngymnases<br \/>\ndiscoth\u00e8ques \u2013 pubs<br \/>\n\u00e9coles de musique<br \/>\ninstallations industrielles<br \/>\n\u00e9crans antibruit pour la protection des rues, \u00e9coles, h\u00f4pitaux et habitations<br \/>\nCe produit peut \u00e9galement \u00eatre utilis\u00e9 pour le contr\u00f4le du bruit de machines telles que\u00a0: climatiseurs, tours de refroidissement, refroidisseurs, etc.<\/p>\n","protected":false},"excerpt":{"rendered":"<div class=\"woocommerce-product-details__short-description\">\n<p>L&rsquo;\u00e9cran antibruit m\u00e9tallique ALPHAfon-MB est compos\u00e9 d&rsquo;une t\u00f4le galvanis\u00e9e \u00e0 l&rsquo;ext\u00e9rieur et d&rsquo;une t\u00f4le perfor\u00e9e \u00e0 l&rsquo;int\u00e9rieur.<\/p>\n<p>La couleur standard des deux faces est RAL 9002, mais elles peuvent \u00eatre peintes dans n&rsquo;importe quelle couleur RAL (par des tiers) pour r\u00e9pondre aux exigences de chaque projet.<\/p>\n<p>Les deux extr\u00e9mit\u00e9s de l&rsquo;\u00e9cran m\u00e9tallique sont form\u00e9es (m\u00e2le-femelle) afin d&rsquo;assurer une parfaite \u00e9tanch\u00e9it\u00e9 acoustique et d&rsquo;am\u00e9liorer sa r\u00e9sistance \u00e0 la flexion.<\/p>\n<\/div>\n","protected":false},"featured_media":35145,"template":"","meta":[],"product_brand":[],"product_cat":[778,1716],"product_tag":[],"class_list":{"0":"post-35205","1":"product","2":"type-product","3":"status-publish","4":"has-post-thumbnail","6":"product_cat-acoustics-noise-fr","7":"product_cat-mechanical-noise-control-fr","9":"first","10":"instock","11":"shipping-taxable","12":"product-type-simple"},"yoast_head":"<!-- This site is optimized with the Yoast SEO plugin v27.1.1 - https:\/\/yoast.com\/product\/yoast-seo-wordpress\/ -->\n<title>\u00c9cran antibruit m\u00e9tallique ALPHAfon-MB - GeoClimate.ge<\/title>\n<meta name=\"robots\" content=\"index, follow, max-snippet:-1, max-image-preview:large, max-video-preview:-1\" \/>\n<link rel=\"canonical\" href=\"https:\/\/geoclimate.ge\/fr\/produit\/metal-noise-barrier-alphafon-mb\/\" \/>\n<meta property=\"og:locale\" content=\"fr_FR\" \/>\n<meta property=\"og:type\" content=\"article\" \/>\n<meta property=\"og:title\" content=\"\u00c9cran antibruit m\u00e9tallique ALPHAfon-MB - GeoClimate.ge\" \/>\n<meta property=\"og:description\" content=\"L&#039;\u00e9cran antibruit m\u00e9tallique ALPHAfon-MB est compos\u00e9 d&#039;une t\u00f4le galvanis\u00e9e \u00e0 l&#039;ext\u00e9rieur et d&#039;une t\u00f4le perfor\u00e9e \u00e0 l&#039;int\u00e9rieur.  La couleur standard des deux faces est RAL 9002, mais elles peuvent \u00eatre peintes dans n&#039;importe quelle couleur RAL (par des tiers) pour r\u00e9pondre aux exigences de chaque projet.  Les deux extr\u00e9mit\u00e9s de l&#039;\u00e9cran m\u00e9tallique sont form\u00e9es (m\u00e2le-femelle) afin d&#039;assurer une parfaite \u00e9tanch\u00e9it\u00e9 acoustique et d&#039;am\u00e9liorer sa r\u00e9sistance \u00e0 la flexion.\" \/>\n<meta property=\"og:url\" content=\"https:\/\/geoclimate.ge\/fr\/produit\/metal-noise-barrier-alphafon-mb\/\" \/>\n<meta property=\"og:site_name\" content=\"GeoClimate.ge\" \/>\n<meta property=\"article:modified_time\" content=\"2025-06-09T15:44:48+00:00\" \/>\n<meta property=\"og:image\" content=\"https:\/\/geoclimate.ge\/wp-content\/uploads\/2025\/06\/metal-barrier-alphafon-mb.webp\" \/>\n\t<meta property=\"og:image:width\" content=\"800\" \/>\n\t<meta property=\"og:image:height\" content=\"600\" \/>\n\t<meta property=\"og:image:type\" content=\"image\/webp\" \/>\n<meta name=\"twitter:card\" content=\"summary_large_image\" \/>\n<meta name=\"twitter:label1\" content=\"Dur\u00e9e de lecture estim\u00e9e\" \/>\n\t<meta name=\"twitter:data1\" content=\"2 minutes\" \/>\n<script type=\"application\/ld+json\" class=\"yoast-schema-graph\">{\"@context\":\"https:\/\/schema.org\",\"@graph\":[{\"@type\":\"WebPage\",\"@id\":\"https:\/\/geoclimate.ge\/fr\/produit\/metal-noise-barrier-alphafon-mb\/\",\"url\":\"https:\/\/geoclimate.ge\/fr\/produit\/metal-noise-barrier-alphafon-mb\/\",\"name\":\"\u00c9cran antibruit m\u00e9tallique ALPHAfon-MB - GeoClimate.ge\",\"isPartOf\":{\"@id\":\"https:\/\/geoclimate.ge\/#website\"},\"primaryImageOfPage\":{\"@id\":\"https:\/\/geoclimate.ge\/fr\/produit\/metal-noise-barrier-alphafon-mb\/#primaryimage\"},\"image\":{\"@id\":\"https:\/\/geoclimate.ge\/fr\/produit\/metal-noise-barrier-alphafon-mb\/#primaryimage\"},\"thumbnailUrl\":\"https:\/\/geoclimate.ge\/wp-content\/uploads\/2025\/06\/metal-barrier-alphafon-mb.webp\",\"datePublished\":\"2025-06-09T15:39:55+00:00\",\"dateModified\":\"2025-06-09T15:44:48+00:00\",\"breadcrumb\":{\"@id\":\"https:\/\/geoclimate.ge\/fr\/produit\/metal-noise-barrier-alphafon-mb\/#breadcrumb\"},\"inLanguage\":\"fr-FR\",\"potentialAction\":[{\"@type\":\"ReadAction\",\"target\":[\"https:\/\/geoclimate.ge\/fr\/produit\/metal-noise-barrier-alphafon-mb\/\"]}]},{\"@type\":\"ImageObject\",\"inLanguage\":\"fr-FR\",\"@id\":\"https:\/\/geoclimate.ge\/fr\/produit\/metal-noise-barrier-alphafon-mb\/#primaryimage\",\"url\":\"https:\/\/geoclimate.ge\/wp-content\/uploads\/2025\/06\/metal-barrier-alphafon-mb.webp\",\"contentUrl\":\"https:\/\/geoclimate.ge\/wp-content\/uploads\/2025\/06\/metal-barrier-alphafon-mb.webp\",\"width\":800,\"height\":600},{\"@type\":\"BreadcrumbList\",\"@id\":\"https:\/\/geoclimate.ge\/fr\/produit\/metal-noise-barrier-alphafon-mb\/#breadcrumb\",\"itemListElement\":[{\"@type\":\"ListItem\",\"position\":1,\"name\":\"Home\",\"item\":\"https:\/\/geoclimate.ge\/fr\/\"},{\"@type\":\"ListItem\",\"position\":2,\"name\":\"Products\",\"item\":\"https:\/\/geoclimate.ge\/fr\/products\/\"},{\"@type\":\"ListItem\",\"position\":3,\"name\":\"\u00c9cran antibruit m\u00e9tallique ALPHAfon-MB\"}]},{\"@type\":\"WebSite\",\"@id\":\"https:\/\/geoclimate.ge\/#website\",\"url\":\"https:\/\/geoclimate.ge\/\",\"name\":\"GeoClimate\",\"description\":\"\",\"publisher\":{\"@id\":\"https:\/\/geoclimate.ge\/#organization\"},\"potentialAction\":[{\"@type\":\"SearchAction\",\"target\":{\"@type\":\"EntryPoint\",\"urlTemplate\":\"https:\/\/geoclimate.ge\/?s={search_term_string}\"},\"query-input\":{\"@type\":\"PropertyValueSpecification\",\"valueRequired\":true,\"valueName\":\"search_term_string\"}}],\"inLanguage\":\"fr-FR\"},{\"@type\":\"Organization\",\"@id\":\"https:\/\/geoclimate.ge\/#organization\",\"name\":\"GeoClimate\",\"url\":\"https:\/\/geoclimate.ge\/\",\"logo\":{\"@type\":\"ImageObject\",\"inLanguage\":\"fr-FR\",\"@id\":\"https:\/\/geoclimate.ge\/#\/schema\/logo\/image\/\",\"url\":\"https:\/\/geoclimate.ge\/wp-content\/uploads\/2026\/03\/geoclimate-SEO.png\",\"contentUrl\":\"https:\/\/geoclimate.ge\/wp-content\/uploads\/2026\/03\/geoclimate-SEO.png\",\"width\":1536,\"height\":1024,\"caption\":\"GeoClimate\"},\"image\":{\"@id\":\"https:\/\/geoclimate.ge\/#\/schema\/logo\/image\/\"}}]}<\/script>\n<!-- \/ Yoast SEO plugin. -->","yoast_head_json":{"title":"\u00c9cran antibruit m\u00e9tallique ALPHAfon-MB - GeoClimate.ge","robots":{"index":"index","follow":"follow","max-snippet":"max-snippet:-1","max-image-preview":"max-image-preview:large","max-video-preview":"max-video-preview:-1"},"canonical":"https:\/\/geoclimate.ge\/fr\/produit\/metal-noise-barrier-alphafon-mb\/","og_locale":"fr_FR","og_type":"article","og_title":"\u00c9cran antibruit m\u00e9tallique ALPHAfon-MB - GeoClimate.ge","og_description":"L'\u00e9cran antibruit m\u00e9tallique ALPHAfon-MB est compos\u00e9 d'une t\u00f4le galvanis\u00e9e \u00e0 l'ext\u00e9rieur et d'une t\u00f4le perfor\u00e9e \u00e0 l'int\u00e9rieur.  La couleur standard des deux faces est RAL 9002, mais elles peuvent \u00eatre peintes dans n'importe quelle couleur RAL (par des tiers) pour r\u00e9pondre aux exigences de chaque projet.  Les deux extr\u00e9mit\u00e9s de l'\u00e9cran m\u00e9tallique sont form\u00e9es (m\u00e2le-femelle) afin d'assurer une parfaite \u00e9tanch\u00e9it\u00e9 acoustique et d'am\u00e9liorer sa r\u00e9sistance \u00e0 la flexion.","og_url":"https:\/\/geoclimate.ge\/fr\/produit\/metal-noise-barrier-alphafon-mb\/","og_site_name":"GeoClimate.ge","article_modified_time":"2025-06-09T15:44:48+00:00","og_image":[{"width":800,"height":600,"url":"https:\/\/geoclimate.ge\/wp-content\/uploads\/2025\/06\/metal-barrier-alphafon-mb.webp","type":"image\/webp"}],"twitter_card":"summary_large_image","twitter_misc":{"Dur\u00e9e de lecture estim\u00e9e":"2 minutes"},"schema":{"@context":"https:\/\/schema.org","@graph":[{"@type":"WebPage","@id":"https:\/\/geoclimate.ge\/fr\/produit\/metal-noise-barrier-alphafon-mb\/","url":"https:\/\/geoclimate.ge\/fr\/produit\/metal-noise-barrier-alphafon-mb\/","name":"\u00c9cran antibruit m\u00e9tallique ALPHAfon-MB - GeoClimate.ge","isPartOf":{"@id":"https:\/\/geoclimate.ge\/#website"},"primaryImageOfPage":{"@id":"https:\/\/geoclimate.ge\/fr\/produit\/metal-noise-barrier-alphafon-mb\/#primaryimage"},"image":{"@id":"https:\/\/geoclimate.ge\/fr\/produit\/metal-noise-barrier-alphafon-mb\/#primaryimage"},"thumbnailUrl":"https:\/\/geoclimate.ge\/wp-content\/uploads\/2025\/06\/metal-barrier-alphafon-mb.webp","datePublished":"2025-06-09T15:39:55+00:00","dateModified":"2025-06-09T15:44:48+00:00","breadcrumb":{"@id":"https:\/\/geoclimate.ge\/fr\/produit\/metal-noise-barrier-alphafon-mb\/#breadcrumb"},"inLanguage":"fr-FR","potentialAction":[{"@type":"ReadAction","target":["https:\/\/geoclimate.ge\/fr\/produit\/metal-noise-barrier-alphafon-mb\/"]}]},{"@type":"ImageObject","inLanguage":"fr-FR","@id":"https:\/\/geoclimate.ge\/fr\/produit\/metal-noise-barrier-alphafon-mb\/#primaryimage","url":"https:\/\/geoclimate.ge\/wp-content\/uploads\/2025\/06\/metal-barrier-alphafon-mb.webp","contentUrl":"https:\/\/geoclimate.ge\/wp-content\/uploads\/2025\/06\/metal-barrier-alphafon-mb.webp","width":800,"height":600},{"@type":"BreadcrumbList","@id":"https:\/\/geoclimate.ge\/fr\/produit\/metal-noise-barrier-alphafon-mb\/#breadcrumb","itemListElement":[{"@type":"ListItem","position":1,"name":"Home","item":"https:\/\/geoclimate.ge\/fr\/"},{"@type":"ListItem","position":2,"name":"Products","item":"https:\/\/geoclimate.ge\/fr\/products\/"},{"@type":"ListItem","position":3,"name":"\u00c9cran antibruit m\u00e9tallique ALPHAfon-MB"}]},{"@type":"WebSite","@id":"https:\/\/geoclimate.ge\/#website","url":"https:\/\/geoclimate.ge\/","name":"GeoClimate","description":"","publisher":{"@id":"https:\/\/geoclimate.ge\/#organization"},"potentialAction":[{"@type":"SearchAction","target":{"@type":"EntryPoint","urlTemplate":"https:\/\/geoclimate.ge\/?s={search_term_string}"},"query-input":{"@type":"PropertyValueSpecification","valueRequired":true,"valueName":"search_term_string"}}],"inLanguage":"fr-FR"},{"@type":"Organization","@id":"https:\/\/geoclimate.ge\/#organization","name":"GeoClimate","url":"https:\/\/geoclimate.ge\/","logo":{"@type":"ImageObject","inLanguage":"fr-FR","@id":"https:\/\/geoclimate.ge\/#\/schema\/logo\/image\/","url":"https:\/\/geoclimate.ge\/wp-content\/uploads\/2026\/03\/geoclimate-SEO.png","contentUrl":"https:\/\/geoclimate.ge\/wp-content\/uploads\/2026\/03\/geoclimate-SEO.png","width":1536,"height":1024,"caption":"GeoClimate"},"image":{"@id":"https:\/\/geoclimate.ge\/#\/schema\/logo\/image\/"}}]}},"_links":{"self":[{"href":"https:\/\/geoclimate.ge\/fr\/wp-json\/wp\/v2\/product\/35205","targetHints":{"allow":["GET"]}}],"collection":[{"href":"https:\/\/geoclimate.ge\/fr\/wp-json\/wp\/v2\/product"}],"about":[{"href":"https:\/\/geoclimate.ge\/fr\/wp-json\/wp\/v2\/types\/product"}],"wp:featuredmedia":[{"embeddable":true,"href":"https:\/\/geoclimate.ge\/fr\/wp-json\/wp\/v2\/media\/35145"}],"wp:attachment":[{"href":"https:\/\/geoclimate.ge\/fr\/wp-json\/wp\/v2\/media?parent=35205"}],"wp:term":[{"taxonomy":"product_brand","embeddable":true,"href":"https:\/\/geoclimate.ge\/fr\/wp-json\/wp\/v2\/product_brand?post=35205"},{"taxonomy":"product_cat","embeddable":true,"href":"https:\/\/geoclimate.ge\/fr\/wp-json\/wp\/v2\/product_cat?post=35205"},{"taxonomy":"product_tag","embeddable":true,"href":"https:\/\/geoclimate.ge\/fr\/wp-json\/wp\/v2\/product_tag?post=35205"}],"curies":[{"name":"wp","href":"https:\/\/api.w.org\/{rel}","templated":true}]}}