{"id":35327,"date":"2025-06-10T12:03:30","date_gmt":"2025-06-10T08:03:30","guid":{"rendered":"https:\/\/airsystems.ge\/shop\/product\/sba-ht-swimming-pool-dehumidifiers-for-high-ambient-temperature\/"},"modified":"2025-06-10T12:06:30","modified_gmt":"2025-06-10T08:06:30","slug":"sba-ht-swimming-pool-dehumidifiers-for-high-ambient-temperature","status":"publish","type":"product","link":"https:\/\/geoclimate.ge\/fr\/produit\/sba-ht-swimming-pool-dehumidifiers-for-high-ambient-temperature\/","title":{"rendered":"SBA HT D\u00e9shumidificateurs de piscine pour temp\u00e9ratures ambiantes \u00e9lev\u00e9es"},"content":{"rendered":"<div class=\"elementor-element elementor-element-391e72ec elementor-widget elementor-widget-theme-post-content\" data-id=\"391e72ec\" data-element_type=\"widget\" data-widget_type=\"theme-post-content.default\">\n<div class=\"elementor-widget-container\">\n<p>Les d\u00e9shumidificateurs de la s\u00e9rie SBA HT sont des appareils hautes performances sp\u00e9cialement con\u00e7us pour une utilisation dans les piscines o\u00f9 il est n\u00e9cessaire de contr\u00f4ler le taux d&rsquo;humidit\u00e9 afin d&rsquo;\u00e9viter la condensation et d&rsquo;assurer un excellent confort ambiant.<br \/>\nIls conviennent aux petites piscines ou aux spas o\u00f9 une temp\u00e9rature ambiante \u00e9lev\u00e9e, jusqu&rsquo;\u00e0 42 \u00b0C, est maintenue. Gr\u00e2ce \u00e0 des \u00e9changeurs surdimensionn\u00e9s et \u00e0 des composants adapt\u00e9s, ces appareils offrent une plage de fonctionnement \u00e9tendue. Leur encombrement r\u00e9duit permet une int\u00e9gration m\u00eame dans des espaces restreints.<br \/>\nLa s\u00e9rie se compose de 5 mod\u00e8les et couvre une plage de capacit\u00e9 de 30 \u00e0 140 l\/24 h.<br \/>\nSondes de temp\u00e9rature et d&rsquo;humidit\u00e9 disponibles en accessoires sur demande.<\/p>\n<\/div>\n<\/div>\n<div class=\"elementor-element elementor-element-427e8a79 e-flex e-con-boxed e-con e-child\" data-id=\"427e8a79\" data-element_type=\"container\">\n<div class=\"e-con-inner\">\n<div class=\"elementor-element elementor-element-6e19ed90 hidebutton mc-bl elementor-align-left elementor-widget elementor-widget-button\" data-id=\"6e19ed90\" data-element_type=\"widget\" data-widget_type=\"button.default\">\n<div class=\"elementor-widget-container\">\n<div class=\"elementor-button-wrapper\"><a class=\"elementor-button elementor-button-link elementor-size-sm\" href=\"https:\/\/www.enextechnologies.com\/wp-content\/uploads\/2024\/09\/SBA-HT_ENG.pdf\" target=\"_blank\" rel=\"noopener\"><span class=\"elementor-button-content-wrapper\"><span class=\"elementor-button-text\">BROCHURE<\/span><\/span><\/a><\/div>\n<\/div>\n<\/div>\n<\/div>\n<\/div>\n","protected":false},"excerpt":{"rendered":"<p>Capacit\u00e9 de d\u00e9shumidification de 20 l\/24 h \u00e0 187 l\/24 h<br \/>\nD\u00e9bit d&rsquo;air de 500 m\u00b3\/h \u00e0 1500 m\u00b3\/h<\/p>\n","protected":false},"featured_media":35322,"template":"","meta":[],"product_brand":[],"product_cat":[682,1723],"product_tag":[],"class_list":{"0":"post-35327","1":"product","2":"type-product","3":"status-publish","4":"has-post-thumbnail","6":"product_cat-climatiseurs-fr-industriels","7":"product_cat-deshumidificateur-fr","9":"first","10":"instock","11":"shipping-taxable","12":"product-type-simple"},"yoast_head":"<!-- This site is optimized with the Yoast SEO plugin v27.1.1 - https:\/\/yoast.com\/product\/yoast-seo-wordpress\/ -->\n<title>SBA HT D\u00e9shumidificateurs de piscine pour temp\u00e9ratures ambiantes \u00e9lev\u00e9es - GeoClimate.ge<\/title>\n<meta name=\"robots\" content=\"index, follow, max-snippet:-1, max-image-preview:large, max-video-preview:-1\" \/>\n<link rel=\"canonical\" href=\"https:\/\/geoclimate.ge\/fr\/produit\/sba-ht-swimming-pool-dehumidifiers-for-high-ambient-temperature\/\" \/>\n<meta property=\"og:locale\" content=\"fr_FR\" \/>\n<meta property=\"og:type\" content=\"article\" \/>\n<meta property=\"og:title\" content=\"SBA HT D\u00e9shumidificateurs de piscine pour temp\u00e9ratures ambiantes \u00e9lev\u00e9es - GeoClimate.ge\" \/>\n<meta property=\"og:description\" content=\"Capacit\u00e9 de d\u00e9shumidification de 20 l\/24 h \u00e0 187 l\/24 h D\u00e9bit d&#039;air de 500 m\u00b3\/h \u00e0 1500 m\u00b3\/h\" \/>\n<meta property=\"og:url\" content=\"https:\/\/geoclimate.ge\/fr\/produit\/sba-ht-swimming-pool-dehumidifiers-for-high-ambient-temperature\/\" \/>\n<meta property=\"og:site_name\" content=\"GeoClimate.ge\" \/>\n<meta property=\"article:modified_time\" content=\"2025-06-10T08:06:30+00:00\" \/>\n<meta property=\"og:image\" content=\"https:\/\/geoclimate.ge\/wp-content\/uploads\/2025\/06\/SBA.png\" \/>\n\t<meta property=\"og:image:width\" content=\"1880\" \/>\n\t<meta property=\"og:image:height\" content=\"1812\" \/>\n\t<meta property=\"og:image:type\" content=\"image\/png\" \/>\n<meta name=\"twitter:card\" content=\"summary_large_image\" \/>\n<meta name=\"twitter:label1\" content=\"Dur\u00e9e de lecture estim\u00e9e\" \/>\n\t<meta name=\"twitter:data1\" content=\"1 minute\" \/>\n<script type=\"application\/ld+json\" class=\"yoast-schema-graph\">{\"@context\":\"https:\/\/schema.org\",\"@graph\":[{\"@type\":\"WebPage\",\"@id\":\"https:\/\/geoclimate.ge\/fr\/produit\/sba-ht-swimming-pool-dehumidifiers-for-high-ambient-temperature\/\",\"url\":\"https:\/\/geoclimate.ge\/fr\/produit\/sba-ht-swimming-pool-dehumidifiers-for-high-ambient-temperature\/\",\"name\":\"SBA HT D\u00e9shumidificateurs de piscine pour temp\u00e9ratures ambiantes \u00e9lev\u00e9es - GeoClimate.ge\",\"isPartOf\":{\"@id\":\"https:\/\/geoclimate.ge\/#website\"},\"primaryImageOfPage\":{\"@id\":\"https:\/\/geoclimate.ge\/fr\/produit\/sba-ht-swimming-pool-dehumidifiers-for-high-ambient-temperature\/#primaryimage\"},\"image\":{\"@id\":\"https:\/\/geoclimate.ge\/fr\/produit\/sba-ht-swimming-pool-dehumidifiers-for-high-ambient-temperature\/#primaryimage\"},\"thumbnailUrl\":\"https:\/\/geoclimate.ge\/wp-content\/uploads\/2025\/06\/SBA.png\",\"datePublished\":\"2025-06-10T08:03:30+00:00\",\"dateModified\":\"2025-06-10T08:06:30+00:00\",\"breadcrumb\":{\"@id\":\"https:\/\/geoclimate.ge\/fr\/produit\/sba-ht-swimming-pool-dehumidifiers-for-high-ambient-temperature\/#breadcrumb\"},\"inLanguage\":\"fr-FR\",\"potentialAction\":[{\"@type\":\"ReadAction\",\"target\":[\"https:\/\/geoclimate.ge\/fr\/produit\/sba-ht-swimming-pool-dehumidifiers-for-high-ambient-temperature\/\"]}]},{\"@type\":\"ImageObject\",\"inLanguage\":\"fr-FR\",\"@id\":\"https:\/\/geoclimate.ge\/fr\/produit\/sba-ht-swimming-pool-dehumidifiers-for-high-ambient-temperature\/#primaryimage\",\"url\":\"https:\/\/geoclimate.ge\/wp-content\/uploads\/2025\/06\/SBA.png\",\"contentUrl\":\"https:\/\/geoclimate.ge\/wp-content\/uploads\/2025\/06\/SBA.png\",\"width\":1880,\"height\":1812},{\"@type\":\"BreadcrumbList\",\"@id\":\"https:\/\/geoclimate.ge\/fr\/produit\/sba-ht-swimming-pool-dehumidifiers-for-high-ambient-temperature\/#breadcrumb\",\"itemListElement\":[{\"@type\":\"ListItem\",\"position\":1,\"name\":\"Home\",\"item\":\"https:\/\/geoclimate.ge\/fr\/\"},{\"@type\":\"ListItem\",\"position\":2,\"name\":\"Products\",\"item\":\"https:\/\/geoclimate.ge\/fr\/products\/\"},{\"@type\":\"ListItem\",\"position\":3,\"name\":\"SBA HT D\u00e9shumidificateurs de piscine pour temp\u00e9ratures ambiantes \u00e9lev\u00e9es\"}]},{\"@type\":\"WebSite\",\"@id\":\"https:\/\/geoclimate.ge\/#website\",\"url\":\"https:\/\/geoclimate.ge\/\",\"name\":\"GeoClimate\",\"description\":\"\",\"publisher\":{\"@id\":\"https:\/\/geoclimate.ge\/#organization\"},\"potentialAction\":[{\"@type\":\"SearchAction\",\"target\":{\"@type\":\"EntryPoint\",\"urlTemplate\":\"https:\/\/geoclimate.ge\/?s={search_term_string}\"},\"query-input\":{\"@type\":\"PropertyValueSpecification\",\"valueRequired\":true,\"valueName\":\"search_term_string\"}}],\"inLanguage\":\"fr-FR\"},{\"@type\":\"Organization\",\"@id\":\"https:\/\/geoclimate.ge\/#organization\",\"name\":\"GeoClimate\",\"url\":\"https:\/\/geoclimate.ge\/\",\"logo\":{\"@type\":\"ImageObject\",\"inLanguage\":\"fr-FR\",\"@id\":\"https:\/\/geoclimate.ge\/#\/schema\/logo\/image\/\",\"url\":\"https:\/\/geoclimate.ge\/wp-content\/uploads\/2026\/03\/geoclimate-SEO.png\",\"contentUrl\":\"https:\/\/geoclimate.ge\/wp-content\/uploads\/2026\/03\/geoclimate-SEO.png\",\"width\":1536,\"height\":1024,\"caption\":\"GeoClimate\"},\"image\":{\"@id\":\"https:\/\/geoclimate.ge\/#\/schema\/logo\/image\/\"}}]}<\/script>\n<!-- \/ Yoast SEO plugin. -->","yoast_head_json":{"title":"SBA HT D\u00e9shumidificateurs de piscine pour temp\u00e9ratures ambiantes \u00e9lev\u00e9es - GeoClimate.ge","robots":{"index":"index","follow":"follow","max-snippet":"max-snippet:-1","max-image-preview":"max-image-preview:large","max-video-preview":"max-video-preview:-1"},"canonical":"https:\/\/geoclimate.ge\/fr\/produit\/sba-ht-swimming-pool-dehumidifiers-for-high-ambient-temperature\/","og_locale":"fr_FR","og_type":"article","og_title":"SBA HT D\u00e9shumidificateurs de piscine pour temp\u00e9ratures ambiantes \u00e9lev\u00e9es - GeoClimate.ge","og_description":"Capacit\u00e9 de d\u00e9shumidification de 20 l\/24 h \u00e0 187 l\/24 h D\u00e9bit d'air de 500 m\u00b3\/h \u00e0 1500 m\u00b3\/h","og_url":"https:\/\/geoclimate.ge\/fr\/produit\/sba-ht-swimming-pool-dehumidifiers-for-high-ambient-temperature\/","og_site_name":"GeoClimate.ge","article_modified_time":"2025-06-10T08:06:30+00:00","og_image":[{"width":1880,"height":1812,"url":"https:\/\/geoclimate.ge\/wp-content\/uploads\/2025\/06\/SBA.png","type":"image\/png"}],"twitter_card":"summary_large_image","twitter_misc":{"Dur\u00e9e de lecture estim\u00e9e":"1 minute"},"schema":{"@context":"https:\/\/schema.org","@graph":[{"@type":"WebPage","@id":"https:\/\/geoclimate.ge\/fr\/produit\/sba-ht-swimming-pool-dehumidifiers-for-high-ambient-temperature\/","url":"https:\/\/geoclimate.ge\/fr\/produit\/sba-ht-swimming-pool-dehumidifiers-for-high-ambient-temperature\/","name":"SBA HT D\u00e9shumidificateurs de piscine pour temp\u00e9ratures ambiantes \u00e9lev\u00e9es - GeoClimate.ge","isPartOf":{"@id":"https:\/\/geoclimate.ge\/#website"},"primaryImageOfPage":{"@id":"https:\/\/geoclimate.ge\/fr\/produit\/sba-ht-swimming-pool-dehumidifiers-for-high-ambient-temperature\/#primaryimage"},"image":{"@id":"https:\/\/geoclimate.ge\/fr\/produit\/sba-ht-swimming-pool-dehumidifiers-for-high-ambient-temperature\/#primaryimage"},"thumbnailUrl":"https:\/\/geoclimate.ge\/wp-content\/uploads\/2025\/06\/SBA.png","datePublished":"2025-06-10T08:03:30+00:00","dateModified":"2025-06-10T08:06:30+00:00","breadcrumb":{"@id":"https:\/\/geoclimate.ge\/fr\/produit\/sba-ht-swimming-pool-dehumidifiers-for-high-ambient-temperature\/#breadcrumb"},"inLanguage":"fr-FR","potentialAction":[{"@type":"ReadAction","target":["https:\/\/geoclimate.ge\/fr\/produit\/sba-ht-swimming-pool-dehumidifiers-for-high-ambient-temperature\/"]}]},{"@type":"ImageObject","inLanguage":"fr-FR","@id":"https:\/\/geoclimate.ge\/fr\/produit\/sba-ht-swimming-pool-dehumidifiers-for-high-ambient-temperature\/#primaryimage","url":"https:\/\/geoclimate.ge\/wp-content\/uploads\/2025\/06\/SBA.png","contentUrl":"https:\/\/geoclimate.ge\/wp-content\/uploads\/2025\/06\/SBA.png","width":1880,"height":1812},{"@type":"BreadcrumbList","@id":"https:\/\/geoclimate.ge\/fr\/produit\/sba-ht-swimming-pool-dehumidifiers-for-high-ambient-temperature\/#breadcrumb","itemListElement":[{"@type":"ListItem","position":1,"name":"Home","item":"https:\/\/geoclimate.ge\/fr\/"},{"@type":"ListItem","position":2,"name":"Products","item":"https:\/\/geoclimate.ge\/fr\/products\/"},{"@type":"ListItem","position":3,"name":"SBA HT D\u00e9shumidificateurs de piscine pour temp\u00e9ratures ambiantes \u00e9lev\u00e9es"}]},{"@type":"WebSite","@id":"https:\/\/geoclimate.ge\/#website","url":"https:\/\/geoclimate.ge\/","name":"GeoClimate","description":"","publisher":{"@id":"https:\/\/geoclimate.ge\/#organization"},"potentialAction":[{"@type":"SearchAction","target":{"@type":"EntryPoint","urlTemplate":"https:\/\/geoclimate.ge\/?s={search_term_string}"},"query-input":{"@type":"PropertyValueSpecification","valueRequired":true,"valueName":"search_term_string"}}],"inLanguage":"fr-FR"},{"@type":"Organization","@id":"https:\/\/geoclimate.ge\/#organization","name":"GeoClimate","url":"https:\/\/geoclimate.ge\/","logo":{"@type":"ImageObject","inLanguage":"fr-FR","@id":"https:\/\/geoclimate.ge\/#\/schema\/logo\/image\/","url":"https:\/\/geoclimate.ge\/wp-content\/uploads\/2026\/03\/geoclimate-SEO.png","contentUrl":"https:\/\/geoclimate.ge\/wp-content\/uploads\/2026\/03\/geoclimate-SEO.png","width":1536,"height":1024,"caption":"GeoClimate"},"image":{"@id":"https:\/\/geoclimate.ge\/#\/schema\/logo\/image\/"}}]}},"_links":{"self":[{"href":"https:\/\/geoclimate.ge\/fr\/wp-json\/wp\/v2\/product\/35327","targetHints":{"allow":["GET"]}}],"collection":[{"href":"https:\/\/geoclimate.ge\/fr\/wp-json\/wp\/v2\/product"}],"about":[{"href":"https:\/\/geoclimate.ge\/fr\/wp-json\/wp\/v2\/types\/product"}],"wp:featuredmedia":[{"embeddable":true,"href":"https:\/\/geoclimate.ge\/fr\/wp-json\/wp\/v2\/media\/35322"}],"wp:attachment":[{"href":"https:\/\/geoclimate.ge\/fr\/wp-json\/wp\/v2\/media?parent=35327"}],"wp:term":[{"taxonomy":"product_brand","embeddable":true,"href":"https:\/\/geoclimate.ge\/fr\/wp-json\/wp\/v2\/product_brand?post=35327"},{"taxonomy":"product_cat","embeddable":true,"href":"https:\/\/geoclimate.ge\/fr\/wp-json\/wp\/v2\/product_cat?post=35327"},{"taxonomy":"product_tag","embeddable":true,"href":"https:\/\/geoclimate.ge\/fr\/wp-json\/wp\/v2\/product_tag?post=35327"}],"curies":[{"name":"wp","href":"https:\/\/api.w.org\/{rel}","templated":true}]}}