{"id":35419,"date":"2025-06-10T12:49:34","date_gmt":"2025-06-10T08:49:34","guid":{"rendered":"https:\/\/airsystems.ge\/shop\/product\/uta-uta-z-energy-recovery-high-efficiency-dehumidifiers\/"},"modified":"2025-06-10T12:53:47","modified_gmt":"2025-06-10T08:53:47","slug":"uta-uta-z-energy-recovery-high-efficiency-dehumidifiers","status":"publish","type":"product","link":"https:\/\/geoclimate.ge\/fr\/produit\/uta-uta-z-energy-recovery-high-efficiency-dehumidifiers\/","title":{"rendered":"UTA \u2013 UTA Z D\u00e9shumidificateurs haute efficacit\u00e9 \u00e0 r\u00e9cup\u00e9ration d&rsquo;\u00e9nergie"},"content":{"rendered":"<div class=\"elementor-element elementor-element-70da8153 elementor-widget elementor-widget-theme-page-title elementor-page-title elementor-widget-heading\" data-id=\"70da8153\" data-element_type=\"widget\" data-widget_type=\"theme-page-title.default\">\n<div class=\"elementor-widget-container\">\n<p>La gamme UTA de d\u00e9shumidificateurs haute efficacit\u00e9 \u00e0 r\u00e9cup\u00e9ration d&rsquo;\u00e9nergie a \u00e9t\u00e9 con\u00e7ue pour garantir un contr\u00f4le complet de la temp\u00e9rature, de l&rsquo;humidit\u00e9, la r\u00e9cup\u00e9ration d&rsquo;\u00e9nergie et le traitement de l&rsquo;air neuf dans les piscines couvertes ou autres applications \u00e0 tr\u00e8s fortes charges internes. Les unit\u00e9s UTA \u200b\u200bpeuvent fonctionner jusqu&rsquo;\u00e0 36 \u00b0C et g\u00e9rer jusqu&rsquo;\u00e0 40 % d&rsquo;air neuf.<br \/>\nLa gamme comprend 7 mod\u00e8les, couvrant des d\u00e9bits d&rsquo;air de 1\u00a0500 \u00e0 6\u00a0000 m\u00b3\/h.<br \/>\nL&rsquo;utilisation de la r\u00e9cup\u00e9ration d&rsquo;\u00e9nergie \u00e0 double passage et \u00e0 flux crois\u00e9s permet d&rsquo;augmenter jusqu&rsquo;\u00e0 30 % la capacit\u00e9 de d\u00e9shumidification par rapport aux d\u00e9shumidificateurs traditionnels.<br \/>\nL&rsquo;utilisation du double passage dans la r\u00e9cup\u00e9ration d&rsquo;\u00e9nergie permet en effet un pr\u00e9-refroidissement libre et sensible de l&rsquo;air \u00e0 proximit\u00e9 du point de saturation, permettant ainsi \u00e0 l&rsquo;unit\u00e9 de fonctionner en charge latente.<\/p>\n<\/div>\n<\/div>\n<div class=\"elementor-element elementor-element-427e8a79 e-flex e-con-boxed e-con e-child\" data-id=\"427e8a79\" data-element_type=\"container\">\n<div class=\"e-con-inner\">\n<div class=\"elementor-element elementor-element-6e19ed90 hidebutton mc-bl elementor-align-left elementor-widget elementor-widget-button\" data-id=\"6e19ed90\" data-element_type=\"widget\" data-widget_type=\"button.default\">\n<div class=\"elementor-widget-container\">\n<div class=\"elementor-button-wrapper\"><a class=\"elementor-button elementor-button-link elementor-size-sm\" href=\"https:\/\/www.enextechnologies.com\/wp-content\/uploads\/2025\/03\/UTA-UTAZ_ENG.pdf\" target=\"_blank\" rel=\"noopener\"><span class=\"elementor-button-content-wrapper\"><span class=\"elementor-button-text\">BROCHURE<\/span><\/span><\/a><\/div>\n<\/div>\n<\/div>\n<\/div>\n<\/div>\n","protected":false},"excerpt":{"rendered":"<div class=\"elementor-element elementor-element-f80f489 elementor-widget elementor-widget-heading\" data-id=\"f80f489\" data-element_type=\"widget\" data-widget_type=\"heading.default\">\n<div class=\"elementor-widget-container\">\n<div class=\"elementor-heading-title elementor-size-default\">Capacit\u00e9 de d\u00e9shumidification de 132 l\/24 h \u00e0 910 l\/24 h<br \/>\nD\u00e9bit d&rsquo;air de 1\u00a0500 m\u00b3\/h \u00e0 6\u00a0000 m\u00b3\/h<\/div>\n<\/div>\n<\/div>\n","protected":false},"featured_media":35414,"template":"","meta":[],"product_brand":[],"product_cat":[682,1723],"product_tag":[],"class_list":{"0":"post-35419","1":"product","2":"type-product","3":"status-publish","4":"has-post-thumbnail","6":"product_cat-climatiseurs-fr-industriels","7":"product_cat-deshumidificateur-fr","9":"first","10":"instock","11":"shipping-taxable","12":"product-type-simple"},"yoast_head":"<!-- This site is optimized with the Yoast SEO plugin v27.1.1 - https:\/\/yoast.com\/product\/yoast-seo-wordpress\/ -->\n<title>UTA \u2013 UTA Z D\u00e9shumidificateurs haute efficacit\u00e9 \u00e0 r\u00e9cup\u00e9ration d&#039;\u00e9nergie - GeoClimate.ge<\/title>\n<meta name=\"robots\" content=\"index, follow, max-snippet:-1, max-image-preview:large, max-video-preview:-1\" \/>\n<link rel=\"canonical\" href=\"https:\/\/geoclimate.ge\/fr\/produit\/uta-uta-z-energy-recovery-high-efficiency-dehumidifiers\/\" \/>\n<meta property=\"og:locale\" content=\"fr_FR\" \/>\n<meta property=\"og:type\" content=\"article\" \/>\n<meta property=\"og:title\" content=\"UTA \u2013 UTA Z D\u00e9shumidificateurs haute efficacit\u00e9 \u00e0 r\u00e9cup\u00e9ration d&#039;\u00e9nergie - GeoClimate.ge\" \/>\n<meta property=\"og:description\" content=\"Capacit\u00e9 de d\u00e9shumidification de 132 l\/24 h \u00e0 910 l\/24 h D\u00e9bit d&#039;air de 1\u00a0500 m\u00b3\/h \u00e0 6\u00a0000 m\u00b3\/h\" \/>\n<meta property=\"og:url\" content=\"https:\/\/geoclimate.ge\/fr\/produit\/uta-uta-z-energy-recovery-high-efficiency-dehumidifiers\/\" \/>\n<meta property=\"og:site_name\" content=\"GeoClimate.ge\" \/>\n<meta property=\"article:modified_time\" content=\"2025-06-10T08:53:47+00:00\" \/>\n<meta property=\"og:image\" content=\"https:\/\/geoclimate.ge\/wp-content\/uploads\/2025\/06\/UTA.jpg\" \/>\n\t<meta property=\"og:image:width\" content=\"1886\" \/>\n\t<meta property=\"og:image:height\" content=\"1855\" \/>\n\t<meta property=\"og:image:type\" content=\"image\/jpeg\" \/>\n<meta name=\"twitter:card\" content=\"summary_large_image\" \/>\n<meta name=\"twitter:label1\" content=\"Dur\u00e9e de lecture estim\u00e9e\" \/>\n\t<meta name=\"twitter:data1\" content=\"1 minute\" \/>\n<script type=\"application\/ld+json\" class=\"yoast-schema-graph\">{\"@context\":\"https:\/\/schema.org\",\"@graph\":[{\"@type\":\"WebPage\",\"@id\":\"https:\/\/geoclimate.ge\/fr\/produit\/uta-uta-z-energy-recovery-high-efficiency-dehumidifiers\/\",\"url\":\"https:\/\/geoclimate.ge\/fr\/produit\/uta-uta-z-energy-recovery-high-efficiency-dehumidifiers\/\",\"name\":\"UTA \u2013 UTA Z D\u00e9shumidificateurs haute efficacit\u00e9 \u00e0 r\u00e9cup\u00e9ration d'\u00e9nergie - GeoClimate.ge\",\"isPartOf\":{\"@id\":\"https:\/\/geoclimate.ge\/#website\"},\"primaryImageOfPage\":{\"@id\":\"https:\/\/geoclimate.ge\/fr\/produit\/uta-uta-z-energy-recovery-high-efficiency-dehumidifiers\/#primaryimage\"},\"image\":{\"@id\":\"https:\/\/geoclimate.ge\/fr\/produit\/uta-uta-z-energy-recovery-high-efficiency-dehumidifiers\/#primaryimage\"},\"thumbnailUrl\":\"https:\/\/geoclimate.ge\/wp-content\/uploads\/2025\/06\/UTA.jpg\",\"datePublished\":\"2025-06-10T08:49:34+00:00\",\"dateModified\":\"2025-06-10T08:53:47+00:00\",\"breadcrumb\":{\"@id\":\"https:\/\/geoclimate.ge\/fr\/produit\/uta-uta-z-energy-recovery-high-efficiency-dehumidifiers\/#breadcrumb\"},\"inLanguage\":\"fr-FR\",\"potentialAction\":[{\"@type\":\"ReadAction\",\"target\":[\"https:\/\/geoclimate.ge\/fr\/produit\/uta-uta-z-energy-recovery-high-efficiency-dehumidifiers\/\"]}]},{\"@type\":\"ImageObject\",\"inLanguage\":\"fr-FR\",\"@id\":\"https:\/\/geoclimate.ge\/fr\/produit\/uta-uta-z-energy-recovery-high-efficiency-dehumidifiers\/#primaryimage\",\"url\":\"https:\/\/geoclimate.ge\/wp-content\/uploads\/2025\/06\/UTA.jpg\",\"contentUrl\":\"https:\/\/geoclimate.ge\/wp-content\/uploads\/2025\/06\/UTA.jpg\",\"width\":1886,\"height\":1855},{\"@type\":\"BreadcrumbList\",\"@id\":\"https:\/\/geoclimate.ge\/fr\/produit\/uta-uta-z-energy-recovery-high-efficiency-dehumidifiers\/#breadcrumb\",\"itemListElement\":[{\"@type\":\"ListItem\",\"position\":1,\"name\":\"Home\",\"item\":\"https:\/\/geoclimate.ge\/fr\/\"},{\"@type\":\"ListItem\",\"position\":2,\"name\":\"Products\",\"item\":\"https:\/\/geoclimate.ge\/fr\/products\/\"},{\"@type\":\"ListItem\",\"position\":3,\"name\":\"UTA \u2013 UTA Z D\u00e9shumidificateurs haute efficacit\u00e9 \u00e0 r\u00e9cup\u00e9ration d&#8217;\u00e9nergie\"}]},{\"@type\":\"WebSite\",\"@id\":\"https:\/\/geoclimate.ge\/#website\",\"url\":\"https:\/\/geoclimate.ge\/\",\"name\":\"GeoClimate\",\"description\":\"\",\"publisher\":{\"@id\":\"https:\/\/geoclimate.ge\/#organization\"},\"potentialAction\":[{\"@type\":\"SearchAction\",\"target\":{\"@type\":\"EntryPoint\",\"urlTemplate\":\"https:\/\/geoclimate.ge\/?s={search_term_string}\"},\"query-input\":{\"@type\":\"PropertyValueSpecification\",\"valueRequired\":true,\"valueName\":\"search_term_string\"}}],\"inLanguage\":\"fr-FR\"},{\"@type\":\"Organization\",\"@id\":\"https:\/\/geoclimate.ge\/#organization\",\"name\":\"GeoClimate\",\"url\":\"https:\/\/geoclimate.ge\/\",\"logo\":{\"@type\":\"ImageObject\",\"inLanguage\":\"fr-FR\",\"@id\":\"https:\/\/geoclimate.ge\/#\/schema\/logo\/image\/\",\"url\":\"https:\/\/geoclimate.ge\/wp-content\/uploads\/2026\/03\/geoclimate-SEO.png\",\"contentUrl\":\"https:\/\/geoclimate.ge\/wp-content\/uploads\/2026\/03\/geoclimate-SEO.png\",\"width\":1536,\"height\":1024,\"caption\":\"GeoClimate\"},\"image\":{\"@id\":\"https:\/\/geoclimate.ge\/#\/schema\/logo\/image\/\"}}]}<\/script>\n<!-- \/ Yoast SEO plugin. -->","yoast_head_json":{"title":"UTA \u2013 UTA Z D\u00e9shumidificateurs haute efficacit\u00e9 \u00e0 r\u00e9cup\u00e9ration d'\u00e9nergie - GeoClimate.ge","robots":{"index":"index","follow":"follow","max-snippet":"max-snippet:-1","max-image-preview":"max-image-preview:large","max-video-preview":"max-video-preview:-1"},"canonical":"https:\/\/geoclimate.ge\/fr\/produit\/uta-uta-z-energy-recovery-high-efficiency-dehumidifiers\/","og_locale":"fr_FR","og_type":"article","og_title":"UTA \u2013 UTA Z D\u00e9shumidificateurs haute efficacit\u00e9 \u00e0 r\u00e9cup\u00e9ration d'\u00e9nergie - GeoClimate.ge","og_description":"Capacit\u00e9 de d\u00e9shumidification de 132 l\/24 h \u00e0 910 l\/24 h D\u00e9bit d'air de 1\u00a0500 m\u00b3\/h \u00e0 6\u00a0000 m\u00b3\/h","og_url":"https:\/\/geoclimate.ge\/fr\/produit\/uta-uta-z-energy-recovery-high-efficiency-dehumidifiers\/","og_site_name":"GeoClimate.ge","article_modified_time":"2025-06-10T08:53:47+00:00","og_image":[{"width":1886,"height":1855,"url":"https:\/\/geoclimate.ge\/wp-content\/uploads\/2025\/06\/UTA.jpg","type":"image\/jpeg"}],"twitter_card":"summary_large_image","twitter_misc":{"Dur\u00e9e de lecture estim\u00e9e":"1 minute"},"schema":{"@context":"https:\/\/schema.org","@graph":[{"@type":"WebPage","@id":"https:\/\/geoclimate.ge\/fr\/produit\/uta-uta-z-energy-recovery-high-efficiency-dehumidifiers\/","url":"https:\/\/geoclimate.ge\/fr\/produit\/uta-uta-z-energy-recovery-high-efficiency-dehumidifiers\/","name":"UTA \u2013 UTA Z D\u00e9shumidificateurs haute efficacit\u00e9 \u00e0 r\u00e9cup\u00e9ration d'\u00e9nergie - GeoClimate.ge","isPartOf":{"@id":"https:\/\/geoclimate.ge\/#website"},"primaryImageOfPage":{"@id":"https:\/\/geoclimate.ge\/fr\/produit\/uta-uta-z-energy-recovery-high-efficiency-dehumidifiers\/#primaryimage"},"image":{"@id":"https:\/\/geoclimate.ge\/fr\/produit\/uta-uta-z-energy-recovery-high-efficiency-dehumidifiers\/#primaryimage"},"thumbnailUrl":"https:\/\/geoclimate.ge\/wp-content\/uploads\/2025\/06\/UTA.jpg","datePublished":"2025-06-10T08:49:34+00:00","dateModified":"2025-06-10T08:53:47+00:00","breadcrumb":{"@id":"https:\/\/geoclimate.ge\/fr\/produit\/uta-uta-z-energy-recovery-high-efficiency-dehumidifiers\/#breadcrumb"},"inLanguage":"fr-FR","potentialAction":[{"@type":"ReadAction","target":["https:\/\/geoclimate.ge\/fr\/produit\/uta-uta-z-energy-recovery-high-efficiency-dehumidifiers\/"]}]},{"@type":"ImageObject","inLanguage":"fr-FR","@id":"https:\/\/geoclimate.ge\/fr\/produit\/uta-uta-z-energy-recovery-high-efficiency-dehumidifiers\/#primaryimage","url":"https:\/\/geoclimate.ge\/wp-content\/uploads\/2025\/06\/UTA.jpg","contentUrl":"https:\/\/geoclimate.ge\/wp-content\/uploads\/2025\/06\/UTA.jpg","width":1886,"height":1855},{"@type":"BreadcrumbList","@id":"https:\/\/geoclimate.ge\/fr\/produit\/uta-uta-z-energy-recovery-high-efficiency-dehumidifiers\/#breadcrumb","itemListElement":[{"@type":"ListItem","position":1,"name":"Home","item":"https:\/\/geoclimate.ge\/fr\/"},{"@type":"ListItem","position":2,"name":"Products","item":"https:\/\/geoclimate.ge\/fr\/products\/"},{"@type":"ListItem","position":3,"name":"UTA \u2013 UTA Z D\u00e9shumidificateurs haute efficacit\u00e9 \u00e0 r\u00e9cup\u00e9ration d&#8217;\u00e9nergie"}]},{"@type":"WebSite","@id":"https:\/\/geoclimate.ge\/#website","url":"https:\/\/geoclimate.ge\/","name":"GeoClimate","description":"","publisher":{"@id":"https:\/\/geoclimate.ge\/#organization"},"potentialAction":[{"@type":"SearchAction","target":{"@type":"EntryPoint","urlTemplate":"https:\/\/geoclimate.ge\/?s={search_term_string}"},"query-input":{"@type":"PropertyValueSpecification","valueRequired":true,"valueName":"search_term_string"}}],"inLanguage":"fr-FR"},{"@type":"Organization","@id":"https:\/\/geoclimate.ge\/#organization","name":"GeoClimate","url":"https:\/\/geoclimate.ge\/","logo":{"@type":"ImageObject","inLanguage":"fr-FR","@id":"https:\/\/geoclimate.ge\/#\/schema\/logo\/image\/","url":"https:\/\/geoclimate.ge\/wp-content\/uploads\/2026\/03\/geoclimate-SEO.png","contentUrl":"https:\/\/geoclimate.ge\/wp-content\/uploads\/2026\/03\/geoclimate-SEO.png","width":1536,"height":1024,"caption":"GeoClimate"},"image":{"@id":"https:\/\/geoclimate.ge\/#\/schema\/logo\/image\/"}}]}},"_links":{"self":[{"href":"https:\/\/geoclimate.ge\/fr\/wp-json\/wp\/v2\/product\/35419","targetHints":{"allow":["GET"]}}],"collection":[{"href":"https:\/\/geoclimate.ge\/fr\/wp-json\/wp\/v2\/product"}],"about":[{"href":"https:\/\/geoclimate.ge\/fr\/wp-json\/wp\/v2\/types\/product"}],"wp:featuredmedia":[{"embeddable":true,"href":"https:\/\/geoclimate.ge\/fr\/wp-json\/wp\/v2\/media\/35414"}],"wp:attachment":[{"href":"https:\/\/geoclimate.ge\/fr\/wp-json\/wp\/v2\/media?parent=35419"}],"wp:term":[{"taxonomy":"product_brand","embeddable":true,"href":"https:\/\/geoclimate.ge\/fr\/wp-json\/wp\/v2\/product_brand?post=35419"},{"taxonomy":"product_cat","embeddable":true,"href":"https:\/\/geoclimate.ge\/fr\/wp-json\/wp\/v2\/product_cat?post=35419"},{"taxonomy":"product_tag","embeddable":true,"href":"https:\/\/geoclimate.ge\/fr\/wp-json\/wp\/v2\/product_tag?post=35419"}],"curies":[{"name":"wp","href":"https:\/\/api.w.org\/{rel}","templated":true}]}}