{"id":35470,"date":"2025-06-10T13:13:55","date_gmt":"2025-06-10T09:13:55","guid":{"rendered":"https:\/\/airsystems.ge\/shop\/product\/fh-gh-dehumidifiers-for-radiant-cooling-systems\/"},"modified":"2025-06-10T13:27:37","modified_gmt":"2025-06-10T09:27:37","slug":"fh-gh-dehumidifiers-for-radiant-cooling-systems","status":"publish","type":"product","link":"https:\/\/geoclimate.ge\/fr\/produit\/fh-gh-dehumidifiers-for-radiant-cooling-systems\/","title":{"rendered":"FH \u2013 GH D\u00e9shumidificateurs pour syst\u00e8mes de refroidissement radiant"},"content":{"rendered":"<div class=\"elementor-element elementor-element-70da8153 elementor-widget elementor-widget-theme-page-title elementor-page-title elementor-widget-heading\" data-id=\"70da8153\" data-element_type=\"widget\" data-widget_type=\"theme-page-title.default\">\n<div class=\"elementor-widget-container\">\n<p>Les d\u00e9shumidificateurs des s\u00e9ries FH et GH sont des appareils hautes performances, dot\u00e9s d&rsquo;un ch\u00e2ssis robuste en acier galvanis\u00e9, sp\u00e9cialement con\u00e7us pour fonctionner en combinaison avec des syst\u00e8mes de refroidissement radiant. Les unit\u00e9s FH sont con\u00e7ues pour une installation murale, tandis que les unit\u00e9s GH conviennent aux faux plafonds et aux installations gainables. Toutes les unit\u00e9s sont \u00e9quip\u00e9es d&rsquo;un filtre \u00e0 air, d&rsquo;un bac de r\u00e9cup\u00e9ration des condensats en acier inoxydable et d&rsquo;une commande par microprocesseur int\u00e9gr\u00e9e. Elles sont \u00e9galement \u00e9quip\u00e9es de s\u00e9rie de batteries de pr\u00e9- et post-refroidissement pour optimiser les performances et r\u00e9guler la temp\u00e9rature de l&rsquo;air souffl\u00e9. Les unit\u00e9s FH et GH peuvent fonctionner m\u00eame sans batteries de pr\u00e9- et post-refroidissement, une option tr\u00e8s utile en mi-saison, lorsqu&rsquo;il est n\u00e9cessaire de s\u00e9cher l&rsquo;air alors que le syst\u00e8me de climatisation est \u00e0 l&rsquo;arr\u00eat. Toutes les unit\u00e9s sont enti\u00e8rement assembl\u00e9es et c\u00e2bl\u00e9es en usine, soigneusement mises sous vide et s\u00e9ch\u00e9es, puis soumises \u00e0 des tests d&rsquo;\u00e9tanch\u00e9it\u00e9 sous pression. Elles sont ensuite charg\u00e9es de gaz r\u00e9frig\u00e9rants respectueux de l&rsquo;environnement. Elles sont enti\u00e8rement test\u00e9es avant exp\u00e9dition\u00a0; elles sont conformes aux directives europ\u00e9ennes et portent individuellement le marquage CE et la d\u00e9claration de conformit\u00e9.<\/p>\n<\/div>\n<\/div>\n<div class=\"elementor-element elementor-element-427e8a79 e-flex e-con-boxed e-con e-child\" data-id=\"427e8a79\" data-element_type=\"container\">\n<div class=\"e-con-inner\">\n<div class=\"elementor-element elementor-element-6e19ed90 hidebutton mc-bl elementor-align-left elementor-widget elementor-widget-button\" data-id=\"6e19ed90\" data-element_type=\"widget\" data-widget_type=\"button.default\">\n<div class=\"elementor-widget-container\">\n<div class=\"elementor-button-wrapper\"><a class=\"elementor-button elementor-button-link elementor-size-sm\" href=\"https:\/\/www.enextechnologies.com\/wp-content\/uploads\/2024\/09\/FH-GH_ENG.pdf\" target=\"_blank\" rel=\"noopener\"><span class=\"elementor-button-content-wrapper\"><span class=\"elementor-button-text\">BROCHURE<\/span><\/span><\/a><\/div>\n<\/div>\n<\/div>\n<\/div>\n<\/div>\n","protected":false},"excerpt":{"rendered":"<div class=\"elementor-element elementor-element-f80f489 elementor-widget elementor-widget-heading\" data-id=\"f80f489\" data-element_type=\"widget\" data-widget_type=\"heading.default\">\n<div class=\"elementor-widget-container\">\n<div class=\"elementor-heading-title elementor-size-default\">Capacit\u00e9 de d\u00e9shumidification de 20 l\/24 h \u00e0 164 l\/24 h<br \/>\nD\u00e9bit d&rsquo;air de 250 m\u00b3\/h \u00e0 1850 m\u00b3\/h<\/div>\n<\/div>\n<\/div>\n","protected":false},"featured_media":35464,"template":"","meta":[],"product_brand":[],"product_cat":[682,1723],"product_tag":[],"class_list":{"0":"post-35470","1":"product","2":"type-product","3":"status-publish","4":"has-post-thumbnail","6":"product_cat-climatiseurs-fr-industriels","7":"product_cat-deshumidificateur-fr","9":"first","10":"instock","11":"shipping-taxable","12":"product-type-simple"},"yoast_head":"<!-- This site is optimized with the Yoast SEO plugin v27.1.1 - https:\/\/yoast.com\/product\/yoast-seo-wordpress\/ -->\n<title>FH \u2013 GH D\u00e9shumidificateurs pour syst\u00e8mes de refroidissement radiant - GeoClimate.ge<\/title>\n<meta name=\"robots\" content=\"index, follow, max-snippet:-1, max-image-preview:large, max-video-preview:-1\" \/>\n<link rel=\"canonical\" href=\"https:\/\/geoclimate.ge\/fr\/produit\/fh-gh-dehumidifiers-for-radiant-cooling-systems\/\" \/>\n<meta property=\"og:locale\" content=\"fr_FR\" \/>\n<meta property=\"og:type\" content=\"article\" \/>\n<meta property=\"og:title\" content=\"FH \u2013 GH D\u00e9shumidificateurs pour syst\u00e8mes de refroidissement radiant - GeoClimate.ge\" \/>\n<meta property=\"og:description\" content=\"Capacit\u00e9 de d\u00e9shumidification de 20 l\/24 h \u00e0 164 l\/24 h D\u00e9bit d&#039;air de 250 m\u00b3\/h \u00e0 1850 m\u00b3\/h\" \/>\n<meta property=\"og:url\" content=\"https:\/\/geoclimate.ge\/fr\/produit\/fh-gh-dehumidifiers-for-radiant-cooling-systems\/\" \/>\n<meta property=\"og:site_name\" content=\"GeoClimate.ge\" \/>\n<meta property=\"article:modified_time\" content=\"2025-06-10T09:27:37+00:00\" \/>\n<meta property=\"og:image\" content=\"https:\/\/geoclimate.ge\/wp-content\/uploads\/2025\/06\/FH-GH-scaled-1.jpg\" \/>\n\t<meta property=\"og:image:width\" content=\"2560\" \/>\n\t<meta property=\"og:image:height\" content=\"1399\" \/>\n\t<meta property=\"og:image:type\" content=\"image\/jpeg\" \/>\n<meta name=\"twitter:card\" content=\"summary_large_image\" \/>\n<meta name=\"twitter:label1\" content=\"Dur\u00e9e de lecture estim\u00e9e\" \/>\n\t<meta name=\"twitter:data1\" content=\"1 minute\" \/>\n<script type=\"application\/ld+json\" class=\"yoast-schema-graph\">{\"@context\":\"https:\/\/schema.org\",\"@graph\":[{\"@type\":\"WebPage\",\"@id\":\"https:\/\/geoclimate.ge\/fr\/produit\/fh-gh-dehumidifiers-for-radiant-cooling-systems\/\",\"url\":\"https:\/\/geoclimate.ge\/fr\/produit\/fh-gh-dehumidifiers-for-radiant-cooling-systems\/\",\"name\":\"FH \u2013 GH D\u00e9shumidificateurs pour syst\u00e8mes de refroidissement radiant - GeoClimate.ge\",\"isPartOf\":{\"@id\":\"https:\/\/geoclimate.ge\/#website\"},\"primaryImageOfPage\":{\"@id\":\"https:\/\/geoclimate.ge\/fr\/produit\/fh-gh-dehumidifiers-for-radiant-cooling-systems\/#primaryimage\"},\"image\":{\"@id\":\"https:\/\/geoclimate.ge\/fr\/produit\/fh-gh-dehumidifiers-for-radiant-cooling-systems\/#primaryimage\"},\"thumbnailUrl\":\"https:\/\/geoclimate.ge\/wp-content\/uploads\/2025\/06\/FH-GH-scaled-1.jpg\",\"datePublished\":\"2025-06-10T09:13:55+00:00\",\"dateModified\":\"2025-06-10T09:27:37+00:00\",\"breadcrumb\":{\"@id\":\"https:\/\/geoclimate.ge\/fr\/produit\/fh-gh-dehumidifiers-for-radiant-cooling-systems\/#breadcrumb\"},\"inLanguage\":\"fr-FR\",\"potentialAction\":[{\"@type\":\"ReadAction\",\"target\":[\"https:\/\/geoclimate.ge\/fr\/produit\/fh-gh-dehumidifiers-for-radiant-cooling-systems\/\"]}]},{\"@type\":\"ImageObject\",\"inLanguage\":\"fr-FR\",\"@id\":\"https:\/\/geoclimate.ge\/fr\/produit\/fh-gh-dehumidifiers-for-radiant-cooling-systems\/#primaryimage\",\"url\":\"https:\/\/geoclimate.ge\/wp-content\/uploads\/2025\/06\/FH-GH-scaled-1.jpg\",\"contentUrl\":\"https:\/\/geoclimate.ge\/wp-content\/uploads\/2025\/06\/FH-GH-scaled-1.jpg\",\"width\":2560,\"height\":1399},{\"@type\":\"BreadcrumbList\",\"@id\":\"https:\/\/geoclimate.ge\/fr\/produit\/fh-gh-dehumidifiers-for-radiant-cooling-systems\/#breadcrumb\",\"itemListElement\":[{\"@type\":\"ListItem\",\"position\":1,\"name\":\"Home\",\"item\":\"https:\/\/geoclimate.ge\/fr\/\"},{\"@type\":\"ListItem\",\"position\":2,\"name\":\"Products\",\"item\":\"https:\/\/geoclimate.ge\/fr\/products\/\"},{\"@type\":\"ListItem\",\"position\":3,\"name\":\"FH \u2013 GH D\u00e9shumidificateurs pour syst\u00e8mes de refroidissement radiant\"}]},{\"@type\":\"WebSite\",\"@id\":\"https:\/\/geoclimate.ge\/#website\",\"url\":\"https:\/\/geoclimate.ge\/\",\"name\":\"GeoClimate\",\"description\":\"\",\"publisher\":{\"@id\":\"https:\/\/geoclimate.ge\/#organization\"},\"potentialAction\":[{\"@type\":\"SearchAction\",\"target\":{\"@type\":\"EntryPoint\",\"urlTemplate\":\"https:\/\/geoclimate.ge\/?s={search_term_string}\"},\"query-input\":{\"@type\":\"PropertyValueSpecification\",\"valueRequired\":true,\"valueName\":\"search_term_string\"}}],\"inLanguage\":\"fr-FR\"},{\"@type\":\"Organization\",\"@id\":\"https:\/\/geoclimate.ge\/#organization\",\"name\":\"GeoClimate\",\"url\":\"https:\/\/geoclimate.ge\/\",\"logo\":{\"@type\":\"ImageObject\",\"inLanguage\":\"fr-FR\",\"@id\":\"https:\/\/geoclimate.ge\/#\/schema\/logo\/image\/\",\"url\":\"https:\/\/geoclimate.ge\/wp-content\/uploads\/2026\/03\/geoclimate-SEO.png\",\"contentUrl\":\"https:\/\/geoclimate.ge\/wp-content\/uploads\/2026\/03\/geoclimate-SEO.png\",\"width\":1536,\"height\":1024,\"caption\":\"GeoClimate\"},\"image\":{\"@id\":\"https:\/\/geoclimate.ge\/#\/schema\/logo\/image\/\"}}]}<\/script>\n<!-- \/ Yoast SEO plugin. -->","yoast_head_json":{"title":"FH \u2013 GH D\u00e9shumidificateurs pour syst\u00e8mes de refroidissement radiant - GeoClimate.ge","robots":{"index":"index","follow":"follow","max-snippet":"max-snippet:-1","max-image-preview":"max-image-preview:large","max-video-preview":"max-video-preview:-1"},"canonical":"https:\/\/geoclimate.ge\/fr\/produit\/fh-gh-dehumidifiers-for-radiant-cooling-systems\/","og_locale":"fr_FR","og_type":"article","og_title":"FH \u2013 GH D\u00e9shumidificateurs pour syst\u00e8mes de refroidissement radiant - GeoClimate.ge","og_description":"Capacit\u00e9 de d\u00e9shumidification de 20 l\/24 h \u00e0 164 l\/24 h D\u00e9bit d'air de 250 m\u00b3\/h \u00e0 1850 m\u00b3\/h","og_url":"https:\/\/geoclimate.ge\/fr\/produit\/fh-gh-dehumidifiers-for-radiant-cooling-systems\/","og_site_name":"GeoClimate.ge","article_modified_time":"2025-06-10T09:27:37+00:00","og_image":[{"width":2560,"height":1399,"url":"https:\/\/geoclimate.ge\/wp-content\/uploads\/2025\/06\/FH-GH-scaled-1.jpg","type":"image\/jpeg"}],"twitter_card":"summary_large_image","twitter_misc":{"Dur\u00e9e de lecture estim\u00e9e":"1 minute"},"schema":{"@context":"https:\/\/schema.org","@graph":[{"@type":"WebPage","@id":"https:\/\/geoclimate.ge\/fr\/produit\/fh-gh-dehumidifiers-for-radiant-cooling-systems\/","url":"https:\/\/geoclimate.ge\/fr\/produit\/fh-gh-dehumidifiers-for-radiant-cooling-systems\/","name":"FH \u2013 GH D\u00e9shumidificateurs pour syst\u00e8mes de refroidissement radiant - GeoClimate.ge","isPartOf":{"@id":"https:\/\/geoclimate.ge\/#website"},"primaryImageOfPage":{"@id":"https:\/\/geoclimate.ge\/fr\/produit\/fh-gh-dehumidifiers-for-radiant-cooling-systems\/#primaryimage"},"image":{"@id":"https:\/\/geoclimate.ge\/fr\/produit\/fh-gh-dehumidifiers-for-radiant-cooling-systems\/#primaryimage"},"thumbnailUrl":"https:\/\/geoclimate.ge\/wp-content\/uploads\/2025\/06\/FH-GH-scaled-1.jpg","datePublished":"2025-06-10T09:13:55+00:00","dateModified":"2025-06-10T09:27:37+00:00","breadcrumb":{"@id":"https:\/\/geoclimate.ge\/fr\/produit\/fh-gh-dehumidifiers-for-radiant-cooling-systems\/#breadcrumb"},"inLanguage":"fr-FR","potentialAction":[{"@type":"ReadAction","target":["https:\/\/geoclimate.ge\/fr\/produit\/fh-gh-dehumidifiers-for-radiant-cooling-systems\/"]}]},{"@type":"ImageObject","inLanguage":"fr-FR","@id":"https:\/\/geoclimate.ge\/fr\/produit\/fh-gh-dehumidifiers-for-radiant-cooling-systems\/#primaryimage","url":"https:\/\/geoclimate.ge\/wp-content\/uploads\/2025\/06\/FH-GH-scaled-1.jpg","contentUrl":"https:\/\/geoclimate.ge\/wp-content\/uploads\/2025\/06\/FH-GH-scaled-1.jpg","width":2560,"height":1399},{"@type":"BreadcrumbList","@id":"https:\/\/geoclimate.ge\/fr\/produit\/fh-gh-dehumidifiers-for-radiant-cooling-systems\/#breadcrumb","itemListElement":[{"@type":"ListItem","position":1,"name":"Home","item":"https:\/\/geoclimate.ge\/fr\/"},{"@type":"ListItem","position":2,"name":"Products","item":"https:\/\/geoclimate.ge\/fr\/products\/"},{"@type":"ListItem","position":3,"name":"FH \u2013 GH D\u00e9shumidificateurs pour syst\u00e8mes de refroidissement radiant"}]},{"@type":"WebSite","@id":"https:\/\/geoclimate.ge\/#website","url":"https:\/\/geoclimate.ge\/","name":"GeoClimate","description":"","publisher":{"@id":"https:\/\/geoclimate.ge\/#organization"},"potentialAction":[{"@type":"SearchAction","target":{"@type":"EntryPoint","urlTemplate":"https:\/\/geoclimate.ge\/?s={search_term_string}"},"query-input":{"@type":"PropertyValueSpecification","valueRequired":true,"valueName":"search_term_string"}}],"inLanguage":"fr-FR"},{"@type":"Organization","@id":"https:\/\/geoclimate.ge\/#organization","name":"GeoClimate","url":"https:\/\/geoclimate.ge\/","logo":{"@type":"ImageObject","inLanguage":"fr-FR","@id":"https:\/\/geoclimate.ge\/#\/schema\/logo\/image\/","url":"https:\/\/geoclimate.ge\/wp-content\/uploads\/2026\/03\/geoclimate-SEO.png","contentUrl":"https:\/\/geoclimate.ge\/wp-content\/uploads\/2026\/03\/geoclimate-SEO.png","width":1536,"height":1024,"caption":"GeoClimate"},"image":{"@id":"https:\/\/geoclimate.ge\/#\/schema\/logo\/image\/"}}]}},"_links":{"self":[{"href":"https:\/\/geoclimate.ge\/fr\/wp-json\/wp\/v2\/product\/35470","targetHints":{"allow":["GET"]}}],"collection":[{"href":"https:\/\/geoclimate.ge\/fr\/wp-json\/wp\/v2\/product"}],"about":[{"href":"https:\/\/geoclimate.ge\/fr\/wp-json\/wp\/v2\/types\/product"}],"wp:featuredmedia":[{"embeddable":true,"href":"https:\/\/geoclimate.ge\/fr\/wp-json\/wp\/v2\/media\/35464"}],"wp:attachment":[{"href":"https:\/\/geoclimate.ge\/fr\/wp-json\/wp\/v2\/media?parent=35470"}],"wp:term":[{"taxonomy":"product_brand","embeddable":true,"href":"https:\/\/geoclimate.ge\/fr\/wp-json\/wp\/v2\/product_brand?post=35470"},{"taxonomy":"product_cat","embeddable":true,"href":"https:\/\/geoclimate.ge\/fr\/wp-json\/wp\/v2\/product_cat?post=35470"},{"taxonomy":"product_tag","embeddable":true,"href":"https:\/\/geoclimate.ge\/fr\/wp-json\/wp\/v2\/product_tag?post=35470"}],"curies":[{"name":"wp","href":"https:\/\/api.w.org\/{rel}","templated":true}]}}