{"id":35548,"date":"2025-06-10T13:54:07","date_gmt":"2025-06-10T09:54:07","guid":{"rendered":"https:\/\/airsystems.ge\/shop\/product\/hma-bt-low-temperature-industrial-dehumidifiers\/"},"modified":"2025-06-10T13:56:35","modified_gmt":"2025-06-10T09:56:35","slug":"hma-bt-low-temperature-industrial-dehumidifiers","status":"publish","type":"product","link":"https:\/\/geoclimate.ge\/fr\/produit\/hma-bt-low-temperature-industrial-dehumidifiers\/","title":{"rendered":"HMA BT D\u00e9shumidificateurs industriels basse temp\u00e9rature"},"content":{"rendered":"<div class=\"elementor-element elementor-element-70da8153 elementor-widget elementor-widget-theme-page-title elementor-page-title elementor-widget-heading\" data-id=\"70da8153\" data-element_type=\"widget\" data-widget_type=\"theme-page-title.default\">\n<div class=\"elementor-widget-container\">\n<p>Les d\u00e9shumidificateurs industriels pour chambres froides HMA\/BT sont des appareils hautes performances sp\u00e9cialement con\u00e7us pour les applications industrielles ou commerciales n\u00e9cessitant un contr\u00f4le du taux d&rsquo;humidit\u00e9 ou la pr\u00e9vention de la condensation de vapeur d&rsquo;eau. Ces appareils sont particuli\u00e8rement adapt\u00e9s aux chambres froides, caves et sites industriels o\u00f9 l&rsquo;humidit\u00e9 doit \u00eatre contr\u00f4l\u00e9e \u00e0 basse temp\u00e9rature. Cette s\u00e9rie comprend 6 mod\u00e8les couvrant une plage de capacit\u00e9 de 263 \u00e0 940 l\/24 h. Con\u00e7us pour une maintenance et un entretien faciles, les composants internes sont principalement situ\u00e9s dans un compartiment technique insonoris\u00e9, facilement accessible m\u00eame lorsque l&rsquo;appareil est en fonctionnement. Les unit\u00e9s sont \u00e9quip\u00e9es d&rsquo;un circuit frigorifique sp\u00e9cifique pour fonctionner sur une large plage de temp\u00e9ratures. Elles sont \u00e9galement \u00e9quip\u00e9es d&rsquo;un syst\u00e8me d&rsquo;injection de gaz chaud (utilis\u00e9 pour le d\u00e9givrage de l&rsquo;\u00e9vaporateur) et d&rsquo;un bac de r\u00e9cup\u00e9ration des condensats \u00e9quip\u00e9 d&rsquo;une r\u00e9sistance antigel, pour un fonctionnement \u00e0 basse temp\u00e9rature ambiante.<br \/>\nLes unit\u00e9s sont \u00e9quip\u00e9es d&rsquo;un microprocesseur avanc\u00e9 avec connexion RS485 (en option).<br \/>\nDes sondes de temp\u00e9rature et d&rsquo;humidit\u00e9 sont fournies en accessoires sur demande.<\/p>\n<\/div>\n<\/div>\n<div class=\"elementor-element elementor-element-427e8a79 e-flex e-con-boxed e-con e-child\" data-id=\"427e8a79\" data-element_type=\"container\">\n<div class=\"e-con-inner\">\n<div class=\"elementor-element elementor-element-6e19ed90 hidebutton mc-bl elementor-align-left elementor-widget elementor-widget-button\" data-id=\"6e19ed90\" data-element_type=\"widget\" data-widget_type=\"button.default\">\n<div class=\"elementor-widget-container\">\n<div class=\"elementor-button-wrapper\"><a class=\"elementor-button elementor-button-link elementor-size-sm\" href=\"https:\/\/www.enextechnologies.com\/wp-content\/uploads\/2025\/03\/HMA-BT_ENG.pdf\" target=\"_blank\" rel=\"noopener\"><span class=\"elementor-button-content-wrapper\"><span class=\"elementor-button-text\">BROCHURE<\/span><\/span><\/a><\/div>\n<\/div>\n<\/div>\n<\/div>\n<\/div>\n","protected":false},"excerpt":{"rendered":"<div class=\"elementor-element elementor-element-f80f489 elementor-widget elementor-widget-heading\" data-id=\"f80f489\" data-element_type=\"widget\" data-widget_type=\"heading.default\">\n<div class=\"elementor-widget-container\">\n<div class=\"elementor-heading-title elementor-size-default\">Capacit\u00e9 de d\u00e9shumidification de 260 l\/24 h \u00e0 940 l\/24 h<br \/>\nD\u00e9bit d&rsquo;air de 3\u00a0500 m\u00b3\/h \u00e0 8\u00a0500 m\u00b3\/h<\/div>\n<\/div>\n<\/div>\n","protected":false},"featured_media":35543,"template":"","meta":[],"product_brand":[],"product_cat":[682,1723],"product_tag":[],"class_list":{"0":"post-35548","1":"product","2":"type-product","3":"status-publish","4":"has-post-thumbnail","6":"product_cat-climatiseurs-fr-industriels","7":"product_cat-deshumidificateur-fr","9":"first","10":"instock","11":"shipping-taxable","12":"product-type-simple"},"yoast_head":"<!-- This site is optimized with the Yoast SEO plugin v27.1.1 - https:\/\/yoast.com\/product\/yoast-seo-wordpress\/ -->\n<title>HMA BT D\u00e9shumidificateurs industriels basse temp\u00e9rature - GeoClimate.ge<\/title>\n<meta name=\"robots\" content=\"index, follow, max-snippet:-1, max-image-preview:large, max-video-preview:-1\" \/>\n<link rel=\"canonical\" href=\"https:\/\/geoclimate.ge\/fr\/produit\/hma-bt-low-temperature-industrial-dehumidifiers\/\" \/>\n<meta property=\"og:locale\" content=\"fr_FR\" \/>\n<meta property=\"og:type\" content=\"article\" \/>\n<meta property=\"og:title\" content=\"HMA BT D\u00e9shumidificateurs industriels basse temp\u00e9rature - GeoClimate.ge\" \/>\n<meta property=\"og:description\" content=\"Capacit\u00e9 de d\u00e9shumidification de 260 l\/24 h \u00e0 940 l\/24 h D\u00e9bit d&#039;air de 3\u00a0500 m\u00b3\/h \u00e0 8\u00a0500 m\u00b3\/h\" \/>\n<meta property=\"og:url\" content=\"https:\/\/geoclimate.ge\/fr\/produit\/hma-bt-low-temperature-industrial-dehumidifiers\/\" \/>\n<meta property=\"og:site_name\" content=\"GeoClimate.ge\" \/>\n<meta property=\"article:modified_time\" content=\"2025-06-10T09:56:35+00:00\" \/>\n<meta property=\"og:image\" content=\"https:\/\/geoclimate.ge\/wp-content\/uploads\/2025\/06\/HMA-2.jpg\" \/>\n\t<meta property=\"og:image:width\" content=\"1352\" \/>\n\t<meta property=\"og:image:height\" content=\"1366\" \/>\n\t<meta property=\"og:image:type\" content=\"image\/jpeg\" \/>\n<meta name=\"twitter:card\" content=\"summary_large_image\" \/>\n<meta name=\"twitter:label1\" content=\"Dur\u00e9e de lecture estim\u00e9e\" \/>\n\t<meta name=\"twitter:data1\" content=\"1 minute\" \/>\n<script type=\"application\/ld+json\" class=\"yoast-schema-graph\">{\"@context\":\"https:\/\/schema.org\",\"@graph\":[{\"@type\":\"WebPage\",\"@id\":\"https:\/\/geoclimate.ge\/fr\/produit\/hma-bt-low-temperature-industrial-dehumidifiers\/\",\"url\":\"https:\/\/geoclimate.ge\/fr\/produit\/hma-bt-low-temperature-industrial-dehumidifiers\/\",\"name\":\"HMA BT D\u00e9shumidificateurs industriels basse temp\u00e9rature - GeoClimate.ge\",\"isPartOf\":{\"@id\":\"https:\/\/geoclimate.ge\/#website\"},\"primaryImageOfPage\":{\"@id\":\"https:\/\/geoclimate.ge\/fr\/produit\/hma-bt-low-temperature-industrial-dehumidifiers\/#primaryimage\"},\"image\":{\"@id\":\"https:\/\/geoclimate.ge\/fr\/produit\/hma-bt-low-temperature-industrial-dehumidifiers\/#primaryimage\"},\"thumbnailUrl\":\"https:\/\/geoclimate.ge\/wp-content\/uploads\/2025\/06\/HMA-2.jpg\",\"datePublished\":\"2025-06-10T09:54:07+00:00\",\"dateModified\":\"2025-06-10T09:56:35+00:00\",\"breadcrumb\":{\"@id\":\"https:\/\/geoclimate.ge\/fr\/produit\/hma-bt-low-temperature-industrial-dehumidifiers\/#breadcrumb\"},\"inLanguage\":\"fr-FR\",\"potentialAction\":[{\"@type\":\"ReadAction\",\"target\":[\"https:\/\/geoclimate.ge\/fr\/produit\/hma-bt-low-temperature-industrial-dehumidifiers\/\"]}]},{\"@type\":\"ImageObject\",\"inLanguage\":\"fr-FR\",\"@id\":\"https:\/\/geoclimate.ge\/fr\/produit\/hma-bt-low-temperature-industrial-dehumidifiers\/#primaryimage\",\"url\":\"https:\/\/geoclimate.ge\/wp-content\/uploads\/2025\/06\/HMA-2.jpg\",\"contentUrl\":\"https:\/\/geoclimate.ge\/wp-content\/uploads\/2025\/06\/HMA-2.jpg\",\"width\":1352,\"height\":1366},{\"@type\":\"BreadcrumbList\",\"@id\":\"https:\/\/geoclimate.ge\/fr\/produit\/hma-bt-low-temperature-industrial-dehumidifiers\/#breadcrumb\",\"itemListElement\":[{\"@type\":\"ListItem\",\"position\":1,\"name\":\"Home\",\"item\":\"https:\/\/geoclimate.ge\/fr\/\"},{\"@type\":\"ListItem\",\"position\":2,\"name\":\"Products\",\"item\":\"https:\/\/geoclimate.ge\/fr\/products\/\"},{\"@type\":\"ListItem\",\"position\":3,\"name\":\"HMA BT D\u00e9shumidificateurs industriels basse temp\u00e9rature\"}]},{\"@type\":\"WebSite\",\"@id\":\"https:\/\/geoclimate.ge\/#website\",\"url\":\"https:\/\/geoclimate.ge\/\",\"name\":\"GeoClimate\",\"description\":\"\",\"publisher\":{\"@id\":\"https:\/\/geoclimate.ge\/#organization\"},\"potentialAction\":[{\"@type\":\"SearchAction\",\"target\":{\"@type\":\"EntryPoint\",\"urlTemplate\":\"https:\/\/geoclimate.ge\/?s={search_term_string}\"},\"query-input\":{\"@type\":\"PropertyValueSpecification\",\"valueRequired\":true,\"valueName\":\"search_term_string\"}}],\"inLanguage\":\"fr-FR\"},{\"@type\":\"Organization\",\"@id\":\"https:\/\/geoclimate.ge\/#organization\",\"name\":\"GeoClimate\",\"url\":\"https:\/\/geoclimate.ge\/\",\"logo\":{\"@type\":\"ImageObject\",\"inLanguage\":\"fr-FR\",\"@id\":\"https:\/\/geoclimate.ge\/#\/schema\/logo\/image\/\",\"url\":\"https:\/\/geoclimate.ge\/wp-content\/uploads\/2026\/03\/geoclimate-SEO.png\",\"contentUrl\":\"https:\/\/geoclimate.ge\/wp-content\/uploads\/2026\/03\/geoclimate-SEO.png\",\"width\":1536,\"height\":1024,\"caption\":\"GeoClimate\"},\"image\":{\"@id\":\"https:\/\/geoclimate.ge\/#\/schema\/logo\/image\/\"}}]}<\/script>\n<!-- \/ Yoast SEO plugin. -->","yoast_head_json":{"title":"HMA BT D\u00e9shumidificateurs industriels basse temp\u00e9rature - GeoClimate.ge","robots":{"index":"index","follow":"follow","max-snippet":"max-snippet:-1","max-image-preview":"max-image-preview:large","max-video-preview":"max-video-preview:-1"},"canonical":"https:\/\/geoclimate.ge\/fr\/produit\/hma-bt-low-temperature-industrial-dehumidifiers\/","og_locale":"fr_FR","og_type":"article","og_title":"HMA BT D\u00e9shumidificateurs industriels basse temp\u00e9rature - GeoClimate.ge","og_description":"Capacit\u00e9 de d\u00e9shumidification de 260 l\/24 h \u00e0 940 l\/24 h D\u00e9bit d'air de 3\u00a0500 m\u00b3\/h \u00e0 8\u00a0500 m\u00b3\/h","og_url":"https:\/\/geoclimate.ge\/fr\/produit\/hma-bt-low-temperature-industrial-dehumidifiers\/","og_site_name":"GeoClimate.ge","article_modified_time":"2025-06-10T09:56:35+00:00","og_image":[{"width":1352,"height":1366,"url":"https:\/\/geoclimate.ge\/wp-content\/uploads\/2025\/06\/HMA-2.jpg","type":"image\/jpeg"}],"twitter_card":"summary_large_image","twitter_misc":{"Dur\u00e9e de lecture estim\u00e9e":"1 minute"},"schema":{"@context":"https:\/\/schema.org","@graph":[{"@type":"WebPage","@id":"https:\/\/geoclimate.ge\/fr\/produit\/hma-bt-low-temperature-industrial-dehumidifiers\/","url":"https:\/\/geoclimate.ge\/fr\/produit\/hma-bt-low-temperature-industrial-dehumidifiers\/","name":"HMA BT D\u00e9shumidificateurs industriels basse temp\u00e9rature - GeoClimate.ge","isPartOf":{"@id":"https:\/\/geoclimate.ge\/#website"},"primaryImageOfPage":{"@id":"https:\/\/geoclimate.ge\/fr\/produit\/hma-bt-low-temperature-industrial-dehumidifiers\/#primaryimage"},"image":{"@id":"https:\/\/geoclimate.ge\/fr\/produit\/hma-bt-low-temperature-industrial-dehumidifiers\/#primaryimage"},"thumbnailUrl":"https:\/\/geoclimate.ge\/wp-content\/uploads\/2025\/06\/HMA-2.jpg","datePublished":"2025-06-10T09:54:07+00:00","dateModified":"2025-06-10T09:56:35+00:00","breadcrumb":{"@id":"https:\/\/geoclimate.ge\/fr\/produit\/hma-bt-low-temperature-industrial-dehumidifiers\/#breadcrumb"},"inLanguage":"fr-FR","potentialAction":[{"@type":"ReadAction","target":["https:\/\/geoclimate.ge\/fr\/produit\/hma-bt-low-temperature-industrial-dehumidifiers\/"]}]},{"@type":"ImageObject","inLanguage":"fr-FR","@id":"https:\/\/geoclimate.ge\/fr\/produit\/hma-bt-low-temperature-industrial-dehumidifiers\/#primaryimage","url":"https:\/\/geoclimate.ge\/wp-content\/uploads\/2025\/06\/HMA-2.jpg","contentUrl":"https:\/\/geoclimate.ge\/wp-content\/uploads\/2025\/06\/HMA-2.jpg","width":1352,"height":1366},{"@type":"BreadcrumbList","@id":"https:\/\/geoclimate.ge\/fr\/produit\/hma-bt-low-temperature-industrial-dehumidifiers\/#breadcrumb","itemListElement":[{"@type":"ListItem","position":1,"name":"Home","item":"https:\/\/geoclimate.ge\/fr\/"},{"@type":"ListItem","position":2,"name":"Products","item":"https:\/\/geoclimate.ge\/fr\/products\/"},{"@type":"ListItem","position":3,"name":"HMA BT D\u00e9shumidificateurs industriels basse temp\u00e9rature"}]},{"@type":"WebSite","@id":"https:\/\/geoclimate.ge\/#website","url":"https:\/\/geoclimate.ge\/","name":"GeoClimate","description":"","publisher":{"@id":"https:\/\/geoclimate.ge\/#organization"},"potentialAction":[{"@type":"SearchAction","target":{"@type":"EntryPoint","urlTemplate":"https:\/\/geoclimate.ge\/?s={search_term_string}"},"query-input":{"@type":"PropertyValueSpecification","valueRequired":true,"valueName":"search_term_string"}}],"inLanguage":"fr-FR"},{"@type":"Organization","@id":"https:\/\/geoclimate.ge\/#organization","name":"GeoClimate","url":"https:\/\/geoclimate.ge\/","logo":{"@type":"ImageObject","inLanguage":"fr-FR","@id":"https:\/\/geoclimate.ge\/#\/schema\/logo\/image\/","url":"https:\/\/geoclimate.ge\/wp-content\/uploads\/2026\/03\/geoclimate-SEO.png","contentUrl":"https:\/\/geoclimate.ge\/wp-content\/uploads\/2026\/03\/geoclimate-SEO.png","width":1536,"height":1024,"caption":"GeoClimate"},"image":{"@id":"https:\/\/geoclimate.ge\/#\/schema\/logo\/image\/"}}]}},"_links":{"self":[{"href":"https:\/\/geoclimate.ge\/fr\/wp-json\/wp\/v2\/product\/35548","targetHints":{"allow":["GET"]}}],"collection":[{"href":"https:\/\/geoclimate.ge\/fr\/wp-json\/wp\/v2\/product"}],"about":[{"href":"https:\/\/geoclimate.ge\/fr\/wp-json\/wp\/v2\/types\/product"}],"wp:featuredmedia":[{"embeddable":true,"href":"https:\/\/geoclimate.ge\/fr\/wp-json\/wp\/v2\/media\/35543"}],"wp:attachment":[{"href":"https:\/\/geoclimate.ge\/fr\/wp-json\/wp\/v2\/media?parent=35548"}],"wp:term":[{"taxonomy":"product_brand","embeddable":true,"href":"https:\/\/geoclimate.ge\/fr\/wp-json\/wp\/v2\/product_brand?post=35548"},{"taxonomy":"product_cat","embeddable":true,"href":"https:\/\/geoclimate.ge\/fr\/wp-json\/wp\/v2\/product_cat?post=35548"},{"taxonomy":"product_tag","embeddable":true,"href":"https:\/\/geoclimate.ge\/fr\/wp-json\/wp\/v2\/product_tag?post=35548"}],"curies":[{"name":"wp","href":"https:\/\/api.w.org\/{rel}","templated":true}]}}