{"id":35656,"date":"2025-06-12T21:30:17","date_gmt":"2025-06-12T17:30:17","guid":{"rendered":"https:\/\/airsystems.ge\/shop\/product\/yuyt-above-ground-fuel-tank\/"},"modified":"2025-06-12T21:34:20","modified_gmt":"2025-06-12T17:34:20","slug":"yuyt-above-ground-fuel-tank","status":"publish","type":"product","link":"https:\/\/geoclimate.ge\/fr\/produit\/yuyt-above-ground-fuel-tank\/","title":{"rendered":"YUYT &#8211; R\u00e9servoir de carburant hors sol"},"content":{"rendered":"<p>T\u00f4le noire ST37<br \/>\nConforme \u00e0 la norme de qualit\u00e9 TS-EN-12285-2<br \/>\nRev\u00eatement sp\u00e9cial anticorrosion et couche de protection<br \/>\nLes r\u00e9servoirs de carburant sont con\u00e7us pour une installation en toute s\u00e9curit\u00e9 hors sol.<\/p>\n<p>Domaines d&rsquo;application<br \/>\nNos r\u00e9servoirs de carburant a\u00e9riens sont con\u00e7us pour diff\u00e9rents types de carburants et peuvent \u00eatre utilis\u00e9s dans divers domaines\u00a0:<\/p>\n<p>Essence, diesel et autres types de diesel<br \/>\nCarburant pour groupes \u00e9lectrog\u00e8nes<br \/>\nStockage de liquides chimiques et industriels de haute technologie<br \/>\nStockage de carburant pour \u00e9quipements agricoles<br \/>\nStockage de carburant mobile pour la construction et les chantiers<br \/>\nNos r\u00e9servoirs de carburant a\u00e9riens sont con\u00e7us pour offrir un stockage s\u00fbr, une utilisation simple et une performance durable. Ils offrent une solution personnalisable et fiable pour tous les types de besoins de stockage de carburant.<\/p>\n","protected":false},"excerpt":{"rendered":"<p>R\u00e9servoirs de carburant hors sol avec rev\u00eatement \u00e9poxy<\/p>\n<p>Les r\u00e9servoirs de carburant hors sol offrent une solution de stockage de carburant s\u00fbre et efficace. Particuli\u00e8rement adapt\u00e9s aux usages commerciaux et industriels, ils sont fabriqu\u00e9s avec des mat\u00e9riaux de haute qualit\u00e9 et con\u00e7us pour r\u00e9sister \u00e0 diverses conditions climatiques. Ils sont \u00e9quip\u00e9s de dispositifs d&rsquo;\u00e9tanch\u00e9it\u00e9 et de s\u00e9curit\u00e9 et peuvent \u00eatre personnalis\u00e9s selon les besoins de l&rsquo;utilisateur.<\/p>\n","protected":false},"featured_media":35602,"template":"","meta":[],"product_brand":[],"product_cat":[1736,1760],"product_tag":[],"class_list":{"0":"post-35656","1":"product","2":"type-product","3":"status-publish","4":"has-post-thumbnail","6":"product_cat-chaudiere-a-vapeur-industrielle-chaudieres","7":"product_cat-reservoir-de-carburant","9":"first","10":"instock","11":"shipping-taxable","12":"product-type-simple"},"yoast_head":"<!-- This site is optimized with the Yoast SEO plugin v27.1.1 - https:\/\/yoast.com\/product\/yoast-seo-wordpress\/ -->\n<title>YUYT - R\u00e9servoir de carburant hors sol - GeoClimate.ge<\/title>\n<meta name=\"robots\" content=\"index, follow, max-snippet:-1, max-image-preview:large, max-video-preview:-1\" \/>\n<link rel=\"canonical\" href=\"https:\/\/geoclimate.ge\/fr\/produit\/yuyt-above-ground-fuel-tank\/\" \/>\n<meta property=\"og:locale\" content=\"fr_FR\" \/>\n<meta property=\"og:type\" content=\"article\" \/>\n<meta property=\"og:title\" content=\"YUYT - R\u00e9servoir de carburant hors sol - GeoClimate.ge\" \/>\n<meta property=\"og:description\" content=\"R\u00e9servoirs de carburant hors sol avec rev\u00eatement \u00e9poxy  Les r\u00e9servoirs de carburant hors sol offrent une solution de stockage de carburant s\u00fbre et efficace. Particuli\u00e8rement adapt\u00e9s aux usages commerciaux et industriels, ils sont fabriqu\u00e9s avec des mat\u00e9riaux de haute qualit\u00e9 et con\u00e7us pour r\u00e9sister \u00e0 diverses conditions climatiques. Ils sont \u00e9quip\u00e9s de dispositifs d&#039;\u00e9tanch\u00e9it\u00e9 et de s\u00e9curit\u00e9 et peuvent \u00eatre personnalis\u00e9s selon les besoins de l&#039;utilisateur.\" \/>\n<meta property=\"og:url\" content=\"https:\/\/geoclimate.ge\/fr\/produit\/yuyt-above-ground-fuel-tank\/\" \/>\n<meta property=\"og:site_name\" content=\"GeoClimate.ge\" \/>\n<meta property=\"article:modified_time\" content=\"2025-06-12T17:34:20+00:00\" \/>\n<meta property=\"og:image\" content=\"https:\/\/geoclimate.ge\/wp-content\/uploads\/2025\/06\/mg-20557622.jpg\" \/>\n\t<meta property=\"og:image:width\" content=\"800\" \/>\n\t<meta property=\"og:image:height\" content=\"800\" \/>\n\t<meta property=\"og:image:type\" content=\"image\/jpeg\" \/>\n<meta name=\"twitter:card\" content=\"summary_large_image\" \/>\n<meta name=\"twitter:label1\" content=\"Dur\u00e9e de lecture estim\u00e9e\" \/>\n\t<meta name=\"twitter:data1\" content=\"1 minute\" \/>\n<script type=\"application\/ld+json\" class=\"yoast-schema-graph\">{\"@context\":\"https:\/\/schema.org\",\"@graph\":[{\"@type\":\"WebPage\",\"@id\":\"https:\/\/geoclimate.ge\/fr\/produit\/yuyt-above-ground-fuel-tank\/\",\"url\":\"https:\/\/geoclimate.ge\/fr\/produit\/yuyt-above-ground-fuel-tank\/\",\"name\":\"YUYT - R\u00e9servoir de carburant hors sol - GeoClimate.ge\",\"isPartOf\":{\"@id\":\"https:\/\/geoclimate.ge\/#website\"},\"primaryImageOfPage\":{\"@id\":\"https:\/\/geoclimate.ge\/fr\/produit\/yuyt-above-ground-fuel-tank\/#primaryimage\"},\"image\":{\"@id\":\"https:\/\/geoclimate.ge\/fr\/produit\/yuyt-above-ground-fuel-tank\/#primaryimage\"},\"thumbnailUrl\":\"https:\/\/geoclimate.ge\/wp-content\/uploads\/2025\/06\/mg-20557622.jpg\",\"datePublished\":\"2025-06-12T17:30:17+00:00\",\"dateModified\":\"2025-06-12T17:34:20+00:00\",\"breadcrumb\":{\"@id\":\"https:\/\/geoclimate.ge\/fr\/produit\/yuyt-above-ground-fuel-tank\/#breadcrumb\"},\"inLanguage\":\"fr-FR\",\"potentialAction\":[{\"@type\":\"ReadAction\",\"target\":[\"https:\/\/geoclimate.ge\/fr\/produit\/yuyt-above-ground-fuel-tank\/\"]}]},{\"@type\":\"ImageObject\",\"inLanguage\":\"fr-FR\",\"@id\":\"https:\/\/geoclimate.ge\/fr\/produit\/yuyt-above-ground-fuel-tank\/#primaryimage\",\"url\":\"https:\/\/geoclimate.ge\/wp-content\/uploads\/2025\/06\/mg-20557622.jpg\",\"contentUrl\":\"https:\/\/geoclimate.ge\/wp-content\/uploads\/2025\/06\/mg-20557622.jpg\",\"width\":800,\"height\":800},{\"@type\":\"BreadcrumbList\",\"@id\":\"https:\/\/geoclimate.ge\/fr\/produit\/yuyt-above-ground-fuel-tank\/#breadcrumb\",\"itemListElement\":[{\"@type\":\"ListItem\",\"position\":1,\"name\":\"Home\",\"item\":\"https:\/\/geoclimate.ge\/fr\/\"},{\"@type\":\"ListItem\",\"position\":2,\"name\":\"Products\",\"item\":\"https:\/\/geoclimate.ge\/fr\/products\/\"},{\"@type\":\"ListItem\",\"position\":3,\"name\":\"YUYT &#8211; R\u00e9servoir de carburant hors sol\"}]},{\"@type\":\"WebSite\",\"@id\":\"https:\/\/geoclimate.ge\/#website\",\"url\":\"https:\/\/geoclimate.ge\/\",\"name\":\"GeoClimate\",\"description\":\"\",\"publisher\":{\"@id\":\"https:\/\/geoclimate.ge\/#organization\"},\"potentialAction\":[{\"@type\":\"SearchAction\",\"target\":{\"@type\":\"EntryPoint\",\"urlTemplate\":\"https:\/\/geoclimate.ge\/?s={search_term_string}\"},\"query-input\":{\"@type\":\"PropertyValueSpecification\",\"valueRequired\":true,\"valueName\":\"search_term_string\"}}],\"inLanguage\":\"fr-FR\"},{\"@type\":\"Organization\",\"@id\":\"https:\/\/geoclimate.ge\/#organization\",\"name\":\"GeoClimate\",\"url\":\"https:\/\/geoclimate.ge\/\",\"logo\":{\"@type\":\"ImageObject\",\"inLanguage\":\"fr-FR\",\"@id\":\"https:\/\/geoclimate.ge\/#\/schema\/logo\/image\/\",\"url\":\"https:\/\/geoclimate.ge\/wp-content\/uploads\/2026\/03\/geoclimate-SEO.png\",\"contentUrl\":\"https:\/\/geoclimate.ge\/wp-content\/uploads\/2026\/03\/geoclimate-SEO.png\",\"width\":1536,\"height\":1024,\"caption\":\"GeoClimate\"},\"image\":{\"@id\":\"https:\/\/geoclimate.ge\/#\/schema\/logo\/image\/\"}}]}<\/script>\n<!-- \/ Yoast SEO plugin. -->","yoast_head_json":{"title":"YUYT - R\u00e9servoir de carburant hors sol - GeoClimate.ge","robots":{"index":"index","follow":"follow","max-snippet":"max-snippet:-1","max-image-preview":"max-image-preview:large","max-video-preview":"max-video-preview:-1"},"canonical":"https:\/\/geoclimate.ge\/fr\/produit\/yuyt-above-ground-fuel-tank\/","og_locale":"fr_FR","og_type":"article","og_title":"YUYT - R\u00e9servoir de carburant hors sol - GeoClimate.ge","og_description":"R\u00e9servoirs de carburant hors sol avec rev\u00eatement \u00e9poxy  Les r\u00e9servoirs de carburant hors sol offrent une solution de stockage de carburant s\u00fbre et efficace. Particuli\u00e8rement adapt\u00e9s aux usages commerciaux et industriels, ils sont fabriqu\u00e9s avec des mat\u00e9riaux de haute qualit\u00e9 et con\u00e7us pour r\u00e9sister \u00e0 diverses conditions climatiques. Ils sont \u00e9quip\u00e9s de dispositifs d'\u00e9tanch\u00e9it\u00e9 et de s\u00e9curit\u00e9 et peuvent \u00eatre personnalis\u00e9s selon les besoins de l'utilisateur.","og_url":"https:\/\/geoclimate.ge\/fr\/produit\/yuyt-above-ground-fuel-tank\/","og_site_name":"GeoClimate.ge","article_modified_time":"2025-06-12T17:34:20+00:00","og_image":[{"width":800,"height":800,"url":"https:\/\/geoclimate.ge\/wp-content\/uploads\/2025\/06\/mg-20557622.jpg","type":"image\/jpeg"}],"twitter_card":"summary_large_image","twitter_misc":{"Dur\u00e9e de lecture estim\u00e9e":"1 minute"},"schema":{"@context":"https:\/\/schema.org","@graph":[{"@type":"WebPage","@id":"https:\/\/geoclimate.ge\/fr\/produit\/yuyt-above-ground-fuel-tank\/","url":"https:\/\/geoclimate.ge\/fr\/produit\/yuyt-above-ground-fuel-tank\/","name":"YUYT - R\u00e9servoir de carburant hors sol - GeoClimate.ge","isPartOf":{"@id":"https:\/\/geoclimate.ge\/#website"},"primaryImageOfPage":{"@id":"https:\/\/geoclimate.ge\/fr\/produit\/yuyt-above-ground-fuel-tank\/#primaryimage"},"image":{"@id":"https:\/\/geoclimate.ge\/fr\/produit\/yuyt-above-ground-fuel-tank\/#primaryimage"},"thumbnailUrl":"https:\/\/geoclimate.ge\/wp-content\/uploads\/2025\/06\/mg-20557622.jpg","datePublished":"2025-06-12T17:30:17+00:00","dateModified":"2025-06-12T17:34:20+00:00","breadcrumb":{"@id":"https:\/\/geoclimate.ge\/fr\/produit\/yuyt-above-ground-fuel-tank\/#breadcrumb"},"inLanguage":"fr-FR","potentialAction":[{"@type":"ReadAction","target":["https:\/\/geoclimate.ge\/fr\/produit\/yuyt-above-ground-fuel-tank\/"]}]},{"@type":"ImageObject","inLanguage":"fr-FR","@id":"https:\/\/geoclimate.ge\/fr\/produit\/yuyt-above-ground-fuel-tank\/#primaryimage","url":"https:\/\/geoclimate.ge\/wp-content\/uploads\/2025\/06\/mg-20557622.jpg","contentUrl":"https:\/\/geoclimate.ge\/wp-content\/uploads\/2025\/06\/mg-20557622.jpg","width":800,"height":800},{"@type":"BreadcrumbList","@id":"https:\/\/geoclimate.ge\/fr\/produit\/yuyt-above-ground-fuel-tank\/#breadcrumb","itemListElement":[{"@type":"ListItem","position":1,"name":"Home","item":"https:\/\/geoclimate.ge\/fr\/"},{"@type":"ListItem","position":2,"name":"Products","item":"https:\/\/geoclimate.ge\/fr\/products\/"},{"@type":"ListItem","position":3,"name":"YUYT &#8211; R\u00e9servoir de carburant hors sol"}]},{"@type":"WebSite","@id":"https:\/\/geoclimate.ge\/#website","url":"https:\/\/geoclimate.ge\/","name":"GeoClimate","description":"","publisher":{"@id":"https:\/\/geoclimate.ge\/#organization"},"potentialAction":[{"@type":"SearchAction","target":{"@type":"EntryPoint","urlTemplate":"https:\/\/geoclimate.ge\/?s={search_term_string}"},"query-input":{"@type":"PropertyValueSpecification","valueRequired":true,"valueName":"search_term_string"}}],"inLanguage":"fr-FR"},{"@type":"Organization","@id":"https:\/\/geoclimate.ge\/#organization","name":"GeoClimate","url":"https:\/\/geoclimate.ge\/","logo":{"@type":"ImageObject","inLanguage":"fr-FR","@id":"https:\/\/geoclimate.ge\/#\/schema\/logo\/image\/","url":"https:\/\/geoclimate.ge\/wp-content\/uploads\/2026\/03\/geoclimate-SEO.png","contentUrl":"https:\/\/geoclimate.ge\/wp-content\/uploads\/2026\/03\/geoclimate-SEO.png","width":1536,"height":1024,"caption":"GeoClimate"},"image":{"@id":"https:\/\/geoclimate.ge\/#\/schema\/logo\/image\/"}}]}},"_links":{"self":[{"href":"https:\/\/geoclimate.ge\/fr\/wp-json\/wp\/v2\/product\/35656","targetHints":{"allow":["GET"]}}],"collection":[{"href":"https:\/\/geoclimate.ge\/fr\/wp-json\/wp\/v2\/product"}],"about":[{"href":"https:\/\/geoclimate.ge\/fr\/wp-json\/wp\/v2\/types\/product"}],"wp:featuredmedia":[{"embeddable":true,"href":"https:\/\/geoclimate.ge\/fr\/wp-json\/wp\/v2\/media\/35602"}],"wp:attachment":[{"href":"https:\/\/geoclimate.ge\/fr\/wp-json\/wp\/v2\/media?parent=35656"}],"wp:term":[{"taxonomy":"product_brand","embeddable":true,"href":"https:\/\/geoclimate.ge\/fr\/wp-json\/wp\/v2\/product_brand?post=35656"},{"taxonomy":"product_cat","embeddable":true,"href":"https:\/\/geoclimate.ge\/fr\/wp-json\/wp\/v2\/product_cat?post=35656"},{"taxonomy":"product_tag","embeddable":true,"href":"https:\/\/geoclimate.ge\/fr\/wp-json\/wp\/v2\/product_tag?post=35656"}],"curies":[{"name":"wp","href":"https:\/\/api.w.org\/{rel}","templated":true}]}}