{"id":35765,"date":"2025-06-14T13:14:16","date_gmt":"2025-06-14T09:14:16","guid":{"rendered":"https:\/\/airsystems.ge\/shop\/product\/ssk-scotch-type-hot-water-boiler\/"},"modified":"2025-06-14T13:24:30","modified_gmt":"2025-06-14T09:24:30","slug":"ssk-scotch-type-hot-water-boiler","status":"publish","type":"product","link":"https:\/\/geoclimate.ge\/fr\/produit\/ssk-scotch-type-hot-water-boiler\/","title":{"rendered":"SSK &#8211; Chaudi\u00e8re \u00e0 eau chaude de type Scotch"},"content":{"rendered":"<p>Domaines d&rsquo;application<br \/>\nGrands b\u00e2timents<br \/>\nInstallations industrielles<br \/>\nH\u00f4tels<br \/>\nH\u00f4pitaux<br \/>\nUsines textiles<br \/>\nChauffage de serres<br \/>\nLes chaudi\u00e8res \u00e0 eau chaude de type Scotch offrent aux entreprises une efficacit\u00e9 sup\u00e9rieure et des performances \u00e9lev\u00e9es, offrant des \u00e9conomies d&rsquo;\u00e9nergie importantes et des solutions flexibles pour r\u00e9pondre \u00e0 tous les besoins en eau chaude.<\/p>\n","protected":false},"excerpt":{"rendered":"<p>Chaudi\u00e8re \u00e0 eau chaude de type Scotch, aliment\u00e9e au liquide et au gaz, \u00e0 trois passes<\/p>\n<p>Haut rendement\u00a0: Les chaudi\u00e8res \u00e0 eau chaude de type Scotch, avec un rendement de 90 \u00e0 93\u00a0%, minimisent la consommation de combustible et permettent des \u00e9conomies d&rsquo;\u00e9nergie.<br \/>\nPuissance nominale\u00a0: Des options de puissance allant de 93\u00a0kW \u00e0 3\u00a0198\u00a0kW offrent des solutions flexibles pour diff\u00e9rents besoins de puissance.<br \/>\nPression de service\u00a0: 3 \u00e0 10\u00a0bars<br \/>\nDurabilit\u00e9\u00a0: Longue dur\u00e9e de vie gr\u00e2ce \u00e0 des mat\u00e9riaux de haute qualit\u00e9 et \u00e0 des processus de production robustes.<br \/>\nConception s\u00fbre\u00a0: Con\u00e7ue pour une utilisation s\u00fbre, fabriqu\u00e9e conform\u00e9ment aux normes europ\u00e9ennes et locales.<br \/>\nFaibles \u00e9missions\u00a0: Faibles \u00e9missions gr\u00e2ce \u00e0 la conception \u00e0 trois passes (Wet Back), respectueuse de l&rsquo;environnement.<br \/>\nFaibles co\u00fbts de maintenance\u00a0: Faibles co\u00fbts de maintenance gr\u00e2ce \u00e0 une conception simple.<br \/>\nCompatibilit\u00e9 multi-combustibles\u00a0: Compatible avec diff\u00e9rents types de combustibles liquides et gazeux, tels que le gaz naturel et le fioul, pour une grande flexibilit\u00e9.<\/p>\n","protected":false},"featured_media":35748,"template":"","meta":[],"product_brand":[],"product_cat":[1741,1736],"product_tag":[],"class_list":{"0":"post-35765","1":"product","2":"type-product","3":"status-publish","4":"has-post-thumbnail","6":"product_cat-chaudiere-a-eau-chaude-chaudieres","7":"product_cat-chaudiere-a-vapeur-industrielle-chaudieres","9":"first","10":"instock","11":"shipping-taxable","12":"product-type-simple"},"yoast_head":"<!-- This site is optimized with the Yoast SEO plugin v27.1.1 - https:\/\/yoast.com\/product\/yoast-seo-wordpress\/ -->\n<title>SSK - Chaudi\u00e8re \u00e0 eau chaude de type Scotch - GeoClimate.ge<\/title>\n<meta name=\"robots\" content=\"index, follow, max-snippet:-1, max-image-preview:large, max-video-preview:-1\" \/>\n<link rel=\"canonical\" href=\"https:\/\/geoclimate.ge\/fr\/produit\/ssk-scotch-type-hot-water-boiler\/\" \/>\n<meta property=\"og:locale\" content=\"fr_FR\" \/>\n<meta property=\"og:type\" content=\"article\" \/>\n<meta property=\"og:title\" content=\"SSK - Chaudi\u00e8re \u00e0 eau chaude de type Scotch - GeoClimate.ge\" \/>\n<meta property=\"og:description\" content=\"Chaudi\u00e8re \u00e0 eau chaude de type Scotch, aliment\u00e9e au liquide et au gaz, \u00e0 trois passes  Haut rendement\u00a0: Les chaudi\u00e8res \u00e0 eau chaude de type Scotch, avec un rendement de 90 \u00e0 93\u00a0%, minimisent la consommation de combustible et permettent des \u00e9conomies d&#039;\u00e9nergie. Puissance nominale\u00a0: Des options de puissance allant de 93\u00a0kW \u00e0 3\u00a0198\u00a0kW offrent des solutions flexibles pour diff\u00e9rents besoins de puissance. Pression de service\u00a0: 3 \u00e0 10\u00a0bars Durabilit\u00e9\u00a0: Longue dur\u00e9e de vie gr\u00e2ce \u00e0 des mat\u00e9riaux de haute qualit\u00e9 et \u00e0 des processus de production robustes. Conception s\u00fbre\u00a0: Con\u00e7ue pour une utilisation s\u00fbre, fabriqu\u00e9e conform\u00e9ment aux normes europ\u00e9ennes et locales. Faibles \u00e9missions\u00a0: Faibles \u00e9missions gr\u00e2ce \u00e0 la conception \u00e0 trois passes (Wet Back), respectueuse de l&#039;environnement. Faibles co\u00fbts de maintenance\u00a0: Faibles co\u00fbts de maintenance gr\u00e2ce \u00e0 une conception simple. Compatibilit\u00e9 multi-combustibles\u00a0: Compatible avec diff\u00e9rents types de combustibles liquides et gazeux, tels que le gaz naturel et le fioul, pour une grande flexibilit\u00e9.\" \/>\n<meta property=\"og:url\" content=\"https:\/\/geoclimate.ge\/fr\/produit\/ssk-scotch-type-hot-water-boiler\/\" \/>\n<meta property=\"og:site_name\" content=\"GeoClimate.ge\" \/>\n<meta property=\"article:modified_time\" content=\"2025-06-14T09:24:30+00:00\" \/>\n<meta property=\"og:image\" content=\"https:\/\/geoclimate.ge\/wp-content\/uploads\/2025\/06\/114714.jpg\" \/>\n\t<meta property=\"og:image:width\" content=\"800\" \/>\n\t<meta property=\"og:image:height\" content=\"533\" \/>\n\t<meta property=\"og:image:type\" content=\"image\/jpeg\" \/>\n<meta name=\"twitter:card\" content=\"summary_large_image\" \/>\n<script type=\"application\/ld+json\" class=\"yoast-schema-graph\">{\"@context\":\"https:\/\/schema.org\",\"@graph\":[{\"@type\":\"WebPage\",\"@id\":\"https:\/\/geoclimate.ge\/fr\/produit\/ssk-scotch-type-hot-water-boiler\/\",\"url\":\"https:\/\/geoclimate.ge\/fr\/produit\/ssk-scotch-type-hot-water-boiler\/\",\"name\":\"SSK - Chaudi\u00e8re \u00e0 eau chaude de type Scotch - GeoClimate.ge\",\"isPartOf\":{\"@id\":\"https:\/\/geoclimate.ge\/#website\"},\"primaryImageOfPage\":{\"@id\":\"https:\/\/geoclimate.ge\/fr\/produit\/ssk-scotch-type-hot-water-boiler\/#primaryimage\"},\"image\":{\"@id\":\"https:\/\/geoclimate.ge\/fr\/produit\/ssk-scotch-type-hot-water-boiler\/#primaryimage\"},\"thumbnailUrl\":\"https:\/\/geoclimate.ge\/wp-content\/uploads\/2025\/06\/114714.jpg\",\"datePublished\":\"2025-06-14T09:14:16+00:00\",\"dateModified\":\"2025-06-14T09:24:30+00:00\",\"breadcrumb\":{\"@id\":\"https:\/\/geoclimate.ge\/fr\/produit\/ssk-scotch-type-hot-water-boiler\/#breadcrumb\"},\"inLanguage\":\"fr-FR\",\"potentialAction\":[{\"@type\":\"ReadAction\",\"target\":[\"https:\/\/geoclimate.ge\/fr\/produit\/ssk-scotch-type-hot-water-boiler\/\"]}]},{\"@type\":\"ImageObject\",\"inLanguage\":\"fr-FR\",\"@id\":\"https:\/\/geoclimate.ge\/fr\/produit\/ssk-scotch-type-hot-water-boiler\/#primaryimage\",\"url\":\"https:\/\/geoclimate.ge\/wp-content\/uploads\/2025\/06\/114714.jpg\",\"contentUrl\":\"https:\/\/geoclimate.ge\/wp-content\/uploads\/2025\/06\/114714.jpg\",\"width\":800,\"height\":533},{\"@type\":\"BreadcrumbList\",\"@id\":\"https:\/\/geoclimate.ge\/fr\/produit\/ssk-scotch-type-hot-water-boiler\/#breadcrumb\",\"itemListElement\":[{\"@type\":\"ListItem\",\"position\":1,\"name\":\"Home\",\"item\":\"https:\/\/geoclimate.ge\/fr\/\"},{\"@type\":\"ListItem\",\"position\":2,\"name\":\"Products\",\"item\":\"https:\/\/geoclimate.ge\/fr\/products\/\"},{\"@type\":\"ListItem\",\"position\":3,\"name\":\"SSK &#8211; Chaudi\u00e8re \u00e0 eau chaude de type Scotch\"}]},{\"@type\":\"WebSite\",\"@id\":\"https:\/\/geoclimate.ge\/#website\",\"url\":\"https:\/\/geoclimate.ge\/\",\"name\":\"GeoClimate\",\"description\":\"\",\"publisher\":{\"@id\":\"https:\/\/geoclimate.ge\/#organization\"},\"potentialAction\":[{\"@type\":\"SearchAction\",\"target\":{\"@type\":\"EntryPoint\",\"urlTemplate\":\"https:\/\/geoclimate.ge\/?s={search_term_string}\"},\"query-input\":{\"@type\":\"PropertyValueSpecification\",\"valueRequired\":true,\"valueName\":\"search_term_string\"}}],\"inLanguage\":\"fr-FR\"},{\"@type\":\"Organization\",\"@id\":\"https:\/\/geoclimate.ge\/#organization\",\"name\":\"GeoClimate\",\"url\":\"https:\/\/geoclimate.ge\/\",\"logo\":{\"@type\":\"ImageObject\",\"inLanguage\":\"fr-FR\",\"@id\":\"https:\/\/geoclimate.ge\/#\/schema\/logo\/image\/\",\"url\":\"https:\/\/geoclimate.ge\/wp-content\/uploads\/2026\/03\/geoclimate-SEO.png\",\"contentUrl\":\"https:\/\/geoclimate.ge\/wp-content\/uploads\/2026\/03\/geoclimate-SEO.png\",\"width\":1536,\"height\":1024,\"caption\":\"GeoClimate\"},\"image\":{\"@id\":\"https:\/\/geoclimate.ge\/#\/schema\/logo\/image\/\"}}]}<\/script>\n<!-- \/ Yoast SEO plugin. -->","yoast_head_json":{"title":"SSK - Chaudi\u00e8re \u00e0 eau chaude de type Scotch - GeoClimate.ge","robots":{"index":"index","follow":"follow","max-snippet":"max-snippet:-1","max-image-preview":"max-image-preview:large","max-video-preview":"max-video-preview:-1"},"canonical":"https:\/\/geoclimate.ge\/fr\/produit\/ssk-scotch-type-hot-water-boiler\/","og_locale":"fr_FR","og_type":"article","og_title":"SSK - Chaudi\u00e8re \u00e0 eau chaude de type Scotch - GeoClimate.ge","og_description":"Chaudi\u00e8re \u00e0 eau chaude de type Scotch, aliment\u00e9e au liquide et au gaz, \u00e0 trois passes  Haut rendement\u00a0: Les chaudi\u00e8res \u00e0 eau chaude de type Scotch, avec un rendement de 90 \u00e0 93\u00a0%, minimisent la consommation de combustible et permettent des \u00e9conomies d'\u00e9nergie. Puissance nominale\u00a0: Des options de puissance allant de 93\u00a0kW \u00e0 3\u00a0198\u00a0kW offrent des solutions flexibles pour diff\u00e9rents besoins de puissance. Pression de service\u00a0: 3 \u00e0 10\u00a0bars Durabilit\u00e9\u00a0: Longue dur\u00e9e de vie gr\u00e2ce \u00e0 des mat\u00e9riaux de haute qualit\u00e9 et \u00e0 des processus de production robustes. Conception s\u00fbre\u00a0: Con\u00e7ue pour une utilisation s\u00fbre, fabriqu\u00e9e conform\u00e9ment aux normes europ\u00e9ennes et locales. Faibles \u00e9missions\u00a0: Faibles \u00e9missions gr\u00e2ce \u00e0 la conception \u00e0 trois passes (Wet Back), respectueuse de l'environnement. Faibles co\u00fbts de maintenance\u00a0: Faibles co\u00fbts de maintenance gr\u00e2ce \u00e0 une conception simple. Compatibilit\u00e9 multi-combustibles\u00a0: Compatible avec diff\u00e9rents types de combustibles liquides et gazeux, tels que le gaz naturel et le fioul, pour une grande flexibilit\u00e9.","og_url":"https:\/\/geoclimate.ge\/fr\/produit\/ssk-scotch-type-hot-water-boiler\/","og_site_name":"GeoClimate.ge","article_modified_time":"2025-06-14T09:24:30+00:00","og_image":[{"width":800,"height":533,"url":"https:\/\/geoclimate.ge\/wp-content\/uploads\/2025\/06\/114714.jpg","type":"image\/jpeg"}],"twitter_card":"summary_large_image","schema":{"@context":"https:\/\/schema.org","@graph":[{"@type":"WebPage","@id":"https:\/\/geoclimate.ge\/fr\/produit\/ssk-scotch-type-hot-water-boiler\/","url":"https:\/\/geoclimate.ge\/fr\/produit\/ssk-scotch-type-hot-water-boiler\/","name":"SSK - Chaudi\u00e8re \u00e0 eau chaude de type Scotch - GeoClimate.ge","isPartOf":{"@id":"https:\/\/geoclimate.ge\/#website"},"primaryImageOfPage":{"@id":"https:\/\/geoclimate.ge\/fr\/produit\/ssk-scotch-type-hot-water-boiler\/#primaryimage"},"image":{"@id":"https:\/\/geoclimate.ge\/fr\/produit\/ssk-scotch-type-hot-water-boiler\/#primaryimage"},"thumbnailUrl":"https:\/\/geoclimate.ge\/wp-content\/uploads\/2025\/06\/114714.jpg","datePublished":"2025-06-14T09:14:16+00:00","dateModified":"2025-06-14T09:24:30+00:00","breadcrumb":{"@id":"https:\/\/geoclimate.ge\/fr\/produit\/ssk-scotch-type-hot-water-boiler\/#breadcrumb"},"inLanguage":"fr-FR","potentialAction":[{"@type":"ReadAction","target":["https:\/\/geoclimate.ge\/fr\/produit\/ssk-scotch-type-hot-water-boiler\/"]}]},{"@type":"ImageObject","inLanguage":"fr-FR","@id":"https:\/\/geoclimate.ge\/fr\/produit\/ssk-scotch-type-hot-water-boiler\/#primaryimage","url":"https:\/\/geoclimate.ge\/wp-content\/uploads\/2025\/06\/114714.jpg","contentUrl":"https:\/\/geoclimate.ge\/wp-content\/uploads\/2025\/06\/114714.jpg","width":800,"height":533},{"@type":"BreadcrumbList","@id":"https:\/\/geoclimate.ge\/fr\/produit\/ssk-scotch-type-hot-water-boiler\/#breadcrumb","itemListElement":[{"@type":"ListItem","position":1,"name":"Home","item":"https:\/\/geoclimate.ge\/fr\/"},{"@type":"ListItem","position":2,"name":"Products","item":"https:\/\/geoclimate.ge\/fr\/products\/"},{"@type":"ListItem","position":3,"name":"SSK &#8211; Chaudi\u00e8re \u00e0 eau chaude de type Scotch"}]},{"@type":"WebSite","@id":"https:\/\/geoclimate.ge\/#website","url":"https:\/\/geoclimate.ge\/","name":"GeoClimate","description":"","publisher":{"@id":"https:\/\/geoclimate.ge\/#organization"},"potentialAction":[{"@type":"SearchAction","target":{"@type":"EntryPoint","urlTemplate":"https:\/\/geoclimate.ge\/?s={search_term_string}"},"query-input":{"@type":"PropertyValueSpecification","valueRequired":true,"valueName":"search_term_string"}}],"inLanguage":"fr-FR"},{"@type":"Organization","@id":"https:\/\/geoclimate.ge\/#organization","name":"GeoClimate","url":"https:\/\/geoclimate.ge\/","logo":{"@type":"ImageObject","inLanguage":"fr-FR","@id":"https:\/\/geoclimate.ge\/#\/schema\/logo\/image\/","url":"https:\/\/geoclimate.ge\/wp-content\/uploads\/2026\/03\/geoclimate-SEO.png","contentUrl":"https:\/\/geoclimate.ge\/wp-content\/uploads\/2026\/03\/geoclimate-SEO.png","width":1536,"height":1024,"caption":"GeoClimate"},"image":{"@id":"https:\/\/geoclimate.ge\/#\/schema\/logo\/image\/"}}]}},"_links":{"self":[{"href":"https:\/\/geoclimate.ge\/fr\/wp-json\/wp\/v2\/product\/35765","targetHints":{"allow":["GET"]}}],"collection":[{"href":"https:\/\/geoclimate.ge\/fr\/wp-json\/wp\/v2\/product"}],"about":[{"href":"https:\/\/geoclimate.ge\/fr\/wp-json\/wp\/v2\/types\/product"}],"wp:featuredmedia":[{"embeddable":true,"href":"https:\/\/geoclimate.ge\/fr\/wp-json\/wp\/v2\/media\/35748"}],"wp:attachment":[{"href":"https:\/\/geoclimate.ge\/fr\/wp-json\/wp\/v2\/media?parent=35765"}],"wp:term":[{"taxonomy":"product_brand","embeddable":true,"href":"https:\/\/geoclimate.ge\/fr\/wp-json\/wp\/v2\/product_brand?post=35765"},{"taxonomy":"product_cat","embeddable":true,"href":"https:\/\/geoclimate.ge\/fr\/wp-json\/wp\/v2\/product_cat?post=35765"},{"taxonomy":"product_tag","embeddable":true,"href":"https:\/\/geoclimate.ge\/fr\/wp-json\/wp\/v2\/product_tag?post=35765"}],"curies":[{"name":"wp","href":"https:\/\/api.w.org\/{rel}","templated":true}]}}