{"id":35822,"date":"2025-06-14T13:44:07","date_gmt":"2025-06-14T09:44:07","guid":{"rendered":"https:\/\/airsystems.ge\/shop\/product\/bj-steam-generator\/"},"modified":"2025-06-14T13:48:24","modified_gmt":"2025-06-14T09:48:24","slug":"bj-steam-generator","status":"publish","type":"product","link":"https:\/\/geoclimate.ge\/fr\/produit\/bj-steam-generator\/","title":{"rendered":"BJ &#8211; G\u00e9n\u00e9rateur de vapeur"},"content":{"rendered":"<p>Domaines d&rsquo;application<\/p>\n<p>Nos g\u00e9n\u00e9rateurs de vapeur offrent la solution la plus adapt\u00e9e aux besoins industriels, avec des options de puissance adapt\u00e9es \u00e0 chaque besoin. Gr\u00e2ce \u00e0 leur rendement \u00e9lev\u00e9, leur faible consommation de combustible et leur production de vapeur rapide, ils am\u00e9liorent l&rsquo;efficacit\u00e9 \u00e9nerg\u00e9tique des entreprises, tout en respectant les normes de qualit\u00e9 internationales TSE EN 12953-3 et les documents CE. Il r\u00e9duit les co\u00fbts \u00e9nerg\u00e9tiques des entreprises tout en offrant une solution respectueuse de l&rsquo;environnement. Il offre une utilisation s\u00fbre et efficace, une technologie de pointe et une production de qualit\u00e9.<\/p>\n<p>Nos g\u00e9n\u00e9rateurs de vapeur offrent des solutions adapt\u00e9es \u00e0 un large \u00e9ventail d&rsquo;industries\u00a0:<\/p>\n<p>\u2022 Production agroalimentaire<br \/>\n\u2022 Industrie chimique et pharmaceutique<br \/>\n\u2022 Secteur textile<br \/>\n\u2022 Autoclave et st\u00e9rilisation<br \/>\n\u2022 P\u00e9trochimie et raffineries<br \/>\n\u2022 Blanchisserie et nettoyage \u00e0 sec<br \/>\n\u2022 Tourisme et h\u00f4tellerie<\/p>\n","protected":false},"excerpt":{"rendered":"<p>G\u00e9n\u00e9rateurs de vapeur BJ &#8211; Combustibles liquides et gazeux &#8211; Type horizontal 3 passes<\/p>\n<p>Mechanical Systems fabrique des g\u00e9n\u00e9rateurs de vapeur offrant un rendement et une fiabilit\u00e9 \u00e9lev\u00e9s au secteur industriel. Gr\u00e2ce \u00e0 nos solutions d&rsquo;ing\u00e9nierie avanc\u00e9es et \u00e0 notre approche de production de qualit\u00e9, nous proposons des solutions vapeur durables et efficaces, adapt\u00e9es aux entreprises de toutes tailles.<\/p>\n<p>Le choix id\u00e9al pour la s\u00e9curit\u00e9 et la rapidit\u00e9<br \/>\n250 kg\/h \u00e0 3\u00a0000 kg\/h<br \/>\nPression de service de 3 \u00e0 12 bars<br \/>\nConception \u00e0 retour humide<br \/>\nRendement thermique jusqu&rsquo;\u00e0 90 % (jusqu&rsquo;\u00e0 95 % dans les applications \u00e9conomiseurs)<br \/>\nConception respectueuse de l&rsquo;environnement<br \/>\nConception ergonomique<br \/>\nDurable et facile d&rsquo;entretien<br \/>\nFonctionnalit\u00e9s de s\u00e9curit\u00e9 avanc\u00e9es<\/p>\n","protected":false},"featured_media":35811,"template":"","meta":[],"product_brand":[],"product_cat":[1736,1755],"product_tag":[],"class_list":{"0":"post-35822","1":"product","2":"type-product","3":"status-publish","4":"has-post-thumbnail","6":"product_cat-chaudiere-a-vapeur-industrielle-chaudieres","7":"product_cat-chaudieres-a-vapeur-chaudiere","9":"first","10":"instock","11":"shipping-taxable","12":"product-type-simple"},"yoast_head":"<!-- This site is optimized with the Yoast SEO plugin v27.1.1 - https:\/\/yoast.com\/product\/yoast-seo-wordpress\/ -->\n<title>BJ - G\u00e9n\u00e9rateur de vapeur - GeoClimate.ge<\/title>\n<meta name=\"robots\" content=\"index, follow, max-snippet:-1, max-image-preview:large, max-video-preview:-1\" \/>\n<link rel=\"canonical\" href=\"https:\/\/geoclimate.ge\/fr\/produit\/bj-steam-generator\/\" \/>\n<meta property=\"og:locale\" content=\"fr_FR\" \/>\n<meta property=\"og:type\" content=\"article\" \/>\n<meta property=\"og:title\" content=\"BJ - G\u00e9n\u00e9rateur de vapeur - GeoClimate.ge\" \/>\n<meta property=\"og:description\" content=\"G\u00e9n\u00e9rateurs de vapeur BJ - Combustibles liquides et gazeux - Type horizontal 3 passes  Mechanical Systems fabrique des g\u00e9n\u00e9rateurs de vapeur offrant un rendement et une fiabilit\u00e9 \u00e9lev\u00e9s au secteur industriel. Gr\u00e2ce \u00e0 nos solutions d&#039;ing\u00e9nierie avanc\u00e9es et \u00e0 notre approche de production de qualit\u00e9, nous proposons des solutions vapeur durables et efficaces, adapt\u00e9es aux entreprises de toutes tailles.  Le choix id\u00e9al pour la s\u00e9curit\u00e9 et la rapidit\u00e9 250 kg\/h \u00e0 3\u00a0000 kg\/h Pression de service de 3 \u00e0 12 bars Conception \u00e0 retour humide Rendement thermique jusqu&#039;\u00e0 90 % (jusqu&#039;\u00e0 95 % dans les applications \u00e9conomiseurs) Conception respectueuse de l&#039;environnement Conception ergonomique Durable et facile d&#039;entretien Fonctionnalit\u00e9s de s\u00e9curit\u00e9 avanc\u00e9es\" \/>\n<meta property=\"og:url\" content=\"https:\/\/geoclimate.ge\/fr\/produit\/bj-steam-generator\/\" \/>\n<meta property=\"og:site_name\" content=\"GeoClimate.ge\" \/>\n<meta property=\"article:modified_time\" content=\"2025-06-14T09:48:24+00:00\" \/>\n<meta property=\"og:image\" content=\"https:\/\/geoclimate.ge\/wp-content\/uploads\/2025\/06\/buhar-kazani442.png\" \/>\n\t<meta property=\"og:image:width\" content=\"800\" \/>\n\t<meta property=\"og:image:height\" content=\"800\" \/>\n\t<meta property=\"og:image:type\" content=\"image\/png\" \/>\n<meta name=\"twitter:card\" content=\"summary_large_image\" \/>\n<meta name=\"twitter:label1\" content=\"Dur\u00e9e de lecture estim\u00e9e\" \/>\n\t<meta name=\"twitter:data1\" content=\"1 minute\" \/>\n<script type=\"application\/ld+json\" class=\"yoast-schema-graph\">{\"@context\":\"https:\/\/schema.org\",\"@graph\":[{\"@type\":\"WebPage\",\"@id\":\"https:\/\/geoclimate.ge\/fr\/produit\/bj-steam-generator\/\",\"url\":\"https:\/\/geoclimate.ge\/fr\/produit\/bj-steam-generator\/\",\"name\":\"BJ - G\u00e9n\u00e9rateur de vapeur - GeoClimate.ge\",\"isPartOf\":{\"@id\":\"https:\/\/geoclimate.ge\/#website\"},\"primaryImageOfPage\":{\"@id\":\"https:\/\/geoclimate.ge\/fr\/produit\/bj-steam-generator\/#primaryimage\"},\"image\":{\"@id\":\"https:\/\/geoclimate.ge\/fr\/produit\/bj-steam-generator\/#primaryimage\"},\"thumbnailUrl\":\"https:\/\/geoclimate.ge\/wp-content\/uploads\/2025\/06\/buhar-kazani442.png\",\"datePublished\":\"2025-06-14T09:44:07+00:00\",\"dateModified\":\"2025-06-14T09:48:24+00:00\",\"breadcrumb\":{\"@id\":\"https:\/\/geoclimate.ge\/fr\/produit\/bj-steam-generator\/#breadcrumb\"},\"inLanguage\":\"fr-FR\",\"potentialAction\":[{\"@type\":\"ReadAction\",\"target\":[\"https:\/\/geoclimate.ge\/fr\/produit\/bj-steam-generator\/\"]}]},{\"@type\":\"ImageObject\",\"inLanguage\":\"fr-FR\",\"@id\":\"https:\/\/geoclimate.ge\/fr\/produit\/bj-steam-generator\/#primaryimage\",\"url\":\"https:\/\/geoclimate.ge\/wp-content\/uploads\/2025\/06\/buhar-kazani442.png\",\"contentUrl\":\"https:\/\/geoclimate.ge\/wp-content\/uploads\/2025\/06\/buhar-kazani442.png\",\"width\":800,\"height\":800},{\"@type\":\"BreadcrumbList\",\"@id\":\"https:\/\/geoclimate.ge\/fr\/produit\/bj-steam-generator\/#breadcrumb\",\"itemListElement\":[{\"@type\":\"ListItem\",\"position\":1,\"name\":\"Home\",\"item\":\"https:\/\/geoclimate.ge\/fr\/\"},{\"@type\":\"ListItem\",\"position\":2,\"name\":\"Products\",\"item\":\"https:\/\/geoclimate.ge\/fr\/products\/\"},{\"@type\":\"ListItem\",\"position\":3,\"name\":\"BJ &#8211; G\u00e9n\u00e9rateur de vapeur\"}]},{\"@type\":\"WebSite\",\"@id\":\"https:\/\/geoclimate.ge\/#website\",\"url\":\"https:\/\/geoclimate.ge\/\",\"name\":\"GeoClimate\",\"description\":\"\",\"publisher\":{\"@id\":\"https:\/\/geoclimate.ge\/#organization\"},\"potentialAction\":[{\"@type\":\"SearchAction\",\"target\":{\"@type\":\"EntryPoint\",\"urlTemplate\":\"https:\/\/geoclimate.ge\/?s={search_term_string}\"},\"query-input\":{\"@type\":\"PropertyValueSpecification\",\"valueRequired\":true,\"valueName\":\"search_term_string\"}}],\"inLanguage\":\"fr-FR\"},{\"@type\":\"Organization\",\"@id\":\"https:\/\/geoclimate.ge\/#organization\",\"name\":\"GeoClimate\",\"url\":\"https:\/\/geoclimate.ge\/\",\"logo\":{\"@type\":\"ImageObject\",\"inLanguage\":\"fr-FR\",\"@id\":\"https:\/\/geoclimate.ge\/#\/schema\/logo\/image\/\",\"url\":\"https:\/\/geoclimate.ge\/wp-content\/uploads\/2026\/03\/geoclimate-SEO.png\",\"contentUrl\":\"https:\/\/geoclimate.ge\/wp-content\/uploads\/2026\/03\/geoclimate-SEO.png\",\"width\":1536,\"height\":1024,\"caption\":\"GeoClimate\"},\"image\":{\"@id\":\"https:\/\/geoclimate.ge\/#\/schema\/logo\/image\/\"}}]}<\/script>\n<!-- \/ Yoast SEO plugin. -->","yoast_head_json":{"title":"BJ - G\u00e9n\u00e9rateur de vapeur - GeoClimate.ge","robots":{"index":"index","follow":"follow","max-snippet":"max-snippet:-1","max-image-preview":"max-image-preview:large","max-video-preview":"max-video-preview:-1"},"canonical":"https:\/\/geoclimate.ge\/fr\/produit\/bj-steam-generator\/","og_locale":"fr_FR","og_type":"article","og_title":"BJ - G\u00e9n\u00e9rateur de vapeur - GeoClimate.ge","og_description":"G\u00e9n\u00e9rateurs de vapeur BJ - Combustibles liquides et gazeux - Type horizontal 3 passes  Mechanical Systems fabrique des g\u00e9n\u00e9rateurs de vapeur offrant un rendement et une fiabilit\u00e9 \u00e9lev\u00e9s au secteur industriel. Gr\u00e2ce \u00e0 nos solutions d'ing\u00e9nierie avanc\u00e9es et \u00e0 notre approche de production de qualit\u00e9, nous proposons des solutions vapeur durables et efficaces, adapt\u00e9es aux entreprises de toutes tailles.  Le choix id\u00e9al pour la s\u00e9curit\u00e9 et la rapidit\u00e9 250 kg\/h \u00e0 3\u00a0000 kg\/h Pression de service de 3 \u00e0 12 bars Conception \u00e0 retour humide Rendement thermique jusqu'\u00e0 90 % (jusqu'\u00e0 95 % dans les applications \u00e9conomiseurs) Conception respectueuse de l'environnement Conception ergonomique Durable et facile d'entretien Fonctionnalit\u00e9s de s\u00e9curit\u00e9 avanc\u00e9es","og_url":"https:\/\/geoclimate.ge\/fr\/produit\/bj-steam-generator\/","og_site_name":"GeoClimate.ge","article_modified_time":"2025-06-14T09:48:24+00:00","og_image":[{"width":800,"height":800,"url":"https:\/\/geoclimate.ge\/wp-content\/uploads\/2025\/06\/buhar-kazani442.png","type":"image\/png"}],"twitter_card":"summary_large_image","twitter_misc":{"Dur\u00e9e de lecture estim\u00e9e":"1 minute"},"schema":{"@context":"https:\/\/schema.org","@graph":[{"@type":"WebPage","@id":"https:\/\/geoclimate.ge\/fr\/produit\/bj-steam-generator\/","url":"https:\/\/geoclimate.ge\/fr\/produit\/bj-steam-generator\/","name":"BJ - G\u00e9n\u00e9rateur de vapeur - GeoClimate.ge","isPartOf":{"@id":"https:\/\/geoclimate.ge\/#website"},"primaryImageOfPage":{"@id":"https:\/\/geoclimate.ge\/fr\/produit\/bj-steam-generator\/#primaryimage"},"image":{"@id":"https:\/\/geoclimate.ge\/fr\/produit\/bj-steam-generator\/#primaryimage"},"thumbnailUrl":"https:\/\/geoclimate.ge\/wp-content\/uploads\/2025\/06\/buhar-kazani442.png","datePublished":"2025-06-14T09:44:07+00:00","dateModified":"2025-06-14T09:48:24+00:00","breadcrumb":{"@id":"https:\/\/geoclimate.ge\/fr\/produit\/bj-steam-generator\/#breadcrumb"},"inLanguage":"fr-FR","potentialAction":[{"@type":"ReadAction","target":["https:\/\/geoclimate.ge\/fr\/produit\/bj-steam-generator\/"]}]},{"@type":"ImageObject","inLanguage":"fr-FR","@id":"https:\/\/geoclimate.ge\/fr\/produit\/bj-steam-generator\/#primaryimage","url":"https:\/\/geoclimate.ge\/wp-content\/uploads\/2025\/06\/buhar-kazani442.png","contentUrl":"https:\/\/geoclimate.ge\/wp-content\/uploads\/2025\/06\/buhar-kazani442.png","width":800,"height":800},{"@type":"BreadcrumbList","@id":"https:\/\/geoclimate.ge\/fr\/produit\/bj-steam-generator\/#breadcrumb","itemListElement":[{"@type":"ListItem","position":1,"name":"Home","item":"https:\/\/geoclimate.ge\/fr\/"},{"@type":"ListItem","position":2,"name":"Products","item":"https:\/\/geoclimate.ge\/fr\/products\/"},{"@type":"ListItem","position":3,"name":"BJ &#8211; G\u00e9n\u00e9rateur de vapeur"}]},{"@type":"WebSite","@id":"https:\/\/geoclimate.ge\/#website","url":"https:\/\/geoclimate.ge\/","name":"GeoClimate","description":"","publisher":{"@id":"https:\/\/geoclimate.ge\/#organization"},"potentialAction":[{"@type":"SearchAction","target":{"@type":"EntryPoint","urlTemplate":"https:\/\/geoclimate.ge\/?s={search_term_string}"},"query-input":{"@type":"PropertyValueSpecification","valueRequired":true,"valueName":"search_term_string"}}],"inLanguage":"fr-FR"},{"@type":"Organization","@id":"https:\/\/geoclimate.ge\/#organization","name":"GeoClimate","url":"https:\/\/geoclimate.ge\/","logo":{"@type":"ImageObject","inLanguage":"fr-FR","@id":"https:\/\/geoclimate.ge\/#\/schema\/logo\/image\/","url":"https:\/\/geoclimate.ge\/wp-content\/uploads\/2026\/03\/geoclimate-SEO.png","contentUrl":"https:\/\/geoclimate.ge\/wp-content\/uploads\/2026\/03\/geoclimate-SEO.png","width":1536,"height":1024,"caption":"GeoClimate"},"image":{"@id":"https:\/\/geoclimate.ge\/#\/schema\/logo\/image\/"}}]}},"_links":{"self":[{"href":"https:\/\/geoclimate.ge\/fr\/wp-json\/wp\/v2\/product\/35822","targetHints":{"allow":["GET"]}}],"collection":[{"href":"https:\/\/geoclimate.ge\/fr\/wp-json\/wp\/v2\/product"}],"about":[{"href":"https:\/\/geoclimate.ge\/fr\/wp-json\/wp\/v2\/types\/product"}],"wp:featuredmedia":[{"embeddable":true,"href":"https:\/\/geoclimate.ge\/fr\/wp-json\/wp\/v2\/media\/35811"}],"wp:attachment":[{"href":"https:\/\/geoclimate.ge\/fr\/wp-json\/wp\/v2\/media?parent=35822"}],"wp:term":[{"taxonomy":"product_brand","embeddable":true,"href":"https:\/\/geoclimate.ge\/fr\/wp-json\/wp\/v2\/product_brand?post=35822"},{"taxonomy":"product_cat","embeddable":true,"href":"https:\/\/geoclimate.ge\/fr\/wp-json\/wp\/v2\/product_cat?post=35822"},{"taxonomy":"product_tag","embeddable":true,"href":"https:\/\/geoclimate.ge\/fr\/wp-json\/wp\/v2\/product_tag?post=35822"}],"curies":[{"name":"wp","href":"https:\/\/api.w.org\/{rel}","templated":true}]}}