{"id":35850,"date":"2025-06-14T14:10:55","date_gmt":"2025-06-14T10:10:55","guid":{"rendered":"https:\/\/airsystems.ge\/shop\/product\/sbk-scotch-steam-boiler\/"},"modified":"2025-06-14T14:18:29","modified_gmt":"2025-06-14T10:18:29","slug":"sbk-scotch-steam-boiler","status":"publish","type":"product","link":"https:\/\/geoclimate.ge\/fr\/produit\/sbk-scotch-steam-boiler\/","title":{"rendered":"SBK &#8211; Chaudi\u00e8re \u00e0 vapeur SCOTCH"},"content":{"rendered":"<p>Mekanik Sistemler A.\u015e. fabrique des chaudi\u00e8res \u00e0 vapeur offrant une production de vapeur comprise entre 100 kg\/h et 15\u00a0000 kg\/h, selon vos besoins. Compatibles avec diff\u00e9rents types de combustibles, ces chaudi\u00e8res offrent une large gamme d&rsquo;applications avec une pression de service flexible comprise entre 3 et 10 bars.<\/p>\n<p>Proc\u00e9d\u00e9s industriels<br \/>\nSt\u00e9rilisation<br \/>\nAutoclave<br \/>\nSecteur textile<br \/>\nH\u00f4pitaux<br \/>\nSecteur du caoutchouc<br \/>\nCure du b\u00e9ton<br \/>\nRaffinerie et p\u00e9trochimie<br \/>\nSecteur alimentaire<\/p>\n","protected":false},"excerpt":{"rendered":"<p>SBK &#8211; Chaudi\u00e8re \u00e0 vapeur SCOTCH &#8211; Combustibles liquides et gazeux, trois passes<\/p>\n<p>La chaudi\u00e8re \u00e0 vapeur SBK \u00e0 trois passes est une solution robuste et fiable con\u00e7ue pour r\u00e9pondre aux besoins en vapeur des entreprises avec un rendement optimal. Les chaudi\u00e8res \u00e0 vapeur de type Scotch permettent des \u00e9conomies d&rsquo;\u00e9nergie gr\u00e2ce \u00e0 leurs structures hautes performances et offrent aux entreprises des avantages financiers \u00e0 long terme. Leur rendement maximal est atteint gr\u00e2ce au syst\u00e8me de transfert de chaleur \u00e0 trois passes. Ces chaudi\u00e8res, compatibles avec les combustibles liquides, gazeux et solides, r\u00e9pondent \u00e0 tous les besoins en vapeur industrielle gr\u00e2ce \u00e0 leurs vastes domaines d&rsquo;application.<\/p>\n<p>100 kg\/h \u00e0 15\u00a0000 kg\/h<br \/>\n3-10 bar<br \/>\nRendement jusqu&rsquo;\u00e0 90 %. Conception \u00e0 trois passes avec retour humide<br \/>\nConception \u00e9cologique<br \/>\n\u00c9conomies d&rsquo;\u00e9nergie \u00e9lev\u00e9es<br \/>\nLongue dur\u00e9e de vie et entretien facile<br \/>\nS\u00e9curit\u00e9 et fonctionnalit\u00e9s avanc\u00e9es<br \/>\nCompatibilit\u00e9 avec les combustibles solides, liquides et gazeux<br \/>\nConception de la chambre \u00e0 vapeur<\/p>\n","protected":false},"featured_media":35833,"template":"","meta":[],"product_brand":[],"product_cat":[1736,1755],"product_tag":[],"class_list":{"0":"post-35850","1":"product","2":"type-product","3":"status-publish","4":"has-post-thumbnail","6":"product_cat-chaudiere-a-vapeur-industrielle-chaudieres","7":"product_cat-chaudieres-a-vapeur-chaudiere","9":"first","10":"instock","11":"shipping-taxable","12":"product-type-simple"},"yoast_head":"<!-- This site is optimized with the Yoast SEO plugin v27.1.1 - https:\/\/yoast.com\/product\/yoast-seo-wordpress\/ -->\n<title>SBK - Chaudi\u00e8re \u00e0 vapeur SCOTCH - GeoClimate.ge<\/title>\n<meta name=\"robots\" content=\"index, follow, max-snippet:-1, max-image-preview:large, max-video-preview:-1\" \/>\n<link rel=\"canonical\" href=\"https:\/\/geoclimate.ge\/fr\/produit\/sbk-scotch-steam-boiler\/\" \/>\n<meta property=\"og:locale\" content=\"fr_FR\" \/>\n<meta property=\"og:type\" content=\"article\" \/>\n<meta property=\"og:title\" content=\"SBK - Chaudi\u00e8re \u00e0 vapeur SCOTCH - GeoClimate.ge\" \/>\n<meta property=\"og:description\" content=\"SBK - Chaudi\u00e8re \u00e0 vapeur SCOTCH - Combustibles liquides et gazeux, trois passes  La chaudi\u00e8re \u00e0 vapeur SBK \u00e0 trois passes est une solution robuste et fiable con\u00e7ue pour r\u00e9pondre aux besoins en vapeur des entreprises avec un rendement optimal. Les chaudi\u00e8res \u00e0 vapeur de type Scotch permettent des \u00e9conomies d&#039;\u00e9nergie gr\u00e2ce \u00e0 leurs structures hautes performances et offrent aux entreprises des avantages financiers \u00e0 long terme. Leur rendement maximal est atteint gr\u00e2ce au syst\u00e8me de transfert de chaleur \u00e0 trois passes. Ces chaudi\u00e8res, compatibles avec les combustibles liquides, gazeux et solides, r\u00e9pondent \u00e0 tous les besoins en vapeur industrielle gr\u00e2ce \u00e0 leurs vastes domaines d&#039;application.  100 kg\/h \u00e0 15\u00a0000 kg\/h 3-10 bar Rendement jusqu&#039;\u00e0 90 %. Conception \u00e0 trois passes avec retour humide Conception \u00e9cologique \u00c9conomies d&#039;\u00e9nergie \u00e9lev\u00e9es Longue dur\u00e9e de vie et entretien facile S\u00e9curit\u00e9 et fonctionnalit\u00e9s avanc\u00e9es Compatibilit\u00e9 avec les combustibles solides, liquides et gazeux Conception de la chambre \u00e0 vapeur\" \/>\n<meta property=\"og:url\" content=\"https:\/\/geoclimate.ge\/fr\/produit\/sbk-scotch-steam-boiler\/\" \/>\n<meta property=\"og:site_name\" content=\"GeoClimate.ge\" \/>\n<meta property=\"article:modified_time\" content=\"2025-06-14T10:18:29+00:00\" \/>\n<meta property=\"og:image\" content=\"https:\/\/geoclimate.ge\/wp-content\/uploads\/2025\/06\/sbk-skoc5473.png\" \/>\n\t<meta property=\"og:image:width\" content=\"800\" \/>\n\t<meta property=\"og:image:height\" content=\"867\" \/>\n\t<meta property=\"og:image:type\" content=\"image\/png\" \/>\n<meta name=\"twitter:card\" content=\"summary_large_image\" \/>\n<script type=\"application\/ld+json\" class=\"yoast-schema-graph\">{\"@context\":\"https:\/\/schema.org\",\"@graph\":[{\"@type\":\"WebPage\",\"@id\":\"https:\/\/geoclimate.ge\/fr\/produit\/sbk-scotch-steam-boiler\/\",\"url\":\"https:\/\/geoclimate.ge\/fr\/produit\/sbk-scotch-steam-boiler\/\",\"name\":\"SBK - Chaudi\u00e8re \u00e0 vapeur SCOTCH - GeoClimate.ge\",\"isPartOf\":{\"@id\":\"https:\/\/geoclimate.ge\/#website\"},\"primaryImageOfPage\":{\"@id\":\"https:\/\/geoclimate.ge\/fr\/produit\/sbk-scotch-steam-boiler\/#primaryimage\"},\"image\":{\"@id\":\"https:\/\/geoclimate.ge\/fr\/produit\/sbk-scotch-steam-boiler\/#primaryimage\"},\"thumbnailUrl\":\"https:\/\/geoclimate.ge\/wp-content\/uploads\/2025\/06\/sbk-skoc5473.png\",\"datePublished\":\"2025-06-14T10:10:55+00:00\",\"dateModified\":\"2025-06-14T10:18:29+00:00\",\"breadcrumb\":{\"@id\":\"https:\/\/geoclimate.ge\/fr\/produit\/sbk-scotch-steam-boiler\/#breadcrumb\"},\"inLanguage\":\"fr-FR\",\"potentialAction\":[{\"@type\":\"ReadAction\",\"target\":[\"https:\/\/geoclimate.ge\/fr\/produit\/sbk-scotch-steam-boiler\/\"]}]},{\"@type\":\"ImageObject\",\"inLanguage\":\"fr-FR\",\"@id\":\"https:\/\/geoclimate.ge\/fr\/produit\/sbk-scotch-steam-boiler\/#primaryimage\",\"url\":\"https:\/\/geoclimate.ge\/wp-content\/uploads\/2025\/06\/sbk-skoc5473.png\",\"contentUrl\":\"https:\/\/geoclimate.ge\/wp-content\/uploads\/2025\/06\/sbk-skoc5473.png\",\"width\":800,\"height\":867},{\"@type\":\"BreadcrumbList\",\"@id\":\"https:\/\/geoclimate.ge\/fr\/produit\/sbk-scotch-steam-boiler\/#breadcrumb\",\"itemListElement\":[{\"@type\":\"ListItem\",\"position\":1,\"name\":\"Home\",\"item\":\"https:\/\/geoclimate.ge\/fr\/\"},{\"@type\":\"ListItem\",\"position\":2,\"name\":\"Products\",\"item\":\"https:\/\/geoclimate.ge\/fr\/products\/\"},{\"@type\":\"ListItem\",\"position\":3,\"name\":\"SBK &#8211; Chaudi\u00e8re \u00e0 vapeur SCOTCH\"}]},{\"@type\":\"WebSite\",\"@id\":\"https:\/\/geoclimate.ge\/#website\",\"url\":\"https:\/\/geoclimate.ge\/\",\"name\":\"GeoClimate\",\"description\":\"\",\"publisher\":{\"@id\":\"https:\/\/geoclimate.ge\/#organization\"},\"potentialAction\":[{\"@type\":\"SearchAction\",\"target\":{\"@type\":\"EntryPoint\",\"urlTemplate\":\"https:\/\/geoclimate.ge\/?s={search_term_string}\"},\"query-input\":{\"@type\":\"PropertyValueSpecification\",\"valueRequired\":true,\"valueName\":\"search_term_string\"}}],\"inLanguage\":\"fr-FR\"},{\"@type\":\"Organization\",\"@id\":\"https:\/\/geoclimate.ge\/#organization\",\"name\":\"GeoClimate\",\"url\":\"https:\/\/geoclimate.ge\/\",\"logo\":{\"@type\":\"ImageObject\",\"inLanguage\":\"fr-FR\",\"@id\":\"https:\/\/geoclimate.ge\/#\/schema\/logo\/image\/\",\"url\":\"https:\/\/geoclimate.ge\/wp-content\/uploads\/2026\/03\/geoclimate-SEO.png\",\"contentUrl\":\"https:\/\/geoclimate.ge\/wp-content\/uploads\/2026\/03\/geoclimate-SEO.png\",\"width\":1536,\"height\":1024,\"caption\":\"GeoClimate\"},\"image\":{\"@id\":\"https:\/\/geoclimate.ge\/#\/schema\/logo\/image\/\"}}]}<\/script>\n<!-- \/ Yoast SEO plugin. -->","yoast_head_json":{"title":"SBK - Chaudi\u00e8re \u00e0 vapeur SCOTCH - GeoClimate.ge","robots":{"index":"index","follow":"follow","max-snippet":"max-snippet:-1","max-image-preview":"max-image-preview:large","max-video-preview":"max-video-preview:-1"},"canonical":"https:\/\/geoclimate.ge\/fr\/produit\/sbk-scotch-steam-boiler\/","og_locale":"fr_FR","og_type":"article","og_title":"SBK - Chaudi\u00e8re \u00e0 vapeur SCOTCH - GeoClimate.ge","og_description":"SBK - Chaudi\u00e8re \u00e0 vapeur SCOTCH - Combustibles liquides et gazeux, trois passes  La chaudi\u00e8re \u00e0 vapeur SBK \u00e0 trois passes est une solution robuste et fiable con\u00e7ue pour r\u00e9pondre aux besoins en vapeur des entreprises avec un rendement optimal. Les chaudi\u00e8res \u00e0 vapeur de type Scotch permettent des \u00e9conomies d'\u00e9nergie gr\u00e2ce \u00e0 leurs structures hautes performances et offrent aux entreprises des avantages financiers \u00e0 long terme. Leur rendement maximal est atteint gr\u00e2ce au syst\u00e8me de transfert de chaleur \u00e0 trois passes. Ces chaudi\u00e8res, compatibles avec les combustibles liquides, gazeux et solides, r\u00e9pondent \u00e0 tous les besoins en vapeur industrielle gr\u00e2ce \u00e0 leurs vastes domaines d'application.  100 kg\/h \u00e0 15\u00a0000 kg\/h 3-10 bar Rendement jusqu'\u00e0 90 %. Conception \u00e0 trois passes avec retour humide Conception \u00e9cologique \u00c9conomies d'\u00e9nergie \u00e9lev\u00e9es Longue dur\u00e9e de vie et entretien facile S\u00e9curit\u00e9 et fonctionnalit\u00e9s avanc\u00e9es Compatibilit\u00e9 avec les combustibles solides, liquides et gazeux Conception de la chambre \u00e0 vapeur","og_url":"https:\/\/geoclimate.ge\/fr\/produit\/sbk-scotch-steam-boiler\/","og_site_name":"GeoClimate.ge","article_modified_time":"2025-06-14T10:18:29+00:00","og_image":[{"width":800,"height":867,"url":"https:\/\/geoclimate.ge\/wp-content\/uploads\/2025\/06\/sbk-skoc5473.png","type":"image\/png"}],"twitter_card":"summary_large_image","schema":{"@context":"https:\/\/schema.org","@graph":[{"@type":"WebPage","@id":"https:\/\/geoclimate.ge\/fr\/produit\/sbk-scotch-steam-boiler\/","url":"https:\/\/geoclimate.ge\/fr\/produit\/sbk-scotch-steam-boiler\/","name":"SBK - Chaudi\u00e8re \u00e0 vapeur SCOTCH - GeoClimate.ge","isPartOf":{"@id":"https:\/\/geoclimate.ge\/#website"},"primaryImageOfPage":{"@id":"https:\/\/geoclimate.ge\/fr\/produit\/sbk-scotch-steam-boiler\/#primaryimage"},"image":{"@id":"https:\/\/geoclimate.ge\/fr\/produit\/sbk-scotch-steam-boiler\/#primaryimage"},"thumbnailUrl":"https:\/\/geoclimate.ge\/wp-content\/uploads\/2025\/06\/sbk-skoc5473.png","datePublished":"2025-06-14T10:10:55+00:00","dateModified":"2025-06-14T10:18:29+00:00","breadcrumb":{"@id":"https:\/\/geoclimate.ge\/fr\/produit\/sbk-scotch-steam-boiler\/#breadcrumb"},"inLanguage":"fr-FR","potentialAction":[{"@type":"ReadAction","target":["https:\/\/geoclimate.ge\/fr\/produit\/sbk-scotch-steam-boiler\/"]}]},{"@type":"ImageObject","inLanguage":"fr-FR","@id":"https:\/\/geoclimate.ge\/fr\/produit\/sbk-scotch-steam-boiler\/#primaryimage","url":"https:\/\/geoclimate.ge\/wp-content\/uploads\/2025\/06\/sbk-skoc5473.png","contentUrl":"https:\/\/geoclimate.ge\/wp-content\/uploads\/2025\/06\/sbk-skoc5473.png","width":800,"height":867},{"@type":"BreadcrumbList","@id":"https:\/\/geoclimate.ge\/fr\/produit\/sbk-scotch-steam-boiler\/#breadcrumb","itemListElement":[{"@type":"ListItem","position":1,"name":"Home","item":"https:\/\/geoclimate.ge\/fr\/"},{"@type":"ListItem","position":2,"name":"Products","item":"https:\/\/geoclimate.ge\/fr\/products\/"},{"@type":"ListItem","position":3,"name":"SBK &#8211; Chaudi\u00e8re \u00e0 vapeur SCOTCH"}]},{"@type":"WebSite","@id":"https:\/\/geoclimate.ge\/#website","url":"https:\/\/geoclimate.ge\/","name":"GeoClimate","description":"","publisher":{"@id":"https:\/\/geoclimate.ge\/#organization"},"potentialAction":[{"@type":"SearchAction","target":{"@type":"EntryPoint","urlTemplate":"https:\/\/geoclimate.ge\/?s={search_term_string}"},"query-input":{"@type":"PropertyValueSpecification","valueRequired":true,"valueName":"search_term_string"}}],"inLanguage":"fr-FR"},{"@type":"Organization","@id":"https:\/\/geoclimate.ge\/#organization","name":"GeoClimate","url":"https:\/\/geoclimate.ge\/","logo":{"@type":"ImageObject","inLanguage":"fr-FR","@id":"https:\/\/geoclimate.ge\/#\/schema\/logo\/image\/","url":"https:\/\/geoclimate.ge\/wp-content\/uploads\/2026\/03\/geoclimate-SEO.png","contentUrl":"https:\/\/geoclimate.ge\/wp-content\/uploads\/2026\/03\/geoclimate-SEO.png","width":1536,"height":1024,"caption":"GeoClimate"},"image":{"@id":"https:\/\/geoclimate.ge\/#\/schema\/logo\/image\/"}}]}},"_links":{"self":[{"href":"https:\/\/geoclimate.ge\/fr\/wp-json\/wp\/v2\/product\/35850","targetHints":{"allow":["GET"]}}],"collection":[{"href":"https:\/\/geoclimate.ge\/fr\/wp-json\/wp\/v2\/product"}],"about":[{"href":"https:\/\/geoclimate.ge\/fr\/wp-json\/wp\/v2\/types\/product"}],"wp:featuredmedia":[{"embeddable":true,"href":"https:\/\/geoclimate.ge\/fr\/wp-json\/wp\/v2\/media\/35833"}],"wp:attachment":[{"href":"https:\/\/geoclimate.ge\/fr\/wp-json\/wp\/v2\/media?parent=35850"}],"wp:term":[{"taxonomy":"product_brand","embeddable":true,"href":"https:\/\/geoclimate.ge\/fr\/wp-json\/wp\/v2\/product_brand?post=35850"},{"taxonomy":"product_cat","embeddable":true,"href":"https:\/\/geoclimate.ge\/fr\/wp-json\/wp\/v2\/product_cat?post=35850"},{"taxonomy":"product_tag","embeddable":true,"href":"https:\/\/geoclimate.ge\/fr\/wp-json\/wp\/v2\/product_tag?post=35850"}],"curies":[{"name":"wp","href":"https:\/\/api.w.org\/{rel}","templated":true}]}}