{"id":35956,"date":"2025-06-14T14:49:33","date_gmt":"2025-06-14T10:49:33","guid":{"rendered":"https:\/\/airsystems.ge\/shop\/product\/essk-electric-hot-water-boiler\/"},"modified":"2025-06-14T14:52:14","modified_gmt":"2025-06-14T10:52:14","slug":"essk-electric-hot-water-boiler","status":"publish","type":"product","link":"https:\/\/geoclimate.ge\/fr\/produit\/essk-electric-hot-water-boiler\/","title":{"rendered":"ESSK &#8211; Chaudi\u00e8re \u00e0 eau chaude \u00e9lectrique"},"content":{"rendered":"<p>Pr\u00e9sentation<br \/>\nNos chaudi\u00e8res \u00e0 eau chaude \u00e9lectriques fonctionnent avec un rendement d&rsquo;environ 95 % \u00e0 99 % \u00e0 toutes les charges. Les charges variables n&rsquo;affectent pas le rendement de la chaudi\u00e8re. Pour atteindre la pression et la temp\u00e9rature souhait\u00e9es, les \u00e9l\u00e9ments chauffants sont activ\u00e9s et d\u00e9sactiv\u00e9s gr\u00e2ce \u00e0 un syst\u00e8me de contr\u00f4le progressif. Tous les \u00e9l\u00e9ments chauffants de la chaudi\u00e8re peuvent \u00eatre remplac\u00e9s ind\u00e9pendamment les uns des autres, sans soudure ni brasage. Les charges de chauffage de surface sont r\u00e9duites au minimum afin de garantir une longue dur\u00e9e de vie des \u00e9l\u00e9ments chauffants.<\/p>\n<p>La conception optimale de la chaudi\u00e8re permet une circulation optimale de l&rsquo;eau autour des \u00e9l\u00e9ments chauffants et un transfert thermique maximal. La vitesse de l&rsquo;eau est choisie pour minimiser les pertes de charge, et les orifices d&rsquo;entr\u00e9e et de sortie sont positionn\u00e9s selon un diam\u00e8tre et une position garantissant des conditions d&rsquo;\u00e9coulement optimales. Le processeur haute capacit\u00e9 et l&rsquo;\u00e9cran tactile 7 pouces offrent une surveillance unique des processus et une grande simplicit\u00e9 d&rsquo;utilisation.<br \/>\nGr\u00e2ce \u00e0 des r\u00e9sistances de 15 kW int\u00e9gr\u00e9es, la chaudi\u00e8re peut \u00eatre ajust\u00e9e \u00e0 la puissance souhait\u00e9e et son utilisation permet de fournir la puissance souhait\u00e9e.<\/p>\n<p>Domaines d&rsquo;application\u00a0:<br \/>\nDomestiques et industriels<br \/>\nAutoclave<br \/>\nTextile, blanchisserie, nettoyage \u00e0 sec<br \/>\nH\u00f4tels, h\u00f4pitaux, espaces publics<br \/>\nChauffage et eau chaude sanitaire<br \/>\nSecteur touristique<br \/>\n\u00c9valuez vos investissements, notamment en mati\u00e8re de production d&rsquo;\u00e9nergie renouvelable (GES) et d&rsquo;\u00e9nergies renouvelables (SER), avec les chaudi\u00e8res MEKS\u0130S de la s\u00e9rie ESSK. La part croissante des \u00e9nergies renouvelables dans le r\u00e9seau \u00e9lectrique permet d&rsquo;\u00e9valuer l&rsquo;\u00e9lectricit\u00e9 produite \u00e0 partir de l&rsquo;\u00e9nergie \u00e9olienne et solaire. B\u00c9N\u00c9FICIEZ D&rsquo;UNE VALORISATION \u00c9CONOMIQUE DE VOTRE \u00c9LECTRICIT\u00c9 EXC\u00c9DENTAIRE<\/p>\n","protected":false},"excerpt":{"rendered":"<p>Chaudi\u00e8re \u00e0 eau chaude \u00e9lectrique<\/p>\n<p>Nos chaudi\u00e8res \u00e0 eau chaude \u00e9lectriques, avec plus de 43 ans d&rsquo;exp\u00e9rience, de 60 kW \u00e0 900 kW, dot\u00e9es d&rsquo;un corps et de r\u00e9sistances sp\u00e9cifiques, r\u00e9pondent \u00e0 vos besoins de chauffage. Gr\u00e2ce \u00e0 leur conception modulaire, en cascade et ergonomique, elles r\u00e9pondent \u00e0 vos besoins de grande capacit\u00e9 tout en optimisant l&rsquo;espace.<\/p>\n<p>Performances sans compromis, gain de place.<br \/>\nEnvironnement propre, longue dur\u00e9e de vie.<br \/>\nUn produit respectueux de l&rsquo;environnement que vous pouvez utiliser dans vos installations pour produire de l&rsquo;\u00e9nergie sans r\u00e9actions de combustion.<\/p>\n<p>Puissance thermique de 60 \u00e0 900 kW dans un seul corps.<br \/>\nPression de service de 3 \u00e0 6 bars.<br \/>\nFaible co\u00fbt d&rsquo;exploitation.<br \/>\nOptions vapeur s\u00e8che et satur\u00e9e.<br \/>\nRendement de 99 %.<br \/>\nFonction d&rsquo;activation progressive.<\/p>\n","protected":false},"featured_media":35927,"template":"","meta":[],"product_brand":[],"product_cat":[1736,1765],"product_tag":[],"class_list":{"0":"post-35956","1":"product","2":"type-product","3":"status-publish","4":"has-post-thumbnail","6":"product_cat-chaudiere-a-vapeur-industrielle-chaudieres","7":"product_cat-systemes-electriques","9":"first","10":"instock","11":"shipping-taxable","12":"product-type-simple"},"yoast_head":"<!-- This site is optimized with the Yoast SEO plugin v27.1.1 - https:\/\/yoast.com\/product\/yoast-seo-wordpress\/ -->\n<title>ESSK - Chaudi\u00e8re \u00e0 eau chaude \u00e9lectrique - GeoClimate.ge<\/title>\n<meta name=\"robots\" content=\"index, follow, max-snippet:-1, max-image-preview:large, max-video-preview:-1\" \/>\n<link rel=\"canonical\" href=\"https:\/\/geoclimate.ge\/fr\/produit\/essk-electric-hot-water-boiler\/\" \/>\n<meta property=\"og:locale\" content=\"fr_FR\" \/>\n<meta property=\"og:type\" content=\"article\" \/>\n<meta property=\"og:title\" content=\"ESSK - Chaudi\u00e8re \u00e0 eau chaude \u00e9lectrique - GeoClimate.ge\" \/>\n<meta property=\"og:description\" content=\"Chaudi\u00e8re \u00e0 eau chaude \u00e9lectrique  Nos chaudi\u00e8res \u00e0 eau chaude \u00e9lectriques, avec plus de 43 ans d&#039;exp\u00e9rience, de 60 kW \u00e0 900 kW, dot\u00e9es d&#039;un corps et de r\u00e9sistances sp\u00e9cifiques, r\u00e9pondent \u00e0 vos besoins de chauffage. Gr\u00e2ce \u00e0 leur conception modulaire, en cascade et ergonomique, elles r\u00e9pondent \u00e0 vos besoins de grande capacit\u00e9 tout en optimisant l&#039;espace.  Performances sans compromis, gain de place. Environnement propre, longue dur\u00e9e de vie. Un produit respectueux de l&#039;environnement que vous pouvez utiliser dans vos installations pour produire de l&#039;\u00e9nergie sans r\u00e9actions de combustion.  Puissance thermique de 60 \u00e0 900 kW dans un seul corps. Pression de service de 3 \u00e0 6 bars. Faible co\u00fbt d&#039;exploitation. Options vapeur s\u00e8che et satur\u00e9e. Rendement de 99 %. Fonction d&#039;activation progressive.\" \/>\n<meta property=\"og:url\" content=\"https:\/\/geoclimate.ge\/fr\/produit\/essk-electric-hot-water-boiler\/\" \/>\n<meta property=\"og:site_name\" content=\"GeoClimate.ge\" \/>\n<meta property=\"article:modified_time\" content=\"2025-06-14T10:52:14+00:00\" \/>\n<meta property=\"og:image\" content=\"https:\/\/geoclimate.ge\/wp-content\/uploads\/2025\/06\/6rupx7ww7814.jpg\" \/>\n\t<meta property=\"og:image:width\" content=\"800\" \/>\n\t<meta property=\"og:image:height\" content=\"600\" \/>\n\t<meta property=\"og:image:type\" content=\"image\/jpeg\" \/>\n<meta name=\"twitter:card\" content=\"summary_large_image\" \/>\n<meta name=\"twitter:label1\" content=\"Dur\u00e9e de lecture estim\u00e9e\" \/>\n\t<meta name=\"twitter:data1\" content=\"2 minutes\" \/>\n<script type=\"application\/ld+json\" class=\"yoast-schema-graph\">{\"@context\":\"https:\/\/schema.org\",\"@graph\":[{\"@type\":\"WebPage\",\"@id\":\"https:\/\/geoclimate.ge\/fr\/produit\/essk-electric-hot-water-boiler\/\",\"url\":\"https:\/\/geoclimate.ge\/fr\/produit\/essk-electric-hot-water-boiler\/\",\"name\":\"ESSK - Chaudi\u00e8re \u00e0 eau chaude \u00e9lectrique - GeoClimate.ge\",\"isPartOf\":{\"@id\":\"https:\/\/geoclimate.ge\/#website\"},\"primaryImageOfPage\":{\"@id\":\"https:\/\/geoclimate.ge\/fr\/produit\/essk-electric-hot-water-boiler\/#primaryimage\"},\"image\":{\"@id\":\"https:\/\/geoclimate.ge\/fr\/produit\/essk-electric-hot-water-boiler\/#primaryimage\"},\"thumbnailUrl\":\"https:\/\/geoclimate.ge\/wp-content\/uploads\/2025\/06\/6rupx7ww7814.jpg\",\"datePublished\":\"2025-06-14T10:49:33+00:00\",\"dateModified\":\"2025-06-14T10:52:14+00:00\",\"breadcrumb\":{\"@id\":\"https:\/\/geoclimate.ge\/fr\/produit\/essk-electric-hot-water-boiler\/#breadcrumb\"},\"inLanguage\":\"fr-FR\",\"potentialAction\":[{\"@type\":\"ReadAction\",\"target\":[\"https:\/\/geoclimate.ge\/fr\/produit\/essk-electric-hot-water-boiler\/\"]}]},{\"@type\":\"ImageObject\",\"inLanguage\":\"fr-FR\",\"@id\":\"https:\/\/geoclimate.ge\/fr\/produit\/essk-electric-hot-water-boiler\/#primaryimage\",\"url\":\"https:\/\/geoclimate.ge\/wp-content\/uploads\/2025\/06\/6rupx7ww7814.jpg\",\"contentUrl\":\"https:\/\/geoclimate.ge\/wp-content\/uploads\/2025\/06\/6rupx7ww7814.jpg\",\"width\":800,\"height\":600},{\"@type\":\"BreadcrumbList\",\"@id\":\"https:\/\/geoclimate.ge\/fr\/produit\/essk-electric-hot-water-boiler\/#breadcrumb\",\"itemListElement\":[{\"@type\":\"ListItem\",\"position\":1,\"name\":\"Home\",\"item\":\"https:\/\/geoclimate.ge\/fr\/\"},{\"@type\":\"ListItem\",\"position\":2,\"name\":\"Products\",\"item\":\"https:\/\/geoclimate.ge\/fr\/products\/\"},{\"@type\":\"ListItem\",\"position\":3,\"name\":\"ESSK &#8211; Chaudi\u00e8re \u00e0 eau chaude \u00e9lectrique\"}]},{\"@type\":\"WebSite\",\"@id\":\"https:\/\/geoclimate.ge\/#website\",\"url\":\"https:\/\/geoclimate.ge\/\",\"name\":\"GeoClimate\",\"description\":\"\",\"publisher\":{\"@id\":\"https:\/\/geoclimate.ge\/#organization\"},\"potentialAction\":[{\"@type\":\"SearchAction\",\"target\":{\"@type\":\"EntryPoint\",\"urlTemplate\":\"https:\/\/geoclimate.ge\/?s={search_term_string}\"},\"query-input\":{\"@type\":\"PropertyValueSpecification\",\"valueRequired\":true,\"valueName\":\"search_term_string\"}}],\"inLanguage\":\"fr-FR\"},{\"@type\":\"Organization\",\"@id\":\"https:\/\/geoclimate.ge\/#organization\",\"name\":\"GeoClimate\",\"url\":\"https:\/\/geoclimate.ge\/\",\"logo\":{\"@type\":\"ImageObject\",\"inLanguage\":\"fr-FR\",\"@id\":\"https:\/\/geoclimate.ge\/#\/schema\/logo\/image\/\",\"url\":\"https:\/\/geoclimate.ge\/wp-content\/uploads\/2026\/03\/geoclimate-SEO.png\",\"contentUrl\":\"https:\/\/geoclimate.ge\/wp-content\/uploads\/2026\/03\/geoclimate-SEO.png\",\"width\":1536,\"height\":1024,\"caption\":\"GeoClimate\"},\"image\":{\"@id\":\"https:\/\/geoclimate.ge\/#\/schema\/logo\/image\/\"}}]}<\/script>\n<!-- \/ Yoast SEO plugin. -->","yoast_head_json":{"title":"ESSK - Chaudi\u00e8re \u00e0 eau chaude \u00e9lectrique - GeoClimate.ge","robots":{"index":"index","follow":"follow","max-snippet":"max-snippet:-1","max-image-preview":"max-image-preview:large","max-video-preview":"max-video-preview:-1"},"canonical":"https:\/\/geoclimate.ge\/fr\/produit\/essk-electric-hot-water-boiler\/","og_locale":"fr_FR","og_type":"article","og_title":"ESSK - Chaudi\u00e8re \u00e0 eau chaude \u00e9lectrique - GeoClimate.ge","og_description":"Chaudi\u00e8re \u00e0 eau chaude \u00e9lectrique  Nos chaudi\u00e8res \u00e0 eau chaude \u00e9lectriques, avec plus de 43 ans d'exp\u00e9rience, de 60 kW \u00e0 900 kW, dot\u00e9es d'un corps et de r\u00e9sistances sp\u00e9cifiques, r\u00e9pondent \u00e0 vos besoins de chauffage. Gr\u00e2ce \u00e0 leur conception modulaire, en cascade et ergonomique, elles r\u00e9pondent \u00e0 vos besoins de grande capacit\u00e9 tout en optimisant l'espace.  Performances sans compromis, gain de place. Environnement propre, longue dur\u00e9e de vie. Un produit respectueux de l'environnement que vous pouvez utiliser dans vos installations pour produire de l'\u00e9nergie sans r\u00e9actions de combustion.  Puissance thermique de 60 \u00e0 900 kW dans un seul corps. Pression de service de 3 \u00e0 6 bars. Faible co\u00fbt d'exploitation. Options vapeur s\u00e8che et satur\u00e9e. Rendement de 99 %. Fonction d'activation progressive.","og_url":"https:\/\/geoclimate.ge\/fr\/produit\/essk-electric-hot-water-boiler\/","og_site_name":"GeoClimate.ge","article_modified_time":"2025-06-14T10:52:14+00:00","og_image":[{"width":800,"height":600,"url":"https:\/\/geoclimate.ge\/wp-content\/uploads\/2025\/06\/6rupx7ww7814.jpg","type":"image\/jpeg"}],"twitter_card":"summary_large_image","twitter_misc":{"Dur\u00e9e de lecture estim\u00e9e":"2 minutes"},"schema":{"@context":"https:\/\/schema.org","@graph":[{"@type":"WebPage","@id":"https:\/\/geoclimate.ge\/fr\/produit\/essk-electric-hot-water-boiler\/","url":"https:\/\/geoclimate.ge\/fr\/produit\/essk-electric-hot-water-boiler\/","name":"ESSK - Chaudi\u00e8re \u00e0 eau chaude \u00e9lectrique - GeoClimate.ge","isPartOf":{"@id":"https:\/\/geoclimate.ge\/#website"},"primaryImageOfPage":{"@id":"https:\/\/geoclimate.ge\/fr\/produit\/essk-electric-hot-water-boiler\/#primaryimage"},"image":{"@id":"https:\/\/geoclimate.ge\/fr\/produit\/essk-electric-hot-water-boiler\/#primaryimage"},"thumbnailUrl":"https:\/\/geoclimate.ge\/wp-content\/uploads\/2025\/06\/6rupx7ww7814.jpg","datePublished":"2025-06-14T10:49:33+00:00","dateModified":"2025-06-14T10:52:14+00:00","breadcrumb":{"@id":"https:\/\/geoclimate.ge\/fr\/produit\/essk-electric-hot-water-boiler\/#breadcrumb"},"inLanguage":"fr-FR","potentialAction":[{"@type":"ReadAction","target":["https:\/\/geoclimate.ge\/fr\/produit\/essk-electric-hot-water-boiler\/"]}]},{"@type":"ImageObject","inLanguage":"fr-FR","@id":"https:\/\/geoclimate.ge\/fr\/produit\/essk-electric-hot-water-boiler\/#primaryimage","url":"https:\/\/geoclimate.ge\/wp-content\/uploads\/2025\/06\/6rupx7ww7814.jpg","contentUrl":"https:\/\/geoclimate.ge\/wp-content\/uploads\/2025\/06\/6rupx7ww7814.jpg","width":800,"height":600},{"@type":"BreadcrumbList","@id":"https:\/\/geoclimate.ge\/fr\/produit\/essk-electric-hot-water-boiler\/#breadcrumb","itemListElement":[{"@type":"ListItem","position":1,"name":"Home","item":"https:\/\/geoclimate.ge\/fr\/"},{"@type":"ListItem","position":2,"name":"Products","item":"https:\/\/geoclimate.ge\/fr\/products\/"},{"@type":"ListItem","position":3,"name":"ESSK &#8211; Chaudi\u00e8re \u00e0 eau chaude \u00e9lectrique"}]},{"@type":"WebSite","@id":"https:\/\/geoclimate.ge\/#website","url":"https:\/\/geoclimate.ge\/","name":"GeoClimate","description":"","publisher":{"@id":"https:\/\/geoclimate.ge\/#organization"},"potentialAction":[{"@type":"SearchAction","target":{"@type":"EntryPoint","urlTemplate":"https:\/\/geoclimate.ge\/?s={search_term_string}"},"query-input":{"@type":"PropertyValueSpecification","valueRequired":true,"valueName":"search_term_string"}}],"inLanguage":"fr-FR"},{"@type":"Organization","@id":"https:\/\/geoclimate.ge\/#organization","name":"GeoClimate","url":"https:\/\/geoclimate.ge\/","logo":{"@type":"ImageObject","inLanguage":"fr-FR","@id":"https:\/\/geoclimate.ge\/#\/schema\/logo\/image\/","url":"https:\/\/geoclimate.ge\/wp-content\/uploads\/2026\/03\/geoclimate-SEO.png","contentUrl":"https:\/\/geoclimate.ge\/wp-content\/uploads\/2026\/03\/geoclimate-SEO.png","width":1536,"height":1024,"caption":"GeoClimate"},"image":{"@id":"https:\/\/geoclimate.ge\/#\/schema\/logo\/image\/"}}]}},"_links":{"self":[{"href":"https:\/\/geoclimate.ge\/fr\/wp-json\/wp\/v2\/product\/35956","targetHints":{"allow":["GET"]}}],"collection":[{"href":"https:\/\/geoclimate.ge\/fr\/wp-json\/wp\/v2\/product"}],"about":[{"href":"https:\/\/geoclimate.ge\/fr\/wp-json\/wp\/v2\/types\/product"}],"wp:featuredmedia":[{"embeddable":true,"href":"https:\/\/geoclimate.ge\/fr\/wp-json\/wp\/v2\/media\/35927"}],"wp:attachment":[{"href":"https:\/\/geoclimate.ge\/fr\/wp-json\/wp\/v2\/media?parent=35956"}],"wp:term":[{"taxonomy":"product_brand","embeddable":true,"href":"https:\/\/geoclimate.ge\/fr\/wp-json\/wp\/v2\/product_brand?post=35956"},{"taxonomy":"product_cat","embeddable":true,"href":"https:\/\/geoclimate.ge\/fr\/wp-json\/wp\/v2\/product_cat?post=35956"},{"taxonomy":"product_tag","embeddable":true,"href":"https:\/\/geoclimate.ge\/fr\/wp-json\/wp\/v2\/product_tag?post=35956"}],"curies":[{"name":"wp","href":"https:\/\/api.w.org\/{rel}","templated":true}]}}