{"id":36073,"date":"2025-06-14T15:10:56","date_gmt":"2025-06-14T11:10:56","guid":{"rendered":"https:\/\/airsystems.ge\/shop\/product\/kmss-containerized-mobile-hot-water-plant\/"},"modified":"2025-06-14T15:13:28","modified_gmt":"2025-06-14T11:13:28","slug":"kmss-containerized-mobile-hot-water-plant","status":"publish","type":"product","link":"https:\/\/geoclimate.ge\/fr\/produit\/kmss-containerized-mobile-hot-water-plant\/","title":{"rendered":"KMSS &#8211; Centrale d&rsquo;eau chaude mobile conteneuris\u00e9e"},"content":{"rendered":"<p>Domaines d&rsquo;application<\/p>\n<p>Avec notre centrale d&rsquo;eau chaude mobile conteneuris\u00e9e, vous pouvez r\u00e9aliser vos projets rapidement, efficacement et dans le respect des normes. Nous offrons la meilleure solution du secteur gr\u00e2ce \u00e0 nos options de conception flexibles et \u00e0 nos services d&rsquo;assistance complets. Contactez-nous pour obtenir plus d&rsquo;informations et trouver la solution la plus adapt\u00e9e \u00e0 vos projets.<\/p>\n<p>Agriculture et serres<br \/>\nProjets et chantiers de construction<br \/>\nH\u00f4tellerie et tourisme<br \/>\nBlanchisserie et nettoyage \u00e0 sec<br \/>\nNettoyage et st\u00e9rilisation industriels<br \/>\nApplications d&rsquo;autoclaves et de st\u00e9rilisation<br \/>\nPour besoins saisonniers uniquement<br \/>\nChauffage et eau chaude d&rsquo;urgence<br \/>\nZones militaires et de camping<br \/>\nInstallations sociales et espaces \u00e9v\u00e9nementiels<br \/>\nInstallations p\u00e9trochimiques et de raffinerie<\/p>\n","protected":false},"excerpt":{"rendered":"<p>KMSS &#8211; Centrale d&rsquo;eau chaude mobile conteneuris\u00e9e<\/p>\n<p>Forts de 43 ans d&rsquo;exp\u00e9rience dans le secteur, nous sommes leaders dans la production de centrales d&rsquo;eau chaude mobiles conteneuris\u00e9es. Nous proposons \u00e0 nos clients une chaudi\u00e8re \u00e0 eau chaude, un ballon tampon et tous les \u00e9quipements n\u00e9cessaires \u00e0 la chaufferie, tous int\u00e9gr\u00e9s au conteneur.<\/p>\n<p>Solution id\u00e9ale pour les chantiers et les centrales \u00e0 b\u00e9ton<br \/>\nEmplacement en conteneur de 6 \u00e0 12 m<br \/>\nFacilit\u00e9 de transport et d&rsquo;installation<br \/>\nUne solution unique pour diff\u00e9rents besoins<br \/>\nFlexibilit\u00e9 de conception adapt\u00e9e \u00e0 chaque projet<br \/>\nConception respectueuse de l&rsquo;environnement<br \/>\nFonctionnalit\u00e9s de s\u00e9curit\u00e9 avanc\u00e9es<\/p>\n","protected":false},"featured_media":35990,"template":"","meta":[],"product_brand":[],"product_cat":[1736,1746],"product_tag":[],"class_list":{"0":"post-36073","1":"product","2":"type-product","3":"status-publish","4":"has-post-thumbnail","6":"product_cat-chaudiere-a-vapeur-industrielle-chaudieres","7":"product_cat-systemes-mobiles-chaudieres","9":"first","10":"instock","11":"shipping-taxable","12":"product-type-simple"},"yoast_head":"<!-- This site is optimized with the Yoast SEO plugin v27.1.1 - https:\/\/yoast.com\/product\/yoast-seo-wordpress\/ -->\n<title>KMSS - Centrale d&#039;eau chaude mobile conteneuris\u00e9e - GeoClimate.ge<\/title>\n<meta name=\"robots\" content=\"index, follow, max-snippet:-1, max-image-preview:large, max-video-preview:-1\" \/>\n<link rel=\"canonical\" href=\"https:\/\/geoclimate.ge\/fr\/produit\/kmss-containerized-mobile-hot-water-plant\/\" \/>\n<meta property=\"og:locale\" content=\"fr_FR\" \/>\n<meta property=\"og:type\" content=\"article\" \/>\n<meta property=\"og:title\" content=\"KMSS - Centrale d&#039;eau chaude mobile conteneuris\u00e9e - GeoClimate.ge\" \/>\n<meta property=\"og:description\" content=\"KMSS - Centrale d&#039;eau chaude mobile conteneuris\u00e9e  Forts de 43 ans d&#039;exp\u00e9rience dans le secteur, nous sommes leaders dans la production de centrales d&#039;eau chaude mobiles conteneuris\u00e9es. Nous proposons \u00e0 nos clients une chaudi\u00e8re \u00e0 eau chaude, un ballon tampon et tous les \u00e9quipements n\u00e9cessaires \u00e0 la chaufferie, tous int\u00e9gr\u00e9s au conteneur.  Solution id\u00e9ale pour les chantiers et les centrales \u00e0 b\u00e9ton Emplacement en conteneur de 6 \u00e0 12 m Facilit\u00e9 de transport et d&#039;installation Une solution unique pour diff\u00e9rents besoins Flexibilit\u00e9 de conception adapt\u00e9e \u00e0 chaque projet Conception respectueuse de l&#039;environnement Fonctionnalit\u00e9s de s\u00e9curit\u00e9 avanc\u00e9es\" \/>\n<meta property=\"og:url\" content=\"https:\/\/geoclimate.ge\/fr\/produit\/kmss-containerized-mobile-hot-water-plant\/\" \/>\n<meta property=\"og:site_name\" content=\"GeoClimate.ge\" \/>\n<meta property=\"article:modified_time\" content=\"2025-06-14T11:13:28+00:00\" \/>\n<meta property=\"og:image\" content=\"https:\/\/geoclimate.ge\/wp-content\/uploads\/2025\/06\/80525s0m7782.jpg\" \/>\n\t<meta property=\"og:image:width\" content=\"800\" \/>\n\t<meta property=\"og:image:height\" content=\"600\" \/>\n\t<meta property=\"og:image:type\" content=\"image\/jpeg\" \/>\n<meta name=\"twitter:card\" content=\"summary_large_image\" \/>\n<meta name=\"twitter:label1\" content=\"Dur\u00e9e de lecture estim\u00e9e\" \/>\n\t<meta name=\"twitter:data1\" content=\"1 minute\" \/>\n<script type=\"application\/ld+json\" class=\"yoast-schema-graph\">{\"@context\":\"https:\/\/schema.org\",\"@graph\":[{\"@type\":\"WebPage\",\"@id\":\"https:\/\/geoclimate.ge\/fr\/produit\/kmss-containerized-mobile-hot-water-plant\/\",\"url\":\"https:\/\/geoclimate.ge\/fr\/produit\/kmss-containerized-mobile-hot-water-plant\/\",\"name\":\"KMSS - Centrale d'eau chaude mobile conteneuris\u00e9e - GeoClimate.ge\",\"isPartOf\":{\"@id\":\"https:\/\/geoclimate.ge\/#website\"},\"primaryImageOfPage\":{\"@id\":\"https:\/\/geoclimate.ge\/fr\/produit\/kmss-containerized-mobile-hot-water-plant\/#primaryimage\"},\"image\":{\"@id\":\"https:\/\/geoclimate.ge\/fr\/produit\/kmss-containerized-mobile-hot-water-plant\/#primaryimage\"},\"thumbnailUrl\":\"https:\/\/geoclimate.ge\/wp-content\/uploads\/2025\/06\/80525s0m7782.jpg\",\"datePublished\":\"2025-06-14T11:10:56+00:00\",\"dateModified\":\"2025-06-14T11:13:28+00:00\",\"breadcrumb\":{\"@id\":\"https:\/\/geoclimate.ge\/fr\/produit\/kmss-containerized-mobile-hot-water-plant\/#breadcrumb\"},\"inLanguage\":\"fr-FR\",\"potentialAction\":[{\"@type\":\"ReadAction\",\"target\":[\"https:\/\/geoclimate.ge\/fr\/produit\/kmss-containerized-mobile-hot-water-plant\/\"]}]},{\"@type\":\"ImageObject\",\"inLanguage\":\"fr-FR\",\"@id\":\"https:\/\/geoclimate.ge\/fr\/produit\/kmss-containerized-mobile-hot-water-plant\/#primaryimage\",\"url\":\"https:\/\/geoclimate.ge\/wp-content\/uploads\/2025\/06\/80525s0m7782.jpg\",\"contentUrl\":\"https:\/\/geoclimate.ge\/wp-content\/uploads\/2025\/06\/80525s0m7782.jpg\",\"width\":800,\"height\":600},{\"@type\":\"BreadcrumbList\",\"@id\":\"https:\/\/geoclimate.ge\/fr\/produit\/kmss-containerized-mobile-hot-water-plant\/#breadcrumb\",\"itemListElement\":[{\"@type\":\"ListItem\",\"position\":1,\"name\":\"Home\",\"item\":\"https:\/\/geoclimate.ge\/fr\/\"},{\"@type\":\"ListItem\",\"position\":2,\"name\":\"Products\",\"item\":\"https:\/\/geoclimate.ge\/fr\/products\/\"},{\"@type\":\"ListItem\",\"position\":3,\"name\":\"KMSS &#8211; Centrale d&#8217;eau chaude mobile conteneuris\u00e9e\"}]},{\"@type\":\"WebSite\",\"@id\":\"https:\/\/geoclimate.ge\/#website\",\"url\":\"https:\/\/geoclimate.ge\/\",\"name\":\"GeoClimate\",\"description\":\"\",\"publisher\":{\"@id\":\"https:\/\/geoclimate.ge\/#organization\"},\"potentialAction\":[{\"@type\":\"SearchAction\",\"target\":{\"@type\":\"EntryPoint\",\"urlTemplate\":\"https:\/\/geoclimate.ge\/?s={search_term_string}\"},\"query-input\":{\"@type\":\"PropertyValueSpecification\",\"valueRequired\":true,\"valueName\":\"search_term_string\"}}],\"inLanguage\":\"fr-FR\"},{\"@type\":\"Organization\",\"@id\":\"https:\/\/geoclimate.ge\/#organization\",\"name\":\"GeoClimate\",\"url\":\"https:\/\/geoclimate.ge\/\",\"logo\":{\"@type\":\"ImageObject\",\"inLanguage\":\"fr-FR\",\"@id\":\"https:\/\/geoclimate.ge\/#\/schema\/logo\/image\/\",\"url\":\"https:\/\/geoclimate.ge\/wp-content\/uploads\/2026\/03\/geoclimate-SEO.png\",\"contentUrl\":\"https:\/\/geoclimate.ge\/wp-content\/uploads\/2026\/03\/geoclimate-SEO.png\",\"width\":1536,\"height\":1024,\"caption\":\"GeoClimate\"},\"image\":{\"@id\":\"https:\/\/geoclimate.ge\/#\/schema\/logo\/image\/\"}}]}<\/script>\n<!-- \/ Yoast SEO plugin. -->","yoast_head_json":{"title":"KMSS - Centrale d'eau chaude mobile conteneuris\u00e9e - GeoClimate.ge","robots":{"index":"index","follow":"follow","max-snippet":"max-snippet:-1","max-image-preview":"max-image-preview:large","max-video-preview":"max-video-preview:-1"},"canonical":"https:\/\/geoclimate.ge\/fr\/produit\/kmss-containerized-mobile-hot-water-plant\/","og_locale":"fr_FR","og_type":"article","og_title":"KMSS - Centrale d'eau chaude mobile conteneuris\u00e9e - GeoClimate.ge","og_description":"KMSS - Centrale d'eau chaude mobile conteneuris\u00e9e  Forts de 43 ans d'exp\u00e9rience dans le secteur, nous sommes leaders dans la production de centrales d'eau chaude mobiles conteneuris\u00e9es. Nous proposons \u00e0 nos clients une chaudi\u00e8re \u00e0 eau chaude, un ballon tampon et tous les \u00e9quipements n\u00e9cessaires \u00e0 la chaufferie, tous int\u00e9gr\u00e9s au conteneur.  Solution id\u00e9ale pour les chantiers et les centrales \u00e0 b\u00e9ton Emplacement en conteneur de 6 \u00e0 12 m Facilit\u00e9 de transport et d'installation Une solution unique pour diff\u00e9rents besoins Flexibilit\u00e9 de conception adapt\u00e9e \u00e0 chaque projet Conception respectueuse de l'environnement Fonctionnalit\u00e9s de s\u00e9curit\u00e9 avanc\u00e9es","og_url":"https:\/\/geoclimate.ge\/fr\/produit\/kmss-containerized-mobile-hot-water-plant\/","og_site_name":"GeoClimate.ge","article_modified_time":"2025-06-14T11:13:28+00:00","og_image":[{"width":800,"height":600,"url":"https:\/\/geoclimate.ge\/wp-content\/uploads\/2025\/06\/80525s0m7782.jpg","type":"image\/jpeg"}],"twitter_card":"summary_large_image","twitter_misc":{"Dur\u00e9e de lecture estim\u00e9e":"1 minute"},"schema":{"@context":"https:\/\/schema.org","@graph":[{"@type":"WebPage","@id":"https:\/\/geoclimate.ge\/fr\/produit\/kmss-containerized-mobile-hot-water-plant\/","url":"https:\/\/geoclimate.ge\/fr\/produit\/kmss-containerized-mobile-hot-water-plant\/","name":"KMSS - Centrale d'eau chaude mobile conteneuris\u00e9e - GeoClimate.ge","isPartOf":{"@id":"https:\/\/geoclimate.ge\/#website"},"primaryImageOfPage":{"@id":"https:\/\/geoclimate.ge\/fr\/produit\/kmss-containerized-mobile-hot-water-plant\/#primaryimage"},"image":{"@id":"https:\/\/geoclimate.ge\/fr\/produit\/kmss-containerized-mobile-hot-water-plant\/#primaryimage"},"thumbnailUrl":"https:\/\/geoclimate.ge\/wp-content\/uploads\/2025\/06\/80525s0m7782.jpg","datePublished":"2025-06-14T11:10:56+00:00","dateModified":"2025-06-14T11:13:28+00:00","breadcrumb":{"@id":"https:\/\/geoclimate.ge\/fr\/produit\/kmss-containerized-mobile-hot-water-plant\/#breadcrumb"},"inLanguage":"fr-FR","potentialAction":[{"@type":"ReadAction","target":["https:\/\/geoclimate.ge\/fr\/produit\/kmss-containerized-mobile-hot-water-plant\/"]}]},{"@type":"ImageObject","inLanguage":"fr-FR","@id":"https:\/\/geoclimate.ge\/fr\/produit\/kmss-containerized-mobile-hot-water-plant\/#primaryimage","url":"https:\/\/geoclimate.ge\/wp-content\/uploads\/2025\/06\/80525s0m7782.jpg","contentUrl":"https:\/\/geoclimate.ge\/wp-content\/uploads\/2025\/06\/80525s0m7782.jpg","width":800,"height":600},{"@type":"BreadcrumbList","@id":"https:\/\/geoclimate.ge\/fr\/produit\/kmss-containerized-mobile-hot-water-plant\/#breadcrumb","itemListElement":[{"@type":"ListItem","position":1,"name":"Home","item":"https:\/\/geoclimate.ge\/fr\/"},{"@type":"ListItem","position":2,"name":"Products","item":"https:\/\/geoclimate.ge\/fr\/products\/"},{"@type":"ListItem","position":3,"name":"KMSS &#8211; Centrale d&#8217;eau chaude mobile conteneuris\u00e9e"}]},{"@type":"WebSite","@id":"https:\/\/geoclimate.ge\/#website","url":"https:\/\/geoclimate.ge\/","name":"GeoClimate","description":"","publisher":{"@id":"https:\/\/geoclimate.ge\/#organization"},"potentialAction":[{"@type":"SearchAction","target":{"@type":"EntryPoint","urlTemplate":"https:\/\/geoclimate.ge\/?s={search_term_string}"},"query-input":{"@type":"PropertyValueSpecification","valueRequired":true,"valueName":"search_term_string"}}],"inLanguage":"fr-FR"},{"@type":"Organization","@id":"https:\/\/geoclimate.ge\/#organization","name":"GeoClimate","url":"https:\/\/geoclimate.ge\/","logo":{"@type":"ImageObject","inLanguage":"fr-FR","@id":"https:\/\/geoclimate.ge\/#\/schema\/logo\/image\/","url":"https:\/\/geoclimate.ge\/wp-content\/uploads\/2026\/03\/geoclimate-SEO.png","contentUrl":"https:\/\/geoclimate.ge\/wp-content\/uploads\/2026\/03\/geoclimate-SEO.png","width":1536,"height":1024,"caption":"GeoClimate"},"image":{"@id":"https:\/\/geoclimate.ge\/#\/schema\/logo\/image\/"}}]}},"_links":{"self":[{"href":"https:\/\/geoclimate.ge\/fr\/wp-json\/wp\/v2\/product\/36073","targetHints":{"allow":["GET"]}}],"collection":[{"href":"https:\/\/geoclimate.ge\/fr\/wp-json\/wp\/v2\/product"}],"about":[{"href":"https:\/\/geoclimate.ge\/fr\/wp-json\/wp\/v2\/types\/product"}],"wp:featuredmedia":[{"embeddable":true,"href":"https:\/\/geoclimate.ge\/fr\/wp-json\/wp\/v2\/media\/35990"}],"wp:attachment":[{"href":"https:\/\/geoclimate.ge\/fr\/wp-json\/wp\/v2\/media?parent=36073"}],"wp:term":[{"taxonomy":"product_brand","embeddable":true,"href":"https:\/\/geoclimate.ge\/fr\/wp-json\/wp\/v2\/product_brand?post=36073"},{"taxonomy":"product_cat","embeddable":true,"href":"https:\/\/geoclimate.ge\/fr\/wp-json\/wp\/v2\/product_cat?post=36073"},{"taxonomy":"product_tag","embeddable":true,"href":"https:\/\/geoclimate.ge\/fr\/wp-json\/wp\/v2\/product_tag?post=36073"}],"curies":[{"name":"wp","href":"https:\/\/api.w.org\/{rel}","templated":true}]}}