{"id":36128,"date":"2025-06-14T15:19:02","date_gmt":"2025-06-14T11:19:02","guid":{"rendered":"https:\/\/airsystems.ge\/shop\/product\/kmbs-containerized-mobile-steam-plant\/"},"modified":"2025-06-14T15:22:15","modified_gmt":"2025-06-14T11:22:15","slug":"kmbs-containerized-mobile-steam-plant","status":"publish","type":"product","link":"https:\/\/geoclimate.ge\/fr\/produit\/kmbs-containerized-mobile-steam-plant\/","title":{"rendered":"KMBS &#8211; Centrale vapeur mobile conteneuris\u00e9e"},"content":{"rendered":"<p>Pr\u00e9sentation<\/p>\n<p>Ce syst\u00e8me est un ensemble complet. Il comprend l&rsquo;\u00e9lectricit\u00e9, le carburant, l&rsquo;eau, le syst\u00e8me de purification et tous les \u00e9quipements d&rsquo;installation. Il suffit d&rsquo;appuyer sur un bouton pour l&rsquo;activer. Mobile, il est facile \u00e0 transporter et \u00e0 utiliser o\u00f9 et quand vous le souhaitez gr\u00e2ce \u00e0 ses conteneurs sp\u00e9ciaux. Gr\u00e2ce \u00e0 son g\u00e9n\u00e9rateur de vapeur et \u00e0 ses chaudi\u00e8res sp\u00e9cialement con\u00e7us, il r\u00e9pond rapidement \u00e0 vos besoins en vapeur, eau chaude et eau de ville \u00e0 haut rendement. Gr\u00e2ce \u00e0 son isolation thermique, le conteneur fonctionne parfaitement par tous les temps. Il peut \u00eatre con\u00e7u et fabriqu\u00e9 enti\u00e8rement pour produire uniquement de la vapeur, de l&rsquo;eau chaude, de l&rsquo;eau de ville ou les deux. Sa conception sp\u00e9cifique r\u00e9pond \u00e0 diff\u00e9rents besoins. Tous les raccordements d&rsquo;installation \u00e9tant centralis\u00e9s, son utilisation, son montage et sa maintenance sont tr\u00e8s pratiques.<\/p>\n<p>Sp\u00e9cialement con\u00e7us en fonction de l&rsquo;\u00e9quipement utilis\u00e9, les conteneurs sont tr\u00e8s robustes, pratiques et durables. Leurs dimensions sont compactes et leur int\u00e9rieur est con\u00e7u pour faciliter les d\u00e9placements des op\u00e9rateurs. Les conteneurs sont con\u00e7us pour faciliter le retrait et le chargement de tous les \u00e9quipements. Le couvercle avant s&rsquo;ouvre enti\u00e8rement, facilitant ainsi l&rsquo;entretien et la r\u00e9paration. Ils sont compatibles avec tous les carburants (diesel, fioul, gaz, GPL, etc.).<\/p>\n<p>Domaines d&rsquo;application<\/p>\n<p>Installations de production de kiosques \u00e0 b\u00e9ton (cure)<br \/>\nChantiers de construction de routes, tunnels, barrages, ponts et m\u00e9tros (vapeur + eau chaude sanitaire + eau de chauffage)<br \/>\nCentrales de production de b\u00e9ton (chauffage des granulats \u00e0 la vapeur et chauffage de l&rsquo;eau d&rsquo;addition du malaxeur)<br \/>\nInstallations de production de b\u00e9ton pr\u00e9fabriqu\u00e9<br \/>\nH\u00f4pitaux de campagne<br \/>\nCamps militaires et centres de contr\u00f4le.<\/p>\n","protected":false},"excerpt":{"rendered":"<p>KMBS &#8211; Centrale vapeur mobile conteneuris\u00e9e<\/p>\n<p>Une centrale vapeur mobile est une centrale chaleur\/vapeur compl\u00e8te, compos\u00e9e d&rsquo;\u00e9quipements et de dispositifs permettant de produire de l&rsquo;eau de chauffage, de l&rsquo;eau sanitaire ou de la vapeur dans un conteneur portable. L&rsquo;installation, tout \u00e9quip\u00e9e, se commande d&rsquo;une simple pression sur un bouton et se transporte facilement.<\/p>\n<p>Aucun probl\u00e8me de montage, de construction ou d&#8217;emplacement<br \/>\nProduction de vapeur dans des conditions g\u00e9ographiques et climatiques difficiles<br \/>\nLors de l&rsquo;installation de vos chantiers, le chauffage, l&rsquo;alimentation en eau chaude, la cure et la pr\u00e9paration du b\u00e9ton ne posent aucun probl\u00e8me.<\/p>\n<p>Appuyez sur un bouton\u00a0; votre vapeur, votre eau chaude et votre eau de chauffage sont \u00e0 votre disposition.<\/p>\n<p>250 kg\/h \u2013 3\u00a0000 kg\/h<br \/>\nProduction de vapeur et d&rsquo;eau chaude \u00e0 partir d&rsquo;un seul produit<br \/>\nChaufferie dans un seul conteneur<br \/>\nFlexibilit\u00e9 d&rsquo;application<br \/>\nFonctionnement par temps froid et chaud<br \/>\nEn tant que source de chaleur autonome, elle n&rsquo;est pas li\u00e9e \u00e0 un emplacement sp\u00e9cifique dans diverses conditions.<br \/>\nEn p\u00e9riode de pointe<br \/>\nInformations d&rsquo;utilisation simplifi\u00e9es<\/p>\n","protected":false},"featured_media":36081,"template":"","meta":[],"product_brand":[],"product_cat":[1736,1746],"product_tag":[],"class_list":{"0":"post-36128","1":"product","2":"type-product","3":"status-publish","4":"has-post-thumbnail","6":"product_cat-chaudiere-a-vapeur-industrielle-chaudieres","7":"product_cat-systemes-mobiles-chaudieres","9":"first","10":"instock","11":"shipping-taxable","12":"product-type-simple"},"yoast_head":"<!-- This site is optimized with the Yoast SEO plugin v27.1.1 - https:\/\/yoast.com\/product\/yoast-seo-wordpress\/ -->\n<title>KMBS - Centrale vapeur mobile conteneuris\u00e9e - GeoClimate.ge<\/title>\n<meta name=\"robots\" content=\"index, follow, max-snippet:-1, max-image-preview:large, max-video-preview:-1\" \/>\n<link rel=\"canonical\" href=\"https:\/\/geoclimate.ge\/fr\/produit\/kmbs-containerized-mobile-steam-plant\/\" \/>\n<meta property=\"og:locale\" content=\"fr_FR\" \/>\n<meta property=\"og:type\" content=\"article\" \/>\n<meta property=\"og:title\" content=\"KMBS - Centrale vapeur mobile conteneuris\u00e9e - GeoClimate.ge\" \/>\n<meta property=\"og:description\" content=\"KMBS - Centrale vapeur mobile conteneuris\u00e9e  Une centrale vapeur mobile est une centrale chaleur\/vapeur compl\u00e8te, compos\u00e9e d&#039;\u00e9quipements et de dispositifs permettant de produire de l&#039;eau de chauffage, de l&#039;eau sanitaire ou de la vapeur dans un conteneur portable. L&#039;installation, tout \u00e9quip\u00e9e, se commande d&#039;une simple pression sur un bouton et se transporte facilement.  Aucun probl\u00e8me de montage, de construction ou d&#039;emplacement Production de vapeur dans des conditions g\u00e9ographiques et climatiques difficiles Lors de l&#039;installation de vos chantiers, le chauffage, l&#039;alimentation en eau chaude, la cure et la pr\u00e9paration du b\u00e9ton ne posent aucun probl\u00e8me.  Appuyez sur un bouton\u00a0; votre vapeur, votre eau chaude et votre eau de chauffage sont \u00e0 votre disposition.  250 kg\/h \u2013 3\u00a0000 kg\/h Production de vapeur et d&#039;eau chaude \u00e0 partir d&#039;un seul produit Chaufferie dans un seul conteneur Flexibilit\u00e9 d&#039;application Fonctionnement par temps froid et chaud En tant que source de chaleur autonome, elle n&#039;est pas li\u00e9e \u00e0 un emplacement sp\u00e9cifique dans diverses conditions. En p\u00e9riode de pointe Informations d&#039;utilisation simplifi\u00e9es\" \/>\n<meta property=\"og:url\" content=\"https:\/\/geoclimate.ge\/fr\/produit\/kmbs-containerized-mobile-steam-plant\/\" \/>\n<meta property=\"og:site_name\" content=\"GeoClimate.ge\" \/>\n<meta property=\"article:modified_time\" content=\"2025-06-14T11:22:15+00:00\" \/>\n<meta property=\"og:image\" content=\"https:\/\/geoclimate.ge\/wp-content\/uploads\/2025\/06\/cb0yg8vj1657.jpg\" \/>\n\t<meta property=\"og:image:width\" content=\"800\" \/>\n\t<meta property=\"og:image:height\" content=\"600\" \/>\n\t<meta property=\"og:image:type\" content=\"image\/jpeg\" \/>\n<meta name=\"twitter:card\" content=\"summary_large_image\" \/>\n<meta name=\"twitter:label1\" content=\"Dur\u00e9e de lecture estim\u00e9e\" \/>\n\t<meta name=\"twitter:data1\" content=\"1 minute\" \/>\n<script type=\"application\/ld+json\" class=\"yoast-schema-graph\">{\"@context\":\"https:\/\/schema.org\",\"@graph\":[{\"@type\":\"WebPage\",\"@id\":\"https:\/\/geoclimate.ge\/fr\/produit\/kmbs-containerized-mobile-steam-plant\/\",\"url\":\"https:\/\/geoclimate.ge\/fr\/produit\/kmbs-containerized-mobile-steam-plant\/\",\"name\":\"KMBS - Centrale vapeur mobile conteneuris\u00e9e - GeoClimate.ge\",\"isPartOf\":{\"@id\":\"https:\/\/geoclimate.ge\/#website\"},\"primaryImageOfPage\":{\"@id\":\"https:\/\/geoclimate.ge\/fr\/produit\/kmbs-containerized-mobile-steam-plant\/#primaryimage\"},\"image\":{\"@id\":\"https:\/\/geoclimate.ge\/fr\/produit\/kmbs-containerized-mobile-steam-plant\/#primaryimage\"},\"thumbnailUrl\":\"https:\/\/geoclimate.ge\/wp-content\/uploads\/2025\/06\/cb0yg8vj1657.jpg\",\"datePublished\":\"2025-06-14T11:19:02+00:00\",\"dateModified\":\"2025-06-14T11:22:15+00:00\",\"breadcrumb\":{\"@id\":\"https:\/\/geoclimate.ge\/fr\/produit\/kmbs-containerized-mobile-steam-plant\/#breadcrumb\"},\"inLanguage\":\"fr-FR\",\"potentialAction\":[{\"@type\":\"ReadAction\",\"target\":[\"https:\/\/geoclimate.ge\/fr\/produit\/kmbs-containerized-mobile-steam-plant\/\"]}]},{\"@type\":\"ImageObject\",\"inLanguage\":\"fr-FR\",\"@id\":\"https:\/\/geoclimate.ge\/fr\/produit\/kmbs-containerized-mobile-steam-plant\/#primaryimage\",\"url\":\"https:\/\/geoclimate.ge\/wp-content\/uploads\/2025\/06\/cb0yg8vj1657.jpg\",\"contentUrl\":\"https:\/\/geoclimate.ge\/wp-content\/uploads\/2025\/06\/cb0yg8vj1657.jpg\",\"width\":800,\"height\":600},{\"@type\":\"BreadcrumbList\",\"@id\":\"https:\/\/geoclimate.ge\/fr\/produit\/kmbs-containerized-mobile-steam-plant\/#breadcrumb\",\"itemListElement\":[{\"@type\":\"ListItem\",\"position\":1,\"name\":\"Home\",\"item\":\"https:\/\/geoclimate.ge\/fr\/\"},{\"@type\":\"ListItem\",\"position\":2,\"name\":\"Products\",\"item\":\"https:\/\/geoclimate.ge\/fr\/products\/\"},{\"@type\":\"ListItem\",\"position\":3,\"name\":\"KMBS &#8211; Centrale vapeur mobile conteneuris\u00e9e\"}]},{\"@type\":\"WebSite\",\"@id\":\"https:\/\/geoclimate.ge\/#website\",\"url\":\"https:\/\/geoclimate.ge\/\",\"name\":\"GeoClimate\",\"description\":\"\",\"publisher\":{\"@id\":\"https:\/\/geoclimate.ge\/#organization\"},\"potentialAction\":[{\"@type\":\"SearchAction\",\"target\":{\"@type\":\"EntryPoint\",\"urlTemplate\":\"https:\/\/geoclimate.ge\/?s={search_term_string}\"},\"query-input\":{\"@type\":\"PropertyValueSpecification\",\"valueRequired\":true,\"valueName\":\"search_term_string\"}}],\"inLanguage\":\"fr-FR\"},{\"@type\":\"Organization\",\"@id\":\"https:\/\/geoclimate.ge\/#organization\",\"name\":\"GeoClimate\",\"url\":\"https:\/\/geoclimate.ge\/\",\"logo\":{\"@type\":\"ImageObject\",\"inLanguage\":\"fr-FR\",\"@id\":\"https:\/\/geoclimate.ge\/#\/schema\/logo\/image\/\",\"url\":\"https:\/\/geoclimate.ge\/wp-content\/uploads\/2026\/03\/geoclimate-SEO.png\",\"contentUrl\":\"https:\/\/geoclimate.ge\/wp-content\/uploads\/2026\/03\/geoclimate-SEO.png\",\"width\":1536,\"height\":1024,\"caption\":\"GeoClimate\"},\"image\":{\"@id\":\"https:\/\/geoclimate.ge\/#\/schema\/logo\/image\/\"}}]}<\/script>\n<!-- \/ Yoast SEO plugin. -->","yoast_head_json":{"title":"KMBS - Centrale vapeur mobile conteneuris\u00e9e - GeoClimate.ge","robots":{"index":"index","follow":"follow","max-snippet":"max-snippet:-1","max-image-preview":"max-image-preview:large","max-video-preview":"max-video-preview:-1"},"canonical":"https:\/\/geoclimate.ge\/fr\/produit\/kmbs-containerized-mobile-steam-plant\/","og_locale":"fr_FR","og_type":"article","og_title":"KMBS - Centrale vapeur mobile conteneuris\u00e9e - GeoClimate.ge","og_description":"KMBS - Centrale vapeur mobile conteneuris\u00e9e  Une centrale vapeur mobile est une centrale chaleur\/vapeur compl\u00e8te, compos\u00e9e d'\u00e9quipements et de dispositifs permettant de produire de l'eau de chauffage, de l'eau sanitaire ou de la vapeur dans un conteneur portable. L'installation, tout \u00e9quip\u00e9e, se commande d'une simple pression sur un bouton et se transporte facilement.  Aucun probl\u00e8me de montage, de construction ou d'emplacement Production de vapeur dans des conditions g\u00e9ographiques et climatiques difficiles Lors de l'installation de vos chantiers, le chauffage, l'alimentation en eau chaude, la cure et la pr\u00e9paration du b\u00e9ton ne posent aucun probl\u00e8me.  Appuyez sur un bouton\u00a0; votre vapeur, votre eau chaude et votre eau de chauffage sont \u00e0 votre disposition.  250 kg\/h \u2013 3\u00a0000 kg\/h Production de vapeur et d'eau chaude \u00e0 partir d'un seul produit Chaufferie dans un seul conteneur Flexibilit\u00e9 d'application Fonctionnement par temps froid et chaud En tant que source de chaleur autonome, elle n'est pas li\u00e9e \u00e0 un emplacement sp\u00e9cifique dans diverses conditions. En p\u00e9riode de pointe Informations d'utilisation simplifi\u00e9es","og_url":"https:\/\/geoclimate.ge\/fr\/produit\/kmbs-containerized-mobile-steam-plant\/","og_site_name":"GeoClimate.ge","article_modified_time":"2025-06-14T11:22:15+00:00","og_image":[{"width":800,"height":600,"url":"https:\/\/geoclimate.ge\/wp-content\/uploads\/2025\/06\/cb0yg8vj1657.jpg","type":"image\/jpeg"}],"twitter_card":"summary_large_image","twitter_misc":{"Dur\u00e9e de lecture estim\u00e9e":"1 minute"},"schema":{"@context":"https:\/\/schema.org","@graph":[{"@type":"WebPage","@id":"https:\/\/geoclimate.ge\/fr\/produit\/kmbs-containerized-mobile-steam-plant\/","url":"https:\/\/geoclimate.ge\/fr\/produit\/kmbs-containerized-mobile-steam-plant\/","name":"KMBS - Centrale vapeur mobile conteneuris\u00e9e - GeoClimate.ge","isPartOf":{"@id":"https:\/\/geoclimate.ge\/#website"},"primaryImageOfPage":{"@id":"https:\/\/geoclimate.ge\/fr\/produit\/kmbs-containerized-mobile-steam-plant\/#primaryimage"},"image":{"@id":"https:\/\/geoclimate.ge\/fr\/produit\/kmbs-containerized-mobile-steam-plant\/#primaryimage"},"thumbnailUrl":"https:\/\/geoclimate.ge\/wp-content\/uploads\/2025\/06\/cb0yg8vj1657.jpg","datePublished":"2025-06-14T11:19:02+00:00","dateModified":"2025-06-14T11:22:15+00:00","breadcrumb":{"@id":"https:\/\/geoclimate.ge\/fr\/produit\/kmbs-containerized-mobile-steam-plant\/#breadcrumb"},"inLanguage":"fr-FR","potentialAction":[{"@type":"ReadAction","target":["https:\/\/geoclimate.ge\/fr\/produit\/kmbs-containerized-mobile-steam-plant\/"]}]},{"@type":"ImageObject","inLanguage":"fr-FR","@id":"https:\/\/geoclimate.ge\/fr\/produit\/kmbs-containerized-mobile-steam-plant\/#primaryimage","url":"https:\/\/geoclimate.ge\/wp-content\/uploads\/2025\/06\/cb0yg8vj1657.jpg","contentUrl":"https:\/\/geoclimate.ge\/wp-content\/uploads\/2025\/06\/cb0yg8vj1657.jpg","width":800,"height":600},{"@type":"BreadcrumbList","@id":"https:\/\/geoclimate.ge\/fr\/produit\/kmbs-containerized-mobile-steam-plant\/#breadcrumb","itemListElement":[{"@type":"ListItem","position":1,"name":"Home","item":"https:\/\/geoclimate.ge\/fr\/"},{"@type":"ListItem","position":2,"name":"Products","item":"https:\/\/geoclimate.ge\/fr\/products\/"},{"@type":"ListItem","position":3,"name":"KMBS &#8211; Centrale vapeur mobile conteneuris\u00e9e"}]},{"@type":"WebSite","@id":"https:\/\/geoclimate.ge\/#website","url":"https:\/\/geoclimate.ge\/","name":"GeoClimate","description":"","publisher":{"@id":"https:\/\/geoclimate.ge\/#organization"},"potentialAction":[{"@type":"SearchAction","target":{"@type":"EntryPoint","urlTemplate":"https:\/\/geoclimate.ge\/?s={search_term_string}"},"query-input":{"@type":"PropertyValueSpecification","valueRequired":true,"valueName":"search_term_string"}}],"inLanguage":"fr-FR"},{"@type":"Organization","@id":"https:\/\/geoclimate.ge\/#organization","name":"GeoClimate","url":"https:\/\/geoclimate.ge\/","logo":{"@type":"ImageObject","inLanguage":"fr-FR","@id":"https:\/\/geoclimate.ge\/#\/schema\/logo\/image\/","url":"https:\/\/geoclimate.ge\/wp-content\/uploads\/2026\/03\/geoclimate-SEO.png","contentUrl":"https:\/\/geoclimate.ge\/wp-content\/uploads\/2026\/03\/geoclimate-SEO.png","width":1536,"height":1024,"caption":"GeoClimate"},"image":{"@id":"https:\/\/geoclimate.ge\/#\/schema\/logo\/image\/"}}]}},"_links":{"self":[{"href":"https:\/\/geoclimate.ge\/fr\/wp-json\/wp\/v2\/product\/36128","targetHints":{"allow":["GET"]}}],"collection":[{"href":"https:\/\/geoclimate.ge\/fr\/wp-json\/wp\/v2\/product"}],"about":[{"href":"https:\/\/geoclimate.ge\/fr\/wp-json\/wp\/v2\/types\/product"}],"wp:featuredmedia":[{"embeddable":true,"href":"https:\/\/geoclimate.ge\/fr\/wp-json\/wp\/v2\/media\/36081"}],"wp:attachment":[{"href":"https:\/\/geoclimate.ge\/fr\/wp-json\/wp\/v2\/media?parent=36128"}],"wp:term":[{"taxonomy":"product_brand","embeddable":true,"href":"https:\/\/geoclimate.ge\/fr\/wp-json\/wp\/v2\/product_brand?post=36128"},{"taxonomy":"product_cat","embeddable":true,"href":"https:\/\/geoclimate.ge\/fr\/wp-json\/wp\/v2\/product_cat?post=36128"},{"taxonomy":"product_tag","embeddable":true,"href":"https:\/\/geoclimate.ge\/fr\/wp-json\/wp\/v2\/product_tag?post=36128"}],"curies":[{"name":"wp","href":"https:\/\/api.w.org\/{rel}","templated":true}]}}