{"id":36291,"date":"2025-09-03T18:49:00","date_gmt":"2025-09-03T14:49:00","guid":{"rendered":"https:\/\/airsystems.ge\/shop\/product\/f-r60k-circular-fire-dampers\/"},"modified":"2025-09-03T19:01:18","modified_gmt":"2025-09-03T15:01:18","slug":"f-r60k-circular-fire-dampers","status":"publish","type":"product","link":"https:\/\/geoclimate.ge\/fr\/produit\/f-r60k-circular-fire-dampers\/","title":{"rendered":"Clapets coupe-feu circulaires F-R60K"},"content":{"rendered":"<div class=\"mb-400 gtm-product-section container-fluid\" data-gtm-name=\"Benefits\" data-gtm-label=\"Benefits (en)\" data-gtm-vis-first-on-screen53434917_103=\"69404\" data-gtm-vis-total-visible-time53434917_103=\"1500\" data-gtm-vis-has-fired53434917_103=\"1\">\n<div class=\"row\">\n<div class=\"content-element content-element-product-benefit col-12 sm:col-6 mb-400\">\n<div class=\"bg-card px-300 py-250 mobile-nav:px-200 mobile-nav:py-150 h-full flex overflow-hidden card-border\">\n<div class=\"min-w-0\">\n<p><strong>R\u00e9duction du temps<\/strong><br \/>\nOptimisez votre temps pr\u00e9cieux. R\u00e9duisez le temps consacr\u00e9 \u00e0 la s\u00e9lection du produit et de l&rsquo;installation, jusqu&rsquo;aux travaux de construction et de maintenance.<\/p>\n<p><strong>Simplicit\u00e9<\/strong><br \/>\nLa longueur du kit sur le corps du clapet ne d\u00e9passe que de 100 mm du mur. Vous vous affranchissez ainsi des contraintes impos\u00e9es par les longueurs de corps de clapet classiques.<\/p>\n<p><strong>Installation simplifi\u00e9e<\/strong><br \/>\nUne seule m\u00e9thode simple permet d&rsquo;installer le clapet sur une large gamme de constructions standard et non standard, comme les murs de gaine. L&rsquo;installation \u00e0 distance de ces constructions est \u00e9galement simplifi\u00e9e.<\/p>\n<p><strong>M\u00e9canisme manuel disponible<\/strong><br \/>\nLe produit est d\u00e9sormais disponible avec un nouveau m\u00e9canisme manuel\u00a0! Faites d\u00e9filer vers le bas pour en savoir plus.<\/p>\n<p>Les clapets coupe-feu F-R60K sont certifi\u00e9s CE conform\u00e9ment au R\u00e8glement sur les produits de construction (EN 15650:2010). Test\u00e9s selon la norme EN 1366-2:2015 et class\u00e9s selon la norme EN 13501-3 + A1:2009.<\/p>\n<p>Le clapet coupe-feu et son installation sont indissociables de la r\u00e9sistance au feu.<\/p>\n<p>Les clapets coupe-feu F-R60K sont con\u00e7us pour les installations r\u00e9pertori\u00e9es et d\u00e9crites dans leur manuel.<\/p>\n<\/div>\n<\/div>\n<\/div>\n<\/div>\n<\/div>\n<div class=\"content-container content-container-page gtm-product-section\" data-gtm-name=\"Content\" data-gtm-label=\"Content (en)\" data-gtm-vis-first-on-screen53434917_103=\"69427\" data-gtm-vis-total-visible-time53434917_103=\"1500\" data-gtm-vis-has-fired53434917_103=\"1\">\n<div id=\"scroll-F-R60K-H0-H2\" class=\"content-element content-element-text-image gtm-component-text-image TextImage_text-image-extended__PHD6R TextImage_text-image-extended--color-custom__tA1cw TextImage_text-image-extended--style-frame__jgX_i TextImage_text-image-extended--not-small__Rhjzu TextImage_text-image-extended--large-image__MIV9W\">\n<div class=\"container-fluid\">\n<div class=\"TextImage_text-image--large-text__BQ5io row\">\n<div class=\"\">\n<div class=\"TextImage_text-image-extended--frame__2m8Ak\">\n<div class=\"row\">\n<div>\n<figure class=\"w-full flex flex-col md:px-400 TextImage_text-image-col-image-caption--with-offset__GRi4z\">\n<div class=\"TextImage_text-image-col-image-img-container__3Fpb_ flex flex-1 relative\"><img decoding=\"async\" id=\"\" class=\"object-center\" src=\"https:\/\/a.storyblok.com\/f\/108972\/8363x4000\/afbb80ca6c\/f-r60k_series_mech_final.png\/m\/1920x0\/filters:quality(80)\" sizes=\"100vw\" srcset=\"https:\/\/a.storyblok.com\/f\/108972\/8363x4000\/afbb80ca6c\/f-r60k_series_mech_final.png\/m\/640x0\/filters:quality(80) 640w, https:\/\/a.storyblok.com\/f\/108972\/8363x4000\/afbb80ca6c\/f-r60k_series_mech_final.png\/m\/750x0\/filters:quality(80) 750w, https:\/\/a.storyblok.com\/f\/108972\/8363x4000\/afbb80ca6c\/f-r60k_series_mech_final.png\/m\/828x0\/filters:quality(80) 828w, https:\/\/a.storyblok.com\/f\/108972\/8363x4000\/afbb80ca6c\/f-r60k_series_mech_final.png\/m\/1080x0\/filters:quality(80) 1080w, https:\/\/a.storyblok.com\/f\/108972\/8363x4000\/afbb80ca6c\/f-r60k_series_mech_final.png\/m\/1200x0\/filters:quality(80) 1200w, https:\/\/a.storyblok.com\/f\/108972\/8363x4000\/afbb80ca6c\/f-r60k_series_mech_final.png\/m\/1920x0\/filters:quality(80) 1920w\" alt=\"\" data-nimg=\"responsive\" \/><\/div>\n<\/figure>\n<\/div>\n<div class=\"TextImage_text-image-extended-grid__NC5f2 py-400\">\n<div class=\"flex flex-col text-flow\">\n<h2 class=\"TextImage_text-image-headline__FwqZ7 whitespace-pre-line\">F-R60K H0\/H2<\/h2>\n<div class=\"text-md text-tagline font-tagline leading-headings mb-100 order-first\">\n<p>Une nouvelle \u00e8re de m\u00e9canismes manuels con\u00e7us pour simplifier et s\u00e9curiser la vie.<br \/>\nAffich\u00e9 aux couleurs embl\u00e9matiques de Systemair, le F-R60K se distingue par son esth\u00e9tique \u00e9pur\u00e9e, tout en offrant confort et fiabilit\u00e9. Test\u00e9 en conditions d&rsquo;incendie, il est conforme aux normes d&rsquo;hygi\u00e8ne les plus strictes, garantissant ainsi sa conformit\u00e9 aux exigences de s\u00e9curit\u00e9 et de qualit\u00e9.<\/p>\n<p>Inspectez ou remplacez le fusible thermique en quelques secondes gr\u00e2ce \u00e0 un acc\u00e8s d\u00e9fini aux composants internes.<\/p>\n<p>\u00c9vitez toute installation d\u00e9fectueuse de fusible ou tout fonctionnement intempestif du registre gr\u00e2ce \u00e0 la conception intuitive du m\u00e9canisme \u00e0 fusible qui facilite l&rsquo;identification des principales caract\u00e9ristiques.<\/p>\n<p>Am\u00e9liorez le contr\u00f4le en ajoutant un ou deux microcontacts au m\u00e9canisme manuel pour indiquer la position des lames du registre.<\/p>\n<\/div>\n<\/div>\n<\/div>\n<\/div>\n<\/div>\n<\/div>\n<\/div>\n<\/div>\n<\/div>\n<div id=\"scroll-Casing\" class=\"content-element content-element-text-image gtm-component-text-image container-fluid\">\n<div class=\"row TextImage_text-image--large-text__BQ5io\">\n<div class=\"flex items-center md:offset-1 md:col-7\">\n<figure class=\"w-full flex flex-col\">\n<div class=\"TextImage_text-image-col-image-img-container__3Fpb_ flex flex-1 relative\"><img decoding=\"async\" id=\"\" class=\"object-center\" src=\"https:\/\/a.storyblok.com\/f\/108972\/6406x4000\/e74f0537b3\/f-r60k_casing.png\/m\/1920x0\/filters:quality(80)\" sizes=\"(min-width: 768px) 50vw, 90vw\" srcset=\"https:\/\/a.storyblok.com\/f\/108972\/6406x4000\/e74f0537b3\/f-r60k_casing.png\/m\/384x0\/filters:quality(80) 384w, https:\/\/a.storyblok.com\/f\/108972\/6406x4000\/e74f0537b3\/f-r60k_casing.png\/m\/640x0\/filters:quality(80) 640w, https:\/\/a.storyblok.com\/f\/108972\/6406x4000\/e74f0537b3\/f-r60k_casing.png\/m\/750x0\/filters:quality(80) 750w, https:\/\/a.storyblok.com\/f\/108972\/6406x4000\/e74f0537b3\/f-r60k_casing.png\/m\/828x0\/filters:quality(80) 828w, https:\/\/a.storyblok.com\/f\/108972\/6406x4000\/e74f0537b3\/f-r60k_casing.png\/m\/1080x0\/filters:quality(80) 1080w, https:\/\/a.storyblok.com\/f\/108972\/6406x4000\/e74f0537b3\/f-r60k_casing.png\/m\/1200x0\/filters:quality(80) 1200w, https:\/\/a.storyblok.com\/f\/108972\/6406x4000\/e74f0537b3\/f-r60k_casing.png\/m\/1920x0\/filters:quality(80) 1920w\" alt=\"\" data-nimg=\"responsive\" \/><\/div>\n<\/figure>\n<\/div>\n<div class=\"md:col-4 sm-max:pt-200 md:pb-100 md:self-center\">\n<div class=\"flex flex-col text-flow first-heading\">\n<h2 class=\"TextImage_text-image-headline__FwqZ7 whitespace-pre-line\">Caisson<\/h2>\n<div class=\"richtext-wrap reset-margin-last TextImage_text-image-text-wrap__B_mcT\">\n<p>Fabriqu\u00e9 en acier galvanis\u00e9 robuste. Fuite du caisson conforme \u00e0 la norme EN 1751 classe C.<\/p>\n<\/div>\n<\/div>\n<\/div>\n<\/div>\n<\/div>\n<div id=\"scroll-Kit\" class=\"content-element content-element-text-image gtm-component-text-image container-fluid\">\n<div class=\"row flex-row-reverse justify-end TextImage_text-image--large-text__BQ5io\">\n<div class=\"flex items-center md:col-7\">\n<figure class=\"w-full flex flex-col\">\n<div class=\"TextImage_text-image-col-image-img-container__3Fpb_ flex flex-1 relative\"><img decoding=\"async\" id=\"\" class=\"object-center\" src=\"https:\/\/a.storyblok.com\/f\/108972\/6406x4000\/bbe5d32356\/f-r60k_kit.png\/m\/1920x0\/filters:quality(80)\" sizes=\"(min-width: 768px) 50vw, 90vw\" srcset=\"https:\/\/a.storyblok.com\/f\/108972\/6406x4000\/bbe5d32356\/f-r60k_kit.png\/m\/384x0\/filters:quality(80) 384w, https:\/\/a.storyblok.com\/f\/108972\/6406x4000\/bbe5d32356\/f-r60k_kit.png\/m\/640x0\/filters:quality(80) 640w, https:\/\/a.storyblok.com\/f\/108972\/6406x4000\/bbe5d32356\/f-r60k_kit.png\/m\/750x0\/filters:quality(80) 750w, https:\/\/a.storyblok.com\/f\/108972\/6406x4000\/bbe5d32356\/f-r60k_kit.png\/m\/828x0\/filters:quality(80) 828w, https:\/\/a.storyblok.com\/f\/108972\/6406x4000\/bbe5d32356\/f-r60k_kit.png\/m\/1080x0\/filters:quality(80) 1080w, https:\/\/a.storyblok.com\/f\/108972\/6406x4000\/bbe5d32356\/f-r60k_kit.png\/m\/1200x0\/filters:quality(80) 1200w, https:\/\/a.storyblok.com\/f\/108972\/6406x4000\/bbe5d32356\/f-r60k_kit.png\/m\/1920x0\/filters:quality(80) 1920w\" alt=\"\" data-nimg=\"responsive\" \/><\/div>\n<\/figure>\n<\/div>\n<div class=\"md:offset-1 md:col-4 sm-max:pt-200 md:pb-100 md:self-center\">\n<div class=\"flex flex-col text-flow first-heading\">\n<h2 class=\"TextImage_text-image-headline__FwqZ7 whitespace-pre-line\">Kit<\/h2>\n<div class=\"richtext-wrap reset-margin-last TextImage_text-image-text-wrap__B_mcT\">\n<p>Kit fabriqu\u00e9 en vermiculite moul\u00e9e robuste.<\/p>\n<\/div>\n<\/div>\n<\/div>\n<\/div>\n<\/div>\n<div id=\"scroll-Activation-types\" class=\"content-element content-element-text-image gtm-component-text-image container-fluid\">\n<div class=\"row TextImage_text-image--large-text__BQ5io\">\n<div class=\"flex items-center md:offset-1 md:col-7\">\n<figure class=\"w-full flex flex-col\">\n<div class=\"TextImage_text-image-col-image-img-container__3Fpb_ flex flex-1 relative\"><img decoding=\"async\" id=\"\" class=\"object-center\" src=\"https:\/\/a.storyblok.com\/f\/108972\/5002x3184\/13781ed52f\/f-r60k_activation_types_manual.png\/m\/1920x0\/filters:quality(80)\" sizes=\"(min-width: 768px) 50vw, 90vw\" srcset=\"https:\/\/a.storyblok.com\/f\/108972\/5002x3184\/13781ed52f\/f-r60k_activation_types_manual.png\/m\/384x0\/filters:quality(80) 384w, https:\/\/a.storyblok.com\/f\/108972\/5002x3184\/13781ed52f\/f-r60k_activation_types_manual.png\/m\/640x0\/filters:quality(80) 640w, https:\/\/a.storyblok.com\/f\/108972\/5002x3184\/13781ed52f\/f-r60k_activation_types_manual.png\/m\/750x0\/filters:quality(80) 750w, https:\/\/a.storyblok.com\/f\/108972\/5002x3184\/13781ed52f\/f-r60k_activation_types_manual.png\/m\/828x0\/filters:quality(80) 828w, https:\/\/a.storyblok.com\/f\/108972\/5002x3184\/13781ed52f\/f-r60k_activation_types_manual.png\/m\/1080x0\/filters:quality(80) 1080w, https:\/\/a.storyblok.com\/f\/108972\/5002x3184\/13781ed52f\/f-r60k_activation_types_manual.png\/m\/1200x0\/filters:quality(80) 1200w, https:\/\/a.storyblok.com\/f\/108972\/5002x3184\/13781ed52f\/f-r60k_activation_types_manual.png\/m\/1920x0\/filters:quality(80) 1920w\" alt=\"\" data-nimg=\"responsive\" \/><\/div>\n<\/figure>\n<\/div>\n<div class=\"md:col-4 sm-max:pt-200 md:pb-100 md:self-center\">\n<div class=\"flex flex-col text-flow first-heading\">\n<h2 class=\"TextImage_text-image-headline__FwqZ7 whitespace-pre-line\">Types d&rsquo;activation<\/h2>\n<div class=\"richtext-wrap reset-margin-last TextImage_text-image-text-wrap__B_mcT\">\n<p>Que ce soit pour une petite installation ou un projet complexe, notre gamme de types d&rsquo;activation vous aidera \u00e0 r\u00e9ussir.<\/p>\n<\/div>\n<\/div>\n<\/div>\n<\/div>\n<\/div>\n<div id=\"scroll-Blades\" class=\"content-element content-element-text-image gtm-component-text-image container-fluid\">\n<div class=\"row flex-row-reverse justify-end TextImage_text-image--large-text__BQ5io\">\n<div class=\"flex items-center md:col-7\">\n<figure class=\"w-full flex flex-col\">\n<div class=\"TextImage_text-image-col-image-img-container__3Fpb_ flex flex-1 relative\"><img decoding=\"async\" id=\"\" class=\"object-center\" src=\"https:\/\/a.storyblok.com\/f\/108972\/6410x4000\/d2bc452e24\/f-r60k_blades.png\/m\/1920x0\/filters:quality(80)\" sizes=\"(min-width: 768px) 50vw, 90vw\" srcset=\"https:\/\/a.storyblok.com\/f\/108972\/6410x4000\/d2bc452e24\/f-r60k_blades.png\/m\/384x0\/filters:quality(80) 384w, https:\/\/a.storyblok.com\/f\/108972\/6410x4000\/d2bc452e24\/f-r60k_blades.png\/m\/640x0\/filters:quality(80) 640w, https:\/\/a.storyblok.com\/f\/108972\/6410x4000\/d2bc452e24\/f-r60k_blades.png\/m\/750x0\/filters:quality(80) 750w, https:\/\/a.storyblok.com\/f\/108972\/6410x4000\/d2bc452e24\/f-r60k_blades.png\/m\/828x0\/filters:quality(80) 828w, https:\/\/a.storyblok.com\/f\/108972\/6410x4000\/d2bc452e24\/f-r60k_blades.png\/m\/1080x0\/filters:quality(80) 1080w, https:\/\/a.storyblok.com\/f\/108972\/6410x4000\/d2bc452e24\/f-r60k_blades.png\/m\/1200x0\/filters:quality(80) 1200w, https:\/\/a.storyblok.com\/f\/108972\/6410x4000\/d2bc452e24\/f-r60k_blades.png\/m\/1920x0\/filters:quality(80) 1920w\" alt=\"\" data-nimg=\"responsive\" \/><\/div>\n<\/figure>\n<\/div>\n<div class=\"md:offset-1 md:col-4 sm-max:pt-200 md:pb-100 md:self-center\">\n<div class=\"flex flex-col text-flow first-heading\">\n<h2 class=\"TextImage_text-image-headline__FwqZ7 whitespace-pre-line\">Lames<\/h2>\n<div class=\"richtext-wrap reset-margin-last TextImage_text-image-text-wrap__B_mcT\">\n<p>Fabriqu\u00e9es en panneau de silicate de calcium sans amiante, avec joints en mousse de polyur\u00e9thane pour la fum\u00e9e froide et joint intumescent qui se dilate en cas d&rsquo;incendie. Fuite de classe 3 selon la norme EN 1751.<\/p>\n<\/div>\n<\/div>\n<\/div>\n<\/div>\n<\/div>\n<div id=\"scroll-b127a048\" class=\"content-element content-element-grid gtm-component-grid mb-400 container-fluid\">\n<div class=\"row\">\n<div class=\"md:col-10 md:offset-1\">\n<div class=\"row gap-y-200 sm:gap-y-400\">\n<div class=\"content-container content-container-grid-cell col-12 md:col-6 lg:col-6\">\n<div id=\"scroll-4710dbf7\" class=\"content-element content-element-video gtm-component-video\">\n<div class=\"relative\">\n<div class=\"block w-full\"><\/div>\n<p><iframe class=\"absolute inset-0 w-full h-full object-center object-contain\" title=\"Youtube Video\" src=\"https:\/\/www.youtube.com\/embed\/4DwGZKppWeo\" frameborder=\"0\" allowfullscreen=\"allowfullscreen\" data-mce-fragment=\"1\"><\/iframe><\/p>\n<\/div>\n<\/div>\n<\/div>\n<div class=\"content-container content-container-grid-cell col-12 md:col-6 lg:col-6\">\n<div id=\"scroll-a93f2f71\" class=\"content-element content-element-video gtm-component-video\">\n<div class=\"relative\">\n<div class=\"block w-full\"><\/div>\n<p><iframe class=\"absolute inset-0 w-full h-full object-center object-contain\" title=\"Youtube Video\" src=\"https:\/\/www.youtube.com\/embed\/tjMfN6MLxTY\" frameborder=\"0\" allowfullscreen=\"allowfullscreen\" data-mce-fragment=\"1\"><\/iframe><\/p>\n<\/div>\n<\/div>\n<\/div>\n<\/div>\n<\/div>\n<\/div>\n<\/div>\n<\/div>\n<div class=\"mb-400 mt-700 relative container-fluid\">\n<div class=\"gtm-product-section\" data-gtm-name=\"Documentation\" data-gtm-label=\"Documentation\" data-offset=\"0\" data-gtm-vis-first-on-screen53434917_103=\"260529\" data-gtm-vis-total-visible-time53434917_103=\"1500\" data-gtm-vis-has-fired53434917_103=\"1\">\n<div class=\"row gap-y-150 mb-200 desktop-nav:mb-0 md ProductPageISSections_product-info-header___9p5M\">\n<div class=\"col-12 md:col-6 flex flex-row gap-100\">\n<h2 class=\"m-0\">Documentation<\/h2>\n<\/div>\n<div class=\" col-12 md:col-6 md:text-right print:hidden flex items-center justify-end mobile-nav:flex-col gap-050 \">\n<div class=\"\"><button class=\"gtm-product-specsheet-link btn btn-secondary btn-small btn-icon-left xs-max:btn-block\">Download spec sheet<\/button><\/div>\n<\/div>\n<\/div>\n<\/div>\n<\/div>\n","protected":false},"excerpt":{"rendered":"<p>Performances exceptionnelles et facilit\u00e9 d&rsquo;installation.<\/p>\n<p>R\u00e9sistance au feu EI60S et certification CE.<\/p>\n<p>Pertes de charge exceptionnellement faibles.<\/p>\n<p>\u00c9tanch\u00e9it\u00e9 classe 3C, m\u00eame avec fusible thermique.<\/p>\n<p>Le kit r\u00e9duit consid\u00e9rablement le temps d&rsquo;installation pour divers types d&rsquo;installation.<\/p>\n","protected":false},"featured_media":36286,"template":"","meta":[],"product_brand":[],"product_cat":[1778,1789,1772],"product_tag":[],"class_list":{"0":"post-36291","1":"product","2":"type-product","3":"status-publish","4":"has-post-thumbnail","6":"product_cat-clapets-coupe-feu","7":"product_cat-claques-coupe-feu-circulaires","8":"product_cat-securite-incendie","10":"first","11":"instock","12":"shipping-taxable","13":"product-type-simple"},"yoast_head":"<!-- This site is optimized with the Yoast SEO plugin v27.1.1 - https:\/\/yoast.com\/product\/yoast-seo-wordpress\/ -->\n<title>Clapets coupe-feu circulaires F-R60K - GeoClimate.ge<\/title>\n<meta name=\"robots\" content=\"index, follow, max-snippet:-1, max-image-preview:large, max-video-preview:-1\" \/>\n<link rel=\"canonical\" href=\"https:\/\/geoclimate.ge\/fr\/produit\/f-r60k-circular-fire-dampers\/\" \/>\n<meta property=\"og:locale\" content=\"fr_FR\" \/>\n<meta property=\"og:type\" content=\"article\" \/>\n<meta property=\"og:title\" content=\"Clapets coupe-feu circulaires F-R60K - GeoClimate.ge\" \/>\n<meta property=\"og:description\" content=\"Performances exceptionnelles et facilit\u00e9 d&#039;installation.  R\u00e9sistance au feu EI60S et certification CE.  Pertes de charge exceptionnellement faibles.  \u00c9tanch\u00e9it\u00e9 classe 3C, m\u00eame avec fusible thermique.  Le kit r\u00e9duit consid\u00e9rablement le temps d&#039;installation pour divers types d&#039;installation.\" \/>\n<meta property=\"og:url\" content=\"https:\/\/geoclimate.ge\/fr\/produit\/f-r60k-circular-fire-dampers\/\" \/>\n<meta property=\"og:site_name\" content=\"GeoClimate.ge\" \/>\n<meta property=\"article:modified_time\" content=\"2025-09-03T15:01:18+00:00\" \/>\n<meta property=\"og:image\" content=\"https:\/\/geoclimate.ge\/wp-content\/uploads\/2025\/09\/filters_quality80.webp\" \/>\n\t<meta property=\"og:image:width\" content=\"750\" \/>\n\t<meta property=\"og:image:height\" content=\"477\" \/>\n\t<meta property=\"og:image:type\" content=\"image\/webp\" \/>\n<meta name=\"twitter:card\" content=\"summary_large_image\" \/>\n<meta name=\"twitter:label1\" content=\"Dur\u00e9e de lecture estim\u00e9e\" \/>\n\t<meta name=\"twitter:data1\" content=\"2 minutes\" \/>\n<script type=\"application\/ld+json\" class=\"yoast-schema-graph\">{\"@context\":\"https:\/\/schema.org\",\"@graph\":[{\"@type\":\"WebPage\",\"@id\":\"https:\/\/geoclimate.ge\/fr\/produit\/f-r60k-circular-fire-dampers\/\",\"url\":\"https:\/\/geoclimate.ge\/fr\/produit\/f-r60k-circular-fire-dampers\/\",\"name\":\"Clapets coupe-feu circulaires F-R60K - GeoClimate.ge\",\"isPartOf\":{\"@id\":\"https:\/\/geoclimate.ge\/#website\"},\"primaryImageOfPage\":{\"@id\":\"https:\/\/geoclimate.ge\/fr\/produit\/f-r60k-circular-fire-dampers\/#primaryimage\"},\"image\":{\"@id\":\"https:\/\/geoclimate.ge\/fr\/produit\/f-r60k-circular-fire-dampers\/#primaryimage\"},\"thumbnailUrl\":\"https:\/\/geoclimate.ge\/wp-content\/uploads\/2025\/09\/filters_quality80.webp\",\"datePublished\":\"2025-09-03T14:49:00+00:00\",\"dateModified\":\"2025-09-03T15:01:18+00:00\",\"breadcrumb\":{\"@id\":\"https:\/\/geoclimate.ge\/fr\/produit\/f-r60k-circular-fire-dampers\/#breadcrumb\"},\"inLanguage\":\"fr-FR\",\"potentialAction\":[{\"@type\":\"ReadAction\",\"target\":[\"https:\/\/geoclimate.ge\/fr\/produit\/f-r60k-circular-fire-dampers\/\"]}]},{\"@type\":\"ImageObject\",\"inLanguage\":\"fr-FR\",\"@id\":\"https:\/\/geoclimate.ge\/fr\/produit\/f-r60k-circular-fire-dampers\/#primaryimage\",\"url\":\"https:\/\/geoclimate.ge\/wp-content\/uploads\/2025\/09\/filters_quality80.webp\",\"contentUrl\":\"https:\/\/geoclimate.ge\/wp-content\/uploads\/2025\/09\/filters_quality80.webp\",\"width\":750,\"height\":477},{\"@type\":\"BreadcrumbList\",\"@id\":\"https:\/\/geoclimate.ge\/fr\/produit\/f-r60k-circular-fire-dampers\/#breadcrumb\",\"itemListElement\":[{\"@type\":\"ListItem\",\"position\":1,\"name\":\"Home\",\"item\":\"https:\/\/geoclimate.ge\/fr\/\"},{\"@type\":\"ListItem\",\"position\":2,\"name\":\"Products\",\"item\":\"https:\/\/geoclimate.ge\/fr\/products\/\"},{\"@type\":\"ListItem\",\"position\":3,\"name\":\"Clapets coupe-feu circulaires F-R60K\"}]},{\"@type\":\"WebSite\",\"@id\":\"https:\/\/geoclimate.ge\/#website\",\"url\":\"https:\/\/geoclimate.ge\/\",\"name\":\"GeoClimate\",\"description\":\"\",\"publisher\":{\"@id\":\"https:\/\/geoclimate.ge\/#organization\"},\"potentialAction\":[{\"@type\":\"SearchAction\",\"target\":{\"@type\":\"EntryPoint\",\"urlTemplate\":\"https:\/\/geoclimate.ge\/?s={search_term_string}\"},\"query-input\":{\"@type\":\"PropertyValueSpecification\",\"valueRequired\":true,\"valueName\":\"search_term_string\"}}],\"inLanguage\":\"fr-FR\"},{\"@type\":\"Organization\",\"@id\":\"https:\/\/geoclimate.ge\/#organization\",\"name\":\"GeoClimate\",\"url\":\"https:\/\/geoclimate.ge\/\",\"logo\":{\"@type\":\"ImageObject\",\"inLanguage\":\"fr-FR\",\"@id\":\"https:\/\/geoclimate.ge\/#\/schema\/logo\/image\/\",\"url\":\"https:\/\/geoclimate.ge\/wp-content\/uploads\/2026\/03\/geoclimate-SEO.png\",\"contentUrl\":\"https:\/\/geoclimate.ge\/wp-content\/uploads\/2026\/03\/geoclimate-SEO.png\",\"width\":1536,\"height\":1024,\"caption\":\"GeoClimate\"},\"image\":{\"@id\":\"https:\/\/geoclimate.ge\/#\/schema\/logo\/image\/\"}}]}<\/script>\n<!-- \/ Yoast SEO plugin. -->","yoast_head_json":{"title":"Clapets coupe-feu circulaires F-R60K - GeoClimate.ge","robots":{"index":"index","follow":"follow","max-snippet":"max-snippet:-1","max-image-preview":"max-image-preview:large","max-video-preview":"max-video-preview:-1"},"canonical":"https:\/\/geoclimate.ge\/fr\/produit\/f-r60k-circular-fire-dampers\/","og_locale":"fr_FR","og_type":"article","og_title":"Clapets coupe-feu circulaires F-R60K - GeoClimate.ge","og_description":"Performances exceptionnelles et facilit\u00e9 d'installation.  R\u00e9sistance au feu EI60S et certification CE.  Pertes de charge exceptionnellement faibles.  \u00c9tanch\u00e9it\u00e9 classe 3C, m\u00eame avec fusible thermique.  Le kit r\u00e9duit consid\u00e9rablement le temps d'installation pour divers types d'installation.","og_url":"https:\/\/geoclimate.ge\/fr\/produit\/f-r60k-circular-fire-dampers\/","og_site_name":"GeoClimate.ge","article_modified_time":"2025-09-03T15:01:18+00:00","og_image":[{"width":750,"height":477,"url":"https:\/\/geoclimate.ge\/wp-content\/uploads\/2025\/09\/filters_quality80.webp","type":"image\/webp"}],"twitter_card":"summary_large_image","twitter_misc":{"Dur\u00e9e de lecture estim\u00e9e":"2 minutes"},"schema":{"@context":"https:\/\/schema.org","@graph":[{"@type":"WebPage","@id":"https:\/\/geoclimate.ge\/fr\/produit\/f-r60k-circular-fire-dampers\/","url":"https:\/\/geoclimate.ge\/fr\/produit\/f-r60k-circular-fire-dampers\/","name":"Clapets coupe-feu circulaires F-R60K - GeoClimate.ge","isPartOf":{"@id":"https:\/\/geoclimate.ge\/#website"},"primaryImageOfPage":{"@id":"https:\/\/geoclimate.ge\/fr\/produit\/f-r60k-circular-fire-dampers\/#primaryimage"},"image":{"@id":"https:\/\/geoclimate.ge\/fr\/produit\/f-r60k-circular-fire-dampers\/#primaryimage"},"thumbnailUrl":"https:\/\/geoclimate.ge\/wp-content\/uploads\/2025\/09\/filters_quality80.webp","datePublished":"2025-09-03T14:49:00+00:00","dateModified":"2025-09-03T15:01:18+00:00","breadcrumb":{"@id":"https:\/\/geoclimate.ge\/fr\/produit\/f-r60k-circular-fire-dampers\/#breadcrumb"},"inLanguage":"fr-FR","potentialAction":[{"@type":"ReadAction","target":["https:\/\/geoclimate.ge\/fr\/produit\/f-r60k-circular-fire-dampers\/"]}]},{"@type":"ImageObject","inLanguage":"fr-FR","@id":"https:\/\/geoclimate.ge\/fr\/produit\/f-r60k-circular-fire-dampers\/#primaryimage","url":"https:\/\/geoclimate.ge\/wp-content\/uploads\/2025\/09\/filters_quality80.webp","contentUrl":"https:\/\/geoclimate.ge\/wp-content\/uploads\/2025\/09\/filters_quality80.webp","width":750,"height":477},{"@type":"BreadcrumbList","@id":"https:\/\/geoclimate.ge\/fr\/produit\/f-r60k-circular-fire-dampers\/#breadcrumb","itemListElement":[{"@type":"ListItem","position":1,"name":"Home","item":"https:\/\/geoclimate.ge\/fr\/"},{"@type":"ListItem","position":2,"name":"Products","item":"https:\/\/geoclimate.ge\/fr\/products\/"},{"@type":"ListItem","position":3,"name":"Clapets coupe-feu circulaires F-R60K"}]},{"@type":"WebSite","@id":"https:\/\/geoclimate.ge\/#website","url":"https:\/\/geoclimate.ge\/","name":"GeoClimate","description":"","publisher":{"@id":"https:\/\/geoclimate.ge\/#organization"},"potentialAction":[{"@type":"SearchAction","target":{"@type":"EntryPoint","urlTemplate":"https:\/\/geoclimate.ge\/?s={search_term_string}"},"query-input":{"@type":"PropertyValueSpecification","valueRequired":true,"valueName":"search_term_string"}}],"inLanguage":"fr-FR"},{"@type":"Organization","@id":"https:\/\/geoclimate.ge\/#organization","name":"GeoClimate","url":"https:\/\/geoclimate.ge\/","logo":{"@type":"ImageObject","inLanguage":"fr-FR","@id":"https:\/\/geoclimate.ge\/#\/schema\/logo\/image\/","url":"https:\/\/geoclimate.ge\/wp-content\/uploads\/2026\/03\/geoclimate-SEO.png","contentUrl":"https:\/\/geoclimate.ge\/wp-content\/uploads\/2026\/03\/geoclimate-SEO.png","width":1536,"height":1024,"caption":"GeoClimate"},"image":{"@id":"https:\/\/geoclimate.ge\/#\/schema\/logo\/image\/"}}]}},"_links":{"self":[{"href":"https:\/\/geoclimate.ge\/fr\/wp-json\/wp\/v2\/product\/36291","targetHints":{"allow":["GET"]}}],"collection":[{"href":"https:\/\/geoclimate.ge\/fr\/wp-json\/wp\/v2\/product"}],"about":[{"href":"https:\/\/geoclimate.ge\/fr\/wp-json\/wp\/v2\/types\/product"}],"wp:featuredmedia":[{"embeddable":true,"href":"https:\/\/geoclimate.ge\/fr\/wp-json\/wp\/v2\/media\/36286"}],"wp:attachment":[{"href":"https:\/\/geoclimate.ge\/fr\/wp-json\/wp\/v2\/media?parent=36291"}],"wp:term":[{"taxonomy":"product_brand","embeddable":true,"href":"https:\/\/geoclimate.ge\/fr\/wp-json\/wp\/v2\/product_brand?post=36291"},{"taxonomy":"product_cat","embeddable":true,"href":"https:\/\/geoclimate.ge\/fr\/wp-json\/wp\/v2\/product_cat?post=36291"},{"taxonomy":"product_tag","embeddable":true,"href":"https:\/\/geoclimate.ge\/fr\/wp-json\/wp\/v2\/product_tag?post=36291"}],"curies":[{"name":"wp","href":"https:\/\/api.w.org\/{rel}","templated":true}]}}