{"id":36308,"date":"2025-09-03T19:09:31","date_gmt":"2025-09-03T15:09:31","guid":{"rendered":"https:\/\/airsystems.ge\/shop\/product\/f-r60-circular-fire-dampers\/"},"modified":"2025-09-03T19:13:13","modified_gmt":"2025-09-03T15:13:13","slug":"f-r60-circular-fire-dampers","status":"publish","type":"product","link":"https:\/\/geoclimate.ge\/fr\/produit\/f-r60-circular-fire-dampers\/","title":{"rendered":"Clapets coupe-feu circulaires F-R60"},"content":{"rendered":"<div class=\"mb-400 gtm-product-section container-fluid\" data-gtm-name=\"Benefits\" data-gtm-label=\"Benefits (en)\" data-gtm-vis-first-on-screen53434917_103=\"2338\" data-gtm-vis-total-visible-time53434917_103=\"1500\" data-gtm-vis-has-fired53434917_103=\"1\">\n<div class=\"row\">\n<div class=\"content-element content-element-product-benefit col-12 sm:col-6 mb-400\">\n<div class=\"bg-card px-300 py-250 mobile-nav:px-200 mobile-nav:py-150 h-full flex overflow-hidden card-border\">\n<div class=\"min-w-0\">\n<p><strong>M\u00e9canisme interchangeable<\/strong><br \/>\nLe clapet coupe-feu F-R60 est dot\u00e9 d&rsquo;un m\u00e9canisme interchangeable permettant un fonctionnement manuel ou par v\u00e9rin.<\/p>\n<p><strong>Compartimentation<\/strong><br \/>\nLes clapets coupe-feu F-R60 offrent une protection passive contre l&rsquo;incendie gr\u00e2ce \u00e0 leur compartimentation, emp\u00eachant la propagation des gaz toxiques, de la fum\u00e9e et du feu.<\/p>\n<p><strong>Construction en t\u00f4le galvanis\u00e9e<\/strong><br \/>\nLe bo\u00eetier du clapet coupe-feu F-R60 est compos\u00e9 d&rsquo;acier galvanis\u00e9 et d&rsquo;une gamme de substances non dangereuses.<\/p>\n<p><strong>Installation de la mousse<\/strong><br \/>\nL&rsquo;installation de la mousse coupe-feu HILTI est une exp\u00e9rience naturelle.<\/p>\n<p>Les clapets coupe-feu F-R60 sont certifi\u00e9s CE conform\u00e9ment au R\u00e8glement sur les produits de construction (EN 15650:2010). Les clapets sont test\u00e9s selon la norme EN 1366-2:2015 et class\u00e9s selon la norme EN 13501-3 + A1:2009.<\/p>\n<p>Le clapet coupe-feu et son installation constituent un \u00e9l\u00e9ment indissociable de la r\u00e9sistance au feu.<\/p>\n<p>Les clapets coupe-feu F-R60 sont con\u00e7us pour les installations r\u00e9pertori\u00e9es et d\u00e9crites dans leur manuel.<\/p>\n<p>Documentation<\/p>\n<\/div>\n<\/div>\n<\/div>\n<\/div>\n<\/div>\n<div class=\"mb-400 mt-700 relative container-fluid\">\n<div class=\"gtm-product-section\" data-gtm-name=\"Documentation\" data-gtm-label=\"Documentation\" data-offset=\"0\" data-gtm-vis-first-on-screen53434917_103=\"3152\" data-gtm-vis-total-visible-time53434917_103=\"1500\" data-gtm-vis-recent-on-screen53434917_103=\"151164\" data-gtm-vis-has-fired53434917_103=\"1\">\n<div class=\"row gap-y-150 mb-200 desktop-nav:mb-0 md ProductPageISSections_product-info-header___9p5M\">\n<div class=\" col-12 md:col-6 md:text-right print:hidden flex items-center justify-end mobile-nav:flex-col gap-050 \">\n<div class=\"\"><button class=\"gtm-product-specsheet-link btn btn-secondary btn-small btn-icon-left xs-max:btn-block\">Download spec sheet<\/button><\/div>\n<\/div>\n<\/div>\n<\/div>\n<\/div>\n","protected":false},"excerpt":{"rendered":"<p>Optimis\u00e9s pour une r\u00e9sistivit\u00e9 de 60 minutes<\/p>\n<p>Corps court<\/p>\n<p>M\u00e9canisme interchangeable<\/p>\n<p>R\u00e9sistivit\u00e9 au feu EI60S<\/p>\n<p>Bo\u00eetier en acier<\/p>\n<p>Trou d&rsquo;inspection pour cam\u00e9ra<\/p>\n","protected":false},"featured_media":36303,"template":"","meta":[],"product_brand":[],"product_cat":[1778,1789,1772],"product_tag":[],"class_list":{"0":"post-36308","1":"product","2":"type-product","3":"status-publish","4":"has-post-thumbnail","6":"product_cat-clapets-coupe-feu","7":"product_cat-claques-coupe-feu-circulaires","8":"product_cat-securite-incendie","10":"first","11":"instock","12":"shipping-taxable","13":"product-type-simple"},"yoast_head":"<!-- This site is optimized with the Yoast SEO plugin v27.1.1 - https:\/\/yoast.com\/product\/yoast-seo-wordpress\/ -->\n<title>Clapets coupe-feu circulaires F-R60 - GeoClimate.ge<\/title>\n<meta name=\"robots\" content=\"index, follow, max-snippet:-1, max-image-preview:large, max-video-preview:-1\" \/>\n<link rel=\"canonical\" href=\"https:\/\/geoclimate.ge\/fr\/produit\/f-r60-circular-fire-dampers\/\" \/>\n<meta property=\"og:locale\" content=\"fr_FR\" \/>\n<meta property=\"og:type\" content=\"article\" \/>\n<meta property=\"og:title\" content=\"Clapets coupe-feu circulaires F-R60 - GeoClimate.ge\" \/>\n<meta property=\"og:description\" content=\"Optimis\u00e9s pour une r\u00e9sistivit\u00e9 de 60 minutes  Corps court  M\u00e9canisme interchangeable  R\u00e9sistivit\u00e9 au feu EI60S  Bo\u00eetier en acier  Trou d&#039;inspection pour cam\u00e9ra\" \/>\n<meta property=\"og:url\" content=\"https:\/\/geoclimate.ge\/fr\/produit\/f-r60-circular-fire-dampers\/\" \/>\n<meta property=\"og:site_name\" content=\"GeoClimate.ge\" \/>\n<meta property=\"article:modified_time\" content=\"2025-09-03T15:13:13+00:00\" \/>\n<meta property=\"og:image\" content=\"https:\/\/geoclimate.ge\/wp-content\/uploads\/2025\/09\/converted_PRODUCT-MAIN-IMAGE_F_R60.png\" \/>\n\t<meta property=\"og:image:width\" content=\"384\" \/>\n\t<meta property=\"og:image:height\" content=\"288\" \/>\n\t<meta property=\"og:image:type\" content=\"image\/png\" \/>\n<meta name=\"twitter:card\" content=\"summary_large_image\" \/>\n<meta name=\"twitter:label1\" content=\"Dur\u00e9e de lecture estim\u00e9e\" \/>\n\t<meta name=\"twitter:data1\" content=\"1 minute\" \/>\n<script type=\"application\/ld+json\" class=\"yoast-schema-graph\">{\"@context\":\"https:\/\/schema.org\",\"@graph\":[{\"@type\":\"WebPage\",\"@id\":\"https:\/\/geoclimate.ge\/fr\/produit\/f-r60-circular-fire-dampers\/\",\"url\":\"https:\/\/geoclimate.ge\/fr\/produit\/f-r60-circular-fire-dampers\/\",\"name\":\"Clapets coupe-feu circulaires F-R60 - GeoClimate.ge\",\"isPartOf\":{\"@id\":\"https:\/\/geoclimate.ge\/#website\"},\"primaryImageOfPage\":{\"@id\":\"https:\/\/geoclimate.ge\/fr\/produit\/f-r60-circular-fire-dampers\/#primaryimage\"},\"image\":{\"@id\":\"https:\/\/geoclimate.ge\/fr\/produit\/f-r60-circular-fire-dampers\/#primaryimage\"},\"thumbnailUrl\":\"https:\/\/geoclimate.ge\/wp-content\/uploads\/2025\/09\/converted_PRODUCT-MAIN-IMAGE_F_R60.png\",\"datePublished\":\"2025-09-03T15:09:31+00:00\",\"dateModified\":\"2025-09-03T15:13:13+00:00\",\"breadcrumb\":{\"@id\":\"https:\/\/geoclimate.ge\/fr\/produit\/f-r60-circular-fire-dampers\/#breadcrumb\"},\"inLanguage\":\"fr-FR\",\"potentialAction\":[{\"@type\":\"ReadAction\",\"target\":[\"https:\/\/geoclimate.ge\/fr\/produit\/f-r60-circular-fire-dampers\/\"]}]},{\"@type\":\"ImageObject\",\"inLanguage\":\"fr-FR\",\"@id\":\"https:\/\/geoclimate.ge\/fr\/produit\/f-r60-circular-fire-dampers\/#primaryimage\",\"url\":\"https:\/\/geoclimate.ge\/wp-content\/uploads\/2025\/09\/converted_PRODUCT-MAIN-IMAGE_F_R60.png\",\"contentUrl\":\"https:\/\/geoclimate.ge\/wp-content\/uploads\/2025\/09\/converted_PRODUCT-MAIN-IMAGE_F_R60.png\",\"width\":384,\"height\":288},{\"@type\":\"BreadcrumbList\",\"@id\":\"https:\/\/geoclimate.ge\/fr\/produit\/f-r60-circular-fire-dampers\/#breadcrumb\",\"itemListElement\":[{\"@type\":\"ListItem\",\"position\":1,\"name\":\"Home\",\"item\":\"https:\/\/geoclimate.ge\/fr\/\"},{\"@type\":\"ListItem\",\"position\":2,\"name\":\"Products\",\"item\":\"https:\/\/geoclimate.ge\/fr\/products\/\"},{\"@type\":\"ListItem\",\"position\":3,\"name\":\"Clapets coupe-feu circulaires F-R60\"}]},{\"@type\":\"WebSite\",\"@id\":\"https:\/\/geoclimate.ge\/#website\",\"url\":\"https:\/\/geoclimate.ge\/\",\"name\":\"GeoClimate\",\"description\":\"\",\"publisher\":{\"@id\":\"https:\/\/geoclimate.ge\/#organization\"},\"potentialAction\":[{\"@type\":\"SearchAction\",\"target\":{\"@type\":\"EntryPoint\",\"urlTemplate\":\"https:\/\/geoclimate.ge\/?s={search_term_string}\"},\"query-input\":{\"@type\":\"PropertyValueSpecification\",\"valueRequired\":true,\"valueName\":\"search_term_string\"}}],\"inLanguage\":\"fr-FR\"},{\"@type\":\"Organization\",\"@id\":\"https:\/\/geoclimate.ge\/#organization\",\"name\":\"GeoClimate\",\"url\":\"https:\/\/geoclimate.ge\/\",\"logo\":{\"@type\":\"ImageObject\",\"inLanguage\":\"fr-FR\",\"@id\":\"https:\/\/geoclimate.ge\/#\/schema\/logo\/image\/\",\"url\":\"https:\/\/geoclimate.ge\/wp-content\/uploads\/2026\/03\/geoclimate-SEO.png\",\"contentUrl\":\"https:\/\/geoclimate.ge\/wp-content\/uploads\/2026\/03\/geoclimate-SEO.png\",\"width\":1536,\"height\":1024,\"caption\":\"GeoClimate\"},\"image\":{\"@id\":\"https:\/\/geoclimate.ge\/#\/schema\/logo\/image\/\"}}]}<\/script>\n<!-- \/ Yoast SEO plugin. -->","yoast_head_json":{"title":"Clapets coupe-feu circulaires F-R60 - GeoClimate.ge","robots":{"index":"index","follow":"follow","max-snippet":"max-snippet:-1","max-image-preview":"max-image-preview:large","max-video-preview":"max-video-preview:-1"},"canonical":"https:\/\/geoclimate.ge\/fr\/produit\/f-r60-circular-fire-dampers\/","og_locale":"fr_FR","og_type":"article","og_title":"Clapets coupe-feu circulaires F-R60 - GeoClimate.ge","og_description":"Optimis\u00e9s pour une r\u00e9sistivit\u00e9 de 60 minutes  Corps court  M\u00e9canisme interchangeable  R\u00e9sistivit\u00e9 au feu EI60S  Bo\u00eetier en acier  Trou d'inspection pour cam\u00e9ra","og_url":"https:\/\/geoclimate.ge\/fr\/produit\/f-r60-circular-fire-dampers\/","og_site_name":"GeoClimate.ge","article_modified_time":"2025-09-03T15:13:13+00:00","og_image":[{"width":384,"height":288,"url":"https:\/\/geoclimate.ge\/wp-content\/uploads\/2025\/09\/converted_PRODUCT-MAIN-IMAGE_F_R60.png","type":"image\/png"}],"twitter_card":"summary_large_image","twitter_misc":{"Dur\u00e9e de lecture estim\u00e9e":"1 minute"},"schema":{"@context":"https:\/\/schema.org","@graph":[{"@type":"WebPage","@id":"https:\/\/geoclimate.ge\/fr\/produit\/f-r60-circular-fire-dampers\/","url":"https:\/\/geoclimate.ge\/fr\/produit\/f-r60-circular-fire-dampers\/","name":"Clapets coupe-feu circulaires F-R60 - GeoClimate.ge","isPartOf":{"@id":"https:\/\/geoclimate.ge\/#website"},"primaryImageOfPage":{"@id":"https:\/\/geoclimate.ge\/fr\/produit\/f-r60-circular-fire-dampers\/#primaryimage"},"image":{"@id":"https:\/\/geoclimate.ge\/fr\/produit\/f-r60-circular-fire-dampers\/#primaryimage"},"thumbnailUrl":"https:\/\/geoclimate.ge\/wp-content\/uploads\/2025\/09\/converted_PRODUCT-MAIN-IMAGE_F_R60.png","datePublished":"2025-09-03T15:09:31+00:00","dateModified":"2025-09-03T15:13:13+00:00","breadcrumb":{"@id":"https:\/\/geoclimate.ge\/fr\/produit\/f-r60-circular-fire-dampers\/#breadcrumb"},"inLanguage":"fr-FR","potentialAction":[{"@type":"ReadAction","target":["https:\/\/geoclimate.ge\/fr\/produit\/f-r60-circular-fire-dampers\/"]}]},{"@type":"ImageObject","inLanguage":"fr-FR","@id":"https:\/\/geoclimate.ge\/fr\/produit\/f-r60-circular-fire-dampers\/#primaryimage","url":"https:\/\/geoclimate.ge\/wp-content\/uploads\/2025\/09\/converted_PRODUCT-MAIN-IMAGE_F_R60.png","contentUrl":"https:\/\/geoclimate.ge\/wp-content\/uploads\/2025\/09\/converted_PRODUCT-MAIN-IMAGE_F_R60.png","width":384,"height":288},{"@type":"BreadcrumbList","@id":"https:\/\/geoclimate.ge\/fr\/produit\/f-r60-circular-fire-dampers\/#breadcrumb","itemListElement":[{"@type":"ListItem","position":1,"name":"Home","item":"https:\/\/geoclimate.ge\/fr\/"},{"@type":"ListItem","position":2,"name":"Products","item":"https:\/\/geoclimate.ge\/fr\/products\/"},{"@type":"ListItem","position":3,"name":"Clapets coupe-feu circulaires F-R60"}]},{"@type":"WebSite","@id":"https:\/\/geoclimate.ge\/#website","url":"https:\/\/geoclimate.ge\/","name":"GeoClimate","description":"","publisher":{"@id":"https:\/\/geoclimate.ge\/#organization"},"potentialAction":[{"@type":"SearchAction","target":{"@type":"EntryPoint","urlTemplate":"https:\/\/geoclimate.ge\/?s={search_term_string}"},"query-input":{"@type":"PropertyValueSpecification","valueRequired":true,"valueName":"search_term_string"}}],"inLanguage":"fr-FR"},{"@type":"Organization","@id":"https:\/\/geoclimate.ge\/#organization","name":"GeoClimate","url":"https:\/\/geoclimate.ge\/","logo":{"@type":"ImageObject","inLanguage":"fr-FR","@id":"https:\/\/geoclimate.ge\/#\/schema\/logo\/image\/","url":"https:\/\/geoclimate.ge\/wp-content\/uploads\/2026\/03\/geoclimate-SEO.png","contentUrl":"https:\/\/geoclimate.ge\/wp-content\/uploads\/2026\/03\/geoclimate-SEO.png","width":1536,"height":1024,"caption":"GeoClimate"},"image":{"@id":"https:\/\/geoclimate.ge\/#\/schema\/logo\/image\/"}}]}},"_links":{"self":[{"href":"https:\/\/geoclimate.ge\/fr\/wp-json\/wp\/v2\/product\/36308","targetHints":{"allow":["GET"]}}],"collection":[{"href":"https:\/\/geoclimate.ge\/fr\/wp-json\/wp\/v2\/product"}],"about":[{"href":"https:\/\/geoclimate.ge\/fr\/wp-json\/wp\/v2\/types\/product"}],"wp:featuredmedia":[{"embeddable":true,"href":"https:\/\/geoclimate.ge\/fr\/wp-json\/wp\/v2\/media\/36303"}],"wp:attachment":[{"href":"https:\/\/geoclimate.ge\/fr\/wp-json\/wp\/v2\/media?parent=36308"}],"wp:term":[{"taxonomy":"product_brand","embeddable":true,"href":"https:\/\/geoclimate.ge\/fr\/wp-json\/wp\/v2\/product_brand?post=36308"},{"taxonomy":"product_cat","embeddable":true,"href":"https:\/\/geoclimate.ge\/fr\/wp-json\/wp\/v2\/product_cat?post=36308"},{"taxonomy":"product_tag","embeddable":true,"href":"https:\/\/geoclimate.ge\/fr\/wp-json\/wp\/v2\/product_tag?post=36308"}],"curies":[{"name":"wp","href":"https:\/\/api.w.org\/{rel}","templated":true}]}}