{"id":36334,"date":"2025-09-03T19:46:22","date_gmt":"2025-09-03T15:46:22","guid":{"rendered":"https:\/\/airsystems.ge\/shop\/product\/fdr-3g_ks-circular-fire-dampers\/"},"modified":"2025-09-03T19:50:16","modified_gmt":"2025-09-03T15:50:16","slug":"fdr-3g_ks-circular-fire-dampers","status":"publish","type":"product","link":"https:\/\/geoclimate.ge\/fr\/produit\/fdr-3g_ks-circular-fire-dampers\/","title":{"rendered":"Clapets coupe-feu circulaires FDR-3G_KS"},"content":{"rendered":"<div class=\"mb-400 gtm-product-section container-fluid\" data-gtm-name=\"Benefits\" data-gtm-label=\"Benefits (en)\" data-gtm-vis-first-on-screen53434917_103=\"43764\" data-gtm-vis-total-visible-time53434917_103=\"1500\" data-gtm-vis-has-fired53434917_103=\"1\">\n<div class=\"row\">\n<div class=\"content-element content-element-product-benefit col-12 sm:col-6 mb-400\">\n<div class=\"bg-card px-300 py-250 mobile-nav:px-200 mobile-nav:py-150 h-full flex overflow-hidden card-border\">\n<div class=\"min-w-0\">\n<p><strong>Con\u00e7u pour les impr\u00e9vus<\/strong><br \/>\nConception adaptable aux modifications sur chantier<\/p>\n<p><strong>Installation performante<\/strong><br \/>\nClasses de r\u00e9sistance au feu EI60S, EI90S, EI120S<\/p>\n<p><strong>Inspection en un coup d&rsquo;\u0153il<\/strong><br \/>\nUn aper\u00e7u rapide du clapet install\u00e9 vous assure une tranquillit\u00e9 d&rsquo;esprit.<\/p>\n<p>Les clapets coupe-feu FDR-3G&#8230;KS \u00e9quip\u00e9s du kit sont faciles \u00e0 installer. Ils facilitent la protection passive contre le feu et emp\u00eachent la propagation des gaz toxiques, de la fum\u00e9e et du feu gr\u00e2ce au compartimentage.<\/p>\n<p>Les clapets coupe-feu sont certifi\u00e9s CE conform\u00e9ment \u00e0 la norme EN 15650 relative aux produits de construction. Ils sont test\u00e9s selon la norme EN 1366-2 et class\u00e9s selon la norme EN 13501-3. Les clapets coupe-feu sont con\u00e7us pour les installations r\u00e9pertori\u00e9es et d\u00e9crites dans leur manuel.<\/p>\n<p>Les clapets coupe-feu FDR-3G&#8230;KS sont fournis par d\u00e9faut avec un m\u00e9canisme manuel ou un m\u00e9canisme d&rsquo;actionnement. Un bo\u00eetier d&rsquo;alimentation et de communication est \u00e9galement disponible en option.<\/p>\n<p>L&rsquo;ouverture et la fermeture de la lame du clapet peuvent \u00eatre command\u00e9es \u00e0 distance pour les versions avec actionneur. En cas d&rsquo;incendie, lorsque la temp\u00e9rature de l&rsquo;air dans le conduit d\u00e9passe 72 \u00b0C ou 74 \u00b0C, le fusible thermique fond, que ce soit pour les versions avec actionneur ou manuelle. La fusion du fusible thermique active automatiquement la fermeture de la lame du clapet. La lame est alors verrouill\u00e9e m\u00e9caniquement en position ferm\u00e9e.<\/p>\n<p>Les clapets coupe-feu sont dot\u00e9s d&rsquo;un carter en t\u00f4le galvanis\u00e9e. Les lames sont fabriqu\u00e9es avec des isolants sans amiante et sont \u00e9quip\u00e9es d&rsquo;un joint en caoutchouc pour les fum\u00e9es froides et d&rsquo;un joint intumescent. Ce joint intumescent se dilate en cas d&rsquo;incendie.<\/p>\n<p><strong>Documentation<\/strong><\/p>\n<\/div>\n<\/div>\n<\/div>\n<\/div>\n<\/div>\n<div class=\"mb-400 mt-700 relative container-fluid\">\n<div class=\"gtm-product-section\" data-gtm-name=\"Documentation\" data-gtm-label=\"Documentation\" data-offset=\"0\" data-gtm-vis-recent-on-screen53434917_103=\"48508\" data-gtm-vis-first-on-screen53434917_103=\"48508\" data-gtm-vis-total-visible-time53434917_103=\"1500\" data-gtm-vis-has-fired53434917_103=\"1\">\n<div class=\"row gap-y-150 mb-200 desktop-nav:mb-0 md ProductPageISSections_product-info-header___9p5M\">\n<div class=\" col-12 md:col-6 md:text-right print:hidden flex items-center justify-end mobile-nav:flex-col gap-050 \">\n<div class=\"\"><button class=\"gtm-product-specsheet-link btn btn-secondary btn-small btn-icon-left xs-max:btn-block\">Download spec sheet<\/button><\/div>\n<\/div>\n<\/div>\n<\/div>\n<\/div>\n","protected":false},"excerpt":{"rendered":"<p>Installation rapide et facile pour une protection passive efficace contre le feu, la fum\u00e9e et les gaz<\/p>\n<p>Kit carr\u00e9 id\u00e9al pour les cloisons en plaques de pl\u00e2tre<\/p>\n<p>Classe d&rsquo;\u00e9tanch\u00e9it\u00e9 3C en standard<\/p>\n<p>Faible perte de charge<\/p>\n<p>Trappe d&rsquo;inspection int\u00e9gr\u00e9e<\/p>\n","protected":false},"featured_media":36328,"template":"","meta":[],"product_brand":[],"product_cat":[1778,1789,1772],"product_tag":[],"class_list":{"0":"post-36334","1":"product","2":"type-product","3":"status-publish","4":"has-post-thumbnail","6":"product_cat-clapets-coupe-feu","7":"product_cat-claques-coupe-feu-circulaires","8":"product_cat-securite-incendie","10":"first","11":"instock","12":"shipping-taxable","13":"product-type-simple"},"yoast_head":"<!-- This site is optimized with the Yoast SEO plugin v27.1.1 - https:\/\/yoast.com\/product\/yoast-seo-wordpress\/ -->\n<title>Clapets coupe-feu circulaires FDR-3G_KS - GeoClimate.ge<\/title>\n<meta name=\"robots\" content=\"index, follow, max-snippet:-1, max-image-preview:large, max-video-preview:-1\" \/>\n<link rel=\"canonical\" href=\"https:\/\/geoclimate.ge\/fr\/produit\/fdr-3g_ks-circular-fire-dampers\/\" \/>\n<meta property=\"og:locale\" content=\"fr_FR\" \/>\n<meta property=\"og:type\" content=\"article\" \/>\n<meta property=\"og:title\" content=\"Clapets coupe-feu circulaires FDR-3G_KS - GeoClimate.ge\" \/>\n<meta property=\"og:description\" content=\"Installation rapide et facile pour une protection passive efficace contre le feu, la fum\u00e9e et les gaz  Kit carr\u00e9 id\u00e9al pour les cloisons en plaques de pl\u00e2tre  Classe d&#039;\u00e9tanch\u00e9it\u00e9 3C en standard  Faible perte de charge  Trappe d&#039;inspection int\u00e9gr\u00e9e\" \/>\n<meta property=\"og:url\" content=\"https:\/\/geoclimate.ge\/fr\/produit\/fdr-3g_ks-circular-fire-dampers\/\" \/>\n<meta property=\"og:site_name\" content=\"GeoClimate.ge\" \/>\n<meta property=\"article:modified_time\" content=\"2025-09-03T15:50:16+00:00\" \/>\n<meta property=\"og:image\" content=\"https:\/\/geoclimate.ge\/wp-content\/uploads\/2025\/09\/converted_PRODUCT-MAIN-IMAGE_FDR_3G_KS.png\" \/>\n\t<meta property=\"og:image:width\" content=\"384\" \/>\n\t<meta property=\"og:image:height\" content=\"288\" \/>\n\t<meta property=\"og:image:type\" content=\"image\/png\" \/>\n<meta name=\"twitter:card\" content=\"summary_large_image\" \/>\n<meta name=\"twitter:label1\" content=\"Dur\u00e9e de lecture estim\u00e9e\" \/>\n\t<meta name=\"twitter:data1\" content=\"1 minute\" \/>\n<script type=\"application\/ld+json\" class=\"yoast-schema-graph\">{\"@context\":\"https:\/\/schema.org\",\"@graph\":[{\"@type\":\"WebPage\",\"@id\":\"https:\/\/geoclimate.ge\/fr\/produit\/fdr-3g_ks-circular-fire-dampers\/\",\"url\":\"https:\/\/geoclimate.ge\/fr\/produit\/fdr-3g_ks-circular-fire-dampers\/\",\"name\":\"Clapets coupe-feu circulaires FDR-3G_KS - GeoClimate.ge\",\"isPartOf\":{\"@id\":\"https:\/\/geoclimate.ge\/#website\"},\"primaryImageOfPage\":{\"@id\":\"https:\/\/geoclimate.ge\/fr\/produit\/fdr-3g_ks-circular-fire-dampers\/#primaryimage\"},\"image\":{\"@id\":\"https:\/\/geoclimate.ge\/fr\/produit\/fdr-3g_ks-circular-fire-dampers\/#primaryimage\"},\"thumbnailUrl\":\"https:\/\/geoclimate.ge\/wp-content\/uploads\/2025\/09\/converted_PRODUCT-MAIN-IMAGE_FDR_3G_KS.png\",\"datePublished\":\"2025-09-03T15:46:22+00:00\",\"dateModified\":\"2025-09-03T15:50:16+00:00\",\"breadcrumb\":{\"@id\":\"https:\/\/geoclimate.ge\/fr\/produit\/fdr-3g_ks-circular-fire-dampers\/#breadcrumb\"},\"inLanguage\":\"fr-FR\",\"potentialAction\":[{\"@type\":\"ReadAction\",\"target\":[\"https:\/\/geoclimate.ge\/fr\/produit\/fdr-3g_ks-circular-fire-dampers\/\"]}]},{\"@type\":\"ImageObject\",\"inLanguage\":\"fr-FR\",\"@id\":\"https:\/\/geoclimate.ge\/fr\/produit\/fdr-3g_ks-circular-fire-dampers\/#primaryimage\",\"url\":\"https:\/\/geoclimate.ge\/wp-content\/uploads\/2025\/09\/converted_PRODUCT-MAIN-IMAGE_FDR_3G_KS.png\",\"contentUrl\":\"https:\/\/geoclimate.ge\/wp-content\/uploads\/2025\/09\/converted_PRODUCT-MAIN-IMAGE_FDR_3G_KS.png\",\"width\":384,\"height\":288},{\"@type\":\"BreadcrumbList\",\"@id\":\"https:\/\/geoclimate.ge\/fr\/produit\/fdr-3g_ks-circular-fire-dampers\/#breadcrumb\",\"itemListElement\":[{\"@type\":\"ListItem\",\"position\":1,\"name\":\"Home\",\"item\":\"https:\/\/geoclimate.ge\/fr\/\"},{\"@type\":\"ListItem\",\"position\":2,\"name\":\"Products\",\"item\":\"https:\/\/geoclimate.ge\/fr\/products\/\"},{\"@type\":\"ListItem\",\"position\":3,\"name\":\"Clapets coupe-feu circulaires FDR-3G_KS\"}]},{\"@type\":\"WebSite\",\"@id\":\"https:\/\/geoclimate.ge\/#website\",\"url\":\"https:\/\/geoclimate.ge\/\",\"name\":\"GeoClimate\",\"description\":\"\",\"publisher\":{\"@id\":\"https:\/\/geoclimate.ge\/#organization\"},\"potentialAction\":[{\"@type\":\"SearchAction\",\"target\":{\"@type\":\"EntryPoint\",\"urlTemplate\":\"https:\/\/geoclimate.ge\/?s={search_term_string}\"},\"query-input\":{\"@type\":\"PropertyValueSpecification\",\"valueRequired\":true,\"valueName\":\"search_term_string\"}}],\"inLanguage\":\"fr-FR\"},{\"@type\":\"Organization\",\"@id\":\"https:\/\/geoclimate.ge\/#organization\",\"name\":\"GeoClimate\",\"url\":\"https:\/\/geoclimate.ge\/\",\"logo\":{\"@type\":\"ImageObject\",\"inLanguage\":\"fr-FR\",\"@id\":\"https:\/\/geoclimate.ge\/#\/schema\/logo\/image\/\",\"url\":\"https:\/\/geoclimate.ge\/wp-content\/uploads\/2026\/03\/geoclimate-SEO.png\",\"contentUrl\":\"https:\/\/geoclimate.ge\/wp-content\/uploads\/2026\/03\/geoclimate-SEO.png\",\"width\":1536,\"height\":1024,\"caption\":\"GeoClimate\"},\"image\":{\"@id\":\"https:\/\/geoclimate.ge\/#\/schema\/logo\/image\/\"}}]}<\/script>\n<!-- \/ Yoast SEO plugin. -->","yoast_head_json":{"title":"Clapets coupe-feu circulaires FDR-3G_KS - GeoClimate.ge","robots":{"index":"index","follow":"follow","max-snippet":"max-snippet:-1","max-image-preview":"max-image-preview:large","max-video-preview":"max-video-preview:-1"},"canonical":"https:\/\/geoclimate.ge\/fr\/produit\/fdr-3g_ks-circular-fire-dampers\/","og_locale":"fr_FR","og_type":"article","og_title":"Clapets coupe-feu circulaires FDR-3G_KS - GeoClimate.ge","og_description":"Installation rapide et facile pour une protection passive efficace contre le feu, la fum\u00e9e et les gaz  Kit carr\u00e9 id\u00e9al pour les cloisons en plaques de pl\u00e2tre  Classe d'\u00e9tanch\u00e9it\u00e9 3C en standard  Faible perte de charge  Trappe d'inspection int\u00e9gr\u00e9e","og_url":"https:\/\/geoclimate.ge\/fr\/produit\/fdr-3g_ks-circular-fire-dampers\/","og_site_name":"GeoClimate.ge","article_modified_time":"2025-09-03T15:50:16+00:00","og_image":[{"width":384,"height":288,"url":"https:\/\/geoclimate.ge\/wp-content\/uploads\/2025\/09\/converted_PRODUCT-MAIN-IMAGE_FDR_3G_KS.png","type":"image\/png"}],"twitter_card":"summary_large_image","twitter_misc":{"Dur\u00e9e de lecture estim\u00e9e":"1 minute"},"schema":{"@context":"https:\/\/schema.org","@graph":[{"@type":"WebPage","@id":"https:\/\/geoclimate.ge\/fr\/produit\/fdr-3g_ks-circular-fire-dampers\/","url":"https:\/\/geoclimate.ge\/fr\/produit\/fdr-3g_ks-circular-fire-dampers\/","name":"Clapets coupe-feu circulaires FDR-3G_KS - GeoClimate.ge","isPartOf":{"@id":"https:\/\/geoclimate.ge\/#website"},"primaryImageOfPage":{"@id":"https:\/\/geoclimate.ge\/fr\/produit\/fdr-3g_ks-circular-fire-dampers\/#primaryimage"},"image":{"@id":"https:\/\/geoclimate.ge\/fr\/produit\/fdr-3g_ks-circular-fire-dampers\/#primaryimage"},"thumbnailUrl":"https:\/\/geoclimate.ge\/wp-content\/uploads\/2025\/09\/converted_PRODUCT-MAIN-IMAGE_FDR_3G_KS.png","datePublished":"2025-09-03T15:46:22+00:00","dateModified":"2025-09-03T15:50:16+00:00","breadcrumb":{"@id":"https:\/\/geoclimate.ge\/fr\/produit\/fdr-3g_ks-circular-fire-dampers\/#breadcrumb"},"inLanguage":"fr-FR","potentialAction":[{"@type":"ReadAction","target":["https:\/\/geoclimate.ge\/fr\/produit\/fdr-3g_ks-circular-fire-dampers\/"]}]},{"@type":"ImageObject","inLanguage":"fr-FR","@id":"https:\/\/geoclimate.ge\/fr\/produit\/fdr-3g_ks-circular-fire-dampers\/#primaryimage","url":"https:\/\/geoclimate.ge\/wp-content\/uploads\/2025\/09\/converted_PRODUCT-MAIN-IMAGE_FDR_3G_KS.png","contentUrl":"https:\/\/geoclimate.ge\/wp-content\/uploads\/2025\/09\/converted_PRODUCT-MAIN-IMAGE_FDR_3G_KS.png","width":384,"height":288},{"@type":"BreadcrumbList","@id":"https:\/\/geoclimate.ge\/fr\/produit\/fdr-3g_ks-circular-fire-dampers\/#breadcrumb","itemListElement":[{"@type":"ListItem","position":1,"name":"Home","item":"https:\/\/geoclimate.ge\/fr\/"},{"@type":"ListItem","position":2,"name":"Products","item":"https:\/\/geoclimate.ge\/fr\/products\/"},{"@type":"ListItem","position":3,"name":"Clapets coupe-feu circulaires FDR-3G_KS"}]},{"@type":"WebSite","@id":"https:\/\/geoclimate.ge\/#website","url":"https:\/\/geoclimate.ge\/","name":"GeoClimate","description":"","publisher":{"@id":"https:\/\/geoclimate.ge\/#organization"},"potentialAction":[{"@type":"SearchAction","target":{"@type":"EntryPoint","urlTemplate":"https:\/\/geoclimate.ge\/?s={search_term_string}"},"query-input":{"@type":"PropertyValueSpecification","valueRequired":true,"valueName":"search_term_string"}}],"inLanguage":"fr-FR"},{"@type":"Organization","@id":"https:\/\/geoclimate.ge\/#organization","name":"GeoClimate","url":"https:\/\/geoclimate.ge\/","logo":{"@type":"ImageObject","inLanguage":"fr-FR","@id":"https:\/\/geoclimate.ge\/#\/schema\/logo\/image\/","url":"https:\/\/geoclimate.ge\/wp-content\/uploads\/2026\/03\/geoclimate-SEO.png","contentUrl":"https:\/\/geoclimate.ge\/wp-content\/uploads\/2026\/03\/geoclimate-SEO.png","width":1536,"height":1024,"caption":"GeoClimate"},"image":{"@id":"https:\/\/geoclimate.ge\/#\/schema\/logo\/image\/"}}]}},"_links":{"self":[{"href":"https:\/\/geoclimate.ge\/fr\/wp-json\/wp\/v2\/product\/36334","targetHints":{"allow":["GET"]}}],"collection":[{"href":"https:\/\/geoclimate.ge\/fr\/wp-json\/wp\/v2\/product"}],"about":[{"href":"https:\/\/geoclimate.ge\/fr\/wp-json\/wp\/v2\/types\/product"}],"wp:featuredmedia":[{"embeddable":true,"href":"https:\/\/geoclimate.ge\/fr\/wp-json\/wp\/v2\/media\/36328"}],"wp:attachment":[{"href":"https:\/\/geoclimate.ge\/fr\/wp-json\/wp\/v2\/media?parent=36334"}],"wp:term":[{"taxonomy":"product_brand","embeddable":true,"href":"https:\/\/geoclimate.ge\/fr\/wp-json\/wp\/v2\/product_brand?post=36334"},{"taxonomy":"product_cat","embeddable":true,"href":"https:\/\/geoclimate.ge\/fr\/wp-json\/wp\/v2\/product_cat?post=36334"},{"taxonomy":"product_tag","embeddable":true,"href":"https:\/\/geoclimate.ge\/fr\/wp-json\/wp\/v2\/product_tag?post=36334"}],"curies":[{"name":"wp","href":"https:\/\/api.w.org\/{rel}","templated":true}]}}