{"id":36469,"date":"2025-09-04T14:22:21","date_gmt":"2025-09-04T10:22:21","guid":{"rendered":"https:\/\/airsystems.ge\/shop\/product\/s-ra1-circular-smoke-control-dampers\/"},"modified":"2025-09-04T14:38:06","modified_gmt":"2025-09-04T10:38:06","slug":"s-ra1-circular-smoke-control-dampers","status":"publish","type":"product","link":"https:\/\/geoclimate.ge\/fr\/produit\/s-ra1-circular-smoke-control-dampers\/","title":{"rendered":"Volets de d\u00e9senfumage circulaires S-RA1"},"content":{"rendered":"<div class=\"mb-400 gtm-product-section container-fluid\" data-gtm-name=\"Benefits\" data-gtm-label=\"Benefits (en)\">\n<div class=\"row\">\n<div class=\"content-element content-element-product-benefit col-12 sm:col-6 mb-400\">\n<div class=\"bg-card px-300 py-250 mobile-nav:px-200 mobile-nav:py-150 h-full flex overflow-hidden card-border\">\n<div class=\"min-w-0\">\n<p><strong>Installation simple<\/strong><br \/>\nLe volet de d\u00e9senfumage S-RA1 s&rsquo;installe facilement dans les syst\u00e8mes d&rsquo;extraction de fum\u00e9e et de chaleur m\u00e9caniques ou naturels.<\/p>\n<p><strong>D\u00e9senfumage efficace<\/strong><br \/>\nLe S-RA1 assure une \u00e9vacuation efficace de la fum\u00e9e, du feu et des gaz toxiques, et peut \u00e9galement fournir de l&rsquo;air propre aux compartiments coupe-feu.<\/p>\n<p><strong>Nombreuses activations<\/strong><br \/>\nL&rsquo;unit\u00e9 est disponible dans une large gamme d&rsquo;activations pour diff\u00e9rentes installations.<\/p>\n<p>La s\u00e9rie de volets de d\u00e9senfumage S-RA1 offre une protection efficace contre les gaz toxiques, la fum\u00e9e et le feu. Ils peuvent \u00e9galement fournir de l&rsquo;air propre aux compartiments coupe-feu. Les volets S-RA1 sont \u00e9quip\u00e9s d&rsquo;un servomoteur sans ressort, ce qui signifie qu&rsquo;ils offrent une position de s\u00e9curit\u00e9 ouverte et ferm\u00e9e. Le S-RA1 n\u00e9cessite une alimentation \u00e9lectrique.<\/p>\n<p>Disponibles en diff\u00e9rentes tailles, les volets de d\u00e9senfumage S-RA1 r\u00e9pondent \u00e0 des normes de s\u00e9curit\u00e9 rigoureuses et sont soumis \u00e0 des tests rigoureux. Ils sont certifi\u00e9s CE, conformes au R\u00e8glement europ\u00e9en sur les produits de construction et \u00e0 la norme EN 12101-8:2011. Les normes EN 1366-10:2011 + A1:2017 et EN 1366-2:2015 sont les normes de r\u00e9f\u00e9rence pour les tests. La norme EN 13501-4:2016 est la norme de r\u00e9f\u00e9rence pour la classification.<\/p>\n<p><strong>Documentation<\/strong><br \/>\nT\u00e9l\u00e9charger la fiche technique<\/p>\n<\/div>\n<\/div>\n<\/div>\n<\/div>\n<\/div>\n<div class=\"mb-400 mt-700 relative container-fluid\">\n<div class=\"gtm-product-section\" data-gtm-name=\"Documentation\" data-gtm-label=\"Documentation\" data-offset=\"0\">\n<div class=\"row gap-y-150 mb-200 desktop-nav:mb-0 md ProductPageISSections_product-info-header___9p5M\">\n<div class=\" col-12 md:col-6 md:text-right print:hidden flex items-center justify-end mobile-nav:flex-col gap-050 \">\n<div class=\"\"><button class=\"gtm-product-specsheet-link btn btn-secondary btn-small btn-icon-left xs-max:btn-block\">Download spec sheet<\/button><\/div>\n<\/div>\n<\/div>\n<\/div>\n<\/div>\n","protected":false},"excerpt":{"rendered":"<p>Volets de d\u00e9senfumage \u00e0 compartiment unique pour syst\u00e8mes d&rsquo;extraction de fum\u00e9e et de chaleur<\/p>\n<p>Installation facile<\/p>\n<p>Commande par servomoteur<\/p>\n<p>Forte r\u00e9sistance au feu<\/p>\n<p>Trou d&rsquo;inspection inclus<\/p>\n","protected":false},"featured_media":36464,"template":"","meta":[],"product_brand":[],"product_cat":[1772,1797,1807],"product_tag":[],"class_list":{"0":"post-36469","1":"product","2":"type-product","3":"status-publish","4":"has-post-thumbnail","6":"product_cat-securite-incendie","7":"product_cat-volets-de-desenfumage","8":"product_cat-volets-de-desenfumage-circulaires","10":"first","11":"instock","12":"shipping-taxable","13":"product-type-simple"},"yoast_head":"<!-- This site is optimized with the Yoast SEO plugin v27.1.1 - https:\/\/yoast.com\/product\/yoast-seo-wordpress\/ -->\n<title>Volets de d\u00e9senfumage circulaires S-RA1 - GeoClimate.ge<\/title>\n<meta name=\"robots\" content=\"index, follow, max-snippet:-1, max-image-preview:large, max-video-preview:-1\" \/>\n<link rel=\"canonical\" href=\"https:\/\/geoclimate.ge\/fr\/produit\/s-ra1-circular-smoke-control-dampers\/\" \/>\n<meta property=\"og:locale\" content=\"fr_FR\" \/>\n<meta property=\"og:type\" content=\"article\" \/>\n<meta property=\"og:title\" content=\"Volets de d\u00e9senfumage circulaires S-RA1 - GeoClimate.ge\" \/>\n<meta property=\"og:description\" content=\"Volets de d\u00e9senfumage \u00e0 compartiment unique pour syst\u00e8mes d&#039;extraction de fum\u00e9e et de chaleur  Installation facile  Commande par servomoteur  Forte r\u00e9sistance au feu  Trou d&#039;inspection inclus\" \/>\n<meta property=\"og:url\" content=\"https:\/\/geoclimate.ge\/fr\/produit\/s-ra1-circular-smoke-control-dampers\/\" \/>\n<meta property=\"og:site_name\" content=\"GeoClimate.ge\" \/>\n<meta property=\"article:modified_time\" content=\"2025-09-04T10:38:06+00:00\" \/>\n<meta property=\"og:image\" content=\"https:\/\/geoclimate.ge\/wp-content\/uploads\/2025\/09\/PRODUCT-MAIN-IMAGE_S_RA1-2.jpg\" \/>\n\t<meta property=\"og:image:width\" content=\"384\" \/>\n\t<meta property=\"og:image:height\" content=\"224\" \/>\n\t<meta property=\"og:image:type\" content=\"image\/jpeg\" \/>\n<meta name=\"twitter:card\" content=\"summary_large_image\" \/>\n<meta name=\"twitter:label1\" content=\"Dur\u00e9e de lecture estim\u00e9e\" \/>\n\t<meta name=\"twitter:data1\" content=\"1 minute\" \/>\n<script type=\"application\/ld+json\" class=\"yoast-schema-graph\">{\"@context\":\"https:\/\/schema.org\",\"@graph\":[{\"@type\":\"WebPage\",\"@id\":\"https:\/\/geoclimate.ge\/fr\/produit\/s-ra1-circular-smoke-control-dampers\/\",\"url\":\"https:\/\/geoclimate.ge\/fr\/produit\/s-ra1-circular-smoke-control-dampers\/\",\"name\":\"Volets de d\u00e9senfumage circulaires S-RA1 - GeoClimate.ge\",\"isPartOf\":{\"@id\":\"https:\/\/geoclimate.ge\/#website\"},\"primaryImageOfPage\":{\"@id\":\"https:\/\/geoclimate.ge\/fr\/produit\/s-ra1-circular-smoke-control-dampers\/#primaryimage\"},\"image\":{\"@id\":\"https:\/\/geoclimate.ge\/fr\/produit\/s-ra1-circular-smoke-control-dampers\/#primaryimage\"},\"thumbnailUrl\":\"https:\/\/geoclimate.ge\/wp-content\/uploads\/2025\/09\/PRODUCT-MAIN-IMAGE_S_RA1-2.jpg\",\"datePublished\":\"2025-09-04T10:22:21+00:00\",\"dateModified\":\"2025-09-04T10:38:06+00:00\",\"breadcrumb\":{\"@id\":\"https:\/\/geoclimate.ge\/fr\/produit\/s-ra1-circular-smoke-control-dampers\/#breadcrumb\"},\"inLanguage\":\"fr-FR\",\"potentialAction\":[{\"@type\":\"ReadAction\",\"target\":[\"https:\/\/geoclimate.ge\/fr\/produit\/s-ra1-circular-smoke-control-dampers\/\"]}]},{\"@type\":\"ImageObject\",\"inLanguage\":\"fr-FR\",\"@id\":\"https:\/\/geoclimate.ge\/fr\/produit\/s-ra1-circular-smoke-control-dampers\/#primaryimage\",\"url\":\"https:\/\/geoclimate.ge\/wp-content\/uploads\/2025\/09\/PRODUCT-MAIN-IMAGE_S_RA1-2.jpg\",\"contentUrl\":\"https:\/\/geoclimate.ge\/wp-content\/uploads\/2025\/09\/PRODUCT-MAIN-IMAGE_S_RA1-2.jpg\",\"width\":384,\"height\":224},{\"@type\":\"BreadcrumbList\",\"@id\":\"https:\/\/geoclimate.ge\/fr\/produit\/s-ra1-circular-smoke-control-dampers\/#breadcrumb\",\"itemListElement\":[{\"@type\":\"ListItem\",\"position\":1,\"name\":\"Home\",\"item\":\"https:\/\/geoclimate.ge\/fr\/\"},{\"@type\":\"ListItem\",\"position\":2,\"name\":\"Products\",\"item\":\"https:\/\/geoclimate.ge\/fr\/products\/\"},{\"@type\":\"ListItem\",\"position\":3,\"name\":\"Volets de d\u00e9senfumage circulaires S-RA1\"}]},{\"@type\":\"WebSite\",\"@id\":\"https:\/\/geoclimate.ge\/#website\",\"url\":\"https:\/\/geoclimate.ge\/\",\"name\":\"GeoClimate\",\"description\":\"\",\"publisher\":{\"@id\":\"https:\/\/geoclimate.ge\/#organization\"},\"potentialAction\":[{\"@type\":\"SearchAction\",\"target\":{\"@type\":\"EntryPoint\",\"urlTemplate\":\"https:\/\/geoclimate.ge\/?s={search_term_string}\"},\"query-input\":{\"@type\":\"PropertyValueSpecification\",\"valueRequired\":true,\"valueName\":\"search_term_string\"}}],\"inLanguage\":\"fr-FR\"},{\"@type\":\"Organization\",\"@id\":\"https:\/\/geoclimate.ge\/#organization\",\"name\":\"GeoClimate\",\"url\":\"https:\/\/geoclimate.ge\/\",\"logo\":{\"@type\":\"ImageObject\",\"inLanguage\":\"fr-FR\",\"@id\":\"https:\/\/geoclimate.ge\/#\/schema\/logo\/image\/\",\"url\":\"https:\/\/geoclimate.ge\/wp-content\/uploads\/2026\/03\/geoclimate-SEO.png\",\"contentUrl\":\"https:\/\/geoclimate.ge\/wp-content\/uploads\/2026\/03\/geoclimate-SEO.png\",\"width\":1536,\"height\":1024,\"caption\":\"GeoClimate\"},\"image\":{\"@id\":\"https:\/\/geoclimate.ge\/#\/schema\/logo\/image\/\"}}]}<\/script>\n<!-- \/ Yoast SEO plugin. -->","yoast_head_json":{"title":"Volets de d\u00e9senfumage circulaires S-RA1 - GeoClimate.ge","robots":{"index":"index","follow":"follow","max-snippet":"max-snippet:-1","max-image-preview":"max-image-preview:large","max-video-preview":"max-video-preview:-1"},"canonical":"https:\/\/geoclimate.ge\/fr\/produit\/s-ra1-circular-smoke-control-dampers\/","og_locale":"fr_FR","og_type":"article","og_title":"Volets de d\u00e9senfumage circulaires S-RA1 - GeoClimate.ge","og_description":"Volets de d\u00e9senfumage \u00e0 compartiment unique pour syst\u00e8mes d'extraction de fum\u00e9e et de chaleur  Installation facile  Commande par servomoteur  Forte r\u00e9sistance au feu  Trou d'inspection inclus","og_url":"https:\/\/geoclimate.ge\/fr\/produit\/s-ra1-circular-smoke-control-dampers\/","og_site_name":"GeoClimate.ge","article_modified_time":"2025-09-04T10:38:06+00:00","og_image":[{"width":384,"height":224,"url":"https:\/\/geoclimate.ge\/wp-content\/uploads\/2025\/09\/PRODUCT-MAIN-IMAGE_S_RA1-2.jpg","type":"image\/jpeg"}],"twitter_card":"summary_large_image","twitter_misc":{"Dur\u00e9e de lecture estim\u00e9e":"1 minute"},"schema":{"@context":"https:\/\/schema.org","@graph":[{"@type":"WebPage","@id":"https:\/\/geoclimate.ge\/fr\/produit\/s-ra1-circular-smoke-control-dampers\/","url":"https:\/\/geoclimate.ge\/fr\/produit\/s-ra1-circular-smoke-control-dampers\/","name":"Volets de d\u00e9senfumage circulaires S-RA1 - GeoClimate.ge","isPartOf":{"@id":"https:\/\/geoclimate.ge\/#website"},"primaryImageOfPage":{"@id":"https:\/\/geoclimate.ge\/fr\/produit\/s-ra1-circular-smoke-control-dampers\/#primaryimage"},"image":{"@id":"https:\/\/geoclimate.ge\/fr\/produit\/s-ra1-circular-smoke-control-dampers\/#primaryimage"},"thumbnailUrl":"https:\/\/geoclimate.ge\/wp-content\/uploads\/2025\/09\/PRODUCT-MAIN-IMAGE_S_RA1-2.jpg","datePublished":"2025-09-04T10:22:21+00:00","dateModified":"2025-09-04T10:38:06+00:00","breadcrumb":{"@id":"https:\/\/geoclimate.ge\/fr\/produit\/s-ra1-circular-smoke-control-dampers\/#breadcrumb"},"inLanguage":"fr-FR","potentialAction":[{"@type":"ReadAction","target":["https:\/\/geoclimate.ge\/fr\/produit\/s-ra1-circular-smoke-control-dampers\/"]}]},{"@type":"ImageObject","inLanguage":"fr-FR","@id":"https:\/\/geoclimate.ge\/fr\/produit\/s-ra1-circular-smoke-control-dampers\/#primaryimage","url":"https:\/\/geoclimate.ge\/wp-content\/uploads\/2025\/09\/PRODUCT-MAIN-IMAGE_S_RA1-2.jpg","contentUrl":"https:\/\/geoclimate.ge\/wp-content\/uploads\/2025\/09\/PRODUCT-MAIN-IMAGE_S_RA1-2.jpg","width":384,"height":224},{"@type":"BreadcrumbList","@id":"https:\/\/geoclimate.ge\/fr\/produit\/s-ra1-circular-smoke-control-dampers\/#breadcrumb","itemListElement":[{"@type":"ListItem","position":1,"name":"Home","item":"https:\/\/geoclimate.ge\/fr\/"},{"@type":"ListItem","position":2,"name":"Products","item":"https:\/\/geoclimate.ge\/fr\/products\/"},{"@type":"ListItem","position":3,"name":"Volets de d\u00e9senfumage circulaires S-RA1"}]},{"@type":"WebSite","@id":"https:\/\/geoclimate.ge\/#website","url":"https:\/\/geoclimate.ge\/","name":"GeoClimate","description":"","publisher":{"@id":"https:\/\/geoclimate.ge\/#organization"},"potentialAction":[{"@type":"SearchAction","target":{"@type":"EntryPoint","urlTemplate":"https:\/\/geoclimate.ge\/?s={search_term_string}"},"query-input":{"@type":"PropertyValueSpecification","valueRequired":true,"valueName":"search_term_string"}}],"inLanguage":"fr-FR"},{"@type":"Organization","@id":"https:\/\/geoclimate.ge\/#organization","name":"GeoClimate","url":"https:\/\/geoclimate.ge\/","logo":{"@type":"ImageObject","inLanguage":"fr-FR","@id":"https:\/\/geoclimate.ge\/#\/schema\/logo\/image\/","url":"https:\/\/geoclimate.ge\/wp-content\/uploads\/2026\/03\/geoclimate-SEO.png","contentUrl":"https:\/\/geoclimate.ge\/wp-content\/uploads\/2026\/03\/geoclimate-SEO.png","width":1536,"height":1024,"caption":"GeoClimate"},"image":{"@id":"https:\/\/geoclimate.ge\/#\/schema\/logo\/image\/"}}]}},"_links":{"self":[{"href":"https:\/\/geoclimate.ge\/fr\/wp-json\/wp\/v2\/product\/36469","targetHints":{"allow":["GET"]}}],"collection":[{"href":"https:\/\/geoclimate.ge\/fr\/wp-json\/wp\/v2\/product"}],"about":[{"href":"https:\/\/geoclimate.ge\/fr\/wp-json\/wp\/v2\/types\/product"}],"wp:featuredmedia":[{"embeddable":true,"href":"https:\/\/geoclimate.ge\/fr\/wp-json\/wp\/v2\/media\/36464"}],"wp:attachment":[{"href":"https:\/\/geoclimate.ge\/fr\/wp-json\/wp\/v2\/media?parent=36469"}],"wp:term":[{"taxonomy":"product_brand","embeddable":true,"href":"https:\/\/geoclimate.ge\/fr\/wp-json\/wp\/v2\/product_brand?post=36469"},{"taxonomy":"product_cat","embeddable":true,"href":"https:\/\/geoclimate.ge\/fr\/wp-json\/wp\/v2\/product_cat?post=36469"},{"taxonomy":"product_tag","embeddable":true,"href":"https:\/\/geoclimate.ge\/fr\/wp-json\/wp\/v2\/product_tag?post=36469"}],"curies":[{"name":"wp","href":"https:\/\/api.w.org\/{rel}","templated":true}]}}