{"id":36512,"date":"2025-09-04T15:19:39","date_gmt":"2025-09-04T11:19:39","guid":{"rendered":"https:\/\/airsystems.ge\/shop\/product\/s-sa2l-rectangular-smoke-control-dampers\/"},"modified":"2025-09-04T15:22:31","modified_gmt":"2025-09-04T11:22:31","slug":"s-sa2l-rectangular-smoke-control-dampers","status":"publish","type":"product","link":"https:\/\/geoclimate.ge\/fr\/produit\/s-sa2l-rectangular-smoke-control-dampers\/","title":{"rendered":"Volets de d\u00e9senfumage rectangulaires S-SA2L"},"content":{"rendered":"<div class=\"mb-400 gtm-product-section container-fluid\" data-gtm-name=\"Benefits\" data-gtm-label=\"Benefits (en)\" data-gtm-vis-recent-on-screen53434917_103=\"1619\" data-gtm-vis-first-on-screen53434917_103=\"1619\" data-gtm-vis-total-visible-time53434917_103=\"1500\" data-gtm-vis-has-fired53434917_103=\"1\">\n<div class=\"row\">\n<div class=\"content-element content-element-product-benefit col-12 sm:col-6 mb-400\">\n<div class=\"bg-card px-300 py-250 mobile-nav:px-200 mobile-nav:py-150 h-full flex overflow-hidden card-border\">\n<div class=\"min-w-0\">\n<p><strong>Rigidement test\u00e9s<\/strong><br \/>\nInstallations de conduits possibles dans de nombreuses orientations. Votre meilleur alli\u00e9 pour les projets en zones \u00ab\u00a0multiples\u00a0\u00bb.<\/p>\n<p><strong>Niveau de pression<\/strong><br \/>\nOptimisez la conception de votre projet en utilisant le niveau de pression le plus \u00e9lev\u00e9 possible.<\/p>\n<p><strong>Pr\u00e9par\u00e9 pour diff\u00e9rents raccordements<\/strong><br \/>\nPossibilit\u00e9s de raccordement de conduits m\u00e9talliques et en silicate de calcium standard.<\/p>\n<p>Le S-SA2L \u00e9vacue les gaz toxiques, la fum\u00e9e et le feu, ou fournit de l&rsquo;air frais aux compartiments coupe-feu. Les volets de d\u00e9senfumage sont \u00e9quip\u00e9s d&rsquo;un actionneur sans ressort et n\u00e9cessitent une alimentation \u00e9lectrique m\u00eame en cas d&rsquo;incendie.<\/p>\n<p>Le S-SA2L est dot\u00e9 d&rsquo;un bo\u00eetier et d&rsquo;une grille en t\u00f4le galvanis\u00e9e. La lame du registre est constitu\u00e9e de panneaux de silicate de calcium. Une fois ferm\u00e9, le registre est scell\u00e9 par un joint intumescent actif pour \u00e9viter la propagation dangereuse de la fum\u00e9e et de la chaleur.<\/p>\n<p><strong>Documentation<\/strong><\/p>\n<\/div>\n<\/div>\n<\/div>\n<\/div>\n<\/div>\n<div class=\"mb-400 mt-700 relative container-fluid\">\n<div class=\"gtm-product-section\" data-gtm-name=\"Documentation\" data-gtm-label=\"Documentation\" data-offset=\"0\" data-gtm-vis-recent-on-screen53434917_103=\"102492\" data-gtm-vis-first-on-screen53434917_103=\"102492\" data-gtm-vis-total-visible-time53434917_103=\"1500\" data-gtm-vis-has-fired53434917_103=\"1\">\n<div class=\"row gap-y-150 mb-200 desktop-nav:mb-0 md ProductPageISSections_product-info-header___9p5M\">\n<div class=\" col-12 md:col-6 md:text-right print:hidden flex items-center justify-end mobile-nav:flex-col gap-050 \">\n<div class=\"\"><button class=\"gtm-product-specsheet-link btn btn-secondary btn-small btn-icon-left xs-max:btn-block\">Download spec sheet<\/button><\/div>\n<\/div>\n<\/div>\n<\/div>\n<\/div>\n","protected":false},"excerpt":{"rendered":"<p>D\u00e9senfumage efficace dans les syst\u00e8mes d&rsquo;extraction de fum\u00e9e et de chaleur<\/p>\n<p>Large gamme d&rsquo;installations de conduits<\/p>\n<p>AA \u2013 activation automatique<\/p>\n<p>Multi \u2013 utilisation dans les compartiments class\u00e9s \u00ab\u00a0Multi\u00a0\u00bb et \u00ab\u00a0Single\u00a0\u00bb<\/p>\n<p>Niveau de pression 3 (-1\u00a0500 Pa \u00e0 500 Pa)<\/p>\n<p>Classe de fuite 3C en standard<\/p>\n","protected":false},"featured_media":36507,"template":"","meta":[],"product_brand":[],"product_cat":[1772,1797,1810],"product_tag":[],"class_list":{"0":"post-36512","1":"product","2":"type-product","3":"status-publish","4":"has-post-thumbnail","6":"product_cat-securite-incendie","7":"product_cat-volets-de-desenfumage","8":"product_cat-volets-de-desenfumage-rectangulaires","10":"first","11":"instock","12":"shipping-taxable","13":"product-type-simple"},"yoast_head":"<!-- This site is optimized with the Yoast SEO plugin v27.1.1 - https:\/\/yoast.com\/product\/yoast-seo-wordpress\/ -->\n<title>Volets de d\u00e9senfumage rectangulaires S-SA2L - GeoClimate.ge<\/title>\n<meta name=\"robots\" content=\"index, follow, max-snippet:-1, max-image-preview:large, max-video-preview:-1\" \/>\n<link rel=\"canonical\" href=\"https:\/\/geoclimate.ge\/fr\/produit\/s-sa2l-rectangular-smoke-control-dampers\/\" \/>\n<meta property=\"og:locale\" content=\"fr_FR\" \/>\n<meta property=\"og:type\" content=\"article\" \/>\n<meta property=\"og:title\" content=\"Volets de d\u00e9senfumage rectangulaires S-SA2L - GeoClimate.ge\" \/>\n<meta property=\"og:description\" content=\"D\u00e9senfumage efficace dans les syst\u00e8mes d&#039;extraction de fum\u00e9e et de chaleur  Large gamme d&#039;installations de conduits  AA \u2013 activation automatique  Multi \u2013 utilisation dans les compartiments class\u00e9s \u00ab\u00a0Multi\u00a0\u00bb et \u00ab\u00a0Single\u00a0\u00bb  Niveau de pression 3 (-1\u00a0500 Pa \u00e0 500 Pa)  Classe de fuite 3C en standard\" \/>\n<meta property=\"og:url\" content=\"https:\/\/geoclimate.ge\/fr\/produit\/s-sa2l-rectangular-smoke-control-dampers\/\" \/>\n<meta property=\"og:site_name\" content=\"GeoClimate.ge\" \/>\n<meta property=\"article:modified_time\" content=\"2025-09-04T11:22:31+00:00\" \/>\n<meta property=\"og:image\" content=\"https:\/\/geoclimate.ge\/wp-content\/uploads\/2025\/09\/PRODUCT-MAIN-IMAGE_S_SA2L.jpg\" \/>\n\t<meta property=\"og:image:width\" content=\"384\" \/>\n\t<meta property=\"og:image:height\" content=\"288\" \/>\n\t<meta property=\"og:image:type\" content=\"image\/jpeg\" \/>\n<meta name=\"twitter:card\" content=\"summary_large_image\" \/>\n<meta name=\"twitter:label1\" content=\"Dur\u00e9e de lecture estim\u00e9e\" \/>\n\t<meta name=\"twitter:data1\" content=\"1 minute\" \/>\n<script type=\"application\/ld+json\" class=\"yoast-schema-graph\">{\"@context\":\"https:\/\/schema.org\",\"@graph\":[{\"@type\":\"WebPage\",\"@id\":\"https:\/\/geoclimate.ge\/fr\/produit\/s-sa2l-rectangular-smoke-control-dampers\/\",\"url\":\"https:\/\/geoclimate.ge\/fr\/produit\/s-sa2l-rectangular-smoke-control-dampers\/\",\"name\":\"Volets de d\u00e9senfumage rectangulaires S-SA2L - GeoClimate.ge\",\"isPartOf\":{\"@id\":\"https:\/\/geoclimate.ge\/#website\"},\"primaryImageOfPage\":{\"@id\":\"https:\/\/geoclimate.ge\/fr\/produit\/s-sa2l-rectangular-smoke-control-dampers\/#primaryimage\"},\"image\":{\"@id\":\"https:\/\/geoclimate.ge\/fr\/produit\/s-sa2l-rectangular-smoke-control-dampers\/#primaryimage\"},\"thumbnailUrl\":\"https:\/\/geoclimate.ge\/wp-content\/uploads\/2025\/09\/PRODUCT-MAIN-IMAGE_S_SA2L.jpg\",\"datePublished\":\"2025-09-04T11:19:39+00:00\",\"dateModified\":\"2025-09-04T11:22:31+00:00\",\"breadcrumb\":{\"@id\":\"https:\/\/geoclimate.ge\/fr\/produit\/s-sa2l-rectangular-smoke-control-dampers\/#breadcrumb\"},\"inLanguage\":\"fr-FR\",\"potentialAction\":[{\"@type\":\"ReadAction\",\"target\":[\"https:\/\/geoclimate.ge\/fr\/produit\/s-sa2l-rectangular-smoke-control-dampers\/\"]}]},{\"@type\":\"ImageObject\",\"inLanguage\":\"fr-FR\",\"@id\":\"https:\/\/geoclimate.ge\/fr\/produit\/s-sa2l-rectangular-smoke-control-dampers\/#primaryimage\",\"url\":\"https:\/\/geoclimate.ge\/wp-content\/uploads\/2025\/09\/PRODUCT-MAIN-IMAGE_S_SA2L.jpg\",\"contentUrl\":\"https:\/\/geoclimate.ge\/wp-content\/uploads\/2025\/09\/PRODUCT-MAIN-IMAGE_S_SA2L.jpg\",\"width\":384,\"height\":288},{\"@type\":\"BreadcrumbList\",\"@id\":\"https:\/\/geoclimate.ge\/fr\/produit\/s-sa2l-rectangular-smoke-control-dampers\/#breadcrumb\",\"itemListElement\":[{\"@type\":\"ListItem\",\"position\":1,\"name\":\"Home\",\"item\":\"https:\/\/geoclimate.ge\/fr\/\"},{\"@type\":\"ListItem\",\"position\":2,\"name\":\"Products\",\"item\":\"https:\/\/geoclimate.ge\/fr\/products\/\"},{\"@type\":\"ListItem\",\"position\":3,\"name\":\"Volets de d\u00e9senfumage rectangulaires S-SA2L\"}]},{\"@type\":\"WebSite\",\"@id\":\"https:\/\/geoclimate.ge\/#website\",\"url\":\"https:\/\/geoclimate.ge\/\",\"name\":\"GeoClimate\",\"description\":\"\",\"publisher\":{\"@id\":\"https:\/\/geoclimate.ge\/#organization\"},\"potentialAction\":[{\"@type\":\"SearchAction\",\"target\":{\"@type\":\"EntryPoint\",\"urlTemplate\":\"https:\/\/geoclimate.ge\/?s={search_term_string}\"},\"query-input\":{\"@type\":\"PropertyValueSpecification\",\"valueRequired\":true,\"valueName\":\"search_term_string\"}}],\"inLanguage\":\"fr-FR\"},{\"@type\":\"Organization\",\"@id\":\"https:\/\/geoclimate.ge\/#organization\",\"name\":\"GeoClimate\",\"url\":\"https:\/\/geoclimate.ge\/\",\"logo\":{\"@type\":\"ImageObject\",\"inLanguage\":\"fr-FR\",\"@id\":\"https:\/\/geoclimate.ge\/#\/schema\/logo\/image\/\",\"url\":\"https:\/\/geoclimate.ge\/wp-content\/uploads\/2026\/03\/geoclimate-SEO.png\",\"contentUrl\":\"https:\/\/geoclimate.ge\/wp-content\/uploads\/2026\/03\/geoclimate-SEO.png\",\"width\":1536,\"height\":1024,\"caption\":\"GeoClimate\"},\"image\":{\"@id\":\"https:\/\/geoclimate.ge\/#\/schema\/logo\/image\/\"}}]}<\/script>\n<!-- \/ Yoast SEO plugin. -->","yoast_head_json":{"title":"Volets de d\u00e9senfumage rectangulaires S-SA2L - GeoClimate.ge","robots":{"index":"index","follow":"follow","max-snippet":"max-snippet:-1","max-image-preview":"max-image-preview:large","max-video-preview":"max-video-preview:-1"},"canonical":"https:\/\/geoclimate.ge\/fr\/produit\/s-sa2l-rectangular-smoke-control-dampers\/","og_locale":"fr_FR","og_type":"article","og_title":"Volets de d\u00e9senfumage rectangulaires S-SA2L - GeoClimate.ge","og_description":"D\u00e9senfumage efficace dans les syst\u00e8mes d'extraction de fum\u00e9e et de chaleur  Large gamme d'installations de conduits  AA \u2013 activation automatique  Multi \u2013 utilisation dans les compartiments class\u00e9s \u00ab\u00a0Multi\u00a0\u00bb et \u00ab\u00a0Single\u00a0\u00bb  Niveau de pression 3 (-1\u00a0500 Pa \u00e0 500 Pa)  Classe de fuite 3C en standard","og_url":"https:\/\/geoclimate.ge\/fr\/produit\/s-sa2l-rectangular-smoke-control-dampers\/","og_site_name":"GeoClimate.ge","article_modified_time":"2025-09-04T11:22:31+00:00","og_image":[{"width":384,"height":288,"url":"https:\/\/geoclimate.ge\/wp-content\/uploads\/2025\/09\/PRODUCT-MAIN-IMAGE_S_SA2L.jpg","type":"image\/jpeg"}],"twitter_card":"summary_large_image","twitter_misc":{"Dur\u00e9e de lecture estim\u00e9e":"1 minute"},"schema":{"@context":"https:\/\/schema.org","@graph":[{"@type":"WebPage","@id":"https:\/\/geoclimate.ge\/fr\/produit\/s-sa2l-rectangular-smoke-control-dampers\/","url":"https:\/\/geoclimate.ge\/fr\/produit\/s-sa2l-rectangular-smoke-control-dampers\/","name":"Volets de d\u00e9senfumage rectangulaires S-SA2L - GeoClimate.ge","isPartOf":{"@id":"https:\/\/geoclimate.ge\/#website"},"primaryImageOfPage":{"@id":"https:\/\/geoclimate.ge\/fr\/produit\/s-sa2l-rectangular-smoke-control-dampers\/#primaryimage"},"image":{"@id":"https:\/\/geoclimate.ge\/fr\/produit\/s-sa2l-rectangular-smoke-control-dampers\/#primaryimage"},"thumbnailUrl":"https:\/\/geoclimate.ge\/wp-content\/uploads\/2025\/09\/PRODUCT-MAIN-IMAGE_S_SA2L.jpg","datePublished":"2025-09-04T11:19:39+00:00","dateModified":"2025-09-04T11:22:31+00:00","breadcrumb":{"@id":"https:\/\/geoclimate.ge\/fr\/produit\/s-sa2l-rectangular-smoke-control-dampers\/#breadcrumb"},"inLanguage":"fr-FR","potentialAction":[{"@type":"ReadAction","target":["https:\/\/geoclimate.ge\/fr\/produit\/s-sa2l-rectangular-smoke-control-dampers\/"]}]},{"@type":"ImageObject","inLanguage":"fr-FR","@id":"https:\/\/geoclimate.ge\/fr\/produit\/s-sa2l-rectangular-smoke-control-dampers\/#primaryimage","url":"https:\/\/geoclimate.ge\/wp-content\/uploads\/2025\/09\/PRODUCT-MAIN-IMAGE_S_SA2L.jpg","contentUrl":"https:\/\/geoclimate.ge\/wp-content\/uploads\/2025\/09\/PRODUCT-MAIN-IMAGE_S_SA2L.jpg","width":384,"height":288},{"@type":"BreadcrumbList","@id":"https:\/\/geoclimate.ge\/fr\/produit\/s-sa2l-rectangular-smoke-control-dampers\/#breadcrumb","itemListElement":[{"@type":"ListItem","position":1,"name":"Home","item":"https:\/\/geoclimate.ge\/fr\/"},{"@type":"ListItem","position":2,"name":"Products","item":"https:\/\/geoclimate.ge\/fr\/products\/"},{"@type":"ListItem","position":3,"name":"Volets de d\u00e9senfumage rectangulaires S-SA2L"}]},{"@type":"WebSite","@id":"https:\/\/geoclimate.ge\/#website","url":"https:\/\/geoclimate.ge\/","name":"GeoClimate","description":"","publisher":{"@id":"https:\/\/geoclimate.ge\/#organization"},"potentialAction":[{"@type":"SearchAction","target":{"@type":"EntryPoint","urlTemplate":"https:\/\/geoclimate.ge\/?s={search_term_string}"},"query-input":{"@type":"PropertyValueSpecification","valueRequired":true,"valueName":"search_term_string"}}],"inLanguage":"fr-FR"},{"@type":"Organization","@id":"https:\/\/geoclimate.ge\/#organization","name":"GeoClimate","url":"https:\/\/geoclimate.ge\/","logo":{"@type":"ImageObject","inLanguage":"fr-FR","@id":"https:\/\/geoclimate.ge\/#\/schema\/logo\/image\/","url":"https:\/\/geoclimate.ge\/wp-content\/uploads\/2026\/03\/geoclimate-SEO.png","contentUrl":"https:\/\/geoclimate.ge\/wp-content\/uploads\/2026\/03\/geoclimate-SEO.png","width":1536,"height":1024,"caption":"GeoClimate"},"image":{"@id":"https:\/\/geoclimate.ge\/#\/schema\/logo\/image\/"}}]}},"_links":{"self":[{"href":"https:\/\/geoclimate.ge\/fr\/wp-json\/wp\/v2\/product\/36512","targetHints":{"allow":["GET"]}}],"collection":[{"href":"https:\/\/geoclimate.ge\/fr\/wp-json\/wp\/v2\/product"}],"about":[{"href":"https:\/\/geoclimate.ge\/fr\/wp-json\/wp\/v2\/types\/product"}],"wp:featuredmedia":[{"embeddable":true,"href":"https:\/\/geoclimate.ge\/fr\/wp-json\/wp\/v2\/media\/36507"}],"wp:attachment":[{"href":"https:\/\/geoclimate.ge\/fr\/wp-json\/wp\/v2\/media?parent=36512"}],"wp:term":[{"taxonomy":"product_brand","embeddable":true,"href":"https:\/\/geoclimate.ge\/fr\/wp-json\/wp\/v2\/product_brand?post=36512"},{"taxonomy":"product_cat","embeddable":true,"href":"https:\/\/geoclimate.ge\/fr\/wp-json\/wp\/v2\/product_cat?post=36512"},{"taxonomy":"product_tag","embeddable":true,"href":"https:\/\/geoclimate.ge\/fr\/wp-json\/wp\/v2\/product_tag?post=36512"}],"curies":[{"name":"wp","href":"https:\/\/api.w.org\/{rel}","templated":true}]}}