{"id":36541,"date":"2025-09-04T16:15:45","date_gmt":"2025-09-04T12:15:45","guid":{"rendered":"https:\/\/airsystems.ge\/shop\/product\/s-sa1-rectangular-smoke-control-dampers\/"},"modified":"2025-09-04T16:21:42","modified_gmt":"2025-09-04T12:21:42","slug":"s-sa1-rectangular-smoke-control-dampers","status":"publish","type":"product","link":"https:\/\/geoclimate.ge\/fr\/produit\/s-sa1-rectangular-smoke-control-dampers\/","title":{"rendered":"Volets de d\u00e9senfumage rectangulaires S-SA1"},"content":{"rendered":"<div class=\"mb-400 gtm-product-section container-fluid\" data-gtm-name=\"Benefits\" data-gtm-label=\"Benefits (en)\" data-gtm-vis-recent-on-screen53434917_103=\"8307\" data-gtm-vis-first-on-screen53434917_103=\"8307\" data-gtm-vis-total-visible-time53434917_103=\"1500\" data-gtm-vis-has-fired53434917_103=\"1\">\n<div class=\"row\">\n<div class=\"content-element content-element-product-benefit col-12 sm:col-6 mb-400\">\n<div class=\"bg-card px-300 py-250 mobile-nav:px-200 mobile-nav:py-150 h-full flex overflow-hidden card-border\">\n<div class=\"min-w-0\">\n<p><strong>Compatibilit\u00e9<\/strong><br \/>\nLes volets de d\u00e9senfumage S-SA1 sont con\u00e7us pour fonctionner avec des syst\u00e8mes d&rsquo;extraction de fum\u00e9e et de chaleur m\u00e9caniques ou naturels.<\/p>\n<p><strong>Actionnement par servomoteur<\/strong><br \/>\nLes volets S-SA1 sont \u00e9quip\u00e9s d&rsquo;un servomoteur sans ressort. Ils offrent une position de s\u00e9curit\u00e9 ouverte et ferm\u00e9e.<\/p>\n<p><strong>Installation en gaine<\/strong><br \/>\nLes volets S-SA1 sont con\u00e7us pour les installations en gaine termin\u00e9es par une grille. Ils ne conviennent pas aux installations murales ou au plafond.<\/p>\n<p>Les volets de d\u00e9senfumage S-SA1 sont con\u00e7us pour fonctionner avec des syst\u00e8mes d&rsquo;extraction de fum\u00e9e et de chaleur m\u00e9caniques ou naturels. Ils assurent une \u00e9vacuation efficace des gaz toxiques, de la fum\u00e9e et du feu, et peuvent \u00e9galement fournir de l&rsquo;air pur aux compartiments coupe-feu. Ils sont actionn\u00e9s par servomoteur sans ressort. Le S-SA1 offre une position de s\u00e9curit\u00e9 ouverte et ferm\u00e9e. Une alimentation \u00e9lectrique est n\u00e9cessaire pour actionner les volets de d\u00e9senfumage. Les registres S-SA1 sont con\u00e7us pour les installations en gaine termin\u00e9es par une grille. Ils ne conviennent pas \u00e0 une installation murale ou au plafond. Le bo\u00eetier du S-SA1 est en t\u00f4le galvanis\u00e9e. Les ailettes sont constitu\u00e9es de plaques de silicate de calcium et sont munies d&rsquo;un joint en caoutchouc silicone pour \u00e9viter toute fuite de fum\u00e9e ou de chaleur.<\/p>\n<p><strong>Documentation<\/strong><\/p>\n<\/div>\n<\/div>\n<\/div>\n<\/div>\n<\/div>\n<div class=\"mb-400 mt-700 relative container-fluid\">\n<div class=\"gtm-product-section\" data-gtm-name=\"Documentation\" data-gtm-label=\"Documentation\" data-offset=\"0\" data-gtm-vis-recent-on-screen53434917_103=\"98527\" data-gtm-vis-first-on-screen53434917_103=\"98527\" data-gtm-vis-total-visible-time53434917_103=\"1500\" data-gtm-vis-has-fired53434917_103=\"1\">\n<div class=\"row gap-y-150 mb-200 desktop-nav:mb-0 md ProductPageISSections_product-info-header___9p5M\">\n<div class=\" col-12 md:col-6 md:text-right print:hidden flex items-center justify-end mobile-nav:flex-col gap-050 \">\n<div class=\"\"><button class=\"gtm-product-specsheet-link btn btn-secondary btn-small btn-icon-left xs-max:btn-block\">Download spec sheet<\/button><\/div>\n<\/div>\n<\/div>\n<\/div>\n<\/div>\n","protected":false},"excerpt":{"rendered":"<p>Volets de d\u00e9senfumage rectangulaires adapt\u00e9s aux syst\u00e8mes d&rsquo;extraction de fum\u00e9e et de chaleur m\u00e9caniques ou naturels<\/p>\n<p>Polyvalent<\/p>\n<p>Installation en gaine<\/p>\n<p>T\u00f4le galvanis\u00e9e<\/p>\n<p>Alimentation en air pur<\/p>\n","protected":false},"featured_media":36536,"template":"","meta":[],"product_brand":[],"product_cat":[1772,1797,1810],"product_tag":[],"class_list":{"0":"post-36541","1":"product","2":"type-product","3":"status-publish","4":"has-post-thumbnail","6":"product_cat-securite-incendie","7":"product_cat-volets-de-desenfumage","8":"product_cat-volets-de-desenfumage-rectangulaires","10":"first","11":"instock","12":"shipping-taxable","13":"product-type-simple"},"yoast_head":"<!-- This site is optimized with the Yoast SEO plugin v27.1.1 - https:\/\/yoast.com\/product\/yoast-seo-wordpress\/ -->\n<title>Volets de d\u00e9senfumage rectangulaires S-SA1 - GeoClimate.ge<\/title>\n<meta name=\"robots\" content=\"index, follow, max-snippet:-1, max-image-preview:large, max-video-preview:-1\" \/>\n<link rel=\"canonical\" href=\"https:\/\/geoclimate.ge\/fr\/produit\/s-sa1-rectangular-smoke-control-dampers\/\" \/>\n<meta property=\"og:locale\" content=\"fr_FR\" \/>\n<meta property=\"og:type\" content=\"article\" \/>\n<meta property=\"og:title\" content=\"Volets de d\u00e9senfumage rectangulaires S-SA1 - GeoClimate.ge\" \/>\n<meta property=\"og:description\" content=\"Volets de d\u00e9senfumage rectangulaires adapt\u00e9s aux syst\u00e8mes d&#039;extraction de fum\u00e9e et de chaleur m\u00e9caniques ou naturels  Polyvalent  Installation en gaine  T\u00f4le galvanis\u00e9e  Alimentation en air pur\" \/>\n<meta property=\"og:url\" content=\"https:\/\/geoclimate.ge\/fr\/produit\/s-sa1-rectangular-smoke-control-dampers\/\" \/>\n<meta property=\"og:site_name\" content=\"GeoClimate.ge\" \/>\n<meta property=\"article:modified_time\" content=\"2025-09-04T12:21:42+00:00\" \/>\n<meta property=\"og:image\" content=\"https:\/\/geoclimate.ge\/wp-content\/uploads\/2025\/09\/COLLAGE_S-SA1.jpg\" \/>\n\t<meta property=\"og:image:width\" content=\"384\" \/>\n\t<meta property=\"og:image:height\" content=\"288\" \/>\n\t<meta property=\"og:image:type\" content=\"image\/jpeg\" \/>\n<meta name=\"twitter:card\" content=\"summary_large_image\" \/>\n<meta name=\"twitter:label1\" content=\"Dur\u00e9e de lecture estim\u00e9e\" \/>\n\t<meta name=\"twitter:data1\" content=\"1 minute\" \/>\n<script type=\"application\/ld+json\" class=\"yoast-schema-graph\">{\"@context\":\"https:\/\/schema.org\",\"@graph\":[{\"@type\":\"WebPage\",\"@id\":\"https:\/\/geoclimate.ge\/fr\/produit\/s-sa1-rectangular-smoke-control-dampers\/\",\"url\":\"https:\/\/geoclimate.ge\/fr\/produit\/s-sa1-rectangular-smoke-control-dampers\/\",\"name\":\"Volets de d\u00e9senfumage rectangulaires S-SA1 - GeoClimate.ge\",\"isPartOf\":{\"@id\":\"https:\/\/geoclimate.ge\/#website\"},\"primaryImageOfPage\":{\"@id\":\"https:\/\/geoclimate.ge\/fr\/produit\/s-sa1-rectangular-smoke-control-dampers\/#primaryimage\"},\"image\":{\"@id\":\"https:\/\/geoclimate.ge\/fr\/produit\/s-sa1-rectangular-smoke-control-dampers\/#primaryimage\"},\"thumbnailUrl\":\"https:\/\/geoclimate.ge\/wp-content\/uploads\/2025\/09\/COLLAGE_S-SA1.jpg\",\"datePublished\":\"2025-09-04T12:15:45+00:00\",\"dateModified\":\"2025-09-04T12:21:42+00:00\",\"breadcrumb\":{\"@id\":\"https:\/\/geoclimate.ge\/fr\/produit\/s-sa1-rectangular-smoke-control-dampers\/#breadcrumb\"},\"inLanguage\":\"fr-FR\",\"potentialAction\":[{\"@type\":\"ReadAction\",\"target\":[\"https:\/\/geoclimate.ge\/fr\/produit\/s-sa1-rectangular-smoke-control-dampers\/\"]}]},{\"@type\":\"ImageObject\",\"inLanguage\":\"fr-FR\",\"@id\":\"https:\/\/geoclimate.ge\/fr\/produit\/s-sa1-rectangular-smoke-control-dampers\/#primaryimage\",\"url\":\"https:\/\/geoclimate.ge\/wp-content\/uploads\/2025\/09\/COLLAGE_S-SA1.jpg\",\"contentUrl\":\"https:\/\/geoclimate.ge\/wp-content\/uploads\/2025\/09\/COLLAGE_S-SA1.jpg\",\"width\":384,\"height\":288},{\"@type\":\"BreadcrumbList\",\"@id\":\"https:\/\/geoclimate.ge\/fr\/produit\/s-sa1-rectangular-smoke-control-dampers\/#breadcrumb\",\"itemListElement\":[{\"@type\":\"ListItem\",\"position\":1,\"name\":\"Home\",\"item\":\"https:\/\/geoclimate.ge\/fr\/\"},{\"@type\":\"ListItem\",\"position\":2,\"name\":\"Products\",\"item\":\"https:\/\/geoclimate.ge\/fr\/products\/\"},{\"@type\":\"ListItem\",\"position\":3,\"name\":\"Volets de d\u00e9senfumage rectangulaires S-SA1\"}]},{\"@type\":\"WebSite\",\"@id\":\"https:\/\/geoclimate.ge\/#website\",\"url\":\"https:\/\/geoclimate.ge\/\",\"name\":\"GeoClimate\",\"description\":\"\",\"publisher\":{\"@id\":\"https:\/\/geoclimate.ge\/#organization\"},\"potentialAction\":[{\"@type\":\"SearchAction\",\"target\":{\"@type\":\"EntryPoint\",\"urlTemplate\":\"https:\/\/geoclimate.ge\/?s={search_term_string}\"},\"query-input\":{\"@type\":\"PropertyValueSpecification\",\"valueRequired\":true,\"valueName\":\"search_term_string\"}}],\"inLanguage\":\"fr-FR\"},{\"@type\":\"Organization\",\"@id\":\"https:\/\/geoclimate.ge\/#organization\",\"name\":\"GeoClimate\",\"url\":\"https:\/\/geoclimate.ge\/\",\"logo\":{\"@type\":\"ImageObject\",\"inLanguage\":\"fr-FR\",\"@id\":\"https:\/\/geoclimate.ge\/#\/schema\/logo\/image\/\",\"url\":\"https:\/\/geoclimate.ge\/wp-content\/uploads\/2026\/03\/geoclimate-SEO.png\",\"contentUrl\":\"https:\/\/geoclimate.ge\/wp-content\/uploads\/2026\/03\/geoclimate-SEO.png\",\"width\":1536,\"height\":1024,\"caption\":\"GeoClimate\"},\"image\":{\"@id\":\"https:\/\/geoclimate.ge\/#\/schema\/logo\/image\/\"}}]}<\/script>\n<!-- \/ Yoast SEO plugin. -->","yoast_head_json":{"title":"Volets de d\u00e9senfumage rectangulaires S-SA1 - GeoClimate.ge","robots":{"index":"index","follow":"follow","max-snippet":"max-snippet:-1","max-image-preview":"max-image-preview:large","max-video-preview":"max-video-preview:-1"},"canonical":"https:\/\/geoclimate.ge\/fr\/produit\/s-sa1-rectangular-smoke-control-dampers\/","og_locale":"fr_FR","og_type":"article","og_title":"Volets de d\u00e9senfumage rectangulaires S-SA1 - GeoClimate.ge","og_description":"Volets de d\u00e9senfumage rectangulaires adapt\u00e9s aux syst\u00e8mes d'extraction de fum\u00e9e et de chaleur m\u00e9caniques ou naturels  Polyvalent  Installation en gaine  T\u00f4le galvanis\u00e9e  Alimentation en air pur","og_url":"https:\/\/geoclimate.ge\/fr\/produit\/s-sa1-rectangular-smoke-control-dampers\/","og_site_name":"GeoClimate.ge","article_modified_time":"2025-09-04T12:21:42+00:00","og_image":[{"width":384,"height":288,"url":"https:\/\/geoclimate.ge\/wp-content\/uploads\/2025\/09\/COLLAGE_S-SA1.jpg","type":"image\/jpeg"}],"twitter_card":"summary_large_image","twitter_misc":{"Dur\u00e9e de lecture estim\u00e9e":"1 minute"},"schema":{"@context":"https:\/\/schema.org","@graph":[{"@type":"WebPage","@id":"https:\/\/geoclimate.ge\/fr\/produit\/s-sa1-rectangular-smoke-control-dampers\/","url":"https:\/\/geoclimate.ge\/fr\/produit\/s-sa1-rectangular-smoke-control-dampers\/","name":"Volets de d\u00e9senfumage rectangulaires S-SA1 - GeoClimate.ge","isPartOf":{"@id":"https:\/\/geoclimate.ge\/#website"},"primaryImageOfPage":{"@id":"https:\/\/geoclimate.ge\/fr\/produit\/s-sa1-rectangular-smoke-control-dampers\/#primaryimage"},"image":{"@id":"https:\/\/geoclimate.ge\/fr\/produit\/s-sa1-rectangular-smoke-control-dampers\/#primaryimage"},"thumbnailUrl":"https:\/\/geoclimate.ge\/wp-content\/uploads\/2025\/09\/COLLAGE_S-SA1.jpg","datePublished":"2025-09-04T12:15:45+00:00","dateModified":"2025-09-04T12:21:42+00:00","breadcrumb":{"@id":"https:\/\/geoclimate.ge\/fr\/produit\/s-sa1-rectangular-smoke-control-dampers\/#breadcrumb"},"inLanguage":"fr-FR","potentialAction":[{"@type":"ReadAction","target":["https:\/\/geoclimate.ge\/fr\/produit\/s-sa1-rectangular-smoke-control-dampers\/"]}]},{"@type":"ImageObject","inLanguage":"fr-FR","@id":"https:\/\/geoclimate.ge\/fr\/produit\/s-sa1-rectangular-smoke-control-dampers\/#primaryimage","url":"https:\/\/geoclimate.ge\/wp-content\/uploads\/2025\/09\/COLLAGE_S-SA1.jpg","contentUrl":"https:\/\/geoclimate.ge\/wp-content\/uploads\/2025\/09\/COLLAGE_S-SA1.jpg","width":384,"height":288},{"@type":"BreadcrumbList","@id":"https:\/\/geoclimate.ge\/fr\/produit\/s-sa1-rectangular-smoke-control-dampers\/#breadcrumb","itemListElement":[{"@type":"ListItem","position":1,"name":"Home","item":"https:\/\/geoclimate.ge\/fr\/"},{"@type":"ListItem","position":2,"name":"Products","item":"https:\/\/geoclimate.ge\/fr\/products\/"},{"@type":"ListItem","position":3,"name":"Volets de d\u00e9senfumage rectangulaires S-SA1"}]},{"@type":"WebSite","@id":"https:\/\/geoclimate.ge\/#website","url":"https:\/\/geoclimate.ge\/","name":"GeoClimate","description":"","publisher":{"@id":"https:\/\/geoclimate.ge\/#organization"},"potentialAction":[{"@type":"SearchAction","target":{"@type":"EntryPoint","urlTemplate":"https:\/\/geoclimate.ge\/?s={search_term_string}"},"query-input":{"@type":"PropertyValueSpecification","valueRequired":true,"valueName":"search_term_string"}}],"inLanguage":"fr-FR"},{"@type":"Organization","@id":"https:\/\/geoclimate.ge\/#organization","name":"GeoClimate","url":"https:\/\/geoclimate.ge\/","logo":{"@type":"ImageObject","inLanguage":"fr-FR","@id":"https:\/\/geoclimate.ge\/#\/schema\/logo\/image\/","url":"https:\/\/geoclimate.ge\/wp-content\/uploads\/2026\/03\/geoclimate-SEO.png","contentUrl":"https:\/\/geoclimate.ge\/wp-content\/uploads\/2026\/03\/geoclimate-SEO.png","width":1536,"height":1024,"caption":"GeoClimate"},"image":{"@id":"https:\/\/geoclimate.ge\/#\/schema\/logo\/image\/"}}]}},"_links":{"self":[{"href":"https:\/\/geoclimate.ge\/fr\/wp-json\/wp\/v2\/product\/36541","targetHints":{"allow":["GET"]}}],"collection":[{"href":"https:\/\/geoclimate.ge\/fr\/wp-json\/wp\/v2\/product"}],"about":[{"href":"https:\/\/geoclimate.ge\/fr\/wp-json\/wp\/v2\/types\/product"}],"wp:featuredmedia":[{"embeddable":true,"href":"https:\/\/geoclimate.ge\/fr\/wp-json\/wp\/v2\/media\/36536"}],"wp:attachment":[{"href":"https:\/\/geoclimate.ge\/fr\/wp-json\/wp\/v2\/media?parent=36541"}],"wp:term":[{"taxonomy":"product_brand","embeddable":true,"href":"https:\/\/geoclimate.ge\/fr\/wp-json\/wp\/v2\/product_brand?post=36541"},{"taxonomy":"product_cat","embeddable":true,"href":"https:\/\/geoclimate.ge\/fr\/wp-json\/wp\/v2\/product_cat?post=36541"},{"taxonomy":"product_tag","embeddable":true,"href":"https:\/\/geoclimate.ge\/fr\/wp-json\/wp\/v2\/product_tag?post=36541"}],"curies":[{"name":"wp","href":"https:\/\/api.w.org\/{rel}","templated":true}]}}