{"id":36908,"date":"2025-09-07T12:27:48","date_gmt":"2025-09-07T08:27:48","guid":{"rendered":"https:\/\/airsystems.ge\/shop\/product\/nova-c-grilles-steel-adjustable-grille-suitable-for-circular-ducts\/"},"modified":"2025-09-07T12:31:21","modified_gmt":"2025-09-07T08:31:21","slug":"nova-c-grilles-steel-adjustable-grille-suitable-for-circular-ducts","status":"publish","type":"product","link":"https:\/\/geoclimate.ge\/fr\/produit\/nova-c-grilles-steel-adjustable-grille-suitable-for-circular-ducts\/","title":{"rendered":"Grilles NOVA-C Grille r\u00e9glable en acier adapt\u00e9e aux conduits circulaires"},"content":{"rendered":"<div class=\"mb-400 gtm-product-section container-fluid\" data-gtm-name=\"Benefits\" data-gtm-label=\"Benefits (en)\" data-gtm-vis-first-on-screen53434917_103=\"8579\" data-gtm-vis-total-visible-time53434917_103=\"1500\" data-gtm-vis-has-fired53434917_103=\"1\">\n<div class=\"row\">\n<div class=\"content-element content-element-product-benefit col-12 sm:col-6 mb-400\">\n<div class=\"bg-card px-300 py-250 mobile-nav:px-200 mobile-nav:py-150 h-full flex overflow-hidden card-border\">\n<div class=\"min-w-0\">\n<p><strong>Soufflage et extraction d&rsquo;air<\/strong><br \/>\nLa grille NOVA-C est une grille de diffusion con\u00e7ue pour le soufflage et l&rsquo;extraction d&rsquo;air en milieu industriel et commercial.<\/p>\n<p><strong>Ailettes r\u00e9glables<\/strong><br \/>\nLa grille dirige l&rsquo;air \u00e0 l&rsquo;horizontale et \u00e0 la verticale gr\u00e2ce \u00e0 ses ailettes r\u00e9glables.<\/p>\n<p><strong>Acier galvanis\u00e9<\/strong><br \/>\nLa grille de diffusion NOVA-C est fabriqu\u00e9e en t\u00f4le d&rsquo;acier galvanis\u00e9 et se compose d&rsquo;un cadre et d&rsquo;une ou deux rang\u00e9es de ailettes.<\/p>\n<p>La grille de diffusion NOVA-C est con\u00e7ue pour le soufflage et l&rsquo;extraction d&rsquo;air en milieu commercial et industriel. Disponible en diff\u00e9rentes tailles, elle s&rsquo;installe dans des conduits circulaires o\u00f9 elle dirige l&rsquo;air \u00e0 l&rsquo;horizontale et \u00e0 la verticale gr\u00e2ce \u00e0 ses ailettes r\u00e9glables. Les dimensions pr\u00e9cises de la grille correspondent aux dimensions de la grille circulaire pour un ajustement parfait. Une ou deux rang\u00e9es de ailettes r\u00e9glables individuellement offrent une grande libert\u00e9 de r\u00e9glage du flux d&rsquo;air. Pour une distribution d&rsquo;air \u00e9quilibr\u00e9e sur l&rsquo;ensemble de la grille, il est recommand\u00e9 d&rsquo;utiliser le registre R1-NOVA.<\/p>\n<p>NOVA-C est fabriqu\u00e9 en t\u00f4le d&rsquo;acier galvanis\u00e9e et se compose d&rsquo;un cadre et d&rsquo;une ou deux rang\u00e9es de lames. Les lames sont orient\u00e9es horizontalement ou verticalement, la deuxi\u00e8me rang\u00e9e pouvant \u00eatre perpendiculaire \u00e0 la premi\u00e8re. L&rsquo;inclinaison des lames d\u00e9termine le flux d&rsquo;air. Le produit est dot\u00e9 d&rsquo;une finition galvanis\u00e9e standard et peut \u00eatre peint par poudrage selon n&rsquo;importe quel code RAL sur demande.<\/p>\n<p><strong>Votre commande, votre style\u00a0!<\/strong><br \/>\nNotre produit est personnalisable selon vos pr\u00e9f\u00e9rences, vous permettant de le commander avec n&rsquo;importe quelle finition RAL pour une harmonie parfaite avec votre esth\u00e9tique.<\/p>\n<\/div>\n<\/div>\n<\/div>\n<\/div>\n<\/div>\n","protected":false},"excerpt":{"rendered":"<p>Grille r\u00e9glable en acier adapt\u00e9e aux conduits circulaires<\/p>\n<p>R\u00e9glable<\/p>\n<p>Usage industriel et commercial<\/p>\n<p>Acier galvanis\u00e9<\/p>\n<p>Dimensions de grille pr\u00e9cises<\/p>\n","protected":false},"featured_media":36879,"template":"","meta":[],"product_brand":[],"product_cat":[1850,1854,1841],"product_tag":[],"class_list":{"0":"post-36908","1":"product","2":"type-product","3":"status-publish","4":"has-post-thumbnail","6":"product_cat-grilles-de-ventilation","7":"product_cat-grilles-nova","8":"product_cat-produits-de-distribution-dair","10":"first","11":"instock","12":"shipping-taxable","13":"product-type-simple"},"yoast_head":"<!-- This site is optimized with the Yoast SEO plugin v27.1.1 - https:\/\/yoast.com\/product\/yoast-seo-wordpress\/ -->\n<title>Grilles NOVA-C Grille r\u00e9glable en acier adapt\u00e9e aux conduits circulaires - GeoClimate.ge<\/title>\n<meta name=\"robots\" content=\"index, follow, max-snippet:-1, max-image-preview:large, max-video-preview:-1\" \/>\n<link rel=\"canonical\" href=\"https:\/\/geoclimate.ge\/fr\/produit\/nova-c-grilles-steel-adjustable-grille-suitable-for-circular-ducts\/\" \/>\n<meta property=\"og:locale\" content=\"fr_FR\" \/>\n<meta property=\"og:type\" content=\"article\" \/>\n<meta property=\"og:title\" content=\"Grilles NOVA-C Grille r\u00e9glable en acier adapt\u00e9e aux conduits circulaires - GeoClimate.ge\" \/>\n<meta property=\"og:description\" content=\"Grille r\u00e9glable en acier adapt\u00e9e aux conduits circulaires  R\u00e9glable  Usage industriel et commercial  Acier galvanis\u00e9  Dimensions de grille pr\u00e9cises\" \/>\n<meta property=\"og:url\" content=\"https:\/\/geoclimate.ge\/fr\/produit\/nova-c-grilles-steel-adjustable-grille-suitable-for-circular-ducts\/\" \/>\n<meta property=\"og:site_name\" content=\"GeoClimate.ge\" \/>\n<meta property=\"article:modified_time\" content=\"2025-09-07T08:31:21+00:00\" \/>\n<meta property=\"og:image\" content=\"https:\/\/geoclimate.ge\/wp-content\/uploads\/2025\/09\/PRODUCT-MAIN-IMAGE_NOVA_C.jpg\" \/>\n\t<meta property=\"og:image:width\" content=\"384\" \/>\n\t<meta property=\"og:image:height\" content=\"288\" \/>\n\t<meta property=\"og:image:type\" content=\"image\/jpeg\" \/>\n<meta name=\"twitter:card\" content=\"summary_large_image\" \/>\n<meta name=\"twitter:label1\" content=\"Dur\u00e9e de lecture estim\u00e9e\" \/>\n\t<meta name=\"twitter:data1\" content=\"1 minute\" \/>\n<script type=\"application\/ld+json\" class=\"yoast-schema-graph\">{\"@context\":\"https:\/\/schema.org\",\"@graph\":[{\"@type\":\"WebPage\",\"@id\":\"https:\/\/geoclimate.ge\/fr\/produit\/nova-c-grilles-steel-adjustable-grille-suitable-for-circular-ducts\/\",\"url\":\"https:\/\/geoclimate.ge\/fr\/produit\/nova-c-grilles-steel-adjustable-grille-suitable-for-circular-ducts\/\",\"name\":\"Grilles NOVA-C Grille r\u00e9glable en acier adapt\u00e9e aux conduits circulaires - GeoClimate.ge\",\"isPartOf\":{\"@id\":\"https:\/\/geoclimate.ge\/#website\"},\"primaryImageOfPage\":{\"@id\":\"https:\/\/geoclimate.ge\/fr\/produit\/nova-c-grilles-steel-adjustable-grille-suitable-for-circular-ducts\/#primaryimage\"},\"image\":{\"@id\":\"https:\/\/geoclimate.ge\/fr\/produit\/nova-c-grilles-steel-adjustable-grille-suitable-for-circular-ducts\/#primaryimage\"},\"thumbnailUrl\":\"https:\/\/geoclimate.ge\/wp-content\/uploads\/2025\/09\/PRODUCT-MAIN-IMAGE_NOVA_C.jpg\",\"datePublished\":\"2025-09-07T08:27:48+00:00\",\"dateModified\":\"2025-09-07T08:31:21+00:00\",\"breadcrumb\":{\"@id\":\"https:\/\/geoclimate.ge\/fr\/produit\/nova-c-grilles-steel-adjustable-grille-suitable-for-circular-ducts\/#breadcrumb\"},\"inLanguage\":\"fr-FR\",\"potentialAction\":[{\"@type\":\"ReadAction\",\"target\":[\"https:\/\/geoclimate.ge\/fr\/produit\/nova-c-grilles-steel-adjustable-grille-suitable-for-circular-ducts\/\"]}]},{\"@type\":\"ImageObject\",\"inLanguage\":\"fr-FR\",\"@id\":\"https:\/\/geoclimate.ge\/fr\/produit\/nova-c-grilles-steel-adjustable-grille-suitable-for-circular-ducts\/#primaryimage\",\"url\":\"https:\/\/geoclimate.ge\/wp-content\/uploads\/2025\/09\/PRODUCT-MAIN-IMAGE_NOVA_C.jpg\",\"contentUrl\":\"https:\/\/geoclimate.ge\/wp-content\/uploads\/2025\/09\/PRODUCT-MAIN-IMAGE_NOVA_C.jpg\",\"width\":384,\"height\":288},{\"@type\":\"BreadcrumbList\",\"@id\":\"https:\/\/geoclimate.ge\/fr\/produit\/nova-c-grilles-steel-adjustable-grille-suitable-for-circular-ducts\/#breadcrumb\",\"itemListElement\":[{\"@type\":\"ListItem\",\"position\":1,\"name\":\"Home\",\"item\":\"https:\/\/geoclimate.ge\/fr\/\"},{\"@type\":\"ListItem\",\"position\":2,\"name\":\"Products\",\"item\":\"https:\/\/geoclimate.ge\/fr\/products\/\"},{\"@type\":\"ListItem\",\"position\":3,\"name\":\"Grilles NOVA-C Grille r\u00e9glable en acier adapt\u00e9e aux conduits circulaires\"}]},{\"@type\":\"WebSite\",\"@id\":\"https:\/\/geoclimate.ge\/#website\",\"url\":\"https:\/\/geoclimate.ge\/\",\"name\":\"GeoClimate\",\"description\":\"\",\"publisher\":{\"@id\":\"https:\/\/geoclimate.ge\/#organization\"},\"potentialAction\":[{\"@type\":\"SearchAction\",\"target\":{\"@type\":\"EntryPoint\",\"urlTemplate\":\"https:\/\/geoclimate.ge\/?s={search_term_string}\"},\"query-input\":{\"@type\":\"PropertyValueSpecification\",\"valueRequired\":true,\"valueName\":\"search_term_string\"}}],\"inLanguage\":\"fr-FR\"},{\"@type\":\"Organization\",\"@id\":\"https:\/\/geoclimate.ge\/#organization\",\"name\":\"GeoClimate\",\"url\":\"https:\/\/geoclimate.ge\/\",\"logo\":{\"@type\":\"ImageObject\",\"inLanguage\":\"fr-FR\",\"@id\":\"https:\/\/geoclimate.ge\/#\/schema\/logo\/image\/\",\"url\":\"https:\/\/geoclimate.ge\/wp-content\/uploads\/2026\/03\/geoclimate-SEO.png\",\"contentUrl\":\"https:\/\/geoclimate.ge\/wp-content\/uploads\/2026\/03\/geoclimate-SEO.png\",\"width\":1536,\"height\":1024,\"caption\":\"GeoClimate\"},\"image\":{\"@id\":\"https:\/\/geoclimate.ge\/#\/schema\/logo\/image\/\"}}]}<\/script>\n<!-- \/ Yoast SEO plugin. -->","yoast_head_json":{"title":"Grilles NOVA-C Grille r\u00e9glable en acier adapt\u00e9e aux conduits circulaires - GeoClimate.ge","robots":{"index":"index","follow":"follow","max-snippet":"max-snippet:-1","max-image-preview":"max-image-preview:large","max-video-preview":"max-video-preview:-1"},"canonical":"https:\/\/geoclimate.ge\/fr\/produit\/nova-c-grilles-steel-adjustable-grille-suitable-for-circular-ducts\/","og_locale":"fr_FR","og_type":"article","og_title":"Grilles NOVA-C Grille r\u00e9glable en acier adapt\u00e9e aux conduits circulaires - GeoClimate.ge","og_description":"Grille r\u00e9glable en acier adapt\u00e9e aux conduits circulaires  R\u00e9glable  Usage industriel et commercial  Acier galvanis\u00e9  Dimensions de grille pr\u00e9cises","og_url":"https:\/\/geoclimate.ge\/fr\/produit\/nova-c-grilles-steel-adjustable-grille-suitable-for-circular-ducts\/","og_site_name":"GeoClimate.ge","article_modified_time":"2025-09-07T08:31:21+00:00","og_image":[{"width":384,"height":288,"url":"https:\/\/geoclimate.ge\/wp-content\/uploads\/2025\/09\/PRODUCT-MAIN-IMAGE_NOVA_C.jpg","type":"image\/jpeg"}],"twitter_card":"summary_large_image","twitter_misc":{"Dur\u00e9e de lecture estim\u00e9e":"1 minute"},"schema":{"@context":"https:\/\/schema.org","@graph":[{"@type":"WebPage","@id":"https:\/\/geoclimate.ge\/fr\/produit\/nova-c-grilles-steel-adjustable-grille-suitable-for-circular-ducts\/","url":"https:\/\/geoclimate.ge\/fr\/produit\/nova-c-grilles-steel-adjustable-grille-suitable-for-circular-ducts\/","name":"Grilles NOVA-C Grille r\u00e9glable en acier adapt\u00e9e aux conduits circulaires - GeoClimate.ge","isPartOf":{"@id":"https:\/\/geoclimate.ge\/#website"},"primaryImageOfPage":{"@id":"https:\/\/geoclimate.ge\/fr\/produit\/nova-c-grilles-steel-adjustable-grille-suitable-for-circular-ducts\/#primaryimage"},"image":{"@id":"https:\/\/geoclimate.ge\/fr\/produit\/nova-c-grilles-steel-adjustable-grille-suitable-for-circular-ducts\/#primaryimage"},"thumbnailUrl":"https:\/\/geoclimate.ge\/wp-content\/uploads\/2025\/09\/PRODUCT-MAIN-IMAGE_NOVA_C.jpg","datePublished":"2025-09-07T08:27:48+00:00","dateModified":"2025-09-07T08:31:21+00:00","breadcrumb":{"@id":"https:\/\/geoclimate.ge\/fr\/produit\/nova-c-grilles-steel-adjustable-grille-suitable-for-circular-ducts\/#breadcrumb"},"inLanguage":"fr-FR","potentialAction":[{"@type":"ReadAction","target":["https:\/\/geoclimate.ge\/fr\/produit\/nova-c-grilles-steel-adjustable-grille-suitable-for-circular-ducts\/"]}]},{"@type":"ImageObject","inLanguage":"fr-FR","@id":"https:\/\/geoclimate.ge\/fr\/produit\/nova-c-grilles-steel-adjustable-grille-suitable-for-circular-ducts\/#primaryimage","url":"https:\/\/geoclimate.ge\/wp-content\/uploads\/2025\/09\/PRODUCT-MAIN-IMAGE_NOVA_C.jpg","contentUrl":"https:\/\/geoclimate.ge\/wp-content\/uploads\/2025\/09\/PRODUCT-MAIN-IMAGE_NOVA_C.jpg","width":384,"height":288},{"@type":"BreadcrumbList","@id":"https:\/\/geoclimate.ge\/fr\/produit\/nova-c-grilles-steel-adjustable-grille-suitable-for-circular-ducts\/#breadcrumb","itemListElement":[{"@type":"ListItem","position":1,"name":"Home","item":"https:\/\/geoclimate.ge\/fr\/"},{"@type":"ListItem","position":2,"name":"Products","item":"https:\/\/geoclimate.ge\/fr\/products\/"},{"@type":"ListItem","position":3,"name":"Grilles NOVA-C Grille r\u00e9glable en acier adapt\u00e9e aux conduits circulaires"}]},{"@type":"WebSite","@id":"https:\/\/geoclimate.ge\/#website","url":"https:\/\/geoclimate.ge\/","name":"GeoClimate","description":"","publisher":{"@id":"https:\/\/geoclimate.ge\/#organization"},"potentialAction":[{"@type":"SearchAction","target":{"@type":"EntryPoint","urlTemplate":"https:\/\/geoclimate.ge\/?s={search_term_string}"},"query-input":{"@type":"PropertyValueSpecification","valueRequired":true,"valueName":"search_term_string"}}],"inLanguage":"fr-FR"},{"@type":"Organization","@id":"https:\/\/geoclimate.ge\/#organization","name":"GeoClimate","url":"https:\/\/geoclimate.ge\/","logo":{"@type":"ImageObject","inLanguage":"fr-FR","@id":"https:\/\/geoclimate.ge\/#\/schema\/logo\/image\/","url":"https:\/\/geoclimate.ge\/wp-content\/uploads\/2026\/03\/geoclimate-SEO.png","contentUrl":"https:\/\/geoclimate.ge\/wp-content\/uploads\/2026\/03\/geoclimate-SEO.png","width":1536,"height":1024,"caption":"GeoClimate"},"image":{"@id":"https:\/\/geoclimate.ge\/#\/schema\/logo\/image\/"}}]}},"_links":{"self":[{"href":"https:\/\/geoclimate.ge\/fr\/wp-json\/wp\/v2\/product\/36908","targetHints":{"allow":["GET"]}}],"collection":[{"href":"https:\/\/geoclimate.ge\/fr\/wp-json\/wp\/v2\/product"}],"about":[{"href":"https:\/\/geoclimate.ge\/fr\/wp-json\/wp\/v2\/types\/product"}],"wp:featuredmedia":[{"embeddable":true,"href":"https:\/\/geoclimate.ge\/fr\/wp-json\/wp\/v2\/media\/36879"}],"wp:attachment":[{"href":"https:\/\/geoclimate.ge\/fr\/wp-json\/wp\/v2\/media?parent=36908"}],"wp:term":[{"taxonomy":"product_brand","embeddable":true,"href":"https:\/\/geoclimate.ge\/fr\/wp-json\/wp\/v2\/product_brand?post=36908"},{"taxonomy":"product_cat","embeddable":true,"href":"https:\/\/geoclimate.ge\/fr\/wp-json\/wp\/v2\/product_cat?post=36908"},{"taxonomy":"product_tag","embeddable":true,"href":"https:\/\/geoclimate.ge\/fr\/wp-json\/wp\/v2\/product_tag?post=36908"}],"curies":[{"name":"wp","href":"https:\/\/api.w.org\/{rel}","templated":true}]}}