{"id":37082,"date":"2025-09-07T14:16:34","date_gmt":"2025-09-07T10:16:34","guid":{"rendered":"https:\/\/airsystems.ge\/shop\/product\/nova-e-grilles-rectangular-aluminium-air-extract-grille-ideal-for-large-air-volume-extraction\/"},"modified":"2025-09-07T14:19:39","modified_gmt":"2025-09-07T10:19:39","slug":"nova-e-grilles-rectangular-aluminium-air-extract-grille-ideal-for-large-air-volume-extraction","status":"publish","type":"product","link":"https:\/\/geoclimate.ge\/fr\/produit\/nova-e-grilles-rectangular-aluminium-air-extract-grille-ideal-for-large-air-volume-extraction\/","title":{"rendered":"Grilles NOVA-E Grille d&rsquo;extraction d&rsquo;air rectangulaire en aluminium, id\u00e9ale pour l&rsquo;extraction de grands volumes d&rsquo;air"},"content":{"rendered":"<div class=\"mb-400 gtm-product-section container-fluid\" data-gtm-name=\"Benefits\" data-gtm-label=\"Benefits (en)\" data-gtm-vis-first-on-screen53434917_103=\"83743\" data-gtm-vis-total-visible-time53434917_103=\"1500\" data-gtm-vis-has-fired53434917_103=\"1\">\n<div class=\"row\">\n<div class=\"content-element content-element-product-benefit col-12 sm:col-6 mb-400\">\n<div class=\"bg-card px-300 py-250 mobile-nav:px-200 mobile-nav:py-150 h-full flex overflow-hidden card-border\">\n<div class=\"min-w-0\">\n<p><strong>Design esth\u00e9tique<\/strong><br \/>\nLa grille rectangulaire NOVA-E est en aluminium et offre une grande surface libre. Elle est con\u00e7ue pour les locaux exigeant une esth\u00e9tique soign\u00e9e.<\/p>\n<p><strong>Extraction de grands volumes d&rsquo;air<\/strong><br \/>\nLa grille NOVA-E est id\u00e9ale pour l&rsquo;extraction de grands volumes d&rsquo;air et peut \u00eatre int\u00e9gr\u00e9e dans un plafond \u00e0 poutres en T.<\/p>\n<p><strong>Construction en aluminium<\/strong><br \/>\nLa grille d&rsquo;extraction NOVA-E est fabriqu\u00e9e \u00e0 partir de profil\u00e9s en aluminium anodis\u00e9s ou peints par poudrage (RAL 9003 &#8211; blanc de s\u00e9curit\u00e9).<\/p>\n<p>La grille NOVA-E est une grille rectangulaire en aluminium offrant une grande surface libre pouvant atteindre 90 %. Disponible en diff\u00e9rentes tailles, elle est principalement con\u00e7ue pour l&rsquo;extraction d&rsquo;air dans les environnements commerciaux et industriels o\u00f9 l&rsquo;esth\u00e9tique est un facteur d\u00e9terminant. La grille est fabriqu\u00e9e \u00e0 partir de profil\u00e9s en aluminium avec une finition anodis\u00e9e ou thermolaqu\u00e9e (RAL 9003 &#8211; blanc de s\u00e9curit\u00e9). D&rsquo;autres coloris RAL sont disponibles sur demande pour s&rsquo;adapter aux exigences esth\u00e9tiques de l&rsquo;installation.<\/p>\n<p>La grille NOVA-E est id\u00e9ale pour l&rsquo;extraction de grands volumes d&rsquo;air et peut \u00eatre int\u00e9gr\u00e9e dans un plafond \u00e0 barres en T. Pour une distribution d&rsquo;air \u00e9quilibr\u00e9e sur toute la grille, il est recommand\u00e9 d&rsquo;installer un registre R-1 NOVA ou un pl\u00e9num de raccordement. Un cadre de montage (UR-NOVA) est disponible. Gr\u00e2ce \u00e0 sa construction en aluminium, la grille est \u00e0 la fois robuste et l\u00e9g\u00e8re, ce qui la rend facile \u00e0 installer et durable.<\/p>\n<p><strong>Votre commande, votre style\u00a0!<\/strong><br \/>\nNotre produit est personnalisable selon vos pr\u00e9f\u00e9rences, vous permettant de le commander avec n&rsquo;importe quelle finition RAL pour une harmonie parfaite avec votre vision esth\u00e9tique.<\/p>\n<\/div>\n<\/div>\n<\/div>\n<\/div>\n<\/div>\n","protected":false},"excerpt":{"rendered":"<p>Grille d&rsquo;extraction d&rsquo;air rectangulaire en aluminium, id\u00e9ale pour l&rsquo;extraction de grands volumes d&rsquo;air<\/p>\n<p>Soufflage et extraction d&rsquo;air<\/p>\n<p>Construction en aluminium<\/p>\n<p>Design esth\u00e9tique<\/p>\n<p>L\u00e9g\u00e8ret\u00e9<\/p>\n","protected":false},"featured_media":38364,"template":"","meta":[],"product_brand":[],"product_cat":[1850,1854,1841],"product_tag":[],"class_list":{"0":"post-37082","1":"product","2":"type-product","3":"status-publish","4":"has-post-thumbnail","6":"product_cat-grilles-de-ventilation","7":"product_cat-grilles-nova","8":"product_cat-produits-de-distribution-dair","10":"first","11":"instock","12":"shipping-taxable","13":"product-type-simple"},"yoast_head":"<!-- This site is optimized with the Yoast SEO plugin v27.1.1 - https:\/\/yoast.com\/product\/yoast-seo-wordpress\/ -->\n<title>Grilles NOVA-E Grille d&#039;extraction d&#039;air rectangulaire en aluminium, id\u00e9ale pour l&#039;extraction de grands volumes d&#039;air - GeoClimate.ge<\/title>\n<meta name=\"robots\" content=\"index, follow, max-snippet:-1, max-image-preview:large, max-video-preview:-1\" \/>\n<link rel=\"canonical\" href=\"https:\/\/geoclimate.ge\/fr\/produit\/nova-e-grilles-rectangular-aluminium-air-extract-grille-ideal-for-large-air-volume-extraction\/\" \/>\n<meta property=\"og:locale\" content=\"fr_FR\" \/>\n<meta property=\"og:type\" content=\"article\" \/>\n<meta property=\"og:title\" content=\"Grilles NOVA-E Grille d&#039;extraction d&#039;air rectangulaire en aluminium, id\u00e9ale pour l&#039;extraction de grands volumes d&#039;air - GeoClimate.ge\" \/>\n<meta property=\"og:description\" content=\"Grille d&#039;extraction d&#039;air rectangulaire en aluminium, id\u00e9ale pour l&#039;extraction de grands volumes d&#039;air  Soufflage et extraction d&#039;air  Construction en aluminium  Design esth\u00e9tique  L\u00e9g\u00e8ret\u00e9\" \/>\n<meta property=\"og:url\" content=\"https:\/\/geoclimate.ge\/fr\/produit\/nova-e-grilles-rectangular-aluminium-air-extract-grille-ideal-for-large-air-volume-extraction\/\" \/>\n<meta property=\"og:site_name\" content=\"GeoClimate.ge\" \/>\n<meta property=\"article:modified_time\" content=\"2025-09-07T10:19:39+00:00\" \/>\n<meta property=\"og:image\" content=\"https:\/\/geoclimate.ge\/wp-content\/uploads\/2025\/09\/PRODUCT-MAIN-IMAGE_NOVA_E.jpg\" \/>\n\t<meta property=\"og:image:width\" content=\"384\" \/>\n\t<meta property=\"og:image:height\" content=\"288\" \/>\n\t<meta property=\"og:image:type\" content=\"image\/jpeg\" \/>\n<meta name=\"twitter:card\" content=\"summary_large_image\" \/>\n<meta name=\"twitter:label1\" content=\"Dur\u00e9e de lecture estim\u00e9e\" \/>\n\t<meta name=\"twitter:data1\" content=\"1 minute\" \/>\n<script type=\"application\/ld+json\" class=\"yoast-schema-graph\">{\"@context\":\"https:\/\/schema.org\",\"@graph\":[{\"@type\":\"WebPage\",\"@id\":\"https:\/\/geoclimate.ge\/fr\/produit\/nova-e-grilles-rectangular-aluminium-air-extract-grille-ideal-for-large-air-volume-extraction\/\",\"url\":\"https:\/\/geoclimate.ge\/fr\/produit\/nova-e-grilles-rectangular-aluminium-air-extract-grille-ideal-for-large-air-volume-extraction\/\",\"name\":\"Grilles NOVA-E Grille d'extraction d'air rectangulaire en aluminium, id\u00e9ale pour l'extraction de grands volumes d'air - GeoClimate.ge\",\"isPartOf\":{\"@id\":\"https:\/\/geoclimate.ge\/#website\"},\"primaryImageOfPage\":{\"@id\":\"https:\/\/geoclimate.ge\/fr\/produit\/nova-e-grilles-rectangular-aluminium-air-extract-grille-ideal-for-large-air-volume-extraction\/#primaryimage\"},\"image\":{\"@id\":\"https:\/\/geoclimate.ge\/fr\/produit\/nova-e-grilles-rectangular-aluminium-air-extract-grille-ideal-for-large-air-volume-extraction\/#primaryimage\"},\"thumbnailUrl\":\"https:\/\/geoclimate.ge\/wp-content\/uploads\/2025\/09\/PRODUCT-MAIN-IMAGE_NOVA_E.jpg\",\"datePublished\":\"2025-09-07T10:16:34+00:00\",\"dateModified\":\"2025-09-07T10:19:39+00:00\",\"breadcrumb\":{\"@id\":\"https:\/\/geoclimate.ge\/fr\/produit\/nova-e-grilles-rectangular-aluminium-air-extract-grille-ideal-for-large-air-volume-extraction\/#breadcrumb\"},\"inLanguage\":\"fr-FR\",\"potentialAction\":[{\"@type\":\"ReadAction\",\"target\":[\"https:\/\/geoclimate.ge\/fr\/produit\/nova-e-grilles-rectangular-aluminium-air-extract-grille-ideal-for-large-air-volume-extraction\/\"]}]},{\"@type\":\"ImageObject\",\"inLanguage\":\"fr-FR\",\"@id\":\"https:\/\/geoclimate.ge\/fr\/produit\/nova-e-grilles-rectangular-aluminium-air-extract-grille-ideal-for-large-air-volume-extraction\/#primaryimage\",\"url\":\"https:\/\/geoclimate.ge\/wp-content\/uploads\/2025\/09\/PRODUCT-MAIN-IMAGE_NOVA_E.jpg\",\"contentUrl\":\"https:\/\/geoclimate.ge\/wp-content\/uploads\/2025\/09\/PRODUCT-MAIN-IMAGE_NOVA_E.jpg\",\"width\":384,\"height\":288},{\"@type\":\"BreadcrumbList\",\"@id\":\"https:\/\/geoclimate.ge\/fr\/produit\/nova-e-grilles-rectangular-aluminium-air-extract-grille-ideal-for-large-air-volume-extraction\/#breadcrumb\",\"itemListElement\":[{\"@type\":\"ListItem\",\"position\":1,\"name\":\"Home\",\"item\":\"https:\/\/geoclimate.ge\/fr\/\"},{\"@type\":\"ListItem\",\"position\":2,\"name\":\"Products\",\"item\":\"https:\/\/geoclimate.ge\/fr\/products\/\"},{\"@type\":\"ListItem\",\"position\":3,\"name\":\"Grilles NOVA-E Grille d&#8217;extraction d&#8217;air rectangulaire en aluminium, id\u00e9ale pour l&#8217;extraction de grands volumes d&#8217;air\"}]},{\"@type\":\"WebSite\",\"@id\":\"https:\/\/geoclimate.ge\/#website\",\"url\":\"https:\/\/geoclimate.ge\/\",\"name\":\"GeoClimate\",\"description\":\"\",\"publisher\":{\"@id\":\"https:\/\/geoclimate.ge\/#organization\"},\"potentialAction\":[{\"@type\":\"SearchAction\",\"target\":{\"@type\":\"EntryPoint\",\"urlTemplate\":\"https:\/\/geoclimate.ge\/?s={search_term_string}\"},\"query-input\":{\"@type\":\"PropertyValueSpecification\",\"valueRequired\":true,\"valueName\":\"search_term_string\"}}],\"inLanguage\":\"fr-FR\"},{\"@type\":\"Organization\",\"@id\":\"https:\/\/geoclimate.ge\/#organization\",\"name\":\"GeoClimate\",\"url\":\"https:\/\/geoclimate.ge\/\",\"logo\":{\"@type\":\"ImageObject\",\"inLanguage\":\"fr-FR\",\"@id\":\"https:\/\/geoclimate.ge\/#\/schema\/logo\/image\/\",\"url\":\"https:\/\/geoclimate.ge\/wp-content\/uploads\/2026\/03\/geoclimate-SEO.png\",\"contentUrl\":\"https:\/\/geoclimate.ge\/wp-content\/uploads\/2026\/03\/geoclimate-SEO.png\",\"width\":1536,\"height\":1024,\"caption\":\"GeoClimate\"},\"image\":{\"@id\":\"https:\/\/geoclimate.ge\/#\/schema\/logo\/image\/\"}}]}<\/script>\n<!-- \/ Yoast SEO plugin. -->","yoast_head_json":{"title":"Grilles NOVA-E Grille d'extraction d'air rectangulaire en aluminium, id\u00e9ale pour l'extraction de grands volumes d'air - GeoClimate.ge","robots":{"index":"index","follow":"follow","max-snippet":"max-snippet:-1","max-image-preview":"max-image-preview:large","max-video-preview":"max-video-preview:-1"},"canonical":"https:\/\/geoclimate.ge\/fr\/produit\/nova-e-grilles-rectangular-aluminium-air-extract-grille-ideal-for-large-air-volume-extraction\/","og_locale":"fr_FR","og_type":"article","og_title":"Grilles NOVA-E Grille d'extraction d'air rectangulaire en aluminium, id\u00e9ale pour l'extraction de grands volumes d'air - GeoClimate.ge","og_description":"Grille d'extraction d'air rectangulaire en aluminium, id\u00e9ale pour l'extraction de grands volumes d'air  Soufflage et extraction d'air  Construction en aluminium  Design esth\u00e9tique  L\u00e9g\u00e8ret\u00e9","og_url":"https:\/\/geoclimate.ge\/fr\/produit\/nova-e-grilles-rectangular-aluminium-air-extract-grille-ideal-for-large-air-volume-extraction\/","og_site_name":"GeoClimate.ge","article_modified_time":"2025-09-07T10:19:39+00:00","og_image":[{"width":384,"height":288,"url":"https:\/\/geoclimate.ge\/wp-content\/uploads\/2025\/09\/PRODUCT-MAIN-IMAGE_NOVA_E.jpg","type":"image\/jpeg"}],"twitter_card":"summary_large_image","twitter_misc":{"Dur\u00e9e de lecture estim\u00e9e":"1 minute"},"schema":{"@context":"https:\/\/schema.org","@graph":[{"@type":"WebPage","@id":"https:\/\/geoclimate.ge\/fr\/produit\/nova-e-grilles-rectangular-aluminium-air-extract-grille-ideal-for-large-air-volume-extraction\/","url":"https:\/\/geoclimate.ge\/fr\/produit\/nova-e-grilles-rectangular-aluminium-air-extract-grille-ideal-for-large-air-volume-extraction\/","name":"Grilles NOVA-E Grille d'extraction d'air rectangulaire en aluminium, id\u00e9ale pour l'extraction de grands volumes d'air - GeoClimate.ge","isPartOf":{"@id":"https:\/\/geoclimate.ge\/#website"},"primaryImageOfPage":{"@id":"https:\/\/geoclimate.ge\/fr\/produit\/nova-e-grilles-rectangular-aluminium-air-extract-grille-ideal-for-large-air-volume-extraction\/#primaryimage"},"image":{"@id":"https:\/\/geoclimate.ge\/fr\/produit\/nova-e-grilles-rectangular-aluminium-air-extract-grille-ideal-for-large-air-volume-extraction\/#primaryimage"},"thumbnailUrl":"https:\/\/geoclimate.ge\/wp-content\/uploads\/2025\/09\/PRODUCT-MAIN-IMAGE_NOVA_E.jpg","datePublished":"2025-09-07T10:16:34+00:00","dateModified":"2025-09-07T10:19:39+00:00","breadcrumb":{"@id":"https:\/\/geoclimate.ge\/fr\/produit\/nova-e-grilles-rectangular-aluminium-air-extract-grille-ideal-for-large-air-volume-extraction\/#breadcrumb"},"inLanguage":"fr-FR","potentialAction":[{"@type":"ReadAction","target":["https:\/\/geoclimate.ge\/fr\/produit\/nova-e-grilles-rectangular-aluminium-air-extract-grille-ideal-for-large-air-volume-extraction\/"]}]},{"@type":"ImageObject","inLanguage":"fr-FR","@id":"https:\/\/geoclimate.ge\/fr\/produit\/nova-e-grilles-rectangular-aluminium-air-extract-grille-ideal-for-large-air-volume-extraction\/#primaryimage","url":"https:\/\/geoclimate.ge\/wp-content\/uploads\/2025\/09\/PRODUCT-MAIN-IMAGE_NOVA_E.jpg","contentUrl":"https:\/\/geoclimate.ge\/wp-content\/uploads\/2025\/09\/PRODUCT-MAIN-IMAGE_NOVA_E.jpg","width":384,"height":288},{"@type":"BreadcrumbList","@id":"https:\/\/geoclimate.ge\/fr\/produit\/nova-e-grilles-rectangular-aluminium-air-extract-grille-ideal-for-large-air-volume-extraction\/#breadcrumb","itemListElement":[{"@type":"ListItem","position":1,"name":"Home","item":"https:\/\/geoclimate.ge\/fr\/"},{"@type":"ListItem","position":2,"name":"Products","item":"https:\/\/geoclimate.ge\/fr\/products\/"},{"@type":"ListItem","position":3,"name":"Grilles NOVA-E Grille d&#8217;extraction d&#8217;air rectangulaire en aluminium, id\u00e9ale pour l&#8217;extraction de grands volumes d&#8217;air"}]},{"@type":"WebSite","@id":"https:\/\/geoclimate.ge\/#website","url":"https:\/\/geoclimate.ge\/","name":"GeoClimate","description":"","publisher":{"@id":"https:\/\/geoclimate.ge\/#organization"},"potentialAction":[{"@type":"SearchAction","target":{"@type":"EntryPoint","urlTemplate":"https:\/\/geoclimate.ge\/?s={search_term_string}"},"query-input":{"@type":"PropertyValueSpecification","valueRequired":true,"valueName":"search_term_string"}}],"inLanguage":"fr-FR"},{"@type":"Organization","@id":"https:\/\/geoclimate.ge\/#organization","name":"GeoClimate","url":"https:\/\/geoclimate.ge\/","logo":{"@type":"ImageObject","inLanguage":"fr-FR","@id":"https:\/\/geoclimate.ge\/#\/schema\/logo\/image\/","url":"https:\/\/geoclimate.ge\/wp-content\/uploads\/2026\/03\/geoclimate-SEO.png","contentUrl":"https:\/\/geoclimate.ge\/wp-content\/uploads\/2026\/03\/geoclimate-SEO.png","width":1536,"height":1024,"caption":"GeoClimate"},"image":{"@id":"https:\/\/geoclimate.ge\/#\/schema\/logo\/image\/"}}]}},"_links":{"self":[{"href":"https:\/\/geoclimate.ge\/fr\/wp-json\/wp\/v2\/product\/37082","targetHints":{"allow":["GET"]}}],"collection":[{"href":"https:\/\/geoclimate.ge\/fr\/wp-json\/wp\/v2\/product"}],"about":[{"href":"https:\/\/geoclimate.ge\/fr\/wp-json\/wp\/v2\/types\/product"}],"wp:featuredmedia":[{"embeddable":true,"href":"https:\/\/geoclimate.ge\/fr\/wp-json\/wp\/v2\/media\/38364"}],"wp:attachment":[{"href":"https:\/\/geoclimate.ge\/fr\/wp-json\/wp\/v2\/media?parent=37082"}],"wp:term":[{"taxonomy":"product_brand","embeddable":true,"href":"https:\/\/geoclimate.ge\/fr\/wp-json\/wp\/v2\/product_brand?post=37082"},{"taxonomy":"product_cat","embeddable":true,"href":"https:\/\/geoclimate.ge\/fr\/wp-json\/wp\/v2\/product_cat?post=37082"},{"taxonomy":"product_tag","embeddable":true,"href":"https:\/\/geoclimate.ge\/fr\/wp-json\/wp\/v2\/product_tag?post=37082"}],"curies":[{"name":"wp","href":"https:\/\/api.w.org\/{rel}","templated":true}]}}