{"id":37264,"date":"2025-09-07T16:20:06","date_gmt":"2025-09-07T12:20:06","guid":{"rendered":"https:\/\/airsystems.ge\/shop\/product\/kcrk-constant-air-volume-controllers-circular-constant-flow-control-damper\/"},"modified":"2025-09-07T16:25:48","modified_gmt":"2025-09-07T12:25:48","slug":"kcrk-constant-air-volume-controllers-circular-constant-flow-control-damper","status":"publish","type":"product","link":"https:\/\/geoclimate.ge\/fr\/produit\/kcrk-constant-air-volume-controllers-circular-constant-flow-control-damper\/","title":{"rendered":"R\u00e9gulateurs de d\u00e9bit d&rsquo;air constant KCRK Registre de r\u00e9gulation de d\u00e9bit constant circulaire damper"},"content":{"rendered":"<div class=\"mb-400 gtm-product-section container-fluid\" data-gtm-name=\"Benefits\" data-gtm-label=\"Benefits (en)\" data-gtm-vis-first-on-screen53434917_103=\"18407\" data-gtm-vis-total-visible-time53434917_103=\"1500\" data-gtm-vis-has-fired53434917_103=\"1\">\n<div class=\"row\">\n<div class=\"content-element content-element-product-benefit col-12 sm:col-6 mb-400\">\n<div class=\"bg-card px-300 py-250 mobile-nav:px-200 mobile-nav:py-150 h-full flex overflow-hidden card-border\">\n<div class=\"min-w-0\">\n<p><strong>Aucune alimentation \u00e9lectrique requise.<\/strong><\/p>\n<p>Le KCRK fonctionne ind\u00e9pendamment de la pression et sans alimentation externe.<\/p>\n<p><strong>R\u00e9glage<\/strong><br \/>\nLe dispositif de r\u00e9glage permet de r\u00e9ajuster manuellement le d\u00e9bit d&rsquo;air r\u00e9gl\u00e9 en usine sur site.<\/p>\n<p><strong>D\u00e9bit d&rsquo;air fiable et constant \u00e0 port\u00e9e de main.<\/strong><br \/>\nGr\u00e2ce \u00e0 son amortisseur int\u00e9gr\u00e9, le registre de r\u00e9gulation de d\u00e9bit constant circulaire KCRK est con\u00e7u pour offrir un contr\u00f4le pr\u00e9cis et stable sur une large plage de pression. Ce registre est id\u00e9al pour la r\u00e9gulation du d\u00e9bit d&rsquo;air souffl\u00e9 et repris dans les gaines circulaires. Il fonctionne ind\u00e9pendamment des variations de pression et ne n\u00e9cessite aucune alimentation \u00e9lectrique externe, garantissant un d\u00e9bit d&rsquo;air constant sans r\u00e9glage ni \u00e9quilibrage du syst\u00e8me.<\/p>\n<p>Gr\u00e2ce \u00e0 cette solution, aucun r\u00e9glage ni \u00e9quilibrage du syst\u00e8me n&rsquo;est n\u00e9cessaire\u00a0; le d\u00e9bit d&rsquo;air reste constant, quelles que soient les variations de pression dans la plage de fonctionnement ou dans les gaines. Gr\u00e2ce \u00e0 son r\u00e9glage manuel facile, directement sur l&rsquo;appareil, cette solution de contr\u00f4le du d\u00e9bit d&rsquo;air fiable et \u00e9conomique est id\u00e9ale pour une large gamme d&rsquo;applications, offrant des performances fiables et une grande simplicit\u00e9 d&rsquo;utilisation.<\/p>\n<\/div>\n<\/div>\n<\/div>\n<\/div>\n<\/div>\n","protected":false},"excerpt":{"rendered":"<div>\n<p>R\u00e9gulateurs de d\u00e9bit d&rsquo;air constant KCRK<br \/>\nRegistre de r\u00e9gulation de d\u00e9bit constant circulaire<\/p>\n<p>Aucun r\u00e9glage ni \u00e9quilibrage du syst\u00e8me n\u00e9cessaire.<\/p>\n<p>Le d\u00e9bit d&rsquo;air reste constant, quelles que soient les variations de pression dans la plage de fonctionnement du r\u00e9seau de gaines.<\/p>\n<p>Le d\u00e9bit d&rsquo;air peut \u00eatre r\u00e9gl\u00e9 manuellement, directement sur l&rsquo;appareil.<\/p>\n<p>Fonctionne \u00e0 des pressions de 50 \u00e0 250 Pa (taille 80) et de 30 \u00e0 250 Pa (toutes les autres tailles).<\/p>\n<\/div>\n<div class=\"flex flex-col gap-200\">\n<div class=\"flex flex-col flex-wrap gap-100 md:flex-row md:items-center gtm-purchase-option\" data-gtm-name=\"size\" data-gtm-label=\"Size\">\n<p><label class=\"flex gap-050 md:w-700 leading-none hyphens-auto print:w-full print:max-w-2\/5 text-label-small\">Size<\/label><\/p>\n<div class=\"flex flex-1 flex-wrap gap-050\"><button class=\"select-btn select-btn-small select-btn-selected gtm-purchase-option-value\" type=\"button\" data-gtm-name=\"80\" data-gtm-label=\"80\">80<\/button><button class=\"select-btn select-btn-small select-btn-default gtm-purchase-option-value\" type=\"button\" data-gtm-name=\"100\" data-gtm-label=\"100\">100<\/button><button class=\"select-btn select-btn-small select-btn-default gtm-purchase-option-value\" type=\"button\" data-gtm-name=\"125\" data-gtm-label=\"125\">125<\/button><button class=\"select-btn select-btn-small select-btn-default gtm-purchase-option-value\" type=\"button\" data-gtm-name=\"150\" data-gtm-label=\"150\">150<\/button><button class=\"select-btn select-btn-small select-btn-default gtm-purchase-option-value\" type=\"button\" data-gtm-name=\"160\" data-gtm-label=\"160\">160<\/button><button class=\"select-btn select-btn-small select-btn-default gtm-purchase-option-value\" type=\"button\" data-gtm-name=\"200\" data-gtm-label=\"200\">200<\/button><button class=\"select-btn select-btn-small select-btn-default gtm-purchase-option-value\" type=\"button\" data-gtm-name=\"250\" data-gtm-label=\"250\">250<\/button><\/div>\n<\/div>\n<div class=\"flex flex-col flex-wrap gap-100 md:flex-row md:items-center gtm-purchase-option\" data-gtm-name=\"gasket\" data-gtm-label=\"Number of tight gaskets\">\n<p><label class=\"flex gap-050 md:w-700 leading-none hyphens-auto print:w-full print:max-w-2\/5 text-label-small\">Number of tight gaskets<\/label><\/p>\n<div class=\"flex flex-1 flex-wrap gap-050\"><button class=\"select-btn select-btn-small select-btn-selected gtm-purchase-option-value\" type=\"button\" data-gtm-name=\"1\" data-gtm-label=\"1\">1<\/button><button class=\"select-btn select-btn-small select-btn-default gtm-purchase-option-value\" type=\"button\" data-gtm-name=\"2\" data-gtm-label=\"2\">2<\/button><\/div>\n<\/div>\n<\/div>\n","protected":false},"featured_media":37240,"template":"","meta":[],"product_brand":[],"product_cat":[1866,1872,1841],"product_tag":[],"class_list":{"0":"post-37264","1":"product","2":"type-product","3":"status-publish","4":"has-post-thumbnail","6":"product_cat-controle-du-debit-dair","7":"product_cat-controleurs-de-volume-dair-constant","8":"product_cat-produits-de-distribution-dair","10":"first","11":"instock","12":"shipping-taxable","13":"product-type-simple"},"yoast_head":"<!-- This site is optimized with the Yoast SEO plugin v27.1.1 - https:\/\/yoast.com\/product\/yoast-seo-wordpress\/ -->\n<title>R\u00e9gulateurs de d\u00e9bit d&#039;air constant KCRK Registre de r\u00e9gulation de d\u00e9bit constant circulaire damper - GeoClimate.ge<\/title>\n<meta name=\"robots\" content=\"index, follow, max-snippet:-1, max-image-preview:large, max-video-preview:-1\" \/>\n<link rel=\"canonical\" href=\"https:\/\/geoclimate.ge\/fr\/produit\/kcrk-constant-air-volume-controllers-circular-constant-flow-control-damper\/\" \/>\n<meta property=\"og:locale\" content=\"fr_FR\" \/>\n<meta property=\"og:type\" content=\"article\" \/>\n<meta property=\"og:title\" content=\"R\u00e9gulateurs de d\u00e9bit d&#039;air constant KCRK Registre de r\u00e9gulation de d\u00e9bit constant circulaire damper - GeoClimate.ge\" \/>\n<meta property=\"og:description\" content=\"R\u00e9gulateurs de d\u00e9bit d&#039;air constant KCRK Registre de r\u00e9gulation de d\u00e9bit constant circulaire  Aucun r\u00e9glage ni \u00e9quilibrage du syst\u00e8me n\u00e9cessaire.  Le d\u00e9bit d&#039;air reste constant, quelles que soient les variations de pression dans la plage de fonctionnement du r\u00e9seau de gaines.  Le d\u00e9bit d&#039;air peut \u00eatre r\u00e9gl\u00e9 manuellement, directement sur l&#039;appareil.  Fonctionne \u00e0 des pressions de 50 \u00e0 250 Pa (taille 80) et de 30 \u00e0 250 Pa (toutes les autres tailles).      Size 80100125150160200250    Number of tight gaskets 12\" \/>\n<meta property=\"og:url\" content=\"https:\/\/geoclimate.ge\/fr\/produit\/kcrk-constant-air-volume-controllers-circular-constant-flow-control-damper\/\" \/>\n<meta property=\"og:site_name\" content=\"GeoClimate.ge\" \/>\n<meta property=\"article:modified_time\" content=\"2025-09-07T12:25:48+00:00\" \/>\n<meta property=\"og:image\" content=\"https:\/\/geoclimate.ge\/wp-content\/uploads\/2025\/09\/KCRK_HQ.jpg\" \/>\n\t<meta property=\"og:image:width\" content=\"384\" \/>\n\t<meta property=\"og:image:height\" content=\"288\" \/>\n\t<meta property=\"og:image:type\" content=\"image\/jpeg\" \/>\n<meta name=\"twitter:card\" content=\"summary_large_image\" \/>\n<meta name=\"twitter:label1\" content=\"Dur\u00e9e de lecture estim\u00e9e\" \/>\n\t<meta name=\"twitter:data1\" content=\"1 minute\" \/>\n<script type=\"application\/ld+json\" class=\"yoast-schema-graph\">{\"@context\":\"https:\/\/schema.org\",\"@graph\":[{\"@type\":\"WebPage\",\"@id\":\"https:\/\/geoclimate.ge\/fr\/produit\/kcrk-constant-air-volume-controllers-circular-constant-flow-control-damper\/\",\"url\":\"https:\/\/geoclimate.ge\/fr\/produit\/kcrk-constant-air-volume-controllers-circular-constant-flow-control-damper\/\",\"name\":\"R\u00e9gulateurs de d\u00e9bit d'air constant KCRK Registre de r\u00e9gulation de d\u00e9bit constant circulaire damper - GeoClimate.ge\",\"isPartOf\":{\"@id\":\"https:\/\/geoclimate.ge\/#website\"},\"primaryImageOfPage\":{\"@id\":\"https:\/\/geoclimate.ge\/fr\/produit\/kcrk-constant-air-volume-controllers-circular-constant-flow-control-damper\/#primaryimage\"},\"image\":{\"@id\":\"https:\/\/geoclimate.ge\/fr\/produit\/kcrk-constant-air-volume-controllers-circular-constant-flow-control-damper\/#primaryimage\"},\"thumbnailUrl\":\"https:\/\/geoclimate.ge\/wp-content\/uploads\/2025\/09\/KCRK_HQ.jpg\",\"datePublished\":\"2025-09-07T12:20:06+00:00\",\"dateModified\":\"2025-09-07T12:25:48+00:00\",\"breadcrumb\":{\"@id\":\"https:\/\/geoclimate.ge\/fr\/produit\/kcrk-constant-air-volume-controllers-circular-constant-flow-control-damper\/#breadcrumb\"},\"inLanguage\":\"fr-FR\",\"potentialAction\":[{\"@type\":\"ReadAction\",\"target\":[\"https:\/\/geoclimate.ge\/fr\/produit\/kcrk-constant-air-volume-controllers-circular-constant-flow-control-damper\/\"]}]},{\"@type\":\"ImageObject\",\"inLanguage\":\"fr-FR\",\"@id\":\"https:\/\/geoclimate.ge\/fr\/produit\/kcrk-constant-air-volume-controllers-circular-constant-flow-control-damper\/#primaryimage\",\"url\":\"https:\/\/geoclimate.ge\/wp-content\/uploads\/2025\/09\/KCRK_HQ.jpg\",\"contentUrl\":\"https:\/\/geoclimate.ge\/wp-content\/uploads\/2025\/09\/KCRK_HQ.jpg\",\"width\":384,\"height\":288},{\"@type\":\"BreadcrumbList\",\"@id\":\"https:\/\/geoclimate.ge\/fr\/produit\/kcrk-constant-air-volume-controllers-circular-constant-flow-control-damper\/#breadcrumb\",\"itemListElement\":[{\"@type\":\"ListItem\",\"position\":1,\"name\":\"Home\",\"item\":\"https:\/\/geoclimate.ge\/fr\/\"},{\"@type\":\"ListItem\",\"position\":2,\"name\":\"Products\",\"item\":\"https:\/\/geoclimate.ge\/fr\/products\/\"},{\"@type\":\"ListItem\",\"position\":3,\"name\":\"R\u00e9gulateurs de d\u00e9bit d&#8217;air constant KCRK Registre de r\u00e9gulation de d\u00e9bit constant circulaire damper\"}]},{\"@type\":\"WebSite\",\"@id\":\"https:\/\/geoclimate.ge\/#website\",\"url\":\"https:\/\/geoclimate.ge\/\",\"name\":\"GeoClimate\",\"description\":\"\",\"publisher\":{\"@id\":\"https:\/\/geoclimate.ge\/#organization\"},\"potentialAction\":[{\"@type\":\"SearchAction\",\"target\":{\"@type\":\"EntryPoint\",\"urlTemplate\":\"https:\/\/geoclimate.ge\/?s={search_term_string}\"},\"query-input\":{\"@type\":\"PropertyValueSpecification\",\"valueRequired\":true,\"valueName\":\"search_term_string\"}}],\"inLanguage\":\"fr-FR\"},{\"@type\":\"Organization\",\"@id\":\"https:\/\/geoclimate.ge\/#organization\",\"name\":\"GeoClimate\",\"url\":\"https:\/\/geoclimate.ge\/\",\"logo\":{\"@type\":\"ImageObject\",\"inLanguage\":\"fr-FR\",\"@id\":\"https:\/\/geoclimate.ge\/#\/schema\/logo\/image\/\",\"url\":\"https:\/\/geoclimate.ge\/wp-content\/uploads\/2026\/03\/geoclimate-SEO.png\",\"contentUrl\":\"https:\/\/geoclimate.ge\/wp-content\/uploads\/2026\/03\/geoclimate-SEO.png\",\"width\":1536,\"height\":1024,\"caption\":\"GeoClimate\"},\"image\":{\"@id\":\"https:\/\/geoclimate.ge\/#\/schema\/logo\/image\/\"}}]}<\/script>\n<!-- \/ Yoast SEO plugin. -->","yoast_head_json":{"title":"R\u00e9gulateurs de d\u00e9bit d'air constant KCRK Registre de r\u00e9gulation de d\u00e9bit constant circulaire damper - GeoClimate.ge","robots":{"index":"index","follow":"follow","max-snippet":"max-snippet:-1","max-image-preview":"max-image-preview:large","max-video-preview":"max-video-preview:-1"},"canonical":"https:\/\/geoclimate.ge\/fr\/produit\/kcrk-constant-air-volume-controllers-circular-constant-flow-control-damper\/","og_locale":"fr_FR","og_type":"article","og_title":"R\u00e9gulateurs de d\u00e9bit d'air constant KCRK Registre de r\u00e9gulation de d\u00e9bit constant circulaire damper - GeoClimate.ge","og_description":"R\u00e9gulateurs de d\u00e9bit d'air constant KCRK Registre de r\u00e9gulation de d\u00e9bit constant circulaire  Aucun r\u00e9glage ni \u00e9quilibrage du syst\u00e8me n\u00e9cessaire.  Le d\u00e9bit d'air reste constant, quelles que soient les variations de pression dans la plage de fonctionnement du r\u00e9seau de gaines.  Le d\u00e9bit d'air peut \u00eatre r\u00e9gl\u00e9 manuellement, directement sur l'appareil.  Fonctionne \u00e0 des pressions de 50 \u00e0 250 Pa (taille 80) et de 30 \u00e0 250 Pa (toutes les autres tailles).      Size 80100125150160200250    Number of tight gaskets 12","og_url":"https:\/\/geoclimate.ge\/fr\/produit\/kcrk-constant-air-volume-controllers-circular-constant-flow-control-damper\/","og_site_name":"GeoClimate.ge","article_modified_time":"2025-09-07T12:25:48+00:00","og_image":[{"width":384,"height":288,"url":"https:\/\/geoclimate.ge\/wp-content\/uploads\/2025\/09\/KCRK_HQ.jpg","type":"image\/jpeg"}],"twitter_card":"summary_large_image","twitter_misc":{"Dur\u00e9e de lecture estim\u00e9e":"1 minute"},"schema":{"@context":"https:\/\/schema.org","@graph":[{"@type":"WebPage","@id":"https:\/\/geoclimate.ge\/fr\/produit\/kcrk-constant-air-volume-controllers-circular-constant-flow-control-damper\/","url":"https:\/\/geoclimate.ge\/fr\/produit\/kcrk-constant-air-volume-controllers-circular-constant-flow-control-damper\/","name":"R\u00e9gulateurs de d\u00e9bit d'air constant KCRK Registre de r\u00e9gulation de d\u00e9bit constant circulaire damper - GeoClimate.ge","isPartOf":{"@id":"https:\/\/geoclimate.ge\/#website"},"primaryImageOfPage":{"@id":"https:\/\/geoclimate.ge\/fr\/produit\/kcrk-constant-air-volume-controllers-circular-constant-flow-control-damper\/#primaryimage"},"image":{"@id":"https:\/\/geoclimate.ge\/fr\/produit\/kcrk-constant-air-volume-controllers-circular-constant-flow-control-damper\/#primaryimage"},"thumbnailUrl":"https:\/\/geoclimate.ge\/wp-content\/uploads\/2025\/09\/KCRK_HQ.jpg","datePublished":"2025-09-07T12:20:06+00:00","dateModified":"2025-09-07T12:25:48+00:00","breadcrumb":{"@id":"https:\/\/geoclimate.ge\/fr\/produit\/kcrk-constant-air-volume-controllers-circular-constant-flow-control-damper\/#breadcrumb"},"inLanguage":"fr-FR","potentialAction":[{"@type":"ReadAction","target":["https:\/\/geoclimate.ge\/fr\/produit\/kcrk-constant-air-volume-controllers-circular-constant-flow-control-damper\/"]}]},{"@type":"ImageObject","inLanguage":"fr-FR","@id":"https:\/\/geoclimate.ge\/fr\/produit\/kcrk-constant-air-volume-controllers-circular-constant-flow-control-damper\/#primaryimage","url":"https:\/\/geoclimate.ge\/wp-content\/uploads\/2025\/09\/KCRK_HQ.jpg","contentUrl":"https:\/\/geoclimate.ge\/wp-content\/uploads\/2025\/09\/KCRK_HQ.jpg","width":384,"height":288},{"@type":"BreadcrumbList","@id":"https:\/\/geoclimate.ge\/fr\/produit\/kcrk-constant-air-volume-controllers-circular-constant-flow-control-damper\/#breadcrumb","itemListElement":[{"@type":"ListItem","position":1,"name":"Home","item":"https:\/\/geoclimate.ge\/fr\/"},{"@type":"ListItem","position":2,"name":"Products","item":"https:\/\/geoclimate.ge\/fr\/products\/"},{"@type":"ListItem","position":3,"name":"R\u00e9gulateurs de d\u00e9bit d&#8217;air constant KCRK Registre de r\u00e9gulation de d\u00e9bit constant circulaire damper"}]},{"@type":"WebSite","@id":"https:\/\/geoclimate.ge\/#website","url":"https:\/\/geoclimate.ge\/","name":"GeoClimate","description":"","publisher":{"@id":"https:\/\/geoclimate.ge\/#organization"},"potentialAction":[{"@type":"SearchAction","target":{"@type":"EntryPoint","urlTemplate":"https:\/\/geoclimate.ge\/?s={search_term_string}"},"query-input":{"@type":"PropertyValueSpecification","valueRequired":true,"valueName":"search_term_string"}}],"inLanguage":"fr-FR"},{"@type":"Organization","@id":"https:\/\/geoclimate.ge\/#organization","name":"GeoClimate","url":"https:\/\/geoclimate.ge\/","logo":{"@type":"ImageObject","inLanguage":"fr-FR","@id":"https:\/\/geoclimate.ge\/#\/schema\/logo\/image\/","url":"https:\/\/geoclimate.ge\/wp-content\/uploads\/2026\/03\/geoclimate-SEO.png","contentUrl":"https:\/\/geoclimate.ge\/wp-content\/uploads\/2026\/03\/geoclimate-SEO.png","width":1536,"height":1024,"caption":"GeoClimate"},"image":{"@id":"https:\/\/geoclimate.ge\/#\/schema\/logo\/image\/"}}]}},"_links":{"self":[{"href":"https:\/\/geoclimate.ge\/fr\/wp-json\/wp\/v2\/product\/37264","targetHints":{"allow":["GET"]}}],"collection":[{"href":"https:\/\/geoclimate.ge\/fr\/wp-json\/wp\/v2\/product"}],"about":[{"href":"https:\/\/geoclimate.ge\/fr\/wp-json\/wp\/v2\/types\/product"}],"wp:featuredmedia":[{"embeddable":true,"href":"https:\/\/geoclimate.ge\/fr\/wp-json\/wp\/v2\/media\/37240"}],"wp:attachment":[{"href":"https:\/\/geoclimate.ge\/fr\/wp-json\/wp\/v2\/media?parent=37264"}],"wp:term":[{"taxonomy":"product_brand","embeddable":true,"href":"https:\/\/geoclimate.ge\/fr\/wp-json\/wp\/v2\/product_brand?post=37264"},{"taxonomy":"product_cat","embeddable":true,"href":"https:\/\/geoclimate.ge\/fr\/wp-json\/wp\/v2\/product_cat?post=37264"},{"taxonomy":"product_tag","embeddable":true,"href":"https:\/\/geoclimate.ge\/fr\/wp-json\/wp\/v2\/product_tag?post=37264"}],"curies":[{"name":"wp","href":"https:\/\/api.w.org\/{rel}","templated":true}]}}