{"id":37316,"date":"2025-09-07T22:11:13","date_gmt":"2025-09-07T18:11:13","guid":{"rendered":"https:\/\/airsystems.ge\/shop\/product\/rk-rkt-dampers-control-dampers-to-manage-effective-airflow-adjustments-for-rectangular-ducts\/"},"modified":"2025-09-07T22:14:30","modified_gmt":"2025-09-07T18:14:30","slug":"rk-rkt-dampers-control-dampers-to-manage-effective-airflow-adjustments-for-rectangular-ducts","status":"publish","type":"product","link":"https:\/\/geoclimate.ge\/fr\/produit\/rk-rkt-dampers-control-dampers-to-manage-effective-airflow-adjustments-for-rectangular-ducts\/","title":{"rendered":"Registres RK et RKT Registres de r\u00e9gulation pour un r\u00e9glage efficace du d\u00e9bit d&rsquo;air dans les conduits rectangulaires"},"content":{"rendered":"<div class=\"mb-400 gtm-product-section container-fluid\" data-gtm-name=\"Benefits\" data-gtm-label=\"Benefits (en)\" data-gtm-vis-first-on-screen53434917_103=\"38832\" data-gtm-vis-total-visible-time53434917_103=\"1500\" data-gtm-vis-has-fired53434917_103=\"1\">\n<div class=\"row\">\n<div class=\"content-element content-element-product-benefit col-12 sm:col-6 mb-400\">\n<div class=\"bg-card px-300 py-250 mobile-nav:px-200 mobile-nav:py-150 h-full flex overflow-hidden card-border\">\n<div class=\"min-w-0\">\n<p><strong>Conduits rectangulaires<\/strong><br \/>\nLes registres de r\u00e9gulation RK et RKT sont sp\u00e9cialement con\u00e7us pour les conduits rectangulaires.<\/p>\n<p><strong>Version manuelle ou avec servomoteur<\/strong><br \/>\nLes registres sont disponibles en version manuelle avec poign\u00e9e de r\u00e9glage ou avec pr\u00e9disposition pour la fixation d&rsquo;un servomoteur.<\/p>\n<p><strong>\u00c9tanch\u00e9it\u00e9 des lames<\/strong><br \/>\nRK a une \u00e9tanch\u00e9it\u00e9 des lames de classe 1 et RKT de classe 2. Ils ont \u00e9t\u00e9 test\u00e9s selon la norme EN 1751.<\/p>\n<p>RK et RKT sont des registres de r\u00e9gulation con\u00e7us pour une utilisation avec des conduits rectangulaires. RK a une \u00e9tanch\u00e9it\u00e9 des lames de classe 1 et RKT de classe 2. Ils ont \u00e9t\u00e9 test\u00e9s selon la norme EN 1751. Ces unit\u00e9s peuvent \u00eatre utilis\u00e9es comme registres de r\u00e9gulation pour le r\u00e9glage du d\u00e9bit d&rsquo;air. Le RKT agit comme un registre de fermeture en cas d&rsquo;exigences d&rsquo;\u00e9tanch\u00e9it\u00e9 plus faibles. La pression maximale recommand\u00e9e dans le conduit pour son fonctionnement est de 1\u00a0000 Pa.<\/p>\n<p>Les registres RK et RKT sont constitu\u00e9s d&rsquo;un cadre en profil\u00e9 d&rsquo;aluminium et de plusieurs lames en profil\u00e9 d&rsquo;aluminium. Ils sont disponibles en version manuelle avec une poign\u00e9e r\u00e9glable et un boulon de blocage. L&rsquo;actionneur est \u00e9quip\u00e9 d&rsquo;un axe de 12 mm x 12 mm. Les registres RK et RKT se montent dans le r\u00e9seau de gaines par une bride standard. L&rsquo;installateur fournira tous les boulons, \u00e9crous, clips et joints de fixation n\u00e9cessaires.<\/p>\n<p>Le registre ne peut pas \u00eatre install\u00e9 sous des charges m\u00e9caniques provenant d&rsquo;autres structures. Sur les registres RKT, les lames sont \u00e9quip\u00e9es de joints en caoutchouc r\u00e9duisant les fuites en position ferm\u00e9e. L&rsquo;axe des lames repose sur des paliers autolubrifiants reli\u00e9s entre eux par un engrenage \u00e0 denture (pour les petites tailles) ou un engrenage \u00e0 tige (pour les grandes tailles) pour un positionnement anti-rotation des lames. D&rsquo;autres tailles sont disponibles dans cette s\u00e9rie.<\/p>\n<\/div>\n<\/div>\n<\/div>\n<\/div>\n<\/div>\n","protected":false},"excerpt":{"rendered":"<div class=\"row\">\n<div class=\"col-12 text-style-body-small\">\n<div class=\"richtext-wrap reset-margin-last\">\n<p>&nbsp;<\/p>\n<div class=\"n4sEPd\">\n<div class=\"QFw9Te BLojaf\"><\/div>\n<\/div>\n<div class=\"QcsUad BDJ8fb BLojaf sMVRZe hCXDsb wneUed\">\n<div class=\"usGWQd\">\n<div class=\"KkbLmb\">\n<div class=\"lRu31\" dir=\"ltr\">\n<p>Registres RK et RKT<br \/>\nRegistres de r\u00e9gulation pour un r\u00e9glage efficace du d\u00e9bit d&rsquo;air dans les conduits rectangulaires<\/p>\n<p>Installation facile<\/p>\n<p>R\u00e9glage efficace du d\u00e9bit d&rsquo;air<\/p>\n<p>Cadre en aluminium profil\u00e9<\/p>\n<p>Conception robuste<\/p>\n<\/div>\n<\/div>\n<\/div>\n<\/div>\n<p>&nbsp;<\/p>\n<\/div>\n<\/div>\n<\/div>\n<div class=\"flex flex-col gap-200\">\n<div class=\"flex flex-col flex-wrap gap-100 md:flex-row md:items-center gtm-purchase-option\" data-gtm-name=\"type\" data-gtm-label=\"Type\">\n<p><label class=\"flex gap-050 md:w-700 leading-none hyphens-auto print:w-full print:max-w-2\/5 text-label-small\">Type<\/label><\/p>\n<div class=\"flex flex-1 flex-wrap gap-050\">\n<div class=\"dropdown-wrapper dropdown-wrapper-small w-full gtm-purchase-option-value gtm-purchase-option-value-dropdown\"><select class=\"form-dropdown form-input form-dropdown-small\"><option value=\"0\" data-gtm-name=\"Non-Tight Regulating Damper\" data-gtm-label=\"Non-Tight Regulating Damper\">Non-Tight Regulating Damper<\/option><option value=\"1\" data-gtm-name=\"Tight Regulating Damper\" data-gtm-label=\"Tight Regulating Damper\">Tight Regulating Damper<\/option><\/select><\/div>\n<\/div>\n<\/div>\n<div class=\"flex flex-col flex-wrap gap-100 md:flex-row md:items-center gtm-purchase-option\" data-gtm-name=\"width\" data-gtm-label=\"Width\">\n<p><label class=\"flex gap-050 md:w-700 leading-none hyphens-auto print:w-full print:max-w-2\/5 text-label-small\">Width<\/label><\/p>\n<div class=\"flex flex-1 flex-wrap gap-050\">\n<div class=\"dropdown-wrapper dropdown-wrapper-small w-full gtm-purchase-option-value gtm-purchase-option-value-dropdown\"><select class=\"form-dropdown form-input form-dropdown-small\"><option value=\"200\" data-gtm-name=\"200\" data-gtm-label=\"200\">200<\/option><option value=\"225\" data-gtm-name=\"225\" data-gtm-label=\"225\">225<\/option><option value=\"250\" data-gtm-name=\"250\" data-gtm-label=\"250\">250<\/option><option value=\"280\" data-gtm-name=\"280\" data-gtm-label=\"280\">280<\/option><option value=\"315\" data-gtm-name=\"315\" data-gtm-label=\"315\">315<\/option><option value=\"355\" data-gtm-name=\"355\" data-gtm-label=\"355\">355<\/option><option value=\"400\" data-gtm-name=\"400\" data-gtm-label=\"400\">400<\/option><option value=\"450\" data-gtm-name=\"450\" data-gtm-label=\"450\">450<\/option><option value=\"500\" data-gtm-name=\"500\" data-gtm-label=\"500\">500<\/option><option value=\"560\" data-gtm-name=\"560\" data-gtm-label=\"560\">560<\/option><option value=\"630\" data-gtm-name=\"630\" data-gtm-label=\"630\">630<\/option><option value=\"710\" data-gtm-name=\"710\" data-gtm-label=\"710\">710<\/option><option value=\"800\" data-gtm-name=\"800\" data-gtm-label=\"800\">800<\/option><option value=\"900\" data-gtm-name=\"900\" data-gtm-label=\"900\">900<\/option><option value=\"1000\" data-gtm-name=\"1000\" data-gtm-label=\"1000\">1000<\/option><option value=\"1120\" data-gtm-name=\"1120\" data-gtm-label=\"1120\">1120<\/option><option value=\"1250\" data-gtm-name=\"1250\" data-gtm-label=\"1250\">1250<\/option><option value=\"1400\" data-gtm-name=\"1400\" data-gtm-label=\"1400\">1400<\/option><option value=\"1600\" data-gtm-name=\"1600\" data-gtm-label=\"1600\">1600<\/option><option value=\"1800\" data-gtm-name=\"1800\" data-gtm-label=\"1800\">1800<\/option><option value=\"2000\" data-gtm-name=\"2000\" data-gtm-label=\"2000\">2000<\/option><\/select><\/div>\n<\/div>\n<\/div>\n<div class=\"flex flex-col flex-wrap gap-100 md:flex-row md:items-center gtm-purchase-option\" data-gtm-name=\"height\" data-gtm-label=\"Height\">\n<p><label class=\"flex gap-050 md:w-700 leading-none hyphens-auto print:w-full print:max-w-2\/5 text-label-small\">Height<\/label><\/p>\n<div class=\"flex flex-1 flex-wrap gap-050\">\n<div class=\"dropdown-wrapper dropdown-wrapper-small w-full gtm-purchase-option-value gtm-purchase-option-value-dropdown\"><select class=\"form-dropdown form-input form-dropdown-small\"><option value=\"200\" data-gtm-name=\"200\" data-gtm-label=\"200\">200<\/option><option value=\"225\" data-gtm-name=\"225\" data-gtm-label=\"225\">225<\/option><option value=\"250\" data-gtm-name=\"250\" data-gtm-label=\"250\">250<\/option><option value=\"280\" data-gtm-name=\"280\" data-gtm-label=\"280\">280<\/option><option value=\"315\" data-gtm-name=\"315\" data-gtm-label=\"315\">315<\/option><option value=\"355\" data-gtm-name=\"355\" data-gtm-label=\"355\">355<\/option><option value=\"400\" data-gtm-name=\"400\" data-gtm-label=\"400\">400<\/option><option value=\"450\" data-gtm-name=\"450\" data-gtm-label=\"450\">450<\/option><option value=\"500\" data-gtm-name=\"500\" data-gtm-label=\"500\">500<\/option><option value=\"560\" data-gtm-name=\"560\" data-gtm-label=\"560\">560<\/option><option value=\"630\" data-gtm-name=\"630\" data-gtm-label=\"630\">630<\/option><option value=\"710\" data-gtm-name=\"710\" data-gtm-label=\"710\">710<\/option><option value=\"800\" data-gtm-name=\"800\" data-gtm-label=\"800\">800<\/option><option value=\"900\" data-gtm-name=\"900\" data-gtm-label=\"900\">900<\/option><option value=\"1000\" data-gtm-name=\"1000\" data-gtm-label=\"1000\">1000<\/option><option value=\"1120\" data-gtm-name=\"1120\" data-gtm-label=\"1120\">1120<\/option><option value=\"1250\" data-gtm-name=\"1250\" data-gtm-label=\"1250\">1250<\/option><option value=\"1400\" data-gtm-name=\"1400\" data-gtm-label=\"1400\">1400<\/option><option value=\"1600\" data-gtm-name=\"1600\" data-gtm-label=\"1600\">1600<\/option><option value=\"1800\" data-gtm-name=\"1800\" data-gtm-label=\"1800\">1800<\/option><option value=\"2000\" data-gtm-name=\"2000\" data-gtm-label=\"2000\">2000<\/option><\/select><\/div>\n<\/div>\n<\/div>\n<div class=\"flex flex-col flex-wrap gap-100 md:flex-row md:items-center gtm-purchase-option\" data-gtm-name=\"type_of_operation\" data-gtm-label=\"Type of actualtion\">\n<p><label class=\"flex gap-050 md:w-700 leading-none hyphens-auto print:w-full print:max-w-2\/5 text-label-small\">Type of actualtion<\/label><\/p>\n<div class=\"flex flex-1 flex-wrap gap-050\"><button class=\"select-btn select-btn-small select-btn-selected gtm-purchase-option-value\" type=\"button\" data-gtm-name=\"Manual\" data-gtm-label=\"Manual\">Manual<\/button><button class=\"select-btn select-btn-small select-btn-default gtm-purchase-option-value\" type=\"button\" data-gtm-name=\"Preparation for actuator\" data-gtm-label=\"Preparation for actuator\">Preparation for actuator<\/button><\/div>\n<\/div>\n<\/div>\n<div class=\"gtm-sku-info flex flex-col gap-y-050 text-label-tiny text-neutral-600\">\n<div class=\"flex flex-wrap items-baseline gap-x-100 gap-y-025\"><span class=\"gtm-article-name\">RK-200&#215;200-R<\/span><span class=\"whitespace-nowrap gtm-article-number text-base font-bold\">#41604<\/span><\/div>\n<\/div>\n","protected":false},"featured_media":37299,"template":"","meta":[],"product_brand":[],"product_cat":[1884,1866,1841],"product_tag":[],"class_list":{"0":"post-37316","1":"product","2":"type-product","3":"status-publish","4":"has-post-thumbnail","6":"product_cat-amortisseurs","7":"product_cat-controle-du-debit-dair","8":"product_cat-produits-de-distribution-dair","10":"first","11":"instock","12":"shipping-taxable","13":"product-type-simple"},"yoast_head":"<!-- This site is optimized with the Yoast SEO plugin v27.1.1 - https:\/\/yoast.com\/product\/yoast-seo-wordpress\/ -->\n<title>Registres RK et RKT Registres de r\u00e9gulation pour un r\u00e9glage efficace du d\u00e9bit d&#039;air dans les conduits rectangulaires - GeoClimate.ge<\/title>\n<meta name=\"robots\" content=\"index, follow, max-snippet:-1, max-image-preview:large, max-video-preview:-1\" \/>\n<link rel=\"canonical\" href=\"https:\/\/geoclimate.ge\/fr\/produit\/rk-rkt-dampers-control-dampers-to-manage-effective-airflow-adjustments-for-rectangular-ducts\/\" \/>\n<meta property=\"og:locale\" content=\"fr_FR\" \/>\n<meta property=\"og:type\" content=\"article\" \/>\n<meta property=\"og:title\" content=\"Registres RK et RKT Registres de r\u00e9gulation pour un r\u00e9glage efficace du d\u00e9bit d&#039;air dans les conduits rectangulaires - GeoClimate.ge\" \/>\n<meta property=\"og:description\" content=\"&nbsp;         Registres RK et RKT Registres de r\u00e9gulation pour un r\u00e9glage efficace du d\u00e9bit d&#039;air dans les conduits rectangulaires  Installation facile  R\u00e9glage efficace du d\u00e9bit d&#039;air  Cadre en aluminium profil\u00e9  Conception robuste      &nbsp;        Type   Non-Tight Regulating Damper Tight Regulating Damper      Width   200 225 250 280 315 355 400 450 500 560 630 710 800 900 1000 1120 1250 1400 1600 1800 2000      Height   200 225 250 280 315 355 400 450 500 560 630 710 800 900 1000 1120 1250 1400 1600 1800 2000      Type of actualtion ManualPreparation for actuator    RK-200x200-R#41604\" \/>\n<meta property=\"og:url\" content=\"https:\/\/geoclimate.ge\/fr\/produit\/rk-rkt-dampers-control-dampers-to-manage-effective-airflow-adjustments-for-rectangular-ducts\/\" \/>\n<meta property=\"og:site_name\" content=\"GeoClimate.ge\" \/>\n<meta property=\"article:modified_time\" content=\"2025-09-07T18:14:30+00:00\" \/>\n<meta property=\"og:image\" content=\"https:\/\/geoclimate.ge\/wp-content\/uploads\/2025\/09\/PRODUCT-MAIN-IMAGE_RK.jpg\" \/>\n\t<meta property=\"og:image:width\" content=\"384\" \/>\n\t<meta property=\"og:image:height\" content=\"288\" \/>\n\t<meta property=\"og:image:type\" content=\"image\/jpeg\" \/>\n<meta name=\"twitter:card\" content=\"summary_large_image\" \/>\n<meta name=\"twitter:label1\" content=\"Dur\u00e9e de lecture estim\u00e9e\" \/>\n\t<meta name=\"twitter:data1\" content=\"2 minutes\" \/>\n<script type=\"application\/ld+json\" class=\"yoast-schema-graph\">{\"@context\":\"https:\/\/schema.org\",\"@graph\":[{\"@type\":\"WebPage\",\"@id\":\"https:\/\/geoclimate.ge\/fr\/produit\/rk-rkt-dampers-control-dampers-to-manage-effective-airflow-adjustments-for-rectangular-ducts\/\",\"url\":\"https:\/\/geoclimate.ge\/fr\/produit\/rk-rkt-dampers-control-dampers-to-manage-effective-airflow-adjustments-for-rectangular-ducts\/\",\"name\":\"Registres RK et RKT Registres de r\u00e9gulation pour un r\u00e9glage efficace du d\u00e9bit d'air dans les conduits rectangulaires - GeoClimate.ge\",\"isPartOf\":{\"@id\":\"https:\/\/geoclimate.ge\/#website\"},\"primaryImageOfPage\":{\"@id\":\"https:\/\/geoclimate.ge\/fr\/produit\/rk-rkt-dampers-control-dampers-to-manage-effective-airflow-adjustments-for-rectangular-ducts\/#primaryimage\"},\"image\":{\"@id\":\"https:\/\/geoclimate.ge\/fr\/produit\/rk-rkt-dampers-control-dampers-to-manage-effective-airflow-adjustments-for-rectangular-ducts\/#primaryimage\"},\"thumbnailUrl\":\"https:\/\/geoclimate.ge\/wp-content\/uploads\/2025\/09\/PRODUCT-MAIN-IMAGE_RK.jpg\",\"datePublished\":\"2025-09-07T18:11:13+00:00\",\"dateModified\":\"2025-09-07T18:14:30+00:00\",\"breadcrumb\":{\"@id\":\"https:\/\/geoclimate.ge\/fr\/produit\/rk-rkt-dampers-control-dampers-to-manage-effective-airflow-adjustments-for-rectangular-ducts\/#breadcrumb\"},\"inLanguage\":\"fr-FR\",\"potentialAction\":[{\"@type\":\"ReadAction\",\"target\":[\"https:\/\/geoclimate.ge\/fr\/produit\/rk-rkt-dampers-control-dampers-to-manage-effective-airflow-adjustments-for-rectangular-ducts\/\"]}]},{\"@type\":\"ImageObject\",\"inLanguage\":\"fr-FR\",\"@id\":\"https:\/\/geoclimate.ge\/fr\/produit\/rk-rkt-dampers-control-dampers-to-manage-effective-airflow-adjustments-for-rectangular-ducts\/#primaryimage\",\"url\":\"https:\/\/geoclimate.ge\/wp-content\/uploads\/2025\/09\/PRODUCT-MAIN-IMAGE_RK.jpg\",\"contentUrl\":\"https:\/\/geoclimate.ge\/wp-content\/uploads\/2025\/09\/PRODUCT-MAIN-IMAGE_RK.jpg\",\"width\":384,\"height\":288},{\"@type\":\"BreadcrumbList\",\"@id\":\"https:\/\/geoclimate.ge\/fr\/produit\/rk-rkt-dampers-control-dampers-to-manage-effective-airflow-adjustments-for-rectangular-ducts\/#breadcrumb\",\"itemListElement\":[{\"@type\":\"ListItem\",\"position\":1,\"name\":\"Home\",\"item\":\"https:\/\/geoclimate.ge\/fr\/\"},{\"@type\":\"ListItem\",\"position\":2,\"name\":\"Products\",\"item\":\"https:\/\/geoclimate.ge\/fr\/products\/\"},{\"@type\":\"ListItem\",\"position\":3,\"name\":\"Registres RK et RKT Registres de r\u00e9gulation pour un r\u00e9glage efficace du d\u00e9bit d&#8217;air dans les conduits rectangulaires\"}]},{\"@type\":\"WebSite\",\"@id\":\"https:\/\/geoclimate.ge\/#website\",\"url\":\"https:\/\/geoclimate.ge\/\",\"name\":\"GeoClimate\",\"description\":\"\",\"publisher\":{\"@id\":\"https:\/\/geoclimate.ge\/#organization\"},\"potentialAction\":[{\"@type\":\"SearchAction\",\"target\":{\"@type\":\"EntryPoint\",\"urlTemplate\":\"https:\/\/geoclimate.ge\/?s={search_term_string}\"},\"query-input\":{\"@type\":\"PropertyValueSpecification\",\"valueRequired\":true,\"valueName\":\"search_term_string\"}}],\"inLanguage\":\"fr-FR\"},{\"@type\":\"Organization\",\"@id\":\"https:\/\/geoclimate.ge\/#organization\",\"name\":\"GeoClimate\",\"url\":\"https:\/\/geoclimate.ge\/\",\"logo\":{\"@type\":\"ImageObject\",\"inLanguage\":\"fr-FR\",\"@id\":\"https:\/\/geoclimate.ge\/#\/schema\/logo\/image\/\",\"url\":\"https:\/\/geoclimate.ge\/wp-content\/uploads\/2026\/03\/geoclimate-SEO.png\",\"contentUrl\":\"https:\/\/geoclimate.ge\/wp-content\/uploads\/2026\/03\/geoclimate-SEO.png\",\"width\":1536,\"height\":1024,\"caption\":\"GeoClimate\"},\"image\":{\"@id\":\"https:\/\/geoclimate.ge\/#\/schema\/logo\/image\/\"}}]}<\/script>\n<!-- \/ Yoast SEO plugin. -->","yoast_head_json":{"title":"Registres RK et RKT Registres de r\u00e9gulation pour un r\u00e9glage efficace du d\u00e9bit d'air dans les conduits rectangulaires - GeoClimate.ge","robots":{"index":"index","follow":"follow","max-snippet":"max-snippet:-1","max-image-preview":"max-image-preview:large","max-video-preview":"max-video-preview:-1"},"canonical":"https:\/\/geoclimate.ge\/fr\/produit\/rk-rkt-dampers-control-dampers-to-manage-effective-airflow-adjustments-for-rectangular-ducts\/","og_locale":"fr_FR","og_type":"article","og_title":"Registres RK et RKT Registres de r\u00e9gulation pour un r\u00e9glage efficace du d\u00e9bit d'air dans les conduits rectangulaires - GeoClimate.ge","og_description":"&nbsp;         Registres RK et RKT Registres de r\u00e9gulation pour un r\u00e9glage efficace du d\u00e9bit d'air dans les conduits rectangulaires  Installation facile  R\u00e9glage efficace du d\u00e9bit d'air  Cadre en aluminium profil\u00e9  Conception robuste      &nbsp;        Type   Non-Tight Regulating Damper Tight Regulating Damper      Width   200 225 250 280 315 355 400 450 500 560 630 710 800 900 1000 1120 1250 1400 1600 1800 2000      Height   200 225 250 280 315 355 400 450 500 560 630 710 800 900 1000 1120 1250 1400 1600 1800 2000      Type of actualtion ManualPreparation for actuator    RK-200x200-R#41604","og_url":"https:\/\/geoclimate.ge\/fr\/produit\/rk-rkt-dampers-control-dampers-to-manage-effective-airflow-adjustments-for-rectangular-ducts\/","og_site_name":"GeoClimate.ge","article_modified_time":"2025-09-07T18:14:30+00:00","og_image":[{"width":384,"height":288,"url":"https:\/\/geoclimate.ge\/wp-content\/uploads\/2025\/09\/PRODUCT-MAIN-IMAGE_RK.jpg","type":"image\/jpeg"}],"twitter_card":"summary_large_image","twitter_misc":{"Dur\u00e9e de lecture estim\u00e9e":"2 minutes"},"schema":{"@context":"https:\/\/schema.org","@graph":[{"@type":"WebPage","@id":"https:\/\/geoclimate.ge\/fr\/produit\/rk-rkt-dampers-control-dampers-to-manage-effective-airflow-adjustments-for-rectangular-ducts\/","url":"https:\/\/geoclimate.ge\/fr\/produit\/rk-rkt-dampers-control-dampers-to-manage-effective-airflow-adjustments-for-rectangular-ducts\/","name":"Registres RK et RKT Registres de r\u00e9gulation pour un r\u00e9glage efficace du d\u00e9bit d'air dans les conduits rectangulaires - GeoClimate.ge","isPartOf":{"@id":"https:\/\/geoclimate.ge\/#website"},"primaryImageOfPage":{"@id":"https:\/\/geoclimate.ge\/fr\/produit\/rk-rkt-dampers-control-dampers-to-manage-effective-airflow-adjustments-for-rectangular-ducts\/#primaryimage"},"image":{"@id":"https:\/\/geoclimate.ge\/fr\/produit\/rk-rkt-dampers-control-dampers-to-manage-effective-airflow-adjustments-for-rectangular-ducts\/#primaryimage"},"thumbnailUrl":"https:\/\/geoclimate.ge\/wp-content\/uploads\/2025\/09\/PRODUCT-MAIN-IMAGE_RK.jpg","datePublished":"2025-09-07T18:11:13+00:00","dateModified":"2025-09-07T18:14:30+00:00","breadcrumb":{"@id":"https:\/\/geoclimate.ge\/fr\/produit\/rk-rkt-dampers-control-dampers-to-manage-effective-airflow-adjustments-for-rectangular-ducts\/#breadcrumb"},"inLanguage":"fr-FR","potentialAction":[{"@type":"ReadAction","target":["https:\/\/geoclimate.ge\/fr\/produit\/rk-rkt-dampers-control-dampers-to-manage-effective-airflow-adjustments-for-rectangular-ducts\/"]}]},{"@type":"ImageObject","inLanguage":"fr-FR","@id":"https:\/\/geoclimate.ge\/fr\/produit\/rk-rkt-dampers-control-dampers-to-manage-effective-airflow-adjustments-for-rectangular-ducts\/#primaryimage","url":"https:\/\/geoclimate.ge\/wp-content\/uploads\/2025\/09\/PRODUCT-MAIN-IMAGE_RK.jpg","contentUrl":"https:\/\/geoclimate.ge\/wp-content\/uploads\/2025\/09\/PRODUCT-MAIN-IMAGE_RK.jpg","width":384,"height":288},{"@type":"BreadcrumbList","@id":"https:\/\/geoclimate.ge\/fr\/produit\/rk-rkt-dampers-control-dampers-to-manage-effective-airflow-adjustments-for-rectangular-ducts\/#breadcrumb","itemListElement":[{"@type":"ListItem","position":1,"name":"Home","item":"https:\/\/geoclimate.ge\/fr\/"},{"@type":"ListItem","position":2,"name":"Products","item":"https:\/\/geoclimate.ge\/fr\/products\/"},{"@type":"ListItem","position":3,"name":"Registres RK et RKT Registres de r\u00e9gulation pour un r\u00e9glage efficace du d\u00e9bit d&#8217;air dans les conduits rectangulaires"}]},{"@type":"WebSite","@id":"https:\/\/geoclimate.ge\/#website","url":"https:\/\/geoclimate.ge\/","name":"GeoClimate","description":"","publisher":{"@id":"https:\/\/geoclimate.ge\/#organization"},"potentialAction":[{"@type":"SearchAction","target":{"@type":"EntryPoint","urlTemplate":"https:\/\/geoclimate.ge\/?s={search_term_string}"},"query-input":{"@type":"PropertyValueSpecification","valueRequired":true,"valueName":"search_term_string"}}],"inLanguage":"fr-FR"},{"@type":"Organization","@id":"https:\/\/geoclimate.ge\/#organization","name":"GeoClimate","url":"https:\/\/geoclimate.ge\/","logo":{"@type":"ImageObject","inLanguage":"fr-FR","@id":"https:\/\/geoclimate.ge\/#\/schema\/logo\/image\/","url":"https:\/\/geoclimate.ge\/wp-content\/uploads\/2026\/03\/geoclimate-SEO.png","contentUrl":"https:\/\/geoclimate.ge\/wp-content\/uploads\/2026\/03\/geoclimate-SEO.png","width":1536,"height":1024,"caption":"GeoClimate"},"image":{"@id":"https:\/\/geoclimate.ge\/#\/schema\/logo\/image\/"}}]}},"_links":{"self":[{"href":"https:\/\/geoclimate.ge\/fr\/wp-json\/wp\/v2\/product\/37316","targetHints":{"allow":["GET"]}}],"collection":[{"href":"https:\/\/geoclimate.ge\/fr\/wp-json\/wp\/v2\/product"}],"about":[{"href":"https:\/\/geoclimate.ge\/fr\/wp-json\/wp\/v2\/types\/product"}],"wp:featuredmedia":[{"embeddable":true,"href":"https:\/\/geoclimate.ge\/fr\/wp-json\/wp\/v2\/media\/37299"}],"wp:attachment":[{"href":"https:\/\/geoclimate.ge\/fr\/wp-json\/wp\/v2\/media?parent=37316"}],"wp:term":[{"taxonomy":"product_brand","embeddable":true,"href":"https:\/\/geoclimate.ge\/fr\/wp-json\/wp\/v2\/product_brand?post=37316"},{"taxonomy":"product_cat","embeddable":true,"href":"https:\/\/geoclimate.ge\/fr\/wp-json\/wp\/v2\/product_cat?post=37316"},{"taxonomy":"product_tag","embeddable":true,"href":"https:\/\/geoclimate.ge\/fr\/wp-json\/wp\/v2\/product_tag?post=37316"}],"curies":[{"name":"wp","href":"https:\/\/api.w.org\/{rel}","templated":true}]}}