{"id":37437,"date":"2025-09-07T23:12:25","date_gmt":"2025-09-07T19:12:25","guid":{"rendered":"https:\/\/airsystems.ge\/shop\/product\/tune-r-dampers-control-and-shut-off-damper-suitable-for-circular-ducts\/"},"modified":"2025-09-07T23:15:18","modified_gmt":"2025-09-07T19:15:18","slug":"tune-r-dampers-control-and-shut-off-damper-suitable-for-circular-ducts","status":"publish","type":"product","link":"https:\/\/geoclimate.ge\/fr\/produit\/tune-r-dampers-control-and-shut-off-damper-suitable-for-circular-ducts\/","title":{"rendered":"Registres TUNE-R Registre de r\u00e9gulation et d&rsquo;arr\u00eat adapt\u00e9 aux conduits circulaires"},"content":{"rendered":"<div class=\"mb-400 gtm-product-section container-fluid\" data-gtm-name=\"Benefits\" data-gtm-label=\"Benefits (en)\" data-gtm-vis-recent-on-screen53434917_103=\"16063\" data-gtm-vis-first-on-screen53434917_103=\"16063\" data-gtm-vis-total-visible-time53434917_103=\"1500\" data-gtm-vis-has-fired53434917_103=\"1\">\n<div class=\"row\">\n<div class=\"content-element content-element-product-benefit col-12 sm:col-6 mb-400\">\n<div class=\"bg-card px-300 py-250 mobile-nav:px-200 mobile-nav:py-150 h-full flex overflow-hidden card-border\">\n<div class=\"min-w-0\">\n<p><strong>Conduits circulaires<\/strong><br \/>\nLe TUNE-R est un registre de r\u00e9gulation et d&rsquo;arr\u00eat con\u00e7u pour un fonctionnement efficace dans les conduits circulaires.<\/p>\n<p><strong>Versions manuelles ou motoris\u00e9es<\/strong><br \/>\nLe registre TUNE-R est disponible en versions manuelle et motoris\u00e9e, avec indicateur de position int\u00e9gr\u00e9.<\/p>\n<p><strong>Construction en acier<\/strong><br \/>\nLe registre TUNE-R est fabriqu\u00e9 en t\u00f4le d&rsquo;acier galvanis\u00e9e et est enti\u00e8rement sans silicone. Tous les joints sont en caoutchouc noir.<\/p>\n<p>Le TUNE-R est un registre de r\u00e9gulation et d&rsquo;arr\u00eat con\u00e7u pour les besoins sp\u00e9cifiques des conduits circulaires. Il est disponible en diff\u00e9rentes versions avec une \u00e9tanch\u00e9it\u00e9 des lames de classe 1 ou 4 et une \u00e9tanch\u00e9it\u00e9 du bo\u00eetier de classe A ou C, test\u00e9es selon la norme EN 1751. Le registre est disponible en version manuelle ou motoris\u00e9e, avec indicateur de position int\u00e9gr\u00e9.<\/p>\n<p>Les diff\u00e9rentes versions conviennent \u00e0 diff\u00e9rents environnements. La version A1 est id\u00e9ale pour les installations simples et la r\u00e9gulation du d\u00e9bit d&rsquo;air dans les conduits circulaires. La version C1 est indispensable pour les installations n\u00e9cessitant une \u00e9tanch\u00e9it\u00e9 \u00e0 l&rsquo;air vers l&rsquo;ext\u00e9rieur afin de minimiser les fuites vers l&rsquo;ext\u00e9rieur, comme dans les applications industrielles ou les suites hospitali\u00e8res. La version C4 est id\u00e9ale comme registre d&rsquo;arr\u00eat lorsque les diff\u00e9rentes parties du syst\u00e8me doivent \u00eatre s\u00e9par\u00e9es herm\u00e9tiquement les unes des autres en raison des mati\u00e8res dangereuses pr\u00e9sentes dans l&rsquo;air.<\/p>\n<p>Le registre est fabriqu\u00e9 en t\u00f4le d&rsquo;acier galvanis\u00e9e et est enti\u00e8rement sans silicone. Tous les joints sont en caoutchouc noir. Tous les mat\u00e9riaux utilis\u00e9s sont ignifuges. Le registre TUNE-R est disponible dans les dimensions 80 \u00e0 630 mm.<\/p>\n<\/div>\n<\/div>\n<\/div>\n<\/div>\n<\/div>\n","protected":false},"excerpt":{"rendered":"<div>\n<p>Registres TUNE-R<br \/>\nRegistre de r\u00e9gulation et d&rsquo;arr\u00eat adapt\u00e9 aux conduits circulaires<\/p>\n<p>Manuel ou motoris\u00e9<\/p>\n<p>Construction en acier<\/p>\n<p>Retardateur de flamme<\/p>\n<p>Isolation ext\u00e9rieure<\/p>\n<\/div>\n<div class=\"flex flex-col gap-200\">\n<div class=\"flex flex-col flex-wrap gap-100 md:flex-row md:items-center gtm-purchase-option\" data-gtm-name=\"tightness_class\" data-gtm-label=\"Tightness class\">\n<p><label class=\"flex gap-050 md:w-700 leading-none hyphens-auto print:w-full print:max-w-2\/5 text-label-small\">Tightness class<\/label><\/p>\n<div class=\"flex flex-1 flex-wrap gap-050\"><button class=\"select-btn select-btn-small select-btn-selected gtm-purchase-option-value\" type=\"button\" data-gtm-name=\"A1\" data-gtm-label=\"A1\">A1<\/button><button class=\"select-btn select-btn-small select-btn-default gtm-purchase-option-value\" type=\"button\" data-gtm-name=\"C1\" data-gtm-label=\"C1\">C1<\/button><button class=\"select-btn select-btn-small select-btn-default gtm-purchase-option-value\" type=\"button\" data-gtm-name=\"C4\" data-gtm-label=\"C4\">C4<\/button><\/div>\n<\/div>\n<div class=\"flex flex-col flex-wrap gap-100 md:flex-row md:items-center gtm-purchase-option\" data-gtm-name=\"size\" data-gtm-label=\"Size\">\n<p><label class=\"flex gap-050 md:w-700 leading-none hyphens-auto print:w-full print:max-w-2\/5 text-label-small\">Size<\/label><\/p>\n<div class=\"flex flex-1 flex-wrap gap-050\"><button class=\"select-btn select-btn-small select-btn-selected gtm-purchase-option-value\" type=\"button\" data-gtm-name=\"80\" data-gtm-label=\"80\">80<\/button><button class=\"select-btn select-btn-small select-btn-default gtm-purchase-option-value\" type=\"button\" data-gtm-name=\"100\" data-gtm-label=\"100\">100<\/button><button class=\"select-btn select-btn-small select-btn-default gtm-purchase-option-value\" type=\"button\" data-gtm-name=\"125\" data-gtm-label=\"125\">125<\/button><button class=\"select-btn select-btn-small select-btn-default gtm-purchase-option-value\" type=\"button\" data-gtm-name=\"140\" data-gtm-label=\"140\">140<\/button><button class=\"select-btn select-btn-small select-btn-default gtm-purchase-option-value\" type=\"button\" data-gtm-name=\"160\" data-gtm-label=\"160\">160<\/button><button class=\"select-btn select-btn-small select-btn-default gtm-purchase-option-value\" type=\"button\" data-gtm-name=\"180\" data-gtm-label=\"180\">180<\/button><button class=\"select-btn select-btn-small select-btn-default gtm-purchase-option-value\" type=\"button\" data-gtm-name=\"200\" data-gtm-label=\"200\">200<\/button><button class=\"select-btn select-btn-small select-btn-default gtm-purchase-option-value\" type=\"button\" data-gtm-name=\"250\" data-gtm-label=\"250\">250<\/button><button class=\"select-btn select-btn-small select-btn-default gtm-purchase-option-value\" type=\"button\" data-gtm-name=\"280\" data-gtm-label=\"280\">280<\/button><button class=\"select-btn select-btn-small select-btn-default gtm-purchase-option-value\" type=\"button\" data-gtm-name=\"315\" data-gtm-label=\"315\">315<\/button><button class=\"select-btn select-btn-small select-btn-default gtm-purchase-option-value\" type=\"button\" data-gtm-name=\"355\" data-gtm-label=\"355\">355<\/button><button class=\"select-btn select-btn-small select-btn-default gtm-purchase-option-value\" type=\"button\" data-gtm-name=\"400\" data-gtm-label=\"400\">400<\/button><button class=\"select-btn select-btn-small select-btn-default gtm-purchase-option-value\" type=\"button\" data-gtm-name=\"450\" data-gtm-label=\"450\">450<\/button><button class=\"select-btn select-btn-small select-btn-default gtm-purchase-option-value\" type=\"button\" data-gtm-name=\"500\" data-gtm-label=\"500\">500<\/button><button class=\"select-btn select-btn-small select-btn-default gtm-purchase-option-value\" type=\"button\" data-gtm-name=\"560\" data-gtm-label=\"560\">560<\/button><button class=\"select-btn select-btn-small select-btn-default gtm-purchase-option-value\" type=\"button\" data-gtm-name=\"630\" data-gtm-label=\"630\">630<\/button><\/div>\n<\/div>\n<div class=\"flex flex-col flex-wrap gap-100 md:flex-row md:items-center gtm-purchase-option\" data-gtm-name=\"type_of_actualtion\" data-gtm-label=\"Type of actualtion\">\n<p><label class=\"flex gap-050 md:w-700 leading-none hyphens-auto print:w-full print:max-w-2\/5 text-label-small\">Type of actualtion<\/label><\/p>\n<div class=\"flex flex-1 flex-wrap gap-050\">\n<div class=\"dropdown-wrapper dropdown-wrapper-small w-full gtm-purchase-option-value gtm-purchase-option-value-dropdown\"><select class=\"form-dropdown form-input form-dropdown-small\"><option value=\"0\" data-gtm-name=\"Handle (-H)\" data-gtm-label=\"Handle (-H)\">[Handle (-H)]<\/option><option value=\"1\" data-gtm-name=\"Preparation for actuator (-M0)\" data-gtm-label=\"Preparation for actuator (-M0)\">[Preparation for actuator (-M0)]<\/option><option value=\"2\" data-gtm-name=\"230V actuator (-M1)\" data-gtm-label=\"230V actuator (-M1)\">230V actuator (-M1)<\/option><option value=\"3\" data-gtm-name=\"24V actuator (-M2)\" data-gtm-label=\"24V actuator (-M2)\">24V actuator (-M2)<\/option><option value=\"4\" data-gtm-name=\"24V, 0-10V stepless actuator (-M3)\" data-gtm-label=\"24V, 0-10V stepless actuator (-M3)\">24V, 0-10V stepless actuator (-M3)<\/option><option value=\"5\" data-gtm-name=\"230V spring actuator (-M4)\" data-gtm-label=\"230V spring actuator (-M4)\">230V spring actuator (-M4)<\/option><option value=\"6\" data-gtm-name=\"24V spring actuator (-M5)\" data-gtm-label=\"24V spring actuator (-M5)\">24V spring actuator (-M5)<\/option><option value=\"7\" data-gtm-name=\"24V, 0-10V stepless spring actuator (-M6)\" data-gtm-label=\"24V, 0-10V stepless spring actuator (-M6)\">24V, 0-10V stepless spring actuator (-M6)<\/option><\/select><\/div>\n<\/div>\n<\/div>\n<\/div>\n<div class=\"gtm-sku-info flex flex-col gap-y-050 text-label-tiny text-neutral-600\">\n<div class=\"flex flex-wrap items-baseline gap-x-100 gap-y-025\"><span class=\"gtm-article-name\">TUNE-R-080-1-M1<\/span><span class=\"whitespace-nowrap gtm-article-number text-base font-bold\">#46648<\/span><\/div>\n<\/div>\n","protected":false},"featured_media":37426,"template":"","meta":[],"product_brand":[],"product_cat":[1884,1866,1841],"product_tag":[],"class_list":{"0":"post-37437","1":"product","2":"type-product","3":"status-publish","4":"has-post-thumbnail","6":"product_cat-amortisseurs","7":"product_cat-controle-du-debit-dair","8":"product_cat-produits-de-distribution-dair","10":"first","11":"instock","12":"shipping-taxable","13":"product-type-simple"},"yoast_head":"<!-- This site is optimized with the Yoast SEO plugin v27.1.1 - https:\/\/yoast.com\/product\/yoast-seo-wordpress\/ -->\n<title>Registres TUNE-R Registre de r\u00e9gulation et d&#039;arr\u00eat adapt\u00e9 aux conduits circulaires - GeoClimate.ge<\/title>\n<meta name=\"robots\" content=\"index, follow, max-snippet:-1, max-image-preview:large, max-video-preview:-1\" \/>\n<link rel=\"canonical\" href=\"https:\/\/geoclimate.ge\/fr\/produit\/tune-r-dampers-control-and-shut-off-damper-suitable-for-circular-ducts\/\" \/>\n<meta property=\"og:locale\" content=\"fr_FR\" \/>\n<meta property=\"og:type\" content=\"article\" \/>\n<meta property=\"og:title\" content=\"Registres TUNE-R Registre de r\u00e9gulation et d&#039;arr\u00eat adapt\u00e9 aux conduits circulaires - GeoClimate.ge\" \/>\n<meta property=\"og:description\" content=\"Registres TUNE-R Registre de r\u00e9gulation et d&#039;arr\u00eat adapt\u00e9 aux conduits circulaires  Manuel ou motoris\u00e9  Construction en acier  Retardateur de flamme  Isolation ext\u00e9rieure      Tightness class A1C1C4    Size 80100125140160180200250280315355400450500560630    Type of actualtion   [Handle (-H)] [Preparation for actuator (-M0)] 230V actuator (-M1) 24V actuator (-M2) 24V, 0-10V stepless actuator (-M3) 230V spring actuator (-M4) 24V spring actuator (-M5) 24V, 0-10V stepless spring actuator (-M6)      TUNE-R-080-1-M1#46648\" \/>\n<meta property=\"og:url\" content=\"https:\/\/geoclimate.ge\/fr\/produit\/tune-r-dampers-control-and-shut-off-damper-suitable-for-circular-ducts\/\" \/>\n<meta property=\"og:site_name\" content=\"GeoClimate.ge\" \/>\n<meta property=\"article:modified_time\" content=\"2025-09-07T19:15:18+00:00\" \/>\n<meta property=\"og:image\" content=\"https:\/\/geoclimate.ge\/wp-content\/uploads\/2025\/09\/PRODUCT-MAIN-IMAGE_TUNE_R.jpg\" \/>\n\t<meta property=\"og:image:width\" content=\"384\" \/>\n\t<meta property=\"og:image:height\" content=\"288\" \/>\n\t<meta property=\"og:image:type\" content=\"image\/jpeg\" \/>\n<meta name=\"twitter:card\" content=\"summary_large_image\" \/>\n<meta name=\"twitter:label1\" content=\"Dur\u00e9e de lecture estim\u00e9e\" \/>\n\t<meta name=\"twitter:data1\" content=\"1 minute\" \/>\n<script type=\"application\/ld+json\" class=\"yoast-schema-graph\">{\"@context\":\"https:\/\/schema.org\",\"@graph\":[{\"@type\":\"WebPage\",\"@id\":\"https:\/\/geoclimate.ge\/fr\/produit\/tune-r-dampers-control-and-shut-off-damper-suitable-for-circular-ducts\/\",\"url\":\"https:\/\/geoclimate.ge\/fr\/produit\/tune-r-dampers-control-and-shut-off-damper-suitable-for-circular-ducts\/\",\"name\":\"Registres TUNE-R Registre de r\u00e9gulation et d'arr\u00eat adapt\u00e9 aux conduits circulaires - GeoClimate.ge\",\"isPartOf\":{\"@id\":\"https:\/\/geoclimate.ge\/#website\"},\"primaryImageOfPage\":{\"@id\":\"https:\/\/geoclimate.ge\/fr\/produit\/tune-r-dampers-control-and-shut-off-damper-suitable-for-circular-ducts\/#primaryimage\"},\"image\":{\"@id\":\"https:\/\/geoclimate.ge\/fr\/produit\/tune-r-dampers-control-and-shut-off-damper-suitable-for-circular-ducts\/#primaryimage\"},\"thumbnailUrl\":\"https:\/\/geoclimate.ge\/wp-content\/uploads\/2025\/09\/PRODUCT-MAIN-IMAGE_TUNE_R.jpg\",\"datePublished\":\"2025-09-07T19:12:25+00:00\",\"dateModified\":\"2025-09-07T19:15:18+00:00\",\"breadcrumb\":{\"@id\":\"https:\/\/geoclimate.ge\/fr\/produit\/tune-r-dampers-control-and-shut-off-damper-suitable-for-circular-ducts\/#breadcrumb\"},\"inLanguage\":\"fr-FR\",\"potentialAction\":[{\"@type\":\"ReadAction\",\"target\":[\"https:\/\/geoclimate.ge\/fr\/produit\/tune-r-dampers-control-and-shut-off-damper-suitable-for-circular-ducts\/\"]}]},{\"@type\":\"ImageObject\",\"inLanguage\":\"fr-FR\",\"@id\":\"https:\/\/geoclimate.ge\/fr\/produit\/tune-r-dampers-control-and-shut-off-damper-suitable-for-circular-ducts\/#primaryimage\",\"url\":\"https:\/\/geoclimate.ge\/wp-content\/uploads\/2025\/09\/PRODUCT-MAIN-IMAGE_TUNE_R.jpg\",\"contentUrl\":\"https:\/\/geoclimate.ge\/wp-content\/uploads\/2025\/09\/PRODUCT-MAIN-IMAGE_TUNE_R.jpg\",\"width\":384,\"height\":288},{\"@type\":\"BreadcrumbList\",\"@id\":\"https:\/\/geoclimate.ge\/fr\/produit\/tune-r-dampers-control-and-shut-off-damper-suitable-for-circular-ducts\/#breadcrumb\",\"itemListElement\":[{\"@type\":\"ListItem\",\"position\":1,\"name\":\"Home\",\"item\":\"https:\/\/geoclimate.ge\/fr\/\"},{\"@type\":\"ListItem\",\"position\":2,\"name\":\"Products\",\"item\":\"https:\/\/geoclimate.ge\/fr\/products\/\"},{\"@type\":\"ListItem\",\"position\":3,\"name\":\"Registres TUNE-R Registre de r\u00e9gulation et d&#8217;arr\u00eat adapt\u00e9 aux conduits circulaires\"}]},{\"@type\":\"WebSite\",\"@id\":\"https:\/\/geoclimate.ge\/#website\",\"url\":\"https:\/\/geoclimate.ge\/\",\"name\":\"GeoClimate\",\"description\":\"\",\"publisher\":{\"@id\":\"https:\/\/geoclimate.ge\/#organization\"},\"potentialAction\":[{\"@type\":\"SearchAction\",\"target\":{\"@type\":\"EntryPoint\",\"urlTemplate\":\"https:\/\/geoclimate.ge\/?s={search_term_string}\"},\"query-input\":{\"@type\":\"PropertyValueSpecification\",\"valueRequired\":true,\"valueName\":\"search_term_string\"}}],\"inLanguage\":\"fr-FR\"},{\"@type\":\"Organization\",\"@id\":\"https:\/\/geoclimate.ge\/#organization\",\"name\":\"GeoClimate\",\"url\":\"https:\/\/geoclimate.ge\/\",\"logo\":{\"@type\":\"ImageObject\",\"inLanguage\":\"fr-FR\",\"@id\":\"https:\/\/geoclimate.ge\/#\/schema\/logo\/image\/\",\"url\":\"https:\/\/geoclimate.ge\/wp-content\/uploads\/2026\/03\/geoclimate-SEO.png\",\"contentUrl\":\"https:\/\/geoclimate.ge\/wp-content\/uploads\/2026\/03\/geoclimate-SEO.png\",\"width\":1536,\"height\":1024,\"caption\":\"GeoClimate\"},\"image\":{\"@id\":\"https:\/\/geoclimate.ge\/#\/schema\/logo\/image\/\"}}]}<\/script>\n<!-- \/ Yoast SEO plugin. -->","yoast_head_json":{"title":"Registres TUNE-R Registre de r\u00e9gulation et d'arr\u00eat adapt\u00e9 aux conduits circulaires - GeoClimate.ge","robots":{"index":"index","follow":"follow","max-snippet":"max-snippet:-1","max-image-preview":"max-image-preview:large","max-video-preview":"max-video-preview:-1"},"canonical":"https:\/\/geoclimate.ge\/fr\/produit\/tune-r-dampers-control-and-shut-off-damper-suitable-for-circular-ducts\/","og_locale":"fr_FR","og_type":"article","og_title":"Registres TUNE-R Registre de r\u00e9gulation et d'arr\u00eat adapt\u00e9 aux conduits circulaires - GeoClimate.ge","og_description":"Registres TUNE-R Registre de r\u00e9gulation et d'arr\u00eat adapt\u00e9 aux conduits circulaires  Manuel ou motoris\u00e9  Construction en acier  Retardateur de flamme  Isolation ext\u00e9rieure      Tightness class A1C1C4    Size 80100125140160180200250280315355400450500560630    Type of actualtion   [Handle (-H)] [Preparation for actuator (-M0)] 230V actuator (-M1) 24V actuator (-M2) 24V, 0-10V stepless actuator (-M3) 230V spring actuator (-M4) 24V spring actuator (-M5) 24V, 0-10V stepless spring actuator (-M6)      TUNE-R-080-1-M1#46648","og_url":"https:\/\/geoclimate.ge\/fr\/produit\/tune-r-dampers-control-and-shut-off-damper-suitable-for-circular-ducts\/","og_site_name":"GeoClimate.ge","article_modified_time":"2025-09-07T19:15:18+00:00","og_image":[{"width":384,"height":288,"url":"https:\/\/geoclimate.ge\/wp-content\/uploads\/2025\/09\/PRODUCT-MAIN-IMAGE_TUNE_R.jpg","type":"image\/jpeg"}],"twitter_card":"summary_large_image","twitter_misc":{"Dur\u00e9e de lecture estim\u00e9e":"1 minute"},"schema":{"@context":"https:\/\/schema.org","@graph":[{"@type":"WebPage","@id":"https:\/\/geoclimate.ge\/fr\/produit\/tune-r-dampers-control-and-shut-off-damper-suitable-for-circular-ducts\/","url":"https:\/\/geoclimate.ge\/fr\/produit\/tune-r-dampers-control-and-shut-off-damper-suitable-for-circular-ducts\/","name":"Registres TUNE-R Registre de r\u00e9gulation et d'arr\u00eat adapt\u00e9 aux conduits circulaires - GeoClimate.ge","isPartOf":{"@id":"https:\/\/geoclimate.ge\/#website"},"primaryImageOfPage":{"@id":"https:\/\/geoclimate.ge\/fr\/produit\/tune-r-dampers-control-and-shut-off-damper-suitable-for-circular-ducts\/#primaryimage"},"image":{"@id":"https:\/\/geoclimate.ge\/fr\/produit\/tune-r-dampers-control-and-shut-off-damper-suitable-for-circular-ducts\/#primaryimage"},"thumbnailUrl":"https:\/\/geoclimate.ge\/wp-content\/uploads\/2025\/09\/PRODUCT-MAIN-IMAGE_TUNE_R.jpg","datePublished":"2025-09-07T19:12:25+00:00","dateModified":"2025-09-07T19:15:18+00:00","breadcrumb":{"@id":"https:\/\/geoclimate.ge\/fr\/produit\/tune-r-dampers-control-and-shut-off-damper-suitable-for-circular-ducts\/#breadcrumb"},"inLanguage":"fr-FR","potentialAction":[{"@type":"ReadAction","target":["https:\/\/geoclimate.ge\/fr\/produit\/tune-r-dampers-control-and-shut-off-damper-suitable-for-circular-ducts\/"]}]},{"@type":"ImageObject","inLanguage":"fr-FR","@id":"https:\/\/geoclimate.ge\/fr\/produit\/tune-r-dampers-control-and-shut-off-damper-suitable-for-circular-ducts\/#primaryimage","url":"https:\/\/geoclimate.ge\/wp-content\/uploads\/2025\/09\/PRODUCT-MAIN-IMAGE_TUNE_R.jpg","contentUrl":"https:\/\/geoclimate.ge\/wp-content\/uploads\/2025\/09\/PRODUCT-MAIN-IMAGE_TUNE_R.jpg","width":384,"height":288},{"@type":"BreadcrumbList","@id":"https:\/\/geoclimate.ge\/fr\/produit\/tune-r-dampers-control-and-shut-off-damper-suitable-for-circular-ducts\/#breadcrumb","itemListElement":[{"@type":"ListItem","position":1,"name":"Home","item":"https:\/\/geoclimate.ge\/fr\/"},{"@type":"ListItem","position":2,"name":"Products","item":"https:\/\/geoclimate.ge\/fr\/products\/"},{"@type":"ListItem","position":3,"name":"Registres TUNE-R Registre de r\u00e9gulation et d&#8217;arr\u00eat adapt\u00e9 aux conduits circulaires"}]},{"@type":"WebSite","@id":"https:\/\/geoclimate.ge\/#website","url":"https:\/\/geoclimate.ge\/","name":"GeoClimate","description":"","publisher":{"@id":"https:\/\/geoclimate.ge\/#organization"},"potentialAction":[{"@type":"SearchAction","target":{"@type":"EntryPoint","urlTemplate":"https:\/\/geoclimate.ge\/?s={search_term_string}"},"query-input":{"@type":"PropertyValueSpecification","valueRequired":true,"valueName":"search_term_string"}}],"inLanguage":"fr-FR"},{"@type":"Organization","@id":"https:\/\/geoclimate.ge\/#organization","name":"GeoClimate","url":"https:\/\/geoclimate.ge\/","logo":{"@type":"ImageObject","inLanguage":"fr-FR","@id":"https:\/\/geoclimate.ge\/#\/schema\/logo\/image\/","url":"https:\/\/geoclimate.ge\/wp-content\/uploads\/2026\/03\/geoclimate-SEO.png","contentUrl":"https:\/\/geoclimate.ge\/wp-content\/uploads\/2026\/03\/geoclimate-SEO.png","width":1536,"height":1024,"caption":"GeoClimate"},"image":{"@id":"https:\/\/geoclimate.ge\/#\/schema\/logo\/image\/"}}]}},"_links":{"self":[{"href":"https:\/\/geoclimate.ge\/fr\/wp-json\/wp\/v2\/product\/37437","targetHints":{"allow":["GET"]}}],"collection":[{"href":"https:\/\/geoclimate.ge\/fr\/wp-json\/wp\/v2\/product"}],"about":[{"href":"https:\/\/geoclimate.ge\/fr\/wp-json\/wp\/v2\/types\/product"}],"wp:featuredmedia":[{"embeddable":true,"href":"https:\/\/geoclimate.ge\/fr\/wp-json\/wp\/v2\/media\/37426"}],"wp:attachment":[{"href":"https:\/\/geoclimate.ge\/fr\/wp-json\/wp\/v2\/media?parent=37437"}],"wp:term":[{"taxonomy":"product_brand","embeddable":true,"href":"https:\/\/geoclimate.ge\/fr\/wp-json\/wp\/v2\/product_brand?post=37437"},{"taxonomy":"product_cat","embeddable":true,"href":"https:\/\/geoclimate.ge\/fr\/wp-json\/wp\/v2\/product_cat?post=37437"},{"taxonomy":"product_tag","embeddable":true,"href":"https:\/\/geoclimate.ge\/fr\/wp-json\/wp\/v2\/product_tag?post=37437"}],"curies":[{"name":"wp","href":"https:\/\/api.w.org\/{rel}","templated":true}]}}