{"id":37468,"date":"2025-09-07T23:20:18","date_gmt":"2025-09-07T19:20:18","guid":{"rendered":"https:\/\/airsystems.ge\/shop\/product\/notus-s-constant-air-volume-controllers-constant-air-volume-flow-controller-suitable-for-horizontal-and-vertical-ducts\/"},"modified":"2025-09-07T23:24:30","modified_gmt":"2025-09-07T19:24:30","slug":"notus-s-constant-air-volume-controllers-constant-air-volume-flow-controller-suitable-for-horizontal-and-vertical-ducts","status":"publish","type":"product","link":"https:\/\/geoclimate.ge\/fr\/produit\/notus-s-constant-air-volume-controllers-constant-air-volume-flow-controller-suitable-for-horizontal-and-vertical-ducts\/","title":{"rendered":"R\u00e9gulateurs de d\u00e9bit d&rsquo;air constant NOTUS-S R\u00e9gulateur de d\u00e9bit d&rsquo;air constant adapt\u00e9 aux conduits horizontaux et verticaux"},"content":{"rendered":"<div class=\"mb-400 gtm-product-section container-fluid\" data-gtm-name=\"Benefits\" data-gtm-label=\"Benefits (en)\" data-gtm-vis-first-on-screen53434917_103=\"8448\" data-gtm-vis-total-visible-time53434917_103=\"1500\" data-gtm-vis-recent-on-screen53434917_103=\"155100\" data-gtm-vis-has-fired53434917_103=\"1\">\n<div class=\"row\">\n<div class=\"content-element content-element-product-benefit col-12 sm:col-6 mb-400\">\n<div class=\"bg-card px-300 py-250 mobile-nav:px-200 mobile-nav:py-150 h-full flex overflow-hidden card-border\">\n<div class=\"min-w-0\">\n<p><strong>Fonctionnement m\u00e9canique<\/strong><br \/>\nNOTUS-S est un r\u00e9gulateur de d\u00e9bit d&rsquo;air constant \u00e0 fonctionnement m\u00e9canique. Il ne n\u00e9cessite ni \u00e9nergie auxiliaire ni commande.<\/p>\n<p><strong>R\u00e9gulation pr\u00e9cise du volume<\/strong><br \/>\nNOTUS-S offre une r\u00e9gulation facile du d\u00e9bit d&rsquo;air par molette, avec une pr\u00e9cision maximale de 10 % d&rsquo;\u00e9cart.<\/p>\n<p><strong>Diff\u00e9rentes dimensions<\/strong><br \/>\nNOTUS-S est con\u00e7u pour les conduits horizontaux et verticaux et est disponible en dimensions rectangulaires jusqu&rsquo;\u00e0 600 x 600 mm.<\/p>\n<p>NOTUS-S est un r\u00e9gulateur de d\u00e9bit d&rsquo;air constant \u00e0 fonctionnement m\u00e9canique. Il ne n\u00e9cessite ni \u00e9nergie auxiliaire ni commande. Il est con\u00e7u pour r\u00e9guler le d\u00e9bit d&rsquo;air ind\u00e9pendamment de la pression d&rsquo;air du conduit, dans une plage de 50 \u00e0 1\u00a0000 Pa. Le d\u00e9bit d&rsquo;air constant est r\u00e9gl\u00e9 par une molette rotative, la plage d\u00e9pendant de la taille du produit. Les r\u00e9glages peuvent \u00eatre effectu\u00e9s manuellement ou par un actionneur \u00e9lectrique. Disponible en diff\u00e9rentes tailles, il peut \u00eatre install\u00e9 dans des conduits horizontaux et verticaux.<\/p>\n<p>Le corps rectangulaire du NOTUS-S est en t\u00f4le d&rsquo;acier galvanis\u00e9e, avec des raccords de conduit \u00e0 bride de 20 mm \u00e0 chaque extr\u00e9mit\u00e9. La lame du registre de r\u00e9gulation est en aluminium. Le m\u00e9canisme de commande, situ\u00e9 \u00e0 l&rsquo;ext\u00e9rieur du corps, est compos\u00e9 de leviers et de transmissions en plastique ABS, de ressorts en acier et d&rsquo;un amortisseur rotatif \u00e0 huile silicone, le tout recouvert d&rsquo;un bo\u00eetier en ABS.<\/p>\n<\/div>\n<\/div>\n<\/div>\n<\/div>\n<\/div>\n","protected":false},"excerpt":{"rendered":"<div>\n<p>R\u00e9gulateurs de d\u00e9bit d&rsquo;air constant NOTUS-S<br \/>\nR\u00e9gulateur de d\u00e9bit d&rsquo;air constant adapt\u00e9 aux conduits horizontaux et verticaux<\/p>\n<p>Fonctionnement m\u00e9canique<\/p>\n<p>Commande par molette<\/p>\n<p>Construction en acier<\/p>\n<p>R\u00e9glage facile du point de consigne<\/p>\n<h1 class=\"text-xl mb-0 text-base\"><span style=\"color: #333333; font-size: 16px;\">Size<\/span><\/h1>\n<\/div>\n<div class=\"flex flex-col gap-200\">\n<div class=\"flex flex-col flex-wrap gap-100 md:flex-row md:items-center gtm-purchase-option\" data-gtm-name=\"size\" data-gtm-label=\"Size\">\n<div class=\"flex flex-1 flex-wrap gap-050\">\n<div class=\"dropdown-wrapper dropdown-wrapper-small w-full gtm-purchase-option-value gtm-purchase-option-value-dropdown\"><select class=\"form-dropdown form-input form-dropdown-small\"><option value=\"200100\" data-gtm-name=\"200\u00d7100\" data-gtm-label=\"200\u00d7100\">200\u00d7100<\/option><option value=\"200200\" data-gtm-name=\"200\u00d7200\" data-gtm-label=\"200\u00d7200\">200\u00d7200<\/option><option value=\"300100\" data-gtm-name=\"300\u00d7100\" data-gtm-label=\"300\u00d7100\">300\u00d7100<\/option><option value=\"300150\" data-gtm-name=\"300\u00d7150\" data-gtm-label=\"300\u00d7150\">300\u00d7150<\/option><option value=\"300200\" data-gtm-name=\"300\u00d7200\" data-gtm-label=\"300\u00d7200\">300\u00d7200<\/option><option value=\"400200\" data-gtm-name=\"400\u00d7200\" data-gtm-label=\"400\u00d7200\">400\u00d7200<\/option><option value=\"400250\" data-gtm-name=\"400\u00d7250\" data-gtm-label=\"400\u00d7250\">400\u00d7250<\/option><option value=\"400300\" data-gtm-name=\"400\u00d7300\" data-gtm-label=\"400\u00d7300\">400\u00d7300<\/option><option value=\"400400\" data-gtm-name=\"400\u00d7400\" data-gtm-label=\"400\u00d7400\">400\u00d7400<\/option><option value=\"500200\" data-gtm-name=\"500\u00d7200\" data-gtm-label=\"500\u00d7200\">500\u00d7200<\/option><option value=\"500250\" data-gtm-name=\"500x250\" data-gtm-label=\"500x250\">500&#215;250<\/option><option value=\"500300\" data-gtm-name=\"500\u00d7300\" data-gtm-label=\"500\u00d7300\">500\u00d7300<\/option><option value=\"500400\" data-gtm-name=\"500\u00d7400\" data-gtm-label=\"500\u00d7400\">500\u00d7400<\/option><option value=\"500500\" data-gtm-name=\"500\u00d7500\" data-gtm-label=\"500\u00d7500\">500\u00d7500<\/option><option value=\"600200\" data-gtm-name=\"600\u00d7200\" data-gtm-label=\"600\u00d7200\">600\u00d7200<\/option><option value=\"600250\" data-gtm-name=\"600\u00d7250\" data-gtm-label=\"600\u00d7250\">600\u00d7250<\/option><option value=\"600300\" data-gtm-name=\"600\u00d7300\" data-gtm-label=\"600\u00d7300\">600\u00d7300<\/option><option value=\"600400\" data-gtm-name=\"600\u00d7400\" data-gtm-label=\"600\u00d7400\">600\u00d7400<\/option><option value=\"600500\" data-gtm-name=\"600\u00d7500\" data-gtm-label=\"600\u00d7500\">600\u00d7500<\/option><option value=\"600600\" data-gtm-name=\"600\u00d7600\" data-gtm-label=\"600\u00d7600\">600\u00d7600<\/option><\/select><\/div>\n<\/div>\n<\/div>\n<div class=\"flex flex-col flex-wrap gap-100 md:flex-row md:items-center gtm-purchase-option\" data-gtm-name=\"insulation\" data-gtm-label=\"Insulation\">\n<p><label class=\"flex gap-050 md:w-700 leading-none hyphens-auto print:w-full print:max-w-2\/5 text-label-small\">Insulation<\/label><\/p>\n<div class=\"flex flex-1 flex-wrap gap-050\"><button class=\"select-btn select-btn-small select-btn-selected gtm-purchase-option-value\" type=\"button\" data-gtm-name=\"Without insulation\" data-gtm-label=\"Without insulation\">Without insulation<\/button><button class=\"select-btn select-btn-small select-btn-default gtm-purchase-option-value\" type=\"button\" data-gtm-name=\"With insulation\" data-gtm-label=\"With insulation\">With insulation<\/button><\/div>\n<\/div>\n<div class=\"flex flex-col flex-wrap gap-100 md:flex-row md:items-center gtm-purchase-option\" data-gtm-name=\"controller_type\" data-gtm-label=\"Controller type\">\n<p><label class=\"flex gap-050 md:w-700 leading-none hyphens-auto print:w-full print:max-w-2\/5 text-label-small\">Controller type<\/label><\/p>\n<div class=\"flex flex-1 flex-wrap gap-050\">\n<div class=\"dropdown-wrapper dropdown-wrapper-small w-full gtm-purchase-option-value gtm-purchase-option-value-dropdown\"><select class=\"form-dropdown form-input form-dropdown-small\"><option value=\"0\" data-gtm-name=\"Manually\" data-gtm-label=\"Manually\">Manually<\/option><option value=\"1\" data-gtm-name=\"Actuator AC\/DC 24V contin. 0-10V \/ 2-Point\" data-gtm-label=\"Actuator AC\/DC 24V contin. 0-10V \/ 2-Point\">Actuator AC\/DC 24V contin. 0-10V \/ 2-Point<\/option><option value=\"2\" data-gtm-name=\"Actuator AC 230V 2-Point\" data-gtm-label=\"Actuator AC 230V 2-Point\">Actuator AC 230V 2-Point<\/option><\/select><\/div>\n<\/div>\n<\/div>\n<\/div>\n<div class=\"gtm-sku-info flex flex-col gap-y-050 text-label-tiny text-neutral-600\">\n<div class=\"flex flex-wrap items-baseline gap-x-100 gap-y-025\"><span class=\"gtm-article-name\">NOTUS-S-200&#215;100-M0<\/span><span class=\"whitespace-nowrap gtm-article-number text-base font-bold\">#94813<\/span><\/div>\n<\/div>\n","protected":false},"featured_media":37445,"template":"","meta":[],"product_brand":[],"product_cat":[1866,1872,1841],"product_tag":[],"class_list":{"0":"post-37468","1":"product","2":"type-product","3":"status-publish","4":"has-post-thumbnail","6":"product_cat-controle-du-debit-dair","7":"product_cat-controleurs-de-volume-dair-constant","8":"product_cat-produits-de-distribution-dair","10":"first","11":"instock","12":"shipping-taxable","13":"product-type-simple"},"yoast_head":"<!-- This site is optimized with the Yoast SEO plugin v27.1.1 - https:\/\/yoast.com\/product\/yoast-seo-wordpress\/ -->\n<title>R\u00e9gulateurs de d\u00e9bit d&#039;air constant NOTUS-S R\u00e9gulateur de d\u00e9bit d&#039;air constant adapt\u00e9 aux conduits horizontaux et verticaux - GeoClimate.ge<\/title>\n<meta name=\"robots\" content=\"index, follow, max-snippet:-1, max-image-preview:large, max-video-preview:-1\" \/>\n<link rel=\"canonical\" href=\"https:\/\/geoclimate.ge\/fr\/produit\/notus-s-constant-air-volume-controllers-constant-air-volume-flow-controller-suitable-for-horizontal-and-vertical-ducts\/\" \/>\n<meta property=\"og:locale\" content=\"fr_FR\" \/>\n<meta property=\"og:type\" content=\"article\" \/>\n<meta property=\"og:title\" content=\"R\u00e9gulateurs de d\u00e9bit d&#039;air constant NOTUS-S R\u00e9gulateur de d\u00e9bit d&#039;air constant adapt\u00e9 aux conduits horizontaux et verticaux - GeoClimate.ge\" \/>\n<meta property=\"og:description\" content=\"R\u00e9gulateurs de d\u00e9bit d&#039;air constant NOTUS-S R\u00e9gulateur de d\u00e9bit d&#039;air constant adapt\u00e9 aux conduits horizontaux et verticaux  Fonctionnement m\u00e9canique  Commande par molette  Construction en acier  R\u00e9glage facile du point de consigne Size      200\u00d7100 200\u00d7200 300\u00d7100 300\u00d7150 300\u00d7200 400\u00d7200 400\u00d7250 400\u00d7300 400\u00d7400 500\u00d7200 500x250 500\u00d7300 500\u00d7400 500\u00d7500 600\u00d7200 600\u00d7250 600\u00d7300 600\u00d7400 600\u00d7500 600\u00d7600      Insulation Without insulationWith insulation    Controller type   Manually Actuator AC\/DC 24V contin. 0-10V \/ 2-Point Actuator AC 230V 2-Point      NOTUS-S-200x100-M0#94813\" \/>\n<meta property=\"og:url\" content=\"https:\/\/geoclimate.ge\/fr\/produit\/notus-s-constant-air-volume-controllers-constant-air-volume-flow-controller-suitable-for-horizontal-and-vertical-ducts\/\" \/>\n<meta property=\"og:site_name\" content=\"GeoClimate.ge\" \/>\n<meta property=\"article:modified_time\" content=\"2025-09-07T19:24:30+00:00\" \/>\n<meta property=\"og:image\" content=\"https:\/\/geoclimate.ge\/wp-content\/uploads\/2025\/09\/PRODUCT-MAIN-IMAGE_NOTUS_S.jpg\" \/>\n\t<meta property=\"og:image:width\" content=\"384\" \/>\n\t<meta property=\"og:image:height\" content=\"288\" \/>\n\t<meta property=\"og:image:type\" content=\"image\/jpeg\" \/>\n<meta name=\"twitter:card\" content=\"summary_large_image\" \/>\n<meta name=\"twitter:label1\" content=\"Dur\u00e9e de lecture estim\u00e9e\" \/>\n\t<meta name=\"twitter:data1\" content=\"1 minute\" \/>\n<script type=\"application\/ld+json\" class=\"yoast-schema-graph\">{\"@context\":\"https:\/\/schema.org\",\"@graph\":[{\"@type\":\"WebPage\",\"@id\":\"https:\/\/geoclimate.ge\/fr\/produit\/notus-s-constant-air-volume-controllers-constant-air-volume-flow-controller-suitable-for-horizontal-and-vertical-ducts\/\",\"url\":\"https:\/\/geoclimate.ge\/fr\/produit\/notus-s-constant-air-volume-controllers-constant-air-volume-flow-controller-suitable-for-horizontal-and-vertical-ducts\/\",\"name\":\"R\u00e9gulateurs de d\u00e9bit d'air constant NOTUS-S R\u00e9gulateur de d\u00e9bit d'air constant adapt\u00e9 aux conduits horizontaux et verticaux - GeoClimate.ge\",\"isPartOf\":{\"@id\":\"https:\/\/geoclimate.ge\/#website\"},\"primaryImageOfPage\":{\"@id\":\"https:\/\/geoclimate.ge\/fr\/produit\/notus-s-constant-air-volume-controllers-constant-air-volume-flow-controller-suitable-for-horizontal-and-vertical-ducts\/#primaryimage\"},\"image\":{\"@id\":\"https:\/\/geoclimate.ge\/fr\/produit\/notus-s-constant-air-volume-controllers-constant-air-volume-flow-controller-suitable-for-horizontal-and-vertical-ducts\/#primaryimage\"},\"thumbnailUrl\":\"https:\/\/geoclimate.ge\/wp-content\/uploads\/2025\/09\/PRODUCT-MAIN-IMAGE_NOTUS_S.jpg\",\"datePublished\":\"2025-09-07T19:20:18+00:00\",\"dateModified\":\"2025-09-07T19:24:30+00:00\",\"breadcrumb\":{\"@id\":\"https:\/\/geoclimate.ge\/fr\/produit\/notus-s-constant-air-volume-controllers-constant-air-volume-flow-controller-suitable-for-horizontal-and-vertical-ducts\/#breadcrumb\"},\"inLanguage\":\"fr-FR\",\"potentialAction\":[{\"@type\":\"ReadAction\",\"target\":[\"https:\/\/geoclimate.ge\/fr\/produit\/notus-s-constant-air-volume-controllers-constant-air-volume-flow-controller-suitable-for-horizontal-and-vertical-ducts\/\"]}]},{\"@type\":\"ImageObject\",\"inLanguage\":\"fr-FR\",\"@id\":\"https:\/\/geoclimate.ge\/fr\/produit\/notus-s-constant-air-volume-controllers-constant-air-volume-flow-controller-suitable-for-horizontal-and-vertical-ducts\/#primaryimage\",\"url\":\"https:\/\/geoclimate.ge\/wp-content\/uploads\/2025\/09\/PRODUCT-MAIN-IMAGE_NOTUS_S.jpg\",\"contentUrl\":\"https:\/\/geoclimate.ge\/wp-content\/uploads\/2025\/09\/PRODUCT-MAIN-IMAGE_NOTUS_S.jpg\",\"width\":384,\"height\":288},{\"@type\":\"BreadcrumbList\",\"@id\":\"https:\/\/geoclimate.ge\/fr\/produit\/notus-s-constant-air-volume-controllers-constant-air-volume-flow-controller-suitable-for-horizontal-and-vertical-ducts\/#breadcrumb\",\"itemListElement\":[{\"@type\":\"ListItem\",\"position\":1,\"name\":\"Home\",\"item\":\"https:\/\/geoclimate.ge\/fr\/\"},{\"@type\":\"ListItem\",\"position\":2,\"name\":\"Products\",\"item\":\"https:\/\/geoclimate.ge\/fr\/products\/\"},{\"@type\":\"ListItem\",\"position\":3,\"name\":\"R\u00e9gulateurs de d\u00e9bit d&#8217;air constant NOTUS-S R\u00e9gulateur de d\u00e9bit d&#8217;air constant adapt\u00e9 aux conduits horizontaux et verticaux\"}]},{\"@type\":\"WebSite\",\"@id\":\"https:\/\/geoclimate.ge\/#website\",\"url\":\"https:\/\/geoclimate.ge\/\",\"name\":\"GeoClimate\",\"description\":\"\",\"publisher\":{\"@id\":\"https:\/\/geoclimate.ge\/#organization\"},\"potentialAction\":[{\"@type\":\"SearchAction\",\"target\":{\"@type\":\"EntryPoint\",\"urlTemplate\":\"https:\/\/geoclimate.ge\/?s={search_term_string}\"},\"query-input\":{\"@type\":\"PropertyValueSpecification\",\"valueRequired\":true,\"valueName\":\"search_term_string\"}}],\"inLanguage\":\"fr-FR\"},{\"@type\":\"Organization\",\"@id\":\"https:\/\/geoclimate.ge\/#organization\",\"name\":\"GeoClimate\",\"url\":\"https:\/\/geoclimate.ge\/\",\"logo\":{\"@type\":\"ImageObject\",\"inLanguage\":\"fr-FR\",\"@id\":\"https:\/\/geoclimate.ge\/#\/schema\/logo\/image\/\",\"url\":\"https:\/\/geoclimate.ge\/wp-content\/uploads\/2026\/03\/geoclimate-SEO.png\",\"contentUrl\":\"https:\/\/geoclimate.ge\/wp-content\/uploads\/2026\/03\/geoclimate-SEO.png\",\"width\":1536,\"height\":1024,\"caption\":\"GeoClimate\"},\"image\":{\"@id\":\"https:\/\/geoclimate.ge\/#\/schema\/logo\/image\/\"}}]}<\/script>\n<!-- \/ Yoast SEO plugin. -->","yoast_head_json":{"title":"R\u00e9gulateurs de d\u00e9bit d'air constant NOTUS-S R\u00e9gulateur de d\u00e9bit d'air constant adapt\u00e9 aux conduits horizontaux et verticaux - GeoClimate.ge","robots":{"index":"index","follow":"follow","max-snippet":"max-snippet:-1","max-image-preview":"max-image-preview:large","max-video-preview":"max-video-preview:-1"},"canonical":"https:\/\/geoclimate.ge\/fr\/produit\/notus-s-constant-air-volume-controllers-constant-air-volume-flow-controller-suitable-for-horizontal-and-vertical-ducts\/","og_locale":"fr_FR","og_type":"article","og_title":"R\u00e9gulateurs de d\u00e9bit d'air constant NOTUS-S R\u00e9gulateur de d\u00e9bit d'air constant adapt\u00e9 aux conduits horizontaux et verticaux - GeoClimate.ge","og_description":"R\u00e9gulateurs de d\u00e9bit d'air constant NOTUS-S R\u00e9gulateur de d\u00e9bit d'air constant adapt\u00e9 aux conduits horizontaux et verticaux  Fonctionnement m\u00e9canique  Commande par molette  Construction en acier  R\u00e9glage facile du point de consigne Size      200\u00d7100 200\u00d7200 300\u00d7100 300\u00d7150 300\u00d7200 400\u00d7200 400\u00d7250 400\u00d7300 400\u00d7400 500\u00d7200 500x250 500\u00d7300 500\u00d7400 500\u00d7500 600\u00d7200 600\u00d7250 600\u00d7300 600\u00d7400 600\u00d7500 600\u00d7600      Insulation Without insulationWith insulation    Controller type   Manually Actuator AC\/DC 24V contin. 0-10V \/ 2-Point Actuator AC 230V 2-Point      NOTUS-S-200x100-M0#94813","og_url":"https:\/\/geoclimate.ge\/fr\/produit\/notus-s-constant-air-volume-controllers-constant-air-volume-flow-controller-suitable-for-horizontal-and-vertical-ducts\/","og_site_name":"GeoClimate.ge","article_modified_time":"2025-09-07T19:24:30+00:00","og_image":[{"width":384,"height":288,"url":"https:\/\/geoclimate.ge\/wp-content\/uploads\/2025\/09\/PRODUCT-MAIN-IMAGE_NOTUS_S.jpg","type":"image\/jpeg"}],"twitter_card":"summary_large_image","twitter_misc":{"Dur\u00e9e de lecture estim\u00e9e":"1 minute"},"schema":{"@context":"https:\/\/schema.org","@graph":[{"@type":"WebPage","@id":"https:\/\/geoclimate.ge\/fr\/produit\/notus-s-constant-air-volume-controllers-constant-air-volume-flow-controller-suitable-for-horizontal-and-vertical-ducts\/","url":"https:\/\/geoclimate.ge\/fr\/produit\/notus-s-constant-air-volume-controllers-constant-air-volume-flow-controller-suitable-for-horizontal-and-vertical-ducts\/","name":"R\u00e9gulateurs de d\u00e9bit d'air constant NOTUS-S R\u00e9gulateur de d\u00e9bit d'air constant adapt\u00e9 aux conduits horizontaux et verticaux - GeoClimate.ge","isPartOf":{"@id":"https:\/\/geoclimate.ge\/#website"},"primaryImageOfPage":{"@id":"https:\/\/geoclimate.ge\/fr\/produit\/notus-s-constant-air-volume-controllers-constant-air-volume-flow-controller-suitable-for-horizontal-and-vertical-ducts\/#primaryimage"},"image":{"@id":"https:\/\/geoclimate.ge\/fr\/produit\/notus-s-constant-air-volume-controllers-constant-air-volume-flow-controller-suitable-for-horizontal-and-vertical-ducts\/#primaryimage"},"thumbnailUrl":"https:\/\/geoclimate.ge\/wp-content\/uploads\/2025\/09\/PRODUCT-MAIN-IMAGE_NOTUS_S.jpg","datePublished":"2025-09-07T19:20:18+00:00","dateModified":"2025-09-07T19:24:30+00:00","breadcrumb":{"@id":"https:\/\/geoclimate.ge\/fr\/produit\/notus-s-constant-air-volume-controllers-constant-air-volume-flow-controller-suitable-for-horizontal-and-vertical-ducts\/#breadcrumb"},"inLanguage":"fr-FR","potentialAction":[{"@type":"ReadAction","target":["https:\/\/geoclimate.ge\/fr\/produit\/notus-s-constant-air-volume-controllers-constant-air-volume-flow-controller-suitable-for-horizontal-and-vertical-ducts\/"]}]},{"@type":"ImageObject","inLanguage":"fr-FR","@id":"https:\/\/geoclimate.ge\/fr\/produit\/notus-s-constant-air-volume-controllers-constant-air-volume-flow-controller-suitable-for-horizontal-and-vertical-ducts\/#primaryimage","url":"https:\/\/geoclimate.ge\/wp-content\/uploads\/2025\/09\/PRODUCT-MAIN-IMAGE_NOTUS_S.jpg","contentUrl":"https:\/\/geoclimate.ge\/wp-content\/uploads\/2025\/09\/PRODUCT-MAIN-IMAGE_NOTUS_S.jpg","width":384,"height":288},{"@type":"BreadcrumbList","@id":"https:\/\/geoclimate.ge\/fr\/produit\/notus-s-constant-air-volume-controllers-constant-air-volume-flow-controller-suitable-for-horizontal-and-vertical-ducts\/#breadcrumb","itemListElement":[{"@type":"ListItem","position":1,"name":"Home","item":"https:\/\/geoclimate.ge\/fr\/"},{"@type":"ListItem","position":2,"name":"Products","item":"https:\/\/geoclimate.ge\/fr\/products\/"},{"@type":"ListItem","position":3,"name":"R\u00e9gulateurs de d\u00e9bit d&#8217;air constant NOTUS-S R\u00e9gulateur de d\u00e9bit d&#8217;air constant adapt\u00e9 aux conduits horizontaux et verticaux"}]},{"@type":"WebSite","@id":"https:\/\/geoclimate.ge\/#website","url":"https:\/\/geoclimate.ge\/","name":"GeoClimate","description":"","publisher":{"@id":"https:\/\/geoclimate.ge\/#organization"},"potentialAction":[{"@type":"SearchAction","target":{"@type":"EntryPoint","urlTemplate":"https:\/\/geoclimate.ge\/?s={search_term_string}"},"query-input":{"@type":"PropertyValueSpecification","valueRequired":true,"valueName":"search_term_string"}}],"inLanguage":"fr-FR"},{"@type":"Organization","@id":"https:\/\/geoclimate.ge\/#organization","name":"GeoClimate","url":"https:\/\/geoclimate.ge\/","logo":{"@type":"ImageObject","inLanguage":"fr-FR","@id":"https:\/\/geoclimate.ge\/#\/schema\/logo\/image\/","url":"https:\/\/geoclimate.ge\/wp-content\/uploads\/2026\/03\/geoclimate-SEO.png","contentUrl":"https:\/\/geoclimate.ge\/wp-content\/uploads\/2026\/03\/geoclimate-SEO.png","width":1536,"height":1024,"caption":"GeoClimate"},"image":{"@id":"https:\/\/geoclimate.ge\/#\/schema\/logo\/image\/"}}]}},"_links":{"self":[{"href":"https:\/\/geoclimate.ge\/fr\/wp-json\/wp\/v2\/product\/37468","targetHints":{"allow":["GET"]}}],"collection":[{"href":"https:\/\/geoclimate.ge\/fr\/wp-json\/wp\/v2\/product"}],"about":[{"href":"https:\/\/geoclimate.ge\/fr\/wp-json\/wp\/v2\/types\/product"}],"wp:featuredmedia":[{"embeddable":true,"href":"https:\/\/geoclimate.ge\/fr\/wp-json\/wp\/v2\/media\/37445"}],"wp:attachment":[{"href":"https:\/\/geoclimate.ge\/fr\/wp-json\/wp\/v2\/media?parent=37468"}],"wp:term":[{"taxonomy":"product_brand","embeddable":true,"href":"https:\/\/geoclimate.ge\/fr\/wp-json\/wp\/v2\/product_brand?post=37468"},{"taxonomy":"product_cat","embeddable":true,"href":"https:\/\/geoclimate.ge\/fr\/wp-json\/wp\/v2\/product_cat?post=37468"},{"taxonomy":"product_tag","embeddable":true,"href":"https:\/\/geoclimate.ge\/fr\/wp-json\/wp\/v2\/product_tag?post=37468"}],"curies":[{"name":"wp","href":"https:\/\/api.w.org\/{rel}","templated":true}]}}