{"id":37496,"date":"2025-09-07T23:29:20","date_gmt":"2025-09-07T19:29:20","guid":{"rendered":"https:\/\/airsystems.ge\/shop\/product\/notus-r-constant-air-volume-controllers-constant-volume-controller-suitable-for-a-variety-of-circular-ducts\/"},"modified":"2025-09-07T23:36:57","modified_gmt":"2025-09-07T19:36:57","slug":"notus-r-constant-air-volume-controllers-constant-volume-controller-suitable-for-a-variety-of-circular-ducts","status":"publish","type":"product","link":"https:\/\/geoclimate.ge\/fr\/produit\/notus-r-constant-air-volume-controllers-constant-volume-controller-suitable-for-a-variety-of-circular-ducts\/","title":{"rendered":"R\u00e9gulateurs de d\u00e9bit d&rsquo;air constant NOTUS-R R\u00e9gulateur de d\u00e9bit d&rsquo;air constant adapt\u00e9 \u00e0 une vari\u00e9t\u00e9 de conduits circulaires"},"content":{"rendered":"<div class=\"mb-400 gtm-product-section container-fluid\" data-gtm-name=\"Benefits\" data-gtm-label=\"Benefits (en)\" data-gtm-vis-first-on-screen53434917_103=\"53594\" data-gtm-vis-total-visible-time53434917_103=\"1500\" data-gtm-vis-has-fired53434917_103=\"1\">\n<div class=\"row\">\n<div class=\"content-element content-element-product-benefit col-12 sm:col-6 mb-400\">\n<div class=\"bg-card px-300 py-250 mobile-nav:px-200 mobile-nav:py-150 h-full flex overflow-hidden card-border\">\n<div class=\"min-w-0\">\n<p><strong>R\u00e9glage pr\u00e9cis du d\u00e9bit d&rsquo;air<\/strong><br \/>\nLe r\u00e9gulateur de d\u00e9bit d&rsquo;air constant NOTUS-R permet un r\u00e9glage simple et pr\u00e9cis du d\u00e9bit dans de nombreuses applications.<\/p>\n<p><strong>Rentable<\/strong><br \/>\nLe r\u00e9gulateur NOTUS-R offre une fiabilit\u00e9 et une pr\u00e9cision \u00e9lev\u00e9es tout en \u00e9tant \u00e9conomique pour de nombreuses applications.<\/p>\n<p><strong>Construction en acier<\/strong><br \/>\nFabriqu\u00e9 en t\u00f4le d&rsquo;acier galvanis\u00e9e, le produit est dot\u00e9 de raccords de conduits \u00e9tanches par joint en caoutchouc, ce qui le rend robuste et durable.<\/p>\n<p>Le NOTUS-R est un r\u00e9gulateur de d\u00e9bit d&rsquo;air constant con\u00e7u pour s&rsquo;adapter aux conduits circulaires de 80 \u00e0 400 mm de diam\u00e8tre. Son fonctionnement m\u00e9canique ne n\u00e9cessite aucune alimentation auxiliaire. Ce produit est con\u00e7u pour r\u00e9guler le d\u00e9bit d&rsquo;air constant ind\u00e9pendamment de la pression d&rsquo;air du conduit, dans une plage de 50 \u00e0 1\u00a0000 Pa. Le d\u00e9bit d&rsquo;air constant peut \u00eatre r\u00e9gl\u00e9 manuellement ou par un actionneur. Il assure une r\u00e9gulation pr\u00e9cise et fiable de l&rsquo;air, quelle que soit l&rsquo;application. Une petite longueur de conduit d&rsquo;\u00e9galisation droit en amont de l&rsquo;appareil est n\u00e9cessaire.<\/p>\n<p>Disponible en diff\u00e9rentes tailles, le NOTUS-R est fabriqu\u00e9 en t\u00f4le d&rsquo;acier galvanis\u00e9e avec des raccords de conduits \u00e9tanches par des joints en caoutchouc. Le registre de r\u00e9gulation est en aluminium, robuste et l\u00e9ger. Le m\u00e9canisme de commande est compos\u00e9 de leviers et de transmissions en plastique ABS, de ressorts en acier, d&rsquo;un amortisseur rotatif rempli d&rsquo;huile de silicone et d&rsquo;un bo\u00eetier en ABS.<\/p>\n<\/div>\n<\/div>\n<\/div>\n<\/div>\n<\/div>\n","protected":false},"excerpt":{"rendered":"<div>\n<p>R\u00e9gulateurs de d\u00e9bit d&rsquo;air constant NOTUS-R<br \/>\nR\u00e9gulateur de d\u00e9bit d&rsquo;air constant adapt\u00e9 \u00e0 une vari\u00e9t\u00e9 de conduits circulaires<\/p>\n<p>R\u00e9glage pr\u00e9cis du d\u00e9bit d&rsquo;air<\/p>\n<p>R\u00e9gulation stable<\/p>\n<p>Bo\u00eetier en acier<\/p>\n<p>Rentable<\/p>\n<\/div>\n<div class=\"flex flex-col gap-200\">\n<div class=\"flex flex-col flex-wrap gap-100 md:flex-row md:items-center gtm-purchase-option\" data-gtm-name=\"size\" data-gtm-label=\"Size\">\n<p><label class=\"flex gap-050 md:w-700 leading-none hyphens-auto print:w-full print:max-w-2\/5 text-label-small\">Size<\/label><\/p>\n<div class=\"flex flex-1 flex-wrap gap-050\"><button class=\"select-btn select-btn-small select-btn-selected gtm-purchase-option-value\" type=\"button\" data-gtm-name=\"80\" data-gtm-label=\"80\">80<\/button><button class=\"select-btn select-btn-small select-btn-default gtm-purchase-option-value\" type=\"button\" data-gtm-name=\"100\" data-gtm-label=\"100\">100<\/button><button class=\"select-btn select-btn-small select-btn-default gtm-purchase-option-value\" type=\"button\" data-gtm-name=\"125\" data-gtm-label=\"125\">125<\/button><button class=\"select-btn select-btn-small select-btn-default gtm-purchase-option-value\" type=\"button\" data-gtm-name=\"140\" data-gtm-label=\"140\">140<\/button><button class=\"select-btn select-btn-small select-btn-default gtm-purchase-option-value\" type=\"button\" data-gtm-name=\"160\" data-gtm-label=\"160\">160<\/button><button class=\"select-btn select-btn-small select-btn-default gtm-purchase-option-value\" type=\"button\" data-gtm-name=\"180\" data-gtm-label=\"180\">180<\/button><button class=\"select-btn select-btn-small select-btn-default gtm-purchase-option-value\" type=\"button\" data-gtm-name=\"200\" data-gtm-label=\"200\">200<\/button><button class=\"select-btn select-btn-small select-btn-default gtm-purchase-option-value\" type=\"button\" data-gtm-name=\"250\" data-gtm-label=\"250\">250<\/button><button class=\"select-btn select-btn-small select-btn-default gtm-purchase-option-value\" type=\"button\" data-gtm-name=\"315\" data-gtm-label=\"315\">315<\/button><button class=\"select-btn select-btn-small select-btn-default gtm-purchase-option-value\" type=\"button\" data-gtm-name=\"400\" data-gtm-label=\"400\">400<\/button><\/div>\n<\/div>\n<div class=\"flex flex-col flex-wrap gap-100 md:flex-row md:items-center gtm-purchase-option\" data-gtm-name=\"insulation\" data-gtm-label=\"Insulation\">\n<p><label class=\"flex gap-050 md:w-700 leading-none hyphens-auto print:w-full print:max-w-2\/5 text-label-small\">Insulation<\/label><\/p>\n<div class=\"flex flex-1 flex-wrap gap-050\"><button class=\"select-btn select-btn-small select-btn-selected gtm-purchase-option-value\" type=\"button\" data-gtm-name=\"Without insulation\" data-gtm-label=\"Without insulation\">Without insulation<\/button><button class=\"select-btn select-btn-small select-btn-default gtm-purchase-option-value\" type=\"button\" data-gtm-name=\"With insulation\" data-gtm-label=\"With insulation\">With insulation<\/button><\/div>\n<\/div>\n<div class=\"flex flex-col flex-wrap gap-100 md:flex-row md:items-center gtm-purchase-option\" data-gtm-name=\"controller_type\" data-gtm-label=\"Controller type\">\n<p><label class=\"flex gap-050 md:w-700 leading-none hyphens-auto print:w-full print:max-w-2\/5 text-label-small\">Controller type<\/label><\/p>\n<div class=\"flex flex-1 flex-wrap gap-050\">\n<div class=\"dropdown-wrapper dropdown-wrapper-small w-full gtm-purchase-option-value gtm-purchase-option-value-dropdown\"><select class=\"form-dropdown form-input form-dropdown-small\"><option value=\"0\" data-gtm-name=\"Manually\" data-gtm-label=\"Manually\">Manually<\/option><option value=\"1\" data-gtm-name=\"Actuator AC\/DC 24V contin. 0-10V \/ 2-Point\" data-gtm-label=\"Actuator AC\/DC 24V contin. 0-10V \/ 2-Point\">Actuator AC\/DC 24V contin. 0-10V \/ 2-Point<\/option><option value=\"2\" data-gtm-name=\"Actuator AC 230V 2-Point\" data-gtm-label=\"Actuator AC 230V 2-Point\">Actuator AC 230V 2-Point<\/option><\/select><\/div>\n<\/div>\n<\/div>\n<\/div>\n<div class=\"gtm-sku-info flex flex-col gap-y-050 text-label-tiny text-neutral-600\">\n<div class=\"flex flex-wrap items-baseline gap-x-100 gap-y-025\"><span class=\"gtm-article-name\">NOTUS-R-80-M0<\/span><span class=\"whitespace-nowrap gtm-article-number text-base font-bold\">#78227<\/span><\/div>\n<\/div>\n","protected":false},"featured_media":37479,"template":"","meta":[],"product_brand":[],"product_cat":[1866,1872,1841],"product_tag":[],"class_list":{"0":"post-37496","1":"product","2":"type-product","3":"status-publish","4":"has-post-thumbnail","6":"product_cat-controle-du-debit-dair","7":"product_cat-controleurs-de-volume-dair-constant","8":"product_cat-produits-de-distribution-dair","10":"first","11":"instock","12":"shipping-taxable","13":"product-type-simple"},"yoast_head":"<!-- This site is optimized with the Yoast SEO plugin v27.1.1 - https:\/\/yoast.com\/product\/yoast-seo-wordpress\/ -->\n<title>R\u00e9gulateurs de d\u00e9bit d&#039;air constant NOTUS-R R\u00e9gulateur de d\u00e9bit d&#039;air constant adapt\u00e9 \u00e0 une vari\u00e9t\u00e9 de conduits circulaires - GeoClimate.ge<\/title>\n<meta name=\"robots\" content=\"index, follow, max-snippet:-1, max-image-preview:large, max-video-preview:-1\" \/>\n<link rel=\"canonical\" href=\"https:\/\/geoclimate.ge\/fr\/produit\/notus-r-constant-air-volume-controllers-constant-volume-controller-suitable-for-a-variety-of-circular-ducts\/\" \/>\n<meta property=\"og:locale\" content=\"fr_FR\" \/>\n<meta property=\"og:type\" content=\"article\" \/>\n<meta property=\"og:title\" content=\"R\u00e9gulateurs de d\u00e9bit d&#039;air constant NOTUS-R R\u00e9gulateur de d\u00e9bit d&#039;air constant adapt\u00e9 \u00e0 une vari\u00e9t\u00e9 de conduits circulaires - GeoClimate.ge\" \/>\n<meta property=\"og:description\" content=\"R\u00e9gulateurs de d\u00e9bit d&#039;air constant NOTUS-R R\u00e9gulateur de d\u00e9bit d&#039;air constant adapt\u00e9 \u00e0 une vari\u00e9t\u00e9 de conduits circulaires  R\u00e9glage pr\u00e9cis du d\u00e9bit d&#039;air  R\u00e9gulation stable  Bo\u00eetier en acier  Rentable      Size 80100125140160180200250315400    Insulation Without insulationWith insulation    Controller type   Manually Actuator AC\/DC 24V contin. 0-10V \/ 2-Point Actuator AC 230V 2-Point      NOTUS-R-80-M0#78227\" \/>\n<meta property=\"og:url\" content=\"https:\/\/geoclimate.ge\/fr\/produit\/notus-r-constant-air-volume-controllers-constant-volume-controller-suitable-for-a-variety-of-circular-ducts\/\" \/>\n<meta property=\"og:site_name\" content=\"GeoClimate.ge\" \/>\n<meta property=\"article:modified_time\" content=\"2025-09-07T19:36:57+00:00\" \/>\n<meta property=\"og:image\" content=\"https:\/\/geoclimate.ge\/wp-content\/uploads\/2025\/09\/PRODUCT-MAIN-IMAGE_NOTUS_R.jpg\" \/>\n\t<meta property=\"og:image:width\" content=\"384\" \/>\n\t<meta property=\"og:image:height\" content=\"288\" \/>\n\t<meta property=\"og:image:type\" content=\"image\/jpeg\" \/>\n<meta name=\"twitter:card\" content=\"summary_large_image\" \/>\n<meta name=\"twitter:label1\" content=\"Dur\u00e9e de lecture estim\u00e9e\" \/>\n\t<meta name=\"twitter:data1\" content=\"1 minute\" \/>\n<script type=\"application\/ld+json\" class=\"yoast-schema-graph\">{\"@context\":\"https:\/\/schema.org\",\"@graph\":[{\"@type\":\"WebPage\",\"@id\":\"https:\/\/geoclimate.ge\/fr\/produit\/notus-r-constant-air-volume-controllers-constant-volume-controller-suitable-for-a-variety-of-circular-ducts\/\",\"url\":\"https:\/\/geoclimate.ge\/fr\/produit\/notus-r-constant-air-volume-controllers-constant-volume-controller-suitable-for-a-variety-of-circular-ducts\/\",\"name\":\"R\u00e9gulateurs de d\u00e9bit d'air constant NOTUS-R R\u00e9gulateur de d\u00e9bit d'air constant adapt\u00e9 \u00e0 une vari\u00e9t\u00e9 de conduits circulaires - GeoClimate.ge\",\"isPartOf\":{\"@id\":\"https:\/\/geoclimate.ge\/#website\"},\"primaryImageOfPage\":{\"@id\":\"https:\/\/geoclimate.ge\/fr\/produit\/notus-r-constant-air-volume-controllers-constant-volume-controller-suitable-for-a-variety-of-circular-ducts\/#primaryimage\"},\"image\":{\"@id\":\"https:\/\/geoclimate.ge\/fr\/produit\/notus-r-constant-air-volume-controllers-constant-volume-controller-suitable-for-a-variety-of-circular-ducts\/#primaryimage\"},\"thumbnailUrl\":\"https:\/\/geoclimate.ge\/wp-content\/uploads\/2025\/09\/PRODUCT-MAIN-IMAGE_NOTUS_R.jpg\",\"datePublished\":\"2025-09-07T19:29:20+00:00\",\"dateModified\":\"2025-09-07T19:36:57+00:00\",\"breadcrumb\":{\"@id\":\"https:\/\/geoclimate.ge\/fr\/produit\/notus-r-constant-air-volume-controllers-constant-volume-controller-suitable-for-a-variety-of-circular-ducts\/#breadcrumb\"},\"inLanguage\":\"fr-FR\",\"potentialAction\":[{\"@type\":\"ReadAction\",\"target\":[\"https:\/\/geoclimate.ge\/fr\/produit\/notus-r-constant-air-volume-controllers-constant-volume-controller-suitable-for-a-variety-of-circular-ducts\/\"]}]},{\"@type\":\"ImageObject\",\"inLanguage\":\"fr-FR\",\"@id\":\"https:\/\/geoclimate.ge\/fr\/produit\/notus-r-constant-air-volume-controllers-constant-volume-controller-suitable-for-a-variety-of-circular-ducts\/#primaryimage\",\"url\":\"https:\/\/geoclimate.ge\/wp-content\/uploads\/2025\/09\/PRODUCT-MAIN-IMAGE_NOTUS_R.jpg\",\"contentUrl\":\"https:\/\/geoclimate.ge\/wp-content\/uploads\/2025\/09\/PRODUCT-MAIN-IMAGE_NOTUS_R.jpg\",\"width\":384,\"height\":288},{\"@type\":\"BreadcrumbList\",\"@id\":\"https:\/\/geoclimate.ge\/fr\/produit\/notus-r-constant-air-volume-controllers-constant-volume-controller-suitable-for-a-variety-of-circular-ducts\/#breadcrumb\",\"itemListElement\":[{\"@type\":\"ListItem\",\"position\":1,\"name\":\"Home\",\"item\":\"https:\/\/geoclimate.ge\/fr\/\"},{\"@type\":\"ListItem\",\"position\":2,\"name\":\"Products\",\"item\":\"https:\/\/geoclimate.ge\/fr\/products\/\"},{\"@type\":\"ListItem\",\"position\":3,\"name\":\"R\u00e9gulateurs de d\u00e9bit d&#8217;air constant NOTUS-R R\u00e9gulateur de d\u00e9bit d&#8217;air constant adapt\u00e9 \u00e0 une vari\u00e9t\u00e9 de conduits circulaires\"}]},{\"@type\":\"WebSite\",\"@id\":\"https:\/\/geoclimate.ge\/#website\",\"url\":\"https:\/\/geoclimate.ge\/\",\"name\":\"GeoClimate\",\"description\":\"\",\"publisher\":{\"@id\":\"https:\/\/geoclimate.ge\/#organization\"},\"potentialAction\":[{\"@type\":\"SearchAction\",\"target\":{\"@type\":\"EntryPoint\",\"urlTemplate\":\"https:\/\/geoclimate.ge\/?s={search_term_string}\"},\"query-input\":{\"@type\":\"PropertyValueSpecification\",\"valueRequired\":true,\"valueName\":\"search_term_string\"}}],\"inLanguage\":\"fr-FR\"},{\"@type\":\"Organization\",\"@id\":\"https:\/\/geoclimate.ge\/#organization\",\"name\":\"GeoClimate\",\"url\":\"https:\/\/geoclimate.ge\/\",\"logo\":{\"@type\":\"ImageObject\",\"inLanguage\":\"fr-FR\",\"@id\":\"https:\/\/geoclimate.ge\/#\/schema\/logo\/image\/\",\"url\":\"https:\/\/geoclimate.ge\/wp-content\/uploads\/2026\/03\/geoclimate-SEO.png\",\"contentUrl\":\"https:\/\/geoclimate.ge\/wp-content\/uploads\/2026\/03\/geoclimate-SEO.png\",\"width\":1536,\"height\":1024,\"caption\":\"GeoClimate\"},\"image\":{\"@id\":\"https:\/\/geoclimate.ge\/#\/schema\/logo\/image\/\"}}]}<\/script>\n<!-- \/ Yoast SEO plugin. -->","yoast_head_json":{"title":"R\u00e9gulateurs de d\u00e9bit d'air constant NOTUS-R R\u00e9gulateur de d\u00e9bit d'air constant adapt\u00e9 \u00e0 une vari\u00e9t\u00e9 de conduits circulaires - GeoClimate.ge","robots":{"index":"index","follow":"follow","max-snippet":"max-snippet:-1","max-image-preview":"max-image-preview:large","max-video-preview":"max-video-preview:-1"},"canonical":"https:\/\/geoclimate.ge\/fr\/produit\/notus-r-constant-air-volume-controllers-constant-volume-controller-suitable-for-a-variety-of-circular-ducts\/","og_locale":"fr_FR","og_type":"article","og_title":"R\u00e9gulateurs de d\u00e9bit d'air constant NOTUS-R R\u00e9gulateur de d\u00e9bit d'air constant adapt\u00e9 \u00e0 une vari\u00e9t\u00e9 de conduits circulaires - GeoClimate.ge","og_description":"R\u00e9gulateurs de d\u00e9bit d'air constant NOTUS-R R\u00e9gulateur de d\u00e9bit d'air constant adapt\u00e9 \u00e0 une vari\u00e9t\u00e9 de conduits circulaires  R\u00e9glage pr\u00e9cis du d\u00e9bit d'air  R\u00e9gulation stable  Bo\u00eetier en acier  Rentable      Size 80100125140160180200250315400    Insulation Without insulationWith insulation    Controller type   Manually Actuator AC\/DC 24V contin. 0-10V \/ 2-Point Actuator AC 230V 2-Point      NOTUS-R-80-M0#78227","og_url":"https:\/\/geoclimate.ge\/fr\/produit\/notus-r-constant-air-volume-controllers-constant-volume-controller-suitable-for-a-variety-of-circular-ducts\/","og_site_name":"GeoClimate.ge","article_modified_time":"2025-09-07T19:36:57+00:00","og_image":[{"width":384,"height":288,"url":"https:\/\/geoclimate.ge\/wp-content\/uploads\/2025\/09\/PRODUCT-MAIN-IMAGE_NOTUS_R.jpg","type":"image\/jpeg"}],"twitter_card":"summary_large_image","twitter_misc":{"Dur\u00e9e de lecture estim\u00e9e":"1 minute"},"schema":{"@context":"https:\/\/schema.org","@graph":[{"@type":"WebPage","@id":"https:\/\/geoclimate.ge\/fr\/produit\/notus-r-constant-air-volume-controllers-constant-volume-controller-suitable-for-a-variety-of-circular-ducts\/","url":"https:\/\/geoclimate.ge\/fr\/produit\/notus-r-constant-air-volume-controllers-constant-volume-controller-suitable-for-a-variety-of-circular-ducts\/","name":"R\u00e9gulateurs de d\u00e9bit d'air constant NOTUS-R R\u00e9gulateur de d\u00e9bit d'air constant adapt\u00e9 \u00e0 une vari\u00e9t\u00e9 de conduits circulaires - GeoClimate.ge","isPartOf":{"@id":"https:\/\/geoclimate.ge\/#website"},"primaryImageOfPage":{"@id":"https:\/\/geoclimate.ge\/fr\/produit\/notus-r-constant-air-volume-controllers-constant-volume-controller-suitable-for-a-variety-of-circular-ducts\/#primaryimage"},"image":{"@id":"https:\/\/geoclimate.ge\/fr\/produit\/notus-r-constant-air-volume-controllers-constant-volume-controller-suitable-for-a-variety-of-circular-ducts\/#primaryimage"},"thumbnailUrl":"https:\/\/geoclimate.ge\/wp-content\/uploads\/2025\/09\/PRODUCT-MAIN-IMAGE_NOTUS_R.jpg","datePublished":"2025-09-07T19:29:20+00:00","dateModified":"2025-09-07T19:36:57+00:00","breadcrumb":{"@id":"https:\/\/geoclimate.ge\/fr\/produit\/notus-r-constant-air-volume-controllers-constant-volume-controller-suitable-for-a-variety-of-circular-ducts\/#breadcrumb"},"inLanguage":"fr-FR","potentialAction":[{"@type":"ReadAction","target":["https:\/\/geoclimate.ge\/fr\/produit\/notus-r-constant-air-volume-controllers-constant-volume-controller-suitable-for-a-variety-of-circular-ducts\/"]}]},{"@type":"ImageObject","inLanguage":"fr-FR","@id":"https:\/\/geoclimate.ge\/fr\/produit\/notus-r-constant-air-volume-controllers-constant-volume-controller-suitable-for-a-variety-of-circular-ducts\/#primaryimage","url":"https:\/\/geoclimate.ge\/wp-content\/uploads\/2025\/09\/PRODUCT-MAIN-IMAGE_NOTUS_R.jpg","contentUrl":"https:\/\/geoclimate.ge\/wp-content\/uploads\/2025\/09\/PRODUCT-MAIN-IMAGE_NOTUS_R.jpg","width":384,"height":288},{"@type":"BreadcrumbList","@id":"https:\/\/geoclimate.ge\/fr\/produit\/notus-r-constant-air-volume-controllers-constant-volume-controller-suitable-for-a-variety-of-circular-ducts\/#breadcrumb","itemListElement":[{"@type":"ListItem","position":1,"name":"Home","item":"https:\/\/geoclimate.ge\/fr\/"},{"@type":"ListItem","position":2,"name":"Products","item":"https:\/\/geoclimate.ge\/fr\/products\/"},{"@type":"ListItem","position":3,"name":"R\u00e9gulateurs de d\u00e9bit d&#8217;air constant NOTUS-R R\u00e9gulateur de d\u00e9bit d&#8217;air constant adapt\u00e9 \u00e0 une vari\u00e9t\u00e9 de conduits circulaires"}]},{"@type":"WebSite","@id":"https:\/\/geoclimate.ge\/#website","url":"https:\/\/geoclimate.ge\/","name":"GeoClimate","description":"","publisher":{"@id":"https:\/\/geoclimate.ge\/#organization"},"potentialAction":[{"@type":"SearchAction","target":{"@type":"EntryPoint","urlTemplate":"https:\/\/geoclimate.ge\/?s={search_term_string}"},"query-input":{"@type":"PropertyValueSpecification","valueRequired":true,"valueName":"search_term_string"}}],"inLanguage":"fr-FR"},{"@type":"Organization","@id":"https:\/\/geoclimate.ge\/#organization","name":"GeoClimate","url":"https:\/\/geoclimate.ge\/","logo":{"@type":"ImageObject","inLanguage":"fr-FR","@id":"https:\/\/geoclimate.ge\/#\/schema\/logo\/image\/","url":"https:\/\/geoclimate.ge\/wp-content\/uploads\/2026\/03\/geoclimate-SEO.png","contentUrl":"https:\/\/geoclimate.ge\/wp-content\/uploads\/2026\/03\/geoclimate-SEO.png","width":1536,"height":1024,"caption":"GeoClimate"},"image":{"@id":"https:\/\/geoclimate.ge\/#\/schema\/logo\/image\/"}}]}},"_links":{"self":[{"href":"https:\/\/geoclimate.ge\/fr\/wp-json\/wp\/v2\/product\/37496","targetHints":{"allow":["GET"]}}],"collection":[{"href":"https:\/\/geoclimate.ge\/fr\/wp-json\/wp\/v2\/product"}],"about":[{"href":"https:\/\/geoclimate.ge\/fr\/wp-json\/wp\/v2\/types\/product"}],"wp:featuredmedia":[{"embeddable":true,"href":"https:\/\/geoclimate.ge\/fr\/wp-json\/wp\/v2\/media\/37479"}],"wp:attachment":[{"href":"https:\/\/geoclimate.ge\/fr\/wp-json\/wp\/v2\/media?parent=37496"}],"wp:term":[{"taxonomy":"product_brand","embeddable":true,"href":"https:\/\/geoclimate.ge\/fr\/wp-json\/wp\/v2\/product_brand?post=37496"},{"taxonomy":"product_cat","embeddable":true,"href":"https:\/\/geoclimate.ge\/fr\/wp-json\/wp\/v2\/product_cat?post=37496"},{"taxonomy":"product_tag","embeddable":true,"href":"https:\/\/geoclimate.ge\/fr\/wp-json\/wp\/v2\/product_tag?post=37496"}],"curies":[{"name":"wp","href":"https:\/\/api.w.org\/{rel}","templated":true}]}}