{"id":37557,"date":"2025-09-08T00:10:30","date_gmt":"2025-09-07T20:10:30","guid":{"rendered":"https:\/\/airsystems.ge\/shop\/product\/optima-s-lpc_bm-variable-air-volume-controllers-low-pressure-controller-suitable-for-rectangular-duct-installation\/"},"modified":"2025-09-08T00:14:51","modified_gmt":"2025-09-07T20:14:51","slug":"optima-s-lpc_bm-variable-air-volume-controllers-low-pressure-controller-suitable-for-rectangular-duct-installation","status":"publish","type":"product","link":"https:\/\/geoclimate.ge\/fr\/produit\/optima-s-lpc_bm-variable-air-volume-controllers-low-pressure-controller-suitable-for-rectangular-duct-installation\/","title":{"rendered":"R\u00e9gulateurs de d\u00e9bit d&rsquo;air variable OPTIMA-S-LPC_BM R\u00e9gulateur basse pression adapt\u00e9 aux installations en gaines rectangulaires"},"content":{"rendered":"<div class=\"mb-400 gtm-product-section container-fluid\" data-gtm-name=\"Benefits\" data-gtm-label=\"Benefits (en)\" data-gtm-vis-first-on-screen53434917_103=\"37397\" data-gtm-vis-total-visible-time53434917_103=\"1500\" data-gtm-vis-has-fired53434917_103=\"1\">\n<div class=\"row\">\n<div class=\"content-element content-element-product-benefit col-12 sm:col-6 mb-400\">\n<div class=\"bg-card px-300 py-250 mobile-nav:px-200 mobile-nav:py-150 h-full flex overflow-hidden card-border\">\n<div class=\"min-w-0\">\n<p><strong>R\u00e9gulation de la pression d&rsquo;air<\/strong><br \/>\nOPTIMA-S-LPC est un r\u00e9gulateur basse pression variable qui permet un contr\u00f4le efficace de la pression d&rsquo;air dans une pi\u00e8ce.<\/p>\n<p><strong>T\u00f4le d&rsquo;acier galvanis\u00e9e<\/strong><br \/>\nLe r\u00e9gulateur basse pression est fabriqu\u00e9 en t\u00f4le d&rsquo;acier galvanis\u00e9e pour plus de robustesse et de durabilit\u00e9.<\/p>\n<p><strong>Haute pr\u00e9cision de mesure\/r\u00e9gulation<\/strong><br \/>\nLe r\u00e9gulateur basse pression variable OPTIMA-S-LPC offre une grande pr\u00e9cision de mesure\/r\u00e9gulation avec un \u00e9cart de 5 %.<\/p>\n<p>OPTIMA-S-LPC est un r\u00e9gulateur basse pression variable disponible avec ou sans isolation. Il est con\u00e7u pour \u00eatre install\u00e9 dans des gaines rectangulaires via un raccord de gaine \u00e0 bride. Il offre un large \u00e9ventail d&rsquo;applications, notamment dans les bureaux, les laboratoires, les installations industrielles, les \u00e9tablissements de sant\u00e9 et les espaces publics. Le produit se compose d&rsquo;un bo\u00eetier, d&rsquo;un raccord de gaine avec bride, de plusieurs volets avec joint en caoutchouc et d&rsquo;un dispositif modulaire de r\u00e9gulation de pression. Il offre une pr\u00e9cision de mesure et de r\u00e9gulation \u00e9lev\u00e9e avec un \u00e9cart de 5 %. Sa plage de r\u00e9gulation de pression peut atteindre \u00b175 Pa.<\/p>\n<p>L&rsquo;OPTIMA-S-LPC est \u00e9quip\u00e9 d&rsquo;un capteur statique capable de mesurer m\u00eame en atmosph\u00e8re poussi\u00e9reuse. Une version isol\u00e9e, l&rsquo;OPTIMA-S-LPC_BM, est disponible pour l&rsquo;insonorisation. L&rsquo;isolation est assur\u00e9e par un matelas de mousse \u00e0 cellules ferm\u00e9es de 19 mm d&rsquo;\u00e9paisseur prot\u00e9g\u00e9 par une t\u00f4le d&rsquo;acier galvanis\u00e9e. Le dispositif modulaire de r\u00e9gulation de pression est compos\u00e9 de tubes de mesure en polyur\u00e9thane pour le raccordement aux prises de pression, d&rsquo;un transmetteur de pression d&rsquo;air, d&rsquo;une unit\u00e9 de commande modulaire et d&rsquo;un actionneur.<\/p>\n<\/div>\n<\/div>\n<\/div>\n<\/div>\n<\/div>\n","protected":false},"excerpt":{"rendered":"<div>\n<p>R\u00e9gulateurs de d\u00e9bit d&rsquo;air variable OPTIMA-S-LPC_BM<br \/>\nR\u00e9gulateur basse pression adapt\u00e9 aux installations en gaines rectangulaires<\/p>\n<p>Installation en gaines rectangulaires<\/p>\n<p>T\u00f4le d&rsquo;acier galvanis\u00e9e<\/p>\n<p>Haute pr\u00e9cision de mesure<\/p>\n<p>Plage de r\u00e9gulation de pression jusqu&rsquo;\u00e0 \u00b175 Pa<\/p>\n<\/div>\n<div class=\"flex flex-col gap-200\">\n<div class=\"flex flex-col flex-wrap gap-100 md:flex-row md:items-center gtm-purchase-option\" data-gtm-name=\"width\" data-gtm-label=\"Width\">\n<p><label class=\"flex gap-050 md:w-700 leading-none hyphens-auto print:w-full print:max-w-2\/5 text-label-small\">Width<\/label><\/p>\n<div class=\"flex flex-1 flex-wrap gap-050\">\n<div class=\"dropdown-wrapper dropdown-wrapper-small w-full gtm-purchase-option-value gtm-purchase-option-value-dropdown\"><select class=\"form-dropdown form-input form-dropdown-small\"><option value=\"200\" data-gtm-name=\"200\" data-gtm-label=\"200\">200<\/option><option value=\"250\" data-gtm-name=\"250\" data-gtm-label=\"250\">250<\/option><option value=\"300\" data-gtm-name=\"300\" data-gtm-label=\"300\">300<\/option><option value=\"350\" data-gtm-name=\"350\" data-gtm-label=\"350\">350<\/option><option value=\"400\" data-gtm-name=\"400\" data-gtm-label=\"400\">400<\/option><option value=\"450\" data-gtm-name=\"450\" data-gtm-label=\"450\">450<\/option><option value=\"500\" data-gtm-name=\"500\" data-gtm-label=\"500\">500<\/option><option value=\"550\" data-gtm-name=\"550\" data-gtm-label=\"550\">550<\/option><option value=\"600\" data-gtm-name=\"600\" data-gtm-label=\"600\">600<\/option><option value=\"650\" data-gtm-name=\"650\" data-gtm-label=\"650\">650<\/option><option value=\"700\" data-gtm-name=\"700\" data-gtm-label=\"700\">700<\/option><option value=\"750\" data-gtm-name=\"750\" data-gtm-label=\"750\">750<\/option><option value=\"800\" data-gtm-name=\"800\" data-gtm-label=\"800\">800<\/option><option value=\"850\" data-gtm-name=\"850\" data-gtm-label=\"850\">850<\/option><option value=\"900\" data-gtm-name=\"900\" data-gtm-label=\"900\">900<\/option><option value=\"950\" data-gtm-name=\"950\" data-gtm-label=\"950\">950<\/option><option value=\"1000\" data-gtm-name=\"1000\" data-gtm-label=\"1000\">1000<\/option><option value=\"1050\" data-gtm-name=\"1050\" data-gtm-label=\"1050\">1050<\/option><option value=\"1100\" data-gtm-name=\"1100\" data-gtm-label=\"1100\">1100<\/option><option value=\"1150\" data-gtm-name=\"1150\" data-gtm-label=\"1150\">1150<\/option><option value=\"1200\" data-gtm-name=\"1200\" data-gtm-label=\"1200\">1200<\/option><\/select><\/div>\n<\/div>\n<\/div>\n<div class=\"flex flex-col flex-wrap gap-100 md:flex-row md:items-center gtm-purchase-option\" data-gtm-name=\"height\" data-gtm-label=\"Height\">\n<p><label class=\"flex gap-050 md:w-700 leading-none hyphens-auto print:w-full print:max-w-2\/5 text-label-small\">Height<\/label><\/p>\n<div class=\"flex flex-1 flex-wrap gap-050\"><button class=\"select-btn select-btn-small select-btn-selected gtm-purchase-option-value\" type=\"button\" data-gtm-name=\"100\" data-gtm-label=\"100\">100<\/button><button class=\"select-btn select-btn-small select-btn-default gtm-purchase-option-value\" type=\"button\" data-gtm-name=\"150\" data-gtm-label=\"150\">150<\/button><button class=\"select-btn select-btn-small select-btn-default gtm-purchase-option-value\" type=\"button\" data-gtm-name=\"200\" data-gtm-label=\"200\">200<\/button><button class=\"select-btn select-btn-small select-btn-default select-btn-disabled gtm-purchase-option-value\" type=\"button\" data-gtm-name=\"250\" data-gtm-label=\"250\">250<\/button><button class=\"select-btn select-btn-small select-btn-default select-btn-disabled gtm-purchase-option-value\" type=\"button\" data-gtm-name=\"300\" data-gtm-label=\"300\">300<\/button><button class=\"select-btn select-btn-small select-btn-default select-btn-disabled gtm-purchase-option-value\" type=\"button\" data-gtm-name=\"350\" data-gtm-label=\"350\">350<\/button><button class=\"select-btn select-btn-small select-btn-default select-btn-disabled gtm-purchase-option-value\" type=\"button\" data-gtm-name=\"400\" data-gtm-label=\"400\">400<\/button><button class=\"select-btn select-btn-small select-btn-default select-btn-disabled gtm-purchase-option-value\" type=\"button\" data-gtm-name=\"450\" data-gtm-label=\"450\">450<\/button><button class=\"select-btn select-btn-small select-btn-default select-btn-disabled gtm-purchase-option-value\" type=\"button\" data-gtm-name=\"500\" data-gtm-label=\"500\">500<\/button><button class=\"select-btn select-btn-small select-btn-default select-btn-disabled gtm-purchase-option-value\" type=\"button\" data-gtm-name=\"550\" data-gtm-label=\"550\">550<\/button><button class=\"select-btn select-btn-small select-btn-default select-btn-disabled gtm-purchase-option-value\" type=\"button\" data-gtm-name=\"600\" data-gtm-label=\"600\">600<\/button><button class=\"select-btn select-btn-small select-btn-default select-btn-disabled gtm-purchase-option-value\" type=\"button\" data-gtm-name=\"650\" data-gtm-label=\"650\">650<\/button><button class=\"select-btn select-btn-small select-btn-default select-btn-disabled gtm-purchase-option-value\" type=\"button\" data-gtm-name=\"700\" data-gtm-label=\"700\">700<\/button><button class=\"select-btn select-btn-small select-btn-default select-btn-disabled gtm-purchase-option-value\" type=\"button\" data-gtm-name=\"750\" data-gtm-label=\"750\">750<\/button><button class=\"select-btn select-btn-small select-btn-default select-btn-disabled gtm-purchase-option-value\" type=\"button\" data-gtm-name=\"800\" data-gtm-label=\"800\">800<\/button><button class=\"select-btn select-btn-small select-btn-default select-btn-disabled gtm-purchase-option-value\" type=\"button\" data-gtm-name=\"850\" data-gtm-label=\"850\">850<\/button><button class=\"select-btn select-btn-small select-btn-default select-btn-disabled gtm-purchase-option-value\" type=\"button\" data-gtm-name=\"900\" data-gtm-label=\"900\">900<\/button><button class=\"select-btn select-btn-small select-btn-default select-btn-disabled gtm-purchase-option-value\" type=\"button\" data-gtm-name=\"950\" data-gtm-label=\"950\">950<\/button><button class=\"select-btn select-btn-small select-btn-default select-btn-disabled gtm-purchase-option-value\" type=\"button\" data-gtm-name=\"1000\" data-gtm-label=\"1000\">1000<\/button><\/div>\n<\/div>\n<div class=\"flex flex-col flex-wrap gap-100 md:flex-row md:items-center gtm-purchase-option\" data-gtm-name=\"insulation\" data-gtm-label=\"Insulation\">\n<p><label class=\"flex gap-050 md:w-700 leading-none hyphens-auto print:w-full print:max-w-2\/5 text-label-small\">Insulation<\/label><\/p>\n<div class=\"flex flex-1 flex-wrap gap-050\"><button class=\"select-btn select-btn-small select-btn-selected gtm-purchase-option-value\" type=\"button\" data-gtm-name=\"Without insulation\" data-gtm-label=\"Without insulation\">Without insulation<\/button><button class=\"select-btn select-btn-small select-btn-default gtm-purchase-option-value\" type=\"button\" data-gtm-name=\"With insulation\" data-gtm-label=\"With insulation\">With insulation<\/button><\/div>\n<\/div>\n<div class=\"flex flex-col flex-wrap gap-100 md:flex-row md:items-center gtm-purchase-option\" data-gtm-name=\"communication_type\" data-gtm-label=\"Equipment, Communication type\">\n<p><label class=\"flex gap-050 md:w-700 leading-none hyphens-auto print:w-full print:max-w-2\/5 text-label-small\">Equipment, Communication type<\/label><\/p>\n<div class=\"flex flex-1 flex-wrap gap-050\">\n<div class=\"dropdown-wrapper dropdown-wrapper-small w-full gtm-purchase-option-value gtm-purchase-option-value-dropdown\"><select class=\"form-dropdown form-input form-dropdown-small\"><option value=\"0\" data-gtm-name=\"S: Standard actuator with transition time 120 s\" data-gtm-label=\"S: Standard actuator with transition time 120 s\">S: Standard actuator with transition time 120 s<\/option><option value=\"1\" data-gtm-name=\"Q: Actuator with short transition time 2,5 s \/ 4 s\" data-gtm-label=\"Q: Actuator with short transition time 2,5 s \/ 4 s\">Q: Actuator with short transition time 2,5 s \/ 4 s<\/option><option value=\"2\" data-gtm-name=\"QE: Actuator with short transition time 2,5 s and electric safety function (only for size DN 400 or smaller)\" data-gtm-label=\"QE: Actuator with short transition time 2,5 s and electric safety function (only for size DN 400 or smaller)\">QE: Actuator with short transition time 2,5 s and electric safety function (only for size DN 400 or smaller)<\/option><option value=\"3\" data-gtm-name=\"F: Actuator with mechanical safety function \u2013 spring return\" data-gtm-label=\"F: Actuator with mechanical safety function \u2013 spring return\">F: Actuator with mechanical safety function \u2013 spring return<\/option><\/select><\/div>\n<\/div>\n<\/div>\n<\/div>\n<div class=\"gtm-sku-info flex flex-col gap-y-050 text-label-tiny text-neutral-600\">\n<div class=\"flex flex-wrap items-baseline gap-x-100 gap-y-025\"><span class=\"gtm-article-name\">OPTIMA-S-LPC-200&#215;100-BM-S<\/span><span class=\"whitespace-nowrap gtm-article-number text-base font-bold\">#378090<\/span><\/div>\n<\/div>\n","protected":false},"featured_media":37539,"template":"","meta":[],"product_brand":[],"product_cat":[1866,1878,1841],"product_tag":[],"class_list":{"0":"post-37557","1":"product","2":"type-product","3":"status-publish","4":"has-post-thumbnail","6":"product_cat-controle-du-debit-dair","7":"product_cat-controleurs-de-volume-dair-variable","8":"product_cat-produits-de-distribution-dair","10":"first","11":"instock","12":"shipping-taxable","13":"product-type-simple"},"yoast_head":"<!-- This site is optimized with the Yoast SEO plugin v27.1.1 - https:\/\/yoast.com\/product\/yoast-seo-wordpress\/ -->\n<title>R\u00e9gulateurs de d\u00e9bit d&#039;air variable OPTIMA-S-LPC_BM R\u00e9gulateur basse pression adapt\u00e9 aux installations en gaines rectangulaires - GeoClimate.ge<\/title>\n<meta name=\"robots\" content=\"index, follow, max-snippet:-1, max-image-preview:large, max-video-preview:-1\" \/>\n<link rel=\"canonical\" href=\"https:\/\/geoclimate.ge\/fr\/produit\/optima-s-lpc_bm-variable-air-volume-controllers-low-pressure-controller-suitable-for-rectangular-duct-installation\/\" \/>\n<meta property=\"og:locale\" content=\"fr_FR\" \/>\n<meta property=\"og:type\" content=\"article\" \/>\n<meta property=\"og:title\" content=\"R\u00e9gulateurs de d\u00e9bit d&#039;air variable OPTIMA-S-LPC_BM R\u00e9gulateur basse pression adapt\u00e9 aux installations en gaines rectangulaires - GeoClimate.ge\" \/>\n<meta property=\"og:description\" content=\"R\u00e9gulateurs de d\u00e9bit d&#039;air variable OPTIMA-S-LPC_BM R\u00e9gulateur basse pression adapt\u00e9 aux installations en gaines rectangulaires  Installation en gaines rectangulaires  T\u00f4le d&#039;acier galvanis\u00e9e  Haute pr\u00e9cision de mesure  Plage de r\u00e9gulation de pression jusqu&#039;\u00e0 \u00b175 Pa      Width   200 250 300 350 400 450 500 550 600 650 700 750 800 850 900 950 1000 1050 1100 1150 1200      Height 1001502002503003504004505005506006507007508008509009501000    Insulation Without insulationWith insulation    Equipment, Communication type   S: Standard actuator with transition time 120 s Q: Actuator with short transition time 2,5 s \/ 4 s QE: Actuator with short transition time 2,5 s and electric safety function (only for size DN 400 or smaller) F: Actuator with mechanical safety function \u2013 spring return      OPTIMA-S-LPC-200x100-BM-S#378090\" \/>\n<meta property=\"og:url\" content=\"https:\/\/geoclimate.ge\/fr\/produit\/optima-s-lpc_bm-variable-air-volume-controllers-low-pressure-controller-suitable-for-rectangular-duct-installation\/\" \/>\n<meta property=\"og:site_name\" content=\"GeoClimate.ge\" \/>\n<meta property=\"article:modified_time\" content=\"2025-09-07T20:14:51+00:00\" \/>\n<meta property=\"og:image\" content=\"https:\/\/geoclimate.ge\/wp-content\/uploads\/2025\/09\/COLLAGE_OPTIMA-S-PC-BM_HQ.jpg\" \/>\n\t<meta property=\"og:image:width\" content=\"384\" \/>\n\t<meta property=\"og:image:height\" content=\"288\" \/>\n\t<meta property=\"og:image:type\" content=\"image\/jpeg\" \/>\n<meta name=\"twitter:card\" content=\"summary_large_image\" \/>\n<meta name=\"twitter:label1\" content=\"Dur\u00e9e de lecture estim\u00e9e\" \/>\n\t<meta name=\"twitter:data1\" content=\"1 minute\" \/>\n<script type=\"application\/ld+json\" class=\"yoast-schema-graph\">{\"@context\":\"https:\/\/schema.org\",\"@graph\":[{\"@type\":\"WebPage\",\"@id\":\"https:\/\/geoclimate.ge\/fr\/produit\/optima-s-lpc_bm-variable-air-volume-controllers-low-pressure-controller-suitable-for-rectangular-duct-installation\/\",\"url\":\"https:\/\/geoclimate.ge\/fr\/produit\/optima-s-lpc_bm-variable-air-volume-controllers-low-pressure-controller-suitable-for-rectangular-duct-installation\/\",\"name\":\"R\u00e9gulateurs de d\u00e9bit d'air variable OPTIMA-S-LPC_BM R\u00e9gulateur basse pression adapt\u00e9 aux installations en gaines rectangulaires - GeoClimate.ge\",\"isPartOf\":{\"@id\":\"https:\/\/geoclimate.ge\/#website\"},\"primaryImageOfPage\":{\"@id\":\"https:\/\/geoclimate.ge\/fr\/produit\/optima-s-lpc_bm-variable-air-volume-controllers-low-pressure-controller-suitable-for-rectangular-duct-installation\/#primaryimage\"},\"image\":{\"@id\":\"https:\/\/geoclimate.ge\/fr\/produit\/optima-s-lpc_bm-variable-air-volume-controllers-low-pressure-controller-suitable-for-rectangular-duct-installation\/#primaryimage\"},\"thumbnailUrl\":\"https:\/\/geoclimate.ge\/wp-content\/uploads\/2025\/09\/COLLAGE_OPTIMA-S-PC-BM_HQ.jpg\",\"datePublished\":\"2025-09-07T20:10:30+00:00\",\"dateModified\":\"2025-09-07T20:14:51+00:00\",\"breadcrumb\":{\"@id\":\"https:\/\/geoclimate.ge\/fr\/produit\/optima-s-lpc_bm-variable-air-volume-controllers-low-pressure-controller-suitable-for-rectangular-duct-installation\/#breadcrumb\"},\"inLanguage\":\"fr-FR\",\"potentialAction\":[{\"@type\":\"ReadAction\",\"target\":[\"https:\/\/geoclimate.ge\/fr\/produit\/optima-s-lpc_bm-variable-air-volume-controllers-low-pressure-controller-suitable-for-rectangular-duct-installation\/\"]}]},{\"@type\":\"ImageObject\",\"inLanguage\":\"fr-FR\",\"@id\":\"https:\/\/geoclimate.ge\/fr\/produit\/optima-s-lpc_bm-variable-air-volume-controllers-low-pressure-controller-suitable-for-rectangular-duct-installation\/#primaryimage\",\"url\":\"https:\/\/geoclimate.ge\/wp-content\/uploads\/2025\/09\/COLLAGE_OPTIMA-S-PC-BM_HQ.jpg\",\"contentUrl\":\"https:\/\/geoclimate.ge\/wp-content\/uploads\/2025\/09\/COLLAGE_OPTIMA-S-PC-BM_HQ.jpg\",\"width\":384,\"height\":288},{\"@type\":\"BreadcrumbList\",\"@id\":\"https:\/\/geoclimate.ge\/fr\/produit\/optima-s-lpc_bm-variable-air-volume-controllers-low-pressure-controller-suitable-for-rectangular-duct-installation\/#breadcrumb\",\"itemListElement\":[{\"@type\":\"ListItem\",\"position\":1,\"name\":\"Home\",\"item\":\"https:\/\/geoclimate.ge\/fr\/\"},{\"@type\":\"ListItem\",\"position\":2,\"name\":\"Products\",\"item\":\"https:\/\/geoclimate.ge\/fr\/products\/\"},{\"@type\":\"ListItem\",\"position\":3,\"name\":\"R\u00e9gulateurs de d\u00e9bit d&#8217;air variable OPTIMA-S-LPC_BM R\u00e9gulateur basse pression adapt\u00e9 aux installations en gaines rectangulaires\"}]},{\"@type\":\"WebSite\",\"@id\":\"https:\/\/geoclimate.ge\/#website\",\"url\":\"https:\/\/geoclimate.ge\/\",\"name\":\"GeoClimate\",\"description\":\"\",\"publisher\":{\"@id\":\"https:\/\/geoclimate.ge\/#organization\"},\"potentialAction\":[{\"@type\":\"SearchAction\",\"target\":{\"@type\":\"EntryPoint\",\"urlTemplate\":\"https:\/\/geoclimate.ge\/?s={search_term_string}\"},\"query-input\":{\"@type\":\"PropertyValueSpecification\",\"valueRequired\":true,\"valueName\":\"search_term_string\"}}],\"inLanguage\":\"fr-FR\"},{\"@type\":\"Organization\",\"@id\":\"https:\/\/geoclimate.ge\/#organization\",\"name\":\"GeoClimate\",\"url\":\"https:\/\/geoclimate.ge\/\",\"logo\":{\"@type\":\"ImageObject\",\"inLanguage\":\"fr-FR\",\"@id\":\"https:\/\/geoclimate.ge\/#\/schema\/logo\/image\/\",\"url\":\"https:\/\/geoclimate.ge\/wp-content\/uploads\/2026\/03\/geoclimate-SEO.png\",\"contentUrl\":\"https:\/\/geoclimate.ge\/wp-content\/uploads\/2026\/03\/geoclimate-SEO.png\",\"width\":1536,\"height\":1024,\"caption\":\"GeoClimate\"},\"image\":{\"@id\":\"https:\/\/geoclimate.ge\/#\/schema\/logo\/image\/\"}}]}<\/script>\n<!-- \/ Yoast SEO plugin. -->","yoast_head_json":{"title":"R\u00e9gulateurs de d\u00e9bit d'air variable OPTIMA-S-LPC_BM R\u00e9gulateur basse pression adapt\u00e9 aux installations en gaines rectangulaires - GeoClimate.ge","robots":{"index":"index","follow":"follow","max-snippet":"max-snippet:-1","max-image-preview":"max-image-preview:large","max-video-preview":"max-video-preview:-1"},"canonical":"https:\/\/geoclimate.ge\/fr\/produit\/optima-s-lpc_bm-variable-air-volume-controllers-low-pressure-controller-suitable-for-rectangular-duct-installation\/","og_locale":"fr_FR","og_type":"article","og_title":"R\u00e9gulateurs de d\u00e9bit d'air variable OPTIMA-S-LPC_BM R\u00e9gulateur basse pression adapt\u00e9 aux installations en gaines rectangulaires - GeoClimate.ge","og_description":"R\u00e9gulateurs de d\u00e9bit d'air variable OPTIMA-S-LPC_BM R\u00e9gulateur basse pression adapt\u00e9 aux installations en gaines rectangulaires  Installation en gaines rectangulaires  T\u00f4le d'acier galvanis\u00e9e  Haute pr\u00e9cision de mesure  Plage de r\u00e9gulation de pression jusqu'\u00e0 \u00b175 Pa      Width   200 250 300 350 400 450 500 550 600 650 700 750 800 850 900 950 1000 1050 1100 1150 1200      Height 1001502002503003504004505005506006507007508008509009501000    Insulation Without insulationWith insulation    Equipment, Communication type   S: Standard actuator with transition time 120 s Q: Actuator with short transition time 2,5 s \/ 4 s QE: Actuator with short transition time 2,5 s and electric safety function (only for size DN 400 or smaller) F: Actuator with mechanical safety function \u2013 spring return      OPTIMA-S-LPC-200x100-BM-S#378090","og_url":"https:\/\/geoclimate.ge\/fr\/produit\/optima-s-lpc_bm-variable-air-volume-controllers-low-pressure-controller-suitable-for-rectangular-duct-installation\/","og_site_name":"GeoClimate.ge","article_modified_time":"2025-09-07T20:14:51+00:00","og_image":[{"width":384,"height":288,"url":"https:\/\/geoclimate.ge\/wp-content\/uploads\/2025\/09\/COLLAGE_OPTIMA-S-PC-BM_HQ.jpg","type":"image\/jpeg"}],"twitter_card":"summary_large_image","twitter_misc":{"Dur\u00e9e de lecture estim\u00e9e":"1 minute"},"schema":{"@context":"https:\/\/schema.org","@graph":[{"@type":"WebPage","@id":"https:\/\/geoclimate.ge\/fr\/produit\/optima-s-lpc_bm-variable-air-volume-controllers-low-pressure-controller-suitable-for-rectangular-duct-installation\/","url":"https:\/\/geoclimate.ge\/fr\/produit\/optima-s-lpc_bm-variable-air-volume-controllers-low-pressure-controller-suitable-for-rectangular-duct-installation\/","name":"R\u00e9gulateurs de d\u00e9bit d'air variable OPTIMA-S-LPC_BM R\u00e9gulateur basse pression adapt\u00e9 aux installations en gaines rectangulaires - GeoClimate.ge","isPartOf":{"@id":"https:\/\/geoclimate.ge\/#website"},"primaryImageOfPage":{"@id":"https:\/\/geoclimate.ge\/fr\/produit\/optima-s-lpc_bm-variable-air-volume-controllers-low-pressure-controller-suitable-for-rectangular-duct-installation\/#primaryimage"},"image":{"@id":"https:\/\/geoclimate.ge\/fr\/produit\/optima-s-lpc_bm-variable-air-volume-controllers-low-pressure-controller-suitable-for-rectangular-duct-installation\/#primaryimage"},"thumbnailUrl":"https:\/\/geoclimate.ge\/wp-content\/uploads\/2025\/09\/COLLAGE_OPTIMA-S-PC-BM_HQ.jpg","datePublished":"2025-09-07T20:10:30+00:00","dateModified":"2025-09-07T20:14:51+00:00","breadcrumb":{"@id":"https:\/\/geoclimate.ge\/fr\/produit\/optima-s-lpc_bm-variable-air-volume-controllers-low-pressure-controller-suitable-for-rectangular-duct-installation\/#breadcrumb"},"inLanguage":"fr-FR","potentialAction":[{"@type":"ReadAction","target":["https:\/\/geoclimate.ge\/fr\/produit\/optima-s-lpc_bm-variable-air-volume-controllers-low-pressure-controller-suitable-for-rectangular-duct-installation\/"]}]},{"@type":"ImageObject","inLanguage":"fr-FR","@id":"https:\/\/geoclimate.ge\/fr\/produit\/optima-s-lpc_bm-variable-air-volume-controllers-low-pressure-controller-suitable-for-rectangular-duct-installation\/#primaryimage","url":"https:\/\/geoclimate.ge\/wp-content\/uploads\/2025\/09\/COLLAGE_OPTIMA-S-PC-BM_HQ.jpg","contentUrl":"https:\/\/geoclimate.ge\/wp-content\/uploads\/2025\/09\/COLLAGE_OPTIMA-S-PC-BM_HQ.jpg","width":384,"height":288},{"@type":"BreadcrumbList","@id":"https:\/\/geoclimate.ge\/fr\/produit\/optima-s-lpc_bm-variable-air-volume-controllers-low-pressure-controller-suitable-for-rectangular-duct-installation\/#breadcrumb","itemListElement":[{"@type":"ListItem","position":1,"name":"Home","item":"https:\/\/geoclimate.ge\/fr\/"},{"@type":"ListItem","position":2,"name":"Products","item":"https:\/\/geoclimate.ge\/fr\/products\/"},{"@type":"ListItem","position":3,"name":"R\u00e9gulateurs de d\u00e9bit d&#8217;air variable OPTIMA-S-LPC_BM R\u00e9gulateur basse pression adapt\u00e9 aux installations en gaines rectangulaires"}]},{"@type":"WebSite","@id":"https:\/\/geoclimate.ge\/#website","url":"https:\/\/geoclimate.ge\/","name":"GeoClimate","description":"","publisher":{"@id":"https:\/\/geoclimate.ge\/#organization"},"potentialAction":[{"@type":"SearchAction","target":{"@type":"EntryPoint","urlTemplate":"https:\/\/geoclimate.ge\/?s={search_term_string}"},"query-input":{"@type":"PropertyValueSpecification","valueRequired":true,"valueName":"search_term_string"}}],"inLanguage":"fr-FR"},{"@type":"Organization","@id":"https:\/\/geoclimate.ge\/#organization","name":"GeoClimate","url":"https:\/\/geoclimate.ge\/","logo":{"@type":"ImageObject","inLanguage":"fr-FR","@id":"https:\/\/geoclimate.ge\/#\/schema\/logo\/image\/","url":"https:\/\/geoclimate.ge\/wp-content\/uploads\/2026\/03\/geoclimate-SEO.png","contentUrl":"https:\/\/geoclimate.ge\/wp-content\/uploads\/2026\/03\/geoclimate-SEO.png","width":1536,"height":1024,"caption":"GeoClimate"},"image":{"@id":"https:\/\/geoclimate.ge\/#\/schema\/logo\/image\/"}}]}},"_links":{"self":[{"href":"https:\/\/geoclimate.ge\/fr\/wp-json\/wp\/v2\/product\/37557","targetHints":{"allow":["GET"]}}],"collection":[{"href":"https:\/\/geoclimate.ge\/fr\/wp-json\/wp\/v2\/product"}],"about":[{"href":"https:\/\/geoclimate.ge\/fr\/wp-json\/wp\/v2\/types\/product"}],"wp:featuredmedia":[{"embeddable":true,"href":"https:\/\/geoclimate.ge\/fr\/wp-json\/wp\/v2\/media\/37539"}],"wp:attachment":[{"href":"https:\/\/geoclimate.ge\/fr\/wp-json\/wp\/v2\/media?parent=37557"}],"wp:term":[{"taxonomy":"product_brand","embeddable":true,"href":"https:\/\/geoclimate.ge\/fr\/wp-json\/wp\/v2\/product_brand?post=37557"},{"taxonomy":"product_cat","embeddable":true,"href":"https:\/\/geoclimate.ge\/fr\/wp-json\/wp\/v2\/product_cat?post=37557"},{"taxonomy":"product_tag","embeddable":true,"href":"https:\/\/geoclimate.ge\/fr\/wp-json\/wp\/v2\/product_tag?post=37557"}],"curies":[{"name":"wp","href":"https:\/\/api.w.org\/{rel}","templated":true}]}}