{"id":37584,"date":"2025-09-08T00:19:16","date_gmt":"2025-09-07T20:19:16","guid":{"rendered":"https:\/\/airsystems.ge\/shop\/product\/optima-s-fm-variable-air-volume-controllers-airflow-measurement-device-suitable-for-rectangular-shaped-ducts\/"},"modified":"2025-09-08T00:22:10","modified_gmt":"2025-09-07T20:22:10","slug":"optima-s-fm-variable-air-volume-controllers-airflow-measurement-device-suitable-for-rectangular-shaped-ducts","status":"publish","type":"product","link":"https:\/\/geoclimate.ge\/fr\/produit\/optima-s-fm-variable-air-volume-controllers-airflow-measurement-device-suitable-for-rectangular-shaped-ducts\/","title":{"rendered":"R\u00e9gulateurs de d\u00e9bit d&rsquo;air variable OPTIMA-S-FM Appareil de mesure du d\u00e9bit d&rsquo;air adapt\u00e9 aux conduits rectangulaires"},"content":{"rendered":"<div class=\"mb-400 gtm-product-section container-fluid\" data-gtm-name=\"Benefits\" data-gtm-label=\"Benefits (en)\" data-gtm-vis-recent-on-screen53434917_103=\"30654\" data-gtm-vis-first-on-screen53434917_103=\"30654\" data-gtm-vis-total-visible-time53434917_103=\"1500\" data-gtm-vis-has-fired53434917_103=\"1\">\n<div class=\"row\">\n<div class=\"content-element content-element-product-benefit col-12 sm:col-6 mb-400\">\n<div class=\"bg-card px-300 py-250 mobile-nav:px-200 mobile-nav:py-150 h-full flex overflow-hidden card-border\">\n<div class=\"min-w-0\">\n<p><strong>Mesure continue<\/strong><br \/>\nL&rsquo;OPTIMA S-FM est un appareil de mesure du d\u00e9bit d&rsquo;air con\u00e7u pour mesurer en continu et avec pr\u00e9cision le d\u00e9bit volumique dans les conduits de ventilation.<\/p>\n<p><strong>Format compact<\/strong><br \/>\nGr\u00e2ce \u00e0 sa taille compacte, l&rsquo;OPTIMA S-FM s&rsquo;adapte \u00e0 une grande vari\u00e9t\u00e9 d&rsquo;applications.<\/p>\n<p><strong>Aucun entretien<\/strong><br \/>\nL&rsquo;OPTIMA S-FM ne n\u00e9cessite aucun entretien r\u00e9gulier, ce qui en fait une solution pratique.<\/p>\n<p>L&rsquo;OPTIMA S-FM est un appareil de mesure du d\u00e9bit d&rsquo;air compact con\u00e7u pour fournir une mesure continue du d\u00e9bit volumique dans les conduits de ventilation rectangulaires. Le d\u00e9bit d&rsquo;air mesur\u00e9 est interpr\u00e9t\u00e9 puis transmis par signal analogique ou par bus Modbus ou BACnet. Il fournit des mesures tr\u00e8s pr\u00e9cises pour garantir le fonctionnement optimal de votre syst\u00e8me de ventilation.<\/p>\n<p>L&rsquo;OPTIMA S-FM est dot\u00e9 d&rsquo;un bo\u00eetier rectangulaire en acier galvanis\u00e9, muni de brides pour le raccordement au conduit rectangulaire. \u00c0 l&rsquo;int\u00e9rieur, l&rsquo;appareil est \u00e9quip\u00e9 d&rsquo;une sonde de mesure du d\u00e9bit d&rsquo;air de type \u0394P dynamique. Une fois correctement install\u00e9, il ne n\u00e9cessite aucun entretien, ce qui en fait une solution adaptable \u00e0 de nombreux environnements. D&rsquo;autres tailles sont disponibles dans cette gamme.<\/p>\n<\/div>\n<\/div>\n<\/div>\n<\/div>\n<\/div>\n","protected":false},"excerpt":{"rendered":"<div>\n<p>R\u00e9gulateurs de d\u00e9bit d&rsquo;air variable OPTIMA-S-FM<br \/>\nAppareil de mesure du d\u00e9bit d&rsquo;air adapt\u00e9 aux conduits rectangulaires<\/p>\n<p>Mesures de pr\u00e9cision<\/p>\n<p>Dimensions compactes<\/p>\n<p>Aucun entretien<\/p>\n<p>Acier galvanis\u00e9<\/p>\n<\/div>\n<div class=\"flex flex-col gap-200\">\n<div class=\"flex flex-col flex-wrap gap-100 md:flex-row md:items-center gtm-purchase-option\" data-gtm-name=\"width\" data-gtm-label=\"Width\">\n<p><label class=\"flex gap-050 md:w-700 leading-none hyphens-auto print:w-full print:max-w-2\/5 text-label-small\">Width<\/label><\/p>\n<div class=\"flex flex-1 flex-wrap gap-050\">\n<div class=\"dropdown-wrapper dropdown-wrapper-small w-full gtm-purchase-option-value gtm-purchase-option-value-dropdown\"><select class=\"form-dropdown form-input form-dropdown-small\"><option value=\"200\" data-gtm-name=\"200\" data-gtm-label=\"200\">200<\/option><option value=\"250\" data-gtm-name=\"250\" data-gtm-label=\"250\">250<\/option><option value=\"300\" data-gtm-name=\"300\" data-gtm-label=\"300\">300<\/option><option value=\"350\" data-gtm-name=\"350\" data-gtm-label=\"350\">350<\/option><option value=\"400\" data-gtm-name=\"400\" data-gtm-label=\"400\">400<\/option><option value=\"450\" data-gtm-name=\"450\" data-gtm-label=\"450\">450<\/option><option value=\"500\" data-gtm-name=\"500\" data-gtm-label=\"500\">500<\/option><option value=\"550\" data-gtm-name=\"550\" data-gtm-label=\"550\">550<\/option><option value=\"600\" data-gtm-name=\"600\" data-gtm-label=\"600\">600<\/option><option value=\"650\" data-gtm-name=\"650\" data-gtm-label=\"650\">650<\/option><option value=\"700\" data-gtm-name=\"700\" data-gtm-label=\"700\">700<\/option><option value=\"750\" data-gtm-name=\"750\" data-gtm-label=\"750\">750<\/option><option value=\"800\" data-gtm-name=\"800\" data-gtm-label=\"800\">800<\/option><option value=\"850\" data-gtm-name=\"850\" data-gtm-label=\"850\">850<\/option><option value=\"900\" data-gtm-name=\"900\" data-gtm-label=\"900\">900<\/option><option value=\"950\" data-gtm-name=\"950\" data-gtm-label=\"950\">950<\/option><option value=\"1000\" data-gtm-name=\"1000\" data-gtm-label=\"1000\">1000<\/option><option value=\"1050\" data-gtm-name=\"1050\" data-gtm-label=\"1050\">1050<\/option><option value=\"1100\" data-gtm-name=\"1100\" data-gtm-label=\"1100\">1100<\/option><option value=\"1150\" data-gtm-name=\"1150\" data-gtm-label=\"1150\">1150<\/option><option value=\"1200\" data-gtm-name=\"1200\" data-gtm-label=\"1200\">1200<\/option><\/select><\/div>\n<\/div>\n<\/div>\n<div class=\"flex flex-col flex-wrap gap-100 md:flex-row md:items-center gtm-purchase-option\" data-gtm-name=\"height\" data-gtm-label=\"Height\">\n<p><label class=\"flex gap-050 md:w-700 leading-none hyphens-auto print:w-full print:max-w-2\/5 text-label-small\">Height<\/label><\/p>\n<div class=\"flex flex-1 flex-wrap gap-050\"><button class=\"select-btn select-btn-small select-btn-selected gtm-purchase-option-value\" type=\"button\" data-gtm-name=\"100\" data-gtm-label=\"100\">100<\/button><button class=\"select-btn select-btn-small select-btn-default gtm-purchase-option-value\" type=\"button\" data-gtm-name=\"150\" data-gtm-label=\"150\">150<\/button><button class=\"select-btn select-btn-small select-btn-default gtm-purchase-option-value\" type=\"button\" data-gtm-name=\"200\" data-gtm-label=\"200\">200<\/button><button class=\"select-btn select-btn-small select-btn-default select-btn-disabled gtm-purchase-option-value\" type=\"button\" data-gtm-name=\"250\" data-gtm-label=\"250\">250<\/button><button class=\"select-btn select-btn-small select-btn-default select-btn-disabled gtm-purchase-option-value\" type=\"button\" data-gtm-name=\"300\" data-gtm-label=\"300\">300<\/button><button class=\"select-btn select-btn-small select-btn-default select-btn-disabled gtm-purchase-option-value\" type=\"button\" data-gtm-name=\"350\" data-gtm-label=\"350\">350<\/button><button class=\"select-btn select-btn-small select-btn-default select-btn-disabled gtm-purchase-option-value\" type=\"button\" data-gtm-name=\"400\" data-gtm-label=\"400\">400<\/button><button class=\"select-btn select-btn-small select-btn-default select-btn-disabled gtm-purchase-option-value\" type=\"button\" data-gtm-name=\"450\" data-gtm-label=\"450\">450<\/button><button class=\"select-btn select-btn-small select-btn-default select-btn-disabled gtm-purchase-option-value\" type=\"button\" data-gtm-name=\"500\" data-gtm-label=\"500\">500<\/button><button class=\"select-btn select-btn-small select-btn-default select-btn-disabled gtm-purchase-option-value\" type=\"button\" data-gtm-name=\"550\" data-gtm-label=\"550\">550<\/button><button class=\"select-btn select-btn-small select-btn-default select-btn-disabled gtm-purchase-option-value\" type=\"button\" data-gtm-name=\"600\" data-gtm-label=\"600\">600<\/button><button class=\"select-btn select-btn-small select-btn-default select-btn-disabled gtm-purchase-option-value\" type=\"button\" data-gtm-name=\"650\" data-gtm-label=\"650\">650<\/button><button class=\"select-btn select-btn-small select-btn-default select-btn-disabled gtm-purchase-option-value\" type=\"button\" data-gtm-name=\"700\" data-gtm-label=\"700\">700<\/button><button class=\"select-btn select-btn-small select-btn-default select-btn-disabled gtm-purchase-option-value\" type=\"button\" data-gtm-name=\"750\" data-gtm-label=\"750\">750<\/button><button class=\"select-btn select-btn-small select-btn-default select-btn-disabled gtm-purchase-option-value\" type=\"button\" data-gtm-name=\"800\" data-gtm-label=\"800\">800<\/button><button class=\"select-btn select-btn-small select-btn-default select-btn-disabled gtm-purchase-option-value\" type=\"button\" data-gtm-name=\"850\" data-gtm-label=\"850\">850<\/button><button class=\"select-btn select-btn-small select-btn-default select-btn-disabled gtm-purchase-option-value\" type=\"button\" data-gtm-name=\"900\" data-gtm-label=\"900\">900<\/button><button class=\"select-btn select-btn-small select-btn-default select-btn-disabled gtm-purchase-option-value\" type=\"button\" data-gtm-name=\"950\" data-gtm-label=\"950\">950<\/button><button class=\"select-btn select-btn-small select-btn-default select-btn-disabled gtm-purchase-option-value\" type=\"button\" data-gtm-name=\"1000\" data-gtm-label=\"1000\">1000<\/button><\/div>\n<\/div>\n<\/div>\n<div class=\"gtm-sku-info flex flex-col gap-y-050 text-label-tiny text-neutral-600\">\n<div class=\"flex flex-wrap items-baseline gap-x-100 gap-y-025\"><span class=\"gtm-article-name\">OPTIMA-S-FM-200&#215;100-BM<\/span><span class=\"whitespace-nowrap gtm-article-number text-base font-bold\">#277882<\/span><\/div>\n<\/div>\n","protected":false},"featured_media":37567,"template":"","meta":[],"product_brand":[],"product_cat":[1866,1878,1841],"product_tag":[],"class_list":{"0":"post-37584","1":"product","2":"type-product","3":"status-publish","4":"has-post-thumbnail","6":"product_cat-controle-du-debit-dair","7":"product_cat-controleurs-de-volume-dair-variable","8":"product_cat-produits-de-distribution-dair","10":"first","11":"instock","12":"shipping-taxable","13":"product-type-simple"},"yoast_head":"<!-- This site is optimized with the Yoast SEO plugin v27.1.1 - https:\/\/yoast.com\/product\/yoast-seo-wordpress\/ -->\n<title>R\u00e9gulateurs de d\u00e9bit d&#039;air variable OPTIMA-S-FM Appareil de mesure du d\u00e9bit d&#039;air adapt\u00e9 aux conduits rectangulaires - GeoClimate.ge<\/title>\n<meta name=\"robots\" content=\"index, follow, max-snippet:-1, max-image-preview:large, max-video-preview:-1\" \/>\n<link rel=\"canonical\" href=\"https:\/\/geoclimate.ge\/fr\/produit\/optima-s-fm-variable-air-volume-controllers-airflow-measurement-device-suitable-for-rectangular-shaped-ducts\/\" \/>\n<meta property=\"og:locale\" content=\"fr_FR\" \/>\n<meta property=\"og:type\" content=\"article\" \/>\n<meta property=\"og:title\" content=\"R\u00e9gulateurs de d\u00e9bit d&#039;air variable OPTIMA-S-FM Appareil de mesure du d\u00e9bit d&#039;air adapt\u00e9 aux conduits rectangulaires - GeoClimate.ge\" \/>\n<meta property=\"og:description\" content=\"R\u00e9gulateurs de d\u00e9bit d&#039;air variable OPTIMA-S-FM Appareil de mesure du d\u00e9bit d&#039;air adapt\u00e9 aux conduits rectangulaires  Mesures de pr\u00e9cision  Dimensions compactes  Aucun entretien  Acier galvanis\u00e9      Width   200 250 300 350 400 450 500 550 600 650 700 750 800 850 900 950 1000 1050 1100 1150 1200      Height 1001502002503003504004505005506006507007508008509009501000    OPTIMA-S-FM-200x100-BM#277882\" \/>\n<meta property=\"og:url\" content=\"https:\/\/geoclimate.ge\/fr\/produit\/optima-s-fm-variable-air-volume-controllers-airflow-measurement-device-suitable-for-rectangular-shaped-ducts\/\" \/>\n<meta property=\"og:site_name\" content=\"GeoClimate.ge\" \/>\n<meta property=\"article:modified_time\" content=\"2025-09-07T20:22:10+00:00\" \/>\n<meta property=\"og:image\" content=\"https:\/\/geoclimate.ge\/wp-content\/uploads\/2025\/09\/PRODUCT-MAIN-IMAGE_OPTIMA_S_FM.jpg\" \/>\n\t<meta property=\"og:image:width\" content=\"384\" \/>\n\t<meta property=\"og:image:height\" content=\"288\" \/>\n\t<meta property=\"og:image:type\" content=\"image\/jpeg\" \/>\n<meta name=\"twitter:card\" content=\"summary_large_image\" \/>\n<meta name=\"twitter:label1\" content=\"Dur\u00e9e de lecture estim\u00e9e\" \/>\n\t<meta name=\"twitter:data1\" content=\"1 minute\" \/>\n<script type=\"application\/ld+json\" class=\"yoast-schema-graph\">{\"@context\":\"https:\/\/schema.org\",\"@graph\":[{\"@type\":\"WebPage\",\"@id\":\"https:\/\/geoclimate.ge\/fr\/produit\/optima-s-fm-variable-air-volume-controllers-airflow-measurement-device-suitable-for-rectangular-shaped-ducts\/\",\"url\":\"https:\/\/geoclimate.ge\/fr\/produit\/optima-s-fm-variable-air-volume-controllers-airflow-measurement-device-suitable-for-rectangular-shaped-ducts\/\",\"name\":\"R\u00e9gulateurs de d\u00e9bit d'air variable OPTIMA-S-FM Appareil de mesure du d\u00e9bit d'air adapt\u00e9 aux conduits rectangulaires - GeoClimate.ge\",\"isPartOf\":{\"@id\":\"https:\/\/geoclimate.ge\/#website\"},\"primaryImageOfPage\":{\"@id\":\"https:\/\/geoclimate.ge\/fr\/produit\/optima-s-fm-variable-air-volume-controllers-airflow-measurement-device-suitable-for-rectangular-shaped-ducts\/#primaryimage\"},\"image\":{\"@id\":\"https:\/\/geoclimate.ge\/fr\/produit\/optima-s-fm-variable-air-volume-controllers-airflow-measurement-device-suitable-for-rectangular-shaped-ducts\/#primaryimage\"},\"thumbnailUrl\":\"https:\/\/geoclimate.ge\/wp-content\/uploads\/2025\/09\/PRODUCT-MAIN-IMAGE_OPTIMA_S_FM.jpg\",\"datePublished\":\"2025-09-07T20:19:16+00:00\",\"dateModified\":\"2025-09-07T20:22:10+00:00\",\"breadcrumb\":{\"@id\":\"https:\/\/geoclimate.ge\/fr\/produit\/optima-s-fm-variable-air-volume-controllers-airflow-measurement-device-suitable-for-rectangular-shaped-ducts\/#breadcrumb\"},\"inLanguage\":\"fr-FR\",\"potentialAction\":[{\"@type\":\"ReadAction\",\"target\":[\"https:\/\/geoclimate.ge\/fr\/produit\/optima-s-fm-variable-air-volume-controllers-airflow-measurement-device-suitable-for-rectangular-shaped-ducts\/\"]}]},{\"@type\":\"ImageObject\",\"inLanguage\":\"fr-FR\",\"@id\":\"https:\/\/geoclimate.ge\/fr\/produit\/optima-s-fm-variable-air-volume-controllers-airflow-measurement-device-suitable-for-rectangular-shaped-ducts\/#primaryimage\",\"url\":\"https:\/\/geoclimate.ge\/wp-content\/uploads\/2025\/09\/PRODUCT-MAIN-IMAGE_OPTIMA_S_FM.jpg\",\"contentUrl\":\"https:\/\/geoclimate.ge\/wp-content\/uploads\/2025\/09\/PRODUCT-MAIN-IMAGE_OPTIMA_S_FM.jpg\",\"width\":384,\"height\":288},{\"@type\":\"BreadcrumbList\",\"@id\":\"https:\/\/geoclimate.ge\/fr\/produit\/optima-s-fm-variable-air-volume-controllers-airflow-measurement-device-suitable-for-rectangular-shaped-ducts\/#breadcrumb\",\"itemListElement\":[{\"@type\":\"ListItem\",\"position\":1,\"name\":\"Home\",\"item\":\"https:\/\/geoclimate.ge\/fr\/\"},{\"@type\":\"ListItem\",\"position\":2,\"name\":\"Products\",\"item\":\"https:\/\/geoclimate.ge\/fr\/products\/\"},{\"@type\":\"ListItem\",\"position\":3,\"name\":\"R\u00e9gulateurs de d\u00e9bit d&#8217;air variable OPTIMA-S-FM Appareil de mesure du d\u00e9bit d&#8217;air adapt\u00e9 aux conduits rectangulaires\"}]},{\"@type\":\"WebSite\",\"@id\":\"https:\/\/geoclimate.ge\/#website\",\"url\":\"https:\/\/geoclimate.ge\/\",\"name\":\"GeoClimate\",\"description\":\"\",\"publisher\":{\"@id\":\"https:\/\/geoclimate.ge\/#organization\"},\"potentialAction\":[{\"@type\":\"SearchAction\",\"target\":{\"@type\":\"EntryPoint\",\"urlTemplate\":\"https:\/\/geoclimate.ge\/?s={search_term_string}\"},\"query-input\":{\"@type\":\"PropertyValueSpecification\",\"valueRequired\":true,\"valueName\":\"search_term_string\"}}],\"inLanguage\":\"fr-FR\"},{\"@type\":\"Organization\",\"@id\":\"https:\/\/geoclimate.ge\/#organization\",\"name\":\"GeoClimate\",\"url\":\"https:\/\/geoclimate.ge\/\",\"logo\":{\"@type\":\"ImageObject\",\"inLanguage\":\"fr-FR\",\"@id\":\"https:\/\/geoclimate.ge\/#\/schema\/logo\/image\/\",\"url\":\"https:\/\/geoclimate.ge\/wp-content\/uploads\/2026\/03\/geoclimate-SEO.png\",\"contentUrl\":\"https:\/\/geoclimate.ge\/wp-content\/uploads\/2026\/03\/geoclimate-SEO.png\",\"width\":1536,\"height\":1024,\"caption\":\"GeoClimate\"},\"image\":{\"@id\":\"https:\/\/geoclimate.ge\/#\/schema\/logo\/image\/\"}}]}<\/script>\n<!-- \/ Yoast SEO plugin. -->","yoast_head_json":{"title":"R\u00e9gulateurs de d\u00e9bit d'air variable OPTIMA-S-FM Appareil de mesure du d\u00e9bit d'air adapt\u00e9 aux conduits rectangulaires - GeoClimate.ge","robots":{"index":"index","follow":"follow","max-snippet":"max-snippet:-1","max-image-preview":"max-image-preview:large","max-video-preview":"max-video-preview:-1"},"canonical":"https:\/\/geoclimate.ge\/fr\/produit\/optima-s-fm-variable-air-volume-controllers-airflow-measurement-device-suitable-for-rectangular-shaped-ducts\/","og_locale":"fr_FR","og_type":"article","og_title":"R\u00e9gulateurs de d\u00e9bit d'air variable OPTIMA-S-FM Appareil de mesure du d\u00e9bit d'air adapt\u00e9 aux conduits rectangulaires - GeoClimate.ge","og_description":"R\u00e9gulateurs de d\u00e9bit d'air variable OPTIMA-S-FM Appareil de mesure du d\u00e9bit d'air adapt\u00e9 aux conduits rectangulaires  Mesures de pr\u00e9cision  Dimensions compactes  Aucun entretien  Acier galvanis\u00e9      Width   200 250 300 350 400 450 500 550 600 650 700 750 800 850 900 950 1000 1050 1100 1150 1200      Height 1001502002503003504004505005506006507007508008509009501000    OPTIMA-S-FM-200x100-BM#277882","og_url":"https:\/\/geoclimate.ge\/fr\/produit\/optima-s-fm-variable-air-volume-controllers-airflow-measurement-device-suitable-for-rectangular-shaped-ducts\/","og_site_name":"GeoClimate.ge","article_modified_time":"2025-09-07T20:22:10+00:00","og_image":[{"width":384,"height":288,"url":"https:\/\/geoclimate.ge\/wp-content\/uploads\/2025\/09\/PRODUCT-MAIN-IMAGE_OPTIMA_S_FM.jpg","type":"image\/jpeg"}],"twitter_card":"summary_large_image","twitter_misc":{"Dur\u00e9e de lecture estim\u00e9e":"1 minute"},"schema":{"@context":"https:\/\/schema.org","@graph":[{"@type":"WebPage","@id":"https:\/\/geoclimate.ge\/fr\/produit\/optima-s-fm-variable-air-volume-controllers-airflow-measurement-device-suitable-for-rectangular-shaped-ducts\/","url":"https:\/\/geoclimate.ge\/fr\/produit\/optima-s-fm-variable-air-volume-controllers-airflow-measurement-device-suitable-for-rectangular-shaped-ducts\/","name":"R\u00e9gulateurs de d\u00e9bit d'air variable OPTIMA-S-FM Appareil de mesure du d\u00e9bit d'air adapt\u00e9 aux conduits rectangulaires - GeoClimate.ge","isPartOf":{"@id":"https:\/\/geoclimate.ge\/#website"},"primaryImageOfPage":{"@id":"https:\/\/geoclimate.ge\/fr\/produit\/optima-s-fm-variable-air-volume-controllers-airflow-measurement-device-suitable-for-rectangular-shaped-ducts\/#primaryimage"},"image":{"@id":"https:\/\/geoclimate.ge\/fr\/produit\/optima-s-fm-variable-air-volume-controllers-airflow-measurement-device-suitable-for-rectangular-shaped-ducts\/#primaryimage"},"thumbnailUrl":"https:\/\/geoclimate.ge\/wp-content\/uploads\/2025\/09\/PRODUCT-MAIN-IMAGE_OPTIMA_S_FM.jpg","datePublished":"2025-09-07T20:19:16+00:00","dateModified":"2025-09-07T20:22:10+00:00","breadcrumb":{"@id":"https:\/\/geoclimate.ge\/fr\/produit\/optima-s-fm-variable-air-volume-controllers-airflow-measurement-device-suitable-for-rectangular-shaped-ducts\/#breadcrumb"},"inLanguage":"fr-FR","potentialAction":[{"@type":"ReadAction","target":["https:\/\/geoclimate.ge\/fr\/produit\/optima-s-fm-variable-air-volume-controllers-airflow-measurement-device-suitable-for-rectangular-shaped-ducts\/"]}]},{"@type":"ImageObject","inLanguage":"fr-FR","@id":"https:\/\/geoclimate.ge\/fr\/produit\/optima-s-fm-variable-air-volume-controllers-airflow-measurement-device-suitable-for-rectangular-shaped-ducts\/#primaryimage","url":"https:\/\/geoclimate.ge\/wp-content\/uploads\/2025\/09\/PRODUCT-MAIN-IMAGE_OPTIMA_S_FM.jpg","contentUrl":"https:\/\/geoclimate.ge\/wp-content\/uploads\/2025\/09\/PRODUCT-MAIN-IMAGE_OPTIMA_S_FM.jpg","width":384,"height":288},{"@type":"BreadcrumbList","@id":"https:\/\/geoclimate.ge\/fr\/produit\/optima-s-fm-variable-air-volume-controllers-airflow-measurement-device-suitable-for-rectangular-shaped-ducts\/#breadcrumb","itemListElement":[{"@type":"ListItem","position":1,"name":"Home","item":"https:\/\/geoclimate.ge\/fr\/"},{"@type":"ListItem","position":2,"name":"Products","item":"https:\/\/geoclimate.ge\/fr\/products\/"},{"@type":"ListItem","position":3,"name":"R\u00e9gulateurs de d\u00e9bit d&#8217;air variable OPTIMA-S-FM Appareil de mesure du d\u00e9bit d&#8217;air adapt\u00e9 aux conduits rectangulaires"}]},{"@type":"WebSite","@id":"https:\/\/geoclimate.ge\/#website","url":"https:\/\/geoclimate.ge\/","name":"GeoClimate","description":"","publisher":{"@id":"https:\/\/geoclimate.ge\/#organization"},"potentialAction":[{"@type":"SearchAction","target":{"@type":"EntryPoint","urlTemplate":"https:\/\/geoclimate.ge\/?s={search_term_string}"},"query-input":{"@type":"PropertyValueSpecification","valueRequired":true,"valueName":"search_term_string"}}],"inLanguage":"fr-FR"},{"@type":"Organization","@id":"https:\/\/geoclimate.ge\/#organization","name":"GeoClimate","url":"https:\/\/geoclimate.ge\/","logo":{"@type":"ImageObject","inLanguage":"fr-FR","@id":"https:\/\/geoclimate.ge\/#\/schema\/logo\/image\/","url":"https:\/\/geoclimate.ge\/wp-content\/uploads\/2026\/03\/geoclimate-SEO.png","contentUrl":"https:\/\/geoclimate.ge\/wp-content\/uploads\/2026\/03\/geoclimate-SEO.png","width":1536,"height":1024,"caption":"GeoClimate"},"image":{"@id":"https:\/\/geoclimate.ge\/#\/schema\/logo\/image\/"}}]}},"_links":{"self":[{"href":"https:\/\/geoclimate.ge\/fr\/wp-json\/wp\/v2\/product\/37584","targetHints":{"allow":["GET"]}}],"collection":[{"href":"https:\/\/geoclimate.ge\/fr\/wp-json\/wp\/v2\/product"}],"about":[{"href":"https:\/\/geoclimate.ge\/fr\/wp-json\/wp\/v2\/types\/product"}],"wp:featuredmedia":[{"embeddable":true,"href":"https:\/\/geoclimate.ge\/fr\/wp-json\/wp\/v2\/media\/37567"}],"wp:attachment":[{"href":"https:\/\/geoclimate.ge\/fr\/wp-json\/wp\/v2\/media?parent=37584"}],"wp:term":[{"taxonomy":"product_brand","embeddable":true,"href":"https:\/\/geoclimate.ge\/fr\/wp-json\/wp\/v2\/product_brand?post=37584"},{"taxonomy":"product_cat","embeddable":true,"href":"https:\/\/geoclimate.ge\/fr\/wp-json\/wp\/v2\/product_cat?post=37584"},{"taxonomy":"product_tag","embeddable":true,"href":"https:\/\/geoclimate.ge\/fr\/wp-json\/wp\/v2\/product_tag?post=37584"}],"curies":[{"name":"wp","href":"https:\/\/api.w.org\/{rel}","templated":true}]}}