{"id":37655,"date":"2025-09-08T00:47:46","date_gmt":"2025-09-07T20:47:46","guid":{"rendered":"https:\/\/airsystems.ge\/shop\/product\/37634\/"},"modified":"2025-09-08T00:52:07","modified_gmt":"2025-09-07T20:52:07","slug":"37634","status":"publish","type":"product","link":"https:\/\/geoclimate.ge\/fr\/produit\/37634\/","title":{"rendered":"R\u00e9gulateurs de d\u00e9bit d&rsquo;air variable OPTIMA-R-PC_BM R\u00e9gulateur de pression pour conduits d&rsquo;air"},"content":{"rendered":"<p><strong>Modulaire<\/strong><br \/>\nLa disponibilit\u00e9 de diff\u00e9rents types d&rsquo;actionneurs permet de mettre en \u0153uvre diverses fonctionnalit\u00e9s suppl\u00e9mentaires. Le positionnement rapide du registre peut \u00eatre s\u00e9lectionn\u00e9, ainsi que le d\u00e9clenchement de s\u00e9curit\u00e9 \u00e0 l&rsquo;ouverture ou \u00e0 la fermeture apr\u00e8s une coupure de courant.<\/p>\n<p><strong>Acier galvanis\u00e9<\/strong><br \/>\nLe bo\u00eetier de l&rsquo;unit\u00e9 AV de l&rsquo;OPTIMA-R-PC&#8230;BM, ainsi que la lame du registre de r\u00e9gulation, sont en t\u00f4le d&rsquo;acier galvanis\u00e9e, ce qui les rend robustes et durables.<\/p>\n<p>L&rsquo;OPTIMA-R-PC&#8230;BM est un r\u00e9gulateur de pression variable, avec ou sans isolation. Il est couramment utilis\u00e9 pour r\u00e9guler la pression d&rsquo;air dans un syst\u00e8me de ventilation et est disponible en diff\u00e9rentes tailles. Ces unit\u00e9s sont id\u00e9ales pour la r\u00e9gulation de la pression d&rsquo;une zone unique, en mode soufflage ou reprise. L&rsquo;OPTIMA-R-PC&#8230;BM est couramment install\u00e9 dans les espaces n\u00e9cessitant le maintien de certaines conditions de pression d&rsquo;air, comme les laboratoires, les installations industrielles et les \u00e9tablissements de sant\u00e9.<\/p>\n<p>Le bo\u00eetier de l&rsquo;unit\u00e9 VAV est en t\u00f4le d&rsquo;acier galvanis\u00e9e. Les param\u00e8tres de fonctionnement r\u00e9gl\u00e9s en usine sur le contr\u00f4leur peuvent \u00eatre r\u00e9ajust\u00e9s sur site via des signaux analogiques ou binaires, ainsi que via la communication par bus.<\/p>\n","protected":false},"excerpt":{"rendered":"<div>\n<p>R\u00e9gulateurs de d\u00e9bit d&rsquo;air variable OPTIMA-R-PC_BM<br \/>\nR\u00e9gulateur de pression pour conduits d&rsquo;air<\/p>\n<p>Modulaire<\/p>\n<p>Acier galvanis\u00e9<\/p>\n<p>R\u00e9duction du bruit<\/p>\n<\/div>\n<div class=\"flex flex-col gap-200\">\n<div class=\"flex flex-col flex-wrap gap-100 md:flex-row md:items-center gtm-purchase-option\" data-gtm-name=\"size\" data-gtm-label=\"Size\">\n<p><label class=\"flex gap-050 md:w-700 leading-none hyphens-auto print:w-full print:max-w-2\/5 text-label-small\">Size<\/label><\/p>\n<div class=\"flex flex-1 flex-wrap gap-050\"><button class=\"select-btn select-btn-small select-btn-selected gtm-purchase-option-value\" type=\"button\" data-gtm-name=\"80\" data-gtm-label=\"80\">80<\/button><button class=\"select-btn select-btn-small select-btn-default gtm-purchase-option-value\" type=\"button\" data-gtm-name=\"100\" data-gtm-label=\"100\">100<\/button><button class=\"select-btn select-btn-small select-btn-default gtm-purchase-option-value\" type=\"button\" data-gtm-name=\"125\" data-gtm-label=\"125\">125<\/button><button class=\"select-btn select-btn-small select-btn-default gtm-purchase-option-value\" type=\"button\" data-gtm-name=\"140\" data-gtm-label=\"140\">140<\/button><button class=\"select-btn select-btn-small select-btn-default gtm-purchase-option-value\" type=\"button\" data-gtm-name=\"160\" data-gtm-label=\"160\">160<\/button><button class=\"select-btn select-btn-small select-btn-default gtm-purchase-option-value\" type=\"button\" data-gtm-name=\"180\" data-gtm-label=\"180\">180<\/button><button class=\"select-btn select-btn-small select-btn-default gtm-purchase-option-value\" type=\"button\" data-gtm-name=\"200\" data-gtm-label=\"200\">200<\/button><button class=\"select-btn select-btn-small select-btn-default gtm-purchase-option-value\" type=\"button\" data-gtm-name=\"225\" data-gtm-label=\"225\">225<\/button><button class=\"select-btn select-btn-small select-btn-default gtm-purchase-option-value\" type=\"button\" data-gtm-name=\"250\" data-gtm-label=\"250\">250<\/button><button class=\"select-btn select-btn-small select-btn-default gtm-purchase-option-value\" type=\"button\" data-gtm-name=\"280\" data-gtm-label=\"280\">280<\/button><button class=\"select-btn select-btn-small select-btn-default gtm-purchase-option-value\" type=\"button\" data-gtm-name=\"315\" data-gtm-label=\"315\">315<\/button><button class=\"select-btn select-btn-small select-btn-default gtm-purchase-option-value\" type=\"button\" data-gtm-name=\"355\" data-gtm-label=\"355\">355<\/button><button class=\"select-btn select-btn-small select-btn-default gtm-purchase-option-value\" type=\"button\" data-gtm-name=\"400\" data-gtm-label=\"400\">400<\/button><button class=\"select-btn select-btn-small select-btn-default gtm-purchase-option-value\" type=\"button\" data-gtm-name=\"500\" data-gtm-label=\"500\">500<\/button><button class=\"select-btn select-btn-small select-btn-default gtm-purchase-option-value\" type=\"button\" data-gtm-name=\"630\" data-gtm-label=\"630\">630<\/button><\/div>\n<\/div>\n<div class=\"flex flex-col flex-wrap gap-100 md:flex-row md:items-center gtm-purchase-option\" data-gtm-name=\"insulation\" data-gtm-label=\"Insulation\">\n<p><label class=\"flex gap-050 md:w-700 leading-none hyphens-auto print:w-full print:max-w-2\/5 text-label-small\">Insulation<\/label><\/p>\n<div class=\"flex flex-1 flex-wrap gap-050\"><button class=\"select-btn select-btn-small select-btn-selected gtm-purchase-option-value\" type=\"button\" data-gtm-name=\"Without insulation\" data-gtm-label=\"Without insulation\">Without insulation<\/button><button class=\"select-btn select-btn-small select-btn-default gtm-purchase-option-value\" type=\"button\" data-gtm-name=\"With insulation\" data-gtm-label=\"With insulation\">With insulation<\/button><\/div>\n<\/div>\n<div class=\"flex flex-col flex-wrap gap-100 md:flex-row md:items-center gtm-purchase-option\" data-gtm-name=\"communication_type\" data-gtm-label=\"Equipment, Communication type\">\n<p><label class=\"flex gap-050 md:w-700 leading-none hyphens-auto print:w-full print:max-w-2\/5 text-label-small\">Equipment, Communication type<\/label><\/p>\n<div class=\"flex flex-1 flex-wrap gap-050\">\n<div class=\"dropdown-wrapper dropdown-wrapper-small w-full gtm-purchase-option-value gtm-purchase-option-value-dropdown\"><select class=\"form-dropdown form-input form-dropdown-small\"><option value=\"0\" data-gtm-name=\"S: Standard actuator with transition time 120 s\" data-gtm-label=\"S: Standard actuator with transition time 120 s\">S: Standard actuator with transition time 120 s<\/option><option value=\"1\" data-gtm-name=\"Q: Actuator with short transition time 2,5 s \/ 4 s\" data-gtm-label=\"Q: Actuator with short transition time 2,5 s \/ 4 s\">Q: Actuator with short transition time 2,5 s \/ 4 s<\/option><option value=\"2\" data-gtm-name=\"QE: Actuator with short transition time 2,5 s and electric safety function (only for size DN 400 or smaller)\" data-gtm-label=\"QE: Actuator with short transition time 2,5 s and electric safety function (only for size DN 400 or smaller)\">QE: Actuator with short transition time 2,5 s and electric safety function (only for size DN 400 or smaller)<\/option><option value=\"3\" data-gtm-name=\"F: Actuator with mechanical safety function \u2013 spring return\" data-gtm-label=\"F: Actuator with mechanical safety function \u2013 spring return\">F: Actuator with mechanical safety function \u2013 spring return<\/option><\/select><\/div>\n<\/div>\n<\/div>\n<\/div>\n<div class=\"gtm-sku-info flex flex-col gap-y-050 text-label-tiny text-neutral-600\">\n<div class=\"flex flex-wrap items-baseline gap-x-100 gap-y-025\"><span class=\"gtm-article-name\">OPTIMA-R-PC-80-BM-S<\/span><span class=\"whitespace-nowrap gtm-article-number text-base font-bold\">#338600<\/span><\/div>\n<\/div>\n","protected":false},"featured_media":37638,"template":"","meta":[],"product_brand":[],"product_cat":[1866,1878,1841],"product_tag":[],"class_list":{"0":"post-37655","1":"product","2":"type-product","3":"status-publish","4":"has-post-thumbnail","6":"product_cat-controle-du-debit-dair","7":"product_cat-controleurs-de-volume-dair-variable","8":"product_cat-produits-de-distribution-dair","10":"first","11":"instock","12":"shipping-taxable","13":"product-type-simple"},"yoast_head":"<!-- This site is optimized with the Yoast SEO plugin v27.1.1 - https:\/\/yoast.com\/product\/yoast-seo-wordpress\/ -->\n<title>R\u00e9gulateurs de d\u00e9bit d&#039;air variable OPTIMA-R-PC_BM R\u00e9gulateur de pression pour conduits d&#039;air - GeoClimate.ge<\/title>\n<meta name=\"robots\" content=\"index, follow, max-snippet:-1, max-image-preview:large, max-video-preview:-1\" \/>\n<link rel=\"canonical\" href=\"https:\/\/geoclimate.ge\/fr\/produit\/37634\/\" \/>\n<meta property=\"og:locale\" content=\"fr_FR\" \/>\n<meta property=\"og:type\" content=\"article\" \/>\n<meta property=\"og:title\" content=\"R\u00e9gulateurs de d\u00e9bit d&#039;air variable OPTIMA-R-PC_BM R\u00e9gulateur de pression pour conduits d&#039;air - GeoClimate.ge\" \/>\n<meta property=\"og:description\" content=\"R\u00e9gulateurs de d\u00e9bit d&#039;air variable OPTIMA-R-PC_BM R\u00e9gulateur de pression pour conduits d&#039;air  Modulaire  Acier galvanis\u00e9  R\u00e9duction du bruit      Size 80100125140160180200225250280315355400500630    Insulation Without insulationWith insulation    Equipment, Communication type   S: Standard actuator with transition time 120 s Q: Actuator with short transition time 2,5 s \/ 4 s QE: Actuator with short transition time 2,5 s and electric safety function (only for size DN 400 or smaller) F: Actuator with mechanical safety function \u2013 spring return      OPTIMA-R-PC-80-BM-S#338600\" \/>\n<meta property=\"og:url\" content=\"https:\/\/geoclimate.ge\/fr\/produit\/37634\/\" \/>\n<meta property=\"og:site_name\" content=\"GeoClimate.ge\" \/>\n<meta property=\"article:modified_time\" content=\"2025-09-07T20:52:07+00:00\" \/>\n<meta property=\"og:image\" content=\"https:\/\/geoclimate.ge\/wp-content\/uploads\/2025\/09\/COLLAGE_OPTIMA-R-LPC-BM_HQ_20221014_124939530.jpg\" \/>\n\t<meta property=\"og:image:width\" content=\"384\" \/>\n\t<meta property=\"og:image:height\" content=\"288\" \/>\n\t<meta property=\"og:image:type\" content=\"image\/jpeg\" \/>\n<meta name=\"twitter:card\" content=\"summary_large_image\" \/>\n<meta name=\"twitter:label1\" content=\"Dur\u00e9e de lecture estim\u00e9e\" \/>\n\t<meta name=\"twitter:data1\" content=\"1 minute\" \/>\n<script type=\"application\/ld+json\" class=\"yoast-schema-graph\">{\"@context\":\"https:\/\/schema.org\",\"@graph\":[{\"@type\":\"WebPage\",\"@id\":\"https:\/\/geoclimate.ge\/fr\/produit\/37634\/\",\"url\":\"https:\/\/geoclimate.ge\/fr\/produit\/37634\/\",\"name\":\"R\u00e9gulateurs de d\u00e9bit d'air variable OPTIMA-R-PC_BM R\u00e9gulateur de pression pour conduits d'air - GeoClimate.ge\",\"isPartOf\":{\"@id\":\"https:\/\/geoclimate.ge\/#website\"},\"primaryImageOfPage\":{\"@id\":\"https:\/\/geoclimate.ge\/fr\/produit\/37634\/#primaryimage\"},\"image\":{\"@id\":\"https:\/\/geoclimate.ge\/fr\/produit\/37634\/#primaryimage\"},\"thumbnailUrl\":\"https:\/\/geoclimate.ge\/wp-content\/uploads\/2025\/09\/COLLAGE_OPTIMA-R-LPC-BM_HQ_20221014_124939530.jpg\",\"datePublished\":\"2025-09-07T20:47:46+00:00\",\"dateModified\":\"2025-09-07T20:52:07+00:00\",\"breadcrumb\":{\"@id\":\"https:\/\/geoclimate.ge\/fr\/produit\/37634\/#breadcrumb\"},\"inLanguage\":\"fr-FR\",\"potentialAction\":[{\"@type\":\"ReadAction\",\"target\":[\"https:\/\/geoclimate.ge\/fr\/produit\/37634\/\"]}]},{\"@type\":\"ImageObject\",\"inLanguage\":\"fr-FR\",\"@id\":\"https:\/\/geoclimate.ge\/fr\/produit\/37634\/#primaryimage\",\"url\":\"https:\/\/geoclimate.ge\/wp-content\/uploads\/2025\/09\/COLLAGE_OPTIMA-R-LPC-BM_HQ_20221014_124939530.jpg\",\"contentUrl\":\"https:\/\/geoclimate.ge\/wp-content\/uploads\/2025\/09\/COLLAGE_OPTIMA-R-LPC-BM_HQ_20221014_124939530.jpg\",\"width\":384,\"height\":288},{\"@type\":\"BreadcrumbList\",\"@id\":\"https:\/\/geoclimate.ge\/fr\/produit\/37634\/#breadcrumb\",\"itemListElement\":[{\"@type\":\"ListItem\",\"position\":1,\"name\":\"Home\",\"item\":\"https:\/\/geoclimate.ge\/fr\/\"},{\"@type\":\"ListItem\",\"position\":2,\"name\":\"Products\",\"item\":\"https:\/\/geoclimate.ge\/fr\/products\/\"},{\"@type\":\"ListItem\",\"position\":3,\"name\":\"R\u00e9gulateurs de d\u00e9bit d&#8217;air variable OPTIMA-R-PC_BM R\u00e9gulateur de pression pour conduits d&#8217;air\"}]},{\"@type\":\"WebSite\",\"@id\":\"https:\/\/geoclimate.ge\/#website\",\"url\":\"https:\/\/geoclimate.ge\/\",\"name\":\"GeoClimate\",\"description\":\"\",\"publisher\":{\"@id\":\"https:\/\/geoclimate.ge\/#organization\"},\"potentialAction\":[{\"@type\":\"SearchAction\",\"target\":{\"@type\":\"EntryPoint\",\"urlTemplate\":\"https:\/\/geoclimate.ge\/?s={search_term_string}\"},\"query-input\":{\"@type\":\"PropertyValueSpecification\",\"valueRequired\":true,\"valueName\":\"search_term_string\"}}],\"inLanguage\":\"fr-FR\"},{\"@type\":\"Organization\",\"@id\":\"https:\/\/geoclimate.ge\/#organization\",\"name\":\"GeoClimate\",\"url\":\"https:\/\/geoclimate.ge\/\",\"logo\":{\"@type\":\"ImageObject\",\"inLanguage\":\"fr-FR\",\"@id\":\"https:\/\/geoclimate.ge\/#\/schema\/logo\/image\/\",\"url\":\"https:\/\/geoclimate.ge\/wp-content\/uploads\/2026\/03\/geoclimate-SEO.png\",\"contentUrl\":\"https:\/\/geoclimate.ge\/wp-content\/uploads\/2026\/03\/geoclimate-SEO.png\",\"width\":1536,\"height\":1024,\"caption\":\"GeoClimate\"},\"image\":{\"@id\":\"https:\/\/geoclimate.ge\/#\/schema\/logo\/image\/\"}}]}<\/script>\n<!-- \/ Yoast SEO plugin. -->","yoast_head_json":{"title":"R\u00e9gulateurs de d\u00e9bit d'air variable OPTIMA-R-PC_BM R\u00e9gulateur de pression pour conduits d'air - GeoClimate.ge","robots":{"index":"index","follow":"follow","max-snippet":"max-snippet:-1","max-image-preview":"max-image-preview:large","max-video-preview":"max-video-preview:-1"},"canonical":"https:\/\/geoclimate.ge\/fr\/produit\/37634\/","og_locale":"fr_FR","og_type":"article","og_title":"R\u00e9gulateurs de d\u00e9bit d'air variable OPTIMA-R-PC_BM R\u00e9gulateur de pression pour conduits d'air - GeoClimate.ge","og_description":"R\u00e9gulateurs de d\u00e9bit d'air variable OPTIMA-R-PC_BM R\u00e9gulateur de pression pour conduits d'air  Modulaire  Acier galvanis\u00e9  R\u00e9duction du bruit      Size 80100125140160180200225250280315355400500630    Insulation Without insulationWith insulation    Equipment, Communication type   S: Standard actuator with transition time 120 s Q: Actuator with short transition time 2,5 s \/ 4 s QE: Actuator with short transition time 2,5 s and electric safety function (only for size DN 400 or smaller) F: Actuator with mechanical safety function \u2013 spring return      OPTIMA-R-PC-80-BM-S#338600","og_url":"https:\/\/geoclimate.ge\/fr\/produit\/37634\/","og_site_name":"GeoClimate.ge","article_modified_time":"2025-09-07T20:52:07+00:00","og_image":[{"width":384,"height":288,"url":"https:\/\/geoclimate.ge\/wp-content\/uploads\/2025\/09\/COLLAGE_OPTIMA-R-LPC-BM_HQ_20221014_124939530.jpg","type":"image\/jpeg"}],"twitter_card":"summary_large_image","twitter_misc":{"Dur\u00e9e de lecture estim\u00e9e":"1 minute"},"schema":{"@context":"https:\/\/schema.org","@graph":[{"@type":"WebPage","@id":"https:\/\/geoclimate.ge\/fr\/produit\/37634\/","url":"https:\/\/geoclimate.ge\/fr\/produit\/37634\/","name":"R\u00e9gulateurs de d\u00e9bit d'air variable OPTIMA-R-PC_BM R\u00e9gulateur de pression pour conduits d'air - GeoClimate.ge","isPartOf":{"@id":"https:\/\/geoclimate.ge\/#website"},"primaryImageOfPage":{"@id":"https:\/\/geoclimate.ge\/fr\/produit\/37634\/#primaryimage"},"image":{"@id":"https:\/\/geoclimate.ge\/fr\/produit\/37634\/#primaryimage"},"thumbnailUrl":"https:\/\/geoclimate.ge\/wp-content\/uploads\/2025\/09\/COLLAGE_OPTIMA-R-LPC-BM_HQ_20221014_124939530.jpg","datePublished":"2025-09-07T20:47:46+00:00","dateModified":"2025-09-07T20:52:07+00:00","breadcrumb":{"@id":"https:\/\/geoclimate.ge\/fr\/produit\/37634\/#breadcrumb"},"inLanguage":"fr-FR","potentialAction":[{"@type":"ReadAction","target":["https:\/\/geoclimate.ge\/fr\/produit\/37634\/"]}]},{"@type":"ImageObject","inLanguage":"fr-FR","@id":"https:\/\/geoclimate.ge\/fr\/produit\/37634\/#primaryimage","url":"https:\/\/geoclimate.ge\/wp-content\/uploads\/2025\/09\/COLLAGE_OPTIMA-R-LPC-BM_HQ_20221014_124939530.jpg","contentUrl":"https:\/\/geoclimate.ge\/wp-content\/uploads\/2025\/09\/COLLAGE_OPTIMA-R-LPC-BM_HQ_20221014_124939530.jpg","width":384,"height":288},{"@type":"BreadcrumbList","@id":"https:\/\/geoclimate.ge\/fr\/produit\/37634\/#breadcrumb","itemListElement":[{"@type":"ListItem","position":1,"name":"Home","item":"https:\/\/geoclimate.ge\/fr\/"},{"@type":"ListItem","position":2,"name":"Products","item":"https:\/\/geoclimate.ge\/fr\/products\/"},{"@type":"ListItem","position":3,"name":"R\u00e9gulateurs de d\u00e9bit d&#8217;air variable OPTIMA-R-PC_BM R\u00e9gulateur de pression pour conduits d&#8217;air"}]},{"@type":"WebSite","@id":"https:\/\/geoclimate.ge\/#website","url":"https:\/\/geoclimate.ge\/","name":"GeoClimate","description":"","publisher":{"@id":"https:\/\/geoclimate.ge\/#organization"},"potentialAction":[{"@type":"SearchAction","target":{"@type":"EntryPoint","urlTemplate":"https:\/\/geoclimate.ge\/?s={search_term_string}"},"query-input":{"@type":"PropertyValueSpecification","valueRequired":true,"valueName":"search_term_string"}}],"inLanguage":"fr-FR"},{"@type":"Organization","@id":"https:\/\/geoclimate.ge\/#organization","name":"GeoClimate","url":"https:\/\/geoclimate.ge\/","logo":{"@type":"ImageObject","inLanguage":"fr-FR","@id":"https:\/\/geoclimate.ge\/#\/schema\/logo\/image\/","url":"https:\/\/geoclimate.ge\/wp-content\/uploads\/2026\/03\/geoclimate-SEO.png","contentUrl":"https:\/\/geoclimate.ge\/wp-content\/uploads\/2026\/03\/geoclimate-SEO.png","width":1536,"height":1024,"caption":"GeoClimate"},"image":{"@id":"https:\/\/geoclimate.ge\/#\/schema\/logo\/image\/"}}]}},"_links":{"self":[{"href":"https:\/\/geoclimate.ge\/fr\/wp-json\/wp\/v2\/product\/37655","targetHints":{"allow":["GET"]}}],"collection":[{"href":"https:\/\/geoclimate.ge\/fr\/wp-json\/wp\/v2\/product"}],"about":[{"href":"https:\/\/geoclimate.ge\/fr\/wp-json\/wp\/v2\/types\/product"}],"wp:featuredmedia":[{"embeddable":true,"href":"https:\/\/geoclimate.ge\/fr\/wp-json\/wp\/v2\/media\/37638"}],"wp:attachment":[{"href":"https:\/\/geoclimate.ge\/fr\/wp-json\/wp\/v2\/media?parent=37655"}],"wp:term":[{"taxonomy":"product_brand","embeddable":true,"href":"https:\/\/geoclimate.ge\/fr\/wp-json\/wp\/v2\/product_brand?post=37655"},{"taxonomy":"product_cat","embeddable":true,"href":"https:\/\/geoclimate.ge\/fr\/wp-json\/wp\/v2\/product_cat?post=37655"},{"taxonomy":"product_tag","embeddable":true,"href":"https:\/\/geoclimate.ge\/fr\/wp-json\/wp\/v2\/product_tag?post=37655"}],"curies":[{"name":"wp","href":"https:\/\/api.w.org\/{rel}","templated":true}]}}