{"id":37761,"date":"2025-09-08T01:35:42","date_gmt":"2025-09-07T21:35:42","guid":{"rendered":"https:\/\/airsystems.ge\/shop\/product\/optima-res-a-variable-air-volume-controllers-residential-vav-system-box-providing-effective-ventilation-control\/"},"modified":"2025-09-08T01:39:19","modified_gmt":"2025-09-07T21:39:19","slug":"optima-res-a-variable-air-volume-controllers-residential-vav-system-box-providing-effective-ventilation-control","status":"publish","type":"product","link":"https:\/\/geoclimate.ge\/fr\/produit\/optima-res-a-variable-air-volume-controllers-residential-vav-system-box-providing-effective-ventilation-control\/","title":{"rendered":"R\u00e9gulateurs de d\u00e9bit d&rsquo;air variable OPTIMA-RES-A Bo\u00eetier syst\u00e8me VAV r\u00e9sidentiel pour un contr\u00f4le efficace de la ventilation"},"content":{"rendered":"<div class=\"mb-400 gtm-product-section container-fluid\" data-gtm-name=\"Benefits\" data-gtm-label=\"Benefits (en)\" data-gtm-vis-first-on-screen53434917_103=\"1415\" data-gtm-vis-total-visible-time53434917_103=\"1500\" data-gtm-vis-recent-on-screen53434917_103=\"60553\" data-gtm-vis-has-fired53434917_103=\"1\">\n<div class=\"row\">\n<div class=\"content-element content-element-product-benefit col-12 sm:col-6 mb-400\">\n<div class=\"bg-card px-300 py-250 mobile-nav:px-200 mobile-nav:py-150 h-full flex overflow-hidden card-border\">\n<div class=\"min-w-0\">\n<p><strong>Compact<\/strong><br \/>\nOPTIMA-RES-A est un syst\u00e8me compact de r\u00e9gulateurs VAV de soufflage et d&rsquo;extraction destin\u00e9 au contr\u00f4le de la ventilation des locaux r\u00e9sidentiels.<\/p>\n<p><strong>Installation facile<\/strong><br \/>\nLe bo\u00eetier syst\u00e8me VAV OPTIMA-RES-A est con\u00e7u pour une installation simple dans les murs ou plafonds en pl\u00e2tre. Les r\u00e9gulateurs VAV peuvent \u00eatre facilement d\u00e9mont\u00e9s et mont\u00e9s ailleurs.<\/p>\n<p><strong>Fonctionnement silencieux<\/strong><br \/>\nLe bo\u00eetier syst\u00e8me VAV OPTIMA-RES-A est dot\u00e9 d&rsquo;une att\u00e9nuation du bruit qui garantit un fonctionnement silencieux en milieu r\u00e9sidentiel.<\/p>\n<p>Disponible en diff\u00e9rentes tailles, OPTIMA-RES-A est un syst\u00e8me compact de r\u00e9gulateurs VAV de soufflage et d&rsquo;extraction con\u00e7u pour un contr\u00f4le efficace de la ventilation des locaux r\u00e9sidentiels. Sa fonctionnalit\u00e9 de base est le contr\u00f4le continu du d\u00e9bit d&rsquo;air souffl\u00e9 et extrait en mode ma\u00eetre\/esclave. Il est \u00e9galement possible de passer en mode de fonctionnement forc\u00e9, comme l&rsquo;ouverture ou la fermeture du registre, ou encore le r\u00e9glage du d\u00e9bit d&rsquo;air minimum\/maximum. Les r\u00e9gulateurs n\u00e9cessitent une alimentation 230 V CA et sont \u00e9quip\u00e9s d&rsquo;\u00e9l\u00e9ments de s\u00e9curit\u00e9 \u00e9lectrique et de bornes de raccordement.<\/p>\n<p>Les r\u00e9gulateurs VAV OPTIMA-RES-A sont fix\u00e9s au raccord de gaine circulaire par des manchons, ce qui facilite leur retrait. Le bo\u00eetier syst\u00e8me est \u00e9quip\u00e9 de diaphragmes passe-c\u00e2bles pour l&rsquo;alimentation \u00e9lectrique, le signal de consigne, le signal de retour et le signal forc\u00e9. Ces derniers sont raccord\u00e9s sur site par une personne qualifi\u00e9e. Le syst\u00e8me VAV r\u00e9sidentiel<\/p>\n<\/div>\n<\/div>\n<\/div>\n<\/div>\n<\/div>\n","protected":false},"excerpt":{"rendered":"<div>\n<p>R\u00e9gulateurs de d\u00e9bit d&rsquo;air variable OPTIMA-RES-A<br \/>\nBo\u00eetier syst\u00e8me VAV r\u00e9sidentiel pour un contr\u00f4le efficace de la ventilation<\/p>\n<p>Fonctionnement silencieux<\/p>\n<p>Compact<\/p>\n<p>Installation facile<\/p>\n<p>Utilisation r\u00e9sidentielle<\/p>\n<\/div>\n<div class=\"flex flex-col gap-200\">\n<div class=\"flex flex-col flex-wrap gap-100 md:flex-row md:items-center gtm-purchase-option\" data-gtm-name=\"size\" data-gtm-label=\"Size\">\n<p><label class=\"flex gap-050 md:w-700 leading-none hyphens-auto print:w-full print:max-w-2\/5 text-label-small\">Size<\/label><\/p>\n<div class=\"flex flex-1 flex-wrap gap-050\"><button class=\"select-btn select-btn-small select-btn-selected gtm-purchase-option-value\" type=\"button\" data-gtm-name=\"100\" data-gtm-label=\"100\">100<\/button><button class=\"select-btn select-btn-small select-btn-default gtm-purchase-option-value\" type=\"button\" data-gtm-name=\"125\" data-gtm-label=\"125\">125<\/button><button class=\"select-btn select-btn-small select-btn-default gtm-purchase-option-value\" type=\"button\" data-gtm-name=\"160\" data-gtm-label=\"160\">160<\/button><\/div>\n<\/div>\n<\/div>\n<div class=\"gtm-sku-info flex flex-col gap-y-050 text-label-tiny text-neutral-600\">\n<div class=\"flex flex-wrap items-baseline gap-x-100 gap-y-025\"><span class=\"gtm-article-name\">\u10ea-100<\/span><span class=\"whitespace-nowrap gtm-article-number text-base font-bold\">#136213<\/span><\/div>\n<\/div>\n","protected":false},"featured_media":37756,"template":"","meta":[],"product_brand":[],"product_cat":[1866,1878,1841],"product_tag":[],"class_list":{"0":"post-37761","1":"product","2":"type-product","3":"status-publish","4":"has-post-thumbnail","6":"product_cat-controle-du-debit-dair","7":"product_cat-controleurs-de-volume-dair-variable","8":"product_cat-produits-de-distribution-dair","10":"first","11":"instock","12":"shipping-taxable","13":"product-type-simple"},"yoast_head":"<!-- This site is optimized with the Yoast SEO plugin v27.1.1 - https:\/\/yoast.com\/product\/yoast-seo-wordpress\/ -->\n<title>R\u00e9gulateurs de d\u00e9bit d&#039;air variable OPTIMA-RES-A Bo\u00eetier syst\u00e8me VAV r\u00e9sidentiel pour un contr\u00f4le efficace de la ventilation - GeoClimate.ge<\/title>\n<meta name=\"robots\" content=\"index, follow, max-snippet:-1, max-image-preview:large, max-video-preview:-1\" \/>\n<link rel=\"canonical\" href=\"https:\/\/geoclimate.ge\/fr\/produit\/optima-res-a-variable-air-volume-controllers-residential-vav-system-box-providing-effective-ventilation-control\/\" \/>\n<meta property=\"og:locale\" content=\"fr_FR\" \/>\n<meta property=\"og:type\" content=\"article\" \/>\n<meta property=\"og:title\" content=\"R\u00e9gulateurs de d\u00e9bit d&#039;air variable OPTIMA-RES-A Bo\u00eetier syst\u00e8me VAV r\u00e9sidentiel pour un contr\u00f4le efficace de la ventilation - GeoClimate.ge\" \/>\n<meta property=\"og:description\" content=\"R\u00e9gulateurs de d\u00e9bit d&#039;air variable OPTIMA-RES-A Bo\u00eetier syst\u00e8me VAV r\u00e9sidentiel pour un contr\u00f4le efficace de la ventilation  Fonctionnement silencieux  Compact  Installation facile  Utilisation r\u00e9sidentielle      Size 100125160    \u10ea-100#136213\" \/>\n<meta property=\"og:url\" content=\"https:\/\/geoclimate.ge\/fr\/produit\/optima-res-a-variable-air-volume-controllers-residential-vav-system-box-providing-effective-ventilation-control\/\" \/>\n<meta property=\"og:site_name\" content=\"GeoClimate.ge\" \/>\n<meta property=\"article:modified_time\" content=\"2025-09-07T21:39:19+00:00\" \/>\n<meta property=\"og:image\" content=\"https:\/\/geoclimate.ge\/wp-content\/uploads\/2025\/09\/PRODUCT-MAIN-IMAGE_OPTIMA_RES_A.jpg\" \/>\n\t<meta property=\"og:image:width\" content=\"384\" \/>\n\t<meta property=\"og:image:height\" content=\"288\" \/>\n\t<meta property=\"og:image:type\" content=\"image\/jpeg\" \/>\n<meta name=\"twitter:card\" content=\"summary_large_image\" \/>\n<meta name=\"twitter:label1\" content=\"Dur\u00e9e de lecture estim\u00e9e\" \/>\n\t<meta name=\"twitter:data1\" content=\"1 minute\" \/>\n<script type=\"application\/ld+json\" class=\"yoast-schema-graph\">{\"@context\":\"https:\/\/schema.org\",\"@graph\":[{\"@type\":\"WebPage\",\"@id\":\"https:\/\/geoclimate.ge\/fr\/produit\/optima-res-a-variable-air-volume-controllers-residential-vav-system-box-providing-effective-ventilation-control\/\",\"url\":\"https:\/\/geoclimate.ge\/fr\/produit\/optima-res-a-variable-air-volume-controllers-residential-vav-system-box-providing-effective-ventilation-control\/\",\"name\":\"R\u00e9gulateurs de d\u00e9bit d'air variable OPTIMA-RES-A Bo\u00eetier syst\u00e8me VAV r\u00e9sidentiel pour un contr\u00f4le efficace de la ventilation - GeoClimate.ge\",\"isPartOf\":{\"@id\":\"https:\/\/geoclimate.ge\/#website\"},\"primaryImageOfPage\":{\"@id\":\"https:\/\/geoclimate.ge\/fr\/produit\/optima-res-a-variable-air-volume-controllers-residential-vav-system-box-providing-effective-ventilation-control\/#primaryimage\"},\"image\":{\"@id\":\"https:\/\/geoclimate.ge\/fr\/produit\/optima-res-a-variable-air-volume-controllers-residential-vav-system-box-providing-effective-ventilation-control\/#primaryimage\"},\"thumbnailUrl\":\"https:\/\/geoclimate.ge\/wp-content\/uploads\/2025\/09\/PRODUCT-MAIN-IMAGE_OPTIMA_RES_A.jpg\",\"datePublished\":\"2025-09-07T21:35:42+00:00\",\"dateModified\":\"2025-09-07T21:39:19+00:00\",\"breadcrumb\":{\"@id\":\"https:\/\/geoclimate.ge\/fr\/produit\/optima-res-a-variable-air-volume-controllers-residential-vav-system-box-providing-effective-ventilation-control\/#breadcrumb\"},\"inLanguage\":\"fr-FR\",\"potentialAction\":[{\"@type\":\"ReadAction\",\"target\":[\"https:\/\/geoclimate.ge\/fr\/produit\/optima-res-a-variable-air-volume-controllers-residential-vav-system-box-providing-effective-ventilation-control\/\"]}]},{\"@type\":\"ImageObject\",\"inLanguage\":\"fr-FR\",\"@id\":\"https:\/\/geoclimate.ge\/fr\/produit\/optima-res-a-variable-air-volume-controllers-residential-vav-system-box-providing-effective-ventilation-control\/#primaryimage\",\"url\":\"https:\/\/geoclimate.ge\/wp-content\/uploads\/2025\/09\/PRODUCT-MAIN-IMAGE_OPTIMA_RES_A.jpg\",\"contentUrl\":\"https:\/\/geoclimate.ge\/wp-content\/uploads\/2025\/09\/PRODUCT-MAIN-IMAGE_OPTIMA_RES_A.jpg\",\"width\":384,\"height\":288},{\"@type\":\"BreadcrumbList\",\"@id\":\"https:\/\/geoclimate.ge\/fr\/produit\/optima-res-a-variable-air-volume-controllers-residential-vav-system-box-providing-effective-ventilation-control\/#breadcrumb\",\"itemListElement\":[{\"@type\":\"ListItem\",\"position\":1,\"name\":\"Home\",\"item\":\"https:\/\/geoclimate.ge\/fr\/\"},{\"@type\":\"ListItem\",\"position\":2,\"name\":\"Products\",\"item\":\"https:\/\/geoclimate.ge\/fr\/products\/\"},{\"@type\":\"ListItem\",\"position\":3,\"name\":\"R\u00e9gulateurs de d\u00e9bit d&#8217;air variable OPTIMA-RES-A Bo\u00eetier syst\u00e8me VAV r\u00e9sidentiel pour un contr\u00f4le efficace de la ventilation\"}]},{\"@type\":\"WebSite\",\"@id\":\"https:\/\/geoclimate.ge\/#website\",\"url\":\"https:\/\/geoclimate.ge\/\",\"name\":\"GeoClimate\",\"description\":\"\",\"publisher\":{\"@id\":\"https:\/\/geoclimate.ge\/#organization\"},\"potentialAction\":[{\"@type\":\"SearchAction\",\"target\":{\"@type\":\"EntryPoint\",\"urlTemplate\":\"https:\/\/geoclimate.ge\/?s={search_term_string}\"},\"query-input\":{\"@type\":\"PropertyValueSpecification\",\"valueRequired\":true,\"valueName\":\"search_term_string\"}}],\"inLanguage\":\"fr-FR\"},{\"@type\":\"Organization\",\"@id\":\"https:\/\/geoclimate.ge\/#organization\",\"name\":\"GeoClimate\",\"url\":\"https:\/\/geoclimate.ge\/\",\"logo\":{\"@type\":\"ImageObject\",\"inLanguage\":\"fr-FR\",\"@id\":\"https:\/\/geoclimate.ge\/#\/schema\/logo\/image\/\",\"url\":\"https:\/\/geoclimate.ge\/wp-content\/uploads\/2026\/03\/geoclimate-SEO.png\",\"contentUrl\":\"https:\/\/geoclimate.ge\/wp-content\/uploads\/2026\/03\/geoclimate-SEO.png\",\"width\":1536,\"height\":1024,\"caption\":\"GeoClimate\"},\"image\":{\"@id\":\"https:\/\/geoclimate.ge\/#\/schema\/logo\/image\/\"}}]}<\/script>\n<!-- \/ Yoast SEO plugin. -->","yoast_head_json":{"title":"R\u00e9gulateurs de d\u00e9bit d'air variable OPTIMA-RES-A Bo\u00eetier syst\u00e8me VAV r\u00e9sidentiel pour un contr\u00f4le efficace de la ventilation - GeoClimate.ge","robots":{"index":"index","follow":"follow","max-snippet":"max-snippet:-1","max-image-preview":"max-image-preview:large","max-video-preview":"max-video-preview:-1"},"canonical":"https:\/\/geoclimate.ge\/fr\/produit\/optima-res-a-variable-air-volume-controllers-residential-vav-system-box-providing-effective-ventilation-control\/","og_locale":"fr_FR","og_type":"article","og_title":"R\u00e9gulateurs de d\u00e9bit d'air variable OPTIMA-RES-A Bo\u00eetier syst\u00e8me VAV r\u00e9sidentiel pour un contr\u00f4le efficace de la ventilation - GeoClimate.ge","og_description":"R\u00e9gulateurs de d\u00e9bit d'air variable OPTIMA-RES-A Bo\u00eetier syst\u00e8me VAV r\u00e9sidentiel pour un contr\u00f4le efficace de la ventilation  Fonctionnement silencieux  Compact  Installation facile  Utilisation r\u00e9sidentielle      Size 100125160    \u10ea-100#136213","og_url":"https:\/\/geoclimate.ge\/fr\/produit\/optima-res-a-variable-air-volume-controllers-residential-vav-system-box-providing-effective-ventilation-control\/","og_site_name":"GeoClimate.ge","article_modified_time":"2025-09-07T21:39:19+00:00","og_image":[{"width":384,"height":288,"url":"https:\/\/geoclimate.ge\/wp-content\/uploads\/2025\/09\/PRODUCT-MAIN-IMAGE_OPTIMA_RES_A.jpg","type":"image\/jpeg"}],"twitter_card":"summary_large_image","twitter_misc":{"Dur\u00e9e de lecture estim\u00e9e":"1 minute"},"schema":{"@context":"https:\/\/schema.org","@graph":[{"@type":"WebPage","@id":"https:\/\/geoclimate.ge\/fr\/produit\/optima-res-a-variable-air-volume-controllers-residential-vav-system-box-providing-effective-ventilation-control\/","url":"https:\/\/geoclimate.ge\/fr\/produit\/optima-res-a-variable-air-volume-controllers-residential-vav-system-box-providing-effective-ventilation-control\/","name":"R\u00e9gulateurs de d\u00e9bit d'air variable OPTIMA-RES-A Bo\u00eetier syst\u00e8me VAV r\u00e9sidentiel pour un contr\u00f4le efficace de la ventilation - GeoClimate.ge","isPartOf":{"@id":"https:\/\/geoclimate.ge\/#website"},"primaryImageOfPage":{"@id":"https:\/\/geoclimate.ge\/fr\/produit\/optima-res-a-variable-air-volume-controllers-residential-vav-system-box-providing-effective-ventilation-control\/#primaryimage"},"image":{"@id":"https:\/\/geoclimate.ge\/fr\/produit\/optima-res-a-variable-air-volume-controllers-residential-vav-system-box-providing-effective-ventilation-control\/#primaryimage"},"thumbnailUrl":"https:\/\/geoclimate.ge\/wp-content\/uploads\/2025\/09\/PRODUCT-MAIN-IMAGE_OPTIMA_RES_A.jpg","datePublished":"2025-09-07T21:35:42+00:00","dateModified":"2025-09-07T21:39:19+00:00","breadcrumb":{"@id":"https:\/\/geoclimate.ge\/fr\/produit\/optima-res-a-variable-air-volume-controllers-residential-vav-system-box-providing-effective-ventilation-control\/#breadcrumb"},"inLanguage":"fr-FR","potentialAction":[{"@type":"ReadAction","target":["https:\/\/geoclimate.ge\/fr\/produit\/optima-res-a-variable-air-volume-controllers-residential-vav-system-box-providing-effective-ventilation-control\/"]}]},{"@type":"ImageObject","inLanguage":"fr-FR","@id":"https:\/\/geoclimate.ge\/fr\/produit\/optima-res-a-variable-air-volume-controllers-residential-vav-system-box-providing-effective-ventilation-control\/#primaryimage","url":"https:\/\/geoclimate.ge\/wp-content\/uploads\/2025\/09\/PRODUCT-MAIN-IMAGE_OPTIMA_RES_A.jpg","contentUrl":"https:\/\/geoclimate.ge\/wp-content\/uploads\/2025\/09\/PRODUCT-MAIN-IMAGE_OPTIMA_RES_A.jpg","width":384,"height":288},{"@type":"BreadcrumbList","@id":"https:\/\/geoclimate.ge\/fr\/produit\/optima-res-a-variable-air-volume-controllers-residential-vav-system-box-providing-effective-ventilation-control\/#breadcrumb","itemListElement":[{"@type":"ListItem","position":1,"name":"Home","item":"https:\/\/geoclimate.ge\/fr\/"},{"@type":"ListItem","position":2,"name":"Products","item":"https:\/\/geoclimate.ge\/fr\/products\/"},{"@type":"ListItem","position":3,"name":"R\u00e9gulateurs de d\u00e9bit d&#8217;air variable OPTIMA-RES-A Bo\u00eetier syst\u00e8me VAV r\u00e9sidentiel pour un contr\u00f4le efficace de la ventilation"}]},{"@type":"WebSite","@id":"https:\/\/geoclimate.ge\/#website","url":"https:\/\/geoclimate.ge\/","name":"GeoClimate","description":"","publisher":{"@id":"https:\/\/geoclimate.ge\/#organization"},"potentialAction":[{"@type":"SearchAction","target":{"@type":"EntryPoint","urlTemplate":"https:\/\/geoclimate.ge\/?s={search_term_string}"},"query-input":{"@type":"PropertyValueSpecification","valueRequired":true,"valueName":"search_term_string"}}],"inLanguage":"fr-FR"},{"@type":"Organization","@id":"https:\/\/geoclimate.ge\/#organization","name":"GeoClimate","url":"https:\/\/geoclimate.ge\/","logo":{"@type":"ImageObject","inLanguage":"fr-FR","@id":"https:\/\/geoclimate.ge\/#\/schema\/logo\/image\/","url":"https:\/\/geoclimate.ge\/wp-content\/uploads\/2026\/03\/geoclimate-SEO.png","contentUrl":"https:\/\/geoclimate.ge\/wp-content\/uploads\/2026\/03\/geoclimate-SEO.png","width":1536,"height":1024,"caption":"GeoClimate"},"image":{"@id":"https:\/\/geoclimate.ge\/#\/schema\/logo\/image\/"}}]}},"_links":{"self":[{"href":"https:\/\/geoclimate.ge\/fr\/wp-json\/wp\/v2\/product\/37761","targetHints":{"allow":["GET"]}}],"collection":[{"href":"https:\/\/geoclimate.ge\/fr\/wp-json\/wp\/v2\/product"}],"about":[{"href":"https:\/\/geoclimate.ge\/fr\/wp-json\/wp\/v2\/types\/product"}],"wp:featuredmedia":[{"embeddable":true,"href":"https:\/\/geoclimate.ge\/fr\/wp-json\/wp\/v2\/media\/37756"}],"wp:attachment":[{"href":"https:\/\/geoclimate.ge\/fr\/wp-json\/wp\/v2\/media?parent=37761"}],"wp:term":[{"taxonomy":"product_brand","embeddable":true,"href":"https:\/\/geoclimate.ge\/fr\/wp-json\/wp\/v2\/product_brand?post=37761"},{"taxonomy":"product_cat","embeddable":true,"href":"https:\/\/geoclimate.ge\/fr\/wp-json\/wp\/v2\/product_cat?post=37761"},{"taxonomy":"product_tag","embeddable":true,"href":"https:\/\/geoclimate.ge\/fr\/wp-json\/wp\/v2\/product_tag?post=37761"}],"curies":[{"name":"wp","href":"https:\/\/api.w.org\/{rel}","templated":true}]}}