{"id":37793,"date":"2025-09-08T13:18:56","date_gmt":"2025-09-08T09:18:56","guid":{"rendered":"https:\/\/airsystems.ge\/shop\/product\/ldr-a-a-quiet-solution-for-your-avc-needs-ldr-a-sound-attenuator-for-air-volume-control-products\/"},"modified":"2025-09-08T13:44:58","modified_gmt":"2025-09-08T09:44:58","slug":"ldr-a-a-quiet-solution-for-your-avc-needs-ldr-a-sound-attenuator-for-air-volume-control-products","status":"publish","type":"product","link":"https:\/\/geoclimate.ge\/fr\/produit\/ldr-a-a-quiet-solution-for-your-avc-needs-ldr-a-sound-attenuator-for-air-volume-control-products\/","title":{"rendered":"LDR-A &#8211; Une solution silencieuse pour vos besoins en ventilation et climatisation LDR-A Att\u00e9nuateur acoustique pour produits de r\u00e9gulation du d\u00e9bit d&rsquo;air"},"content":{"rendered":"<div class=\"mb-400 gtm-product-section container-fluid\" data-gtm-name=\"Benefits\" data-gtm-label=\"Benefits (en)\" data-gtm-vis-first-on-screen53434917_103=\"1191546\" data-gtm-vis-total-visible-time53434917_103=\"1500\" data-gtm-vis-has-fired53434917_103=\"1\">\n<div class=\"row\">\n<div class=\"content-element content-element-product-benefit col-12 sm:col-6 mb-400\">\n<div class=\"bg-card px-300 py-250 mobile-nav:px-200 mobile-nav:py-150 h-full flex overflow-hidden card-border\">\n<div class=\"min-w-0\">\n<h2 class=\"mb-100 h3\"><img loading=\"lazy\" decoding=\"async\" class=\"alignnone size-full wp-image-37779\" src=\"https:\/\/airsystems.ge\/shop\/wp-content\/uploads\/2025\/09\/filters_quality80-32.webp\" alt=\"\" width=\"1920\" height=\"640\" srcset=\"https:\/\/geoclimate.ge\/wp-content\/uploads\/2025\/09\/filters_quality80-32.webp 1920w, https:\/\/geoclimate.ge\/wp-content\/uploads\/2025\/09\/filters_quality80-32-400x133.webp 400w, https:\/\/geoclimate.ge\/wp-content\/uploads\/2025\/09\/filters_quality80-32-1300x433.webp 1300w, https:\/\/geoclimate.ge\/wp-content\/uploads\/2025\/09\/filters_quality80-32-768x256.webp 768w, https:\/\/geoclimate.ge\/wp-content\/uploads\/2025\/09\/filters_quality80-32-1536x512.webp 1536w, https:\/\/geoclimate.ge\/wp-content\/uploads\/2025\/09\/filters_quality80-32-860x287.webp 860w, https:\/\/geoclimate.ge\/wp-content\/uploads\/2025\/09\/filters_quality80-32-430x143.webp 430w, https:\/\/geoclimate.ge\/wp-content\/uploads\/2025\/09\/filters_quality80-32-700x233.webp 700w, https:\/\/geoclimate.ge\/wp-content\/uploads\/2025\/09\/filters_quality80-32-150x50.webp 150w\" sizes=\"auto, (max-width: 1920px) 100vw, 1920px\" \/><\/h2>\n<p><strong>Excellente att\u00e9nuation acoustique<\/strong><br \/>\nLDR-A offre une excellente att\u00e9nuation acoustique tout en minimisant les pertes de charge.<\/p>\n<p><strong>Compatibilit\u00e9<\/strong><br \/>\nLDR-A a \u00e9t\u00e9 con\u00e7u pour \u00eatre utilis\u00e9 avec NOTUS-S, TUNE-S et toute la gamme OPTIMA-S.<\/p>\n<p>LDR-A est un att\u00e9nuateur acoustique pour appareils rectangulaires en ligne. Il est destin\u00e9 \u00e0 \u00eatre install\u00e9 dans des conduits et des canaux pr\u00e9fabriqu\u00e9s pour les machines d&rsquo;insonorisation.<\/p>\n<p>LDR-A se compose d&rsquo;un cadre et d&rsquo;inserts d&rsquo;att\u00e9nuation. Le cadre est en acier galvanis\u00e9. Les inserts sont en laine min\u00e9rale et sont partiellement enferm\u00e9s dans un capot en acier perfor\u00e9.<\/p>\n<p>Cet att\u00e9nuateur acoustique a \u00e9t\u00e9 con\u00e7u pour \u00eatre compatible avec nos registres de contr\u00f4le du volume d&rsquo;air rectangulaires, notamment NOTUS-S, TUNE-S et toute la gamme OPTIMA-S.<\/p>\n<\/div>\n<\/div>\n<\/div>\n<\/div>\n<\/div>\n","protected":false},"excerpt":{"rendered":"<div class=\"mb-500\">\n<div class=\"container-fluid\">\n<div class=\"Hero_hero__jm83x\">\n<div class=\"row\">\n<div class=\"md:col-9 md:offset-1\">\n<div class=\"pt-300\">\n<div class=\"Hero_hero-headlines__xztrU\">\n<div class=\"n4sEPd\">\n<div class=\"FFpbKc\"><\/div>\n<\/div>\n<div class=\"QcsUad BDJ8fb BLojaf sMVRZe hCXDsb wneUed\">\n<div class=\"usGWQd\">\n<div class=\"KkbLmb\">\n<div class=\"lRu31\" dir=\"ltr\">\n<p>LDR-A &#8211; Une solution silencieuse pour vos besoins en ventilation et climatisation<br \/>\nLDR-A<br \/>\nAtt\u00e9nuateur acoustique pour produits de r\u00e9gulation du d\u00e9bit d&rsquo;air<\/p>\n<p>Excellente att\u00e9nuation acoustique<\/p>\n<p>Perte de charge mod\u00e9r\u00e9e<\/p>\n<p>Compatible avec la plupart de nos CAV, VAV et registres<\/p>\n<\/div>\n<\/div>\n<\/div>\n<\/div>\n<\/div>\n<\/div>\n<\/div>\n<\/div>\n<\/div>\n<\/div>\n<\/div>\n<div class=\"mb-400 container-fluid\">\n<div class=\"row\">\n<div class=\"col-12 sm:col-6 print:align-top\">\n<div class=\"relative mb-100\">\n<div class=\"absolute z-10 top-100 left-100 gtm-product-symbols\"><\/div>\n<div class=\"gtm-product-image ProductPage_product-images-wrap__D3XgN ProductPage_product-images-wrap-swiper__G8BNS\">\n<div class=\"swiper swiper-initialized swiper-horizontal swiper-autoheight swiper-backface-hidden\">\n<div class=\"swiper-wrapper\">\n<div class=\"swiper-slide swiper-slide-active ProductPage_product-slide__cj6Q9 relative\">\n<div class=\"absolute inset-0 flex items-center justify-center\">Width<\/div>\n<\/div>\n<\/div>\n<\/div>\n<\/div>\n<\/div>\n<\/div>\n<div id=\"product-purchasing-section\" class=\"flex flex-col gap-200 col-12 sm:col-6 gtm-product-section\" data-gtm-name=\"Purchasing\" data-gtm-label=\"Purchasing (en)\" data-gtm-vis-first-on-screen53434917_103=\"918963\" data-gtm-vis-total-visible-time53434917_103=\"1500\" data-gtm-vis-has-fired53434917_103=\"1\">\n<div class=\"flex flex-col gap-200\">\n<div class=\"flex flex-col flex-wrap gap-100 md:flex-row md:items-center gtm-purchase-option\" data-gtm-name=\"width\" data-gtm-label=\"Width\">\n<div class=\"flex flex-1 flex-wrap gap-050\">\n<div class=\"dropdown-wrapper dropdown-wrapper-small w-full gtm-purchase-option-value gtm-purchase-option-value-dropdown\"><select class=\"form-dropdown form-input form-dropdown-small\"><option value=\"200\" data-gtm-name=\"200\" data-gtm-label=\"200\">200<\/option><option value=\"250\" data-gtm-name=\"250\" data-gtm-label=\"250\">250<\/option><option value=\"300\" data-gtm-name=\"300\" data-gtm-label=\"300\">300<\/option><option value=\"350\" data-gtm-name=\"350\" data-gtm-label=\"350\">350<\/option><option value=\"400\" data-gtm-name=\"400\" data-gtm-label=\"400\">400<\/option><option value=\"450\" data-gtm-name=\"450\" data-gtm-label=\"450\">450<\/option><option value=\"500\" data-gtm-name=\"500\" data-gtm-label=\"500\">500<\/option><option value=\"550\" data-gtm-name=\"550\" data-gtm-label=\"550\">550<\/option><option value=\"600\" data-gtm-name=\"600\" data-gtm-label=\"600\">600<\/option><option value=\"650\" data-gtm-name=\"650\" data-gtm-label=\"650\">650<\/option><option value=\"700\" data-gtm-name=\"700\" data-gtm-label=\"700\">700<\/option><option value=\"750\" data-gtm-name=\"750\" data-gtm-label=\"750\">750<\/option><option value=\"800\" data-gtm-name=\"800\" data-gtm-label=\"800\">800<\/option><option value=\"850\" data-gtm-name=\"850\" data-gtm-label=\"850\">850<\/option><option value=\"900\" data-gtm-name=\"900\" data-gtm-label=\"900\">900<\/option><option value=\"950\" data-gtm-name=\"950\" data-gtm-label=\"950\">950<\/option><option value=\"1000\" data-gtm-name=\"1000\" data-gtm-label=\"1000\">1000<\/option><option value=\"1050\" data-gtm-name=\"1050\" data-gtm-label=\"1050\">1050<\/option><option value=\"1100\" data-gtm-name=\"1100\" data-gtm-label=\"1100\">1100<\/option><option value=\"1150\" data-gtm-name=\"1150\" data-gtm-label=\"1150\">1150<\/option><option value=\"1200\" data-gtm-name=\"1200\" data-gtm-label=\"1200\">1200<\/option><\/select><\/div>\n<\/div>\n<\/div>\n<div class=\"flex flex-col flex-wrap gap-100 md:flex-row md:items-center gtm-purchase-option\" data-gtm-name=\"height\" data-gtm-label=\"Height\">\n<p><label class=\"flex gap-050 md:w-700 leading-none hyphens-auto print:w-full print:max-w-2\/5 text-label-small\">Height<\/label><\/p>\n<div class=\"flex flex-1 flex-wrap gap-050\"><button class=\"select-btn select-btn-small select-btn-selected gtm-purchase-option-value\" type=\"button\" data-gtm-name=\"100\" data-gtm-label=\"100\">100<\/button><button class=\"select-btn select-btn-small select-btn-default gtm-purchase-option-value\" type=\"button\" data-gtm-name=\"150\" data-gtm-label=\"150\">150<\/button><button class=\"select-btn select-btn-small select-btn-default gtm-purchase-option-value\" type=\"button\" data-gtm-name=\"200\" data-gtm-label=\"200\">200<\/button><button class=\"select-btn select-btn-small select-btn-default select-btn-disabled gtm-purchase-option-value\" type=\"button\" data-gtm-name=\"250\" data-gtm-label=\"250\">250<\/button><button class=\"select-btn select-btn-small select-btn-default select-btn-disabled gtm-purchase-option-value\" type=\"button\" data-gtm-name=\"300\" data-gtm-label=\"300\">300<\/button><button class=\"select-btn select-btn-small select-btn-default select-btn-disabled gtm-purchase-option-value\" type=\"button\" data-gtm-name=\"350\" data-gtm-label=\"350\">350<\/button><button class=\"select-btn select-btn-small select-btn-default select-btn-disabled gtm-purchase-option-value\" type=\"button\" data-gtm-name=\"400\" data-gtm-label=\"400\">400<\/button><button class=\"select-btn select-btn-small select-btn-default select-btn-disabled gtm-purchase-option-value\" type=\"button\" data-gtm-name=\"450\" data-gtm-label=\"450\">450<\/button><button class=\"select-btn select-btn-small select-btn-default select-btn-disabled gtm-purchase-option-value\" type=\"button\" data-gtm-name=\"500\" data-gtm-label=\"500\">500<\/button><button class=\"select-btn select-btn-small select-btn-default select-btn-disabled gtm-purchase-option-value\" type=\"button\" data-gtm-name=\"550\" data-gtm-label=\"550\">550<\/button><button class=\"select-btn select-btn-small select-btn-default select-btn-disabled gtm-purchase-option-value\" type=\"button\" data-gtm-name=\"600\" data-gtm-label=\"600\">600<\/button><button class=\"select-btn select-btn-small select-btn-default select-btn-disabled gtm-purchase-option-value\" type=\"button\" data-gtm-name=\"650\" data-gtm-label=\"650\">650<\/button><button class=\"select-btn select-btn-small select-btn-default select-btn-disabled gtm-purchase-option-value\" type=\"button\" data-gtm-name=\"700\" data-gtm-label=\"700\">700<\/button><button class=\"select-btn select-btn-small select-btn-default select-btn-disabled gtm-purchase-option-value\" type=\"button\" data-gtm-name=\"750\" data-gtm-label=\"750\">750<\/button><button class=\"select-btn select-btn-small select-btn-default select-btn-disabled gtm-purchase-option-value\" type=\"button\" data-gtm-name=\"800\" data-gtm-label=\"800\">800<\/button><button class=\"select-btn select-btn-small select-btn-default select-btn-disabled gtm-purchase-option-value\" type=\"button\" data-gtm-name=\"850\" data-gtm-label=\"850\">850<\/button><button class=\"select-btn select-btn-small select-btn-default select-btn-disabled gtm-purchase-option-value\" type=\"button\" data-gtm-name=\"900\" data-gtm-label=\"900\">900<\/button><button class=\"select-btn select-btn-small select-btn-default select-btn-disabled gtm-purchase-option-value\" type=\"button\" data-gtm-name=\"950\" data-gtm-label=\"950\">950<\/button><button class=\"select-btn select-btn-small select-btn-default select-btn-disabled gtm-purchase-option-value\" type=\"button\" data-gtm-name=\"1000\" data-gtm-label=\"1000\">1000<\/button><\/div>\n<\/div>\n<\/div>\n<div class=\"gtm-sku-info flex flex-col gap-y-050 text-label-tiny text-neutral-600\">\n<div class=\"flex flex-wrap items-baseline gap-x-100 gap-y-025\"><span class=\"gtm-article-name\">LDR-A-200x100x1000<\/span><span class=\"whitespace-nowrap gtm-article-number text-base font-bold\">#247840<\/span><\/div>\n<\/div>\n<\/div>\n<\/div>\n<\/div>\n","protected":false},"featured_media":37788,"template":"","meta":[],"product_brand":[],"product_cat":[1889,1866,1841],"product_tag":[],"class_list":{"0":"post-37793","1":"product","2":"type-product","3":"status-publish","4":"has-post-thumbnail","6":"product_cat-accessoires-controle-du-volume-dair","7":"product_cat-controle-du-debit-dair","8":"product_cat-produits-de-distribution-dair","10":"first","11":"instock","12":"shipping-taxable","13":"product-type-simple"},"yoast_head":"<!-- This site is optimized with the Yoast SEO plugin v27.1.1 - https:\/\/yoast.com\/product\/yoast-seo-wordpress\/ -->\n<title>LDR-A - Une solution silencieuse pour vos besoins en ventilation et climatisation LDR-A Att\u00e9nuateur acoustique pour produits de r\u00e9gulation du d\u00e9bit d&#039;air - GeoClimate.ge<\/title>\n<meta name=\"robots\" content=\"index, follow, max-snippet:-1, max-image-preview:large, max-video-preview:-1\" \/>\n<link rel=\"canonical\" href=\"https:\/\/geoclimate.ge\/fr\/produit\/ldr-a-a-quiet-solution-for-your-avc-needs-ldr-a-sound-attenuator-for-air-volume-control-products\/\" \/>\n<meta property=\"og:locale\" content=\"fr_FR\" \/>\n<meta property=\"og:type\" content=\"article\" \/>\n<meta property=\"og:title\" content=\"LDR-A - Une solution silencieuse pour vos besoins en ventilation et climatisation LDR-A Att\u00e9nuateur acoustique pour produits de r\u00e9gulation du d\u00e9bit d&#039;air - GeoClimate.ge\" \/>\n<meta property=\"og:description\" content=\"LDR-A - Une solution silencieuse pour vos besoins en ventilation et climatisation LDR-A Att\u00e9nuateur acoustique pour produits de r\u00e9gulation du d\u00e9bit d&#039;air  Excellente att\u00e9nuation acoustique  Perte de charge mod\u00e9r\u00e9e  Compatible avec la plupart de nos CAV, VAV et registres                      Width            200 250 300 350 400 450 500 550 600 650 700 750 800 850 900 950 1000 1050 1100 1150 1200      Height 1001502002503003504004505005506006507007508008509009501000    LDR-A-200x100x1000#247840\" \/>\n<meta property=\"og:url\" content=\"https:\/\/geoclimate.ge\/fr\/produit\/ldr-a-a-quiet-solution-for-your-avc-needs-ldr-a-sound-attenuator-for-air-volume-control-products\/\" \/>\n<meta property=\"og:site_name\" content=\"GeoClimate.ge\" \/>\n<meta property=\"article:modified_time\" content=\"2025-09-08T09:44:58+00:00\" \/>\n<meta property=\"og:image\" content=\"https:\/\/geoclimate.ge\/wp-content\/uploads\/2025\/09\/LDR-A_HQ.jpg\" \/>\n\t<meta property=\"og:image:width\" content=\"384\" \/>\n\t<meta property=\"og:image:height\" content=\"311\" \/>\n\t<meta property=\"og:image:type\" content=\"image\/jpeg\" \/>\n<meta name=\"twitter:card\" content=\"summary_large_image\" \/>\n<meta name=\"twitter:label1\" content=\"Dur\u00e9e de lecture estim\u00e9e\" \/>\n\t<meta name=\"twitter:data1\" content=\"1 minute\" \/>\n<script type=\"application\/ld+json\" class=\"yoast-schema-graph\">{\"@context\":\"https:\/\/schema.org\",\"@graph\":[{\"@type\":\"WebPage\",\"@id\":\"https:\/\/geoclimate.ge\/fr\/produit\/ldr-a-a-quiet-solution-for-your-avc-needs-ldr-a-sound-attenuator-for-air-volume-control-products\/\",\"url\":\"https:\/\/geoclimate.ge\/fr\/produit\/ldr-a-a-quiet-solution-for-your-avc-needs-ldr-a-sound-attenuator-for-air-volume-control-products\/\",\"name\":\"LDR-A - Une solution silencieuse pour vos besoins en ventilation et climatisation LDR-A Att\u00e9nuateur acoustique pour produits de r\u00e9gulation du d\u00e9bit d'air - GeoClimate.ge\",\"isPartOf\":{\"@id\":\"https:\/\/geoclimate.ge\/#website\"},\"primaryImageOfPage\":{\"@id\":\"https:\/\/geoclimate.ge\/fr\/produit\/ldr-a-a-quiet-solution-for-your-avc-needs-ldr-a-sound-attenuator-for-air-volume-control-products\/#primaryimage\"},\"image\":{\"@id\":\"https:\/\/geoclimate.ge\/fr\/produit\/ldr-a-a-quiet-solution-for-your-avc-needs-ldr-a-sound-attenuator-for-air-volume-control-products\/#primaryimage\"},\"thumbnailUrl\":\"https:\/\/geoclimate.ge\/wp-content\/uploads\/2025\/09\/LDR-A_HQ.jpg\",\"datePublished\":\"2025-09-08T09:18:56+00:00\",\"dateModified\":\"2025-09-08T09:44:58+00:00\",\"breadcrumb\":{\"@id\":\"https:\/\/geoclimate.ge\/fr\/produit\/ldr-a-a-quiet-solution-for-your-avc-needs-ldr-a-sound-attenuator-for-air-volume-control-products\/#breadcrumb\"},\"inLanguage\":\"fr-FR\",\"potentialAction\":[{\"@type\":\"ReadAction\",\"target\":[\"https:\/\/geoclimate.ge\/fr\/produit\/ldr-a-a-quiet-solution-for-your-avc-needs-ldr-a-sound-attenuator-for-air-volume-control-products\/\"]}]},{\"@type\":\"ImageObject\",\"inLanguage\":\"fr-FR\",\"@id\":\"https:\/\/geoclimate.ge\/fr\/produit\/ldr-a-a-quiet-solution-for-your-avc-needs-ldr-a-sound-attenuator-for-air-volume-control-products\/#primaryimage\",\"url\":\"https:\/\/geoclimate.ge\/wp-content\/uploads\/2025\/09\/LDR-A_HQ.jpg\",\"contentUrl\":\"https:\/\/geoclimate.ge\/wp-content\/uploads\/2025\/09\/LDR-A_HQ.jpg\",\"width\":384,\"height\":311},{\"@type\":\"BreadcrumbList\",\"@id\":\"https:\/\/geoclimate.ge\/fr\/produit\/ldr-a-a-quiet-solution-for-your-avc-needs-ldr-a-sound-attenuator-for-air-volume-control-products\/#breadcrumb\",\"itemListElement\":[{\"@type\":\"ListItem\",\"position\":1,\"name\":\"Home\",\"item\":\"https:\/\/geoclimate.ge\/fr\/\"},{\"@type\":\"ListItem\",\"position\":2,\"name\":\"Products\",\"item\":\"https:\/\/geoclimate.ge\/fr\/products\/\"},{\"@type\":\"ListItem\",\"position\":3,\"name\":\"LDR-A &#8211; Une solution silencieuse pour vos besoins en ventilation et climatisation LDR-A Att\u00e9nuateur acoustique pour produits de r\u00e9gulation du d\u00e9bit d&#8217;air\"}]},{\"@type\":\"WebSite\",\"@id\":\"https:\/\/geoclimate.ge\/#website\",\"url\":\"https:\/\/geoclimate.ge\/\",\"name\":\"GeoClimate\",\"description\":\"\",\"publisher\":{\"@id\":\"https:\/\/geoclimate.ge\/#organization\"},\"potentialAction\":[{\"@type\":\"SearchAction\",\"target\":{\"@type\":\"EntryPoint\",\"urlTemplate\":\"https:\/\/geoclimate.ge\/?s={search_term_string}\"},\"query-input\":{\"@type\":\"PropertyValueSpecification\",\"valueRequired\":true,\"valueName\":\"search_term_string\"}}],\"inLanguage\":\"fr-FR\"},{\"@type\":\"Organization\",\"@id\":\"https:\/\/geoclimate.ge\/#organization\",\"name\":\"GeoClimate\",\"url\":\"https:\/\/geoclimate.ge\/\",\"logo\":{\"@type\":\"ImageObject\",\"inLanguage\":\"fr-FR\",\"@id\":\"https:\/\/geoclimate.ge\/#\/schema\/logo\/image\/\",\"url\":\"https:\/\/geoclimate.ge\/wp-content\/uploads\/2026\/03\/geoclimate-SEO.png\",\"contentUrl\":\"https:\/\/geoclimate.ge\/wp-content\/uploads\/2026\/03\/geoclimate-SEO.png\",\"width\":1536,\"height\":1024,\"caption\":\"GeoClimate\"},\"image\":{\"@id\":\"https:\/\/geoclimate.ge\/#\/schema\/logo\/image\/\"}}]}<\/script>\n<!-- \/ Yoast SEO plugin. -->","yoast_head_json":{"title":"LDR-A - Une solution silencieuse pour vos besoins en ventilation et climatisation LDR-A Att\u00e9nuateur acoustique pour produits de r\u00e9gulation du d\u00e9bit d'air - GeoClimate.ge","robots":{"index":"index","follow":"follow","max-snippet":"max-snippet:-1","max-image-preview":"max-image-preview:large","max-video-preview":"max-video-preview:-1"},"canonical":"https:\/\/geoclimate.ge\/fr\/produit\/ldr-a-a-quiet-solution-for-your-avc-needs-ldr-a-sound-attenuator-for-air-volume-control-products\/","og_locale":"fr_FR","og_type":"article","og_title":"LDR-A - Une solution silencieuse pour vos besoins en ventilation et climatisation LDR-A Att\u00e9nuateur acoustique pour produits de r\u00e9gulation du d\u00e9bit d'air - GeoClimate.ge","og_description":"LDR-A - Une solution silencieuse pour vos besoins en ventilation et climatisation LDR-A Att\u00e9nuateur acoustique pour produits de r\u00e9gulation du d\u00e9bit d'air  Excellente att\u00e9nuation acoustique  Perte de charge mod\u00e9r\u00e9e  Compatible avec la plupart de nos CAV, VAV et registres                      Width            200 250 300 350 400 450 500 550 600 650 700 750 800 850 900 950 1000 1050 1100 1150 1200      Height 1001502002503003504004505005506006507007508008509009501000    LDR-A-200x100x1000#247840","og_url":"https:\/\/geoclimate.ge\/fr\/produit\/ldr-a-a-quiet-solution-for-your-avc-needs-ldr-a-sound-attenuator-for-air-volume-control-products\/","og_site_name":"GeoClimate.ge","article_modified_time":"2025-09-08T09:44:58+00:00","og_image":[{"width":384,"height":311,"url":"https:\/\/geoclimate.ge\/wp-content\/uploads\/2025\/09\/LDR-A_HQ.jpg","type":"image\/jpeg"}],"twitter_card":"summary_large_image","twitter_misc":{"Dur\u00e9e de lecture estim\u00e9e":"1 minute"},"schema":{"@context":"https:\/\/schema.org","@graph":[{"@type":"WebPage","@id":"https:\/\/geoclimate.ge\/fr\/produit\/ldr-a-a-quiet-solution-for-your-avc-needs-ldr-a-sound-attenuator-for-air-volume-control-products\/","url":"https:\/\/geoclimate.ge\/fr\/produit\/ldr-a-a-quiet-solution-for-your-avc-needs-ldr-a-sound-attenuator-for-air-volume-control-products\/","name":"LDR-A - Une solution silencieuse pour vos besoins en ventilation et climatisation LDR-A Att\u00e9nuateur acoustique pour produits de r\u00e9gulation du d\u00e9bit d'air - GeoClimate.ge","isPartOf":{"@id":"https:\/\/geoclimate.ge\/#website"},"primaryImageOfPage":{"@id":"https:\/\/geoclimate.ge\/fr\/produit\/ldr-a-a-quiet-solution-for-your-avc-needs-ldr-a-sound-attenuator-for-air-volume-control-products\/#primaryimage"},"image":{"@id":"https:\/\/geoclimate.ge\/fr\/produit\/ldr-a-a-quiet-solution-for-your-avc-needs-ldr-a-sound-attenuator-for-air-volume-control-products\/#primaryimage"},"thumbnailUrl":"https:\/\/geoclimate.ge\/wp-content\/uploads\/2025\/09\/LDR-A_HQ.jpg","datePublished":"2025-09-08T09:18:56+00:00","dateModified":"2025-09-08T09:44:58+00:00","breadcrumb":{"@id":"https:\/\/geoclimate.ge\/fr\/produit\/ldr-a-a-quiet-solution-for-your-avc-needs-ldr-a-sound-attenuator-for-air-volume-control-products\/#breadcrumb"},"inLanguage":"fr-FR","potentialAction":[{"@type":"ReadAction","target":["https:\/\/geoclimate.ge\/fr\/produit\/ldr-a-a-quiet-solution-for-your-avc-needs-ldr-a-sound-attenuator-for-air-volume-control-products\/"]}]},{"@type":"ImageObject","inLanguage":"fr-FR","@id":"https:\/\/geoclimate.ge\/fr\/produit\/ldr-a-a-quiet-solution-for-your-avc-needs-ldr-a-sound-attenuator-for-air-volume-control-products\/#primaryimage","url":"https:\/\/geoclimate.ge\/wp-content\/uploads\/2025\/09\/LDR-A_HQ.jpg","contentUrl":"https:\/\/geoclimate.ge\/wp-content\/uploads\/2025\/09\/LDR-A_HQ.jpg","width":384,"height":311},{"@type":"BreadcrumbList","@id":"https:\/\/geoclimate.ge\/fr\/produit\/ldr-a-a-quiet-solution-for-your-avc-needs-ldr-a-sound-attenuator-for-air-volume-control-products\/#breadcrumb","itemListElement":[{"@type":"ListItem","position":1,"name":"Home","item":"https:\/\/geoclimate.ge\/fr\/"},{"@type":"ListItem","position":2,"name":"Products","item":"https:\/\/geoclimate.ge\/fr\/products\/"},{"@type":"ListItem","position":3,"name":"LDR-A &#8211; Une solution silencieuse pour vos besoins en ventilation et climatisation LDR-A Att\u00e9nuateur acoustique pour produits de r\u00e9gulation du d\u00e9bit d&#8217;air"}]},{"@type":"WebSite","@id":"https:\/\/geoclimate.ge\/#website","url":"https:\/\/geoclimate.ge\/","name":"GeoClimate","description":"","publisher":{"@id":"https:\/\/geoclimate.ge\/#organization"},"potentialAction":[{"@type":"SearchAction","target":{"@type":"EntryPoint","urlTemplate":"https:\/\/geoclimate.ge\/?s={search_term_string}"},"query-input":{"@type":"PropertyValueSpecification","valueRequired":true,"valueName":"search_term_string"}}],"inLanguage":"fr-FR"},{"@type":"Organization","@id":"https:\/\/geoclimate.ge\/#organization","name":"GeoClimate","url":"https:\/\/geoclimate.ge\/","logo":{"@type":"ImageObject","inLanguage":"fr-FR","@id":"https:\/\/geoclimate.ge\/#\/schema\/logo\/image\/","url":"https:\/\/geoclimate.ge\/wp-content\/uploads\/2026\/03\/geoclimate-SEO.png","contentUrl":"https:\/\/geoclimate.ge\/wp-content\/uploads\/2026\/03\/geoclimate-SEO.png","width":1536,"height":1024,"caption":"GeoClimate"},"image":{"@id":"https:\/\/geoclimate.ge\/#\/schema\/logo\/image\/"}}]}},"_links":{"self":[{"href":"https:\/\/geoclimate.ge\/fr\/wp-json\/wp\/v2\/product\/37793","targetHints":{"allow":["GET"]}}],"collection":[{"href":"https:\/\/geoclimate.ge\/fr\/wp-json\/wp\/v2\/product"}],"about":[{"href":"https:\/\/geoclimate.ge\/fr\/wp-json\/wp\/v2\/types\/product"}],"wp:featuredmedia":[{"embeddable":true,"href":"https:\/\/geoclimate.ge\/fr\/wp-json\/wp\/v2\/media\/37788"}],"wp:attachment":[{"href":"https:\/\/geoclimate.ge\/fr\/wp-json\/wp\/v2\/media?parent=37793"}],"wp:term":[{"taxonomy":"product_brand","embeddable":true,"href":"https:\/\/geoclimate.ge\/fr\/wp-json\/wp\/v2\/product_brand?post=37793"},{"taxonomy":"product_cat","embeddable":true,"href":"https:\/\/geoclimate.ge\/fr\/wp-json\/wp\/v2\/product_cat?post=37793"},{"taxonomy":"product_tag","embeddable":true,"href":"https:\/\/geoclimate.ge\/fr\/wp-json\/wp\/v2\/product_tag?post=37793"}],"curies":[{"name":"wp","href":"https:\/\/api.w.org\/{rel}","templated":true}]}}