{"id":37865,"date":"2025-09-08T16:47:44","date_gmt":"2025-09-08T12:47:44","guid":{"rendered":"https:\/\/airsystems.ge\/shop\/product\/cfc-w-clean-filtering-cassettes-clean-filtering-cassette-with-a-ventilation-grille-hepa-filter-cassette\/"},"modified":"2025-09-08T17:05:58","modified_gmt":"2025-09-08T13:05:58","slug":"cfc-w-clean-filtering-cassettes-clean-filtering-cassette-with-a-ventilation-grille-hepa-filter-cassette","status":"publish","type":"product","link":"https:\/\/geoclimate.ge\/fr\/produit\/cfc-w-clean-filtering-cassettes-clean-filtering-cassette-with-a-ventilation-grille-hepa-filter-cassette\/","title":{"rendered":"Cassettes filtrantes propres CFC-W. Cassette filtrante propre avec grille de ventilation. Cassette filtrante HEPA"},"content":{"rendered":"<p><strong>Filtration haute efficacit\u00e9<\/strong><br \/>\nLa CFC-W est con\u00e7ue pour filtrer l&rsquo;air ambiant des zones exigeantes en mati\u00e8re d&rsquo;hygi\u00e8ne et d&rsquo;absence de particules.<\/p>\n<p><strong>T\u00f4le d&rsquo;acier<\/strong><br \/>\nLa CFC-W est fabriqu\u00e9e en t\u00f4le d&rsquo;acier au carbone avec une finition de surface thermolaqu\u00e9e, blanc de s\u00e9curit\u00e9 RAL9003 brillant 30 % en standard.<\/p>\n<p><strong>Installation adaptable<\/strong><br \/>\nLa CFC-W s&rsquo;adapte \u00e0 diff\u00e9rents types de murs.<\/p>\n<p>La CFC-W est une cassette filtrante propre con\u00e7ue pour offrir une filtration \u00e9lev\u00e9e dans les espaces exigeants en mati\u00e8re d&rsquo;hygi\u00e8ne et d&rsquo;absence de particules. Cela inclut les blocs op\u00e9ratoires, les unit\u00e9s de soins intensifs, les laboratoires et les zones de production propre. Une version pour les applications moins exigeantes est \u00e9galement disponible. Elle est con\u00e7ue pour \u00eatre install\u00e9e sur diff\u00e9rents types de murs. Son entretien et son nettoyage sont simples et il est possible de v\u00e9rifier l&rsquo;\u00e9tanch\u00e9it\u00e9 du joint du filtre et son niveau d&rsquo;encrassement.<\/p>\n<p>Le filtre CFC-W est fabriqu\u00e9 en t\u00f4le d&rsquo;acier au carbone avec une finition de surface thermolaqu\u00e9e, blanc de s\u00e9curit\u00e9 RAL9003 brillant 30 % en standard. D&rsquo;autres couleurs RAL sont disponibles sur demande. Les joints structurels des bo\u00eetiers de la cassette filtrante propre sont soud\u00e9s de mani\u00e8re uniforme pour garantir l&rsquo;\u00e9tanch\u00e9it\u00e9 de la cassette, \u00e0 l&rsquo;avant comme \u00e0 l&rsquo;arri\u00e8re du filtre.<\/p>\n","protected":false},"excerpt":{"rendered":"<div>\n<p>Cassettes filtrantes propres CFC-W. Cassette filtrante propre avec grille de ventilation.<br \/>\nCassette filtrante HEPA<\/p>\n<p>Installation murale adaptable<\/p>\n<p>Haute efficacit\u00e9<\/p>\n<p>Entretien simple<\/p>\n<\/div>\n<div>\n<div class=\"dropdown-wrapper\"><select class=\"form-dropdown form-input\"><option value=\"A-CFC-W\">CFC-W<\/option><option value=\"229832\">CFC-W-610x305x80-SW<\/option><\/select><\/div>\n<\/div>\n<div class=\"gtm-sku-info flex flex-col gap-y-050 text-label-tiny text-neutral-600\">\n<div class=\"flex flex-wrap items-baseline gap-x-100 gap-y-025\"><span class=\"gtm-article-name\">CFC-W<\/span><span class=\"whitespace-nowrap gtm-article-number text-base font-bold\">#A-CFC-W<\/span><\/div>\n<\/div>\n","protected":false},"featured_media":37848,"template":"","meta":[],"product_brand":[],"product_cat":[1967,1895,1841],"product_tag":[],"class_list":{"0":"post-37865","1":"product","2":"type-product","3":"status-publish","4":"has-post-thumbnail","6":"product_cat-cassettes-filtrantes-propres","7":"product_cat-diffuseurs-diffuseurs-pour-la-ventilation","8":"product_cat-produits-de-distribution-dair","10":"first","11":"instock","12":"shipping-taxable","13":"product-type-simple"},"yoast_head":"<!-- This site is optimized with the Yoast SEO plugin v27.1.1 - https:\/\/yoast.com\/product\/yoast-seo-wordpress\/ -->\n<title>Cassettes filtrantes propres CFC-W. Cassette filtrante propre avec grille de ventilation. Cassette filtrante HEPA - GeoClimate.ge<\/title>\n<meta name=\"robots\" content=\"index, follow, max-snippet:-1, max-image-preview:large, max-video-preview:-1\" \/>\n<link rel=\"canonical\" href=\"https:\/\/geoclimate.ge\/fr\/produit\/cfc-w-clean-filtering-cassettes-clean-filtering-cassette-with-a-ventilation-grille-hepa-filter-cassette\/\" \/>\n<meta property=\"og:locale\" content=\"fr_FR\" \/>\n<meta property=\"og:type\" content=\"article\" \/>\n<meta property=\"og:title\" content=\"Cassettes filtrantes propres CFC-W. Cassette filtrante propre avec grille de ventilation. Cassette filtrante HEPA - GeoClimate.ge\" \/>\n<meta property=\"og:description\" content=\"Cassettes filtrantes propres CFC-W. Cassette filtrante propre avec grille de ventilation. Cassette filtrante HEPA  Installation murale adaptable  Haute efficacit\u00e9  Entretien simple     CFC-W CFC-W-610x305x80-SW    CFC-W#A-CFC-W\" \/>\n<meta property=\"og:url\" content=\"https:\/\/geoclimate.ge\/fr\/produit\/cfc-w-clean-filtering-cassettes-clean-filtering-cassette-with-a-ventilation-grille-hepa-filter-cassette\/\" \/>\n<meta property=\"og:site_name\" content=\"GeoClimate.ge\" \/>\n<meta property=\"article:modified_time\" content=\"2025-09-08T13:05:58+00:00\" \/>\n<meta property=\"og:image\" content=\"https:\/\/geoclimate.ge\/wp-content\/uploads\/2025\/09\/RENDERING_CFC-W_HQ.jpg\" \/>\n\t<meta property=\"og:image:width\" content=\"384\" \/>\n\t<meta property=\"og:image:height\" content=\"288\" \/>\n\t<meta property=\"og:image:type\" content=\"image\/jpeg\" \/>\n<meta name=\"twitter:card\" content=\"summary_large_image\" \/>\n<meta name=\"twitter:label1\" content=\"Dur\u00e9e de lecture estim\u00e9e\" \/>\n\t<meta name=\"twitter:data1\" content=\"1 minute\" \/>\n<script type=\"application\/ld+json\" class=\"yoast-schema-graph\">{\"@context\":\"https:\/\/schema.org\",\"@graph\":[{\"@type\":\"WebPage\",\"@id\":\"https:\/\/geoclimate.ge\/fr\/produit\/cfc-w-clean-filtering-cassettes-clean-filtering-cassette-with-a-ventilation-grille-hepa-filter-cassette\/\",\"url\":\"https:\/\/geoclimate.ge\/fr\/produit\/cfc-w-clean-filtering-cassettes-clean-filtering-cassette-with-a-ventilation-grille-hepa-filter-cassette\/\",\"name\":\"Cassettes filtrantes propres CFC-W. Cassette filtrante propre avec grille de ventilation. Cassette filtrante HEPA - GeoClimate.ge\",\"isPartOf\":{\"@id\":\"https:\/\/geoclimate.ge\/#website\"},\"primaryImageOfPage\":{\"@id\":\"https:\/\/geoclimate.ge\/fr\/produit\/cfc-w-clean-filtering-cassettes-clean-filtering-cassette-with-a-ventilation-grille-hepa-filter-cassette\/#primaryimage\"},\"image\":{\"@id\":\"https:\/\/geoclimate.ge\/fr\/produit\/cfc-w-clean-filtering-cassettes-clean-filtering-cassette-with-a-ventilation-grille-hepa-filter-cassette\/#primaryimage\"},\"thumbnailUrl\":\"https:\/\/geoclimate.ge\/wp-content\/uploads\/2025\/09\/RENDERING_CFC-W_HQ.jpg\",\"datePublished\":\"2025-09-08T12:47:44+00:00\",\"dateModified\":\"2025-09-08T13:05:58+00:00\",\"breadcrumb\":{\"@id\":\"https:\/\/geoclimate.ge\/fr\/produit\/cfc-w-clean-filtering-cassettes-clean-filtering-cassette-with-a-ventilation-grille-hepa-filter-cassette\/#breadcrumb\"},\"inLanguage\":\"fr-FR\",\"potentialAction\":[{\"@type\":\"ReadAction\",\"target\":[\"https:\/\/geoclimate.ge\/fr\/produit\/cfc-w-clean-filtering-cassettes-clean-filtering-cassette-with-a-ventilation-grille-hepa-filter-cassette\/\"]}]},{\"@type\":\"ImageObject\",\"inLanguage\":\"fr-FR\",\"@id\":\"https:\/\/geoclimate.ge\/fr\/produit\/cfc-w-clean-filtering-cassettes-clean-filtering-cassette-with-a-ventilation-grille-hepa-filter-cassette\/#primaryimage\",\"url\":\"https:\/\/geoclimate.ge\/wp-content\/uploads\/2025\/09\/RENDERING_CFC-W_HQ.jpg\",\"contentUrl\":\"https:\/\/geoclimate.ge\/wp-content\/uploads\/2025\/09\/RENDERING_CFC-W_HQ.jpg\",\"width\":384,\"height\":288},{\"@type\":\"BreadcrumbList\",\"@id\":\"https:\/\/geoclimate.ge\/fr\/produit\/cfc-w-clean-filtering-cassettes-clean-filtering-cassette-with-a-ventilation-grille-hepa-filter-cassette\/#breadcrumb\",\"itemListElement\":[{\"@type\":\"ListItem\",\"position\":1,\"name\":\"Home\",\"item\":\"https:\/\/geoclimate.ge\/fr\/\"},{\"@type\":\"ListItem\",\"position\":2,\"name\":\"Products\",\"item\":\"https:\/\/geoclimate.ge\/fr\/products\/\"},{\"@type\":\"ListItem\",\"position\":3,\"name\":\"Cassettes filtrantes propres CFC-W. Cassette filtrante propre avec grille de ventilation. Cassette filtrante HEPA\"}]},{\"@type\":\"WebSite\",\"@id\":\"https:\/\/geoclimate.ge\/#website\",\"url\":\"https:\/\/geoclimate.ge\/\",\"name\":\"GeoClimate\",\"description\":\"\",\"publisher\":{\"@id\":\"https:\/\/geoclimate.ge\/#organization\"},\"potentialAction\":[{\"@type\":\"SearchAction\",\"target\":{\"@type\":\"EntryPoint\",\"urlTemplate\":\"https:\/\/geoclimate.ge\/?s={search_term_string}\"},\"query-input\":{\"@type\":\"PropertyValueSpecification\",\"valueRequired\":true,\"valueName\":\"search_term_string\"}}],\"inLanguage\":\"fr-FR\"},{\"@type\":\"Organization\",\"@id\":\"https:\/\/geoclimate.ge\/#organization\",\"name\":\"GeoClimate\",\"url\":\"https:\/\/geoclimate.ge\/\",\"logo\":{\"@type\":\"ImageObject\",\"inLanguage\":\"fr-FR\",\"@id\":\"https:\/\/geoclimate.ge\/#\/schema\/logo\/image\/\",\"url\":\"https:\/\/geoclimate.ge\/wp-content\/uploads\/2026\/03\/geoclimate-SEO.png\",\"contentUrl\":\"https:\/\/geoclimate.ge\/wp-content\/uploads\/2026\/03\/geoclimate-SEO.png\",\"width\":1536,\"height\":1024,\"caption\":\"GeoClimate\"},\"image\":{\"@id\":\"https:\/\/geoclimate.ge\/#\/schema\/logo\/image\/\"}}]}<\/script>\n<!-- \/ Yoast SEO plugin. -->","yoast_head_json":{"title":"Cassettes filtrantes propres CFC-W. Cassette filtrante propre avec grille de ventilation. Cassette filtrante HEPA - GeoClimate.ge","robots":{"index":"index","follow":"follow","max-snippet":"max-snippet:-1","max-image-preview":"max-image-preview:large","max-video-preview":"max-video-preview:-1"},"canonical":"https:\/\/geoclimate.ge\/fr\/produit\/cfc-w-clean-filtering-cassettes-clean-filtering-cassette-with-a-ventilation-grille-hepa-filter-cassette\/","og_locale":"fr_FR","og_type":"article","og_title":"Cassettes filtrantes propres CFC-W. Cassette filtrante propre avec grille de ventilation. Cassette filtrante HEPA - GeoClimate.ge","og_description":"Cassettes filtrantes propres CFC-W. Cassette filtrante propre avec grille de ventilation. Cassette filtrante HEPA  Installation murale adaptable  Haute efficacit\u00e9  Entretien simple     CFC-W CFC-W-610x305x80-SW    CFC-W#A-CFC-W","og_url":"https:\/\/geoclimate.ge\/fr\/produit\/cfc-w-clean-filtering-cassettes-clean-filtering-cassette-with-a-ventilation-grille-hepa-filter-cassette\/","og_site_name":"GeoClimate.ge","article_modified_time":"2025-09-08T13:05:58+00:00","og_image":[{"width":384,"height":288,"url":"https:\/\/geoclimate.ge\/wp-content\/uploads\/2025\/09\/RENDERING_CFC-W_HQ.jpg","type":"image\/jpeg"}],"twitter_card":"summary_large_image","twitter_misc":{"Dur\u00e9e de lecture estim\u00e9e":"1 minute"},"schema":{"@context":"https:\/\/schema.org","@graph":[{"@type":"WebPage","@id":"https:\/\/geoclimate.ge\/fr\/produit\/cfc-w-clean-filtering-cassettes-clean-filtering-cassette-with-a-ventilation-grille-hepa-filter-cassette\/","url":"https:\/\/geoclimate.ge\/fr\/produit\/cfc-w-clean-filtering-cassettes-clean-filtering-cassette-with-a-ventilation-grille-hepa-filter-cassette\/","name":"Cassettes filtrantes propres CFC-W. Cassette filtrante propre avec grille de ventilation. Cassette filtrante HEPA - GeoClimate.ge","isPartOf":{"@id":"https:\/\/geoclimate.ge\/#website"},"primaryImageOfPage":{"@id":"https:\/\/geoclimate.ge\/fr\/produit\/cfc-w-clean-filtering-cassettes-clean-filtering-cassette-with-a-ventilation-grille-hepa-filter-cassette\/#primaryimage"},"image":{"@id":"https:\/\/geoclimate.ge\/fr\/produit\/cfc-w-clean-filtering-cassettes-clean-filtering-cassette-with-a-ventilation-grille-hepa-filter-cassette\/#primaryimage"},"thumbnailUrl":"https:\/\/geoclimate.ge\/wp-content\/uploads\/2025\/09\/RENDERING_CFC-W_HQ.jpg","datePublished":"2025-09-08T12:47:44+00:00","dateModified":"2025-09-08T13:05:58+00:00","breadcrumb":{"@id":"https:\/\/geoclimate.ge\/fr\/produit\/cfc-w-clean-filtering-cassettes-clean-filtering-cassette-with-a-ventilation-grille-hepa-filter-cassette\/#breadcrumb"},"inLanguage":"fr-FR","potentialAction":[{"@type":"ReadAction","target":["https:\/\/geoclimate.ge\/fr\/produit\/cfc-w-clean-filtering-cassettes-clean-filtering-cassette-with-a-ventilation-grille-hepa-filter-cassette\/"]}]},{"@type":"ImageObject","inLanguage":"fr-FR","@id":"https:\/\/geoclimate.ge\/fr\/produit\/cfc-w-clean-filtering-cassettes-clean-filtering-cassette-with-a-ventilation-grille-hepa-filter-cassette\/#primaryimage","url":"https:\/\/geoclimate.ge\/wp-content\/uploads\/2025\/09\/RENDERING_CFC-W_HQ.jpg","contentUrl":"https:\/\/geoclimate.ge\/wp-content\/uploads\/2025\/09\/RENDERING_CFC-W_HQ.jpg","width":384,"height":288},{"@type":"BreadcrumbList","@id":"https:\/\/geoclimate.ge\/fr\/produit\/cfc-w-clean-filtering-cassettes-clean-filtering-cassette-with-a-ventilation-grille-hepa-filter-cassette\/#breadcrumb","itemListElement":[{"@type":"ListItem","position":1,"name":"Home","item":"https:\/\/geoclimate.ge\/fr\/"},{"@type":"ListItem","position":2,"name":"Products","item":"https:\/\/geoclimate.ge\/fr\/products\/"},{"@type":"ListItem","position":3,"name":"Cassettes filtrantes propres CFC-W. Cassette filtrante propre avec grille de ventilation. Cassette filtrante HEPA"}]},{"@type":"WebSite","@id":"https:\/\/geoclimate.ge\/#website","url":"https:\/\/geoclimate.ge\/","name":"GeoClimate","description":"","publisher":{"@id":"https:\/\/geoclimate.ge\/#organization"},"potentialAction":[{"@type":"SearchAction","target":{"@type":"EntryPoint","urlTemplate":"https:\/\/geoclimate.ge\/?s={search_term_string}"},"query-input":{"@type":"PropertyValueSpecification","valueRequired":true,"valueName":"search_term_string"}}],"inLanguage":"fr-FR"},{"@type":"Organization","@id":"https:\/\/geoclimate.ge\/#organization","name":"GeoClimate","url":"https:\/\/geoclimate.ge\/","logo":{"@type":"ImageObject","inLanguage":"fr-FR","@id":"https:\/\/geoclimate.ge\/#\/schema\/logo\/image\/","url":"https:\/\/geoclimate.ge\/wp-content\/uploads\/2026\/03\/geoclimate-SEO.png","contentUrl":"https:\/\/geoclimate.ge\/wp-content\/uploads\/2026\/03\/geoclimate-SEO.png","width":1536,"height":1024,"caption":"GeoClimate"},"image":{"@id":"https:\/\/geoclimate.ge\/#\/schema\/logo\/image\/"}}]}},"_links":{"self":[{"href":"https:\/\/geoclimate.ge\/fr\/wp-json\/wp\/v2\/product\/37865","targetHints":{"allow":["GET"]}}],"collection":[{"href":"https:\/\/geoclimate.ge\/fr\/wp-json\/wp\/v2\/product"}],"about":[{"href":"https:\/\/geoclimate.ge\/fr\/wp-json\/wp\/v2\/types\/product"}],"wp:featuredmedia":[{"embeddable":true,"href":"https:\/\/geoclimate.ge\/fr\/wp-json\/wp\/v2\/media\/37848"}],"wp:attachment":[{"href":"https:\/\/geoclimate.ge\/fr\/wp-json\/wp\/v2\/media?parent=37865"}],"wp:term":[{"taxonomy":"product_brand","embeddable":true,"href":"https:\/\/geoclimate.ge\/fr\/wp-json\/wp\/v2\/product_brand?post=37865"},{"taxonomy":"product_cat","embeddable":true,"href":"https:\/\/geoclimate.ge\/fr\/wp-json\/wp\/v2\/product_cat?post=37865"},{"taxonomy":"product_tag","embeddable":true,"href":"https:\/\/geoclimate.ge\/fr\/wp-json\/wp\/v2\/product_tag?post=37865"}],"curies":[{"name":"wp","href":"https:\/\/api.w.org\/{rel}","templated":true}]}}