{"id":37980,"date":"2025-09-08T18:01:59","date_gmt":"2025-09-08T14:01:59","guid":{"rendered":"https:\/\/airsystems.ge\/shop\/product\/ov-s-transfer-units-square-wall-air-transfer-device\/"},"modified":"2025-09-08T18:16:21","modified_gmt":"2025-09-08T14:16:21","slug":"ov-s-transfer-units-square-wall-air-transfer-device","status":"publish","type":"product","link":"https:\/\/geoclimate.ge\/fr\/produit\/ov-s-transfer-units-square-wall-air-transfer-device\/","title":{"rendered":"Unit\u00e9s de transfert OV-S Dispositif de transfert d&rsquo;air mural carr\u00e9"},"content":{"rendered":"<div class=\"mb-400 gtm-product-section container-fluid\" data-gtm-name=\"Benefits\" data-gtm-label=\"Benefits (en)\" data-gtm-vis-recent-on-screen53434917_103=\"93061\" data-gtm-vis-first-on-screen53434917_103=\"93061\" data-gtm-vis-total-visible-time53434917_103=\"1500\" data-gtm-vis-has-fired53434917_103=\"1\">\n<div class=\"row\">\n<div class=\"content-element content-element-product-benefit col-12 sm:col-6 mb-400\">\n<div class=\"bg-card px-300 py-250 mobile-nav:px-200 mobile-nav:py-150 h-full flex overflow-hidden card-border\">\n<div class=\"min-w-0\">\n<h2 class=\"mb-100 h3\"><img loading=\"lazy\" decoding=\"async\" class=\"alignnone size-full wp-image-37951\" src=\"https:\/\/airsystems.ge\/shop\/wp-content\/uploads\/2025\/09\/filters_quality80-36.webp\" alt=\"\" width=\"1920\" height=\"648\" srcset=\"https:\/\/geoclimate.ge\/wp-content\/uploads\/2025\/09\/filters_quality80-36.webp 1920w, https:\/\/geoclimate.ge\/wp-content\/uploads\/2025\/09\/filters_quality80-36-400x135.webp 400w, https:\/\/geoclimate.ge\/wp-content\/uploads\/2025\/09\/filters_quality80-36-1300x439.webp 1300w, https:\/\/geoclimate.ge\/wp-content\/uploads\/2025\/09\/filters_quality80-36-768x259.webp 768w, https:\/\/geoclimate.ge\/wp-content\/uploads\/2025\/09\/filters_quality80-36-1536x518.webp 1536w, https:\/\/geoclimate.ge\/wp-content\/uploads\/2025\/09\/filters_quality80-36-860x290.webp 860w, https:\/\/geoclimate.ge\/wp-content\/uploads\/2025\/09\/filters_quality80-36-430x145.webp 430w, https:\/\/geoclimate.ge\/wp-content\/uploads\/2025\/09\/filters_quality80-36-700x236.webp 700w, https:\/\/geoclimate.ge\/wp-content\/uploads\/2025\/09\/filters_quality80-36-150x51.webp 150w\" sizes=\"auto, (max-width: 1920px) 100vw, 1920px\" \/><\/h2>\n<p><strong>Efficacit\u00e9<\/strong><br \/>\nOV-S ne fait aucun compromis sur l&rsquo;efficacit\u00e9 du transfert d&rsquo;air. Con\u00e7u pour maintenir une faible r\u00e9sistance au transfert d&rsquo;air, il garantit un \u00e9change d&rsquo;air efficace et fluide entre les pi\u00e8ces.<\/p>\n<p><strong>Design \u00e9l\u00e9gant<\/strong><br \/>\nMalgr\u00e9 ses performances exceptionnelles, l&rsquo;OV-S affiche un design discret, fin et compact. Cette esth\u00e9tique garantit une int\u00e9gration parfaite de l&rsquo;appareil dans le mur, s&rsquo;int\u00e9grant harmonieusement \u00e0 l&rsquo;espace.<\/p>\n<p><strong>Installation facile<\/strong><br \/>\nOV-S est fier de son processus d&rsquo;installation convivial. Sa conception permet une installation facile et rapide.<\/p>\n<p>Construction<br \/>\nOV-S est fabriqu\u00e9 en acier \u00e0 faible teneur en carbone, ce qui met l&rsquo;accent sur la durabilit\u00e9. Les deux rev\u00eatements sont dot\u00e9s d&rsquo;inserts en mousse d&rsquo;att\u00e9nuation acoustique sur leurs faces int\u00e9rieures, t\u00e9moignant d&rsquo;une conception soign\u00e9e visant \u00e0 optimiser les performances.<\/p>\n<p>OV-S est un dispositif de transfert d&rsquo;air hautes performances, sp\u00e9cialement con\u00e7u pour les pi\u00e8ces adjacentes des r\u00e9sidences, des h\u00f4tels et des bureaux. Son objectif principal est de faciliter la circulation de l&rsquo;air tout en am\u00e9liorant l&rsquo;acoustique de l&rsquo;environnement.<\/p>\n<p>Pour optimiser ses performances acoustiques, OV-S est fourni avec le tapis de rev\u00eatement acoustique AL-OV-R. Cet accessoire contribue \u00e0 la r\u00e9duction du bruit, faisant d&rsquo;OV-S une solution compl\u00e8te de gestion du son.<\/p>\n<p><strong>Votre commande, votre style\u00a0!<\/strong><br \/>\nNotre produit est personnalisable selon vos pr\u00e9f\u00e9rences, vous permettant de le commander avec n&rsquo;importe quelle finition RAL pour une harmonie parfaite avec votre vision esth\u00e9tique.<\/p>\n<\/div>\n<\/div>\n<\/div>\n<\/div>\n<\/div>\n","protected":false},"excerpt":{"rendered":"<div>\n<p>Unit\u00e9s de transfert OV-S<br \/>\nDispositif de transfert d&rsquo;air mural carr\u00e9<\/p>\n<p>Att\u00e9nuation acoustique exceptionnelle<\/p>\n<p>Faible niveau sonore g\u00e9n\u00e9r\u00e9 en fonctionnement<\/p>\n<p>Faible r\u00e9sistance au transfert d&rsquo;air<\/p>\n<p>Conception discr\u00e8te, fine et compacte<\/p>\n<p>Installation facile et rapide<\/p>\n<p>Fourni avec le tapis de rev\u00eatement AL-OV-R<\/p>\n<\/div>\n<div>\n<div class=\"dropdown-wrapper\"><select class=\"form-dropdown form-input\"><option value=\"A-OV-S\">OV-S<\/option><option value=\"454573\">OV-S-100-SW<\/option><option value=\"454574\">OV-S-125-SW<\/option><option value=\"454575\">OV-S-160-SW<\/option><option value=\"454576\">OV-S-200-SW<\/option><\/select><\/div>\n<\/div>\n<div class=\"gtm-sku-info flex flex-col gap-y-050 text-label-tiny text-neutral-600\">\n<div class=\"flex flex-wrap items-baseline gap-x-100 gap-y-025\"><span class=\"gtm-article-name\">OV-S<\/span><span class=\"whitespace-nowrap gtm-article-number text-base font-bold\">#A-OV-S<\/span><\/div>\n<\/div>\n","protected":false},"featured_media":37969,"template":"","meta":[],"product_brand":[],"product_cat":[1895,1841,1943,1949],"product_tag":[],"class_list":{"0":"post-37980","1":"product","2":"type-product","3":"status-publish","4":"has-post-thumbnail","6":"product_cat-diffuseurs-diffuseurs-pour-la-ventilation","7":"product_cat-produits-de-distribution-dair","8":"product_cat-unites-de-transfert","9":"product_cat-unites-de-transfert-dair-ov","11":"first","12":"instock","13":"shipping-taxable","14":"product-type-simple"},"yoast_head":"<!-- This site is optimized with the Yoast SEO plugin v27.1.1 - https:\/\/yoast.com\/product\/yoast-seo-wordpress\/ -->\n<title>Unit\u00e9s de transfert OV-S Dispositif de transfert d&#039;air mural carr\u00e9 - GeoClimate.ge<\/title>\n<meta name=\"robots\" content=\"index, follow, max-snippet:-1, max-image-preview:large, max-video-preview:-1\" \/>\n<link rel=\"canonical\" href=\"https:\/\/geoclimate.ge\/fr\/produit\/ov-s-transfer-units-square-wall-air-transfer-device\/\" \/>\n<meta property=\"og:locale\" content=\"fr_FR\" \/>\n<meta property=\"og:type\" content=\"article\" \/>\n<meta property=\"og:title\" content=\"Unit\u00e9s de transfert OV-S Dispositif de transfert d&#039;air mural carr\u00e9 - GeoClimate.ge\" \/>\n<meta property=\"og:description\" content=\"Unit\u00e9s de transfert OV-S Dispositif de transfert d&#039;air mural carr\u00e9  Att\u00e9nuation acoustique exceptionnelle  Faible niveau sonore g\u00e9n\u00e9r\u00e9 en fonctionnement  Faible r\u00e9sistance au transfert d&#039;air  Conception discr\u00e8te, fine et compacte  Installation facile et rapide  Fourni avec le tapis de rev\u00eatement AL-OV-R     OV-S OV-S-100-SW OV-S-125-SW OV-S-160-SW OV-S-200-SW    OV-S#A-OV-S\" \/>\n<meta property=\"og:url\" content=\"https:\/\/geoclimate.ge\/fr\/produit\/ov-s-transfer-units-square-wall-air-transfer-device\/\" \/>\n<meta property=\"og:site_name\" content=\"GeoClimate.ge\" \/>\n<meta property=\"article:modified_time\" content=\"2025-09-08T14:16:21+00:00\" \/>\n<meta property=\"og:image\" content=\"https:\/\/geoclimate.ge\/wp-content\/uploads\/2025\/09\/ECOM_OV-S.jpg\" \/>\n\t<meta property=\"og:image:width\" content=\"384\" \/>\n\t<meta property=\"og:image:height\" content=\"277\" \/>\n\t<meta property=\"og:image:type\" content=\"image\/jpeg\" \/>\n<meta name=\"twitter:card\" content=\"summary_large_image\" \/>\n<meta name=\"twitter:label1\" content=\"Dur\u00e9e de lecture estim\u00e9e\" \/>\n\t<meta name=\"twitter:data1\" content=\"1 minute\" \/>\n<script type=\"application\/ld+json\" class=\"yoast-schema-graph\">{\"@context\":\"https:\/\/schema.org\",\"@graph\":[{\"@type\":\"WebPage\",\"@id\":\"https:\/\/geoclimate.ge\/fr\/produit\/ov-s-transfer-units-square-wall-air-transfer-device\/\",\"url\":\"https:\/\/geoclimate.ge\/fr\/produit\/ov-s-transfer-units-square-wall-air-transfer-device\/\",\"name\":\"Unit\u00e9s de transfert OV-S Dispositif de transfert d'air mural carr\u00e9 - GeoClimate.ge\",\"isPartOf\":{\"@id\":\"https:\/\/geoclimate.ge\/#website\"},\"primaryImageOfPage\":{\"@id\":\"https:\/\/geoclimate.ge\/fr\/produit\/ov-s-transfer-units-square-wall-air-transfer-device\/#primaryimage\"},\"image\":{\"@id\":\"https:\/\/geoclimate.ge\/fr\/produit\/ov-s-transfer-units-square-wall-air-transfer-device\/#primaryimage\"},\"thumbnailUrl\":\"https:\/\/geoclimate.ge\/wp-content\/uploads\/2025\/09\/ECOM_OV-S.jpg\",\"datePublished\":\"2025-09-08T14:01:59+00:00\",\"dateModified\":\"2025-09-08T14:16:21+00:00\",\"breadcrumb\":{\"@id\":\"https:\/\/geoclimate.ge\/fr\/produit\/ov-s-transfer-units-square-wall-air-transfer-device\/#breadcrumb\"},\"inLanguage\":\"fr-FR\",\"potentialAction\":[{\"@type\":\"ReadAction\",\"target\":[\"https:\/\/geoclimate.ge\/fr\/produit\/ov-s-transfer-units-square-wall-air-transfer-device\/\"]}]},{\"@type\":\"ImageObject\",\"inLanguage\":\"fr-FR\",\"@id\":\"https:\/\/geoclimate.ge\/fr\/produit\/ov-s-transfer-units-square-wall-air-transfer-device\/#primaryimage\",\"url\":\"https:\/\/geoclimate.ge\/wp-content\/uploads\/2025\/09\/ECOM_OV-S.jpg\",\"contentUrl\":\"https:\/\/geoclimate.ge\/wp-content\/uploads\/2025\/09\/ECOM_OV-S.jpg\",\"width\":384,\"height\":277},{\"@type\":\"BreadcrumbList\",\"@id\":\"https:\/\/geoclimate.ge\/fr\/produit\/ov-s-transfer-units-square-wall-air-transfer-device\/#breadcrumb\",\"itemListElement\":[{\"@type\":\"ListItem\",\"position\":1,\"name\":\"Home\",\"item\":\"https:\/\/geoclimate.ge\/fr\/\"},{\"@type\":\"ListItem\",\"position\":2,\"name\":\"Products\",\"item\":\"https:\/\/geoclimate.ge\/fr\/products\/\"},{\"@type\":\"ListItem\",\"position\":3,\"name\":\"Unit\u00e9s de transfert OV-S Dispositif de transfert d&#8217;air mural carr\u00e9\"}]},{\"@type\":\"WebSite\",\"@id\":\"https:\/\/geoclimate.ge\/#website\",\"url\":\"https:\/\/geoclimate.ge\/\",\"name\":\"GeoClimate\",\"description\":\"\",\"publisher\":{\"@id\":\"https:\/\/geoclimate.ge\/#organization\"},\"potentialAction\":[{\"@type\":\"SearchAction\",\"target\":{\"@type\":\"EntryPoint\",\"urlTemplate\":\"https:\/\/geoclimate.ge\/?s={search_term_string}\"},\"query-input\":{\"@type\":\"PropertyValueSpecification\",\"valueRequired\":true,\"valueName\":\"search_term_string\"}}],\"inLanguage\":\"fr-FR\"},{\"@type\":\"Organization\",\"@id\":\"https:\/\/geoclimate.ge\/#organization\",\"name\":\"GeoClimate\",\"url\":\"https:\/\/geoclimate.ge\/\",\"logo\":{\"@type\":\"ImageObject\",\"inLanguage\":\"fr-FR\",\"@id\":\"https:\/\/geoclimate.ge\/#\/schema\/logo\/image\/\",\"url\":\"https:\/\/geoclimate.ge\/wp-content\/uploads\/2026\/03\/geoclimate-SEO.png\",\"contentUrl\":\"https:\/\/geoclimate.ge\/wp-content\/uploads\/2026\/03\/geoclimate-SEO.png\",\"width\":1536,\"height\":1024,\"caption\":\"GeoClimate\"},\"image\":{\"@id\":\"https:\/\/geoclimate.ge\/#\/schema\/logo\/image\/\"}}]}<\/script>\n<!-- \/ Yoast SEO plugin. -->","yoast_head_json":{"title":"Unit\u00e9s de transfert OV-S Dispositif de transfert d'air mural carr\u00e9 - GeoClimate.ge","robots":{"index":"index","follow":"follow","max-snippet":"max-snippet:-1","max-image-preview":"max-image-preview:large","max-video-preview":"max-video-preview:-1"},"canonical":"https:\/\/geoclimate.ge\/fr\/produit\/ov-s-transfer-units-square-wall-air-transfer-device\/","og_locale":"fr_FR","og_type":"article","og_title":"Unit\u00e9s de transfert OV-S Dispositif de transfert d'air mural carr\u00e9 - GeoClimate.ge","og_description":"Unit\u00e9s de transfert OV-S Dispositif de transfert d'air mural carr\u00e9  Att\u00e9nuation acoustique exceptionnelle  Faible niveau sonore g\u00e9n\u00e9r\u00e9 en fonctionnement  Faible r\u00e9sistance au transfert d'air  Conception discr\u00e8te, fine et compacte  Installation facile et rapide  Fourni avec le tapis de rev\u00eatement AL-OV-R     OV-S OV-S-100-SW OV-S-125-SW OV-S-160-SW OV-S-200-SW    OV-S#A-OV-S","og_url":"https:\/\/geoclimate.ge\/fr\/produit\/ov-s-transfer-units-square-wall-air-transfer-device\/","og_site_name":"GeoClimate.ge","article_modified_time":"2025-09-08T14:16:21+00:00","og_image":[{"width":384,"height":277,"url":"https:\/\/geoclimate.ge\/wp-content\/uploads\/2025\/09\/ECOM_OV-S.jpg","type":"image\/jpeg"}],"twitter_card":"summary_large_image","twitter_misc":{"Dur\u00e9e de lecture estim\u00e9e":"1 minute"},"schema":{"@context":"https:\/\/schema.org","@graph":[{"@type":"WebPage","@id":"https:\/\/geoclimate.ge\/fr\/produit\/ov-s-transfer-units-square-wall-air-transfer-device\/","url":"https:\/\/geoclimate.ge\/fr\/produit\/ov-s-transfer-units-square-wall-air-transfer-device\/","name":"Unit\u00e9s de transfert OV-S Dispositif de transfert d'air mural carr\u00e9 - GeoClimate.ge","isPartOf":{"@id":"https:\/\/geoclimate.ge\/#website"},"primaryImageOfPage":{"@id":"https:\/\/geoclimate.ge\/fr\/produit\/ov-s-transfer-units-square-wall-air-transfer-device\/#primaryimage"},"image":{"@id":"https:\/\/geoclimate.ge\/fr\/produit\/ov-s-transfer-units-square-wall-air-transfer-device\/#primaryimage"},"thumbnailUrl":"https:\/\/geoclimate.ge\/wp-content\/uploads\/2025\/09\/ECOM_OV-S.jpg","datePublished":"2025-09-08T14:01:59+00:00","dateModified":"2025-09-08T14:16:21+00:00","breadcrumb":{"@id":"https:\/\/geoclimate.ge\/fr\/produit\/ov-s-transfer-units-square-wall-air-transfer-device\/#breadcrumb"},"inLanguage":"fr-FR","potentialAction":[{"@type":"ReadAction","target":["https:\/\/geoclimate.ge\/fr\/produit\/ov-s-transfer-units-square-wall-air-transfer-device\/"]}]},{"@type":"ImageObject","inLanguage":"fr-FR","@id":"https:\/\/geoclimate.ge\/fr\/produit\/ov-s-transfer-units-square-wall-air-transfer-device\/#primaryimage","url":"https:\/\/geoclimate.ge\/wp-content\/uploads\/2025\/09\/ECOM_OV-S.jpg","contentUrl":"https:\/\/geoclimate.ge\/wp-content\/uploads\/2025\/09\/ECOM_OV-S.jpg","width":384,"height":277},{"@type":"BreadcrumbList","@id":"https:\/\/geoclimate.ge\/fr\/produit\/ov-s-transfer-units-square-wall-air-transfer-device\/#breadcrumb","itemListElement":[{"@type":"ListItem","position":1,"name":"Home","item":"https:\/\/geoclimate.ge\/fr\/"},{"@type":"ListItem","position":2,"name":"Products","item":"https:\/\/geoclimate.ge\/fr\/products\/"},{"@type":"ListItem","position":3,"name":"Unit\u00e9s de transfert OV-S Dispositif de transfert d&#8217;air mural carr\u00e9"}]},{"@type":"WebSite","@id":"https:\/\/geoclimate.ge\/#website","url":"https:\/\/geoclimate.ge\/","name":"GeoClimate","description":"","publisher":{"@id":"https:\/\/geoclimate.ge\/#organization"},"potentialAction":[{"@type":"SearchAction","target":{"@type":"EntryPoint","urlTemplate":"https:\/\/geoclimate.ge\/?s={search_term_string}"},"query-input":{"@type":"PropertyValueSpecification","valueRequired":true,"valueName":"search_term_string"}}],"inLanguage":"fr-FR"},{"@type":"Organization","@id":"https:\/\/geoclimate.ge\/#organization","name":"GeoClimate","url":"https:\/\/geoclimate.ge\/","logo":{"@type":"ImageObject","inLanguage":"fr-FR","@id":"https:\/\/geoclimate.ge\/#\/schema\/logo\/image\/","url":"https:\/\/geoclimate.ge\/wp-content\/uploads\/2026\/03\/geoclimate-SEO.png","contentUrl":"https:\/\/geoclimate.ge\/wp-content\/uploads\/2026\/03\/geoclimate-SEO.png","width":1536,"height":1024,"caption":"GeoClimate"},"image":{"@id":"https:\/\/geoclimate.ge\/#\/schema\/logo\/image\/"}}]}},"_links":{"self":[{"href":"https:\/\/geoclimate.ge\/fr\/wp-json\/wp\/v2\/product\/37980","targetHints":{"allow":["GET"]}}],"collection":[{"href":"https:\/\/geoclimate.ge\/fr\/wp-json\/wp\/v2\/product"}],"about":[{"href":"https:\/\/geoclimate.ge\/fr\/wp-json\/wp\/v2\/types\/product"}],"wp:featuredmedia":[{"embeddable":true,"href":"https:\/\/geoclimate.ge\/fr\/wp-json\/wp\/v2\/media\/37969"}],"wp:attachment":[{"href":"https:\/\/geoclimate.ge\/fr\/wp-json\/wp\/v2\/media?parent=37980"}],"wp:term":[{"taxonomy":"product_brand","embeddable":true,"href":"https:\/\/geoclimate.ge\/fr\/wp-json\/wp\/v2\/product_brand?post=37980"},{"taxonomy":"product_cat","embeddable":true,"href":"https:\/\/geoclimate.ge\/fr\/wp-json\/wp\/v2\/product_cat?post=37980"},{"taxonomy":"product_tag","embeddable":true,"href":"https:\/\/geoclimate.ge\/fr\/wp-json\/wp\/v2\/product_tag?post=37980"}],"curies":[{"name":"wp","href":"https:\/\/api.w.org\/{rel}","templated":true}]}}