{"id":38433,"date":"2025-09-08T23:08:29","date_gmt":"2025-09-08T19:08:29","guid":{"rendered":"https:\/\/airsystems.ge\/shop\/product\/vvkr-a-r-swirl-diffusers-swirl-diffuser-suitable-for-shopping-halls-receptions-and-offices\/"},"modified":"2025-09-08T23:10:22","modified_gmt":"2025-09-08T19:10:22","slug":"vvkr-a-r-swirl-diffusers-swirl-diffuser-suitable-for-shopping-halls-receptions-and-offices","status":"publish","type":"product","link":"https:\/\/geoclimate.ge\/fr\/produit\/vvkr-a-r-swirl-diffusers-swirl-diffuser-suitable-for-shopping-halls-receptions-and-offices\/","title":{"rendered":"Diffuseurs h\u00e9lico\u00efdaux VVKR-A-R Diffuseur h\u00e9lico\u00efdal adapt\u00e9 aux halls commerciaux, r\u00e9ceptions et bureaux"},"content":{"rendered":"","protected":false},"excerpt":{"rendered":"<div class=\"row\">\n<div class=\"col-12 text-style-body-small\">\n<div class=\"richtext-wrap reset-margin-last\">\n<p>Installation facile<\/p>\n<p>Conception simple<\/p>\n<p>Excellent taux d&rsquo;induction<\/p>\n<\/div>\n<\/div>\n<\/div>\n<div class=\"flex flex-col gap-100\">\n<div class=\"flex flex-col flex-wrap gap-100 md:flex-row md:items-center gtm-purchase-option\" data-gtm-name=\"size\" data-gtm-label=\"Size\">\n<p><label class=\"flex gap-050 md:w-700 leading-none hyphens-auto print:w-full print:max-w-2\/5 text-label-small\">Size<\/label><\/p>\n<div class=\"flex flex-1 flex-wrap gap-050\"><button class=\"select-btn select-btn-small select-btn-selected gtm-purchase-option-value\" type=\"button\" data-gtm-name=\"300\" data-gtm-label=\"300\">300<\/button><button class=\"select-btn select-btn-small select-btn-default gtm-purchase-option-value\" type=\"button\" data-gtm-name=\"400\" data-gtm-label=\"400\">400<\/button><button class=\"select-btn select-btn-small select-btn-default gtm-purchase-option-value\" type=\"button\" data-gtm-name=\"500\" data-gtm-label=\"500\">500<\/button><button class=\"select-btn select-btn-small select-btn-default gtm-purchase-option-value\" type=\"button\" data-gtm-name=\"600\" data-gtm-label=\"600\">600<\/button><button class=\"select-btn select-btn-small select-btn-default gtm-purchase-option-value\" type=\"button\" data-gtm-name=\"625\" data-gtm-label=\"625\">625<\/button><button class=\"select-btn select-btn-small select-btn-default gtm-purchase-option-value\" type=\"button\" data-gtm-name=\"800\" data-gtm-label=\"800\">800<\/button><button class=\"select-btn select-btn-small select-btn-default gtm-purchase-option-value\" type=\"button\" data-gtm-name=\"825\" data-gtm-label=\"825\">825<\/button><\/div>\n<\/div>\n<div class=\"flex flex-col flex-wrap gap-100 md:flex-row md:items-center gtm-purchase-option\" data-gtm-name=\"deflectors_color\" data-gtm-label=\"Colour of deflectors\">\n<p><label class=\"flex gap-050 md:w-700 leading-none hyphens-auto print:w-full print:max-w-2\/5 text-label-small\">Colour of deflectors<\/label><\/p>\n<div class=\"flex flex-1 flex-wrap gap-050\"><button class=\"select-btn select-btn-small select-btn-selected gtm-purchase-option-value\" type=\"button\" data-gtm-name=\"Black\" data-gtm-label=\"Black\">Black<\/button><button class=\"select-btn select-btn-small select-btn-default gtm-purchase-option-value\" type=\"button\" data-gtm-name=\"White\" data-gtm-label=\"White\">White<\/button><\/div>\n<\/div>\n<\/div>\n<div class=\"gtm-sku-info flex flex-col gap-y-050 text-label-tiny text-neutral-600\">\n<div class=\"flex flex-wrap items-baseline gap-x-100 gap-y-025\"><span class=\"gtm-article-name\">VVKR-A-R-300-8-B-SW<\/span><span class=\"whitespace-nowrap gtm-article-number text-base font-bold\">#217915<\/span><\/div>\n<\/div>\n","protected":false},"featured_media":38410,"template":"","meta":[],"product_brand":[],"product_cat":[1895,1931,1841],"product_tag":[],"class_list":{"0":"post-38433","1":"product","2":"type-product","3":"status-publish","4":"has-post-thumbnail","6":"product_cat-diffuseurs-diffuseurs-pour-la-ventilation","7":"product_cat-diffuseurs-tourbillonnaires","8":"product_cat-produits-de-distribution-dair","10":"first","11":"instock","12":"shipping-taxable","13":"product-type-simple"},"yoast_head":"<!-- This site is optimized with the Yoast SEO plugin v27.1.1 - https:\/\/yoast.com\/product\/yoast-seo-wordpress\/ -->\n<title>Diffuseurs h\u00e9lico\u00efdaux VVKR-A-R Diffuseur h\u00e9lico\u00efdal adapt\u00e9 aux halls commerciaux, r\u00e9ceptions et bureaux - GeoClimate.ge<\/title>\n<meta name=\"robots\" content=\"index, follow, max-snippet:-1, max-image-preview:large, max-video-preview:-1\" \/>\n<link rel=\"canonical\" href=\"https:\/\/geoclimate.ge\/fr\/produit\/vvkr-a-r-swirl-diffusers-swirl-diffuser-suitable-for-shopping-halls-receptions-and-offices\/\" \/>\n<meta property=\"og:locale\" content=\"fr_FR\" \/>\n<meta property=\"og:type\" content=\"article\" \/>\n<meta property=\"og:title\" content=\"Diffuseurs h\u00e9lico\u00efdaux VVKR-A-R Diffuseur h\u00e9lico\u00efdal adapt\u00e9 aux halls commerciaux, r\u00e9ceptions et bureaux - GeoClimate.ge\" \/>\n<meta property=\"og:description\" content=\"Installation facile  Conception simple  Excellent taux d&#039;induction        Size 300400500600625800825    Colour of deflectors BlackWhite    VVKR-A-R-300-8-B-SW#217915\" \/>\n<meta property=\"og:url\" content=\"https:\/\/geoclimate.ge\/fr\/produit\/vvkr-a-r-swirl-diffusers-swirl-diffuser-suitable-for-shopping-halls-receptions-and-offices\/\" \/>\n<meta property=\"og:site_name\" content=\"GeoClimate.ge\" \/>\n<meta property=\"article:modified_time\" content=\"2025-09-08T19:10:22+00:00\" \/>\n<meta property=\"og:image\" content=\"https:\/\/geoclimate.ge\/wp-content\/uploads\/2025\/09\/PRODUCT-MAIN-IMAGE_VVKR_A_R.jpg\" \/>\n\t<meta property=\"og:image:width\" content=\"384\" \/>\n\t<meta property=\"og:image:height\" content=\"288\" \/>\n\t<meta property=\"og:image:type\" content=\"image\/jpeg\" \/>\n<meta name=\"twitter:card\" content=\"summary_large_image\" \/>\n<script type=\"application\/ld+json\" class=\"yoast-schema-graph\">{\"@context\":\"https:\/\/schema.org\",\"@graph\":[{\"@type\":\"WebPage\",\"@id\":\"https:\/\/geoclimate.ge\/fr\/produit\/vvkr-a-r-swirl-diffusers-swirl-diffuser-suitable-for-shopping-halls-receptions-and-offices\/\",\"url\":\"https:\/\/geoclimate.ge\/fr\/produit\/vvkr-a-r-swirl-diffusers-swirl-diffuser-suitable-for-shopping-halls-receptions-and-offices\/\",\"name\":\"Diffuseurs h\u00e9lico\u00efdaux VVKR-A-R Diffuseur h\u00e9lico\u00efdal adapt\u00e9 aux halls commerciaux, r\u00e9ceptions et bureaux - GeoClimate.ge\",\"isPartOf\":{\"@id\":\"https:\/\/geoclimate.ge\/#website\"},\"primaryImageOfPage\":{\"@id\":\"https:\/\/geoclimate.ge\/fr\/produit\/vvkr-a-r-swirl-diffusers-swirl-diffuser-suitable-for-shopping-halls-receptions-and-offices\/#primaryimage\"},\"image\":{\"@id\":\"https:\/\/geoclimate.ge\/fr\/produit\/vvkr-a-r-swirl-diffusers-swirl-diffuser-suitable-for-shopping-halls-receptions-and-offices\/#primaryimage\"},\"thumbnailUrl\":\"https:\/\/geoclimate.ge\/wp-content\/uploads\/2025\/09\/PRODUCT-MAIN-IMAGE_VVKR_A_R.jpg\",\"datePublished\":\"2025-09-08T19:08:29+00:00\",\"dateModified\":\"2025-09-08T19:10:22+00:00\",\"breadcrumb\":{\"@id\":\"https:\/\/geoclimate.ge\/fr\/produit\/vvkr-a-r-swirl-diffusers-swirl-diffuser-suitable-for-shopping-halls-receptions-and-offices\/#breadcrumb\"},\"inLanguage\":\"fr-FR\",\"potentialAction\":[{\"@type\":\"ReadAction\",\"target\":[\"https:\/\/geoclimate.ge\/fr\/produit\/vvkr-a-r-swirl-diffusers-swirl-diffuser-suitable-for-shopping-halls-receptions-and-offices\/\"]}]},{\"@type\":\"ImageObject\",\"inLanguage\":\"fr-FR\",\"@id\":\"https:\/\/geoclimate.ge\/fr\/produit\/vvkr-a-r-swirl-diffusers-swirl-diffuser-suitable-for-shopping-halls-receptions-and-offices\/#primaryimage\",\"url\":\"https:\/\/geoclimate.ge\/wp-content\/uploads\/2025\/09\/PRODUCT-MAIN-IMAGE_VVKR_A_R.jpg\",\"contentUrl\":\"https:\/\/geoclimate.ge\/wp-content\/uploads\/2025\/09\/PRODUCT-MAIN-IMAGE_VVKR_A_R.jpg\",\"width\":384,\"height\":288},{\"@type\":\"BreadcrumbList\",\"@id\":\"https:\/\/geoclimate.ge\/fr\/produit\/vvkr-a-r-swirl-diffusers-swirl-diffuser-suitable-for-shopping-halls-receptions-and-offices\/#breadcrumb\",\"itemListElement\":[{\"@type\":\"ListItem\",\"position\":1,\"name\":\"Home\",\"item\":\"https:\/\/geoclimate.ge\/fr\/\"},{\"@type\":\"ListItem\",\"position\":2,\"name\":\"Products\",\"item\":\"https:\/\/geoclimate.ge\/fr\/products\/\"},{\"@type\":\"ListItem\",\"position\":3,\"name\":\"Diffuseurs h\u00e9lico\u00efdaux VVKR-A-R Diffuseur h\u00e9lico\u00efdal adapt\u00e9 aux halls commerciaux, r\u00e9ceptions et bureaux\"}]},{\"@type\":\"WebSite\",\"@id\":\"https:\/\/geoclimate.ge\/#website\",\"url\":\"https:\/\/geoclimate.ge\/\",\"name\":\"GeoClimate\",\"description\":\"\",\"publisher\":{\"@id\":\"https:\/\/geoclimate.ge\/#organization\"},\"potentialAction\":[{\"@type\":\"SearchAction\",\"target\":{\"@type\":\"EntryPoint\",\"urlTemplate\":\"https:\/\/geoclimate.ge\/?s={search_term_string}\"},\"query-input\":{\"@type\":\"PropertyValueSpecification\",\"valueRequired\":true,\"valueName\":\"search_term_string\"}}],\"inLanguage\":\"fr-FR\"},{\"@type\":\"Organization\",\"@id\":\"https:\/\/geoclimate.ge\/#organization\",\"name\":\"GeoClimate\",\"url\":\"https:\/\/geoclimate.ge\/\",\"logo\":{\"@type\":\"ImageObject\",\"inLanguage\":\"fr-FR\",\"@id\":\"https:\/\/geoclimate.ge\/#\/schema\/logo\/image\/\",\"url\":\"https:\/\/geoclimate.ge\/wp-content\/uploads\/2026\/03\/geoclimate-SEO.png\",\"contentUrl\":\"https:\/\/geoclimate.ge\/wp-content\/uploads\/2026\/03\/geoclimate-SEO.png\",\"width\":1536,\"height\":1024,\"caption\":\"GeoClimate\"},\"image\":{\"@id\":\"https:\/\/geoclimate.ge\/#\/schema\/logo\/image\/\"}}]}<\/script>\n<!-- \/ Yoast SEO plugin. -->","yoast_head_json":{"title":"Diffuseurs h\u00e9lico\u00efdaux VVKR-A-R Diffuseur h\u00e9lico\u00efdal adapt\u00e9 aux halls commerciaux, r\u00e9ceptions et bureaux - GeoClimate.ge","robots":{"index":"index","follow":"follow","max-snippet":"max-snippet:-1","max-image-preview":"max-image-preview:large","max-video-preview":"max-video-preview:-1"},"canonical":"https:\/\/geoclimate.ge\/fr\/produit\/vvkr-a-r-swirl-diffusers-swirl-diffuser-suitable-for-shopping-halls-receptions-and-offices\/","og_locale":"fr_FR","og_type":"article","og_title":"Diffuseurs h\u00e9lico\u00efdaux VVKR-A-R Diffuseur h\u00e9lico\u00efdal adapt\u00e9 aux halls commerciaux, r\u00e9ceptions et bureaux - GeoClimate.ge","og_description":"Installation facile  Conception simple  Excellent taux d'induction        Size 300400500600625800825    Colour of deflectors BlackWhite    VVKR-A-R-300-8-B-SW#217915","og_url":"https:\/\/geoclimate.ge\/fr\/produit\/vvkr-a-r-swirl-diffusers-swirl-diffuser-suitable-for-shopping-halls-receptions-and-offices\/","og_site_name":"GeoClimate.ge","article_modified_time":"2025-09-08T19:10:22+00:00","og_image":[{"width":384,"height":288,"url":"https:\/\/geoclimate.ge\/wp-content\/uploads\/2025\/09\/PRODUCT-MAIN-IMAGE_VVKR_A_R.jpg","type":"image\/jpeg"}],"twitter_card":"summary_large_image","schema":{"@context":"https:\/\/schema.org","@graph":[{"@type":"WebPage","@id":"https:\/\/geoclimate.ge\/fr\/produit\/vvkr-a-r-swirl-diffusers-swirl-diffuser-suitable-for-shopping-halls-receptions-and-offices\/","url":"https:\/\/geoclimate.ge\/fr\/produit\/vvkr-a-r-swirl-diffusers-swirl-diffuser-suitable-for-shopping-halls-receptions-and-offices\/","name":"Diffuseurs h\u00e9lico\u00efdaux VVKR-A-R Diffuseur h\u00e9lico\u00efdal adapt\u00e9 aux halls commerciaux, r\u00e9ceptions et bureaux - GeoClimate.ge","isPartOf":{"@id":"https:\/\/geoclimate.ge\/#website"},"primaryImageOfPage":{"@id":"https:\/\/geoclimate.ge\/fr\/produit\/vvkr-a-r-swirl-diffusers-swirl-diffuser-suitable-for-shopping-halls-receptions-and-offices\/#primaryimage"},"image":{"@id":"https:\/\/geoclimate.ge\/fr\/produit\/vvkr-a-r-swirl-diffusers-swirl-diffuser-suitable-for-shopping-halls-receptions-and-offices\/#primaryimage"},"thumbnailUrl":"https:\/\/geoclimate.ge\/wp-content\/uploads\/2025\/09\/PRODUCT-MAIN-IMAGE_VVKR_A_R.jpg","datePublished":"2025-09-08T19:08:29+00:00","dateModified":"2025-09-08T19:10:22+00:00","breadcrumb":{"@id":"https:\/\/geoclimate.ge\/fr\/produit\/vvkr-a-r-swirl-diffusers-swirl-diffuser-suitable-for-shopping-halls-receptions-and-offices\/#breadcrumb"},"inLanguage":"fr-FR","potentialAction":[{"@type":"ReadAction","target":["https:\/\/geoclimate.ge\/fr\/produit\/vvkr-a-r-swirl-diffusers-swirl-diffuser-suitable-for-shopping-halls-receptions-and-offices\/"]}]},{"@type":"ImageObject","inLanguage":"fr-FR","@id":"https:\/\/geoclimate.ge\/fr\/produit\/vvkr-a-r-swirl-diffusers-swirl-diffuser-suitable-for-shopping-halls-receptions-and-offices\/#primaryimage","url":"https:\/\/geoclimate.ge\/wp-content\/uploads\/2025\/09\/PRODUCT-MAIN-IMAGE_VVKR_A_R.jpg","contentUrl":"https:\/\/geoclimate.ge\/wp-content\/uploads\/2025\/09\/PRODUCT-MAIN-IMAGE_VVKR_A_R.jpg","width":384,"height":288},{"@type":"BreadcrumbList","@id":"https:\/\/geoclimate.ge\/fr\/produit\/vvkr-a-r-swirl-diffusers-swirl-diffuser-suitable-for-shopping-halls-receptions-and-offices\/#breadcrumb","itemListElement":[{"@type":"ListItem","position":1,"name":"Home","item":"https:\/\/geoclimate.ge\/fr\/"},{"@type":"ListItem","position":2,"name":"Products","item":"https:\/\/geoclimate.ge\/fr\/products\/"},{"@type":"ListItem","position":3,"name":"Diffuseurs h\u00e9lico\u00efdaux VVKR-A-R Diffuseur h\u00e9lico\u00efdal adapt\u00e9 aux halls commerciaux, r\u00e9ceptions et bureaux"}]},{"@type":"WebSite","@id":"https:\/\/geoclimate.ge\/#website","url":"https:\/\/geoclimate.ge\/","name":"GeoClimate","description":"","publisher":{"@id":"https:\/\/geoclimate.ge\/#organization"},"potentialAction":[{"@type":"SearchAction","target":{"@type":"EntryPoint","urlTemplate":"https:\/\/geoclimate.ge\/?s={search_term_string}"},"query-input":{"@type":"PropertyValueSpecification","valueRequired":true,"valueName":"search_term_string"}}],"inLanguage":"fr-FR"},{"@type":"Organization","@id":"https:\/\/geoclimate.ge\/#organization","name":"GeoClimate","url":"https:\/\/geoclimate.ge\/","logo":{"@type":"ImageObject","inLanguage":"fr-FR","@id":"https:\/\/geoclimate.ge\/#\/schema\/logo\/image\/","url":"https:\/\/geoclimate.ge\/wp-content\/uploads\/2026\/03\/geoclimate-SEO.png","contentUrl":"https:\/\/geoclimate.ge\/wp-content\/uploads\/2026\/03\/geoclimate-SEO.png","width":1536,"height":1024,"caption":"GeoClimate"},"image":{"@id":"https:\/\/geoclimate.ge\/#\/schema\/logo\/image\/"}}]}},"_links":{"self":[{"href":"https:\/\/geoclimate.ge\/fr\/wp-json\/wp\/v2\/product\/38433","targetHints":{"allow":["GET"]}}],"collection":[{"href":"https:\/\/geoclimate.ge\/fr\/wp-json\/wp\/v2\/product"}],"about":[{"href":"https:\/\/geoclimate.ge\/fr\/wp-json\/wp\/v2\/types\/product"}],"wp:featuredmedia":[{"embeddable":true,"href":"https:\/\/geoclimate.ge\/fr\/wp-json\/wp\/v2\/media\/38410"}],"wp:attachment":[{"href":"https:\/\/geoclimate.ge\/fr\/wp-json\/wp\/v2\/media?parent=38433"}],"wp:term":[{"taxonomy":"product_brand","embeddable":true,"href":"https:\/\/geoclimate.ge\/fr\/wp-json\/wp\/v2\/product_brand?post=38433"},{"taxonomy":"product_cat","embeddable":true,"href":"https:\/\/geoclimate.ge\/fr\/wp-json\/wp\/v2\/product_cat?post=38433"},{"taxonomy":"product_tag","embeddable":true,"href":"https:\/\/geoclimate.ge\/fr\/wp-json\/wp\/v2\/product_tag?post=38433"}],"curies":[{"name":"wp","href":"https:\/\/api.w.org\/{rel}","templated":true}]}}